{"id":117,"date":"2018-03-06T10:38:48","date_gmt":"2018-03-06T10:38:48","guid":{"rendered":"https:\/\/xml-io.proteusthemes.com\/woondershop-amazon\/?page_id=117"},"modified":"2024-03-30T09:44:02","modified_gmt":"2024-03-30T09:44:02","slug":"hilfe-faqs","status":"publish","type":"page","link":"https:\/\/jttlogos.com\/de\/help-faqs\/","title":{"rendered":"Hilfe und FAQs"},"content":{"rendered":"<div class=\"row\"  id=\"row-1732434332\">\n\n\t<div id=\"col-2068934176\" class=\"col small-12 large-12\"  >\n\t\t\t\t<div class=\"col-inner\"  >\n\t\t\t\n\t\t\t\n<div class=\"accordion\">\n\t<div id=\"accordion-3652440589\" class=\"accordion-item\">\n\t\t<a id=\"accordion-3652440589-label\" class=\"accordion-title plain\" href=\"#accordion-item-is-your-company-a-manufacturer-or-trader?\" aria-expanded=\"false\" aria-controls=\"accordion-3652440589-content\" >\n\t\t\t<button class=\"toggle\" aria-label=\"Umschalten\"><i class=\"icon-angle-down\"><\/i><\/button>\n\t\t\t<span>Ist Ihr Unternehmen Hersteller oder H\u00e4ndler?<\/span>\n\t\t<\/a>\n\t\t<div id=\"accordion-3652440589-content\" class=\"accordion-inner\" aria-labelledby=\"accordion-3652440589-label\" >\n\t\t\t\n<p>Wir sind ein Hersteller mit Sitz in Shenzhen, China, mit mehr als 14 Jahren Erfahrung.<\/p>\n\t\t<\/div>\n\t<\/div>\n\t\n\t<div id=\"accordion-4001542694\" class=\"accordion-item\">\n\t\t<a id=\"accordion-4001542694-label\" class=\"accordion-title plain\" href=\"#accordion-item-can-i-customize-my-logo\uff1f\" aria-expanded=\"false\" aria-controls=\"accordion-4001542694-content\" >\n\t\t\t<button class=\"toggle\" aria-label=\"Umschalten\"><i class=\"icon-angle-down\"><\/i><\/button>\n\t\t\t<span>Kann ich mein Logo anpassen?<\/span>\n\t\t<\/a>\n\t\t<div id=\"accordion-4001542694-content\" class=\"accordion-inner\" aria-labelledby=\"accordion-4001542694-label\" >\n\t\t\t\n<p>Sicher. Wir k\u00f6nnen jede Form, Farbe, Gr\u00f6\u00dfe und Oberfl\u00e4chenbeschaffenheit herstellen.<\/p>\n\t\t<\/div>\n\t<\/div>\n\t\n\t<div id=\"accordion-3486921603\" class=\"accordion-item\">\n\t\t<a id=\"accordion-3486921603-label\" class=\"accordion-title plain\" href=\"#accordion-item-how-to-place-an-order?-what-information-should-be-provided-when-ordering?\" aria-expanded=\"false\" aria-controls=\"accordion-3486921603-content\" >\n\t\t\t<button class=\"toggle\" aria-label=\"Umschalten\"><i class=\"icon-angle-down\"><\/i><\/button>\n\t\t\t<span>Wie gebe ich eine Bestellung auf? Welche Informationen sollten bei der Bestellung angegeben werden?<\/span>\n\t\t<\/a>\n\t\t<div id=\"accordion-3486921603-content\" class=\"accordion-inner\" aria-labelledby=\"accordion-3486921603-label\" >\n\t\t\t\n<p>Bitte informieren Sie uns per E-Mail oder Telefon \u00fcber Material, Form, Farbe, Gr\u00f6\u00dfe, Dicke, Oberfl\u00e4chenbeschaffenheit usw. Wenn Sie bereits \u00fcber Ihre Druckvorlage (Designdatei) verf\u00fcgen, senden Sie diese bitte an uns. Menge und Kontaktinformationen.<\/p>\n\t\t<\/div>\n\t<\/div>\n\t\n\t<div id=\"accordion-977285012\" class=\"accordion-item\">\n\t\t<a id=\"accordion-977285012-label\" class=\"accordion-title plain\" href=\"#accordion-item-what-is-your-minimum-order-quantity(moq)?\" aria-expanded=\"false\" aria-controls=\"accordion-977285012-content\" >\n\t\t\t<button class=\"toggle\" aria-label=\"Umschalten\"><i class=\"icon-angle-down\"><\/i><\/button>\n\t\t\t<span>Wie hoch ist Ihre Mindestbestellmenge (MOQ)?<\/span>\n\t\t<\/a>\n\t\t<div id=\"accordion-977285012-content\" class=\"accordion-inner\" aria-labelledby=\"accordion-977285012-label\" >\n\t\t\t\n<p>Unsere allgemeine Mindestbestellmenge betr\u00e4gt 500 St\u00fcck. Bei kleinen Mengen k\u00f6nnen Sie dies gerne tun <a href=\"https:\/\/jttlogos.com\/de\/anpassung\/\" data-abc=\"true\">Kontaktieren Sie uns f\u00fcr ein Angebot.<\/a><\/p>\n\t\t<\/div>\n\t<\/div>\n\t\n\t<div id=\"accordion-1121102944\" class=\"accordion-item\">\n\t\t<a id=\"accordion-1121102944-label\" class=\"accordion-title plain\" href=\"#accordion-item-what-kind-of-file-format-do-you-need?\" aria-expanded=\"false\" aria-controls=\"accordion-1121102944-content\" >\n\t\t\t<button class=\"toggle\" aria-label=\"Umschalten\"><i class=\"icon-angle-down\"><\/i><\/button>\n\t\t\t<span>Welche Art von Dateiformat ben\u00f6tigen Sie?<\/span>\n\t\t<\/a>\n\t\t<div id=\"accordion-1121102944-content\" class=\"accordion-inner\" aria-labelledby=\"accordion-1121102944-label\" >\n\t\t\t\n<p>Wir ben\u00f6tigen Vektordateien im PDF-, AI-, CAD-, CDR- usw. Format.<\/p>\n\t\t<\/div>\n\t<\/div>\n\t\n\t<div id=\"accordion-4245847079\" class=\"accordion-item\">\n\t\t<a id=\"accordion-4245847079-label\" class=\"accordion-title plain\" href=\"#accordion-item-how-much-shipping-cost-do-i-charge?\" aria-expanded=\"false\" aria-controls=\"accordion-4245847079-content\" >\n\t\t\t<button class=\"toggle\" aria-label=\"Umschalten\"><i class=\"icon-angle-down\"><\/i><\/button>\n\t\t\t<span>Wie hoch sind die Versandkosten, die ich berechne?<\/span>\n\t\t<\/a>\n\t\t<div id=\"accordion-4245847079-content\" class=\"accordion-inner\" aria-labelledby=\"accordion-4245847079-label\" >\n\t\t\t\n<p>Wir k\u00f6nnen DHL, UPS, TNT, FedEX usw. nutzen. Die Kosten h\u00e4ngen von Ihrer tats\u00e4chlichen Bestellung ab. Bitte kontaktieren Sie uns, um ein Angebot zu erhalten.<\/p>\n\t\t<\/div>\n\t<\/div>\n\t\n\t<div id=\"accordion-2957282100\" class=\"accordion-item\">\n\t\t<a id=\"accordion-2957282100-label\" class=\"accordion-title plain\" href=\"#accordion-item-how-long-is-the-production-time?\" aria-expanded=\"false\" aria-controls=\"accordion-2957282100-content\" >\n\t\t\t<button class=\"toggle\" aria-label=\"Umschalten\"><i class=\"icon-angle-down\"><\/i><\/button>\n\t\t\t<span>Wie lang ist die Produktionszeit?<\/span>\n\t\t<\/a>\n\t\t<div id=\"accordion-2957282100-content\" class=\"accordion-inner\" aria-labelledby=\"accordion-2957282100-label\" >\n\t\t\t\n<p>Die Musterfertigung dauert 1\u20133 Werktage und die Massenproduktion 3\u20137 Werktage. Der genaue Zeitpunkt h\u00e4ngt von der tats\u00e4chlichen Bestellung ab.<\/p>\n\t\t<\/div>\n\t<\/div>\n\t\n\t<div id=\"accordion-1999858018\" class=\"accordion-item\">\n\t\t<a id=\"accordion-1999858018-label\" class=\"accordion-title plain\" href=\"#accordion-item-how-do-i-pay-for-my-order?\" aria-expanded=\"false\" aria-controls=\"accordion-1999858018-content\" >\n\t\t\t<button class=\"toggle\" aria-label=\"Umschalten\"><i class=\"icon-angle-down\"><\/i><\/button>\n\t\t\t<span>Wie bezahle ich meine Bestellung?<\/span>\n\t\t<\/a>\n\t\t<div id=\"accordion-1999858018-content\" class=\"accordion-inner\" aria-labelledby=\"accordion-1999858018-label\" >\n\t\t\t\n<p>Kreditkartenzahlung, Paypal, Bank\u00fcberweisung, Western Union, Alibaba-Handelsversicherungsauftrag, L\/C, T\/T usw.<\/p>\n\t\t<\/div>\n\t<\/div>\n\t\n\t<div id=\"accordion-2598448367\" class=\"accordion-item\">\n\t\t<a id=\"accordion-2598448367-label\" class=\"accordion-title plain\" href=\"#accordion-item-do-you-provide-samples?-is-it-free?\" aria-expanded=\"false\" aria-controls=\"accordion-2598448367-content\" >\n\t\t\t<button class=\"toggle\" aria-label=\"Umschalten\"><i class=\"icon-angle-down\"><\/i><\/button>\n\t\t\t<span>Stellen Sie Muster zur Verf\u00fcgung? Ist es frei?<\/span>\n\t\t<\/a>\n\t\t<div id=\"accordion-2598448367-content\" class=\"accordion-inner\" aria-labelledby=\"accordion-2598448367-label\" >\n\t\t\t\n<p>Ja, wir k\u00f6nnen kostenlose Muster zur Verf\u00fcgung stellen, die wir bereits erstellt haben, aber die Versandkosten m\u00fcssen von Ihnen getragen werden.<\/p>\n\t\t<\/div>\n\t<\/div>\n\t\n\t<div id=\"accordion-354791580\" class=\"accordion-item\">\n\t\t<a id=\"accordion-354791580-label\" class=\"accordion-title plain\" href=\"#accordion-item-how-to-guarantee-the-quality?\" aria-expanded=\"false\" aria-controls=\"accordion-354791580-content\" >\n\t\t\t<button class=\"toggle\" aria-label=\"Umschalten\"><i class=\"icon-angle-down\"><\/i><\/button>\n\t\t\t<span>Wie kann die Qualit\u00e4t garantiert werden?<\/span>\n\t\t<\/a>\n\t\t<div id=\"accordion-354791580-content\" class=\"accordion-inner\" aria-labelledby=\"accordion-354791580-label\" >\n\t\t\t\n<p>Jeder Produktionsschritt und jedes fertige Produkt muss vor dem Versand von unserer Qualit\u00e4tskontrollabteilung \u00fcberpr\u00fcft werden.<\/p>\n\t\t<\/div>\n\t<\/div>\n\t\n<\/div>\n\t\t<\/div>\n\t\t\t\t\t<\/div>\n\n\t\n<\/div>","protected":false},"excerpt":{"rendered":"","protected":false},"author":1,"featured_media":2327,"parent":0,"menu_order":0,"comment_status":"closed","ping_status":"closed","template":"page-blank-title-center.php","meta":{"footnotes":""},"class_list":["post-117","page","type-page","status-publish","has-post-thumbnail","hentry"],"jetpack-related-posts":[],"jetpack_sharing_enabled":true,"_links":{"self":[{"href":"https:\/\/jttlogos.com\/de\/wp-json\/wp\/v2\/pages\/117","targetHints":{"allow":["GET"]}}],"collection":[{"href":"https:\/\/jttlogos.com\/de\/wp-json\/wp\/v2\/pages"}],"about":[{"href":"https:\/\/jttlogos.com\/de\/wp-json\/wp\/v2\/types\/page"}],"author":[{"embeddable":true,"href":"https:\/\/jttlogos.com\/de\/wp-json\/wp\/v2\/users\/1"}],"replies":[{"embeddable":true,"href":"https:\/\/jttlogos.com\/de\/wp-json\/wp\/v2\/comments?post=117"}],"version-history":[{"count":0,"href":"https:\/\/jttlogos.com\/de\/wp-json\/wp\/v2\/pages\/117\/revisions"}],"wp:featuredmedia":[{"embeddable":true,"href":"https:\/\/jttlogos.com\/de\/wp-json\/wp\/v2\/media\/2327"}],"wp:attachment":[{"href":"https:\/\/jttlogos.com\/de\/wp-json\/wp\/v2\/media?parent=117"}],"curies":[{"name":"wp","href":"https:\/\/api.w.org\/{rel}","templated":true}]}}