{"id":1883,"date":"2020-05-01T13:47:03","date_gmt":"2020-05-01T13:47:03","guid":{"rendered":"https:\/\/jttlogos.com\/?page_id=1883"},"modified":"2024-03-30T09:59:03","modified_gmt":"2024-03-30T09:59:03","slug":"taxes-policy","status":"publish","type":"page","link":"https:\/\/jttlogos.com\/de\/steuerpolitik\/","title":{"rendered":"Steuerpolitik"},"content":{"rendered":"<div class=\"row\"  id=\"row-1083579602\">\n\n\t<div id=\"col-383052273\" class=\"col small-12 large-12\"  >\n\t\t\t\t<div class=\"col-inner\"  >\n\t\t\t\n\t\t\t\n<div class=\"accordion\">\n\t<div id=\"accordion-1071394963\" class=\"accordion-item\">\n\t\t<a id=\"accordion-1071394963-label\" class=\"accordion-title plain\" href=\"#accordion-item-do-you-charge-sales-tax?\" aria-expanded=\"false\" aria-controls=\"accordion-1071394963-content\" >\n\t\t\t<button class=\"toggle\" aria-label=\"Umschalten\"><i class=\"icon-angle-down\"><\/i><\/button>\n\t\t\t<span>Erheben Sie Umsatzsteuer?<\/span>\n\t\t<\/a>\n\t\t<div id=\"accordion-1071394963-content\" class=\"accordion-inner\" aria-labelledby=\"accordion-1071394963-label\" >\n\t\t\t\n<p>Nein. Es gibt keine Umsatzsteuer auf der Welt.<\/p>\n\t\t<\/div>\n\t<\/div>\n\t\n\t<div id=\"accordion-2514565233\" class=\"accordion-item\">\n\t\t<a id=\"accordion-2514565233-label\" class=\"accordion-title plain\" href=\"#accordion-item-do-you-charge-custom-taxes?\" aria-expanded=\"false\" aria-controls=\"accordion-2514565233-content\" >\n\t\t\t<button class=\"toggle\" aria-label=\"Umschalten\"><i class=\"icon-angle-down\"><\/i><\/button>\n\t\t\t<span>Berechnen Sie Zollgeb\u00fchren?<\/span>\n\t\t<\/a>\n\t\t<div id=\"accordion-2514565233-content\" class=\"accordion-inner\" aria-labelledby=\"accordion-2514565233-label\" >\n\t\t\t\n<p>Nein. Wir erheben keine Zollgeb\u00fchren. Bitte beachten Sie, dass der Zoll in verschiedenen L\u00e4ndern m\u00f6glicherweise Zollgeb\u00fchren erhebt. Darauf haben wir keinen Einfluss und wir zahlen f\u00fcr unsere Kunden keine Zollgeb\u00fchren.<\/p>\n\t\t<\/div>\n\t<\/div>\n\t\n\t<div id=\"accordion-1306064039\" class=\"accordion-item\">\n\t\t<a id=\"accordion-1306064039-label\" class=\"accordion-title plain\" href=\"#accordion-item-do-you-have-hidden-fees?\" aria-expanded=\"false\" aria-controls=\"accordion-1306064039-content\" >\n\t\t\t<button class=\"toggle\" aria-label=\"Umschalten\"><i class=\"icon-angle-down\"><\/i><\/button>\n\t\t\t<span>Haben Sie versteckte Geb\u00fchren?<\/span>\n\t\t<\/a>\n\t\t<div id=\"accordion-1306064039-content\" class=\"accordion-inner\" aria-labelledby=\"accordion-1306064039-label\" >\n\t\t\t\n<p>Nein. Der Verkaufspreis des Produkts ist der Gesamtbetrag, den Sie zahlen m\u00fcssen.<\/p>\n\t\t<\/div>\n\t<\/div>\n\t\n\t<div id=\"accordion-2383108972\" class=\"accordion-item\">\n\t\t<a id=\"accordion-2383108972-label\" class=\"accordion-title plain\" href=\"#accordion-item-what-should-i-do-if-i-have-a-problem-with-taxes?\" aria-expanded=\"false\" aria-controls=\"accordion-2383108972-content\" >\n\t\t\t<button class=\"toggle\" aria-label=\"Umschalten\"><i class=\"icon-angle-down\"><\/i><\/button>\n\t\t\t<span>Was soll ich tun, wenn ich ein Problem mit den Steuern habe?<\/span>\n\t\t<\/a>\n\t\t<div id=\"accordion-2383108972-content\" class=\"accordion-inner\" aria-labelledby=\"accordion-2383108972-label\" >\n\t\t\t\n<p>Bitte kontaktieren Sie uns und wir werden unser Bestes tun, um Ihnen zu helfen.<\/p>\n\t\t<\/div>\n\t<\/div>\n\t\n<\/div>\n\t\t<\/div>\n\t\t\t\t\t<\/div>\n\n\t\n<\/div>","protected":false},"excerpt":{"rendered":"","protected":false},"author":1,"featured_media":0,"parent":0,"menu_order":0,"comment_status":"closed","ping_status":"closed","template":"page-blank-title-center.php","meta":{"footnotes":""},"class_list":["post-1883","page","type-page","status-publish","hentry"],"jetpack-related-posts":[],"jetpack_sharing_enabled":true,"_links":{"self":[{"href":"https:\/\/jttlogos.com\/de\/wp-json\/wp\/v2\/pages\/1883","targetHints":{"allow":["GET"]}}],"collection":[{"href":"https:\/\/jttlogos.com\/de\/wp-json\/wp\/v2\/pages"}],"about":[{"href":"https:\/\/jttlogos.com\/de\/wp-json\/wp\/v2\/types\/page"}],"author":[{"embeddable":true,"href":"https:\/\/jttlogos.com\/de\/wp-json\/wp\/v2\/users\/1"}],"replies":[{"embeddable":true,"href":"https:\/\/jttlogos.com\/de\/wp-json\/wp\/v2\/comments?post=1883"}],"version-history":[{"count":0,"href":"https:\/\/jttlogos.com\/de\/wp-json\/wp\/v2\/pages\/1883\/revisions"}],"wp:attachment":[{"href":"https:\/\/jttlogos.com\/de\/wp-json\/wp\/v2\/media?parent=1883"}],"curies":[{"name":"wp","href":"https:\/\/api.w.org\/{rel}","templated":true}]}}