{"id":1888,"date":"2020-05-01T13:50:52","date_gmt":"2020-05-01T13:50:52","guid":{"rendered":"https:\/\/jttlogos.com\/?page_id=1888"},"modified":"2024-03-30T09:59:59","modified_gmt":"2024-03-30T09:59:59","slug":"terms-of-use","status":"publish","type":"page","link":"https:\/\/jttlogos.com\/de\/nutzungsbedingungen\/","title":{"rendered":"Nutzungsbedingungen"},"content":{"rendered":"<div id=\"pl-1888\" class=\"panel-layout\">\n<div id=\"pg-1888-0\" class=\"panel-grid panel-no-style\">\n<div id=\"pgc-1888-0-0\" class=\"panel-grid-cell\" data-weight=\"1\">\n<div id=\"panel-1888-0-0-0\" class=\"so-panel widget widget_sow-editor panel-first-child panel-last-child\" data-index=\"0\" data-style=\"{&quot;background_image_attachment&quot;:false,&quot;background_display&quot;:&quot;tile&quot;}\">\n<div class=\"so-widget-sow-editor so-widget-sow-editor-base\">\n<div class=\"siteorigin-widget-tinymce textwidget\">\n<p>JTT stellt Ihnen als Benutzer diese Website einschlie\u00dflich aller auf dieser Website verf\u00fcgbaren Informationen, Tools und Dienste unter der Bedingung zur Verf\u00fcgung, dass Sie alle hier aufgef\u00fchrten Bedingungen, Konditionen, Richtlinien und Hinweise akzeptieren. Indem Sie unsere Website besuchen und\/oder etwas von uns kaufen, nehmen Sie an unserem \u201eDienst\u201c teil und erkl\u00e4ren sich mit den folgenden Gesch\u00e4ftsbedingungen (\u201eNutzungsbedingungen\u201c, \u201eBedingungen\u201c), einschlie\u00dflich dieser zus\u00e4tzlichen Gesch\u00e4ftsbedingungen und Richtlinien, einverstanden auf die hier verwiesen wird und\/oder die \u00fcber einen Hyperlink verf\u00fcgbar sind. Diese Nutzungsbedingungen gelten f\u00fcr alle Benutzer der Website, einschlie\u00dflich, aber nicht beschr\u00e4nkt auf Benutzer, die Browser, Anbieter, Kunden, H\u00e4ndler und\/oder Mitwirkende von Inhalten sind. Bitte lesen Sie diese Nutzungsbedingungen sorgf\u00e4ltig durch, bevor Sie auf unsere Website zugreifen oder diese nutzen.<\/p>\n<p>Indem Sie auf einen beliebigen Teil der Website zugreifen oder diesen verwenden, erkl\u00e4ren Sie sich mit diesen Servicebedingungen einverstanden. Wenn Sie nicht mit allen Bedingungen dieser Vereinbarung einverstanden sind, d\u00fcrfen Sie nicht auf die Website zugreifen oder Dienste nutzen. Wenn diese Servicebedingungen als Angebot gelten, ist die Annahme ausdr\u00fccklich auf diese Servicebedingungen beschr\u00e4nkt. Alle neuen Funktionen oder Tools, die dem aktuellen Shop hinzugef\u00fcgt werden, unterliegen ebenfalls den Servicebedingungen. Sie k\u00f6nnen die aktuellste Version der Servicebedingungen jederzeit auf dieser Seite einsehen. Wir behalten uns das Recht vor, Teile dieser Servicebedingungen zu aktualisieren, zu \u00e4ndern oder zu ersetzen, indem wir Aktualisierungen und\/oder \u00c4nderungen auf unserer Website ver\u00f6ffentlichen. Es liegt in Ihrer Verantwortung, diese Seite regelm\u00e4\u00dfig auf \u00c4nderungen zu \u00fcberpr\u00fcfen. Ihre fortgesetzte Nutzung oder Ihr Zugriff auf die Website nach der Ver\u00f6ffentlichung von \u00c4nderungen gilt als Annahme dieser \u00c4nderungen.<\/p>\n<p>ABSCHNITT 1 \u2013 ONLINE-SHOP-BEDINGUNGEN Indem Sie diesen Nutzungsbedingungen zustimmen, erkl\u00e4ren Sie, dass Sie in Ihrem Wohnsitzstaat oder Ihrer Wohnsitzprovinz mindestens die Vollj\u00e4hrigkeit erreicht haben oder dass Sie in Ihrem Wohnsitzstaat oder Ihrer Wohnsitzprovinz die Vollj\u00e4hrigkeit erreicht haben und Sie Sie haben uns Ihr Einverst\u00e4ndnis gegeben, Ihren minderj\u00e4hrigen Angeh\u00f6rigen die Nutzung dieser Website zu gestatten. Sie d\u00fcrfen unsere Produkte nicht f\u00fcr illegale oder unbefugte Zwecke verwenden und bei der Nutzung des Dienstes auch nicht gegen Gesetze in Ihrer Gerichtsbarkeit versto\u00dfen (einschlie\u00dflich, aber nicht beschr\u00e4nkt auf Urheberrechtsgesetze). Sie d\u00fcrfen keine W\u00fcrmer oder Viren oder Codes zerst\u00f6rerischer Natur \u00fcbertragen. Ein Versto\u00df gegen eine der Bedingungen f\u00fchrt zur sofortigen K\u00fcndigung Ihrer Dienste.<\/p>\n<p>ABSCHNITT 2 \u2013 ALLGEMEINE GESCH\u00c4FTSBEDINGUNGEN Wir behalten uns das Recht vor, jederzeit und aus beliebigem Grund den Service zu verweigern. Sie verstehen, dass Ihre Inhalte (einschlie\u00dflich Kreditkarteninformationen) m\u00f6glicherweise unverschl\u00fcsselt \u00fcbertragen werden und (a) \u00dcbertragungen \u00fcber verschiedene Netzwerke umfassen; und (b) \u00c4nderungen zur Anpassung an die technischen Anforderungen der Verbindungsnetzwerke oder Ger\u00e4te. Kreditkarteninformationen werden bei der \u00dcbertragung \u00fcber Netzwerke immer verschl\u00fcsselt. Sie erkl\u00e4ren sich damit einverstanden, ohne unsere ausdr\u00fcckliche schriftliche Genehmigung keinen Teil des Dienstes, die Nutzung des Dienstes oder den Zugriff auf den Dienst oder einen Kontakt auf der Website, \u00fcber die der Dienst bereitgestellt wird, zu reproduzieren, zu duplizieren, zu kopieren, zu verkaufen, weiterzuverkaufen oder zu verwerten . Die in dieser Vereinbarung verwendeten \u00dcberschriften dienen lediglich der \u00dcbersichtlichkeit und schr\u00e4nken diese Bedingungen weder ein noch beeinflussen sie sie anderweitig.<\/p>\n<p>ABSCHNITT 3 \u2013 GENAUIGKEIT, VOLLST\u00c4NDIGKEIT UND AKTUALIT\u00c4T DER INFORMATIONEN Wir \u00fcbernehmen keine Verantwortung daf\u00fcr, wenn die auf dieser Website bereitgestellten Informationen nicht genau, vollst\u00e4ndig oder aktuell sind. Das Material auf dieser Website dient ausschlie\u00dflich der allgemeinen Information und sollte nicht als alleinige Grundlage f\u00fcr Entscheidungen verwendet werden, ohne prim\u00e4re, genauere, vollst\u00e4ndigere oder aktuellere Informationsquellen zu konsultieren. Das Vertrauen in das Material auf dieser Website erfolgt auf eigene Gefahr. Diese Website kann bestimmte historische Informationen enthalten. Historische Informationen sind notwendigerweise nicht aktuell und werden nur zu Ihrer Information bereitgestellt. Wir behalten uns das Recht vor, den Inhalt dieser Website jederzeit zu \u00e4ndern, sind jedoch nicht verpflichtet, Informationen auf unserer Website zu aktualisieren. Sie erkl\u00e4ren sich damit einverstanden, dass es in Ihrer Verantwortung liegt, \u00c4nderungen an unserer Website zu \u00fcberwachen.<\/p>\n<p>ABSCHNITT 4 \u2013 \u00c4NDERUNGEN DES SERVICE UND DER PREISE Die Preise f\u00fcr unsere Produkte k\u00f6nnen ohne vorherige Ank\u00fcndigung ge\u00e4ndert werden. Wir behalten uns das Recht vor, den Dienst (oder Teile oder Inhalte davon) jederzeit und ohne Vorank\u00fcndigung zu \u00e4ndern oder einzustellen. Wir haften Ihnen oder Dritten gegen\u00fcber nicht f\u00fcr \u00c4nderungen, Preis\u00e4nderungen, Aussetzungen oder Unterbrechungen des Dienstes.<\/p>\n<p>ABSCHNITT 5 \u2013 PRODUKTE ODER DIENSTLEISTUNGEN (falls zutreffend) Bestimmte Produkte oder Dienstleistungen sind m\u00f6glicherweise ausschlie\u00dflich online \u00fcber die Website verf\u00fcgbar. Diese Produkte oder Dienstleistungen sind m\u00f6glicherweise nur in begrenzten Mengen erh\u00e4ltlich und k\u00f6nnen nur gem\u00e4\u00df unserer R\u00fcckgaberichtlinie zur\u00fcckgegeben oder umgetauscht werden. Wir haben alle Anstrengungen unternommen, um die Farben und Bilder unserer Produkte, die im Gesch\u00e4ft erscheinen, so genau wie m\u00f6glich darzustellen. Wir k\u00f6nnen nicht garantieren, dass die Farbdarstellung Ihres Computermonitors korrekt ist. Wir behalten uns das Recht vor, sind jedoch nicht dazu verpflichtet, den Verkauf unserer Produkte oder Dienstleistungen auf Personen, geografische Regionen oder Gerichtsbarkeiten zu beschr\u00e4nken. Wir k\u00f6nnen dieses Recht im Einzelfall aus\u00fcben. Wir behalten uns das Recht vor, die Mengen der von uns angebotenen Produkte oder Dienstleistungen zu begrenzen. Alle Produktbeschreibungen oder Produktpreise k\u00f6nnen jederzeit und ohne Vorank\u00fcndigung nach unserem alleinigen Ermessen ge\u00e4ndert werden. Wir behalten uns das Recht vor, jedes Produkt jederzeit einzustellen. Jedes auf dieser Website gemachte Angebot f\u00fcr ein Produkt oder eine Dienstleistung ist ung\u00fcltig, sofern es verboten ist. Wir garantieren nicht, dass die Qualit\u00e4t der von Ihnen gekauften oder erhaltenen Produkte, Dienstleistungen, Informationen oder anderen Materialien Ihren Erwartungen entspricht oder dass etwaige Fehler im Service korrigiert werden.<\/p>\n<p>ABSCHNITT 6 \u2013 RICHTIGKEIT DER RECHNUNGS- UND KONTOINFORMATIONEN Wir behalten uns das Recht vor, jede Bestellung, die Sie bei uns aufgeben, abzulehnen. Wir k\u00f6nnen nach unserem alleinigen Ermessen die gekauften Mengen pro Person, pro Haushalt oder pro Bestellung begrenzen oder stornieren. Diese Einschr\u00e4nkungen k\u00f6nnen Bestellungen umfassen, die \u00fcber oder unter demselben Kundenkonto, derselben Kreditkarte und\/oder Bestellungen mit derselben Rechnungs- und\/oder Lieferadresse aufgegeben werden. F\u00fcr den Fall, dass wir eine Bestellung \u00e4ndern oder stornieren, versuchen wir m\u00f6glicherweise, Sie zu benachrichtigen, indem wir uns an die E-Mail-Adresse und\/oder Rechnungsadresse\/Telefonnummer wenden, die Sie zum Zeitpunkt der Bestellung angegeben haben. Wir behalten uns das Recht vor, Bestellungen einzuschr\u00e4nken oder zu verbieten, die nach unserem alleinigen Ermessen den Anschein erwecken, von H\u00e4ndlern, Wiederverk\u00e4ufern oder Distributoren aufgegeben zu werden. Sie erkl\u00e4ren sich damit einverstanden, f\u00fcr alle in unserem Shop get\u00e4tigten Eink\u00e4ufe aktuelle, vollst\u00e4ndige und genaue Kauf- und Kontoinformationen anzugeben. Sie erkl\u00e4ren sich damit einverstanden, Ihr Konto und andere Informationen, einschlie\u00dflich Ihrer E-Mail-Adresse, Kreditkartennummern und Ablaufdaten, umgehend zu aktualisieren, damit wir Ihre Transaktionen abschlie\u00dfen und Sie bei Bedarf kontaktieren k\u00f6nnen. Weitere Einzelheiten finden Sie in unseren R\u00fcckgabebedingungen.<\/p>\n<p>ABSCHNITT 7 \u2013 OPTIONALE TOOLS Wir k\u00f6nnen Ihnen Zugriff auf Tools von Drittanbietern gew\u00e4hren, die wir weder \u00fcberwachen noch kontrollieren oder beeinflussen k\u00f6nnen. Sie erkennen an und erkl\u00e4ren sich damit einverstanden, dass wir Zugriff auf solche Tools \u201ewie besehen\u201c und \u201ewie verf\u00fcgbar\u201c gew\u00e4hren, ohne jegliche Garantien, Zusicherungen oder Bedingungen jeglicher Art und ohne jegliche Billigung. Wir \u00fcbernehmen keinerlei Haftung, die sich aus Ihrer Nutzung optionaler Tools von Drittanbietern ergibt oder damit zusammenh\u00e4ngt. Ihre Nutzung optionaler Tools, die \u00fcber die Site angeboten werden, erfolgt ausschlie\u00dflich auf Ihr eigenes Risiko und nach eigenem Ermessen und Sie sollten sicherstellen, dass Sie mit den Bedingungen, zu denen die Tools von den jeweiligen Drittanbietern bereitgestellt werden, vertraut sind und ihnen zustimmen. Wir k\u00f6nnen in Zukunft auch neue Dienste und\/oder Funktionen \u00fcber die Website anbieten (einschlie\u00dflich der Ver\u00f6ffentlichung neuer Tools und Ressourcen). Diese neuen Funktionen und\/oder Dienste unterliegen ebenfalls diesen Servicebedingungen.<\/p>\n<p>ABSCHNITT 8 \u2013 LINKS DRITTER Bestimmte Inhalte, Produkte und Dienstleistungen, die \u00fcber unseren Service verf\u00fcgbar sind, k\u00f6nnen Materialien von Dritten enthalten. Links von Drittanbietern auf dieser Website f\u00fchren Sie m\u00f6glicherweise zu Websites Dritter, die nicht mit uns verbunden sind. Wir sind nicht f\u00fcr die Pr\u00fcfung oder Bewertung des Inhalts oder der Richtigkeit verantwortlich und \u00fcbernehmen keine Gew\u00e4hrleistung und \u00fcbernehmen keinerlei Haftung oder Verantwortung f\u00fcr Materialien oder Websites Dritter oder f\u00fcr andere Materialien, Produkte oder Dienstleistungen Dritter. Wir haften nicht f\u00fcr Sch\u00e4den im Zusammenhang mit dem Kauf oder der Nutzung von Waren, Dienstleistungen, Ressourcen, Inhalten oder anderen Transaktionen, die im Zusammenhang mit Websites Dritter get\u00e4tigt werden. Bitte lesen Sie die Richtlinien und Praktiken des Drittanbieters sorgf\u00e4ltig durch und stellen Sie sicher, dass Sie diese verstanden haben, bevor Sie eine Transaktion durchf\u00fchren. Beschwerden, Anspr\u00fcche, Bedenken oder Fragen zu Produkten Dritter sollten an den Drittanbieter gerichtet werden.<\/p>\n<p>ABSCHNITT 9 \u2013 BENUTZERKOMMENTARE, FEEDBACK UND ANDERE EINREICHUNGEN Wenn Sie auf unsere Anfrage hin bestimmte spezifische Einsendungen (z. B. Wettbewerbsbeitr\u00e4ge) oder ohne unsere Aufforderung senden, senden Sie kreative Ideen, Vorschl\u00e4ge, Vorschl\u00e4ge, Pl\u00e4ne oder andere Materialien, sei es online , per E-Mail, per Post oder auf andere Weise (zusammen \u201eKommentare\u201c) erkl\u00e4ren Sie sich damit einverstanden, dass wir Ihre Kommentare jederzeit und ohne Einschr\u00e4nkung bearbeiten, kopieren, ver\u00f6ffentlichen, verteilen, \u00fcbersetzen und anderweitig in jedem Medium verwenden d\u00fcrfen weiter zu uns. Wir sind und werden nicht verpflichtet sein, (1) Kommentare vertraulich zu behandeln; (2) eine Entsch\u00e4digung f\u00fcr etwaige Kommentare zu zahlen; oder (3) um auf Kommentare zu antworten. Wir k\u00f6nnen, sind jedoch nicht dazu verpflichtet, Inhalte \u00fcberwachen, bearbeiten oder entfernen, die wir nach unserem alleinigen Ermessen als rechtswidrig, beleidigend, bedrohlich, verleumderisch, verleumderisch, pornographisch, obsz\u00f6n oder anderweitig anst\u00f6\u00dfig erachten oder das geistige Eigentum einer Partei oder diese Nutzungsbedingungen verletzen . Sie erkl\u00e4ren sich damit einverstanden, dass Ihre Kommentare keine Rechte Dritter verletzen, einschlie\u00dflich Urheberrechte, Markenrechte, Datenschutzrechte, Pers\u00f6nlichkeitsrechte oder andere pers\u00f6nliche oder Eigentumsrechte. Sie stimmen au\u00dferdem zu, dass Ihre Kommentare kein verleumderisches oder anderweitig rechtswidriges, beleidigendes oder obsz\u00f6nes Material enthalten oder Computerviren oder andere Malware enthalten, die den Betrieb des Dienstes oder einer damit verbundenen Website in irgendeiner Weise beeintr\u00e4chtigen k\u00f6nnten. Sie d\u00fcrfen keine falsche E-Mail-Adresse verwenden, sich nicht als jemand anderes ausgeben oder uns oder Dritte auf andere Weise \u00fcber die Herkunft von Kommentaren irref\u00fchren. Sie allein sind f\u00fcr die von Ihnen abgegebenen Kommentare und deren Richtigkeit verantwortlich. Wir \u00fcbernehmen keine Verantwortung und \u00fcbernehmen keine Haftung f\u00fcr von Ihnen oder Dritten gepostete Kommentare.<\/p>\n<p>ABSCHNITT 10 \u2013 PERS\u00d6NLICHE DATEN Die \u00dcbermittlung pers\u00f6nlicher Daten \u00fcber den Shop unterliegt unserer Datenschutzrichtlinie.<\/p>\n<p>ABSCHNITT 11 \u2013 FEHLER, UNGENAUIGKEITEN UND AUSLASSUNGEN Gelegentlich kann es auf unserer Website oder im Service zu Informationen kommen, die Tippfehler, Ungenauigkeiten oder Auslassungen enthalten, die sich auf Produktbeschreibungen, Preise, Werbeaktionen, Angebote, Produktversandgeb\u00fchren, Lieferzeiten und Verf\u00fcgbarkeit beziehen k\u00f6nnen. Wir behalten uns das Recht vor, Fehler, Ungenauigkeiten oder Auslassungen zu korrigieren und Informationen zu \u00e4ndern oder zu aktualisieren oder Bestellungen zu stornieren, wenn Informationen im Service oder auf einer zugeh\u00f6rigen Website jederzeit und ohne vorherige Ank\u00fcndigung ungenau sind (auch nachdem Sie Ihre Bestellung abgeschickt haben). . Wir \u00fcbernehmen keine Verpflichtung, Informationen im Service oder auf einer damit verbundenen Website zu aktualisieren, zu \u00e4ndern oder zu kl\u00e4ren, einschlie\u00dflich, aber nicht beschr\u00e4nkt auf Preisinformationen, sofern dies nicht gesetzlich vorgeschrieben ist. Kein bestimmtes Aktualisierungs- oder Aktualisierungsdatum f\u00fcr den Dienst oder eine damit verbundene Website sollte als Hinweis darauf verstanden werden, dass alle Informationen im Dienst oder auf einer damit verbundenen Website ge\u00e4ndert oder aktualisiert wurden.<\/p>\n<p>ABSCHNITT 12 \u2013 VERBOTENE VERWENDUNGEN Zus\u00e4tzlich zu anderen Verboten, die in den Servicebedingungen dargelegt sind, ist Ihnen die Nutzung der Site oder ihrer Inhalte untersagt: (a) f\u00fcr rechtswidrige Zwecke; (b) um andere zur Durchf\u00fchrung oder Teilnahme an rechtswidrigen Handlungen aufzufordern; (c) um gegen internationale, bundesstaatliche, provinzielle oder staatliche Bestimmungen, Regeln, Gesetze oder lokale Verordnungen zu versto\u00dfen; (d) um unsere geistigen Eigentumsrechte oder die geistigen Eigentumsrechte anderer zu verletzen oder zu verletzen; (e) um aufgrund von Geschlecht, sexueller Orientierung, Religion, Ethnizit\u00e4t, Rasse, Alter, nationaler Herkunft oder Behinderung zu bel\u00e4stigen, zu missbrauchen, zu beleidigen, zu sch\u00e4digen, zu diffamieren, zu verleumden, herabzusetzen, einzusch\u00fcchtern oder zu diskriminieren; (f) um falsche oder irref\u00fchrende Informationen zu \u00fcbermitteln; (g) um Viren oder andere Arten von Schadcode hochzuladen oder zu \u00fcbertragen, der in einer Weise verwendet wird oder werden kann, die die Funktion oder den Betrieb des Dienstes oder einer damit verbundenen Website, anderer Websites oder des Internets beeintr\u00e4chtigt; (h) um die pers\u00f6nlichen Daten anderer zu sammeln oder zu verfolgen; (i) zum Spammen, Phishing, Pharmen, Vort\u00e4uschen, Spidern, Crawlen oder Scrapen; (j) f\u00fcr obsz\u00f6ne oder unmoralische Zwecke; oder (k) zum St\u00f6ren oder Umgehen der Sicherheitsfunktionen des Dienstes oder einer damit verbundenen Website, anderer Websites oder des Internets. Wir behalten uns das Recht vor, Ihre Nutzung des Dienstes oder einer damit verbundenen Website zu beenden, wenn Sie gegen eine der verbotenen Nutzungen versto\u00dfen.<\/p>\n<p>ABSCHNITT 13 \u2013 HAFTUNGSAUSSCHLUSS; HAFTUNGSBESCHR\u00c4NKUNG Wir \u00fcbernehmen keine Garantie, Zusicherung oder Gew\u00e4hrleistung daf\u00fcr, dass Ihre Nutzung unseres Dienstes ununterbrochen, zeitnah, sicher oder fehlerfrei erfolgt. Wir \u00fcbernehmen keine Gew\u00e4hr daf\u00fcr, dass die Ergebnisse, die durch die Nutzung des Dienstes erzielt werden k\u00f6nnen, korrekt oder zuverl\u00e4ssig sind. Sie erkl\u00e4ren sich damit einverstanden, dass wir den Dienst von Zeit zu Zeit f\u00fcr unbestimmte Zeit entfernen oder den Dienst jederzeit und ohne Vorank\u00fcndigung an Sie k\u00fcndigen k\u00f6nnen. Sie erkl\u00e4ren sich ausdr\u00fccklich damit einverstanden, dass Ihre Nutzung oder Unm\u00f6glichkeit der Nutzung des Dienstes auf Ihr alleiniges Risiko erfolgt. Der Dienst und alle Produkte und Dienstleistungen, die Ihnen \u00fcber den Dienst zur Verf\u00fcgung gestellt werden, werden (sofern nicht ausdr\u00fccklich von uns angegeben) \u201ewie besehen\u201c und \u201ewie verf\u00fcgbar\u201c f\u00fcr Ihre Nutzung bereitgestellt, ohne jegliche Zusicherungen, Gew\u00e4hrleistungen oder Bedingungen jeglicher Art, weder ausdr\u00fccklich noch ausdr\u00fccklich stillschweigend, einschlie\u00dflich aller stillschweigenden Garantien oder Bedingungen der Marktg\u00e4ngigkeit, der handels\u00fcblichen Qualit\u00e4t, der Eignung f\u00fcr einen bestimmten Zweck, der Haltbarkeit, des Titels und der Nichtverletzung von Rechten Dritter. In keinem Fall haften unsere Direktoren, leitenden Angestellten, Mitarbeiter, verbundenen Unternehmen, Vertreter, Auftragnehmer, Praktikanten, Lieferanten, Dienstleister oder Lizenzgeber f\u00fcr Verletzungen, Verluste, Anspr\u00fcche oder direkte, indirekte, zuf\u00e4llige, strafende, besondere oder Folgesch\u00e4den jeglicher Art, einschlie\u00dflich, aber nicht beschr\u00e4nkt auf entgangenen Gewinn, entgangene Einnahmen, entgangene Ersparnisse, Verlust von Daten, Ersatzkosten oder \u00e4hnliche Sch\u00e4den, unabh\u00e4ngig davon, ob sie auf einem Vertrag, unerlaubter Handlung (einschlie\u00dflich Fahrl\u00e4ssigkeit), verschuldensunabh\u00e4ngiger Haftung oder auf andere Weise beruhen und sich aus Ihrer Nutzung davon ergeben des Dienstes oder der \u00fcber den Dienst erworbenen Produkte oder f\u00fcr alle anderen Anspr\u00fcche, die in irgendeiner Weise mit Ihrer Nutzung des Dienstes oder eines Produkts in Zusammenhang stehen, einschlie\u00dflich, aber nicht beschr\u00e4nkt auf Fehler oder Auslassungen in Inhalten oder Verluste oder Sch\u00e4den jeglicher Art, die sich aus der Nutzung des Dienstes oder von Inhalten (oder Produkten) ergeben, die \u00fcber den Dienst ver\u00f6ffentlicht, \u00fcbertragen oder anderweitig verf\u00fcgbar gemacht werden, auch wenn auf deren M\u00f6glichkeit hingewiesen wurde. Da einige Staaten oder Gerichtsbarkeiten den Ausschluss oder die Beschr\u00e4nkung der Haftung f\u00fcr Folge- oder Nebensch\u00e4den nicht zulassen, ist unsere Haftung in diesen Staaten oder Gerichtsbarkeiten auf den gesetzlich zul\u00e4ssigen H\u00f6chstumfang beschr\u00e4nkt.<\/p>\n<p>ABSCHNITT 14 \u2013 SCHADENERSATZ Sie erkl\u00e4ren sich damit einverstanden, unsere Muttergesellschaft, Tochtergesellschaften, verbundenen Unternehmen, Partner, leitenden Angestellten, Direktoren, Vertreter, Auftragnehmer, Lizenzgeber, Dienstleister, Subunternehmer, Lieferanten, Praktikanten und Mitarbeiter von jeglichen Anspr\u00fcchen oder Forderungen freizustellen, zu verteidigen und schadlos zu halten , einschlie\u00dflich angemessener Anwaltskosten, die von Dritten aufgrund oder infolge Ihres Versto\u00dfes gegen diese Nutzungsbedingungen oder der darin enthaltenen Dokumente oder durch Ihren Versto\u00df gegen Gesetze oder Rechte Dritter erhoben werden.<\/p>\n<p>ABSCHNITT 15 \u2013 SALVATORISCHE KL\u00c4RUNG Sollte sich herausstellen, dass eine Bestimmung dieser Nutzungsbedingungen rechtswidrig, nichtig oder nicht durchsetzbar ist, ist diese Bestimmung dennoch im vollen gesetzlich zul\u00e4ssigen Umfang durchsetzbar und der nicht durchsetzbare Teil gilt als abgetrennt Abweichungen von diesen Nutzungsbedingungen haben keinen Einfluss auf die G\u00fcltigkeit und Durchsetzbarkeit aller anderen \u00fcbrigen Bestimmungen.<\/p>\n<p>ABSCHNITT 16 \u2013 K\u00dcNDIGUNG Die Verpflichtungen und Verbindlichkeiten der Parteien, die vor dem K\u00fcndigungsdatum eingegangen sind, bleiben in jeder Hinsicht auch nach der K\u00fcndigung dieser Vereinbarung bestehen. Diese Nutzungsbedingungen sind g\u00fcltig, bis sie von Ihnen oder uns gek\u00fcndigt werden. Sie k\u00f6nnen diese Nutzungsbedingungen jederzeit k\u00fcndigen, indem Sie uns mitteilen, dass Sie unsere Dienste nicht mehr nutzen m\u00f6chten oder wenn Sie die Nutzung unserer Website einstellen. Wenn Sie nach unserem alleinigen Ermessen eine Bedingung oder Bestimmung dieser Nutzungsbedingungen nicht einhalten oder wir vermuten, dass Sie dies vers\u00e4umt haben, k\u00f6nnen wir diese Vereinbarung auch jederzeit ohne Vorank\u00fcndigung k\u00fcndigen und Sie bleiben f\u00fcr alle f\u00e4lligen Betr\u00e4ge haftbar bis einschlie\u00dflich dem Datum der K\u00fcndigung; und\/oder Ihnen entsprechend den Zugriff auf unsere Dienste (oder einen Teil davon) verweigern.<\/p>\n<p>ABSCHNITT 17 \u2013 GESAMTE VEREINBARUNG Das Vers\u00e4umnis unsererseits, ein Recht oder eine Bestimmung dieser Nutzungsbedingungen auszu\u00fcben oder durchzusetzen, stellt keinen Verzicht auf dieses Recht oder diese Bestimmung dar. Diese Nutzungsbedingungen und alle von uns auf dieser Website oder in Bezug auf den Dienst ver\u00f6ffentlichten Richtlinien oder Betriebsregeln stellen die gesamte Vereinbarung und \u00dcbereinkunft zwischen Ihnen und uns dar und regeln Ihre Nutzung des Dienstes und ersetzen alle vorherigen oder gleichzeitigen Vereinbarungen, Mitteilungen und Vorschl\u00e4ge , ob m\u00fcndlich oder schriftlich, zwischen Ihnen und uns (einschlie\u00dflich, aber nicht beschr\u00e4nkt auf alle fr\u00fcheren Versionen der Nutzungsbedingungen). Etwaige Unklarheiten bei der Auslegung dieser Nutzungsbedingungen d\u00fcrfen nicht zum Nachteil der verfassenden Partei ausgelegt werden.<\/p>\n<p>ABSCHNITT 18 \u2013 ANWENDBARES RECHT Diese Nutzungsbedingungen und alle separaten Vereinbarungen, mit denen wir Ihnen Dienstleistungen anbieten, unterliegen den Gesetzen und werden in \u00dcbereinstimmung mit diesen ausgelegt.<\/p>\n<p>ABSCHNITT 19 \u2013 \u00c4NDERUNGEN DER NUTZUNGSBEDINGUNGEN Sie k\u00f6nnen die aktuellste Version der Nutzungsbedingungen jederzeit auf dieser Seite einsehen. Wir behalten uns das Recht vor, nach eigenem Ermessen Teile dieser Nutzungsbedingungen zu aktualisieren, zu \u00e4ndern oder zu ersetzen, indem wir Aktualisierungen und \u00c4nderungen auf unserer Website ver\u00f6ffentlichen. Es liegt in Ihrer Verantwortung, unsere Website regelm\u00e4\u00dfig auf \u00c4nderungen zu \u00fcberpr\u00fcfen. Ihre fortgesetzte Nutzung oder Ihr Zugriff auf unsere Website oder den Dienst nach der Ver\u00f6ffentlichung von \u00c4nderungen dieser Nutzungsbedingungen gilt als Annahme dieser \u00c4nderungen.<\/p>\n<p>ABSCHNITT 20 \u2013 ZAHLUNGSPOLITIK Unsere Paypal-Zahlung folgt den Paypal-Zahlungsrichtlinien. Weitere Informationen zur PayPal-Zahlung finden Sie auf der offiziellen Website. Unsere Kreditkartenzahlung folgt den Zahlungsrichtlinien von glocash. Weitere Informationen zur Kreditkartenzahlung finden Sie auf der offiziellen Website.<\/p>\n<\/div>\n<\/div>\n<\/div>\n<\/div>\n<\/div>\n<\/div>","protected":false},"excerpt":{"rendered":"<p>JTT bietet Ihnen, dem Benutzer, diese Website, einschlie\u00dflich aller Informationen, Tools und Dienste, die auf dieser Website verf\u00fcgbar sind, unter der Bedingung an, dass Sie alle hier aufgef\u00fchrten Bedingungen, Richtlinien und Hinweise akzeptieren. Indem Sie unsere Website besuchen und\/oder etwas von uns kaufen, nehmen Sie an unserem \u201eService\u201c teil und erkl\u00e4ren sich mit den folgenden Bedingungen einverstanden [\u2026]","protected":false},"author":1,"featured_media":0,"parent":0,"menu_order":0,"comment_status":"closed","ping_status":"closed","template":"page-blank-title-center.php","meta":{"footnotes":""},"class_list":["post-1888","page","type-page","status-publish","hentry"],"jetpack-related-posts":[],"jetpack_sharing_enabled":true,"_links":{"self":[{"href":"https:\/\/jttlogos.com\/de\/wp-json\/wp\/v2\/pages\/1888","targetHints":{"allow":["GET"]}}],"collection":[{"href":"https:\/\/jttlogos.com\/de\/wp-json\/wp\/v2\/pages"}],"about":[{"href":"https:\/\/jttlogos.com\/de\/wp-json\/wp\/v2\/types\/page"}],"author":[{"embeddable":true,"href":"https:\/\/jttlogos.com\/de\/wp-json\/wp\/v2\/users\/1"}],"replies":[{"embeddable":true,"href":"https:\/\/jttlogos.com\/de\/wp-json\/wp\/v2\/comments?post=1888"}],"version-history":[{"count":0,"href":"https:\/\/jttlogos.com\/de\/wp-json\/wp\/v2\/pages\/1888\/revisions"}],"wp:attachment":[{"href":"https:\/\/jttlogos.com\/de\/wp-json\/wp\/v2\/media?parent=1888"}],"curies":[{"name":"wp","href":"https:\/\/api.w.org\/{rel}","templated":true}]}}