{"id":2179,"date":"2020-05-04T11:53:35","date_gmt":"2020-05-04T11:53:35","guid":{"rendered":"https:\/\/jttlogos.com\/?page_id=2179"},"modified":"2024-03-30T09:52:12","modified_gmt":"2024-03-30T09:52:12","slug":"how-to-place-an-order","status":"publish","type":"page","link":"https:\/\/jttlogos.com\/de\/so-geben-sie-eine-bestellung-auf\/","title":{"rendered":"Wie gebe ich eine Bestellung auf?"},"content":{"rendered":"<div id=\"pl-2179\"  class=\"panel-layout\" >\n<div id=\"pg-2179-0\"  class=\"panel-grid panel-no-style\" >\n<div id=\"pgc-2179-0-0\"  class=\"panel-grid-cell\"  data-weight=\"1\" >\n<div id=\"panel-2179-0-0-0\" class=\"so-panel widget widget_sow-editor panel-first-child panel-last-child\" data-index=\"0\" data-style=\"{&quot;background_image_attachment&quot;:false,&quot;background_display&quot;:&quot;tile&quot;}\" >\n<div class=\"so-widget-sow-editor so-widget-sow-editor-base\">\n<div class=\"siteorigin-widget-tinymce textwidget\">\n<p>1. Bitte senden Sie uns Ihre Produktdetails wie Design, Gr\u00f6\u00dfe, Menge usw. per E-Mail. Im Notfall k\u00f6nnen Sie uns auch anrufen oder mit uns \u00fcber WhatsApp chatten.<\/p>\n<p>2. Wir unterbreiten Ihnen nach Best\u00e4tigung der Produktdetails ein Angebot.<\/p>\n<p>3. Wenn der Preis stimmt, k\u00f6nnen wir mit der Anfertigung des Musters beginnen, was etwa 3-7 Tage dauert, und dann wird es Ihnen in 5-7 Tagen zugestellt. Bei Bedarf k\u00f6nnen wir Ihnen das Foto zusenden Best\u00e4tigung vor dem Versand. Wenn es irgendwelche Probleme gibt, werden wir es vor dem Versand \u00e4ndern, Sie k\u00f6nnen sicher sein.<\/p>\n<p>4. Wenn Sie das Muster erhalten, \u00fcberpr\u00fcfen Sie bitte das Design und die Qualit\u00e4t. Wenn alles in Ordnung ist, k\u00f6nnen wir mit der Massenproduktion beginnen. Wir machen PI f\u00fcr Sie und Sie k\u00f6nnen 30% als Anzahlung leisten.<\/p>\n<p>5. Nachdem wir die Produktion abgeschlossen haben, machen wir Fotos und senden Ihnen zur Best\u00e4tigung ein Video. Und 70% Restzahlung vor dem Versand.<\/p>\n<\/div>\n<\/div>\n<\/div>\n<\/div>\n<\/div>\n<\/div>","protected":false},"excerpt":{"rendered":"<p>1. Bitte senden Sie uns Ihre Produktdetails wie Design, Gr\u00f6\u00dfe, Menge usw. per E-Mail. In dringenden F\u00e4llen k\u00f6nnen Sie uns auch anrufen oder \u00fcber WhatsApp mit uns chatten. 2. Nach Best\u00e4tigung der Produktdetails unterbreiten wir Ihnen ein Angebot. 3. Wenn der Preis stimmt, k\u00f6nnen wir mit der Herstellung des Musters beginnen, das [\u2026]","protected":false},"author":1,"featured_media":0,"parent":0,"menu_order":0,"comment_status":"closed","ping_status":"closed","template":"page-blank-title-center.php","meta":{"footnotes":""},"class_list":["post-2179","page","type-page","status-publish","hentry"],"jetpack-related-posts":[],"jetpack_sharing_enabled":true,"_links":{"self":[{"href":"https:\/\/jttlogos.com\/de\/wp-json\/wp\/v2\/pages\/2179","targetHints":{"allow":["GET"]}}],"collection":[{"href":"https:\/\/jttlogos.com\/de\/wp-json\/wp\/v2\/pages"}],"about":[{"href":"https:\/\/jttlogos.com\/de\/wp-json\/wp\/v2\/types\/page"}],"author":[{"embeddable":true,"href":"https:\/\/jttlogos.com\/de\/wp-json\/wp\/v2\/users\/1"}],"replies":[{"embeddable":true,"href":"https:\/\/jttlogos.com\/de\/wp-json\/wp\/v2\/comments?post=2179"}],"version-history":[{"count":0,"href":"https:\/\/jttlogos.com\/de\/wp-json\/wp\/v2\/pages\/2179\/revisions"}],"wp:attachment":[{"href":"https:\/\/jttlogos.com\/de\/wp-json\/wp\/v2\/media?parent=2179"}],"curies":[{"name":"wp","href":"https:\/\/api.w.org\/{rel}","templated":true}]}}