{"id":3,"date":"2020-04-28T14:09:18","date_gmt":"2020-04-28T14:09:18","guid":{"rendered":"https:\/\/jttlogos.com\/?page_id=3"},"modified":"2024-03-30T09:55:22","modified_gmt":"2024-03-30T09:55:22","slug":"datenschutzrichtlinie","status":"publish","type":"page","link":"https:\/\/jttlogos.com\/de\/privacy-policy\/","title":{"rendered":"Datenschutzrichtlinie"},"content":{"rendered":"<p>Diese Datenschutzrichtlinie beschreibt, wie Ihre pers\u00f6nlichen Daten erfasst, verwendet und weitergegeben werden, wenn Sie uns besuchen oder einen Kauf t\u00e4tigen.&nbsp;<\/p>\r\n\r\n\r\n\r\n<p>PERS\u00d6NLICHE INFORMATIONEN, DIE WIR SAMMELN<br>Wenn Sie die Website besuchen, erfassen wir automatisch bestimmte Informationen \u00fcber Ihr Ger\u00e4t, einschlie\u00dflich Informationen \u00fcber Ihren Webbrowser, Ihre IP-Adresse, Ihre Zeitzone und einige der auf Ihrem Ger\u00e4t installierten Cookies. Dar\u00fcber hinaus erfassen wir beim Durchsuchen der Website Informationen \u00fcber die einzelnen Webseiten oder Produkte, die Sie ansehen, welche Websites oder Suchbegriffe Sie auf die Website verwiesen haben und Informationen dar\u00fcber, wie Sie mit der Website interagieren. Wir bezeichnen diese automatisch erfassten Informationen als \u201eGer\u00e4teinformationen\u201c.&nbsp;<\/p>\r\n\r\n\r\n\r\n<p>GER\u00c4TEINFORMATIONEN, DIE WIR SAMMELN<br>\u2013 \u201eCookies\u201c sind Datendateien, die auf Ihrem Ger\u00e4t oder Computer abgelegt werden und oft eine anonyme eindeutige Kennung enthalten.&nbsp;<br>\u2013 \u201eProtokolldateien\u201c verfolgen die auf der Website stattfindenden Aktionen und sammeln Daten, einschlie\u00dflich Ihrer IP-Adresse, Ihres Browsertyps, Ihres Internetdienstanbieters, Ihrer Verweis-\/Ausstiegsseiten sowie Datums-\/Zeitstempel.<br>\u2013 \u201eWeb Beacons\u201c, \u201eTags\u201c und \u201ePixels\u201c sind elektronische Dateien, die zum Aufzeichnen von Informationen \u00fcber Ihr Surfverhalten auf der Site verwendet werden.<\/p>\r\n\r\n\r\n\r\n<p>BESTELLINFORMATIONEN, DIE WIR SAMMELN<br>Wenn Sie \u00fcber die Website einen Kauf t\u00e4tigen oder versuchen, einen Kauf zu t\u00e4tigen, erfassen wir au\u00dferdem bestimmte Informationen von Ihnen, einschlie\u00dflich Ihres Namens, Ihrer Rechnungsadresse, Lieferadresse, Zahlungsinformationen (einschlie\u00dflich Kreditkartennummern, E-Mail-Adresse und Telefonnummer). bezeichnen diese Informationen als \u201eBestellinformationen\u201c.&nbsp;<\/p>\r\n\r\n\r\n\r\n<p>Wenn wir in dieser Datenschutzrichtlinie von \u201epers\u00f6nlichen Daten\u201c sprechen, sprechen wir sowohl von Ger\u00e4teinformationen als auch von Bestellinformationen.&nbsp;<\/p>\r\n\r\n\r\n\r\n<p>WIE VERWENDEN WIR IHRE PERSONENBEZOGENEN DATEN?<br>Wir verwenden die von uns gesammelten Bestellinformationen im Allgemeinen, um alle \u00fcber die Website aufgegebenen Bestellungen auszuf\u00fchren (einschlie\u00dflich der Verarbeitung Ihrer Zahlungsinformationen, der Organisation des Versands und der Bereitstellung von Rechnungen und\/oder Bestellbest\u00e4tigungen). Dar\u00fcber hinaus verwenden wir diese Bestellinformationen, um:<br>- Mit dir kommunizieren;<br>\u2013 \u00dcberpr\u00fcfen Sie unsere Bestellungen auf potenzielle Risiken oder Betrug.<br>\u2013 Im Einklang mit den Pr\u00e4ferenzen, die Sie uns mitgeteilt haben, um Ihnen Informationen oder Werbung zu unseren Produkten oder Dienstleistungen zukommen zu lassen.<\/p>\r\n\r\n\r\n\r\n<p>WIE VERWENDEN WIR IHRE GER\u00c4TEINFORMATIONEN?<br>Wir verwenden die von uns gesammelten Ger\u00e4teinformationen, um uns bei der Suche nach potenziellen Risiken und Betrug zu helfen (insbesondere Ihre IP-Adresse) und allgemeiner, um unsere Website zu verbessern und zu optimieren (z. B. durch die Erstellung von Analysen dar\u00fcber, wie unsere Kunden surfen und mit ihr interagieren). der Website und zur Beurteilung des Erfolgs unserer Marketing- und Werbekampagnen).&nbsp;<\/p>\r\n\r\n\r\n\r\n<p>PERS\u00d6NLICHE DATEN<br>Wir verarbeiten Ihre personenbezogenen Daten ausschlie\u00dflich mit Ihrer Einwilligung oder soweit dies zur Erf\u00fcllung unserer Pflichten gegen\u00fcber Ihnen als Kunde, zum Betrieb unseres Gesch\u00e4fts, zur Erf\u00fcllung unserer vertraglichen und gesetzlichen Pflichten sowie zum Schutz der Sicherheit unserer Systeme erforderlich ist.<\/p>\r\n\r\n\r\n\r\n<p>TEILUNG IHRER PERS\u00d6NLICHEN DATEN<br>Wir geben Ihre personenbezogenen Daten an Dritte weiter, um uns bei der Nutzung Ihrer personenbezogenen Daten wie oben beschrieben zu unterst\u00fctzen.<br>Wir verwenden Google Analytics auch, um zu verstehen, wie unsere Kunden die Website nutzen.<br>Schlie\u00dflich k\u00f6nnen wir Ihre personenbezogenen Daten auch weitergeben, um geltende Gesetze und Vorschriften einzuhalten, auf eine Vorladung, einen Durchsuchungsbefehl oder andere rechtm\u00e4\u00dfige Informationsanfragen, die wir erhalten, zu reagieren oder um unsere Rechte anderweitig zu sch\u00fctzen.<\/p>\r\n\r\n\r\n\r\n<p>VERHALTENSWERBUNG<br>Wie oben beschrieben verwenden wir Ihre personenbezogenen Daten, um Ihnen gezielte Werbung oder Marketingmitteilungen zukommen zu lassen, von denen wir glauben, dass sie f\u00fcr Sie von Interesse sein k\u00f6nnten.<\/p>\r\n\r\n\r\n\r\n<p>NICHT VERFOLGEN<br>Bitte beachten Sie, dass wir die Datenerfassungs- und -nutzungspraktiken unserer Website nicht \u00e4ndern, wenn wir ein \u201eDo Not Track\u201c-Signal von Ihrem Browser sehen.<\/p>\r\n\r\n\r\n\r\n<p>DEINE RECHTE<br>Wenn Sie in Europa ans\u00e4ssig sind, haben Sie das Recht, auf die von uns \u00fcber Sie gespeicherten personenbezogenen Daten zuzugreifen und zu verlangen, dass Ihre personenbezogenen Daten korrigiert, aktualisiert oder gel\u00f6scht werden.<br>Wenn Sie in Europa ans\u00e4ssig sind, weisen wir au\u00dferdem darauf hin, dass wir Ihre Daten verarbeiten, um Vertr\u00e4ge zu erf\u00fcllen, die wir m\u00f6glicherweise mit Ihnen haben (z. B. wenn Sie \u00fcber die Website eine Bestellung aufgeben), oder um unsere oben aufgef\u00fchrten berechtigten Gesch\u00e4ftsinteressen zu verfolgen. Bitte beachten Sie au\u00dferdem, dass Ihre Daten au\u00dferhalb Europas \u00fcbertragen werden, einschlie\u00dflich nach Kanada und in die Vereinigten Staaten.<\/p>\r\n\r\n\r\n\r\n<p>VORRATSDATENSPEICHERUNG<br>Wenn Sie \u00fcber die Website eine Bestellung aufgeben, bewahren wir Ihre Bestellinformationen f\u00fcr unsere Unterlagen auf.<\/p>\r\n\r\n\r\n\r\n<p>\u00c4NDERUNGEN<br>Wir k\u00f6nnen diese Datenschutzrichtlinie von Zeit zu Zeit aktualisieren, um beispielsweise \u00c4nderungen unserer Praktiken oder aus anderen betrieblichen, rechtlichen oder regulatorischen Gr\u00fcnden widerzuspiegeln.<\/p>\r\n\r\n\r\n\r\n<p>MINDERJ\u00c4HRIGE<br>Die Website ist nicht f\u00fcr Personen unter 13 Jahren bestimmt.&nbsp;<\/p>\r\n\r\n\r\n\r\n<p>KONTAKTIERE UNS&nbsp;<br>Wenn Sie weitere Informationen zu unseren Datenschutzpraktiken w\u00fcnschen, Fragen haben oder eine Beschwerde einreichen m\u00f6chten, nehmen Sie bitte Kontakt mit uns auf.<\/p>","protected":false},"excerpt":{"rendered":"<p>This Privacy Policy describes how your personal information is collected, used, and shared when you visit or make a purchase on us.&nbsp; PERSONAL INFORMATION WE COLLECTWhen you visit the Site, we automatically collect certain information about your device, including information about your web browser, IP address, time zone, and some of the cookies that are [&#8230;]\n","protected":false},"author":1,"featured_media":0,"parent":0,"menu_order":0,"comment_status":"closed","ping_status":"closed","template":"page-blank-title-center.php","meta":{"footnotes":""},"class_list":["post-3","page","type-page","status-publish","hentry"],"jetpack-related-posts":[],"jetpack_sharing_enabled":true,"_links":{"self":[{"href":"https:\/\/jttlogos.com\/de\/wp-json\/wp\/v2\/pages\/3","targetHints":{"allow":["GET"]}}],"collection":[{"href":"https:\/\/jttlogos.com\/de\/wp-json\/wp\/v2\/pages"}],"about":[{"href":"https:\/\/jttlogos.com\/de\/wp-json\/wp\/v2\/types\/page"}],"author":[{"embeddable":true,"href":"https:\/\/jttlogos.com\/de\/wp-json\/wp\/v2\/users\/1"}],"replies":[{"embeddable":true,"href":"https:\/\/jttlogos.com\/de\/wp-json\/wp\/v2\/comments?post=3"}],"version-history":[{"count":0,"href":"https:\/\/jttlogos.com\/de\/wp-json\/wp\/v2\/pages\/3\/revisions"}],"wp:attachment":[{"href":"https:\/\/jttlogos.com\/de\/wp-json\/wp\/v2\/media?parent=3"}],"curies":[{"name":"wp","href":"https:\/\/api.w.org\/{rel}","templated":true}]}}