{"id":3268,"date":"2020-05-18T16:00:56","date_gmt":"2020-05-18T16:00:56","guid":{"rendered":"https:\/\/jttlogos.com\/?page_id=3268"},"modified":"2024-03-30T08:01:36","modified_gmt":"2024-03-30T08:01:36","slug":"video-der-produktanwendung","status":"publish","type":"page","link":"https:\/\/jttlogos.com\/de\/video-of-product-application\/","title":{"rendered":"Video der Produktanwendung"},"content":{"rendered":"<section class=\"section\" id=\"section_1822989883\">\n\t\t<div class=\"bg section-bg fill bg-fill  bg-loaded\" >\n\n\t\t\t\n\t\t\t\n\t\t\t\n\n\t\t<\/div>\n\n\t\t\n\n\t\t<div class=\"section-content relative\">\n\t\t\t\n<div class=\"container section-title-container\" ><h4 class=\"section-title section-title-normal\"><b><\/b><span class=\"section-title-main\" >Die Anbringung eines Logo-Aufklebers aus Metall auf Keramik<\/span><b><\/b><\/h4><\/div>\n<div class=\"row row-collapse row-full-width align-middle\"  id=\"row-183452788\">\n\n\t<div id=\"col-2057194809\" class=\"col medium-6 small-12 large-6\"  >\n\t\t\t\t<div class=\"col-inner\"  >\n\t\t\t\n\t\t\t\n<div class=\"video video-fit mb\" style=\"padding-top:56.25%;\"><p><iframe loading=\"lazy\" title=\"Die Anbringung eines Logo-Aufklebers aus Metall auf Keramik\" width=\"1020\" height=\"574\" src=\"https:\/\/www.youtube.com\/embed\/9fkVxfyT7Ns?feature=oembed\" frameborder=\"0\" allow=\"accelerometer; autoplay; clipboard-write; encrypted-media; gyroscope; picture-in-picture; web-share\" referrerpolicy=\"strict-origin-when-cross-origin\" allowfullscreen><\/iframe><\/p>\n<\/div>\n\t\t<\/div>\n\t\t\t\t\t<\/div>\n\n\t\n\n\t<div id=\"col-656312939\" class=\"col medium-6 small-12 large-6\"  >\n\t\t\t\t<div class=\"col-inner text-left\"  >\n\t\t\t\n\t\t\t\n<p>Willkommen bei jttlogos.com, wo wir eine vielf\u00e4ltige Auswahl an individuellen metallischen Logo-Aufklebern pr\u00e4sentieren! Unsere Kollektion umfasst eine Vielzahl von Optionen, darunter Nickel-Metallaufkleber, 3D-Metall-Nickelaufkleber, Edelstahl-Metallaufkleber und Aluminiumplattenaufkleber. Diese hochwertigen Aufkleber eignen sich perfekt, um Ihren Branding- und Designprojekten einen Hauch von Eleganz und Einzigartigkeit zu verleihen.<\/p>\n\t\t<\/div>\n\t\t\t\t\t<\/div>\n\n\t\n<\/div>\n<div class=\"container section-title-container\" ><h4 class=\"section-title section-title-normal\"><b><\/b><span class=\"section-title-main\" >Die Anbringung eines Logo-Aufklebers aus Metall auf Edelstahlprodukten<\/span><b><\/b><\/h4><\/div>\n<div class=\"row row-collapse row-full-width align-middle\"  id=\"row-380306634\">\n\n\t<div id=\"col-629794201\" class=\"col medium-6 small-12 large-6\"  >\n\t\t\t\t<div class=\"col-inner text-left\"  >\n\t\t\t\n\t\t\t\n<p>Entdecken Sie unsere individuellen metallischen Logo-Aufkleber in unserer Videogalerie, wo Sie diese atemberaubenden Produkte aus n\u00e4chster N\u00e4he und in Aktion sehen k\u00f6nnen. Von der eleganten Oberfl\u00e4che unserer individuell gestalteten Aufkleber aus geb\u00fcrstetem Aluminium bis hin zum auff\u00e4lligen Erscheinungsbild unserer individuell gestalteten Folienaufkleber \u2013 unsere Videopr\u00e4sentation gibt Ihnen einen umfassenden Einblick in die Handwerkskunst und die Liebe zum Detail, die in jedem Aufkleber steckt.<\/p>\n\t\t<\/div>\n\t\t\t\t\t<\/div>\n\n\t\n\n\t<div id=\"col-63392044\" class=\"col medium-6 small-12 large-6\"  >\n\t\t\t\t<div class=\"col-inner\"  >\n\t\t\t\n\t\t\t\n<div class=\"video video-fit mb\" style=\"padding-top:56.25%;\"><p><iframe loading=\"lazy\" title=\"Die Anbringung eines Logo-Aufklebers aus Metall auf Edelstahlprodukten\" width=\"1020\" height=\"574\" src=\"https:\/\/www.youtube.com\/embed\/ZWEnES34-po?feature=oembed\" frameborder=\"0\" allow=\"accelerometer; autoplay; clipboard-write; encrypted-media; gyroscope; picture-in-picture; web-share\" referrerpolicy=\"strict-origin-when-cross-origin\" allowfullscreen><\/iframe><\/p>\n<\/div>\n\t\t<\/div>\n\t\t\t\t\t<\/div>\n\n\t\n<\/div>\n<div class=\"container section-title-container\" ><h4 class=\"section-title section-title-normal\"><b><\/b><span class=\"section-title-main\" >Das Anbringen von Metall-Logoaufklebern auf Glasprodukten<\/span><b><\/b><\/h4><\/div>\n<div class=\"row row-collapse row-full-width align-middle\"  id=\"row-989686978\">\n\n\t<div id=\"col-1652570485\" class=\"col medium-6 small-12 large-6\"  >\n\t\t\t\t<div class=\"col-inner\"  >\n\t\t\t\n\t\t\t\n<div class=\"video video-fit mb\" style=\"padding-top:56.25%;\"><p><iframe loading=\"lazy\" title=\"Das Anbringen von Metall-Logoaufklebern auf Glasprodukten\" width=\"1020\" height=\"574\" src=\"https:\/\/www.youtube.com\/embed\/hWwQIVk_eyQ?feature=oembed\" frameborder=\"0\" allow=\"accelerometer; autoplay; clipboard-write; encrypted-media; gyroscope; picture-in-picture; web-share\" referrerpolicy=\"strict-origin-when-cross-origin\" allowfullscreen><\/iframe><\/p>\n<\/div>\n\t\t<\/div>\n\t\t\t\t\t<\/div>\n\n\t\n\n\t<div id=\"col-787012324\" class=\"col medium-6 small-12 large-6\"  >\n\t\t\t\t<div class=\"col-inner text-left\"  >\n\t\t\t\n\t\t\t\n<p>Ganz gleich, ob Sie ein individuelles Design erstellen oder in gro\u00dfen Mengen bestellen m\u00f6chten, unsere individuellen metallischen Logo-Aufkleber sind so konzipiert, dass sie Ihren spezifischen Anforderungen entsprechen. Da es keine Mindestbestellanforderungen und schnelle Versandoptionen gibt, machen wir es Ihnen einfach, Ihre Marke mit unseren Premium-Metallic-Aufklebern hervorzuheben.<\/p>\n\t\t<\/div>\n\t\t\t\t\t<\/div>\n\n\t\n<\/div>\n<div class=\"container section-title-container\" ><h4 class=\"section-title section-title-normal\"><b><\/b><span class=\"section-title-main\" >Die Anbringung eines Logoaufklebers aus Metall auf Leder<\/span><b><\/b><\/h4><\/div>\n<div class=\"row row-collapse row-full-width align-middle\"  id=\"row-2121408173\">\n\n\t<div id=\"col-1714473892\" class=\"col medium-6 small-12 large-6\"  >\n\t\t\t\t<div class=\"col-inner text-left\"  >\n\t\t\t\n\t\t\t\n<p>Erleben Sie die Brillanz unserer individuellen metallischen Logo-Aufkleber aus erster Hand, indem Sie sich unsere Videopr\u00e4sentation ansehen. Lassen Sie sich inspirieren und entdecken Sie, wie diese Aufkleber Ihre Produkte, Verpackungen und Werbematerialien aufwerten k\u00f6nnen. Kontaktieren Sie uns noch heute, um mehr \u00fcber unsere individuellen metallischen Logo-Aufkleber zu erfahren und wie sie einen bleibenden Eindruck f\u00fcr Ihr Unternehmen hinterlassen k\u00f6nnen.<\/p>\n\t\t<\/div>\n\t\t\t\t\t<\/div>\n\n\t\n\n\t<div id=\"col-1379602583\" class=\"col medium-6 small-12 large-6\"  >\n\t\t\t\t<div class=\"col-inner\"  >\n\t\t\t\n\t\t\t\n<div class=\"video video-fit mb\" style=\"padding-top:56.25%;\"><p><iframe loading=\"lazy\" title=\"Die Anbringung eines Logoaufklebers aus Metall auf Leder\" width=\"1020\" height=\"574\" src=\"https:\/\/www.youtube.com\/embed\/RS-6NDkGT6M?feature=oembed\" frameborder=\"0\" allow=\"accelerometer; autoplay; clipboard-write; encrypted-media; gyroscope; picture-in-picture; web-share\" referrerpolicy=\"strict-origin-when-cross-origin\" allowfullscreen><\/iframe><\/p>\n<\/div>\n\t\t<\/div>\n\t\t\t\t\t<\/div>\n\n\t\n<\/div>\n<div class=\"row align-middle\"  id=\"row-1626932848\">\n\n\t<div id=\"col-1360722775\" class=\"col medium-6 small-12 large-6\"  >\n\t\t\t\t<div class=\"col-inner\"  >\n\t\t\t\n\t\t\t\n<div class=\"video video-fit mb\" style=\"padding-top:56.25%;\"><p><iframe loading=\"lazy\" title=\"Die Anbringung eines Metall-Logo-Aufklebers auf dem Kunststoffgeh\u00e4use f\u00fcr Bluetooth-Lautsprecher\" width=\"1020\" height=\"574\" src=\"https:\/\/www.youtube.com\/embed\/iAw2a_8aPUY?feature=oembed\" frameborder=\"0\" allow=\"accelerometer; autoplay; clipboard-write; encrypted-media; gyroscope; picture-in-picture; web-share\" referrerpolicy=\"strict-origin-when-cross-origin\" allowfullscreen><\/iframe><\/p>\n<\/div>\n\t\t<\/div>\n\t\t\t\t\t<\/div>\n\n\t\n\n\t<div id=\"col-1648615466\" class=\"col medium-6 small-12 large-6\"  >\n\t\t\t\t<div class=\"col-inner\"  >\n\t\t\t\n\t\t\t\n<div class=\"video video-fit mb\" style=\"padding-top:56.25%;\"><p><iframe loading=\"lazy\" title=\"Die Anbringung eines Logo-Aufklebers aus Metall auf einem Kunststoffgeh\u00e4use\" width=\"1020\" height=\"574\" src=\"https:\/\/www.youtube.com\/embed\/NQERkD6A2wo?feature=oembed\" frameborder=\"0\" allow=\"accelerometer; autoplay; clipboard-write; encrypted-media; gyroscope; picture-in-picture; web-share\" referrerpolicy=\"strict-origin-when-cross-origin\" allowfullscreen><\/iframe><\/p>\n<\/div>\n\t\t<\/div>\n\t\t\t\t\t<\/div>\n\n\t\n<\/div>\n<div class=\"row align-middle\"  id=\"row-1693463716\">\n\n\t<div id=\"col-231372417\" class=\"col medium-6 small-12 large-6\"  >\n\t\t\t\t<div class=\"col-inner\"  >\n\t\t\t\n\t\t\t\n<div class=\"video video-fit mb\" style=\"padding-top:56.25%;\"><p><iframe loading=\"lazy\" title=\"Die Anbringung eines Logo-Aufklebers aus Metall auf PP-Kunststoff\" width=\"1020\" height=\"574\" src=\"https:\/\/www.youtube.com\/embed\/yPLTcDv8SF8?feature=oembed\" frameborder=\"0\" allow=\"accelerometer; autoplay; clipboard-write; encrypted-media; gyroscope; picture-in-picture; web-share\" referrerpolicy=\"strict-origin-when-cross-origin\" allowfullscreen><\/iframe><\/p>\n<\/div>\n\t\t<\/div>\n\t\t\t\t\t<\/div>\n\n\t\n\n\t<div id=\"col-515381135\" class=\"col medium-6 small-12 large-6\"  >\n\t\t\t\t<div class=\"col-inner\"  >\n\t\t\t\n\t\t\t\n<div class=\"video video-fit mb\" style=\"padding-top:56.25%;\"><p><iframe loading=\"lazy\" title=\"Die Anbringung eines Logo-Aufklebers aus Metall auf einem Aluminiumprodukt\" width=\"1020\" height=\"574\" src=\"https:\/\/www.youtube.com\/embed\/FIEnnT8K9RM?feature=oembed\" frameborder=\"0\" allow=\"accelerometer; autoplay; clipboard-write; encrypted-media; gyroscope; picture-in-picture; web-share\" referrerpolicy=\"strict-origin-when-cross-origin\" allowfullscreen><\/iframe><\/p>\n<\/div>\n\t\t<\/div>\n\t\t\t\t\t<\/div>\n\n\t\n<\/div>\n\t\t<\/div>\n\n\t\t\n<style>\n#section_1822989883 {\n  padding-top: 0px;\n  padding-bottom: 0px;\n}\n@media (min-width:550px) {\n  #section_1822989883 {\n    padding-top: 30px;\n    padding-bottom: 30px;\n  }\n}\n<\/style>\n\t<\/section>","protected":false},"excerpt":{"rendered":"","protected":false},"author":1,"featured_media":0,"parent":0,"menu_order":0,"comment_status":"closed","ping_status":"closed","template":"page-blank-title-center.php","meta":{"footnotes":""},"class_list":["post-3268","page","type-page","status-publish","hentry"],"jetpack-related-posts":[],"jetpack_sharing_enabled":true,"_links":{"self":[{"href":"https:\/\/jttlogos.com\/de\/wp-json\/wp\/v2\/pages\/3268","targetHints":{"allow":["GET"]}}],"collection":[{"href":"https:\/\/jttlogos.com\/de\/wp-json\/wp\/v2\/pages"}],"about":[{"href":"https:\/\/jttlogos.com\/de\/wp-json\/wp\/v2\/types\/page"}],"author":[{"embeddable":true,"href":"https:\/\/jttlogos.com\/de\/wp-json\/wp\/v2\/users\/1"}],"replies":[{"embeddable":true,"href":"https:\/\/jttlogos.com\/de\/wp-json\/wp\/v2\/comments?post=3268"}],"version-history":[{"count":0,"href":"https:\/\/jttlogos.com\/de\/wp-json\/wp\/v2\/pages\/3268\/revisions"}],"wp:attachment":[{"href":"https:\/\/jttlogos.com\/de\/wp-json\/wp\/v2\/media?parent=3268"}],"curies":[{"name":"wp","href":"https:\/\/api.w.org\/{rel}","templated":true}]}}