{"id":2450,"date":"2020-05-11T09:31:38","date_gmt":"2020-05-11T09:31:38","guid":{"rendered":"https:\/\/jttlogos.com\/?post_type=product&#038;p=2450"},"modified":"2026-04-21T01:39:20","modified_gmt":"2026-04-21T01:39:20","slug":"benutzerdefinierte-kleine-metalletiketten-nickel-etikettenaufkleber-fur-maschinen-laptops-haushaltsgerate-telefonhullen-ledermobel-parfumflaschen-verpackungsboxen","status":"publish","type":"product","link":"https:\/\/jttlogos.com\/de\/product\/custom-small-metal-labels-nickel-label-sticker-for-machine-laptop-house-appliance-phone-case-leather-furniture-perfume-bottle-packing-boxes\/","title":{"rendered":"Benutzerdefinierte 3D-Markenetiketten aus Metall und kleine Nickel-Logo-Aufkleber f\u00fcr Laptops, Parf\u00fcmflaschen und Lederwaren"},"content":{"rendered":"<article style=\"font-family: 'Segoe UI', Tahoma, Geneva, Verdana, sans-serif; color: #333; line-height: 1.6; max-width: 100%px; margin: 0 auto; padding: 20px;\"><!-- Above-the-fold CTA & Trust Badges --><\/p>\n<div style=\"background: linear-gradient(135deg, #f8f9fa 0%, #e9ecef 100%); padding: 40px; border-radius: 8px; text-align: center; margin-bottom: 40px; box-shadow: 0 4px 15px rgba(0,0,0,0.05);\">\n<h2 style=\"font-size: 28px; color: #1a1a1a; margin-top: 0; margin-bottom: 20px;\">Hochwertige, individuelle kleine Metalletiketten und Nickel-Etikettenaufkleber<\/h2>\n<p style=\"font-size: 18px; color: #555; max-width: 800px; margin: 0 auto 30px auto;\">Werten Sie Ihre Produktverpackungen, Laptops, Haushaltsger\u00e4te und individuellen Accessoires mit hochwertigem Metallic-Branding auf. Unterst\u00fctzt durch \u00fcber 20 Jahre hervorragende Fertigungskompetenz bei JTT Precision Metal Co., Ltd.<\/p>\n<div style=\"margin-bottom: 30px;\"><a style=\"display: inline-block; background-color: #0056b3; color: #ffffff; padding: 15px 35px; text-decoration: none; font-size: 18px; font-weight: bold; border-radius: 5px; box-shadow: 0 4px 6px rgba(0, 86, 179, 0.3); transition: background-color 0.3s ease;\" href=\"https:\/\/jttlogos.com\/de\/kontaktiere-uns\/\">Fordern Sie noch heute ein individuelles Angebot und Muster an<\/a><\/div>\n<p><!-- Trust Badges --><\/p>\n<div style=\"display: flex; justify-content: center; gap: 20px; flex-wrap: wrap;\"><span style=\"display: inline-flex; align-items: center; background: #fff; padding: 8px 15px; border-radius: 20px; font-size: 14px; font-weight: 600; color: #2c3e50; border: 1px solid #dee2e6;\"><span style=\"color: #27ae60; margin-right: 8px;\">\u2714<\/span> SGS-zertifiziert<\/span><br \/>\n<span style=\"display: inline-flex; align-items: center; background: #fff; padding: 8px 15px; border-radius: 20px; font-size: 14px; font-weight: 600; color: #2c3e50; border: 1px solid #dee2e6;\"><span style=\"color: #27ae60; margin-right: 8px;\">\u2714<\/span> ROHS-konform<\/span><br \/>\n<span style=\"display: inline-flex; align-items: center; background: #fff; padding: 8px 15px; border-radius: 20px; font-size: 14px; font-weight: 600; color: #2c3e50; border: 1px solid #dee2e6;\"><span style=\"color: #27ae60; margin-right: 8px;\">\u2714<\/span> Sicherheitsdatenblatt \u00fcberpr\u00fcft<\/span><br \/>\n<span style=\"display: inline-flex; align-items: center; background: #fff; padding: 8px 15px; border-radius: 20px; font-size: 14px; font-weight: 600; color: #2c3e50; border: 1px solid #dee2e6;\"><span style=\"color: #27ae60; margin-right: 8px;\">\u2714<\/span> Sicherer Datenschutz<\/span><\/div>\n<\/div>\n<p><!-- Product Intro --><\/p>\n<h2 style=\"color: #0056b3; border-bottom: 2px solid #e9ecef; padding-bottom: 10px;\">Werten Sie Ihre Marke mit individuellen Logo-Aufklebern aus Metall auf<\/h2>\n<p>Auf dem hart umk\u00e4mpften Markt von heute sagt die visuelle Darstellung Ihrer Marke viel \u00fcber die Qualit\u00e4t Ihrer Produkte aus. <strong>Individuelle kleine Metalletiketten<\/strong> Und<a href=\"https:\/\/jttlogos.com\/de\/produktkategorie\/nickel-metallaufkleber\/\"> <strong>Nickel-Etikettenaufkleber<\/strong><\/a> sind die ultimative L\u00f6sung f\u00fcr Unternehmen, die ihren Waren einen Hauch von Luxus, Haltbarkeit und Professionalit\u00e4t verleihen m\u00f6chten. Ganz gleich, ob Sie hochwertige Elektronikartikel, Luxuskosmetik oder Premium-Lederwaren herstellen, ein sorgf\u00e4ltig gefertigtes Metalllogo vermittelt sofort einen Eindruck von Wertigkeit.<\/p>\n<p>Bei <a href=\"https:\/\/jttlogos.com\/de\/\">JTT Precision Metal Co., Ltd. (jttlogos.com)<\/a>Seit \u00fcber 20 Jahren perfektionieren wir die Kunst der Herstellung von Metalletiketten. Wir sind auf die Herstellung kundenspezifischer 3D-Logoaufkleber aus Metall, Metallanh\u00e4nger aus Edelstahl und ultrad\u00fcnne selbstklebende Abzeichen aus Nickel spezialisiert, die sich nahtlos in Ihre Produktdesigns integrieren lassen. Unsere Herstellungsprozesse nutzen modernste Pr\u00e4zisionsschicht- und chemische \u00c4tztechniken, um makellose, hochdetaillierte Logos zu erzeugen, die mit dem Standarddruck einfach nicht m\u00f6glich sind.<\/p>\n<p><!-- Visual Presentation --><\/p>\n<div style=\"display: grid; grid-template-columns: repeat(auto-fit, minmax(300px, 1fr)); gap: 20px; margin: 30px 0;\">\n<div style=\"border: 1px solid #eee; border-radius: 8px; overflow: hidden; box-shadow: 0 2px 8px rgba(0,0,0,0.05);\">\n<p><iframe loading=\"lazy\" title=\"Nickel-Logo-Aufkleber, bunter Metallaufkleber mit starkem 3M-Kleber, gl\u00e4nzende Metallaufkleber f\u00fcr Parf\u00fcm\" width=\"1020\" height=\"574\" src=\"https:\/\/www.youtube.com\/embed\/0UHi0WdqVMw?feature=oembed\" frameborder=\"0\" allow=\"accelerometer; autoplay; clipboard-write; encrypted-media; gyroscope; picture-in-picture; web-share\" referrerpolicy=\"strict-origin-when-cross-origin\" allowfullscreen><\/iframe><\/p>\n<\/div>\n<\/div>\n<p><!-- Product Specifications --><\/p>\n<h2><img data-recalc-dims=\"1\" loading=\"lazy\" decoding=\"async\" class=\"alignnone wp-image-1418 size-full\" src=\"https:\/\/i0.wp.com\/jttlogos.com\/wp-content\/uploads\/2020\/05\/Perfume-metal-sticker-4.jpg?resize=600%2C450&#038;ssl=1\" alt=\"Luxuri\u00f6ser goldener Logo-Aufkleber aus Metall auf einer Parf\u00fcmflasche aus Glas\" width=\"600\" height=\"450\" title=\"\"><\/h2>\n<h2 style=\"color: #0056b3; border-bottom: 2px solid #e9ecef; padding-bottom: 10px; margin-top: 40px;\">Umfassende Produktspezifikationen<\/h2>\n<p>Wenn Sie die technischen Spezifikationen Ihrer benutzerdefinierten Branding-Tags verstehen, stellen Sie sicher, dass Ihr Endprodukt perfekt zu Ihren Anwendungsanforderungen passt. Nachfolgend finden Sie eine detaillierte Aufschl\u00fcsselung der M\u00f6glichkeiten und Materialien, die f\u00fcr Ihre individuellen selbstklebenden Metallabzeichen verf\u00fcgbar sind.<\/p>\n<table style=\"width: 100%; border-collapse: collapse; margin: 25px 0; font-family: 'Segoe UI', sans-serif; box-shadow: 0 0 20px rgba(0, 0, 0, 0.05);\">\n<thead>\n<tr style=\"background-color: #0056b3; color: #ffffff; text-align: left;\">\n<th style=\"padding: 15px; border: 1px solid #dee2e6;\">Spezifikation<\/th>\n<th style=\"padding: 15px; border: 1px solid #dee2e6;\">Details &amp; Optionen<\/th>\n<\/tr>\n<\/thead>\n<tbody>\n<tr style=\"background-color: #ffffff;\">\n<td style=\"padding: 15px; border: 1px solid #dee2e6; font-weight: bold; color: #333;\">Prim\u00e4rmaterialien<\/td>\n<td style=\"padding: 15px; border: 1px solid #dee2e6; color: #555;\">Reines Nickel, Metall,<\/td>\n<\/tr>\n<tr style=\"background-color: #f8f9fa;\">\n<td style=\"padding: 15px; border: 1px solid #dee2e6; font-weight: bold; color: #333;\">Verf\u00fcgbare St\u00e4rken<\/td>\n<td style=\"padding: 15px; border: 1px solid #dee2e6; color: #555;\">Ultrad\u00fcnne Profile von 0,045 mm bis 0,12 mm<\/td>\n<\/tr>\n<tr style=\"background-color: #ffffff;\">\n<td style=\"padding: 15px; border: 1px solid #dee2e6; font-weight: bold; color: #333;\">Oberfl\u00e4chenbeschaffenheit<\/td>\n<td style=\"padding: 15px; border: 1px solid #dee2e6; color: #555;\">Hochglanzpoliert, matt, geb\u00fcrstet (Haaransatz), sandgestrahlt, CD-Struktur, PVD-Farbbeschichtung (Gold, Ros\u00e9gold, Schwarz, Chrom, Rotguss).<\/td>\n<\/tr>\n<tr style=\"background-color: #f8f9fa;\">\n<td style=\"padding: 15px; border: 1px solid #dee2e6; font-weight: bold; color: #333;\">Klebende R\u00fcckseite<\/td>\n<td style=\"padding: 15px; border: 1px solid #dee2e6; color: #555;\">3M-Kleber, 3M-Schmelzkleber, doppelseitig selbstklebend<\/td>\n<\/tr>\n<tr style=\"background-color: #ffffff;\">\n<td style=\"padding: 15px; border: 1px solid #dee2e6; font-weight: bold; color: #333;\">Unterst\u00fctzte Grafikformate<\/td>\n<td style=\"padding: 15px; border: 1px solid #dee2e6; color: #555;\">Vector files preferred: AI, EPS, CDR, PDF, or high-resolution CAD files for 3D designs.<\/td>\n<\/tr>\n<tr style=\"background-color: #f8f9fa;\">\n<td style=\"padding: 15px; border: 1px solid #dee2e6; font-weight: bold; color: #333;\">Zertifizierungen<\/td>\n<td style=\"padding: 15px; border: 1px solid #dee2e6; color: #555;\">SGS, ROHS, MSDS \u2013 Ensuring environmental safety and compliance for global distribution.<\/td>\n<\/tr>\n<\/tbody>\n<\/table>\n<p><!-- Applications Section --><\/p>\n<h2 style=\"color: #0056b3; border-bottom: 2px solid #e9ecef; padding-bottom: 10px; margin-top: 40px;\">Vielseitige Anwendungen f\u00fcr individuelle Metallaufkleber<\/h2>\n<p>Die Vielseitigkeit unserer <strong>custom metallic branding tags<\/strong> macht sie zur bevorzugten Wahl in einer Vielzahl von Branchen. Dank der fortschrittlichen Klebstoffe und flexiblen Materialeigenschaften (insbesondere bei ultrad\u00fcnnen Nickelplatten) k\u00f6nnen sich diese Aufkleber an verschiedene Formen und Texturen anpassen.<\/p>\n<div style=\"display: flex; flex-wrap: wrap; gap: 20px; margin-top: 20px;\">\n<div style=\"flex: 1 1 calc(50% - 20px); background: #fff; border-left: 4px solid #0056b3; padding: 15px; box-shadow: 0 2px 5px rgba(0,0,0,0.05);\">\n<h3 style=\"margin-top: 0; color: #333; font-size: 18px;\">Laptops, Computer und Elektronik<\/h3>\n<p style=\"color: #666; font-size: 14px; margin-bottom: 0;\">Im Bereich der Unterhaltungselektronik steht ein eleganter Laptop-Metallaufkleber f\u00fcr erstklassige Verarbeitungsqualit\u00e4t. Unsere d\u00fcnnen Metallaufkleber halten der von Maschinen und Ger\u00e4ten erzeugten Hitze stand, l\u00f6sen sich nicht ab und behalten auch nach Jahren intensiver t\u00e4glicher Nutzung einen brillanten Glanz.<\/p>\n<\/div>\n<div style=\"flex: 1 1 calc(50% - 20px); background: #fff; border-left: 4px solid #0056b3; padding: 15px; box-shadow: 0 2px 5px rgba(0,0,0,0.05);\">\n<h3 style=\"margin-top: 0; color: #333; font-size: 18px;\">House Appliances &amp; Industrial Machines<\/h3>\n<p style=\"color: #666; font-size: 14px; margin-bottom: 0;\">Haushaltsger\u00e4te wie K\u00fchlschr\u00e4nke, Kaffeemaschinen und Waschmaschinen erfordern ein starkes Branding. Logoaufkleber aus Metall aus Edelstahl bieten eine hervorragende Korrosionsbest\u00e4ndigkeit und stellen sicher, dass das Image Ihrer Marke durch die Einwirkung von Feuchtigkeit und Reinigungschemikalien nicht beeintr\u00e4chtigt wird.<\/p>\n<\/div>\n<div style=\"flex: 1 1 calc(50% - 20px); background: #fff; border-left: 4px solid #0056b3; padding: 15px; box-shadow: 0 2px 5px rgba(0,0,0,0.05);\">\n<h3 style=\"margin-top: 0; color: #333; font-size: 18px;\">Handyh\u00fcllen und mobiles Zubeh\u00f6r<\/h3>\n<p style=\"color: #666; font-size: 14px; margin-bottom: 0;\">Das Anbringen eines individuellen 3D-Logoaufklebers aus Metall an einer Handyh\u00fclle macht sie von einer Standardschutzh\u00fclle zu einem modischen Statement. Die stark haftenden 3M-Klebstoffe sorgen daf\u00fcr, dass das Abzeichen trotz der st\u00e4ndigen Reibung beim Hinein- und Herausziehen aus den Taschen fest haftet.<\/p>\n<\/div>\n<div style=\"flex: 1 1 calc(50% - 20px); background: #fff; border-left: 4px solid #0056b3; padding: 15px; box-shadow: 0 2px 5px rgba(0,0,0,0.05);\">\n<h3 style=\"margin-top: 0; color: #333; font-size: 18px;\">Lederm\u00f6bel und Automobilinnenausstattung<\/h3>\n<p style=\"color: #666; font-size: 14px; margin-bottom: 0;\">Das Anbringen von Branding auf Lederm\u00f6beln erfordert eine spezielle Verklebung. Mit der R\u00fcckseite aus Schmelzklebstoff k\u00f6nnen unsere Metalletiketten sicher auf Ledersofas, St\u00fchlen oder Autopolstern befestigt werden, ohne das Material zu besch\u00e4digen, und sorgen so f\u00fcr ein unverwechselbares Zeichen von Luxus.<\/p>\n<\/div>\n<div style=\"flex: 1 1 calc(50% - 20px); background: #fff; border-left: 4px solid #0056b3; padding: 15px; box-shadow: 0 2px 5px rgba(0,0,0,0.05);\">\n<h3 style=\"margin-top: 0; color: #333; font-size: 18px;\">Parf\u00fcmflaschen und Kosmetikverpackungen<\/h3>\n<p style=\"color: #666; font-size: 14px; margin-bottom: 0;\">Glasoberfl\u00e4chen stellen besondere Herausforderungen an die Haftung. Unsere speziellen Nickelaufkleber mit gebogener Oberfl\u00e4che passen perfekt auf runde Parf\u00fcmflaschen. Der metallische Glanz f\u00e4ngt die Beleuchtung im Einzelhandel ein und steigert die Attraktivit\u00e4t im Regal und das Prestige der Marke deutlich.<\/p>\n<\/div>\n<div style=\"flex: 1 1 calc(50% - 20px); background: #fff; border-left: 4px solid #0056b3; padding: 15px; box-shadow: 0 2px 5px rgba(0,0,0,0.05);\">\n<h3 style=\"margin-top: 0; color: #333; font-size: 18px;\">Premium Packing Boxes<\/h3>\n<p style=\"color: #666; font-size: 14px; margin-bottom: 0;\">Der erste Eindruck z\u00e4hlt. Das Anbringen eines hochwertigen Metallaufklebers auf luxuri\u00f6sen Geschenkboxen, Zigarren-Humidoren oder Verpackungen in limitierter Auflage vermittelt dem Verbraucher sofort Exklusivit\u00e4t und einen hohen Wert, noch bevor er das Produkt \u00fcberhaupt \u00f6ffnet.<\/p>\n<\/div>\n<\/div>\n<p><!-- Knowledge Point Box --><\/p>\n<div style=\"background-color: #f4f8fc; border-left: 5px solid #0056b3; padding: 25px; margin: 40px 0; border-radius: 0 8px 8px 0; box-shadow: 0 2px 10px rgba(0,0,0,0.03);\">\n<h3 style=\"color: #0056b3; margin-top: 0; display: flex; align-items: center; font-size: 20px;\"><span style=\"font-size: 24px; margin-right: 10px;\">\ud83d\udca1<\/span> Technical Knowledge: Selecting the Right Adhesive<\/h3>\n<p style=\"margin-bottom: 15px; color: #444;\">Der Erfolg eines Metallaufklebers h\u00e4ngt ma\u00dfgeblich von der verwendeten Kleber\u00fcckseite ab. Bei JTT Precision Metal passen wir die Klebeschicht an Ihre spezifische Anwendung an, um Langlebigkeit und optimale Verbindung zu gew\u00e4hrleisten:<\/p>\n<ul style=\"color: #444; margin-bottom: 0; padding-left: 20px; line-height: 1.8;\">\n<li><strong>3M-Kleber:<\/strong> Wird oft als Goldstandard f\u00fcr Siebdruck- und Metall-Namensschilder angesehen. Es zeichnet sich durch eine au\u00dfergew\u00f6hnlich hohe Anfangshaftung und langfristige Haltekraft aus und eignet sich daher perfekt f\u00fcr strukturierte Kunststoffe, pulverbeschichtete Lacke und leicht gew\u00f6lbte Oberfl\u00e4chen.<\/li>\n<li><strong>doppelseitig selbstklebend:<\/strong> These are high-performance acrylic adhesives ideal for smooth, flat surfaces like glass (perfume bottles), flat electronics, and rigid packing boxes. They offer excellent resistance to harsh chemicals and temperature fluctuations.<\/li>\n<li><strong>Schmelzklebstoff:<\/strong> Die ideale L\u00f6sung f\u00fcr por\u00f6se oder flexible Untergr\u00fcnde wie Lederm\u00f6bel, Leinwand und schwere Textilien. Das Etikett wird durch pr\u00e4zises Hei\u00dfpressen aufgebracht, wodurch eine dauerhafte Verbindung mit den Stofffasern entsteht.<\/li>\n<\/ul>\n<\/div>\n<p><!-- Quality & Trust Section --><\/p>\n<h2 style=\"color: #0056b3; border-bottom: 2px solid #e9ecef; padding-bottom: 10px; margin-top: 40px;\">Kompromisslose Qualit\u00e4t, Sicherheit und Vertrauen<\/h2>\n<p>Die Wahl eines Produktionspartners f\u00fcr Ihre Markenwerte erfordert gro\u00dfes Vertrauen. Durch die strikte Einhaltung internationaler Qualit\u00e4ts- und Sicherheitsstandards hat sich JTT Precision Metal Co., Ltd. in der Branche einen hervorragenden Ruf erworben. In unseren Produktionsanlagen werden strenge Qualit\u00e4tskontrollen durchgef\u00fchrt, um sicherzustellen, dass jedes individuelle kleine Metalletikett, das unseren Boden verl\u00e4sst, einwandfrei ist.<\/p>\n<p><strong>Zertifizierungen und Compliance:<\/strong> Unsere Materialien und Klebstoffe sind auf Herz und Nieren gepr\u00fcft und halten <strong>SGS-, ROHS- und MSDS-Zertifizierungen<\/strong>. Das bedeutet, dass unsere Produkte frei von gef\u00e4hrlichen Substanzen sind, f\u00fcr den Verbraucher sicher zu handhaben sind und den internationalen Exportbestimmungen vollst\u00e4ndig entsprechen.<\/p>\n<p><strong>Datensicherheit und IP-Schutz:<\/strong> Wir verstehen, dass Ihre Logos und Designs gesch\u00fctztes geistiges Eigentum sind. Auf Anfrage wenden wir strenge Datensicherheitsprotokolle und Geheimhaltungsvereinbarungen (NDAs) an. Ihre benutzerdefinierten Grafiken, Vektordateien und 3D-Designs werden sicher gespeichert und ohne ausdr\u00fcckliche Genehmigung niemals weitergegeben oder f\u00fcr andere Zwecke verwendet.<\/p>\n<p><strong>Kundenversicherungsrichtlinie:<\/strong> Wir sind stolz auf unsere hervorragende Fertigungsqualit\u00e4t. Im seltenen Fall von Auftragsdiskrepanzen oder M\u00e4ngelanspr\u00fcchen wird das Problem von unserem engagierten Qualit\u00e4tssicherungsteam sorgf\u00e4ltig gepr\u00fcft, um die geeignete L\u00f6sung zu finden. Wir arbeiten eng mit unseren Kunden zusammen, um sicherzustellen, dass sie mit der endg\u00fcltigen Handwerkskunst vollkommen zufrieden sind.<\/p>\n<p><!-- Ordering Process --><\/p>\n<h2 style=\"color: #0056b3; border-bottom: 2px solid #e9ecef; padding-bottom: 10px; margin-top: 40px;\">Optimierter Anfrage- und Produktionsprozess<\/h2>\n<p>Wir betreiben ein effizientes, auf B2B-Anfragen basierendes Modell, das darauf ausgelegt ist, Ihre Produkte schnell und ohne Qualit\u00e4tseinbu\u00dfen auf den Markt zu bringen.<\/p>\n<ol style=\"line-height: 1.8; color: #444; margin-bottom: 30px;\">\n<li><strong>Reichen Sie Ihren Entwurf ein:<\/strong> Senden Sie uns Ihr Logo (bevorzugt im AI-, PDF- oder CDR-Format) zusammen mit Angaben zur beabsichtigten Anwendung (z. B. Laptop, Parf\u00fcmflasche, Leder).<\/li>\n<li><strong>Beratung und Angebotserstellung:<\/strong> Our design specialists will evaluate your artwork, recommend the ideal material thickness, finish, and adhesive, and provide a transparent, comprehensive quote.<\/li>\n<li><strong>Schnelle Probenahme:<\/strong> We generate physical prototypes or high-resolution digital proofs for your approval, ensuring the color, texture, and scale meet your precise specifications.<\/li>\n<li><strong>Massenproduktion:<\/strong> Upon sample approval, we initiate rapid mass production utilizing our advanced fabrication lines.<\/li>\n<li><strong>Sicherer Versand:<\/strong> Products are carefully packaged to prevent scratching and shipped globally using reliable logistics partners. We support flexible payment terms including T\/T, PayPal, and secure bank transfers.<\/li>\n<\/ol>\n<p><!-- FAQs Box --><\/p>\n<h2 style=\"color: #0056b3; border-bottom: 2px solid #e9ecef; padding-bottom: 10px; margin-top: 40px;\">Frequently Asked Questions (FAQs)<\/h2>\n<div style=\"border: 1px solid #e2e8f0; border-radius: 8px; margin-bottom: 15px; background-color: #fff; overflow: hidden; box-shadow: 0 2px 4px rgba(0,0,0,0.02);\">\n<h3 style=\"margin: 0; padding: 15px 20px; background-color: #f8fafc; font-size: 16px; color: #1e293b; border-bottom: 1px solid #e2e8f0;\">What makes nickel label stickers different from stainless steel?<\/h3>\n<div style=\"padding: 15px 20px; color: #475569; font-size: 15px;\">Nickelaufkleber k\u00f6nnen ultrad\u00fcnn (bis zu 0,045 mm) hergestellt werden, sodass sie sich biegen und wunderbar an gekr\u00fcmmte Oberfl\u00e4chen wie runde Flaschen und konturierte Telefonh\u00fcllen anpassen lassen. Edelstahl bietet eine unglaubliche Steifigkeit und \u00fcberragende Haltbarkeit und eignet sich daher ideal f\u00fcr ebene Fl\u00e4chen, schwere Maschinen und Au\u00dfenger\u00e4te.<\/div>\n<\/div>\n<div style=\"border: 1px solid #e2e8f0; border-radius: 8px; margin-bottom: 15px; background-color: #fff; overflow: hidden; box-shadow: 0 2px 4px rgba(0,0,0,0.02);\">\n<h3 style=\"margin: 0; padding: 15px 20px; background-color: #f8fafc; font-size: 16px; color: #1e293b; border-bottom: 1px solid #e2e8f0;\">Wie bringe ich den individuellen Metallaufkleber an meinem Produkt an?<\/h3>\n<div style=\"padding: 15px 20px; color: #475569; font-size: 15px;\">Die Anwendung ist denkbar einfach. Reinigen Sie die Zieloberfl\u00e4che gr\u00fcndlich, um Staub und \u00d6le zu entfernen. Ziehen Sie die Schutzfolie von der R\u00fcckseite des Metalletiketts ab, richten Sie es sorgf\u00e4ltig aus und dr\u00fccken Sie es fest auf die Oberfl\u00e4che. Bei Etiketten mit einer Schutzfolie auf der Vorderseite ziehen Sie einfach die Schutzfolie ab, nachdem das Etikett fest angebracht ist, um die makellose Metalloberfl\u00e4che freizulegen.<\/div>\n<\/div>\n<div style=\"border: 1px solid #e2e8f0; border-radius: 8px; margin-bottom: 15px; background-color: #fff; overflow: hidden; box-shadow: 0 2px 4px rgba(0,0,0,0.02);\">\n<h3 style=\"margin: 0; padding: 15px 20px; background-color: #f8fafc; font-size: 16px; color: #1e293b; border-bottom: 1px solid #e2e8f0;\">Can you match my specific brand colors?<\/h3>\n<div style=\"padding: 15px 20px; color: #475569; font-size: 15px;\">Ja! Durch fortschrittliche PVD-Beschichtungs-, Lackier- und Drucktechniken k\u00f6nnen wir metallische Etiketten in klassischem Gold, Silber, Ros\u00e9gold, Rotguss oder benutzerdefinierten, auf Pantone abgestimmten Farben herstellen, die perfekt zu Ihrer Markenidentit\u00e4t passen.<\/div>\n<\/div>\n<div style=\"border: 1px solid #e2e8f0; border-radius: 8px; margin-bottom: 15px; background-color: #fff; overflow: hidden; box-shadow: 0 2px 4px rgba(0,0,0,0.02);\">\n<h3 style=\"margin: 0; padding: 15px 20px; background-color: #f8fafc; font-size: 16px; color: #1e293b; border-bottom: 1px solid #e2e8f0;\">Wie lange dauert der Produktionsprozess?<\/h3>\n<div style=\"padding: 15px 20px; color: #475569; font-size: 15px;\">Dank unserer optimierten Fertigungskapazit\u00e4ten dauert die schnelle Bemusterung in der Regel nur wenige Tage, nachdem das Kunstwerk genehmigt wurde. Die Zeiten f\u00fcr die Massenproduktion variieren je nach Auftragsvolumen und Komplexit\u00e4t, aber unsere \u00fcber 20-j\u00e4hrige Erfahrung erm\u00f6glicht es uns, \u00e4u\u00dferst wettbewerbsf\u00e4hige Lieferzeiten aufrechtzuerhalten.<\/div>\n<\/div>\n<p><!-- Bottom Conversion CTA --><\/p>\n<div id=\"inquiry-form\" style=\"background-color: #1a1a1a; color: #ffffff; padding: 40px; border-radius: 8px; text-align: center; margin-top: 50px;\">\n<h2 style=\"color: #ffffff; margin-top: 0; margin-bottom: 15px; font-size: 26px;\">Sind Sie bereit, Ihre Produktverpackung aufzuwerten?<\/h2>\n<p style=\"color: #cccccc; margin-bottom: 30px; font-size: 16px; max-width: 700px; margin-left: auto; margin-right: auto;\">Lassen Sie nicht zu, dass ein minderwertiges Branding den wahrgenommenen Wert Ihrer Produkte schm\u00e4lert. Arbeiten Sie mit JTT Precision Metal Co., Ltd. zusammen, um erstklassige individuelle Logo-Aufkleber aus Metall zu erhalten.<\/p>\n<p><a style=\"display: inline-block; background-color: #28a745; color: #ffffff; padding: 15px 40px; text-decoration: none; font-size: 18px; font-weight: bold; border-radius: 50px; transition: background-color 0.3s ease; box-shadow: 0 4px 10px rgba(40, 167, 69, 0.4);\" href=\"mailto:fiona@jttlogo.net\">\u2709 Kontaktieren Sie uns f\u00fcr ein Angebot und ein Muster<\/a><\/p>\n<p style=\"margin-top: 20px; font-size: 12px; color: #888;\">Unser engagiertes Team wird Ihre Anfrage umgehend mit fachkundiger Beratung und Preisdetails beantworten.<\/p>\n<\/div>\n<\/article>\n<p><!-- SEO Description: Elevate your brand with custom small metal labels and nickel stickers. Perfect for laptops, appliances & packaging. SGS-certified, 20+ years expertise. Request a quote! --><\/p>","protected":false},"excerpt":{"rendered":"<p>Werten Sie Ihre Marke mit individuellen kleinen Metalletiketten und Nickelaufklebern auf. Perfekt f\u00fcr Laptops, Ger\u00e4te und Verpackungen. SGS-zertifiziert, mehr als 20 Jahre Erfahrung. Fordern Sie ein Angebot an!<\/p>","protected":false},"featured_media":2455,"comment_status":"open","ping_status":"closed","template":"","meta":[],"product_brand":[],"product_cat":[48],"product_tag":[],"class_list":{"0":"post-2450","1":"product","2":"type-product","3":"status-publish","4":"has-post-thumbnail","6":"product_cat-nickel-metal-sticker","8":"first","9":"instock","10":"shipping-taxable","11":"product-type-simple"},"jetpack-related-posts":[],"jetpack_sharing_enabled":true,"_links":{"self":[{"href":"https:\/\/jttlogos.com\/de\/wp-json\/wp\/v2\/product\/2450","targetHints":{"allow":["GET"]}}],"collection":[{"href":"https:\/\/jttlogos.com\/de\/wp-json\/wp\/v2\/product"}],"about":[{"href":"https:\/\/jttlogos.com\/de\/wp-json\/wp\/v2\/types\/product"}],"replies":[{"embeddable":true,"href":"https:\/\/jttlogos.com\/de\/wp-json\/wp\/v2\/comments?post=2450"}],"wp:featuredmedia":[{"embeddable":true,"href":"https:\/\/jttlogos.com\/de\/wp-json\/wp\/v2\/media\/2455"}],"wp:attachment":[{"href":"https:\/\/jttlogos.com\/de\/wp-json\/wp\/v2\/media?parent=2450"}],"wp:term":[{"taxonomy":"product_brand","embeddable":true,"href":"https:\/\/jttlogos.com\/de\/wp-json\/wp\/v2\/product_brand?post=2450"},{"taxonomy":"product_cat","embeddable":true,"href":"https:\/\/jttlogos.com\/de\/wp-json\/wp\/v2\/product_cat?post=2450"},{"taxonomy":"product_tag","embeddable":true,"href":"https:\/\/jttlogos.com\/de\/wp-json\/wp\/v2\/product_tag?post=2450"}],"curies":[{"name":"wp","href":"https:\/\/api.w.org\/{rel}","templated":true}]}}