{"id":2665,"date":"2020-05-14T03:44:34","date_gmt":"2020-05-14T03:44:34","guid":{"rendered":"https:\/\/jttlogos.com\/?post_type=product&#038;p=2665"},"modified":"2024-03-31T15:05:57","modified_gmt":"2024-03-31T15:05:57","slug":"manufacture-custom-letters-logo-waterproof-adhesive-electroforming-metal-shining-nickel-3m-stickers-for-machine-phone-household-appliances","status":"publish","type":"product","link":"https:\/\/jttlogos.com\/de\/produkt\/herstellung-von-benutzerdefinierten-buchstaben-logos-wasserfestem-klebstoff-galvanisch-geformtes-metall-glanzendes-nickel-3m-aufkleber-fur-maschinen-telefone-und-haushaltsgerate\/","title":{"rendered":"Fertigen Sie kundenspezifische Buchstaben-Logo-wasserdichte selbstklebende Elektroforming-Metall-gl\u00e4nzende Nickel-3M-Aufkleber f\u00fcr Maschinentelefon-Haushaltsger\u00e4te an"},"content":{"rendered":"<div id=\"pl-2665\" class=\"panel-layout\">\n<div id=\"pg-2665-0\" class=\"panel-grid panel-no-style\" data-style=\"{&quot;background_image_attachment&quot;:false,&quot;background_display&quot;:&quot;tile&quot;,&quot;gutter&quot;:&quot;50px&quot;,&quot;collapse_order&quot;:&quot;right-top&quot;,&quot;cell_alignment&quot;:&quot;center&quot;}\">\n<div id=\"pgc-2665-0-0\" class=\"panel-grid-cell\" data-weight=\"0.5\">\n<div id=\"panel-2665-0-0-0\" class=\"so-panel widget widget_sow-editor panel-first-child panel-last-child\" data-index=\"0\" data-style=\"{&quot;padding&quot;:&quot;0px 0px 30px 0px&quot;,&quot;mobile_padding&quot;:&quot;4px 4px 4px 4px&quot;,&quot;background_image_attachment&quot;:false,&quot;background_display&quot;:&quot;tile&quot;}\">\n<div class=\"panel-widget-style panel-widget-style-for-2665-0-0-0\">\n<div class=\"so-widget-sow-editor so-widget-sow-editor-base\">\n<div class=\"siteorigin-widget-tinymce textwidget\">\n<p><strong>Artikel:<a href=\"https:\/\/jttlogos.com\/de\/produktkategorie\/nickel-metallaufkleber\/\">Metall-Nickel-Aufkleber<\/a><\/strong><br \/>\n<strong>Material:<\/strong>Metall, 100%nickel<br \/>\n<strong>Technik:<\/strong>Galvanisieren<br \/>\n<strong>Dicke:<\/strong>0,045\u20130,12 mm<br \/>\n<strong>Gr\u00f6\u00dfe\/Farbe:<\/strong> In jeder Gr\u00f6\u00dfe, Form und Farbe individuell anpassbar<br \/>\n<strong>Kleber:<\/strong> 3M-Kleber, 3M-Schmelzkleber, doppelseitig selbstklebend<br \/>\n<strong>Verwendung:<\/strong>Mobiltelefone, Handyh\u00fcllen, Haushaltsger\u00e4te, elektronische Produkte, Verpackung von Geschenkboxen, Autos, Maschinen und viele andere Bereiche<br \/>\n<strong>Zertifizierung:<\/strong> SGS, ROHS, MSDS<br \/>\n<strong>Lieferzeit:<\/strong> 1 Tag f\u00fcr unsere vorhandenen Muster als Referenz. Schnelle Lieferung 3-5 Tage f\u00fcr die Musterherstellung, die Massenproduktionszeit h\u00e4ngt von der Bestellmenge ab<br \/>\n<strong>Zahlung:<\/strong> T\/T 30% als Anzahlung und Restbetrag vor Lieferung<br \/>\n<strong>Verpackung:<\/strong> OPP-Verpackungsbeutel<br \/>\n<strong>Sendung:<\/strong> Auf dem Seeweg, per Flugzeug, per DHL oder per UPS oder einem anderen Express<br \/>\n<strong>Zahlungsziel: <\/strong>Zahlung per Kreditkarte, Paypal, Bank\u00fcberweisung, Western Union, L\/C, T\/T, Alibaba Trade Assurance Order usw.<br \/>\n<strong>Grafikformat:<\/strong> AI, PDF, CDR, CAD oder andere<\/p>\n<\/div>\n<\/div>\n<\/div>\n<\/div>\n<\/div>\n<div id=\"pgc-2665-0-1\" class=\"panel-grid-cell\" data-weight=\"0.5\">\n<div id=\"panel-2665-0-1-0\" class=\"so-panel widget widget_sow-editor panel-first-child panel-last-child\" data-index=\"1\" data-style=\"{&quot;padding&quot;:&quot;0px 0px 30px 0px&quot;,&quot;mobile_padding&quot;:&quot;0px 0px 0px 0px&quot;,&quot;background_image_attachment&quot;:false,&quot;background_display&quot;:&quot;tile&quot;}\">\n<div class=\"panel-widget-style panel-widget-style-for-2665-0-1-0\">\n<div class=\"so-widget-sow-editor so-widget-sow-editor-base\">\n<div class=\"siteorigin-widget-tinymce textwidget\">\n<p><iframe loading=\"lazy\" title=\"Wasserdichter individueller selbstklebender Metall-Nickel-Auto-3D-Metall-Etikettenaufkleber, Metall-Logo-Laptop-Aufkleber\" width=\"1020\" height=\"574\" src=\"https:\/\/www.youtube.com\/embed\/UxDT10fRCBg?feature=oembed\" frameborder=\"0\" allow=\"accelerometer; autoplay; clipboard-write; encrypted-media; gyroscope; picture-in-picture; web-share\" referrerpolicy=\"strict-origin-when-cross-origin\" allowfullscreen><\/iframe><\/p>\n<\/div>\n<\/div>\n<\/div>\n<\/div>\n<\/div>\n<\/div>\n<div id=\"pg-2665-1\" class=\"panel-grid panel-has-style\" data-style=\"{&quot;padding&quot;:&quot;0px 0px 30px 0px&quot;,&quot;mobile_padding&quot;:&quot;0px 0px 0px 0px&quot;,&quot;background_image_attachment&quot;:false,&quot;background_display&quot;:&quot;tile&quot;,&quot;gutter&quot;:&quot;50px&quot;,&quot;cell_alignment&quot;:&quot;center&quot;}\">\n<div class=\"panel-row-style panel-row-style-for-2665-1\">\n<div id=\"pgc-2665-1-0\" class=\"panel-grid-cell\" data-weight=\"0.5\">\n<div id=\"panel-2665-1-0-0\" class=\"so-panel widget widget_sow-editor panel-first-child panel-last-child\" data-index=\"2\" data-style=\"{&quot;padding&quot;:&quot;0px 0px 0px 0px&quot;,&quot;background_image_attachment&quot;:false,&quot;background_display&quot;:&quot;tile&quot;}\">\n<div class=\"panel-widget-style panel-widget-style-for-2665-1-0-0\">\n<div class=\"so-widget-sow-editor so-widget-sow-editor-base\">\n<div class=\"siteorigin-widget-tinymce textwidget\">\n<p><img data-recalc-dims=\"1\" decoding=\"async\" class=\"size-full wp-image-1418\" src=\"https:\/\/i0.wp.com\/jttlogos.com\/wp-content\/uploads\/2020\/05\/photobank-4.jpg?resize=600%2C450&#038;ssl=1\" alt=\"Platzhalter\" width=\"600\" height=\"450\" title=\"\"><\/p>\n<\/div>\n<\/div>\n<\/div>\n<\/div>\n<\/div>\n<div id=\"pgc-2665-1-1\" class=\"panel-grid-cell\" data-weight=\"0.5\">\n<div id=\"panel-2665-1-1-0\" class=\"so-panel widget widget_sow-editor panel-first-child panel-last-child\" data-index=\"3\" data-style=\"{&quot;padding&quot;:&quot;0px 0px 0px 0px&quot;,&quot;mobile_padding&quot;:&quot;0px 0px 0px 0px&quot;,&quot;background_image_attachment&quot;:false,&quot;background_display&quot;:&quot;tile&quot;}\">\n<div class=\"panel-widget-style panel-widget-style-for-2665-1-1-0\">\n<div class=\"so-widget-sow-editor so-widget-sow-editor-base\">\n<div class=\"siteorigin-widget-tinymce textwidget\">\n<div class=\"do-entry do-entry-full\">\n<div class=\"do-entry-title\"><strong>Lieferf\u00e4higkeit:7<\/strong>00000 St\u00fcck\/St\u00fccke pro Tag<\/div>\n<div><\/div>\n<\/div>\n<div class=\"do-entry do-entry-full\">\n<div class=\"do-entry-title\" data-spm-anchor-id=\"a2700.details.prilinga1e.i2.29725d4bShCavX\"><strong>Verpackung &amp; Lieferung<\/strong><\/div>\n<div class=\"do-entry-title\" data-spm-anchor-id=\"a2700.details.prilinga1e.i2.29725d4bShCavX\"><strong>Verpackungsinformationen: <a href=\"https:\/\/jttlogos.com\/de\/produktkategorie\/nickel-metallaufkleber\/\">D\u00fcnne Metallaufkleber mit Logo aus Nickel<\/a><\/strong> ist in einem kostenlosen OPP-Verpackungsbeutel verpackt.<\/div>\n<div class=\"do-entry-list\">\n<dl class=\"do-entry-item\">\n<dt class=\"do-entry-item-key\" title=\"Hafen\"><strong>Hafen:<\/strong>Shenzhen<\/dt>\n<\/dl>\n<dl class=\"do-entry-item\">\n<dt class=\"name mk-name\" title=\"Vorlaufzeit\">Vorlaufzeit?<i class=\"next-icon next-icon-help next-icon-xs js-leadtimes-tips\"><\/i>:<\/dt>\n<dd class=\"do-entry-item-val\" title=\"Vorlaufzeit\" data-spm-anchor-id=\"a2700.details.prilinga1e.i3.29725d4bShCavX\">\n<table class=\"supply-ability-table ui2-table ui2-table-normal ui2-table-zebra ui2-table-hover\">\n<tbody>\n<tr>\n<td>Menge (St\u00fcck)<\/td>\n<td>1 &#8211; 100<\/td>\n<td>101 &#8211; 50000<\/td>\n<td>50001 &#8211; 100000<\/td>\n<td>&gt;100000<\/td>\n<\/tr>\n<tr>\n<td>Europ\u00e4ische Sommerzeit. Zeit (Tage)<\/td>\n<td>3<\/td>\n<td>5<\/td>\n<td>10<\/td>\n<td>Zu verhandeln<\/td>\n<\/tr>\n<\/tbody>\n<\/table>\n<\/dd>\n<\/dl>\n<\/div>\n<\/div>\n<\/div>\n<\/div>\n<\/div>\n<\/div>\n<\/div>\n<\/div>\n<\/div>\n<div id=\"pg-2665-2\" class=\"panel-grid panel-has-style\" data-style=\"{&quot;padding&quot;:&quot;0px 0px 33px 0px&quot;,&quot;mobile_padding&quot;:&quot;0px 0px 13px 0px&quot;,&quot;background_image_attachment&quot;:false,&quot;background_display&quot;:&quot;tile&quot;,&quot;gutter&quot;:&quot;40px&quot;,&quot;cell_alignment&quot;:&quot;flex-start&quot;}\" data-ratio=\"1\" data-ratio-direction=\"right\">\n<div class=\"panel-row-style panel-row-style-for-2665-2\">\n<div id=\"pgc-2665-2-0\" class=\"panel-grid-cell\" data-weight=\"0.5\">\n<div id=\"panel-2665-2-0-0\" class=\"so-panel widget widget_sow-editor panel-first-child\" data-index=\"4\" data-style=\"{&quot;widget_css&quot;:&quot;margin-bottom: -10px;\\n&quot;,&quot;padding&quot;:&quot;0px 0px 0px 0px&quot;,&quot;background_image_attachment&quot;:false,&quot;background_display&quot;:&quot;tile&quot;,&quot;margin&quot;:&quot;0px 0px 0px 0px&quot;}\">\n<div class=\"panel-widget-style panel-widget-style-for-2665-2-0-0\">\n<div class=\"so-widget-sow-editor so-widget-sow-editor-base\">\n<div class=\"siteorigin-widget-tinymce textwidget\">\n<p><img data-recalc-dims=\"1\" decoding=\"async\" class=\"aligncenter size-full wp-image-1417\" src=\"https:\/\/i0.wp.com\/jttlogos.com\/wp-content\/uploads\/2020\/05\/JTT-application-scenarios.jpg?resize=600%2C600&#038;ssl=1\" alt=\"Platzhalter\" width=\"600\" height=\"600\" title=\"\"><\/p>\n<\/div>\n<\/div>\n<\/div>\n<\/div>\n<div id=\"panel-2665-2-0-1\" class=\"so-panel widget widget_sow-editor\" data-index=\"5\" data-style=\"{&quot;padding&quot;:&quot;0px 0px 30px 0px&quot;,&quot;mobile_padding&quot;:&quot;0px 0px 14px 0px&quot;,&quot;background_image_attachment&quot;:false,&quot;background_display&quot;:&quot;tile&quot;}\">\n<div class=\"panel-widget-style panel-widget-style-for-2665-2-0-1\">\n<div class=\"so-widget-sow-editor so-widget-sow-editor-base\">\n<div class=\"siteorigin-widget-tinymce textwidget\">\n<h3 style=\"margin-bottom: 17px;\">Anwendung von <a href=\"https:\/\/jttlogos.com\/de\/\">Metallaufkleber<\/a><\/h3>\n<p>JTT-Hauptgesch\u00e4ft: <a href=\"https:\/\/jttlogos.com\/de\/produktkategorie\/nickel-metallaufkleber\/\"><strong>Logo-Aufkleber aus Nickelmetall<\/strong><\/a>, <a href=\"https:\/\/jttlogos.com\/de\/produktkategorie\/aufkleber-aus-edelstahl\/\"><strong>Logo-Aufkleber aus Edelstahl und Metall<\/strong><\/a>, <a href=\"https:\/\/jttlogos.com\/de\/produktkategorie\/3d-metallaufkleber\/\"><strong>3D Galvanoforming Metall Logo Aufkleber<\/strong><\/a>, <a href=\"https:\/\/jttlogos.com\/de\/produktkategorie\/lautsprechergitter-metallaufkleber\/\"><strong>Lautsprecher-Mesh-Metallaufkleber<\/strong><\/a>. Wir produzieren Metallaufkleber f\u00fcr Mobiltelefone, Handyh\u00fcllen, Haushaltsger\u00e4te, elektronische Produkte, Verpackungen von Geschenkboxen, Autos, Maschinen und viele andere Bereiche.<\/p>\n<\/div>\n<\/div>\n<\/div>\n<\/div>\n<div id=\"panel-2665-2-0-2\" class=\"so-panel widget widget_sow-editor\" data-index=\"6\" data-style=\"{&quot;widget_css&quot;:&quot;margin-bottom: -10px;\\n&quot;,&quot;padding&quot;:&quot;0px 0px 0px 0px&quot;,&quot;background_image_attachment&quot;:false,&quot;background_display&quot;:&quot;tile&quot;,&quot;margin&quot;:&quot;0px 0px 0px 0px&quot;}\">\n<div class=\"panel-widget-style panel-widget-style-for-2665-2-0-2\">\n<div class=\"so-widget-sow-editor so-widget-sow-editor-base\">\n<div class=\"siteorigin-widget-tinymce textwidget\"><img data-recalc-dims=\"1\" decoding=\"async\" class=\"aligncenter size-full wp-image-1417\" src=\"https:\/\/i0.wp.com\/jttlogos.com\/wp-content\/uploads\/2020\/05\/JTT-productive-process.jpg?resize=600%2C600&#038;ssl=1\" alt=\"Platzhalter\" width=\"600\" height=\"600\" title=\"\"><\/div>\n<\/div>\n<\/div>\n<\/div>\n<div id=\"panel-2665-2-0-3\" class=\"so-panel widget widget_sow-editor panel-last-child\" data-index=\"7\" data-style=\"{&quot;padding&quot;:&quot;0px 0px 30px 0px&quot;,&quot;mobile_padding&quot;:&quot;0px 0px 14px 0px&quot;,&quot;background_image_attachment&quot;:false,&quot;background_display&quot;:&quot;tile&quot;}\">\n<div class=\"panel-widget-style panel-widget-style-for-2665-2-0-3\">\n<div class=\"so-widget-sow-editor so-widget-sow-editor-base\">\n<div class=\"siteorigin-widget-tinymce textwidget\">\n<h4><strong>Produktiver Prozess: <\/strong>Nickel-Metallaufkleber<\/h4>\n<p>Machen Sie einen Film \u2192? Reinigen Sie die Stahlplatte \u2192?<\/p>\n<\/div>\n<\/div>\n<\/div>\n<\/div>\n<\/div>\n<div id=\"pgc-2665-2-1\" class=\"panel-grid-cell\" data-weight=\"0.5\">\n<div id=\"panel-2665-2-1-0\" class=\"so-panel widget widget_sow-editor panel-first-child\" data-index=\"8\" data-style=\"{&quot;widget_css&quot;:&quot;margin-bottom: -10px;\\n&quot;,&quot;padding&quot;:&quot;0px 0px 0px 0px&quot;,&quot;background_image_attachment&quot;:false,&quot;background_display&quot;:&quot;tile&quot;,&quot;margin&quot;:&quot;0px 0px 0px 0px&quot;}\">\n<div class=\"panel-widget-style panel-widget-style-for-2665-2-1-0\">\n<div class=\"so-widget-sow-editor so-widget-sow-editor-base\">\n<div class=\"siteorigin-widget-tinymce textwidget\">\n<p><img data-recalc-dims=\"1\" decoding=\"async\" class=\"aligncenter size-full wp-image-1417\" src=\"https:\/\/i0.wp.com\/jttlogos.com\/wp-content\/uploads\/2020\/05\/jtt-company-advantage-1.jpg?resize=600%2C600&#038;ssl=1\" alt=\"Platzhalter\" width=\"600\" height=\"600\" title=\"\"><\/p>\n<\/div>\n<\/div>\n<\/div>\n<\/div>\n<div id=\"panel-2665-2-1-1\" class=\"so-panel widget widget_sow-editor\" data-index=\"9\" data-style=\"{&quot;padding&quot;:&quot;0px 0px 30px 0px&quot;,&quot;mobile_padding&quot;:&quot;0px 0px 14px 0px&quot;,&quot;background_image_attachment&quot;:false,&quot;background_display&quot;:&quot;tile&quot;}\">\n<div class=\"panel-widget-style panel-widget-style-for-2665-2-1-1\">\n<div class=\"so-widget-sow-editor so-widget-sow-editor-base\">\n<div class=\"siteorigin-widget-tinymce textwidget\">\n<h3 style=\"margin-bottom: 17px;\">WARUM UNS W\u00c4HLEN?<\/h3>\n<p>1.Most konkurrenzf\u00e4higer Preis und hohe Qualit\u00e4t<br \/>\n2.Starkes F&amp;E-Team und strenges QC-System<br \/>\n3. P\u00fcnktliche Lieferung<br \/>\n4.Absolute Zufriedenheit garantiert: Wir bieten Ihnen das beste Preis-Leistungs-Verh\u00e4ltnis ohne Verschwendung<\/p>\n<\/div>\n<\/div>\n<\/div>\n<\/div>\n<div id=\"panel-2665-2-1-2\" class=\"so-panel widget widget_sow-editor\" data-index=\"10\" data-style=\"{&quot;widget_css&quot;:&quot;margin-bottom: -10px;\\n&quot;,&quot;padding&quot;:&quot;0px 0px 0px 0px&quot;,&quot;background_image_attachment&quot;:false,&quot;background_display&quot;:&quot;tile&quot;,&quot;margin&quot;:&quot;0px 0px 0px 0px&quot;}\">\n<div class=\"panel-widget-style panel-widget-style-for-2665-2-1-2\">\n<div class=\"so-widget-sow-editor so-widget-sow-editor-base\">\n<div class=\"siteorigin-widget-tinymce textwidget\">\n<p><img data-recalc-dims=\"1\" decoding=\"async\" class=\"aligncenter size-full wp-image-1417\" src=\"https:\/\/i0.wp.com\/jttlogos.com\/wp-content\/uploads\/2020\/05\/Certification-JTT.jpg?resize=600%2C600&#038;ssl=1\" alt=\"Platzhalter\" width=\"600\" height=\"600\" title=\"\"><\/p>\n<\/div>\n<\/div>\n<\/div>\n<\/div>\n<div id=\"panel-2665-2-1-3\" class=\"so-panel widget widget_sow-editor panel-last-child\" data-index=\"11\" data-style=\"{&quot;padding&quot;:&quot;0px 0px 30px 0px&quot;,&quot;mobile_padding&quot;:&quot;0px 0px 14px 0px&quot;,&quot;background_image_attachment&quot;:false,&quot;background_display&quot;:&quot;tile&quot;}\">\n<div class=\"panel-widget-style panel-widget-style-for-2665-2-1-3\">\n<div class=\"so-widget-sow-editor so-widget-sow-editor-base\">\n<div class=\"siteorigin-widget-tinymce textwidget\">\n<h3><strong>SGS-, ROHS-, MSDS-Zertifizierung<\/strong><\/h3>\n<\/div>\n<\/div>\n<\/div>\n<\/div>\n<\/div>\n<\/div>\n<\/div>\n<\/div>","protected":false},"excerpt":{"rendered":"<p>JTT ist ein weltweit f\u00fchrender Lieferant und Hersteller von Metallaufklebern, Nickelaufklebern, Edelstahlaufklebern, 3D-Metallaufklebern und Mesh-Lautsprechern, der sich seit \u00fcber 14 Jahren auf diese Branche spezialisiert hat.<\/p>\n<p>Der konkrete Preis wird durch das Produkt bestimmt.<\/p>","protected":false},"featured_media":2030,"comment_status":"open","ping_status":"closed","template":"","meta":[],"product_brand":[],"product_cat":[48,951],"product_tag":[],"class_list":{"0":"post-2665","1":"product","2":"type-product","3":"status-publish","4":"has-post-thumbnail","6":"product_cat-nickel-metal-sticker","7":"product_cat-recommend-products","9":"first","10":"instock","11":"shipping-taxable","12":"product-type-simple"},"jetpack-related-posts":[],"jetpack_sharing_enabled":true,"_links":{"self":[{"href":"https:\/\/jttlogos.com\/de\/wp-json\/wp\/v2\/product\/2665","targetHints":{"allow":["GET"]}}],"collection":[{"href":"https:\/\/jttlogos.com\/de\/wp-json\/wp\/v2\/product"}],"about":[{"href":"https:\/\/jttlogos.com\/de\/wp-json\/wp\/v2\/types\/product"}],"replies":[{"embeddable":true,"href":"https:\/\/jttlogos.com\/de\/wp-json\/wp\/v2\/comments?post=2665"}],"wp:featuredmedia":[{"embeddable":true,"href":"https:\/\/jttlogos.com\/de\/wp-json\/wp\/v2\/media\/2030"}],"wp:attachment":[{"href":"https:\/\/jttlogos.com\/de\/wp-json\/wp\/v2\/media?parent=2665"}],"wp:term":[{"taxonomy":"product_brand","embeddable":true,"href":"https:\/\/jttlogos.com\/de\/wp-json\/wp\/v2\/product_brand?post=2665"},{"taxonomy":"product_cat","embeddable":true,"href":"https:\/\/jttlogos.com\/de\/wp-json\/wp\/v2\/product_cat?post=2665"},{"taxonomy":"product_tag","embeddable":true,"href":"https:\/\/jttlogos.com\/de\/wp-json\/wp\/v2\/product_tag?post=2665"}],"curies":[{"name":"wp","href":"https:\/\/api.w.org\/{rel}","templated":true}]}}