{"id":2670,"date":"2020-05-14T05:59:47","date_gmt":"2020-05-14T05:59:47","guid":{"rendered":"https:\/\/jttlogos.com\/?post_type=product&#038;p=2670"},"modified":"2026-04-18T11:33:52","modified_gmt":"2026-04-18T11:33:52","slug":"custom-metal-name-plate-label-nickel-stickers-with-strong-3m-adhesive-glue-for-all-kinds-of-products","status":"publish","type":"product","link":"https:\/\/jttlogos.com\/de\/produkt\/individuelle-metall-namensschild-etiketten-aus-nickel-mit-starkem-3m-kleber-fur-alle-arten-von-produkten\/","title":{"rendered":"Kundenspezifische Namensschilder aus galvanisiertem Nickelmetall: Hochwertige 3D-Metalltransferaufkleber mit industrieller 3M-R\u00fcckseite f\u00fcr Luxusverpackungen und Geschenkboxen"},"content":{"rendered":"<article style=\"font-family: 'Segoe UI', Roboto, Helvetica, Arial, sans-serif; line-height: 1.6; color: #333; max-width: 100%px; margin: 0 auto; padding: 20px;\">\n<div style=\"background-color: #f4f7f6; padding: 30px; border-radius: 8px; margin-bottom: 40px; box-shadow: 0 2px 10px rgba(0,0,0,0.05);\">\n<div style=\"text-align: center; margin-bottom: 20px;\">\n<h2 style=\"font-size: 28px; color: #1a365d; margin-bottom: 10px; font-weight: bold;\">Hochwertige, individuelle Metall-Namensschild-Etiketten aus Nickel<\/h2>\n<p style=\"font-size: 16px; color: #555; max-width: 800px; margin: 0 auto;\">Elevate your brand presence with ultra-thin, highly durable 100% pure nickel metallic transfer decals. Backed by over 20 years of manufacturing excellence and an impressive daily capacity of 70,000 pieces.<\/p>\n<\/div>\n<p><!-- Trust Signals --><\/p>\n<div style=\"display: flex; justify-content: center; flex-wrap: wrap; gap: 15px; margin-bottom: 25px;\"><span style=\"background-color: #e2f0e9; color: #2d6a4f; padding: 8px 15px; border-radius: 20px; font-size: 14px; font-weight: 600;\">\u2713 SGS-zertifiziert<\/span><br \/>\n<span style=\"background-color: #e2f0e9; color: #2d6a4f; padding: 8px 15px; border-radius: 20px; font-size: 14px; font-weight: 600;\">\u2713 ROHS-konform<\/span><br \/>\n<span style=\"background-color: #e2f0e9; color: #2d6a4f; padding: 8px 15px; border-radius: 20px; font-size: 14px; font-weight: 600;\">\u2713 MSDS-gepr\u00fcft<\/span><br \/>\n<span style=\"background-color: #e2f0e9; color: #2d6a4f; padding: 8px 15px; border-radius: 20px; font-size: 14px; font-weight: 600;\">\u2713 \u00dcber 20 Jahre Erfahrung<\/span><\/div>\n<p><!-- Prominent CTAs --><\/p>\n<div style=\"text-align: center; display: flex; justify-content: center; gap: 20px; flex-wrap: wrap;\"><a style=\"background-color: #d9534f; color: #ffffff; padding: 14px 32px; text-decoration: none; font-size: 16px; font-weight: bold; border-radius: 6px; box-shadow: 0 4px 6px rgba(217, 83, 79, 0.3); transition: all 0.3s ease;\" href=\"https:\/\/jttlogos.com\/de\/kontaktiere-uns\/\">Fordern Sie ein individuelles Angebot an<\/a><br \/>\n<a style=\"background-color: #0275d8; color: #ffffff; padding: 14px 32px; text-decoration: none; font-size: 16px; font-weight: bold; border-radius: 6px; box-shadow: 0 4px 6px rgba(2, 117, 216, 0.3); transition: all 0.3s ease;\" href=\"mailto:fiona@jttlogo.net\">Erhalten Sie eine Probe in 1 Tag<\/a><\/div>\n<\/div>\n<p><!-- MAIN PRODUCT DESCRIPTION --><\/p>\n<h2 style=\"font-size: 24px; color: #2c3e50; border-bottom: 2px solid #eee; padding-bottom: 10px; margin-top: 40px;\">Un\u00fcbertroffene Qualit\u00e4t mit individuellen Logo-Aufklebern aus Nickelmetall<\/h2>\n<p style=\"margin-bottom: 15px;\">Bei <strong>JTT Precision Metal Co., Ltd<\/strong> (<a style=\"color: #0275d8; text-decoration: none;\" href=\"https:\/\/jttlogos.com\/de\/\">jttlogos.com<\/a>) verstehen wir, dass das Logo Ihrer Marke das wichtigste visuelle Element ist. Seit \u00fcber zwei Jahrzehnten beherrschen unsere Produktionsspezialisten die Kunst des Gestaltens <strong>Benutzerdefinierte Metall-Namensschild-Etiketten aus Nickel mit starkem 3M-Kleber f\u00fcr alle Arten von Produkten<\/strong>. Diese selbstklebenden Premium-Metalletiketten werden sorgf\u00e4ltig mit einer fortschrittlichen Galvanisierungstechnik hergestellt, was zu einer au\u00dfergew\u00f6hnlich raffinierten Hochglanzoberfl\u00e4che f\u00fchrt, die den wahrgenommenen Wert Ihrer Produkte sofort steigert.<\/p>\n<p style=\"margin-bottom: 15px;\">Diese individuellen 3D-Logoaufkleber aus Metall bestehen aus 100% reinem Nickel und bieten eine au\u00dfergew\u00f6hnliche Best\u00e4ndigkeit gegen Oxidation, Korrosion und allt\u00e4gliche Abnutzung. Im Gegensatz zu herk\u00f6mmlichen Papier- oder Vinyletiketten bieten unsere metallischen Transferaufkleber eine dauerhafte, luxuri\u00f6se Branding-L\u00f6sung. Ihr ultrad\u00fcnnes Profil liegt streng dazwischen <strong>0,045 mm und 0,12 mm<\/strong>sorgt f\u00fcr eine nahtlose, b\u00fcndige Integration auf jede Produktoberfl\u00e4che und l\u00e4sst das Logo so aussehen, als w\u00e4re es urspr\u00fcnglich in das Material eingebettet.<\/p>\n<p><iframe loading=\"lazy\" title=\"Samsung Metall-Nickel-Logo-Aufkleber\" width=\"1020\" height=\"765\" src=\"https:\/\/www.youtube.com\/embed\/NxNxUWCaaTw?feature=oembed\" frameborder=\"0\" allow=\"accelerometer; autoplay; clipboard-write; encrypted-media; gyroscope; picture-in-picture; web-share\" referrerpolicy=\"strict-origin-when-cross-origin\" allowfullscreen><\/iframe><\/p>\n<p><img data-recalc-dims=\"1\" decoding=\"async\" class=\"alignnone wp-image-1418 size-full\" src=\"https:\/\/i0.wp.com\/jttlogos.com\/wp-content\/uploads\/2020\/05\/34.jpg?resize=600%2C450&#038;ssl=1\" alt=\"Namensschilder aus galvanisiertem Nickelmetall\" width=\"600\" height=\"450\" title=\"\"><\/p>\n<p><!-- SPECIFICATIONS TABLE --><\/p>\n<h2 style=\"font-size: 24px; color: #2c3e50; border-bottom: 2px solid #eee; padding-bottom: 10px; margin-top: 40px;\">Detaillierte Produktspezifikationen<\/h2>\n<p style=\"margin-bottom: 15px;\">Transparenz und technische Genauigkeit sind die Grundlagen unseres Herstellungsprozesses. Nachfolgend finden Sie die umfassenden Spezifikationen f\u00fcr unsere kundenspezifischen Metallaufkleber:<\/p>\n<div style=\"overflow-x: auto;\">\n<table style=\"width: 100%; border-collapse: collapse; margin: 20px 0; background-color: #ffffff; box-shadow: 0 1px 5px rgba(0,0,0,0.1); font-size: 15px;\">\n<thead>\n<tr style=\"background-color: #2c3e50; color: #ffffff; text-align: left;\">\n<th style=\"padding: 15px; border: 1px solid #ddd; font-weight: 600;\">Merkmal\/Attribut<\/th>\n<th style=\"padding: 15px; border: 1px solid #ddd; font-weight: 600;\">Technische Details<\/th>\n<\/tr>\n<\/thead>\n<tbody>\n<tr style=\"background-color: #f9f9f9;\">\n<td style=\"padding: 12px 15px; border: 1px solid #ddd; font-weight: bold; color: #333;\">Artikelkategorie<\/td>\n<td style=\"padding: 12px 15px; border: 1px solid #ddd;\"><a style=\"color: #0275d8; text-decoration: none;\" href=\"https:\/\/jttlogos.com\/de\/produktkategorie\/nickel-metallaufkleber\/\">Metall-Nickel-Aufkleber<\/a> \/ 3D Metal Logo Stickers<\/td>\n<\/tr>\n<tr>\n<td style=\"padding: 12px 15px; border: 1px solid #ddd; font-weight: bold; color: #333;\">Rohstoff<\/td>\n<td style=\"padding: 12px 15px; border: 1px solid #ddd;\">100% reines Nickelmetall<\/td>\n<\/tr>\n<tr style=\"background-color: #f9f9f9;\">\n<td style=\"padding: 12px 15px; border: 1px solid #ddd; font-weight: bold; color: #333;\">Herstellungstechnik<\/td>\n<td style=\"padding: 12px 15px; border: 1px solid #ddd;\">Advanced Electroplating<\/td>\n<\/tr>\n<tr>\n<td style=\"padding: 12px 15px; border: 1px solid #ddd; font-weight: bold; color: #333;\">Profildicke<\/td>\n<td style=\"padding: 12px 15px; border: 1px solid #ddd;\">0,045 mm \u2013 0,12 mm (ultrad\u00fcnnes Design)<\/td>\n<\/tr>\n<tr style=\"background-color: #f9f9f9;\">\n<td style=\"padding: 12px 15px; border: 1px solid #ddd; font-weight: bold; color: #333;\">Gr\u00f6\u00dfen- und Farboptionen<\/td>\n<td style=\"padding: 12px 15px; border: 1px solid #ddd;\">100% Ma\u00dfgeschneidert (jede gew\u00fcnschte Gr\u00f6\u00dfe, Form und individuelle Farbbeschichtung)<\/td>\n<\/tr>\n<tr>\n<td style=\"padding: 12px 15px; border: 1px solid #ddd; font-weight: bold; color: #333;\">Klebende R\u00fcckseite<\/td>\n<td style=\"padding: 12px 15px; border: 1px solid #ddd;\">Starker 3M-Kleber, 3M-Schmelzkleber, doppelseitig selbstklebend<\/td>\n<\/tr>\n<tr style=\"background-color: #f9f9f9;\">\n<td style=\"padding: 12px 15px; border: 1px solid #ddd; font-weight: bold; color: #333;\">Prim\u00e4re Anwendungen<\/td>\n<td style=\"padding: 12px 15px; border: 1px solid #ddd;\">Mobiltelefone, Handyh\u00fcllen, Haushaltsger\u00e4te, elektronische Produkte, Luxusverpackungen, Geschenkboxen, Autos, Maschinen und mehr.<\/td>\n<\/tr>\n<tr>\n<td style=\"padding: 12px 15px; border: 1px solid #ddd; font-weight: bold; color: #333;\">Ma\u00dfgebliche Zertifizierungen<\/td>\n<td style=\"padding: 12px 15px; border: 1px solid #ddd;\">SGS, ROHS, MSDS (Umweltkonform und weltweit zertifiziert)<\/td>\n<\/tr>\n<tr style=\"background-color: #f9f9f9;\">\n<td style=\"padding: 12px 15px; border: 1px solid #ddd; font-weight: bold; color: #333;\">Akzeptierte Grafikformate<\/td>\n<td style=\"padding: 12px 15px; border: 1px solid #ddd;\">Bevorzugte Vektordateien: AI, PDF, CDR, CAD oder \u00e4hnliche hochaufl\u00f6sende Formate<\/td>\n<\/tr>\n<\/tbody>\n<\/table>\n<\/div>\n<p><!-- INDUSTRY APPLICATIONS SECTION --><\/p>\n<h2 style=\"font-size: 24px; color: #2c3e50; border-bottom: 2px solid #eee; padding-bottom: 10px; margin-top: 40px;\">Vielseitige Anwendungen in den wichtigsten Branchen<\/h2>\n<p style=\"margin-bottom: 15px;\">The versatility of our electroplated nickel logos makes them the preferred choice for top-tier brands across diverse sectors. Our custom branding stickers are designed to adhere flawlessly to various substrates including plastic, glass, metal, wood, and leather.<\/p>\n<ul style=\"list-style-type: none; padding-left: 0; margin-bottom: 20px;\">\n<li style=\"margin-bottom: 12px; padding-left: 25px; position: relative;\"><span style=\"position: absolute; left: 0; color: #0275d8; font-weight: bold;\">\u27a2<\/span><br \/>\n<strong>Unterhaltungselektronik und Zubeh\u00f6r:<\/strong> Ideal f\u00fcr Mobiltelefone, Handyh\u00fcllen, Laptops und Audioger\u00e4te. Die metallischen Transferaufkleber verleihen aufgrund ihrer ultrad\u00fcnnen Konstruktion einen eleganten, modernen Touch, ohne die Funktionalit\u00e4t des Ger\u00e4ts zu beeintr\u00e4chtigen.<\/li>\n<li style=\"margin-bottom: 12px; padding-left: 25px; position: relative;\"><span style=\"position: absolute; left: 0; color: #0275d8; font-weight: bold;\">\u27a2<\/span><br \/>\n<strong>Haushaltsger\u00e4te:<\/strong> K\u00fchlschr\u00e4nke, Waschmaschinen und Kaffeemaschinen profitieren von langlebigen Metallschildern, die Temperaturschwankungen und t\u00e4glichen Reinigungsroutinen standhalten.<\/li>\n<li style=\"margin-bottom: 12px; padding-left: 25px; position: relative;\"><span style=\"position: absolute; left: 0; color: #0275d8; font-weight: bold;\">\u27a2<\/span><br \/>\n<strong>Luxury Packaging &amp; Gift Boxes:<\/strong> Verbessern Sie das Unboxing-Erlebnis. Das Anbringen eines 3D-Logoaufklebers aus Metall auf Parf\u00fcmschachteln, Kosmetikverpackungen oder Uhrengeh\u00e4usen kommuniziert sofort Luxus und hohe Qualit\u00e4t.<\/li>\n<li style=\"margin-bottom: 12px; padding-left: 25px; position: relative;\"><span style=\"position: absolute; left: 0; color: #0275d8; font-weight: bold;\">\u27a2<\/span><br \/>\n<strong>Automobile und Maschinen:<\/strong> Wird dank der hervorragenden Witterungsbest\u00e4ndigkeit des starken 3M-Klebstoffs f\u00fcr die Beschriftung von Armaturenbrettern im Innenraum, Mittelst\u00fccken am Lenkrad oder an der Au\u00dfenseite von Autos verwendet.<\/li>\n<\/ul>\n<p><!-- MANUFACTURING EXPERTISE (E-E-A-T focus) --><\/p>\n<h2 style=\"font-size: 24px; color: #2c3e50; border-bottom: 2px solid #eee; padding-bottom: 10px; margin-top: 40px;\">Warum sollten Sie JTT Precision Metal Co., Ltd. vertrauen? (Unsere Fertigungskompetenz)<\/h2>\n<p style=\"margin-bottom: 15px;\">Im Wettbewerbsumfeld der B2B-Fertigung sind praktische Erfahrung und nachweisbare F\u00e4higkeiten von gr\u00f6\u00dfter Bedeutung. Unser Produktionsteam betreibt eine hochmoderne Anlage und bearbeitet komplexe kundenspezifische Metallaufkleberauftr\u00e4ge mit Pr\u00e4zision.<\/p>\n<p style=\"margin-bottom: 15px;\"><strong>Un\u00fcbertroffene Produktionskapazit\u00e4t:<\/strong> Wir unterst\u00fctzen problemlos gro\u00df angelegte Markeneinf\u00fchrungen. Unsere Anlage verf\u00fcgt \u00fcber eine Tagesleistungskapazit\u00e4t von <strong>70.000 St\u00fcck<\/strong>So stellen wir sicher, dass wir Ihre strengen Lieferfristen einhalten, ohne Kompromisse bei Details oder Verarbeitung einzugehen.<\/p>\n<p style=\"margin-bottom: 15px;\"><strong>Strenge Qualit\u00e4tssicherung und Zertifizierungen:<\/strong> Wir arbeiten nach strengen internationalen Standards. Jede Charge galvanisierter Metalletiketten wird strengen visuellen und physischen Kontrollen unterzogen. Unsere Materialien und Klebstoffe sind gr\u00fcndlich gepr\u00fcft und gelten als zuverl\u00e4ssig <strong>SGS-, ROHS- und MSDS-Zertifizierungen<\/strong>So stellen wir sicher, dass Ihre individuellen Nickelaufkleber umweltfreundlich und sicher f\u00fcr den weltweiten Vertrieb sind.<\/p>\n<p><!-- INLINE CSS KNOWLEDGE POINTS --><\/p>\n<div style=\"background-color: #fdfbf7; border-left: 6px solid #f0ad4e; padding: 25px; border-radius: 4px; margin: 30px 0; box-shadow: 0 2px 8px rgba(0,0,0,0.06);\">\n<h3 style=\"font-size: 20px; color: #8a6d3b; margin-top: 0; margin-bottom: 15px; font-weight: bold;\">\ud83d\udca1 Technisches Wissen: Auswahl des richtigen Klebstoffs<\/h3>\n<p style=\"font-size: 15px; margin-bottom: 10px;\">Die Langlebigkeit Ihres Namensschildes aus Metall h\u00e4ngt ma\u00dfgeblich von der Kleber\u00fcckseite ab. Wir bieten drei prim\u00e4re L\u00f6sungen in Industriequalit\u00e4t an, die auf Ihre Produktoberfl\u00e4che zugeschnitten sind:<\/p>\n<ul style=\"font-size: 15px; color: #555; margin-bottom: 0; padding-left: 20px;\">\n<li style=\"margin-bottom: 8px;\"><strong>Standardkleber von 3M:<\/strong> (Zum Beispiel 3M 467 oder 3M 7533). Hervorragend geeignet f\u00fcr flache, glatte Oberfl\u00e4chen wie Glas, glatte Kunststoffe und lackierte Metalle. Bietet eine \u00e4u\u00dferst zuverl\u00e4ssige, langlebige Peel-and-Stick-Verbindung.<\/li>\n<li style=\"margin-bottom: 8px;\"><strong>3M Schmelzkleber:<\/strong> Speziell f\u00fcr Stoffe, Leder oder strukturierte Materialien entwickelt. Erfordert eine lokale W\u00e4rmeaktivierung, um den Kleber in der por\u00f6sen Oberfl\u00e4che zu schmelzen und einen unzerbrechlichen Halt zu gew\u00e4hrleisten.<\/li>\n<li><strong>Doppelseitig selbstklebend:<\/strong> Verf\u00fcgt \u00fcber einen etwas dickeren Schaumstoff- oder Acrylkern. Perfekt f\u00fcr Oberfl\u00e4chen mit sehr leichten Kr\u00fcmmungen oder Mikrostrukturen, f\u00fcllt mikroskopisch kleine L\u00fccken und sorgt so f\u00fcr einen sicheren Halt.<\/li>\n<\/ul>\n<\/div>\n<p><!-- SHIPPING & PAYMENT --><\/p>\n<h2 style=\"font-size: 24px; color: #2c3e50; border-bottom: 2px solid #eee; padding-bottom: 10px; margin-top: 40px;\">Optimierte Lieferung und sichere Zahlungsprotokolle<\/h2>\n<p style=\"margin-bottom: 15px;\">Wir richten uns speziell an B2B-Kunden, Einkaufsmanager und Markenagenturen, die Zuverl\u00e4ssigkeit ben\u00f6tigen. Unsere Lieferkette ist darauf optimiert, schnelle Bearbeitungszeiten zu gew\u00e4hrleisten und gleichzeitig die Sicherheit Ihrer individuellen Markenaufkleber zu gew\u00e4hrleisten.<\/p>\n<ul style=\"list-style-type: disc; padding-left: 20px; margin-bottom: 20px;\">\n<li style=\"margin-bottom: 10px;\"><strong>Schnelle Probenahme und Vorlaufzeiten:<\/strong> Wenn Sie unsere Qualit\u00e4t sofort beurteilen m\u00fcssen, k\u00f6nnen wir unsere versenden <em>vorhandene Muster als Referenz innerhalb eines Tages<\/em>. F\u00fcr vollst\u00e4ndig kundenspezifische Designs dauert die Mustererstellung nur <strong>3 bis 5 Tage<\/strong>. Die Vorlaufzeiten f\u00fcr die Massenproduktion sind \u00e4u\u00dferst effizient und werden auf der Grundlage Ihres spezifischen Auftragsvolumens geplant.<\/li>\n<li style=\"margin-bottom: 10px;\"><strong>Sichere B2B-Zahlungsbedingungen:<\/strong> Wir bieten flexible und sichere Transaktionsmethoden. Unsere Standardlaufzeit ist T\/T 30% als Anzahlung, wobei der Restbetrag vor der Lieferung beglichen wird. Wir akzeptieren auch <em>Kreditkartenzahlungen, Paypal, Bank\u00fcberweisung, Western Union, L\/C und Alibaba-Handelsversicherungsauftr\u00e4ge<\/em> um Ihnen v\u00f6llige Sicherheit zu bieten.<\/li>\n<li style=\"margin-bottom: 10px;\"><strong>Schutzverpackung:<\/strong> Jeder einzelne personalisierte Nickelaufkleber wird sorgf\u00e4ltig in einem platziert <strong>OPP-Verpackungsbeutel<\/strong>. Diese kratzfeste Verpackungsmethode stellt sicher, dass die hochgl\u00e4nzende galvanisierte Oberfl\u00e4che w\u00e4hrend des weltweiten Transports makellos bleibt.<\/li>\n<li style=\"margin-bottom: 10px;\"><strong>Globale Versandoptionen:<\/strong> Je nach Dringlichkeit koordinieren wir den Versand auf dem Seeweg, per Luftfracht oder \u00fcber Express-Kurierdienste wie z.B <strong>DHL, UPS oder FedEx<\/strong> um sicherzustellen, dass Ihr Inventar genau dann ankommt, wenn Sie es brauchen.<\/li>\n<\/ul>\n<p><!-- INLINE CSS FAQs --><\/p>\n<h2 style=\"font-size: 24px; color: #2c3e50; border-bottom: 2px solid #eee; padding-bottom: 10px; margin-top: 40px;\">Frequently Asked Questions (FAQs)<\/h2>\n<div style=\"margin-bottom: 15px; border: 1px solid #e2e8f0; border-radius: 6px; overflow: hidden;\">\n<div style=\"background-color: #f8fafc; padding: 15px 20px; font-weight: bold; color: #1e293b; border-bottom: 1px solid #e2e8f0;\">F: Welche Grafikformate ben\u00f6tigen Sie, um mit der Produktion zu beginnen?<\/div>\n<div style=\"padding: 15px 20px; background-color: #ffffff; color: #475569; font-size: 15px;\">A: Um die gestochen scharfe und genaueste Darstellung Ihres Logos w\u00e4hrend des Galvanisierungsprozesses zu gew\u00e4hrleisten, ben\u00f6tigt unser Designteam hochaufl\u00f6sende Vektordateien. Wir akzeptieren <strong>KI, PDF, CDR, CAD<\/strong>und andere Standard-Vektorformate.<\/div>\n<\/div>\n<div style=\"margin-bottom: 15px; border: 1px solid #e2e8f0; border-radius: 6px; overflow: hidden;\">\n<div style=\"background-color: #f8fafc; padding: 15px 20px; font-weight: bold; color: #1e293b; border-bottom: 1px solid #e2e8f0;\">F: Kann ich die Farbe und Form der Logo-Aufkleber aus Metall anpassen?<\/div>\n<div style=\"padding: 15px 20px; background-color: #ffffff; color: #475569; font-size: 15px;\">A: Absolut. Unser Herstellungsprozess erm\u00f6glicht die individuelle Anpassung des 100%. Sie k\u00f6nnen jede bestimmte Gr\u00f6\u00dfe, komplizierte Form und eindeutige Farbe (z. B. poliertes Silber, Gold, Ros\u00e9gold oder Mattschwarz) vorgeben, um sie perfekt an Ihre Markenidentit\u00e4tsrichtlinien anzupassen.<\/div>\n<\/div>\n<div style=\"margin-bottom: 15px; border: 1px solid #e2e8f0; border-radius: 6px; overflow: hidden;\">\n<div style=\"background-color: #f8fafc; padding: 15px 20px; font-weight: bold; color: #1e293b; border-bottom: 1px solid #e2e8f0;\">F: Wie haltbar ist der 3M-Klebstoff, der auf diesen Nickeletiketten verwendet wird?<\/div>\n<div style=\"padding: 15px 20px; background-color: #ffffff; color: #475569; font-size: 15px;\">A: Der von uns verwendete starke 3M-Klebstoff ist von Industriequalit\u00e4t. Sobald es ordnungsgem\u00e4\u00df auf eine saubere, trockene Oberfl\u00e4che aufgetragen und ausgeh\u00e4rtet wird, bildet es eine unglaublich starke, dauerhafte Verbindung, die Abbl\u00e4ttern, Feuchtigkeit und allgemeinen Umwelteinfl\u00fcssen widersteht und sich sowohl f\u00fcr Elektronik- als auch f\u00fcr Automobilanwendungen eignet.<\/div>\n<\/div>\n<p><!-- FINAL CTA --><\/p>\n<div style=\"background-color: #2c3e50; color: #ffffff; padding: 40px 20px; text-align: center; border-radius: 8px; margin-top: 40px;\">\n<h3 style=\"font-size: 26px; margin-top: 0; margin-bottom: 15px; color: #ffffff;\">Sind Sie bereit, Ihre Produktverpackung aufzuwerten?<\/h3>\n<p style=\"font-size: 16px; margin-bottom: 25px; color: #cbd5e1; max-width: 700px; margin-left: auto; margin-right: auto;\">Arbeiten Sie mit einer Fabrik zusammen, die \u00fcber 20 Jahre Erfahrung in der Galvanotechnik mitbringt. Senden Sie uns noch heute Ihre Vektorgrafiken und lassen Sie unsere technischen Spezialisten die perfekte Metallic-Branding-L\u00f6sung f\u00fcr Sie erstellen.<\/p>\n<p><a style=\"display: inline-block; background-color: #f0ad4e; color: #333; padding: 15px 35px; text-decoration: none; font-size: 18px; font-weight: bold; border-radius: 4px; box-shadow: 0 4px 6px rgba(0,0,0,0.2); transition: background-color 0.3s ease;\" href=\"https:\/\/jttlogos.com\/de\/kontaktiere-uns\/\">Kontaktieren Sie jetzt unser Vertriebsteam<\/a><\/p>\n<\/div>\n<\/article>\n<p>&nbsp;<\/p>","protected":false},"excerpt":{"rendered":"<p>Elevate your brand with custom metal name plate label nickel stickers from JTT Precision Metal. Featuring ultra-thin electroplated designs, strong 3M adhesive glue, and SGS\/ROHS certifications. Ideal for electronics, packaging, and automotive applications. Fast sampling and flexible global shipping available. Request a quote today!<\/p>","protected":false},"featured_media":2024,"comment_status":"open","ping_status":"closed","template":"","meta":[],"product_brand":[],"product_cat":[952,48],"product_tag":[],"class_list":{"0":"post-2670","1":"product","2":"type-product","3":"status-publish","4":"has-post-thumbnail","6":"product_cat-hot-sale","7":"product_cat-nickel-metal-sticker","9":"first","10":"instock","11":"shipping-taxable","12":"product-type-simple"},"jetpack-related-posts":[],"jetpack_sharing_enabled":true,"_links":{"self":[{"href":"https:\/\/jttlogos.com\/de\/wp-json\/wp\/v2\/product\/2670","targetHints":{"allow":["GET"]}}],"collection":[{"href":"https:\/\/jttlogos.com\/de\/wp-json\/wp\/v2\/product"}],"about":[{"href":"https:\/\/jttlogos.com\/de\/wp-json\/wp\/v2\/types\/product"}],"replies":[{"embeddable":true,"href":"https:\/\/jttlogos.com\/de\/wp-json\/wp\/v2\/comments?post=2670"}],"wp:featuredmedia":[{"embeddable":true,"href":"https:\/\/jttlogos.com\/de\/wp-json\/wp\/v2\/media\/2024"}],"wp:attachment":[{"href":"https:\/\/jttlogos.com\/de\/wp-json\/wp\/v2\/media?parent=2670"}],"wp:term":[{"taxonomy":"product_brand","embeddable":true,"href":"https:\/\/jttlogos.com\/de\/wp-json\/wp\/v2\/product_brand?post=2670"},{"taxonomy":"product_cat","embeddable":true,"href":"https:\/\/jttlogos.com\/de\/wp-json\/wp\/v2\/product_cat?post=2670"},{"taxonomy":"product_tag","embeddable":true,"href":"https:\/\/jttlogos.com\/de\/wp-json\/wp\/v2\/product_tag?post=2670"}],"curies":[{"name":"wp","href":"https:\/\/api.w.org\/{rel}","templated":true}]}}