{"id":2871,"date":"2020-05-16T08:56:28","date_gmt":"2020-05-16T08:56:28","guid":{"rendered":"https:\/\/jttlogos.com\/?post_type=product&#038;p=2871"},"modified":"2026-04-20T01:24:45","modified_gmt":"2026-04-20T01:24:45","slug":"custom-sticker-decal-silver-nickel-sticker-with-factory-price-electroform-metal-nickel-stickers-automobiles-leather-wood-glass-household-appliances","status":"publish","type":"product","link":"https:\/\/jttlogos.com\/de\/produkt\/benutzerdefinierter-aufkleber-silber-nickel-aufkleber-mit-neupreis-elektroform-metall-nickel-aufkleber-automobile-leder-holz-glas-haushaltsgerate\/","title":{"rendered":"Hochwertige individuelle Logo-Aufkleber aus silbernem Nickel-Metall \u2013 ultrad\u00fcnne 3M-Klebeaufkleber f\u00fcr Autos, Haushaltsger\u00e4te, Leder und Glas"},"content":{"rendered":"<article style=\"font-family: Arial, sans-serif; line-height: 1.6; color: #333; max-width: 100%px; margin: 0 auto; padding: 20px;\"><!-- Introduction and Brand Trust --><\/p>\n<section>Willkommen bei <strong>JTT Precision Metal Co., Ltd<\/strong> (<a style=\"color: #0056b3; text-decoration: none;\" href=\"https:\/\/jttlogos.com\/de\/\">jttlogos.com<\/a>). With over 20 years of dedicated manufacturing experience, we specialize in crafting high-quality customized <a style=\"color: #0056b3; text-decoration: none;\" href=\"https:\/\/jttlogos.com\/de\/produktkategorie\/nickel-metallaufkleber\/\">Metall-Nickel-Aufkleber<\/a>, Edelstahl-Logo-Aufkleber aus Metall und 3D-Logo-Aufkleber aus Metall. Unsere Mission ist es, ma\u00dfgeschneiderte Metall-Branding-L\u00f6sungen bereitzustellen, die die Pr\u00e4senz Ihrer Marke durch professionelle Logo-Designs, pr\u00e4zise Fertigung und au\u00dfergew\u00f6hnlichen Kundenservice steigern.<\/p>\n<p>Wenn Sie den wahrgenommenen Wert Ihrer Produkte steigern m\u00f6chten, sind unsere <strong>Individuelle Aufkleber, Aufkleber aus Silber und Nickel<\/strong> bieten eine erstklassige, anspruchsvolle \u00c4sthetik. Ganz gleich, ob Sie hochwertige Elektronikartikel, Luxusverpackungen oder Industriemaschinen kennzeichnen, eine metallische Oberfl\u00e4che vermittelt Haltbarkeit, Qualit\u00e4t und Prestige. Unterst\u00fctzt durch umfassende Branchenkenntnisse und robuste Fertigungskapazit\u00e4ten liefern wir hochwertige Logo-Aufkleber aus Metall, die den strengen Anforderungen verschiedener Branchen gerecht werden, von Automobilen bis hin zu Haushaltsger\u00e4ten.<\/p>\n<div style=\"text-align: center; margin: 30px 0;\"><a style=\"background-color: #d32f2f; color: #fff; padding: 15px 35px; text-decoration: none; font-size: 18px; font-weight: bold; border-radius: 4px; display: inline-block; box-shadow: 0 4px 6px rgba(0,0,0,0.1);\" href=\"https:\/\/jttlogos.com\/de\/kontaktiere-uns\/\">Fordern Sie Ihr individuelles Angebot f\u00fcr Metallaufkleber an<\/a><\/div>\n<\/section>\n<p><!-- Visual \/ Product Display Section --><\/p>\n<section style=\"margin: 40px 0;\">\n<h2 style=\"color: #2c3e50; border-bottom: 2px solid #ecf0f1; padding-bottom: 10px;\">Erstklassige visuelle \u00c4sthetik und handwerkliche Fertigung<\/h2>\n<p>Unsere ma\u00dfgeschneiderten Silber-Nickel-Aufkleber sind so gefertigt, dass sie eine auff\u00e4llige visuelle Wirkung erzielen. Durch fortschrittliche Galvanisierungstechniken erzielen wir ein makelloses, reflektierendes Finish, das ins Auge f\u00e4llt und die Markenautorit\u00e4t st\u00e4rkt. Die 100%-Metallnickelkonstruktion sorgt f\u00fcr ein robustes, langlebiges Abzeichen, das im Laufe der Zeit nicht verblasst und sich abnutzt. Durch die Einbeziehung pr\u00e4ziser Details, scharfer Kanten und vielseitiger Farboptionen stellt unser Herstellungsprozess sicher, dass Ihr Logo absolut originalgetreu dargestellt wird.<\/p>\n<p><!-- Placeholder for original images --><\/p>\n<div style=\"display: flex; gap: 20px; flex-wrap: wrap; justify-content: center; margin: 20px 0;\">\n<div style=\"flex: 1; min-width: 300px; border: 1px solid #ddd; padding: 10px; border-radius: 8px; text-align: center;\">\n<p><iframe loading=\"lazy\" title=\"Benutzerdefiniertes galvanisches Etikett, benutzerdefinierter Nickel-Typenschild, Markenlogo, Metallaufkleber\" width=\"1020\" height=\"574\" src=\"https:\/\/www.youtube.com\/embed\/TthoTTX9quo?feature=oembed\" frameborder=\"0\" allow=\"accelerometer; autoplay; clipboard-write; encrypted-media; gyroscope; picture-in-picture; web-share\" referrerpolicy=\"strict-origin-when-cross-origin\" allowfullscreen><\/iframe><\/p>\n<\/div>\n<div style=\"flex: 1; min-width: 300px; border: 1px solid #ddd; padding: 10px; border-radius: 8px; text-align: center;\"><span style=\"display: block; background: #f4f4f4; padding: 60px 20px; color: #888; border-radius: 4px;\"><img data-recalc-dims=\"1\" decoding=\"async\" class=\"alignnone wp-image-1418 size-full\" src=\"https:\/\/i0.wp.com\/jttlogos.com\/wp-content\/uploads\/2020\/05\/nickel-metal-sticker-39-1.jpg?resize=600%2C450&#038;ssl=1\" alt=\"Silberner Nickelaufkleber des Automobils\" width=\"600\" height=\"450\" title=\"\"><\/span><\/div>\n<\/div>\n<\/section>\n<p><!-- Technical Specifications --><\/p>\n<section style=\"margin: 40px 0;\">\n<h2 style=\"color: #2c3e50; border-bottom: 2px solid #ecf0f1; padding-bottom: 10px;\">Umfangreiche technische Spezifikationen<\/h2>\n<p>Wir glauben an absolute Transparenz, wenn es um die Materialien und Spezifikationen unserer ma\u00dfgeschneiderten Metall-Branding-L\u00f6sungen geht. In der folgenden Tabelle sind die genauen Parameter aufgef\u00fchrt, die unsere Silber-Nickel-Aufkleber zur bevorzugten Wahl f\u00fcr anspruchsvolle Marken weltweit machen. Von robusten 3M-Klebstoffen f\u00fcr eine starke Verbindung bis hin zu strengen Umweltzertifizierungen wird jedes Detail sorgf\u00e4ltig verwaltet.<\/p>\n<table style=\"width: 100%; border-collapse: collapse; margin: 20px 0; font-size: 16px; box-shadow: 0 2px 10px rgba(0,0,0,0.05); background-color: #fff;\">\n<thead>\n<tr style=\"background-color: #2c3e50; color: #fff;\">\n<th style=\"padding: 15px; border: 1px solid #ddd; text-align: left;\">Spezifikationsparameter<\/th>\n<th style=\"padding: 15px; border: 1px solid #ddd; text-align: left;\">Einzelheiten<\/th>\n<\/tr>\n<\/thead>\n<tbody>\n<tr style=\"background-color: #f9f9f9;\">\n<td style=\"padding: 15px; border: 1px solid #ddd; font-weight: bold;\">Produktartikel<\/td>\n<td style=\"padding: 15px; border: 1px solid #ddd;\">Metall-Nickel-Aufkleber \/ individueller Aufkleber<\/td>\n<\/tr>\n<tr>\n<td style=\"padding: 15px; border: 1px solid #ddd; font-weight: bold;\">Kernmaterial<\/td>\n<td style=\"padding: 15px; border: 1px solid #ddd;\">Metall, 100% Nickel<\/td>\n<\/tr>\n<tr style=\"background-color: #f9f9f9;\">\n<td style=\"padding: 15px; border: 1px solid #ddd; font-weight: bold;\">Herstellungstechnik<\/td>\n<td style=\"padding: 15px; border: 1px solid #ddd;\">Advanced Electroplating<\/td>\n<\/tr>\n<tr>\n<td style=\"padding: 15px; border: 1px solid #ddd; font-weight: bold;\">Material Thickness<\/td>\n<td style=\"padding: 15px; border: 1px solid #ddd;\">0,045 mm \u2013 0,12 mm (ultrad\u00fcnn, nahtlose Integration)<\/td>\n<\/tr>\n<tr style=\"background-color: #f9f9f9;\">\n<td style=\"padding: 15px; border: 1px solid #ddd; font-weight: bold;\">Gr\u00f6\u00dfe und Farbe<\/td>\n<td style=\"padding: 15px; border: 1px solid #ddd;\">Vollst\u00e4ndig individuell angepasst (jede Gr\u00f6\u00dfe, Form oder Farbkombination verf\u00fcgbar)<\/td>\n<\/tr>\n<tr>\n<td style=\"padding: 15px; border: 1px solid #ddd; font-weight: bold;\">Klebel\u00f6sungen (Kleber)<\/td>\n<td style=\"padding: 15px; border: 1px solid #ddd;\">3M adhesive, 3M hot-melt glue, Double-sided self-adhesive<\/td>\n<\/tr>\n<tr style=\"background-color: #f9f9f9;\">\n<td style=\"padding: 15px; border: 1px solid #ddd; font-weight: bold;\">Branchenzertifizierungen<\/td>\n<td style=\"padding: 15px; border: 1px solid #ddd;\">SGS-, ROHS- und MSDS-konform<\/td>\n<\/tr>\n<tr>\n<td style=\"padding: 15px; border: 1px solid #ddd; font-weight: bold;\">Verpackungsdesign<\/td>\n<td style=\"padding: 15px; border: 1px solid #ddd;\">Sch\u00fctzende OPP-Verpackungstasche<\/td>\n<\/tr>\n<tr style=\"background-color: #f9f9f9;\">\n<td style=\"padding: 15px; border: 1px solid #ddd; font-weight: bold;\">Unterst\u00fctzte Grafikformate<\/td>\n<td style=\"padding: 15px; border: 1px solid #ddd;\">AI, PDF, CDR, CAD oder andere Vektorformate<\/td>\n<\/tr>\n<\/tbody>\n<\/table>\n<\/section>\n<p><!-- Manufacturing Process --><\/p>\n<section style=\"margin: 40px 0;\">\n<h2 style=\"color: #2c3e50; border-bottom: 2px solid #ecf0f1; padding-bottom: 10px;\">Fortschrittliche Galvanotechnik<\/h2>\n<p>Bei JTT Precision Metal Co., Ltd nutzen wir in unserer Produktionsanlage hochmoderne Galvanikverfahren, um individuelle Metalletiketten zu erstellen, die sich von der Masse abheben. Im Gegensatz zu herk\u00f6mmlichen Druckverfahren wird beim Galvanisieren eine Schicht aus reinem 100%-Nickel aufgetragen, was zu einem dreidimensionalen, stark strukturierten Logo f\u00fchrt, das Luxus ausstrahlt.<\/p>\n<p>Das ultrad\u00fcnne Profil unserer Abziehbilder reicht pr\u00e4zise von <strong>0,045 mm bis 0,12 mm<\/strong>\u2013 sorgt daf\u00fcr, dass der Metallaufkleber nahezu b\u00fcndig mit der Anwendungsoberfl\u00e4che abschlie\u00dft. Dadurch entsteht ein nahtloses, integriertes Erscheinungsbild, das traditionelle Metallpr\u00e4gungen oder -einlagen nachahmt, jedoch mit dem \u00e4u\u00dfersten Komfort einer selbstklebenden R\u00fcckseite. Durch die Kontrolle der Beschichtungsdauer und der chemischen Zusammensetzung sorgen unsere erfahrenen Techniker f\u00fcr eine brillante Oberfl\u00e4chenbeschaffenheit, hervorragende Oxidationsbest\u00e4ndigkeit und \u00fcberragende Langlebigkeit.<\/p>\n<\/section>\n<p><!-- Applications (Knowledge Points) --><\/p>\n<section style=\"margin: 40px 0;\">\n<h2 style=\"color: #2c3e50; border-bottom: 2px solid #ecf0f1; padding-bottom: 10px;\">Versatile Industry Applications<\/h2>\n<p>Unsere individuellen Aufkleber aus Silber und Nickel sind so konzipiert, dass sie stark auf einer Vielzahl von Untergr\u00fcnden haften und dadurch unglaublich vielseitig einsetzbar sind. Unabh\u00e4ngig davon, ob Ihr Produkt por\u00f6se oder nichtpor\u00f6se Oberfl\u00e4chen verwendet, sorgen unsere speziellen Klebstoffformulierungen f\u00fcr eine sichere Verbindung.<\/p>\n<div style=\"background-color: #f4f7f6; border-left: 5px solid #2980b9; padding: 20px; margin: 25px 0; border-radius: 0 8px 8px 0; box-shadow: 0 2px 5px rgba(0,0,0,0.05);\">\n<h3 style=\"margin-top: 0; color: #2980b9;\">Optimale Substrate und Anwendungsf\u00e4lle:<\/h3>\n<ul style=\"line-height: 1.8; list-style-type: square; margin-bottom: 0;\">\n<li><strong>Automobile und Fahrzeuge:<\/strong> Diese Metallaufkleber sind resistent gegen Umwelteinfl\u00fcsse und dienen als perfekte Markenzeichen f\u00fcr den Innen- und Au\u00dfenbereich, Lenkradembleme und Armaturenbrett-Logos.<\/li>\n<li><strong>Haushaltsger\u00e4te:<\/strong> K\u00fchlschr\u00e4nke, Waschmaschinen und Back\u00f6fen profitieren von einem hitzebest\u00e4ndigen und feuchtigkeitsbest\u00e4ndigen Nickelaufkleber, der seinen Glanz auch im t\u00e4glichen Gebrauch beh\u00e4lt.<\/li>\n<li><strong>Electronic Products:<\/strong> Mobiltelefone, Handyh\u00fcllen, Laptops und Audioger\u00e4te erhalten mit unseren ultrad\u00fcnnen Silber-Nickel-Tags einen High-Tech-Premium-Touch.<\/li>\n<li><strong>Lederwaren:<\/strong> Mit dem richtigen 3M-Schmelzkleber oder doppelseitigem Selbstklebeband haften unsere Metallaufkleber sicher auf Ledertaschen, Geldb\u00f6rsen und Polsterm\u00f6beln.<\/li>\n<li><strong>Holz- und Glasoberfl\u00e4chen:<\/strong> Perfekt f\u00fcr ma\u00dfgeschneiderte M\u00f6bel, luxuri\u00f6se Weinflaschen, Kosmetikdosen und hochwertige Geschenkboxen aus Holz.<\/li>\n<li><strong>Verpackungen und Geschenkboxen:<\/strong> Erh\u00f6hen Sie das Auspackerlebnis mit einem individuellen Metalllogo auf einer Luxusverpackung.<\/li>\n<\/ul>\n<\/div>\n<\/section>\n<p><!-- Certifications and Trust Signals (E-E-A-T) --><\/p>\n<section style=\"margin: 40px 0;\">\n<h2 style=\"color: #2c3e50; border-bottom: 2px solid #ecf0f1; padding-bottom: 10px;\">Kompromisslose Qualit\u00e4t und Zertifizierungen<\/h2>\n<p>Vertrauen ist die Grundlage unseres Gesch\u00e4fts. Mit \u00fcber zwei Jahrzehnten Fabrikerfahrung haben wir ein strenges Qualit\u00e4tskontrollsystem (QC) implementiert. Jede Charge ma\u00dfgeschneiderter Metall-Branding-Etiketten wird vor dem Versand strengen Kontrollen unterzogen.<\/p>\n<p>Dar\u00fcber hinaus entsprechen unsere Materialien und Klebstoffe strikt den internationalen Sicherheits- und Umweltstandards. Unsere kundenspezifischen Metallaufkleber verf\u00fcgen \u00fcber umfassende Zertifizierungen, darunter:<\/p>\n<ul style=\"line-height: 1.8;\">\n<li><strong>SGS-Zertifizierung:<\/strong> Wir stellen sicher, dass unsere Herstellungsprozesse und Materialien weltweit anerkannten Qualit\u00e4ts- und Integrit\u00e4tsstandards entsprechen.<\/li>\n<li><strong>ROHS Compliance:<\/strong> Wir garantieren, dass unsere Logo-Abzeichen f\u00fcr elektronische Produkte frei von gef\u00e4hrlichen Substanzen sind und somit sicher f\u00fcr die Unterhaltungselektronik sind.<\/li>\n<li><strong>MSDS (Materialsicherheitsdatenblatt):<\/strong> Bietet vollst\u00e4ndige Transparenz \u00fcber die Sicherheits- und Handhabungseigenschaften unserer 100%-Nickelmaterialien und 3M-Klebstoffe.<\/li>\n<\/ul>\n<\/section>\n<p><!-- Ordering, Shipping, and Payment --><\/p>\n<section style=\"margin: 40px 0; background-color: #fff; padding: 25px; border: 1px solid #e1e8ed; border-radius: 8px;\">\n<h2 style=\"color: #2c3e50; border-bottom: 2px solid #ecf0f1; padding-bottom: 10px;\">Effiziente Bestellung, sichere Zahlungen und weltweiter Versand<\/h2>\n<h3 style=\"color: #34495e;\">1. Einreichen Ihres Kunstwerks<\/h3>\n<p>Um die h\u00f6chste Wiedergabetreue Ihrer individuellen Form und Ihres Logos zu gew\u00e4hrleisten, akzeptieren wir branchen\u00fcbliche Vektorformate. Bitte geben Sie Ihre Designs ein <strong>KI, PDF, CDR oder CAD<\/strong> Formate. Wenn Sie spezielle Anforderungen an die Farbabstimmung haben, ist unser Team bereit, diese zu erf\u00fcllen.<\/p>\n<h3 style=\"color: #34495e;\">2. Schnelle Bearbeitungszeiten<\/h3>\n<p>Wir respektieren Ihre Projektfristen. F\u00fcr unsere bestehenden Referenzmodelle bieten wir einen schnellen Versand an <strong>Musterlieferung innerhalb eines Tages<\/strong>. F\u00fcr vollst\u00e4ndig ma\u00dfgeschneiderte Metallaufkleber ist unsere Musterproduktionszeit sehr kurz <strong>3-5 Tage<\/strong>. Die Vorlaufzeiten f\u00fcr die Massenproduktion sind \u00e4u\u00dferst effizient und werden entsprechend Ihren spezifischen Anforderungen an das Auftragsvolumen geplant.<\/p>\n<h3 style=\"color: #34495e;\">3. Flexible und sichere Zahlungsbedingungen<\/h3>\n<p>Wir bieten eine Vielzahl sicherer, verifizierter Zahlungskan\u00e4le, um unseren internationalen Kunden ein sicheres Gef\u00fchl zu geben. Unsere Standardeinzahlungsstruktur ist <strong>T\/T 30% als Anzahlung<\/strong>, wobei der Restbetrag vor der Lieferung ausgeglichen wird. Zu den akzeptierten Zahlungsmethoden geh\u00f6ren:<\/p>\n<ul style=\"line-height: 1.8;\">\n<li>Kreditkartenzahlung<\/li>\n<li>PayPal<\/li>\n<li>Bank Transfer (T\/T)<\/li>\n<li>Western Union<\/li>\n<li>Akkreditiv (L\/C)<\/li>\n<li>Alibaba Trade Assurance Order (bietet robusten K\u00e4uferschutz)<\/li>\n<\/ul>\n<h3 style=\"color: #34495e;\">4. Globale Versandoptionen<\/h3>\n<p>Je nach Dringlichkeit und Standort koordinieren wir eine zuverl\u00e4ssige Logistik. Wir versenden per Luft-, See- oder Expresskurierdienst <strong>DHL, UPS<\/strong>, und andere gro\u00dfe Expressanbieter. Alle Artikel sind sicher in sch\u00fctzenden OPP-Verpackungsbeuteln verpackt, um Kratzer w\u00e4hrend des Transports zu verhindern.<\/p>\n<div id=\"inquiry\" style=\"text-align: center; margin: 35px 0;\"><a style=\"background-color: #27ae60; color: #fff; padding: 15px 40px; text-decoration: none; font-size: 18px; font-weight: bold; border-radius: 4px; display: inline-block; box-shadow: 0 4px 6px rgba(0,0,0,0.1);\" href=\"mailto:fiona@jttlogo.net\">Kontaktieren Sie unsere Fabrik f\u00fcr ein direktes Angebot<\/a><\/div>\n<\/section>\n<p><!-- FAQs (Interactive & Scannable) --><\/p>\n<section style=\"margin: 40px 0;\">\n<h2 style=\"color: #2c3e50; border-bottom: 2px solid #ecf0f1; padding-bottom: 10px;\">Frequently Asked Questions (FAQs)<\/h2>\n<p>Um Sie bei Ihrer Kaufentscheidung zu unterst\u00fctzen, haben wir Antworten auf einige der h\u00e4ufigsten Fragen zu unseren individuellen Aufklebern aus silbernem Nickel zusammengestellt.<\/p>\n<details style=\"margin-bottom: 15px; border: 1px solid #dcdde1; padding: 15px; border-radius: 6px; background-color: #fafbfc; cursor: pointer;\" open=\"open\">\n<summary style=\"font-weight: bold; font-size: 16px; color: #2c3e50; outline: none;\">Welche Klebem\u00f6glichkeiten gibt es f\u00fcr die Logo-Aufkleber aus Metall?<\/summary>\n<p style=\"margin-top: 15px; color: #555; line-height: 1.6;\">Wir verwenden Premium-Klebstoffe, die auf Ihre Anwendungsanforderungen zugeschnitten sind. Zu unseren Standardoptionen geh\u00f6ren authentischer 3M-Kleber, 3M-Schmelzkleber und spezieller doppelseitiger Selbstkleber. Diese sorgen f\u00fcr eine dauerhafte Verbindung auf Materialien von glattem Glas und Elektronik bis hin zu strukturiertem Leder und Holz.<\/p>\n<\/details>\n<details style=\"margin-bottom: 15px; border: 1px solid #dcdde1; padding: 15px; border-radius: 6px; background-color: #fafbfc; cursor: pointer;\" open=\"open\">\n<summary style=\"font-weight: bold; font-size: 16px; color: #2c3e50; outline: none;\">Kann ich die Form und Farbe des Nickelaufklebers anpassen?<\/summary>\n<p style=\"margin-top: 15px; color: #555; line-height: 1.6;\">Absolut. Da wir den Herstellungsprozess selbst verwalten, k\u00f6nnen Sie jede individuelle Gr\u00f6\u00dfe, Form und Farbe anfordern. Egal, ob Sie eine klassische polierte Silber-Nickel-Oberfl\u00e4che oder eine bestimmte Farbe ben\u00f6tigen, die zu Ihrer Markenidentit\u00e4t passt, unsere Fabrik kann liefern.<\/p>\n<\/details>\n<details style=\"margin-bottom: 15px; border: 1px solid #dcdde1; padding: 15px; border-radius: 6px; background-color: #fafbfc; cursor: pointer;\" open=\"open\">\n<summary style=\"font-weight: bold; font-size: 16px; color: #2c3e50; outline: none;\">Sind diese Metallaufkleber f\u00fcr den Einsatz im Automobilbereich im Freien geeignet?<\/summary>\n<p style=\"margin-top: 15px; color: #555; line-height: 1.6;\">Ja. Unser metallisches Nickelmaterial 100% bietet in Kombination mit unserer fortschrittlichen Galvanisierungstechnik eine au\u00dfergew\u00f6hnliche Widerstandsf\u00e4higkeit gegen\u00fcber den Elementen. In Kombination mit unserem 3M-Kleber\u00fccken in Industriequalit\u00e4t eignen sich diese Aufkleber perfekt f\u00fcr Autos, Maschinen und andere Au\u00dfenanwendungen.<\/p>\n<\/details>\n<details style=\"margin-bottom: 15px; border: 1px solid #dcdde1; padding: 15px; border-radius: 6px; background-color: #fafbfc; cursor: pointer;\" open=\"open\">\n<summary style=\"font-weight: bold; font-size: 16px; color: #2c3e50; outline: none;\">Was ist die typische Dicke der kundenspezifischen Metalletiketten?<\/summary>\n<p style=\"margin-top: 15px; color: #555; line-height: 1.6;\">Unsere Silber-Nickel-Tags werden mit einem ultrad\u00fcnnen Profil im Bereich von 0,045 mm bis 0,12 mm hergestellt. Durch diese pr\u00e4zise D\u00fcnnheit l\u00e4sst sich das Abzeichen bei gekr\u00fcmmten Oberfl\u00e4chen (z. B. Handyh\u00fcllen oder Flaschen) leicht biegen, w\u00e4hrend gleichzeitig ein hochwertiges, b\u00fcndiges Erscheinungsbild mit dem Produkt erhalten bleibt.<\/p>\n<\/details>\n<details style=\"margin-bottom: 15px; border: 1px solid #dcdde1; padding: 15px; border-radius: 6px; background-color: #fafbfc; cursor: pointer;\" open=\"open\">\n<summary style=\"font-weight: bold; font-size: 16px; color: #2c3e50; outline: none;\">Woher wei\u00df ich, dass meine Transaktion und Bestellung sicher sind?<\/summary>\n<p style=\"margin-top: 15px; color: #555; line-height: 1.6;\">Wir k\u00f6nnen auf eine \u00fcber 20-j\u00e4hrige seri\u00f6se Unternehmensgeschichte zur\u00fcckblicken. Dar\u00fcber hinaus unterst\u00fctzen wir hochsichere Zahlungsgateways wie PayPal, Letter of Credit (L\/C) und Alibaba Trade Assurance Orders. Alle Produkte verf\u00fcgen \u00fcber nachweisbare SGS-, ROHS- und MSDS-Zertifizierungen.<\/p>\n<\/details>\n<\/section>\n<\/article>","protected":false},"excerpt":{"rendered":"<p>Werten Sie Ihre Marke mit hochwertigen, individuellen Silber-Nickel-Aufklebern auf. Perfekt f\u00fcr Autos, Haushaltsger\u00e4te, Glas und Leder. Unterst\u00fctzt durch mehr als 20 Jahre Fabrikkompetenz, sicheren weltweiten Versand und SGS-Zertifizierungen.<\/p>","protected":false},"featured_media":2864,"comment_status":"open","ping_status":"closed","template":"","meta":[],"product_brand":[],"product_cat":[48],"product_tag":[],"class_list":{"0":"post-2871","1":"product","2":"type-product","3":"status-publish","4":"has-post-thumbnail","6":"product_cat-nickel-metal-sticker","8":"first","9":"instock","10":"shipping-taxable","11":"product-type-simple"},"jetpack-related-posts":[],"jetpack_sharing_enabled":true,"_links":{"self":[{"href":"https:\/\/jttlogos.com\/de\/wp-json\/wp\/v2\/product\/2871","targetHints":{"allow":["GET"]}}],"collection":[{"href":"https:\/\/jttlogos.com\/de\/wp-json\/wp\/v2\/product"}],"about":[{"href":"https:\/\/jttlogos.com\/de\/wp-json\/wp\/v2\/types\/product"}],"replies":[{"embeddable":true,"href":"https:\/\/jttlogos.com\/de\/wp-json\/wp\/v2\/comments?post=2871"}],"wp:featuredmedia":[{"embeddable":true,"href":"https:\/\/jttlogos.com\/de\/wp-json\/wp\/v2\/media\/2864"}],"wp:attachment":[{"href":"https:\/\/jttlogos.com\/de\/wp-json\/wp\/v2\/media?parent=2871"}],"wp:term":[{"taxonomy":"product_brand","embeddable":true,"href":"https:\/\/jttlogos.com\/de\/wp-json\/wp\/v2\/product_brand?post=2871"},{"taxonomy":"product_cat","embeddable":true,"href":"https:\/\/jttlogos.com\/de\/wp-json\/wp\/v2\/product_cat?post=2871"},{"taxonomy":"product_tag","embeddable":true,"href":"https:\/\/jttlogos.com\/de\/wp-json\/wp\/v2\/product_tag?post=2871"}],"curies":[{"name":"wp","href":"https:\/\/api.w.org\/{rel}","templated":true}]}}