{"id":2976,"date":"2020-05-17T08:40:27","date_gmt":"2020-05-17T08:40:27","guid":{"rendered":"https:\/\/jttlogos.com\/?post_type=product&#038;p=2976"},"modified":"2026-03-27T08:56:16","modified_gmt":"2026-03-27T08:56:16","slug":"custom-stainless-steel-plate-metal-label-sticker-with-debossed-logo-stainless-metal-logo-plate-for-leather-bag","status":"publish","type":"product","link":"https:\/\/jttlogos.com\/de\/produkt\/masgeschneiderter-metalletikettenaufkleber-aus-edelstahl-mit-gepragtem-logo-logoplatte-aus-edelstahl-fur-ledertaschen\/","title":{"rendered":"Custom Stainless Steel Plate Metal Label Sticker with Debossed Logo Stainless Metal Logo Plate for Equipment"},"content":{"rendered":"<div id=\"pl-2976\" class=\"panel-layout\">\n<div id=\"pg-2976-0\" class=\"panel-grid panel-no-style\" data-style=\"{&quot;background_image_attachment&quot;:false,&quot;background_display&quot;:&quot;tile&quot;,&quot;gutter&quot;:&quot;50px&quot;,&quot;collapse_order&quot;:&quot;right-top&quot;,&quot;cell_alignment&quot;:&quot;center&quot;}\">\n<div id=\"pgc-2976-0-0\" class=\"panel-grid-cell\" data-weight=\"0.5\">\n<div id=\"panel-2976-0-0-0\" class=\"so-panel widget widget_sow-editor panel-first-child panel-last-child\" data-index=\"0\" data-style=\"{&quot;padding&quot;:&quot;0px 0px 30px 0px&quot;,&quot;mobile_padding&quot;:&quot;4px 4px 4px 4px&quot;,&quot;background_image_attachment&quot;:false,&quot;background_display&quot;:&quot;tile&quot;}\">\n<div class=\"panel-widget-style panel-widget-style-for-2976-0-0-0\">\n<div class=\"so-widget-sow-editor so-widget-sow-editor-base\">\n<div class=\"siteorigin-widget-tinymce textwidget\"><\/div>\n<\/div>\n<\/div>\n<\/div>\n<\/div>\n<\/div>\n<\/div>\n<article>\n<div style=\"display: flex; flex-wrap: wrap; gap: 20px; align-items: center; margin-bottom: 30px;\">\n<div style=\"flex: 1; min-width: 300px;\">\n<p>In der wettbewerbsintensiven Welt des Brandings und der industriellen Fertigung <strong>Kundenspezifische Logoschilder aus Metall<\/strong> dienen als ultimatives Qualit\u00e4tsmerkmal. Bei JTT Logos sind wir auf hochpr\u00e4zise 304-Edelstahlplatten spezialisiert, die mithilfe fortschrittlicher \u00c4tztechniken sorgf\u00e4ltig gefertigt werden, um sowohl als prestigetr\u00e4chtige Markenindikatoren als auch als langlebige Identifikationsger\u00e4te zu fungieren.<\/p>\n<p>Unser <strong>Ausr\u00fcstung f\u00fcr Metallidentifikationsschilder<\/strong> Die L\u00f6sungen sind speziell darauf ausgelegt, den h\u00e4rtesten Umgebungsbedingungen standzuhalten. Ob Sie suchen <strong>Typenschilder der Ausr\u00fcstung<\/strong> F\u00fcr schwere Maschinen oder elegante Etiketten f\u00fcr Luxuslederwaren sorgt unsere Konstruktion aus Edelstahl 304 f\u00fcr hohe Korrosionsbest\u00e4ndigkeit, starke Witterungsbest\u00e4ndigkeit und ein exquisites Erscheinungsbild, das jahrzehntelang anh\u00e4lt.<\/p>\n<p>&nbsp;<\/p>\n<\/div>\n<div style=\"flex: 1; min-width: 300px; text-align: center;\"><img data-recalc-dims=\"1\" decoding=\"async\" class=\"alignnone wp-image-1418\" src=\"https:\/\/i0.wp.com\/jttlogos.com\/wp-content\/uploads\/2020\/05\/stainless-steel-metal-sticker-16-1.jpg?resize=456%2C456&#038;ssl=1\" alt=\"Kundenspezifischer Etikettenaufkleber aus Edelstahlblech\" width=\"456\" height=\"456\" title=\"\"><\/div>\n<\/div>\n<p><!-- Visual Characteristics Highlight --><\/p>\n<div style=\"background-color: #f8f9fa; padding: 20px; border-left: 5px solid #e67e22; margin-bottom: 30px;\">\n<h3 style=\"margin-top: 0; color: #2c3e50;\">Visuelle Exzellenz und Leistung<\/h3>\n<ul style=\"column-count: 2; list-style-type: square; line-height: 1.6;\">\n<li>Pr\u00e4zise ge\u00e4tzte Muster mit klaren Linien<\/li>\n<li>Gleichm\u00e4\u00dfige geb\u00fcrstete Textur f\u00fcr ein erstklassiges Gef\u00fchl<\/li>\n<li>Angemessene \u00c4tztiefe f\u00fcr deutliche Pr\u00e4gung<\/li>\n<li>Gleichm\u00e4\u00dfige Oberfl\u00e4chenfarbe und flache Bodenfl\u00e4chen<\/li>\n<li>Lebendige, vollfarbige F\u00fclloptionen<\/li>\n<li>Langfristige Best\u00e4ndigkeit gegen Oxidation und Ausbleichen<\/li>\n<\/ul>\n<\/div>\n<p><!-- Product Specifications Table --><\/p>\n<p><iframe loading=\"lazy\" title=\"Ge\u00e4tzter Metall-Namensschild-Aufkleber aus Edelstahl mit selbstklebendem Logo-Etikett\" width=\"1020\" height=\"574\" src=\"https:\/\/www.youtube.com\/embed\/SPwG0itY5Jc?feature=oembed\" frameborder=\"0\" allow=\"accelerometer; autoplay; clipboard-write; encrypted-media; gyroscope; picture-in-picture; web-share\" referrerpolicy=\"strict-origin-when-cross-origin\" allowfullscreen><\/iframe><\/p>\n<h2 style=\"color: #2c3e50; border-bottom: 2px solid #e67e22; padding-bottom: 10px;\">Technische Spezifikationen und Parameter<\/h2>\n<div style=\"overflow-x: auto; margin-bottom: 30px;\">\n<table style=\"width: 100%; border-collapse: collapse; font-family: Arial, sans-serif;\">\n<thead>\n<tr style=\"background-color: #2c3e50; color: white; text-align: left;\">\n<th style=\"padding: 12px; border: 1px solid #ddd;\">Besonderheit<\/th>\n<th style=\"padding: 12px; border: 1px solid #ddd;\">Spezifikationsdetails<\/th>\n<\/tr>\n<\/thead>\n<tbody>\n<tr>\n<td style=\"padding: 12px; border: 1px solid #ddd; font-weight: bold; background-color: #f2f2f2;\">Artikelname<\/td>\n<td style=\"padding: 12px; border: 1px solid #ddd;\">Edelstahl-Metallaufkleber\/Ger\u00e4te-Namensschild<\/td>\n<\/tr>\n<tr>\n<td style=\"padding: 12px; border: 1px solid #ddd; font-weight: bold; background-color: #f2f2f2;\">Material<\/td>\n<td style=\"padding: 12px; border: 1px solid #ddd;\">Premium 304 Stainless Steel<\/td>\n<\/tr>\n<tr>\n<td style=\"padding: 12px; border: 1px solid #ddd; font-weight: bold; background-color: #f2f2f2;\">Technik<\/td>\n<td style=\"padding: 12px; border: 1px solid #ddd;\">Chemisches \u00c4tzen<\/td>\n<\/tr>\n<tr>\n<td style=\"padding: 12px; border: 1px solid #ddd; font-weight: bold; background-color: #f2f2f2;\">Dickenbereich<\/td>\n<td style=\"padding: 12px; border: 1px solid #ddd;\">0,1 mm bis 0,5 mm (ultrad\u00fcnn bis Standard)<\/td>\n<\/tr>\n<tr>\n<td style=\"padding: 12px; border: 1px solid #ddd; font-weight: bold; background-color: #f2f2f2;\">Gr\u00f6\u00dfe und Farbe<\/td>\n<td style=\"padding: 12px; border: 1px solid #ddd;\">Angepasst an jede Form, Abmessung und Pantone-Farbe<\/td>\n<\/tr>\n<tr>\n<td style=\"padding: 12px; border: 1px solid #ddd; font-weight: bold; background-color: #f2f2f2;\">Klebeoptionen<\/td>\n<td style=\"padding: 12px; border: 1px solid #ddd;\">3M Adhesive, 3M Hot-melt Glue, Double-sided self-adhesive<\/td>\n<\/tr>\n<tr>\n<td style=\"padding: 12px; border: 1px solid #ddd; font-weight: bold; background-color: #f2f2f2;\">Zertifizierungen<\/td>\n<td style=\"padding: 12px; border: 1px solid #ddd;\">SGS-, ROHS- und MSDS-konform<\/td>\n<\/tr>\n<tr>\n<td style=\"padding: 12px; border: 1px solid #ddd; font-weight: bold; background-color: #f2f2f2;\">Lieferf\u00e4higkeit<\/td>\n<td style=\"padding: 12px; border: 1px solid #ddd;\">700.000 St\u00fcck pro Tag<\/td>\n<\/tr>\n<tr>\n<td style=\"padding: 12px; border: 1px solid #ddd; font-weight: bold; background-color: #f2f2f2;\">Produktionsvorlaufzeit<\/td>\n<td style=\"padding: 12px; border: 1px solid #ddd;\">Probe: 5-7 Tage; Massenproduktion: 7-15 Tage<\/td>\n<\/tr>\n<\/tbody>\n<\/table>\n<\/div>\n<p><!-- Production Process --><\/p>\n<h2><img data-recalc-dims=\"1\" decoding=\"async\" class=\"aligncenter wp-image-1417 size-full\" src=\"https:\/\/i0.wp.com\/jttlogos.com\/wp-content\/uploads\/2020\/05\/Certification-JTT.jpg?resize=600%2C600&#038;ssl=1\" alt=\"Official SGS, MSDS, and ROHS reports guaranteeing the material safety and quality of JTT Logos Metal equipment nameplates\" width=\"600\" height=\"600\" title=\"\"><\/h2>\n<h2 style=\"color: #2c3e50; border-bottom: 2px solid #e67e22; padding-bottom: 10px;\">Precision Engineering: The Production Workflow<\/h2>\n<div style=\"display: flex; flex-wrap: wrap; justify-content: space-between; gap: 10px; margin-bottom: 30px; text-align: center;\">\n<div style=\"flex: 1; min-width: 120px; background: #eee; padding: 10px; border-radius: 5px; font-size: 0.9em;\"><strong>1. Filmerstellung<\/strong><br \/>\nKunstwerk zum Negativ<\/div>\n<div style=\"flex: 1; min-width: 120px; background: #eee; padding: 10px; border-radius: 5px; font-size: 0.9em;\"><strong>2. Surface Prep<\/strong><br \/>\nSteel Plate Cleaning<\/div>\n<div style=\"flex: 1; min-width: 120px; background: #eee; padding: 10px; border-radius: 5px; font-size: 0.9em;\"><strong>3. Ink Coating<\/strong><br \/>\nInsulating Layer<\/div>\n<div style=\"flex: 1; min-width: 120px; background: #eee; padding: 10px; border-radius: 5px; font-size: 0.9em;\"><strong>4. Imaging<\/strong><br \/>\nBelichtung und UV<\/div>\n<div style=\"flex: 1; min-width: 120px; background: #eee; padding: 10px; border-radius: 5px; font-size: 0.9em;\"><strong>5. Radierung<\/strong><br \/>\nChemical Precision<\/div>\n<div style=\"flex: 1; min-width: 120px; background: #eee; padding: 10px; border-radius: 5px; font-size: 0.9em;\"><strong>6. Finishing<\/strong><br \/>\nGlue &amp; Overlay<\/div>\n<div style=\"flex: 1; min-width: 120px; background: #eee; padding: 10px; border-radius: 5px; font-size: 0.9em;\"><strong>7. Qualit\u00e4tskontrolle und Verpackung<\/strong><br \/>\n100% Inspektion<\/div>\n<\/div>\n<p><!-- Why Choose Our Stickers - Comparison Card --><\/p>\n<h2><img data-recalc-dims=\"1\" decoding=\"async\" class=\"aligncenter wp-image-1417 size-full\" src=\"https:\/\/i0.wp.com\/jttlogos.com\/wp-content\/uploads\/2020\/05\/stainless-steel-productive-process.jpg?resize=600%2C600&#038;ssl=1\" alt=\"Step-by-step factory production process for JTT Logos Custom equipment nameplates\" width=\"600\" height=\"600\" title=\"\"><\/h2>\n<h2 style=\"color: #2c3e50; border-bottom: 2px solid #e67e22; padding-bottom: 10px;\">Warum sollten Sie sich f\u00fcr unsere kundenspezifischen Typenschilder f\u00fcr Ger\u00e4te entscheiden?<\/h2>\n<div style=\"display: grid; grid-template-columns: repeat(auto-fit, minmax(300px, 1fr)); gap: 20px; margin-bottom: 30px;\">\n<div style=\"border: 1px solid #e67e22; border-radius: 10px; padding: 20px; background-color: #fffaf5;\">\n<h3 style=\"color: #e67e22; margin-top: 0;\">Un\u00fcbertroffene Haltbarkeit<\/h3>\n<p>Unser <strong>Namensschilder aus Metall f\u00fcr Ger\u00e4te<\/strong> sind ausschlie\u00dflich aus Edelstahl 304 gefertigt. Dadurch wird sichergestellt, dass sie rostfrei und korrosionsbest\u00e4ndig sind. Im Gegensatz zu Aluminium- oder Kunststoffanh\u00e4ngern sind unsere <strong>Typenschild der Ausr\u00fcstung<\/strong> L\u00f6sungen halten hohen Temperaturen und industriellen L\u00f6sungsmitteln stand.<\/p>\n<\/div>\n<div style=\"border: 1px solid #2c3e50; border-radius: 10px; padding: 20px; background-color: #f4f6f7;\">\n<h3 style=\"color: #2c3e50; margin-top: 0;\">Luxuri\u00f6se \u00c4sthetik<\/h3>\n<p>Von Spiegeloberfl\u00e4chen bis hin zu mattierten und geb\u00fcrsteten Texturen sorgen wir f\u00fcr ein erstklassiges metallisches Gef\u00fchl. Ob es f\u00fcr ist <strong>Kundenspezifische Typenschilder f\u00fcr Ger\u00e4te<\/strong> oder High-End-Elektronik bieten die ausgepr\u00e4gten Kantenkonturen und die gepr\u00e4gte Beschriftung einen professionellen, hochwertigen Look.<\/p>\n<\/div>\n<\/div>\n<p><!-- Application Section --><\/p>\n<h2 style=\"color: #2c3e50; border-bottom: 2px solid #e67e22; padding-bottom: 10px;\">Vielseitige Anwendungen: Wo Zuverl\u00e4ssigkeit auf Design trifft<\/h2>\n<p>According to industry data, the demand for high-quality <strong>Typenschildschilder der Ausr\u00fcstung<\/strong> ist im Industriesektor aufgrund strengerer Sicherheits- und Kennzeichnungsvorschriften um 15% gestiegen. Unsere Produkte bedienen vielf\u00e4ltige Bereiche:<\/p>\n<div style=\"display: flex; flex-wrap: wrap; gap: 15px; margin-bottom: 30px;\">\n<div style=\"flex: 1; background: #f9f9f9; padding: 15px; border-radius: 8px; border: 1px solid #ddd;\"><strong>Industriemaschinen<\/strong><br \/>\nSehr langlebig <strong>Typenschilder f\u00fcr Metallger\u00e4te<\/strong> f\u00fcr Bedienfelder, die Chemikalien- und Verschlei\u00dffestigkeit erfordern.<\/div>\n<div style=\"flex: 1; background: #f9f9f9; padding: 15px; border-radius: 8px; border: 1px solid #ddd;\"><strong>Verkehrs- und Au\u00dfenschilder<\/strong><br \/>\nWeatherproof 304 stainless steel road and directional signs that withstand long-term UV exposure.<\/div>\n<div style=\"flex: 1; background: #f9f9f9; padding: 15px; border-radius: 8px; border: 1px solid #ddd;\"><strong>Unterhaltungselektronik<\/strong><br \/>\nExquisite brand logos and model <strong>Typenschild der Ausr\u00fcstung<\/strong> Identifikatoren f\u00fcr Premium-Gadgets und -Verpackungen.<\/div>\n<\/div>\n<p><!-- Installation Guide --><\/p>\n<h2><img data-recalc-dims=\"1\" decoding=\"async\" class=\"aligncenter wp-image-1417 size-full\" src=\"https:\/\/i0.wp.com\/jttlogos.com\/wp-content\/uploads\/2020\/05\/JTT-application-scenarios.jpg?resize=600%2C600&#038;ssl=1\" alt=\"applications of JTT Logos Custom Metal nameplates for equipment\" width=\"600\" height=\"600\" title=\"\"><\/h2>\n<h2 style=\"color: #2c3e50; border-bottom: 2px solid #e67e22; padding-bottom: 10px;\">Professionelle Installationsanleitung<\/h2>\n<div style=\"background-color: #fff; border: 1px solid #ddd; padding: 20px; border-radius: 8px; margin-bottom: 30px;\">\n<ol style=\"line-height: 1.8;\">\n<li><strong>Oberfl\u00e4chenvorbereitung:<\/strong> Wischen Sie die Produktoberfl\u00e4che mit einem trockenen Tuch ab. Bei \u00d6lflecken Industriealkohol verwenden.<\/li>\n<li><strong>Peeling:<\/strong> Entfernen Sie vorsichtig das Trennpapier von der R\u00fcckseite des Metallaufklebers. Stellen Sie sicher, dass die Folie auf der Vorderseite intakt bleibt.<\/li>\n<li><strong>Anwendung:<\/strong> Richten Sie die aus und befestigen Sie sie <strong>Kundenspezifische Logoplatte aus Metall<\/strong> auf die gew\u00fcnschte Oberfl\u00e4che.<\/li>\n<li><strong>Sicherung:<\/strong> Dr\u00fccken Sie mit einem trockenen Tuch die gesamte Oberfl\u00e4che fest an, um den Kleber zu aktivieren.<\/li>\n<li><strong>Letzter Schritt:<\/strong> Ziehen Sie die sch\u00fctzende Oberfl\u00e4chenfolie in einem 45-Grad-Winkel ab. Kleberreste an den R\u00e4ndern werden bei korrektem Anpressen mit der Folie entfernt.<\/li>\n<\/ol>\n<\/div>\n<p><!-- Quality Control \/ Testing Section --><\/p>\n<h2 style=\"color: #2c3e50; border-bottom: 2px solid #e67e22; padding-bottom: 10px;\">Strenge Qualit\u00e4tssicherung und Tests<\/h2>\n<p>Um unsere zu gew\u00e4hrleisten <strong>Namensschilder aus Metall f\u00fcr Ger\u00e4te<\/strong> Um internationalen Standards gerecht zu werden, durchl\u00e4uft jede Charge sechs wesentliche Tests:<\/p>\n<div style=\"display: grid; grid-template-columns: repeat(auto-fit, minmax(250px, 1fr)); gap: 15px; margin-bottom: 30px;\">\n<div style=\"padding: 15px; border: 1px solid #eee; background: #fcfcfc;\"><strong>1. Haftungstest:<\/strong> Bewertet die Qualit\u00e4t der Tintenbindung nach dem Einf\u00e4rben.<\/div>\n<div style=\"padding: 15px; border: 1px solid #eee; background: #fcfcfc;\"><strong>2. Hoch-\/Niedrigtemperaturtest:<\/strong> Best\u00e4tigt die Stabilit\u00e4t in Umgebungen mit wechselnden Temperaturen und feuchter Hitze.<\/div>\n<div style=\"padding: 15px; border: 1px solid #eee; background: #fcfcfc;\"><strong>3. Salt Spray Test:<\/strong> Simuliert raue, salzhaltige Atmosph\u00e4ren zur \u00dcberpr\u00fcfung der Korrosionsbest\u00e4ndigkeit.<\/div>\n<div style=\"padding: 15px; border: 1px solid #eee; background: #fcfcfc;\"><strong>4. Falltest:<\/strong> Simuliert Transportschocks, um die strukturelle Integrit\u00e4t sicherzustellen.<\/div>\n<div style=\"padding: 15px; border: 1px solid #eee; background: #fcfcfc;\"><strong>5. Biegetest:<\/strong> Stellt sicher, dass das Logo auch dann haftet, wenn das Substrat gebogen wird.<\/div>\n<div style=\"padding: 15px; border: 1px solid #eee; background: #fcfcfc;\"><strong>6. Bandtest:<\/strong> Eine spezielle Beurteilung der absoluten Festigkeit des Bindemittels.<\/div>\n<\/div>\n<p><!-- FAQ Knowledge Points --><\/p>\n<h2 style=\"color: #2c3e50; border-bottom: 2px solid #e67e22; padding-bottom: 10px;\">H\u00e4ufig gestellte Fragen (FAQ)<\/h2>\n<div style=\"margin-bottom: 30px;\">\n<div style=\"margin-bottom: 15px; border-bottom: 1px solid #eee; padding-bottom: 10px;\">\n<p style=\"font-weight: bold; color: #e67e22;\">F: Welche Vorteile hat Edelstahl 304 gegen\u00fcber anderen Materialien?<\/p>\n<p>A: Edelstahl 304 bietet die beste Balance aus Korrosionsbest\u00e4ndigkeit, Haltbarkeit und Kosteneffizienz <strong>Typenschilder der Ausr\u00fcstung<\/strong>. Es rostet nicht und beh\u00e4lt seinen metallischen Glanz auch im Freien oder in der Industrie.<\/p>\n<\/div>\n<div style=\"margin-bottom: 15px; border-bottom: 1px solid #eee; padding-bottom: 10px;\">\n<p style=\"font-weight: bold; color: #e67e22;\">F: K\u00f6nnen Sie gro\u00dfvolumige Gro\u00dfhandelsbestellungen abwickeln?<\/p>\n<p>A: Ja! JTT Logos verf\u00fcgt \u00fcber eine Lieferf\u00e4higkeit von 700.000 St\u00fcck pro Tag und ist damit der bevorzugte Partner f\u00fcr gro\u00dfe industrielle Produktionen <strong>Typenschild der Ausr\u00fcstung<\/strong> manufacturing.<\/p>\n<\/div>\n<div style=\"margin-bottom: 15px; border-bottom: 1px solid #eee; padding-bottom: 10px;\">\n<p style=\"font-weight: bold; color: #e67e22;\">F: Bieten Sie kundenspezifische Formen und Gr\u00f6\u00dfen an?<\/p>\n<p>A: Absolut. Unser <strong>Kundenspezifische Typenschilder f\u00fcr Ger\u00e4te<\/strong> kann auf jedes von Ihnen bereitgestellte KI-, PDF- oder CAD-Design zugeschnitten werden, einschlie\u00dflich komplexer Stanzformen und spezifischer \u00c4tztiefen.<\/p>\n<\/div>\n<\/div>\n<p><!-- About Us & CTA --><\/p>\n<h2 style=\"color: #2c3e50; border-bottom: 2px solid #e67e22; padding-bottom: 10px;\">\u00dcber JTT Logos: Ihr vertrauensw\u00fcrdiger Experte f\u00fcr Metalletiketten<\/h2>\n<p><img data-recalc-dims=\"1\" decoding=\"async\" class=\"aligncenter wp-image-1417 size-full\" src=\"https:\/\/i0.wp.com\/jttlogos.com\/wp-content\/uploads\/2020\/05\/jtt-company-advantage-1.jpg?resize=600%2C600&#038;ssl=1\" alt=\"our core advantages of choosing JTT Logos for equipment nameplate tags\" width=\"600\" height=\"600\" title=\"\"><\/p>\n<div style=\"background-color: #2c3e50; color: white; padding: 30px; border-radius: 10px;\">\n<p>Mit \u00fcber <strong>16 Jahre Erfahrung<\/strong> In der Metalletikettenbranche ist JTT Logos ein f\u00fchrender Hersteller, der sich darauf spezialisiert hat <strong>Kundenspezifische Logoschilder aus Metall<\/strong>. Weltweit f\u00fchrende Unternehmen vertrauen auf unser Fachwissen <strong>Tesla, Samsung, Haier, Gree, Panasonic und Lenovo<\/strong>. JTT-Hauptgesch\u00e4ft:\u00a0<a href=\"https:\/\/jttlogos.com\/de\/\"><strong>Metallaufkleber<\/strong><\/a>,\u00a0<a href=\"https:\/\/jttlogos.com\/de\/produktkategorie\/nickel-metallaufkleber\/\"><strong>Nickel\u00a0<\/strong><strong>Logo-Aufkleber aus Metall<\/strong><\/a><a title=\"Logo-Aufkleber aus Metall\" href=\"https:\/\/jttlogos.com\/de\/\">,<\/a>\u00a0<a href=\"https:\/\/jttlogos.com\/de\/produktkategorie\/aufkleber-aus-edelstahl\/\"><strong>Logo-Aufkleber aus Edelstahl und Metall<\/strong><\/a>,\u00a0<a href=\"https:\/\/jttlogos.com\/de\/produktkategorie\/3d-metallaufkleber\/\"><strong>3D Galvanoforming Metall Logo Aufkleber<\/strong><\/a>,\u00a0<a href=\"https:\/\/jttlogos.com\/de\/produktkategorie\/lautsprechergitter-metallaufkleber\/\"><strong>Lautsprecher-Mesh-Metallaufkleber<\/strong><\/a>.<\/p>\n<h3 style=\"color: #e67e22;\">Unsere 4 Kerngarantien:<\/h3>\n<ul style=\"line-height: 1.6;\">\n<li><strong>\u00dcberlegene Qualit\u00e4t:<\/strong> Wir verwenden ausschlie\u00dflich hochwertigen Edelstahl 304 und unterliegen einer strengen Qualit\u00e4tskontrolle.<\/li>\n<li><strong>Wettbewerbsf\u00e4hige Preise:<\/strong> Die direkte Fabrikfertigung gew\u00e4hrleistet den besten Wert.<\/li>\n<li><strong>Experten f\u00fcr Forschung und Entwicklung:<\/strong> Innovative solutions for complex branding needs.<\/li>\n<li><strong>P\u00fcnktliche Lieferung:<\/strong> Effiziente Produktionszyklen zur Einhaltung Ihrer Termine.<\/li>\n<\/ul>\n<div style=\"text-align: center; margin-top: 20px;\">\n<p style=\"font-size: 1.2em; font-weight: bold;\">Sind Sie bereit, Ihr Ger\u00e4te-Branding zu verbessern?<\/p>\n<p><a style=\"display: inline-block; background-color: #e67e22; color: white; padding: 15px 30px; text-decoration: none; border-radius: 5px; font-weight: bold; margin-top: 10px;\" href=\"https:\/\/jttlogos.com\/de\/kontaktiere-uns\/\">Fordern Sie noch heute ein individuelles Angebot an!<\/a><\/p>\n<\/div>\n<\/div>\n<\/article>","protected":false},"excerpt":{"rendered":"<p>JTT ist ein weltweit f\u00fchrender Lieferant und Hersteller von Metallaufklebern, Nickelaufklebern, Edelstahlaufklebern, 3D-Metallaufklebern und Mesh-Lautsprechern, der sich seit \u00fcber 14 Jahren auf diese Branche spezialisiert hat.<\/p>\n<p>Der konkrete Preis wird durch das Produkt bestimmt.<\/p>","protected":false},"featured_media":2960,"comment_status":"open","ping_status":"closed","template":"","meta":[],"product_brand":[],"product_cat":[52],"product_tag":[],"class_list":{"0":"post-2976","1":"product","2":"type-product","3":"status-publish","4":"has-post-thumbnail","6":"product_cat-stainless-steel-metal-sticker","8":"first","9":"instock","10":"shipping-taxable","11":"product-type-simple"},"jetpack-related-posts":[],"jetpack_sharing_enabled":true,"_links":{"self":[{"href":"https:\/\/jttlogos.com\/de\/wp-json\/wp\/v2\/product\/2976","targetHints":{"allow":["GET"]}}],"collection":[{"href":"https:\/\/jttlogos.com\/de\/wp-json\/wp\/v2\/product"}],"about":[{"href":"https:\/\/jttlogos.com\/de\/wp-json\/wp\/v2\/types\/product"}],"replies":[{"embeddable":true,"href":"https:\/\/jttlogos.com\/de\/wp-json\/wp\/v2\/comments?post=2976"}],"wp:featuredmedia":[{"embeddable":true,"href":"https:\/\/jttlogos.com\/de\/wp-json\/wp\/v2\/media\/2960"}],"wp:attachment":[{"href":"https:\/\/jttlogos.com\/de\/wp-json\/wp\/v2\/media?parent=2976"}],"wp:term":[{"taxonomy":"product_brand","embeddable":true,"href":"https:\/\/jttlogos.com\/de\/wp-json\/wp\/v2\/product_brand?post=2976"},{"taxonomy":"product_cat","embeddable":true,"href":"https:\/\/jttlogos.com\/de\/wp-json\/wp\/v2\/product_cat?post=2976"},{"taxonomy":"product_tag","embeddable":true,"href":"https:\/\/jttlogos.com\/de\/wp-json\/wp\/v2\/product_tag?post=2976"}],"curies":[{"name":"wp","href":"https:\/\/api.w.org\/{rel}","templated":true}]}}