{"id":3232,"date":"2020-05-18T08:35:25","date_gmt":"2020-05-18T08:35:25","guid":{"rendered":"https:\/\/jttlogos.com\/?post_type=product&#038;p=3232"},"modified":"2026-04-16T01:02:31","modified_gmt":"2026-04-16T01:02:31","slug":"custom-electroplated-thin-small-metal-letters-nickel-sticker-for-your-own-logo-electrical-label-for-automobiles-leather-wood-glass","status":"publish","type":"product","link":"https:\/\/jttlogos.com\/de\/produkt\/benutzerdefinierte-galvanisierte-dunne-kleine-metallbuchstaben-aus-nickel-fur-ihr-eigenes-logo-elektrisches-etikett-fur-autos-leder-holz-glas\/","title":{"rendered":"Kundenspezifische Logoaufkleber aus galvanisiertem Nickelmetall und d\u00fcnne 3D-Metallbuchstaben"},"content":{"rendered":"<article style=\"font-family: Arial, sans-serif; line-height: 1.6; color: #333; max-width: 100%; margin: 0 auto; padding: 20px;\">\n<section style=\"margin-bottom: 30px;\">\n<h2 style=\"color: #0056b3; font-size: 28px; border-bottom: 2px solid #0056b3; padding-bottom: 10px; margin-bottom: 20px;\">Benutzerdefinierte galvanisierte d\u00fcnne kleine Metallbuchstaben aus Nickel f\u00fcr Ihr eigenes Logo<\/h2>\n<p style=\"font-size: 16px; margin-bottom: 15px;\">Werten Sie die visuelle Identit\u00e4t Ihrer Marke mit unserem Premium auf <strong>Kundenspezifischer, galvanisierter, d\u00fcnner, kleiner Metallbuchstaben-Nickelaufkleber<\/strong>. Bei <strong>JTT Precision Metal Co., Ltd (<a style=\"color: #0056b3; text-decoration: none;\" href=\"https:\/\/jttlogos.com\/de\/\">jttlogos.com<\/a>)<\/strong>Wir bringen \u00fcber 20 Jahre Erfahrung in der Fertigung mit und sind auf ma\u00dfgeschneiderte Metall-Branding-L\u00f6sungen spezialisiert. Egal, ob Sie aufwendige Details ben\u00f6tigen <a style=\"color: #0056b3; text-decoration: underline;\" href=\"https:\/\/jttlogos.com\/de\/produktkategorie\/nickel-metallaufkleber\/\">Metall-Nickel-Aufkleber<\/a>Egal, ob es sich um robuste Edelstahl-Logoaufkleber aus Metall oder auff\u00e4llige 3D-Logoaufkleber aus Metall handelt, unsere umfassende Fertigungskompetenz stellt sicher, dass Ihre Unternehmensidentit\u00e4t mit absoluter Pr\u00e4zision und Eleganz dargestellt wird.<\/p>\n<p style=\"font-size: 16px; margin-bottom: 15px;\">Diese ultrad\u00fcnnen Metall-Transferaufkleber sind als hochwertiges Elektroetikett oder dekoratives Emblem konzipiert und lassen sich nahtlos in verschiedene Produktoberfl\u00e4chen integrieren. Von eleganter Elektronik und Haushaltsger\u00e4ten bis hin zu strukturiertem Leder, Naturholz und glattem Glas sorgen unsere selbstklebenden Metalletiketten f\u00fcr einen makellosen, integrierten Look. Wir nutzen modernste Galvanisierungstechniken, um 100%-Nickelaufkleber herzustellen, die nicht nur optisch beeindruckend sind, sondern auch \u00e4u\u00dferst langlebig und widerstandsf\u00e4hig gegen Umwelteinfl\u00fcsse sind.<\/p>\n<\/section>\n<p><!-- First Call to Action --><\/p>\n<div style=\"background: linear-gradient(135deg, #0056b3, #004494); color: #ffffff; padding: 25px; border-radius: 8px; text-align: center; margin: 30px 0; box-shadow: 0 4px 6px rgba(0,0,0,0.1);\">\n<h3 style=\"margin: 0 0 10px 0; font-size: 24px; color: #ffffff;\">Sind Sie bereit, Ihre Markenverpackung aufzuwerten?<\/h3>\n<p style=\"margin: 0 0 15px 0; font-size: 16px;\">Kontaktieren Sie noch heute unsere Fertigungsspezialisten, um ein Vorproduktionsmuster anzufordern und ein individuelles Angebot basierend auf Ihrem einzigartigen Kunstwerk zu erhalten.<\/p>\n<p style=\"margin: 0; font-size: 18px; font-weight: bold;\"><a href=\"https:\/\/jttlogos.com\/de\/kontaktiere-uns\/\">Senden Sie Ihre AI-, PDF- oder CAD-Dateien, um loszulegen!<\/a><\/p>\n<\/div>\n<p><!-- Technical Specifications Table --><\/p>\n<section style=\"margin-bottom: 40px;\"><iframe loading=\"lazy\" title=\"Ma\u00dfgeschneiderte selbstklebende Metall-Nickel-Aufkleber f\u00fcr die Verpackung von Geschenkboxen elektronischer Produkte\" width=\"1020\" height=\"574\" src=\"https:\/\/www.youtube.com\/embed\/PUIpqWuShTk?feature=oembed\" frameborder=\"0\" allow=\"accelerometer; autoplay; clipboard-write; encrypted-media; gyroscope; picture-in-picture; web-share\" referrerpolicy=\"strict-origin-when-cross-origin\" allowfullscreen><\/iframe><\/p>\n<h2><img data-recalc-dims=\"1\" decoding=\"async\" class=\"alignnone wp-image-1418 size-full\" src=\"https:\/\/i0.wp.com\/jttlogos.com\/wp-content\/uploads\/2020\/05\/Packing-Box-Metal-Sticker-51.jpg?resize=600%2C450&#038;ssl=1\" alt=\"Kundenspezifischer galvanisierter d\u00fcnner kleiner Metallbuchstaben-Nickelaufkleber\" width=\"600\" height=\"450\" title=\"\"><\/h2>\n<h2 style=\"color: #0056b3; font-size: 24px; margin-bottom: 20px;\">Umfassende Produktspezifikationen<\/h2>\n<p style=\"font-size: 16px; margin-bottom: 15px;\">Transparenz und technische Pr\u00e4zision sind die Grundpfeiler unseres Handelns. Nachfolgend finden Sie eine detaillierte Aufschl\u00fcsselung der Spezifikationen f\u00fcr unsere kundenspezifischen galvanisierten Markenplatten, um sicherzustellen, dass Sie \u00fcber alle Daten verf\u00fcgen, die Sie f\u00fcr eine fundierte Beschaffungsentscheidung ben\u00f6tigen.<\/p>\n<table style=\"width: 100%; border-collapse: collapse; margin-bottom: 20px; font-size: 15px; box-shadow: 0 2px 5px rgba(0,0,0,0.05);\">\n<tbody>\n<tr style=\"background-color: #f8f9fa; border-bottom: 1px solid #e9ecef;\">\n<td style=\"padding: 15px; font-weight: bold; width: 30%; border: 1px solid #dee2e6;\">Produktartikel<\/td>\n<td style=\"padding: 15px; border: 1px solid #dee2e6;\"><a style=\"color: #0056b3; text-decoration: none;\" href=\"https:\/\/jttlogos.com\/de\/produktkategorie\/nickel-metallaufkleber\/\">Metall-Nickel-Aufkleber<\/a> \/ Kundenspezifische Logo-Aufkleber aus Metall<\/td>\n<\/tr>\n<tr style=\"background-color: #ffffff; border-bottom: 1px solid #e9ecef;\">\n<td style=\"padding: 15px; font-weight: bold; border: 1px solid #dee2e6;\">Kernmaterial<\/td>\n<td style=\"padding: 15px; border: 1px solid #dee2e6;\">Premium-Metall, 100% reines Nickel<\/td>\n<\/tr>\n<tr style=\"background-color: #f8f9fa; border-bottom: 1px solid #e9ecef;\">\n<td style=\"padding: 15px; font-weight: bold; border: 1px solid #dee2e6;\">Herstellungstechnik<\/td>\n<td style=\"padding: 15px; border: 1px solid #dee2e6;\">Advanced Electroplating<\/td>\n<\/tr>\n<tr style=\"background-color: #ffffff; border-bottom: 1px solid #e9ecef;\">\n<td style=\"padding: 15px; font-weight: bold; border: 1px solid #dee2e6;\">Dickenbereich<\/td>\n<td style=\"padding: 15px; border: 1px solid #dee2e6;\">Ultrad\u00fcnnes Profil: 0,045 mm \u2013 0,12 mm<\/td>\n<\/tr>\n<tr style=\"background-color: #f8f9fa; border-bottom: 1px solid #e9ecef;\">\n<td style=\"padding: 15px; font-weight: bold; border: 1px solid #dee2e6;\">Gr\u00f6\u00dfe und Farbe<\/td>\n<td style=\"padding: 15px; border: 1px solid #dee2e6;\">Vollst\u00e4ndig anpassbar an jede Gr\u00f6\u00dfe, komplizierte Form und Pantone-\/Metallic-Farbe<\/td>\n<\/tr>\n<tr style=\"background-color: #ffffff; border-bottom: 1px solid #e9ecef;\">\n<td style=\"padding: 15px; font-weight: bold; border: 1px solid #dee2e6;\">Klebeoptionen (Kleber)<\/td>\n<td style=\"padding: 15px; border: 1px solid #dee2e6;\">3M-Kleber, 3M-Schmelzkleber, hochwertiger doppelseitiger Selbstkleber<\/td>\n<\/tr>\n<tr style=\"background-color: #f8f9fa; border-bottom: 1px solid #e9ecef;\">\n<td style=\"padding: 15px; font-weight: bold; border: 1px solid #dee2e6;\">Branchenzertifizierungen<\/td>\n<td style=\"padding: 15px; border: 1px solid #dee2e6;\">SGS, ROHS, MSDS (Gew\u00e4hrleistung der Einhaltung von Umwelt- und Sicherheitsvorschriften)<\/td>\n<\/tr>\n<tr style=\"background-color: #ffffff; border-bottom: 1px solid #e9ecef;\">\n<td style=\"padding: 15px; font-weight: bold; border: 1px solid #dee2e6;\">Akzeptierte Grafikformate<\/td>\n<td style=\"padding: 15px; border: 1px solid #dee2e6;\">Besonders bevorzugt werden Vektordateien: AI, PDF, CDR, CAD oder andere skalierbare Formate<\/td>\n<\/tr>\n<tr style=\"background-color: #f8f9fa; border-bottom: 1px solid #e9ecef;\">\n<td style=\"padding: 15px; font-weight: bold; border: 1px solid #dee2e6;\">Verpackungsschutz<\/td>\n<td style=\"padding: 15px; border: 1px solid #dee2e6;\">Einzeln in sch\u00fctzenden OPP-Verpackungsbeuteln gesichert, um Kratzer zu verhindern<\/td>\n<\/tr>\n<\/tbody>\n<\/table>\n<\/section>\n<p><!-- Deep Dive into Features & Applications --><\/p>\n<section style=\"margin-bottom: 40px;\">\n<h2 style=\"color: #0056b3; font-size: 24px; margin-bottom: 20px;\">Un\u00fcbertroffene Qualit\u00e4t und vielseitige Anwendungen<\/h2>\n<h3 style=\"color: #333; font-size: 20px; margin-top: 20px; margin-bottom: 10px;\">Die Kraft der Galvanotechnik<\/h3>\n<p style=\"font-size: 16px; margin-bottom: 15px;\">Das Geheimnis hinter dem auff\u00e4lligen Erscheinungsbild unserer individuellen Logo-Aufkleber aus Metall liegt in unserem raffinierten Galvanikverfahren. Durch die Manipulation von 100%-Nickel auf molekularer Ebene erstellen wir ma\u00dfgeschneiderte Metallbeschriftungen mit einer unglaublich pr\u00e4zisen Dicke von nur 0,045 mm bis 0,12 mm. Dieses ultrad\u00fcnne Profil bedeutet, dass das galvanisch vernickelte Abzeichen nach dem Auftragen fast nahtlos in die Oberfl\u00e4che Ihres Produkts integriert erscheint und das Aussehen einer direkten Metallpr\u00e4gung oder eines hochwertigen Siebdrucks nachahmt, jedoch mit einem luxuri\u00f6sen 3D-Metallglanz.<\/p>\n<h3 style=\"color: #333; font-size: 20px; margin-top: 20px; margin-bottom: 10px;\">Hervorragende Haftung f\u00fcr verschiedene Oberfl\u00e4chen<\/h3>\n<p style=\"font-size: 16px; margin-bottom: 15px;\">Ein hochwertiger Metallaufkleber ist nur so gut wie sein Kleber. Wir verwenden authentisch <strong>3M-Kleber, 3M-Schmelzkleber und robuster doppelseitiger Selbstkleber<\/strong> Tr\u00e4germaterial, um eine dauerhafte Anwendung zu gew\u00e4hrleisten. Unabh\u00e4ngig davon, ob Ihre Produkte eine glatte, nicht por\u00f6se Oberfl\u00e4che oder eine strukturierte Au\u00dfenseite aufweisen, sind unsere Klebstoffe so formuliert, dass sie sicher haften. Dies macht unsere d\u00fcnnen Metall-Transferaufkleber \u00e4u\u00dferst effektiv f\u00fcr Anwendungen auf anspruchsvollen Materialien wie:<\/p>\n<ul style=\"font-size: 16px; margin-bottom: 20px; padding-left: 20px; list-style-type: square;\">\n<li style=\"margin-bottom: 8px;\"><strong>Automobile und Maschinen:<\/strong> Widersteht Temperaturschwankungen und Vibrationen.<\/li>\n<li style=\"margin-bottom: 8px;\"><strong>Echtes und Kunstleder:<\/strong> Ideal f\u00fcr Luxushandtaschen, Geldb\u00f6rsen und Premium-Automobilinnenr\u00e4ume.<\/li>\n<li style=\"margin-bottom: 8px;\"><strong>Naturholz:<\/strong> Perfekt f\u00fcr ma\u00dfgeschneiderte M\u00f6bel, individuelle Humidore und luxuri\u00f6se Geschenkboxen.<\/li>\n<li style=\"margin-bottom: 8px;\"><strong>Glas und Acryl:<\/strong> Erstellen eines raffinierten schwebenden Logo-Effekts f\u00fcr Kosmetikverpackungen und Pr\u00e4sentationseinheiten.<\/li>\n<\/ul>\n<h3 style=\"color: #333; font-size: 20px; margin-top: 20px; margin-bottom: 10px;\">Breite Branchennutzung<\/h3>\n<p style=\"font-size: 16px; margin-bottom: 15px;\">Unser Kundenstamm erstreckt sich \u00fcber mehrere globale Branchen. Die Elektroetikettenvarianten werden h\u00e4ufig in Mobiltelefonen, Handyh\u00fcllen, Haushaltsger\u00e4ten und verschiedenen elektronischen Produkten verwendet. Die korrosionsbest\u00e4ndigen Eigenschaften unserer Nickelaufkleber stellen sicher, dass sie bei t\u00e4glicher Handhabung nicht anlaufen, was sie zur ultimativen Wahl f\u00fcr das Branding von Unterhaltungselektronik macht.<\/p>\n<\/section>\n<p><!-- Knowledge Point Box --><\/p>\n<div style=\"background-color: #f0f8ff; border-left: 6px solid #0056b3; padding: 20px; margin: 30px 0; border-radius: 0 8px 8px 0;\">\n<h3 style=\"margin-top: 0; color: #0056b3; font-size: 20px;\">\ud83d\udca1 Branchenwissen: Warum 100% Nickel f\u00fcr Logo-Aufkleber aus Metall w\u00e4hlen?<\/h3>\n<p style=\"margin-bottom: 0; font-size: 15px; color: #444;\">Aufgrund seiner au\u00dfergew\u00f6hnlichen Formbarkeit und Korrosionsbest\u00e4ndigkeit wird Nickel bei der Herstellung kundenspezifischer Marken sehr gesch\u00e4tzt. W\u00e4hrend des Galvanisierungsprozesses werden Nickelionen auf einer leitf\u00e4higen Form abgeschieden und erm\u00f6glichen so mikroskopische Detailgenauigkeiten, die mit herk\u00f6mmlichem Metallstanzen einfach nicht erreicht werden k\u00f6nnen. Dies f\u00fchrt zu gestochen scharfen Kanten, perfekt glatten Oberfl\u00e4chen und der M\u00f6glichkeit, unglaublich komplizierte, d\u00fcnne und kleine Metallbuchstaben ohne Verlust der Wiedergabetreue nachzubilden. Dar\u00fcber hinaus ist reines Nickel sehr gut mit nachfolgenden F\u00e4rbeprozessen kompatibel und erm\u00f6glicht brillante Gold-, Silber-, Chrom- oder sogar individuelle Pantone-Oberfl\u00e4chen.<\/p>\n<\/div>\n<p><!-- E-E-A-T and Trust Assurances Section --><\/p>\n<section style=\"margin-bottom: 40px;\">\n<h2 style=\"color: #0056b3; font-size: 24px; margin-bottom: 20px;\">JTT Precision Metal Co., Ltd: Zwei Jahrzehnte exzellenter Fertigung<\/h2>\n<p style=\"font-size: 16px; margin-bottom: 15px;\">Vertrauen in die Fertigung beruht auf einer nachgewiesenen Erfolgsbilanz. Mit \u00fcber 20 Jahren Erfahrung in der Branche beherrscht JTT Precision Metal Co., Ltd die Kunst der Herstellung hochwertiger Metalletikettierungsl\u00f6sungen. Unsere Produktionsst\u00e4tten befolgen strenge Qualit\u00e4tskontrollprotokolle von der ersten Rohstoffinspektion bis zur Endverpackungsphase.<\/p>\n<p style=\"font-size: 16px; margin-bottom: 15px;\"><strong>Authoritative Certifications:<\/strong> Wir sind stolz darauf, eine konforme und umweltbewusste Einrichtung zu betreiben. Unsere Produkte behalten ihre G\u00fcltigkeit <strong>SGS-, ROHS- und MSDS-Zertifizierungen<\/strong>. Das bedeutet, dass unsere kundenspezifischen galvanisierten d\u00fcnnen Metallbuchstaben keine gef\u00e4hrlichen Substanzen enthalten und somit absolut sicher f\u00fcr Unterhaltungselektronik, Anwendungen mit Hautkontakt (z. B. Handyh\u00fcllen) und den weltweiten Export sind.<\/p>\n<p style=\"font-size: 16px; margin-bottom: 15px;\"><strong>Sichere und transparente Transaktionen:<\/strong> Wir wissen, wie wichtig finanzielle Sicherheit bei B2B-Transaktionen ist. Um unseren globalen Kunden Sicherheit zu bieten, bieten wir eine breite Palette \u00e4u\u00dferst sicherer Zahlungsbedingungen an. Ob es Ihnen lieber ist <strong>Alibaba Trade Assurance-Bestellungen, Kreditkartenzahlung, Paypal, Bank\u00fcberweisung, Western Union, L\/C oder Standard-T\/T (30% als Anzahlung und Restbetrag vor Lieferung)<\/strong>Wir gehen nahtlos auf Ihre Beschaffungsanforderungen ein.<\/p>\n<\/section>\n<p><!-- Order Process & Shipping --><\/p>\n<section style=\"margin-bottom: 40px;\">\n<h2 style=\"color: #0056b3; font-size: 24px; margin-bottom: 20px;\">Effizienter Produktionsfluss und globaler Versand<\/h2>\n<p style=\"font-size: 16px; margin-bottom: 15px;\">Wir haben unseren Arbeitsablauf optimiert, um sowohl Rapid Prototyping als auch Massenproduktion in gro\u00dfem Ma\u00dfstab zu unterst\u00fctzen. Sobald Sie Ihre Vektorgrafiken (AI, PDF, CDR oder CAD) eingereicht haben, pr\u00fcft unser technisches Team den Entwurf auf die Machbarkeit einer Galvanisierung.<\/p>\n<ul style=\"font-size: 16px; margin-bottom: 20px; padding-left: 20px; list-style-type: disc;\">\n<li style=\"margin-bottom: 10px;\"><strong>Schnelle Probenahme:<\/strong> Wir k\u00f6nnen unsere vorhandenen Referenzmuster innerhalb weniger Tage versenden <strong>1 Tag<\/strong>. Wenn Sie ein individuelles Muster ben\u00f6tigen, das genau nach Ihrem Logo-Design geformt ist, stellt unser schneller Lieferprozess sicher, dass es fertig ist <strong>3-5 Tage<\/strong>.<\/li>\n<li style=\"margin-bottom: 10px;\"><strong>Massenproduktion:<\/strong> Die Produktionszeitpl\u00e4ne sind \u00e4u\u00dferst effizient und die genauen Lieferzeiten h\u00e4ngen von Ihrer spezifischen Bestellmenge und der Komplexit\u00e4t des Designs ab. Wir akzeptieren stolz flexible Auftragsvolumina, um Unternehmen jeder Gr\u00f6\u00dfe zu unterst\u00fctzen.<\/li>\n<li style=\"margin-bottom: 10px;\"><strong>Professionelle Verpackung:<\/strong> Jeder Nickel-Metallaufkleber wird sorgf\u00e4ltig in einem sch\u00fctzenden OPP-Verpackungsbeutel verpackt, der die polierte Metalloberfl\u00e4che w\u00e4hrend des Transports vor Staub und Reibung sch\u00fctzt.<\/li>\n<li style=\"margin-bottom: 10px;\"><strong>Global Logistics:<\/strong> Wir arbeiten mit erstklassigen Logistikdienstleistern zusammen. Abh\u00e4ngig von Ihrer Dringlichkeit und Ihrem Budget k\u00f6nnen Sendungen weitergeleitet werden <strong>auf dem Seeweg, per Flugzeug, per DHL, per UPS oder anderen Express-Kurierdiensten<\/strong>.<\/li>\n<\/ul>\n<\/section>\n<p><!-- Second Call to Action --><\/p>\n<div style=\"background-color: #fdfaf6; border: 2px dashed #d4a373; padding: 25px; border-radius: 8px; text-align: center; margin: 30px 0;\">\n<h3 style=\"margin: 0 0 10px 0; font-size: 22px; color: #333;\"><a href=\"https:\/\/wa.me\/8613510608415\" target=\"_blank\" rel=\"noopener\">Ben\u00f6tigen Sie Unterst\u00fctzung bei Ihrem Kunstwerk?<\/a><\/h3>\n<p style=\"margin: 0 0 15px 0; font-size: 16px; color: #555;\">Unser erfahrenes Produktionsteam kann Ihnen dabei helfen, zu \u00fcberpr\u00fcfen, ob Ihre AI-, PDF- oder CAD-Dateien perfekt f\u00fcr den galvanischen Produktionsprozess optimiert sind.<\/p>\n<p style=\"margin: 0; font-size: 16px; font-weight: bold; color: #0056b3;\">Kontaktieren Sie uns \u00fcber Alibaba, PayPal oder Direktanfrage, um das Gespr\u00e4ch zu beginnen!<\/p>\n<\/div>\n<p><!-- Frequently Asked Questions (FAQ) --><\/p>\n<section style=\"margin-bottom: 40px;\">\n<h2 style=\"color: #0056b3; font-size: 24px; margin-bottom: 20px;\">Frequently Asked Questions (FAQs)<\/h2>\n<div style=\"border: 1px solid #e1e1e1; margin-bottom: 15px; padding: 18px; border-radius: 6px; background-color: #fcfcfc; box-shadow: 0 1px 3px rgba(0,0,0,0.04);\">\n<h3 style=\"margin-top: 0; margin-bottom: 8px; font-size: 18px; color: #222;\">1. Welche Oberfl\u00e4chen eignen sich f\u00fcr 3M-Metallklebeetiketten?<\/h3>\n<p style=\"margin: 0; font-size: 15px; color: #555;\">Unsere Metallaufkleber sind mit hochwertigem 3M-Kleber, 3M-Schmelzkleber oder doppelseitiger Selbstklebung ausgestattet und daher unglaublich vielseitig. Sie haften stark auf glatten und halbstrukturierten Oberfl\u00e4chen, einschlie\u00dflich Mobiltelefonen, Haushaltsger\u00e4ten, Geh\u00e4usen elektronischer Produkte, Luxusleder, Holz, Glas und Armaturenbrettern von Autos.<\/p>\n<\/div>\n<div style=\"border: 1px solid #e1e1e1; margin-bottom: 15px; padding: 18px; border-radius: 6px; background-color: #fcfcfc; box-shadow: 0 1px 3px rgba(0,0,0,0.04);\">\n<h3 style=\"margin-top: 0; margin-bottom: 8px; font-size: 18px; color: #222;\">2. Wie lange dauert die Erstellung eines individuellen Musters meines Logos?<\/h3>\n<p style=\"margin: 0; font-size: 15px; color: #555;\">Wenn Sie unsere Qualit\u00e4t zun\u00e4chst beurteilen m\u00f6chten, k\u00f6nnen wir Ihnen vorhandene Muster innerhalb eines Tages zusenden. F\u00fcr ein ma\u00dfgeschneidertes Muster mit Ihrem spezifischen Design betr\u00e4gt die schnelle Lieferzeit in der Regel 3\u20135 Tage. Die Dauer der Massenproduktion h\u00e4ngt von der Gesamtbestellmenge ab.<\/p>\n<\/div>\n<div style=\"border: 1px solid #e1e1e1; margin-bottom: 15px; padding: 18px; border-radius: 6px; background-color: #fcfcfc; box-shadow: 0 1px 3px rgba(0,0,0,0.04);\">\n<h3 style=\"margin-top: 0; margin-bottom: 8px; font-size: 18px; color: #222;\">3. Welche Grafikformate akzeptieren Sie f\u00fcr individuell galvanisierte Markenschilder?<\/h3>\n<p style=\"margin: 0; font-size: 15px; color: #555;\">Um h\u00f6chste Pr\u00e4zision beim Galvanisieren zu gew\u00e4hrleisten, ben\u00f6tigen wir vektorbasierte Vorlagen. Bitte reichen Sie Ihre Entw\u00fcrfe in den Formaten AI, PDF, CDR oder CAD ein. Wenn Sie \u00fcber ein anderes Vektorformat verf\u00fcgen, kann unser Druckvorstufenteam dies normalerweise ber\u00fccksichtigen.<\/p>\n<\/div>\n<div style=\"border: 1px solid #e1e1e1; margin-bottom: 15px; padding: 18px; border-radius: 6px; background-color: #fcfcfc; box-shadow: 0 1px 3px rgba(0,0,0,0.04);\">\n<h3 style=\"margin-top: 0; margin-bottom: 8px; font-size: 18px; color: #222;\">4. Sind Ihre Nickel-Metallaufkleber umweltfreundlich?<\/h3>\n<p style=\"margin: 0; font-size: 15px; color: #555;\">Ja, absolut. Alle unsere Nickelaufkleber und -klebstoffe verf\u00fcgen \u00fcber strenge SGS-, ROHS- und MSDS-Zertifizierungen, die best\u00e4tigen, dass sie strenge internationale Umwelt- und Gesundheitssicherheitsstandards erf\u00fcllen.<\/p>\n<\/div>\n<div style=\"border: 1px solid #e1e1e1; margin-bottom: 15px; padding: 18px; border-radius: 6px; background-color: #fcfcfc; box-shadow: 0 1px 3px rgba(0,0,0,0.04);\">\n<h3 style=\"margin-top: 0; margin-bottom: 8px; font-size: 18px; color: #222;\">5. Wie lauten die Zahlungsbedingungen f\u00fcr den Start eines Massenproduktionsauftrags?<\/h3>\n<p style=\"margin: 0; font-size: 15px; color: #555;\">Bei Standardbestellungen akzeptieren wir T\/T mit einer Anzahlung von 30% im Voraus und der Restzahlung vor der Lieferung. Wir unterst\u00fctzen au\u00dferdem mehrere sichere Kan\u00e4le, darunter Alibaba Trade Assurance, Kreditkarte, PayPal, Western Union und L\/C, um Ihren Unternehmenseinkaufsrichtlinien gerecht zu werden.<\/p>\n<\/div>\n<\/section>\n<\/article>","protected":false},"excerpt":{"rendered":"<p>Entdecken Sie bei JTT Precision Metal hochwertige, ma\u00dfgeschneiderte, galvanisierte, d\u00fcnne Metallbuchstaben und Nickelaufkleber. 100% reines Nickel, ultrad\u00fcnn (0,045\u20130,12 mm) und mit starkem 3M-Kleber versehen. Ideal zum Beschriften von Elektronik, Automobilen, Leder, Holz und Glas. SGS- und ROHS-zertifiziert mit mehr als 20 Jahren Fertigungserfahrung. Fordern Sie noch heute ein individuelles Angebot an!<\/p>","protected":false},"featured_media":3212,"comment_status":"open","ping_status":"closed","template":"","meta":[],"product_brand":[],"product_cat":[48],"product_tag":[],"class_list":{"0":"post-3232","1":"product","2":"type-product","3":"status-publish","4":"has-post-thumbnail","6":"product_cat-nickel-metal-sticker","8":"first","9":"instock","10":"shipping-taxable","11":"product-type-simple"},"jetpack-related-posts":[],"jetpack_sharing_enabled":true,"_links":{"self":[{"href":"https:\/\/jttlogos.com\/de\/wp-json\/wp\/v2\/product\/3232","targetHints":{"allow":["GET"]}}],"collection":[{"href":"https:\/\/jttlogos.com\/de\/wp-json\/wp\/v2\/product"}],"about":[{"href":"https:\/\/jttlogos.com\/de\/wp-json\/wp\/v2\/types\/product"}],"replies":[{"embeddable":true,"href":"https:\/\/jttlogos.com\/de\/wp-json\/wp\/v2\/comments?post=3232"}],"wp:featuredmedia":[{"embeddable":true,"href":"https:\/\/jttlogos.com\/de\/wp-json\/wp\/v2\/media\/3212"}],"wp:attachment":[{"href":"https:\/\/jttlogos.com\/de\/wp-json\/wp\/v2\/media?parent=3232"}],"wp:term":[{"taxonomy":"product_brand","embeddable":true,"href":"https:\/\/jttlogos.com\/de\/wp-json\/wp\/v2\/product_brand?post=3232"},{"taxonomy":"product_cat","embeddable":true,"href":"https:\/\/jttlogos.com\/de\/wp-json\/wp\/v2\/product_cat?post=3232"},{"taxonomy":"product_tag","embeddable":true,"href":"https:\/\/jttlogos.com\/de\/wp-json\/wp\/v2\/product_tag?post=3232"}],"curies":[{"name":"wp","href":"https:\/\/api.w.org\/{rel}","templated":true}]}}