{"id":3999,"date":"2020-06-12T02:47:55","date_gmt":"2020-06-12T02:47:55","guid":{"rendered":"https:\/\/jttlogos.com\/?post_type=product&#038;p=3999"},"modified":"2026-04-18T11:43:42","modified_gmt":"2026-04-18T11:43:42","slug":"custom-metal-name-plate-label-nickel-stickers-with-strong-3m-adhesive-glue-metal-logo-nickel-sticker-for-machine","status":"publish","type":"product","link":"https:\/\/jttlogos.com\/de\/produkt\/benutzerdefinierte-metall-namensschild-etikett-nickel-aufkleber-mit-starkem-3-m-klebekleber-metall-logo-nickel-aufkleber-fur-maschine\/","title":{"rendered":"Premium Custom Metal Logo Nickel Stickers: Electroplated Name Plates with 3M Adhesive for Machinery &amp; Electronics"},"content":{"rendered":"<article style=\"font-family: 'Segoe UI', Roboto, Helvetica, Arial, sans-serif; line-height: 1.8; color: #333333; max-width: 100%px; margin: 0 auto; padding: 30px; background-color: #ffffff; box-shadow: 0 4px 15px rgba(0,0,0,0.05); border-radius: 8px;\">\n<div style=\"background-color: #f4f7f6; padding: 25px; border-radius: 8px; margin-bottom: 30px; border-left: 6px solid #0056b3; display: flex; flex-wrap: wrap; align-items: center; justify-content: space-between;\">\n<div style=\"flex: 1; min-width: 300px;\">\n<h2 style=\"color: #0056b3; margin-top: 0; margin-bottom: 15px; font-size: 26px;\">Hochwertige, individuelle Metall-Namensschild-Etiketten aus Nickel<\/h2>\n<p style=\"margin: 0 0 10px 0; font-size: 16px;\"><strong>JTT Precision Metal Co., Ltd<\/strong> | \u00dcber 20 Jahre Erfahrung in der Herstellung von kundenspezifischem Metallic-Branding<\/p>\n<p style=\"margin: 0; font-size: 14px; color: #555;\">Certified Quality: <strong>SGS, ROHS, MSDS<\/strong> | Schnelle Probenahme: <strong>3-5 Tage<\/strong><\/p>\n<\/div>\n<div style=\"margin-top: 15px; text-align: center;\">\n<p><a style=\"display: inline-block; background-color: #ff6a00; color: #ffffff; padding: 14px 28px; text-decoration: none; font-weight: bold; font-size: 18px; border-radius: 5px; box-shadow: 0 4px 6px rgba(255, 106, 0, 0.3); transition: background-color 0.3s ease;\" href=\"mailto:fiona@jttlogo.net\">Fordern Sie noch heute ein individuelles Angebot an<\/a><\/p>\n<p style=\"margin: 8px 0 0 0; font-size: 12px; color: #666;\">Direkter Hersteller \u2022 Schnelle Reaktion<\/p>\n<\/div>\n<\/div>\n<p><!-- Media Placeholders for Original Images & Video --><\/p>\n<div style=\"display: flex; gap: 20px; flex-wrap: wrap; margin-bottom: 40px;\">\n<div style=\"flex: 1; min-width: 300px; background-color: #eaeaea; border: 2px dashed #cccccc; border-radius: 8px; display: flex; align-items: center; justify-content: center; min-height: 600px;\">\n<p style=\"color: #666666; font-weight: bold;\"><img data-recalc-dims=\"1\" decoding=\"async\" class=\"alignnone wp-image-1418\" src=\"https:\/\/i0.wp.com\/jttlogos.com\/wp-content\/uploads\/2020\/06\/nickel-metal-sticker-48.jpg?resize=721%2C721&#038;ssl=1\" alt=\" Custom Metal Name Plate\" width=\"721\" height=\"721\" title=\"\"><\/p>\n<\/div>\n<div style=\"flex: 1; min-width: 300px; background-color: #eaeaea; border: 2px dashed #cccccc; border-radius: 8px; display: flex; align-items: center; justify-content: center; min-height: 600px;\">\n<p><iframe loading=\"lazy\" title=\"Kundenspezifische Metall-Typenschild-Etikett-Nickelaufkleber mit starkem 3M-Klebelogo-Aufkleber f\u00fcr Maschine\" width=\"1020\" height=\"765\" src=\"https:\/\/www.youtube.com\/embed\/I6YmF8QiPag?feature=oembed\" frameborder=\"0\" allow=\"accelerometer; autoplay; clipboard-write; encrypted-media; gyroscope; picture-in-picture; web-share\" referrerpolicy=\"strict-origin-when-cross-origin\" allowfullscreen><\/iframe><\/p>\n<\/div>\n<\/div>\n<p><!-- Introduction --><\/p>\n<h2 style=\"color: #2c3e50; border-bottom: 2px solid #eeeeee; padding-bottom: 10px; margin-top: 40px;\">Werten Sie Ihre Marke mit hochwertigen, individuellen Logo-Aufklebern aus Metall auf<\/h2>\n<p style=\"font-size: 16px;\">In den heutigen hart umk\u00e4mpften Industrie- und Verbraucherm\u00e4rkten ist die visuelle Identit\u00e4t Ihrer Marke von gr\u00f6\u00dfter Bedeutung. Wir stellen Ihnen unsere Spitzenklasse vor <strong>Kundenspezifische Nickelaufkleber f\u00fcr Namensschilder aus Metall<\/strong>, sorgf\u00e4ltig entworfen, um Ihren Produkten ein dauerhaftes, hochwertiges Metallic-Finish zu verleihen. Hergestellt von <strong>JTT Precision Metal Co., Ltd (<a style=\"color: #0056b3; text-decoration: none;\" href=\"https:\/\/jttlogos.com\/de\/\">jttlogos.com<\/a>)<\/strong>\u2013 ein vertrauensw\u00fcrdiger Branchenf\u00fchrer mit \u00fcber 20 Jahren praktischer Produktionserfahrung \u2013 diese Premium-Produkte <a style=\"color: #0056b3; text-decoration: none; font-weight: bold;\" href=\"https:\/\/jttlogos.com\/de\/produktkategorie\/nickel-metallaufkleber\/\">Aufkleber aus Nickelmetall<\/a> sind die ultimative L\u00f6sung f\u00fcr eine dauerhafte und luxuri\u00f6se Markendarstellung.<\/p>\n<p style=\"font-size: 16px;\">Ganz gleich, ob Sie schwere Industriemaschinen, elegante Haushaltsger\u00e4te oder hochwertige elektronische Ger\u00e4te kennzeichnen, unsere individuellen Logo-Aufkleber aus Metall bieten un\u00fcbertroffene Raffinesse. Fortgeschrittene nutzen <strong>Galvanisieren<\/strong> Mit diesen Techniken verwandeln wir 100% reines Nickel in atemberaubende, ultrad\u00fcnne 3D-Logoaufkleber aus Metall, die die feinsten Details Ihrer aufwendigen Kunstwerke einfangen. In Kombination mit der industrietauglichen 3M-Kleber\u00fcckseite bleiben diese ma\u00dfgeschneiderten Metall-Namensschilder fest angebracht und widerstehen \u00fcber die gesamte Lebensdauer Ihres Produkts einem Abbl\u00e4ttern und Umwelteinfl\u00fcssen.<\/p>\n<p><!-- Specifications Table --><\/p>\n<h2 style=\"color: #2c3e50; border-bottom: 2px solid #eeeeee; padding-bottom: 10px; margin-top: 40px;\">Umfassende Produktspezifikationen<\/h2>\n<p style=\"font-size: 16px;\">Sehen Sie sich die detaillierten Spezifikationen unserer kundenspezifischen Nickelaufkleber mit Metalllogo an, um zu verstehen, wie sich unsere Fertigungskapazit\u00e4ten nahtlos an Ihre Projektanforderungen anpassen.<\/p>\n<table style=\"width: 100%; border-collapse: collapse; margin: 25px 0; font-size: 15px; box-shadow: 0 0 10px rgba(0,0,0,0.05); background-color: #ffffff;\">\n<thead>\n<tr style=\"background-color: #0056b3; color: #ffffff; text-align: left;\">\n<th style=\"padding: 15px; border: 1px solid #004494; width: 25%;\">Besonderheit<\/th>\n<th style=\"padding: 15px; border: 1px solid #004494;\">Details und Leistungsf\u00e4higkeit<\/th>\n<\/tr>\n<\/thead>\n<tbody>\n<tr style=\"background-color: #fdfdfd; transition: background-color 0.2s;\">\n<td style=\"padding: 12px 15px; border: 1px solid #e0e0e0; font-weight: bold; color: #333;\">Artikelname<\/td>\n<td style=\"padding: 12px 15px; border: 1px solid #e0e0e0;\"><a style=\"color: #0056b3; text-decoration: none;\" href=\"https:\/\/jttlogos.com\/de\/produktkategorie\/nickel-metallaufkleber\/\">Aufkleber aus Nickelmetall<\/a> \/ Kundenspezifische Namensschilder aus Metall<\/td>\n<\/tr>\n<tr style=\"background-color: #f7f9fc;\">\n<td style=\"padding: 12px 15px; border: 1px solid #e0e0e0; font-weight: bold; color: #333;\">Materialzusammensetzung<\/td>\n<td style=\"padding: 12px 15px; border: 1px solid #e0e0e0;\">Premium-Metall, 100% reines Nickel<\/td>\n<\/tr>\n<tr style=\"background-color: #fdfdfd;\">\n<td style=\"padding: 12px 15px; border: 1px solid #e0e0e0; font-weight: bold; color: #333;\">Produktionstechnik<\/td>\n<td style=\"padding: 12px 15px; border: 1px solid #e0e0e0;\">Advanced Electroplating<\/td>\n<\/tr>\n<tr style=\"background-color: #f7f9fc;\">\n<td style=\"padding: 12px 15px; border: 1px solid #e0e0e0; font-weight: bold; color: #333;\">Dickenbereich<\/td>\n<td style=\"padding: 12px 15px; border: 1px solid #e0e0e0;\">0,045 mm \u2013 0,12 mm (ultrad\u00fcnnes Profil)<\/td>\n<\/tr>\n<tr style=\"background-color: #fdfdfd;\">\n<td style=\"padding: 12px 15px; border: 1px solid #e0e0e0; font-weight: bold; color: #333;\">Gr\u00f6\u00dfe und Farbe<\/td>\n<td style=\"padding: 12px 15px; border: 1px solid #e0e0e0;\">100% Angepasst an jede Gr\u00f6\u00dfe, Form und Farbe, passend zu Ihren Markenrichtlinien<\/td>\n<\/tr>\n<tr style=\"background-color: #f7f9fc;\">\n<td style=\"padding: 12px 15px; border: 1px solid #e0e0e0; font-weight: bold; color: #333;\">Klebstofftyp (Kleber)<\/td>\n<td style=\"padding: 12px 15px; border: 1px solid #e0e0e0;\">Industrieller 3M-Kleber, 3M-Schmelzkleber, hochwertiger doppelseitiger Selbstkleber<\/td>\n<\/tr>\n<tr style=\"background-color: #fdfdfd;\">\n<td style=\"padding: 12px 15px; border: 1px solid #e0e0e0; font-weight: bold; color: #333;\">Hauptnutzungsbereiche<\/td>\n<td style=\"padding: 12px 15px; border: 1px solid #e0e0e0;\">Mobiltelefone, Handyh\u00fcllen, Haushaltsger\u00e4te, elektronische Produkte, Verpackung von Geschenkboxen, Automobile, Industriemaschinen<\/td>\n<\/tr>\n<tr style=\"background-color: #f7f9fc;\">\n<td style=\"padding: 12px 15px; border: 1px solid #e0e0e0; font-weight: bold; color: #333;\">Branchenzertifizierungen<\/td>\n<td style=\"padding: 12px 15px; border: 1px solid #e0e0e0;\">SGS, ROHS, MSDS (umweltfreundlich und sicher)<\/td>\n<\/tr>\n<tr style=\"background-color: #fdfdfd;\">\n<td style=\"padding: 12px 15px; border: 1px solid #e0e0e0; font-weight: bold; color: #333;\">Lieferung und Lieferzeit<\/td>\n<td style=\"padding: 12px 15px; border: 1px solid #e0e0e0;\">1 Tag f\u00fcr vorhandene Referenzmuster; Schnelle 3-5 Tage f\u00fcr die Herstellung individueller Muster; Die Dauer der Massenproduktion h\u00e4ngt von der Bestellmenge ab<\/td>\n<\/tr>\n<tr style=\"background-color: #f7f9fc;\">\n<td style=\"padding: 12px 15px; border: 1px solid #e0e0e0; font-weight: bold; color: #333;\">Packaging Standard<\/td>\n<td style=\"padding: 12px 15px; border: 1px solid #e0e0e0;\">Sch\u00fctzender OPP-Verpackungsbeutel zur Vermeidung von Kratzern w\u00e4hrend des Transports<\/td>\n<\/tr>\n<tr style=\"background-color: #fdfdfd;\">\n<td style=\"padding: 12px 15px; border: 1px solid #e0e0e0; font-weight: bold; color: #333;\">Unterst\u00fctzte Grafikformate<\/td>\n<td style=\"padding: 12px 15px; border: 1px solid #e0e0e0;\">AI, PDF, CDR, CAD und andere Standard-Vektorformate<\/td>\n<\/tr>\n<\/tbody>\n<\/table>\n<p><!-- Manufacturing Expertise & Materials --><\/p>\n<h2 style=\"color: #2c3e50; border-bottom: 2px solid #eeeeee; padding-bottom: 10px; margin-top: 40px;\">Fachm\u00e4nnische Fertigung: Galvanikverfahren und 100%-Nickelkern<\/h2>\n<p style=\"font-size: 16px;\">Bei JTT Precision Metal Co., Ltd ist unsere Produktionsanlage auf dem neuesten Stand der Technik <strong>Galvanisieren<\/strong> Technologie zur Herstellung dieser exquisiten Metalletiketten. Im Gegensatz zu herk\u00f6mmlichen Stanz- oder Druckverfahren erm\u00f6glicht die Galvanisierung den Aufbau von 100% reinem Nickel auf atomarer Ebene. Das Ergebnis ist ein individueller Metallaufkleber mit unglaublich scharfen Kanten, brillantem metallischem Glanz und der F\u00e4higkeit, Mikrotexte und komplexe geometrische Formen mit absoluter Klarheit wiederzugeben.<\/p>\n<p style=\"font-size: 16px;\">Das Materialprofil unserer Nickel-Logoplatten reicht von bemerkenswert d\u00fcnn <strong>0.045mm up to 0.12mm<\/strong>. Dieser ultrad\u00fcnne Formfaktor ist \u00e4u\u00dferst vorteilhaft; Dadurch sitzt das selbstklebende Namensschild aus Metall nahezu b\u00fcndig auf der Oberfl\u00e4che Ihrer Maschinen oder Unterhaltungselektronik und sorgt so f\u00fcr ein integriertes, integriertes Erscheinungsbild, anstatt wie ein nachtr\u00e4glicher Einfall zu wirken. Dar\u00fcber hinaus sorgen die inh\u00e4renten Eigenschaften von Nickel f\u00fcr eine hervorragende Best\u00e4ndigkeit gegen Oxidation, Rost und t\u00e4gliche Abnutzung und sorgen daf\u00fcr, dass Ihr Markenlogo auch im Laufe der Zeit makellos bleibt.<\/p>\n<p><!-- Superior Adhesion --><\/p>\n<h2 style=\"color: #2c3e50; border-bottom: 2px solid #eeeeee; padding-bottom: 10px; margin-top: 40px;\">Industrietaugliche Verklebung: Zuverl\u00e4ssiger 3M-Klebekleber<\/h2>\n<p style=\"font-size: 16px;\">Ein individueller Premium-Metallaufkleber ist nur so gut wie der Kleber, der ihn befestigt. Da wir uns der anspruchsvollen Umgebungen bewusst sind, denen die Produkte unserer Kunden ausgesetzt sind, verwenden wir ausschlie\u00dflich erstklassige Klebstoffl\u00f6sungen, darunter <strong>3M-Kleber, 3M-Schmelzkleber und robuste doppelseitige Selbstklebeb\u00e4nder<\/strong>.<\/p>\n<p style=\"font-size: 16px;\">Wenn Sie unseren Metall-Logo-Nickelaufkleber auf einer Maschine, einem Auto-Armaturenbrett oder einer strukturierten Handyh\u00fclle anbringen, sorgt der starke 3M-Klebstoff f\u00fcr eine dauerhafte Verbindung. Es ist so konzipiert, dass es Temperaturschwankungen, Vibrationen und leichter Chemikalieneinwirkung standh\u00e4lt, was es zur idealen Wahl f\u00fcr robuste Industriemetalletiketten und die Kennzeichnung empfindlicher Haushaltsger\u00e4te macht. Der Peel-and-Stick-Auftragsprozess ist schnell, sauber und erfordert keine Spezialwerkzeuge, wodurch sich Ihre Montagezeit drastisch verk\u00fcrzt.<\/p>\n<p><!-- Industry Applications --><\/p>\n<h2 style=\"color: #2c3e50; border-bottom: 2px solid #eeeeee; padding-bottom: 10px; margin-top: 40px;\">Vielseitige branchen\u00fcbergreifende Anwendungen<\/h2>\n<p style=\"font-size: 16px;\">Da wir jede Gr\u00f6\u00dfe, Form und Farbe anpassen k\u00f6nnen, sind unsere individuellen Metallaufkleber unglaublich vielseitig. Unsere Fertigungskapazit\u00e4ten bedienen ein breites Spektrum an Branchen:<\/p>\n<ul style=\"font-size: 16px; line-height: 1.8; color: #444;\">\n<li><strong>Industriemaschinen und -ger\u00e4te:<\/strong> Robuste Namensschilder aus Metall, die wichtige Markeninformationen vermitteln und den Fabrikumgebungen standhalten.<\/li>\n<li><strong>Unterhaltungselektronik:<\/strong> Sleek metallic branding for laptops, monitors, and audio equipment that elevates the perceived value of the electronic products.<\/li>\n<li><strong>Mobile Phones &amp; Accessories:<\/strong> Ultrad\u00fcnne 3D-Metallaufkleber, die perfekt auf Handyh\u00fcllen passen, ohne unn\u00f6tig aufzutragen.<\/li>\n<li><strong>Haushaltsger\u00e4te:<\/strong> Elegant nickel logo stickers for refrigerators, ovens, and washing machines that resist moisture and cleaning agents.<\/li>\n<li><strong>Automobilindustrie:<\/strong> High-end metallic badges for car interiors, steering wheels, and customized automotive accessories.<\/li>\n<li><strong>Luxusverpackung:<\/strong> Auff\u00e4llige Metalllogos auf der Verpackung von Geschenkboxen verwandeln die Standardverpackung sofort in ein erstklassiges Auspackerlebnis.<\/li>\n<\/ul>\n<p><!-- Authoritativeness and Trust: Certifications & Logistics --><\/p>\n<h2 style=\"color: #2c3e50; border-bottom: 2px solid #eeeeee; padding-bottom: 10px; margin-top: 40px;\">Zertifizierte Qualit\u00e4tskontrolle, sichere Zahlungen und weltweiter Versand<\/h2>\n<p style=\"font-size: 16px;\">Vertrauen ist der Grundstein unserer B2B-Beziehungen. Jede Charge kundenspezifischer Nickelaufkleber f\u00fcr Namensschilder aus Metall wird strengen Qualit\u00e4tspr\u00fcfungen unterzogen, bevor sie unser Werk verl\u00e4sst. Wir sind stolz darauf <strong>SGS-, ROHS- und MSDS-Zertifizierungen<\/strong>, um sicherzustellen, dass unsere Materialien und Galvanisierungsprozesse strengen internationalen Sicherheits- und Umweltstandards entsprechen. Sie k\u00f6nnen sicher sein, dass unsere metallischen Branding-L\u00f6sungen frei von gef\u00e4hrlichen Substanzen sind und den globalen Marktanforderungen vollst\u00e4ndig entsprechen.<\/p>\n<p style=\"font-size: 16px;\"><strong>Flexible &amp; Secure Payment Terms:<\/strong> Um K\u00e4ufern auf der ganzen Welt gerecht zu werden, unterst\u00fctzen wir eine Vielzahl sicherer Zahlungsmethoden, darunter Kreditkartenzahlung, Paypal, Bank\u00fcberweisung, Western Union, L\/C, T\/T und Alibaba-Handelsversicherungsauftr\u00e4ge. Unsere Standardzahlungsstruktur ist eine T\/T 30%-Anzahlung zum Beginn der Produktion, wobei der Restbetrag vor der Lieferung beglichen wird, um eine transparente und risikofreie Transaktion zu gew\u00e4hrleisten.<\/p>\n<p style=\"font-size: 16px;\"><strong>Schnelle Abwicklung und zuverl\u00e4ssige Lieferung:<\/strong> Zeit ist Geld. Wenn Sie unsere Qualit\u00e4t beurteilen m\u00f6chten, k\u00f6nnen wir Ihnen innerhalb k\u00fcrzester Zeit unsere vorhandenen Referenzmuster zusenden <strong>1 Tag<\/strong>. F\u00fcr individuelle Muster mit Ihrem spezifischen Logo dauert unsere schnelle Lieferung nur wenige Minuten <strong>3-5 Tage<\/strong>. Wir verpacken alle Bestellungen fachm\u00e4nnisch in sch\u00fctzenden OPP-Paketbeuteln und versenden weltweit per See-, Luft-, DHL-, UPS- oder anderen Expresskurierdiensten, um Ihren spezifischen logistischen Anforderungen gerecht zu werden.<\/p>\n<p><!-- Inline CSS Beautified Knowledge Points --><\/p>\n<h2 style=\"color: #2c3e50; border-bottom: 2px solid #eeeeee; padding-bottom: 10px; margin-top: 40px;\">Brancheneinblicke und Wissenspunkte<\/h2>\n<div style=\"background-color: #f4faff; border-left: 6px solid #007bff; padding: 20px; margin: 25px 0; border-radius: 0 8px 8px 0; box-shadow: 0 2px 8px rgba(0,0,0,0.04);\">\n<h3 style=\"margin-top: 0; color: #0056b3; font-size: 18px;\">\ud83d\udca1 Warum die Galvanisierungstechnik f\u00fcr Metallaufkleber nutzen?<\/h3>\n<p style=\"margin-bottom: 0; font-size: 15px; color: #444;\">Electroplating is a highly refined production method that deposits metal ions onto a conductive surface. In the context of custom metal stickers, this technique allows us to create freestanding metallic text and logos without a connecting background. The result is a seamless, high-end \u201cfloating\u201d logo effect on your machinery or product, combined with exceptional durability and a brilliant, uniform surface finish that is impossible to achieve with standard printing.<\/p>\n<\/div>\n<div style=\"background-color: #fff9f0; border-left: 6px solid #ff9900; padding: 20px; margin: 25px 0; border-radius: 0 8px 8px 0; box-shadow: 0 2px 8px rgba(0,0,0,0.04);\">\n<h3 style=\"margin-top: 0; color: #cc7a00; font-size: 18px;\">\ud83d\udca1 Die entscheidende Rolle von reinem Nickel in Maschinentypenschildern<\/h3>\n<p style=\"margin-bottom: 0; font-size: 15px; color: #444;\">Durch die Verwendung von 100% reinem Nickel wird sichergestellt, dass das Logo-Etikett aus Metall eine hervorragende H\u00e4rte aufweist und gleichzeitig die n\u00f6tige Flexibilit\u00e4t beh\u00e4lt, um auf leicht gew\u00f6lbten Oberfl\u00e4chen (z. B. Handyh\u00fcllen oder abgerundeten Ger\u00e4tegeh\u00e4usen) zu haften. Nickel ist von Natur aus best\u00e4ndig gegen Anlaufen und Oxidation und stellt sicher, dass Ihre Unternehmensidentit\u00e4t auch in anspruchsvollen Industrieumgebungen \u00fcber einen langen Zeitraum auff\u00e4llig und lesbar bleibt.<\/p>\n<\/div>\n<p><!-- Inline CSS Beautified FAQs --><\/p>\n<h2 style=\"color: #2c3e50; border-bottom: 2px solid #eeeeee; padding-bottom: 10px; margin-top: 40px;\">Frequently Asked Questions (FAQs)<\/h2>\n<div style=\"margin-bottom: 15px; border: 1px solid #e0e0e0; border-radius: 6px; padding: 20px; background-color: #ffffff; box-shadow: 0 2px 5px rgba(0,0,0,0.02);\">\n<h3 style=\"margin: 0 0 10px 0; font-size: 17px; color: #2c3e50;\">F1: Welche Grafikformate akzeptieren Sie f\u00fcr individuelle Logo-Aufkleber aus Metall?<\/h3>\n<p style=\"margin: 0; font-size: 15px; color: #555;\"><strong>A:<\/strong> To ensure the highest clarity and precision during the electroplating production, we require high-resolution vector artwork. We accept formats such as <strong>KI, PDF, CDR, CAD<\/strong>, or other standard vector files. Our design team can also assist in formatting your artwork if necessary.<\/p>\n<\/div>\n<div style=\"margin-bottom: 15px; border: 1px solid #e0e0e0; border-radius: 6px; padding: 20px; background-color: #ffffff; box-shadow: 0 2px 5px rgba(0,0,0,0.02);\">\n<h3 style=\"margin: 0 0 10px 0; font-size: 17px; color: #2c3e50;\">F2: Wie schnell kann ich ein Muster meines individuellen Namensschilds aus Metall erhalten?<\/h3>\n<p style=\"margin: 0; font-size: 15px; color: #555;\"><strong>A:<\/strong> We pride ourselves on our rapid production capabilities. If you require a custom sample featuring your own specific design, we can manufacture and have it ready within <strong>3-5 Tage<\/strong>. Wenn Sie lediglich unsere Materialqualit\u00e4t \u00fcberpr\u00fcfen m\u00f6chten, k\u00f6nnen wir Ihnen vorhandene Referenzmuster in nur wenigen Minuten zusenden <strong>1 Tag<\/strong>.<\/p>\n<\/div>\n<div style=\"margin-bottom: 15px; border: 1px solid #e0e0e0; border-radius: 6px; padding: 20px; background-color: #ffffff; box-shadow: 0 2px 5px rgba(0,0,0,0.02);\">\n<h3 style=\"margin: 0 0 10px 0; font-size: 17px; color: #2c3e50;\">F3: Sind diese Nickelaufkleber f\u00fcr gekr\u00fcmmte Oberfl\u00e4chen geeignet?<\/h3>\n<p style=\"margin: 0; font-size: 15px; color: #555;\"><strong>A:<\/strong> Ja. Denn unsere 100% Nickel-Metallaufkleber werden nach einer ultrad\u00fcnnen Spezifikation hergestellt <strong>0,045 mm bis 0,12 mm<\/strong>Sie verf\u00fcgen \u00fcber ein hervorragendes Ma\u00df an Flexibilit\u00e4t. Dadurch eignen sie sich hervorragend f\u00fcr die Anwendung auf leicht gew\u00f6lbten Oberfl\u00e4chen wie Haushaltsger\u00e4ten, Autoverkleidungen und Handyh\u00fcllen, ohne dass sie an den Kanten abbl\u00e4ttern.<\/p>\n<\/div>\n<div style=\"margin-bottom: 15px; border: 1px solid #e0e0e0; border-radius: 6px; padding: 20px; background-color: #ffffff; box-shadow: 0 2px 5px rgba(0,0,0,0.02);\">\n<h3 style=\"margin: 0 0 10px 0; font-size: 17px; color: #2c3e50;\">F4: Wie stark ist der Kleber auf der R\u00fcckseite des Metalletiketts?<\/h3>\n<p style=\"margin: 0; font-size: 15px; color: #555;\"><strong>A:<\/strong> Wir nutzen Premium <strong>3M-Kleber, 3M-Schmelzkleber und doppelseitiger Selbstkleber mit hoher Klebkraft<\/strong> backing. These industrial-grade adhesives ensure a permanent bond to a variety of substrates, including plastics, metals, glass, and painted surfaces, making them highly reliable for machinery and automotive use.<\/p>\n<\/div>\n<p><!-- Final Call to Action --><\/p>\n<div style=\"text-align: center; margin-top: 50px; padding: 40px 20px; background-color: #2c3e50; border-radius: 8px;\">\n<h2 style=\"color: #ffffff; margin-top: 0; font-size: 24px;\">Ready to Upgrade Your Product Branding?<\/h2>\n<p style=\"color: #cccccc; font-size: 16px; max-width: 800px; margin: 0 auto 25px auto;\">Arbeiten Sie mit JTT Precision Metal Co., Ltd. zusammen, um hochwertige, ma\u00dfgeschneiderte Nickelaufkleber f\u00fcr Namensschilder aus Metall zu erhalten. Mit \u00fcber zwei Jahrzehnten Erfahrung, zertifizierter Qualit\u00e4t und weltweiten Versandm\u00f6glichkeiten sind wir bestens ger\u00fcstet, um Ihre kundenspezifischen Produktionsanforderungen zu erf\u00fcllen.<\/p>\n<p><a style=\"display: inline-block; background-color: #007bff; color: #ffffff; padding: 15px 35px; text-decoration: none; font-weight: bold; font-size: 18px; border-radius: 5px; transition: background-color 0.3s ease; box-shadow: 0 4px 10px rgba(0, 123, 255, 0.4);\" href=\"mailto:fiona@jttlogo.net\">Contact Us for Your Custom Proposal<\/a><\/p>\n<p style=\"margin: 15px 0 0 0; font-size: 14px; color: #999999;\">Akzeptierte Formate: AI, PDF, CDR, CAD | Dedizierter B2B-Support<\/p>\n<\/div>\n<\/article>\n<p><!-- SEO Description Requirement --><\/p>\n<p><!-- SEO Description: Elevate your brand with custom metal name plate nickel stickers. Featuring 100% pure nickel, precise electroplating, and strong 3M adhesive for machinery & electronics. --><\/p>","protected":false},"excerpt":{"rendered":"<p>Werten Sie Ihre Marke mit individuellen Nickel-Namensschildaufklebern aus Metall auf. Mit 100% reinem Nickel, pr\u00e4ziser Galvanisierung und starkem 3M-Kleber f\u00fcr Maschinen und Elektronik. Stellen Sie au\u00dferdem eine SGS\/MSDS\/ROHS-Zertifizierung bereit.<\/p>","protected":false},"featured_media":3928,"comment_status":"open","ping_status":"closed","template":"","meta":[],"product_brand":[],"product_cat":[48],"product_tag":[],"class_list":{"0":"post-3999","1":"product","2":"type-product","3":"status-publish","4":"has-post-thumbnail","6":"product_cat-nickel-metal-sticker","8":"first","9":"instock","10":"shipping-taxable","11":"product-type-simple"},"jetpack-related-posts":[],"jetpack_sharing_enabled":true,"_links":{"self":[{"href":"https:\/\/jttlogos.com\/de\/wp-json\/wp\/v2\/product\/3999","targetHints":{"allow":["GET"]}}],"collection":[{"href":"https:\/\/jttlogos.com\/de\/wp-json\/wp\/v2\/product"}],"about":[{"href":"https:\/\/jttlogos.com\/de\/wp-json\/wp\/v2\/types\/product"}],"replies":[{"embeddable":true,"href":"https:\/\/jttlogos.com\/de\/wp-json\/wp\/v2\/comments?post=3999"}],"wp:featuredmedia":[{"embeddable":true,"href":"https:\/\/jttlogos.com\/de\/wp-json\/wp\/v2\/media\/3928"}],"wp:attachment":[{"href":"https:\/\/jttlogos.com\/de\/wp-json\/wp\/v2\/media?parent=3999"}],"wp:term":[{"taxonomy":"product_brand","embeddable":true,"href":"https:\/\/jttlogos.com\/de\/wp-json\/wp\/v2\/product_brand?post=3999"},{"taxonomy":"product_cat","embeddable":true,"href":"https:\/\/jttlogos.com\/de\/wp-json\/wp\/v2\/product_cat?post=3999"},{"taxonomy":"product_tag","embeddable":true,"href":"https:\/\/jttlogos.com\/de\/wp-json\/wp\/v2\/product_tag?post=3999"}],"curies":[{"name":"wp","href":"https:\/\/api.w.org\/{rel}","templated":true}]}}