{"id":4167,"date":"2020-07-02T06:50:07","date_gmt":"2020-07-02T06:50:07","guid":{"rendered":"https:\/\/jttlogos.com\/?post_type=product&#038;p=4167"},"modified":"2026-04-22T03:42:07","modified_gmt":"2026-04-22T03:42:07","slug":"kostenlose-probe-individuell-gestaltetes-logo-selbstklebende-nickel-metall-aufkleber-etikett-nickel-logo-aufkleber-fur-parfumflasche","status":"publish","type":"product","link":"https:\/\/jttlogos.com\/de\/product\/free-sample-customized-logo-self-adhesive-nickel-metal-stickers-label-nickel-logo-sticker-for-perfume-bottle\/","title":{"rendered":"Benutzerdefinierte 3D-Nickel-Metall-Logo-Aufkleber | Selbstklebendes Premium-Markenetikett f\u00fcr Parf\u00fcmflaschen (kostenlose Probe)"},"content":{"rendered":"<article style=\"font-family: Arial, sans-serif; line-height: 1.6; color: #333; max-width: 100%px; margin: 0 auto; padding: 20px;\">\n<p style=\"font-size: 1.1em; margin-bottom: 20px;\">In der hart umk\u00e4mpften Welt des Einzelhandels und der Luxusg\u00fcter ist die visuelle Identit\u00e4t Ihrer Marke von gr\u00f6\u00dfter Bedeutung. Wir stellen Ihnen unsere Pr\u00e4mie vor <strong>Kostenloses Muster eines selbstklebenden Nickel-Metall-Aufkleberetiketts mit individuellem Logo<\/strong>, fachm\u00e4nnisch gefertigt speziell f\u00fcr Parf\u00fcmflaschen, Kosmetika, elektronische Ger\u00e4te und Luxusverpackungen. Hergestellt von <strong>JTT Precision Metal Co., Ltd.<\/strong> (<a style=\"color: #0056b3; text-decoration: none;\" href=\"https:\/\/jttlogos.com\/de\/\">jttlogos.com<\/a>) bieten diese hochwertigen metallischen Aufkleber einen raffinierten 3D-Effekt, der den wahrgenommenen Wert Ihres Produkts sofort steigert. Mit \u00fcber 20 Jahren Erfahrung in der Herstellung von Metalletiketten bieten wir ma\u00dfgeschneiderte, hochwertige Etikettierungsl\u00f6sungen, die genau auf Ihre Designanforderungen zugeschnitten sind.<\/p>\n<div style=\"background-color: #f4f7f6; border: 1px solid #dcdcdc; border-radius: 8px; padding: 20px; text-align: center; margin: 30px 0;\">\n<h2 style=\"margin-top: 0; color: #2c3e50; font-size: 1.5em;\">Ready to Elevate Your Brand Packaging?<\/h2>\n<p style=\"margin-bottom: 15px; font-size: 1.05em;\">Fordern Sie Ihr kostenloses an\u00a0<strong>Vorhandenes Beispiel<\/strong> noch heute und erleben Sie unsere Premium-Qualit\u00e4t hautnah. Kontaktieren Sie unsere Fertigungsspezialisten f\u00fcr ein detailliertes Angebot f\u00fcr Ihr individuelles Design.<\/p>\n<p><a style=\"display: inline-block; background-color: #0056b3; color: #ffffff; padding: 12px 25px; text-decoration: none; font-weight: bold; border-radius: 4px; font-size: 1.1em;\" href=\"https:\/\/jttlogos.com\/de\/kontaktiere-uns\/\">Fordern Sie ein Angebot und ein kostenloses Muster an<\/a><\/p>\n<\/div>\n<p><iframe loading=\"lazy\" title=\"Wasserdichter individueller selbstklebender Metall-Nickel-Auto-3D-Metall-Etikettenaufkleber, Metall-Logo-Laptop-Aufkleber\" width=\"1020\" height=\"574\" src=\"https:\/\/www.youtube.com\/embed\/UxDT10fRCBg?feature=oembed\" frameborder=\"0\" allow=\"accelerometer; autoplay; clipboard-write; encrypted-media; gyroscope; picture-in-picture; web-share\" referrerpolicy=\"strict-origin-when-cross-origin\" allowfullscreen><\/iframe><\/p>\n<p><img data-recalc-dims=\"1\" decoding=\"async\" class=\"alignnone wp-image-1418 size-full\" src=\"https:\/\/i0.wp.com\/jttlogos.com\/wp-content\/uploads\/2020\/05\/49.jpg?resize=600%2C450&#038;ssl=1\" alt=\"customized metal logo self-adhesive sticker\" width=\"600\" height=\"450\" title=\"\"><\/p>\n<h2 style=\"color: #2c3e50; border-bottom: 2px solid #0056b3; padding-bottom: 8px; margin-top: 40px;\">Detaillierte Produktspezifikationen<\/h2>\n<p>Unsere individuellen Logo-Aufkleber aus Nickelmetall werden mit fortschrittlichen Techniken hergestellt, um ein makelloses Finish, au\u00dfergew\u00f6hnliche Haltbarkeit und einfache Anwendung zu gew\u00e4hrleisten. Nachfolgend finden Sie die wichtigsten technischen Spezifikationen unserer Premium-Metalletiketten:<\/p>\n<table style=\"width: 100%; border-collapse: collapse; margin: 20px 0; font-size: 0.95em; box-shadow: 0 2px 5px rgba(0,0,0,0.1);\">\n<thead>\n<tr style=\"background-color: #0056b3; color: #ffffff; text-align: left;\">\n<th style=\"padding: 12px 15px; border: 1px solid #ddd;\">Spezifikation<\/th>\n<th style=\"padding: 12px 15px; border: 1px solid #ddd;\">Einzelheiten<\/th>\n<\/tr>\n<\/thead>\n<tbody>\n<tr style=\"background-color: #f9f9f9;\">\n<td style=\"padding: 12px 15px; border: 1px solid #ddd; font-weight: bold;\">Product Name<\/td>\n<td style=\"padding: 12px 15px; border: 1px solid #ddd;\"><a style=\"color: #0056b3; text-decoration: none;\" href=\"https:\/\/jttlogos.com\/de\/produktkategorie\/nickel-metallaufkleber\/\">Aufkleber aus Nickelmetall<\/a> \/ Benutzerdefinierte Logo-Aufkleber<\/td>\n<\/tr>\n<tr>\n<td style=\"padding: 12px 15px; border: 1px solid #ddd; font-weight: bold;\">Material<\/td>\n<td style=\"padding: 12px 15px; border: 1px solid #ddd;\">Metall, 100% Nickel<\/td>\n<\/tr>\n<tr style=\"background-color: #f9f9f9;\">\n<td style=\"padding: 12px 15px; border: 1px solid #ddd; font-weight: bold;\">Technik<\/td>\n<td style=\"padding: 12px 15px; border: 1px solid #ddd;\">Galvanisieren<\/td>\n<\/tr>\n<tr>\n<td style=\"padding: 12px 15px; border: 1px solid #ddd; font-weight: bold;\">Dicke<\/td>\n<td style=\"padding: 12px 15px; border: 1px solid #ddd;\">0,045 \u2013 0,12 mm (ultrad\u00fcnn und nahtlos anschmiegsam)<\/td>\n<\/tr>\n<tr style=\"background-color: #f9f9f9;\">\n<td style=\"padding: 12px 15px; border: 1px solid #ddd; font-weight: bold;\">Gr\u00f6\u00dfe und Farbe<\/td>\n<td style=\"padding: 12px 15px; border: 1px solid #ddd;\">Vollst\u00e4ndig angepasst an jede Gr\u00f6\u00dfe, Form und Farbe, um den Markenrichtlinien zu entsprechen<\/td>\n<\/tr>\n<tr>\n<td style=\"padding: 12px 15px; border: 1px solid #ddd; font-weight: bold;\">Klebel\u00f6sungen<\/td>\n<td style=\"padding: 12px 15px; border: 1px solid #ddd;\">3M-Kleber, 3M-Schmelzkleber, hochwertiger doppelseitiger Selbstkleber<\/td>\n<\/tr>\n<tr style=\"background-color: #f9f9f9;\">\n<td style=\"padding: 12px 15px; border: 1px solid #ddd; font-weight: bold;\">Prim\u00e4re Verwendung<\/td>\n<td style=\"padding: 12px 15px; border: 1px solid #ddd;\">Parf\u00fcmflaschen, Mobiltelefone, Etuis, Haushaltsger\u00e4te, elektronische Produkte, Verpackung von Geschenkboxen, Autos, Maschinen<\/td>\n<\/tr>\n<tr>\n<td style=\"padding: 12px 15px; border: 1px solid #ddd; font-weight: bold;\">Zertifizierungen<\/td>\n<td style=\"padding: 12px 15px; border: 1px solid #ddd;\">SGS, ROHS, MSDS (Gew\u00e4hrleistung von Sicherheit und Umweltkonformit\u00e4t)<\/td>\n<\/tr>\n<\/tbody>\n<\/table>\n<h2 style=\"color: #2c3e50; border-bottom: 2px solid #0056b3; padding-bottom: 8px; margin-top: 40px;\">Fachm\u00e4nnische Handwerkskunst und Materialexzellenz<\/h2>\n<p>Bei JTT Precision Metal Co., Ltd. verwenden wir ein hochentwickeltes <strong>Galvanisieren<\/strong> Technik zur Herstellung unserer individuellen Metalletiketten. Im Gegensatz zu herk\u00f6mmlichen Papier- oder Vinylaufklebern liefern unsere 100% Nickel-Metallaufkleber ein brillantes, reflektierendes und f\u00fchlbares 3D-Finish. Der Galvanisierungsprozess stellt sicher, dass der metallische Glanz lebendig und gleichm\u00e4\u00dfig ist und im Laufe der Zeit \u00e4u\u00dferst best\u00e4ndig gegen Verblassen, Anlaufen oder Abnutzung ist.<\/p>\n<p>The thickness of our custom metal decals ranges strictly between <strong>0,045 mm und 0,12 mm<\/strong>. This ultra-thin profile is intentionally designed. It provides the rigid, premium feel of solid metal while remaining incredibly flexible. This flexibility is crucial for applying the labels to the curved glass surfaces of perfume bottles or the sleek contours of modern electronic devices, ensuring the sticker sits flush without edges lifting or peeling.<\/p>\n<h3 style=\"color: #34495e; margin-top: 30px;\">Industrial-Strength Adhesive Performance<\/h3>\n<p>A premium metallic label is only as good as the adhesive that binds it. We equip our nickel logo stickers with top-tier backing options, including industry-leading <strong>3M-Kleber, 3M-Schmelzkleber und robuster doppelseitiger Selbstkleber<\/strong> Schichten. Diese Klebstoffe werden aufgrund ihrer hohen Klebkraft und dauerhaften Klebkraft ausgew\u00e4hlt. Ganz gleich, ob der Aufkleber auf glattem Glas, strukturiertem Kunststoff, beschichtetem Metall oder hochwertigen Geschenkboxen aus Karton angebracht wird, der Kleber sorgt f\u00fcr einen sicheren, dauerhaften Halt, der Temperaturschwankungen und t\u00e4glicher Handhabung standh\u00e4lt.<\/p>\n<div style=\"background-color: #e8f4fd; border-left: 6px solid #0056b3; padding: 20px; margin: 30px 0; border-radius: 0 8px 8px 0;\">\n<h4 style=\"margin-top: 0; color: #0056b3; font-size: 1.2em;\">Wissenspunkt: Vorbereitung der Druckvorlage f\u00fcr die Herstellung<\/h4>\n<p style=\"margin-bottom: 0;\">To achieve the sharpest edges and most accurate representation of your brand logo, we require vector-based artwork. Acceptable formats include <strong>AI (Adobe Illustrator), PDF, CDR (CorelDRAW), CAD oder andere vektorbasierte Dateien<\/strong>. Mithilfe von Vektordateien k\u00f6nnen unsere Produktionsanlagen die Galvanikformen mit mikroskopischer Genauigkeit abbilden und so sicherstellen, dass selbst die feinsten Details Ihrer Typografie und Ihres Markensymbols originalgetreu in massivem Nickel reproduziert werden.<\/p>\n<\/div>\n<h2 style=\"color: #2c3e50; border-bottom: 2px solid #0056b3; padding-bottom: 8px; margin-top: 40px;\">Vielseitige Anwendungen f\u00fcr individuelle Metallaufkleber<\/h2>\n<p>W\u00e4hrend unsere selbstklebenden Nickel-Metallaufkleber f\u00fcr Parf\u00fcmflaschen \u00e4u\u00dferst beliebt sind, reicht ihr Anwendungsbereich weit \u00fcber die Kosmetikindustrie hinaus. Die Kombination aus luxuri\u00f6ser \u00c4sthetik und robuster Haltbarkeit macht sie zur perfekten Branding-L\u00f6sung f\u00fcr zahlreiche Branchen:<\/p>\n<ul style=\"list-style-type: square; margin-left: 20px; margin-bottom: 20px;\">\n<li style=\"margin-bottom: 10px;\"><strong>Parf\u00fcmflaschen und Kosmetikverpackungen:<\/strong> Glas- und Acrylflaschen profitieren enorm von einem 3D-Metallic-Logo und bieten dem Verbraucher ein haptisches, hochwertiges Erlebnis. Die metallische Oberfl\u00e4che f\u00e4ngt das Licht ein und hebt die Verkaufsdisplays hervor.<\/li>\n<li style=\"margin-bottom: 10px;\"><strong>Mobiltelefone und Handyh\u00fcllen:<\/strong> Verleihen Sie der Unterhaltungselektronik eine charakteristische Note. Das ultrad\u00fcnne Profil (0,045\u20130,12 mm) stellt sicher, dass das Logo schlanken Ger\u00e4ten keine unn\u00f6tige Masse verleiht.<\/li>\n<li style=\"margin-bottom: 10px;\"><strong>Haushaltsger\u00e4te:<\/strong> K\u00fchlschr\u00e4nke, Kaffeemaschinen und Waschmaschinen erfordern eine Kennzeichnung, die Reinigungsmitteln und t\u00e4glicher Abnutzung standh\u00e4lt. Unsere Nickelanh\u00e4nger bieten eine \u00fcberragende Widerstandsf\u00e4higkeit.<\/li>\n<li style=\"margin-bottom: 10px;\"><strong>Elektronische Produkte und Audioger\u00e4te:<\/strong> Laptops, Kopfh\u00f6rer und Lautsprecher werden h\u00e4ufig mit individuellen Metallaufklebern versehen, um technologische Raffinesse zu kommunizieren.<\/li>\n<li style=\"margin-bottom: 10px;\"><strong>Automobile und Maschinen:<\/strong> Wird f\u00fcr Armaturenbrett-Akzente im Innenraum, Lenkradlogos oder individuelles Branding auf kundenspezifischen Maschinentafeln verwendet.<\/li>\n<li style=\"margin-bottom: 10px;\"><strong>Verpackung von Geschenkboxen:<\/strong> Verwandeln Sie eine Standard-Pr\u00e4sentationsschachtel aus Pappe oder Holz in ein luxuri\u00f6ses Andenken, indem Sie einen individuellen Markenaufkleber aus Metall direkt auf dem Deckel anbringen.<\/li>\n<\/ul>\n<h2 style=\"color: #2c3e50; border-bottom: 2px solid #0056b3; padding-bottom: 8px; margin-top: 40px;\">\u00dcber 20 Jahre Erfahrung in der Fertigung und Branchenkompetenz<\/h2>\n<p>Trusting your brand identity to a manufacturer requires confidence in their capabilities. <strong>JTT Precision Metal Co., Ltd.<\/strong> ist seit \u00fcber zwei Jahrzehnten f\u00fchrend in der Branche der kundenspezifischen Metallaufkleber. Dank unserer 20-j\u00e4hrigen Fertigungsgeschichte haben wir unsere Galvanisierungsprozesse optimiert, unsere Farbanpassungsprotokolle verfeinert und unsere Qualit\u00e4tskontrollsysteme perfektioniert.<\/p>\n<p>Wir versprechen nicht nur Qualit\u00e4t; Wir validieren es durch ma\u00dfgebliche Zertifizierungen Dritter. Unsere ma\u00dfgeschneiderten Logo-Aufkleber entsprechen vollst\u00e4ndig den globalen Standards <strong>SGS-, ROHS- und MSDS-Zertifizierungen<\/strong>. Dadurch wird sichergestellt, dass die in Ihren Metalletiketten verwendeten Materialien frei von gef\u00e4hrlichen Substanzen, sicher f\u00fcr den Verbrauchergebrauch und umweltvertr\u00e4glich sind. Wenn Sie mit uns zusammenarbeiten, entscheiden Sie sich f\u00fcr einen Hersteller mit nachweislicher Erfolgsbilanz bei der Bereitstellung erstklassiger Branding-L\u00f6sungen f\u00fcr globale Kunden.<\/p>\n<h2 style=\"color: #2c3e50; border-bottom: 2px solid #0056b3; padding-bottom: 8px; margin-top: 40px;\">Sichere Bestellung, transparente Zahlungen und schnelle Lieferung<\/h2>\n<p>Wir verstehen, dass die Effizienz der Lieferkette f\u00fcr unsere Kunden von entscheidender Bedeutung ist. Wir haben unsere Anfrage-, Produktions- und Versandabl\u00e4ufe so reibungslos und transparent wie m\u00f6glich strukturiert.<\/p>\n<h3 style=\"color: #34495e; margin-top: 20px;\">Lieferzeiten und Produktion<\/h3>\n<p>Um Ihnen bei der Beurteilung unserer Qualit\u00e4t zu helfen, bieten wir eine schnelle Bearbeitung vorhandener Muster an. Wir k\u00f6nnen versenden <strong>vorhandene Muster in nur 1 Tag<\/strong> for your reference. When you are ready to prototype your unique design, our fast delivery process ensures custom sample creation within <strong>3 bis 5 Tage<\/strong>. Die Zeitpl\u00e4ne f\u00fcr die Massenproduktion sind auf Effizienz optimiert und h\u00e4ngen direkt von der Gr\u00f6\u00dfe Ihrer Bestellmenge ab. So wird sichergestellt, dass Sie Ihre Verpackungsaufkleber genau dann erhalten, wenn Sie sie ben\u00f6tigen.<\/p>\n<h3 style=\"color: #34495e; margin-top: 20px;\">Secure Payment Options<\/h3>\n<p>Building trustworthiness with our global clientele is a priority. We offer a comprehensive suite of secure payment terms to accommodate your procurement processes. We accept <strong>Kreditkartenzahlungen, PayPal, Bank\u00fcberweisungen, Western Union, L\/C und T\/T<\/strong> (T\/T 30% als Anzahlung, der Restbetrag wird vor der Lieferung beglichen). Dar\u00fcber hinaus unterst\u00fctzen wir voll und ganz <strong>Alibaba Trade Assurance-Bestellungen<\/strong>Wir bieten Ihnen eine strukturierte, sichere und \u00fcberwachte Transaktionsplattform.<\/p>\n<h3 style=\"color: #34495e; margin-top: 20px;\">Packaging &amp; Global Shipment<\/h3>\n<p>Jeder individuelle Metallaufkleber wird sorgf\u00e4ltig gepr\u00fcft, bevor er sicher in einer Schutzh\u00fclle verpackt wird <strong>OPP package bags<\/strong> um Kratzer oder Besch\u00e4digungen w\u00e4hrend des Transports zu vermeiden. Wir nutzen ein robustes globales Logistiknetzwerk und bieten flexible Versandmethoden, die auf Ihre Dringlichkeit und Ihr Budget zugeschnitten sind. Wir versenden per <strong>See-, Luft- oder Expresskuriere wie DHL, UPS oder andere vertrauensw\u00fcrdige Spediteure<\/strong>, ensuring your custom metallic labels arrive safely at your facility, regardless of your location worldwide.<\/p>\n<h2 style=\"color: #2c3e50; border-bottom: 2px solid #0056b3; padding-bottom: 8px; margin-top: 40px;\">H\u00e4ufig gestellte Fragen (FAQ)<\/h2>\n<div style=\"margin-bottom: 15px; border: 1px solid #e1e1e1; padding: 15px; border-radius: 5px; background-color: #fff;\">\n<h4 style=\"margin: 0 0 10px 0; color: #333; font-size: 1.1em;\">1. Can I get a free sample of the nickel metal sticker before placing a bulk order?<\/h4>\n<p style=\"margin: 0; color: #555;\">Ja, wir stellen vorhandene Muster kostenlos zur Verf\u00fcgung (Versand innerhalb eines Tages), damit Sie das Material, die Dicke und die Qualit\u00e4t des 3M-Klebstoffs beurteilen k\u00f6nnen. Wenn Sie ein individuelles Muster Ihres spezifischen Logos ben\u00f6tigen, betr\u00e4gt die Produktionszeit in der Regel 3\u20135 Tage.<\/p>\n<\/div>\n<div style=\"margin-bottom: 15px; border: 1px solid #e1e1e1; padding: 15px; border-radius: 5px; background-color: #fff;\">\n<h4 style=\"margin: 0 0 10px 0; color: #333; font-size: 1.1em;\">2. Auf welchen Oberfl\u00e4chen k\u00f6nnen diese individuellen Logo-Aufkleber aus Metall haften?<\/h4>\n<p style=\"margin: 0; color: #555;\">Dank des hochwertigen 3M-Schmelzklebers und der doppelseitigen Selbstklebung haften unsere 100%-Nickelaufkleber hervorragend auf Glas (z. B. Parf\u00fcmflaschen), Kunststoff, Metall, Holz und hochwertigen Geschenkboxen aus Papier.<\/p>\n<\/div>\n<div style=\"margin-bottom: 15px; border: 1px solid #e1e1e1; padding: 15px; border-radius: 5px; background-color: #fff;\">\n<h4 style=\"margin: 0 0 10px 0; color: #333; font-size: 1.1em;\">3. Sind Ihre Herstellungsmaterialien umweltfreundlich?<\/h4>\n<p style=\"margin: 0; color: #555;\">Absolut. Unsere Produktionsprozesse und Endprodukte werden durch SGS-, ROHS- und MSDS-Zertifizierungen abgesichert, die die Einhaltung strenger Umwelt- und Sicherheitsvorschriften gew\u00e4hrleisten.<\/p>\n<\/div>\n<div style=\"margin-bottom: 15px; border: 1px solid #e1e1e1; padding: 15px; border-radius: 5px; background-color: #fff;\">\n<h4 style=\"margin: 0 0 10px 0; color: #333; font-size: 1.1em;\">4. L\u00e4sst sich der Metallaufkleber verbiegen, um auf eine gebogene Parf\u00fcmflasche zu passen?<\/h4>\n<p style=\"margin: 0; color: #555;\">Ja. Die Aufkleber werden mit einer ultrad\u00fcnnen Spezifikation von 0,045\u20130,12 mm hergestellt. Durch diese besondere Dicke bleibt das massive Nickel flexibel genug, um sich nahtlos um glatte Kurven zu legen, ohne sich anzuheben.<\/p>\n<\/div>\n<div style=\"text-align: center; margin-top: 50px; padding: 30px; background-color: #2c3e50; color: #ffffff; border-radius: 8px;\">\n<h3 style=\"margin-top: 0; font-size: 1.6em; color: #fff;\">Starten Sie noch heute Ihr individuelles Branding-Projekt<\/h3>\n<p style=\"font-size: 1.1em; margin-bottom: 25px;\">Arbeiten Sie mit JTT Precision Metal Co., Ltd. zusammen, um Ihr Logo in ein atemberaubendes 3D-Metal-Meisterwerk zu verwandeln. Senden Sie uns Ihre AI-, PDF-, CDR- oder CAD-Dateien und unser Fertigungsteam wird Ihre Vision zum Leben erwecken.<\/p>\n<p><a style=\"display: inline-block; background-color: #f39c12; color: #ffffff; padding: 15px 30px; text-decoration: none; font-weight: bold; border-radius: 4px; font-size: 1.2em; text-transform: uppercase; letter-spacing: 1px;\" href=\"https:\/\/jttlogos.com\/de\/kontaktiere-uns\/\">Contact Us for a Custom Quote<\/a><\/p>\n<\/div>\n<\/article>\n<p><!-- SEO Meta Description\n<meta name=\"description\" content=\"Elevate your brand with premium custom self-adhesive nickel metal logo stickers for perfume bottles. Manufactured by JTT Precision Metal with 20+ years expertise, 3M adhesive, & fast delivery. Request a free sample today!\">\n--><\/p>","protected":false},"excerpt":{"rendered":"<p>Werten Sie Ihre Marke mit hochwertigen, selbstklebenden Logo-Aufklebern aus Nickelmetall f\u00fcr Parf\u00fcmflaschen auf. Hergestellt von JTT Precision Metal mit mehr als 20 Jahren Erfahrung, 3M-Kleber und schneller Lieferung. Fordern Sie noch heute ein kostenloses Muster an!<\/p>","protected":false},"featured_media":2027,"comment_status":"open","ping_status":"closed","template":"","meta":[],"product_brand":[],"product_cat":[48],"product_tag":[],"class_list":{"0":"post-4167","1":"product","2":"type-product","3":"status-publish","4":"has-post-thumbnail","6":"product_cat-nickel-metal-sticker","8":"first","9":"instock","10":"shipping-taxable","11":"product-type-simple"},"jetpack-related-posts":[],"jetpack_sharing_enabled":true,"_links":{"self":[{"href":"https:\/\/jttlogos.com\/de\/wp-json\/wp\/v2\/product\/4167","targetHints":{"allow":["GET"]}}],"collection":[{"href":"https:\/\/jttlogos.com\/de\/wp-json\/wp\/v2\/product"}],"about":[{"href":"https:\/\/jttlogos.com\/de\/wp-json\/wp\/v2\/types\/product"}],"replies":[{"embeddable":true,"href":"https:\/\/jttlogos.com\/de\/wp-json\/wp\/v2\/comments?post=4167"}],"wp:featuredmedia":[{"embeddable":true,"href":"https:\/\/jttlogos.com\/de\/wp-json\/wp\/v2\/media\/2027"}],"wp:attachment":[{"href":"https:\/\/jttlogos.com\/de\/wp-json\/wp\/v2\/media?parent=4167"}],"wp:term":[{"taxonomy":"product_brand","embeddable":true,"href":"https:\/\/jttlogos.com\/de\/wp-json\/wp\/v2\/product_brand?post=4167"},{"taxonomy":"product_cat","embeddable":true,"href":"https:\/\/jttlogos.com\/de\/wp-json\/wp\/v2\/product_cat?post=4167"},{"taxonomy":"product_tag","embeddable":true,"href":"https:\/\/jttlogos.com\/de\/wp-json\/wp\/v2\/product_tag?post=4167"}],"curies":[{"name":"wp","href":"https:\/\/api.w.org\/{rel}","templated":true}]}}