{"id":103,"date":"2018-03-06T09:12:47","date_gmt":"2018-03-06T09:12:47","guid":{"rendered":"https:\/\/xml-io.proteusthemes.com\/woondershop-amazon\/?page_id=103"},"modified":"2026-04-14T00:57:56","modified_gmt":"2026-04-14T00:57:56","slug":"about-us","status":"publish","type":"page","link":"https:\/\/jttlogos.com\/es\/sobre-nosotros\/","title":{"rendered":"Sobre nosotros"},"content":{"rendered":"<div id=\"page-header-351423181\" class=\"page-header-wrapper\">\n  <div class=\"page-title dark featured-title\">\n\n        <div class=\"page-title-bg\">\n      <div class=\"title-bg fill bg-fill\"\n        data-parallax-container=\".page-title\"\n        data-parallax-background\n data-parallax=\"-\">\n      <\/div>\n      <div class=\"title-overlay fill\"><\/div>\n    <\/div>\n    \n    <div class=\"page-title-inner container align-center text-center flex-row-col medium-flex-wrap\" >\n              <div class=\"title-wrapper flex-col\">\n          <h1 class=\"entry-title mb-0\">\n            Auout JTT logotipos          <\/h1>\n        <\/div>\n                <div class=\"page-title-sub op-7 flex-col\">\n          <p class=\"lead\">Pegatinas profesionales con logotipo met\u00e1lico personalizado<\/p>\n        <\/div>\n                    <div class=\"title-content flex-col\">\n        <ul class=\"nav sm-touch-scroll nav-line nav-uppercase text-center nav-center\"><li class=\"nav-single-page hidden\"><\/li><\/ul>      <\/div>\n    <\/div>\n\n     \n<style>\n#page-header-351423181 .page-title-inner {\n  min-height: 300px;\n}\n#page-header-351423181 .title-bg {\n  background-image: url(https:\/\/jttlogos.com\/wp-content\/uploads\/2023\/12\/\u4e2d\u7684\u4f4d\u56fe-\u8c03\u6574-\u5355\u9762540x360mm.jpg);\n  background-position: 54% 80%;\n}\n#page-header-351423181 .title-overlay {\n  background-color: rgba(0, 0, 0, 0.5);\n}\n<\/style>\n  <\/div>\n    <\/div>\n  \n\t<section class=\"section\" id=\"section_2132083398\">\n\t\t<div class=\"bg section-bg fill bg-fill  bg-loaded\" >\n\n\t\t\t\n\t\t\t\n\t\t\t\n\n\t\t<\/div>\n\n\t\t\n\n\t\t<div class=\"section-content relative\">\n\t\t\t\n<div class=\"row\"  id=\"row-524304349\">\n\n\t<div id=\"col-1593838912\" class=\"col small-12 large-12\"  >\n\t\t\t\t<div class=\"col-inner\" style=\"background-color:rgb(255,255,255);\" >\n\t\t\t\n\t\t\t\n<div class=\"text-center\"><div class=\"is-divider divider clearfix\" style=\"margin-top:10px;margin-bottom:10px;background-color:rgba(0, 0, 0, 0.16);\"><\/div><\/div>\n<div class=\"row row-full-width align-center\"  id=\"row-1614563989\">\n\n\t<div id=\"col-1525109088\" class=\"col medium-9 small-10 large-10\"  >\n\t\t\t\t<div class=\"col-inner text-center\"  >\n\t\t\t\n\t\t\t\n<h2>Eleve su marca con pegatinas con logotipos met\u00e1licos personalizados de Jttlogos<\/h2>\n<p>Jttlogos es un fabricante l\u00edder de adhesivos met\u00e1licos con logotipos personalizados, con 20 a\u00f1os de experiencia en el suministro de soluciones innovadoras y de alta calidad para las necesidades de marca. Nuestros precios competitivos, nuestro s\u00f3lido equipo de I+D y nuestro compromiso con la satisfacci\u00f3n del cliente nos convierten en el socio ideal para elevar la presencia de su marca.<\/p>\n<a class=\"button secondary\"  style=\"border-radius:4px;\">\n    <span>Nuestra historia<\/span>\n  <\/a>\n\n\t\t<\/div>\n\t\t\t\t\n<style>\n#col-1525109088 > .col-inner {\n  margin: 20px 0px 20px 0px;\n}\n<\/style>\n\t<\/div>\n\n\t\n<\/div>\n\t\t<\/div>\n\t\t\t\t\n<style>\n#col-1593838912 > .col-inner {\n  padding: 50px 0px 0px 0px;\n  margin: -70px 0px 0px 0px;\n}\n<\/style>\n\t<\/div>\n\n\t\n<\/div>\n\t\t<\/div>\n\n\t\t\n<style>\n#section_2132083398 {\n  padding-top: 30px;\n  padding-bottom: 30px;\n}\n<\/style>\n\t<\/section>\n\t\n\t<section class=\"section\" id=\"section_710263101\">\n\t\t<div class=\"bg section-bg fill bg-fill  bg-loaded\" >\n\n\t\t\t\n\t\t\t\n\t\t\t\n\n\t\t<\/div>\n\n\t\t\n\n\t\t<div class=\"section-content relative\">\n\t\t\t\n<div class=\"row align-center\"  id=\"row-794649101\">\n\n\t<div id=\"col-384402511\" class=\"col medium-11 small-12 large-10\"  >\n\t\t\t\t<div class=\"col-inner\"  >\n\t\t\t\n\t\t\t\n<h2>L\u00edderes en pegatinas met\u00e1licas personalizadas con logotipos <\/h2>\n<p>Con una precisi\u00f3n y experiencia inigualables, JTT Precision Metal Co., Ltd. establece el est\u00e1ndar en la elaboraci\u00f3n de pegatinas met\u00e1licas con logotipos personalizados para las necesidades de su marca.<\/p>\n\t\t<\/div>\n\t\t\t\t\t<\/div>\n\n\t\n\n<style>\n#row-794649101 > .col > .col-inner {\n  padding: 50px 0px 20px 0px;\n}\n@media (min-width:550px) {\n  #row-794649101 > .col > .col-inner {\n    padding: 100px 0px 50px 0px;\n  }\n}\n<\/style>\n<\/div>\n<div class=\"row align-center\"  id=\"row-616469266\">\n\n\t<div id=\"col-1316860345\" class=\"col medium-11 small-12 large-10\"  >\n\t\t\t\t<div class=\"col-inner\"  >\n\t\t\t\n\t\t\t\n<div class=\"row row-large align-middle\"  id=\"row-1879178843\">\n\n\t<div id=\"col-499635033\" class=\"col medium-4 small-12 large-6\"  >\n\t\t\t\t<div class=\"col-inner\"  >\n\t\t\t\n\t\t\t\n\n  <div class=\"banner has-hover\" id=\"banner-1670890436\">\n          <div class=\"banner-inner fill\">\n        <div class=\"banner-bg fill\" >\n            <div class=\"bg fill bg-fill\"><\/div>\n                                    \n                    <\/div>\n\t\t\n        <div class=\"banner-layers container\">\n            <div class=\"fill banner-link\"><\/div>            \n   <div id=\"text-box-1405714703\" class=\"text-box banner-layer x50 md-x50 lg-x50 y50 md-y50 lg-y50 res-text\">\n                                <div class=\"text-box-content text dark\">\n              \n              <div class=\"text-inner text-center\">\n                  \n              <\/div>\n           <\/div>\n                            \n<style>\n#text-box-1405714703 {\n  width: 60%;\n}\n#text-box-1405714703 .text-box-content {\n  font-size: 100%;\n}\n@media (min-width:550px) {\n  #text-box-1405714703 {\n    width: 60%;\n  }\n}\n<\/style>\n    <\/div>\n \n        <\/div>\n      <\/div>\n\n            \n<style>\n#banner-1670890436 {\n  padding-top: 99.99%;\n}\n#banner-1670890436 .bg.bg-loaded {\n  background-image: url(https:\/\/i0.wp.com\/jttlogos.com\/wp-content\/uploads\/2020\/05\/about-2.jpg?fit=640%2C360&ssl=1);\n}\n@media (min-width:550px) {\n  #banner-1670890436 {\n    padding-top: 99.99%;\n  }\n}\n<\/style>\n  <\/div>\n\n\n\t\t<\/div>\n\t\t\t\t\t<\/div>\n\n\t\n\n\t<div id=\"col-138985985\" class=\"col medium-8 small-12 large-6\"  >\n\t\t\t\t<div class=\"col-inner\"  >\n\t\t\t\n\t\t\t\n<h3><strong>\u00bfQUIENES SOMOS?<\/strong><\/h3>\n<p><a href=\"https:\/\/jttlogos.com\/es\/\" data-abc=\"true\">JTT<\/a>\u00a0es un fabricante de personalizado\u00a0<a href=\"https:\/\/jttlogos.com\/es\/categoria-de-producto\/metal-nickel-sticker\/\" data-abc=\"true\">Pegatinas con logotipo de n\u00edquel metal<\/a>,\u00a0<a href=\"https:\/\/jttlogos.com\/es\/categoria-de-producto\/stainless-steel-sticker\/\" data-abc=\"true\">Pegatinas con logotipo de metal de acero inoxidable<\/a>,\u00a0<a href=\"https:\/\/jttlogos.com\/es\/categoria-de-producto\/3d-sticker\/\" data-abc=\"true\">Pegatinas de logotipo de metal 3D<\/a>, especializado en esta industria desde hace 14 a\u00f1os.<\/p>\n\t\t<\/div>\n\t\t\t\t\t<\/div>\n\n\t\n<\/div>\n<div class=\"row row-large align-middle\"  id=\"row-2118784783\">\n\n\t<div id=\"col-1943594005\" class=\"col medium-8 small-12 large-6\"  >\n\t\t\t\t<div class=\"col-inner\"  >\n\t\t\t\n\t\t\t\n<h3><strong>ALTA CALIDAD Y PERSONALIZABLE<\/strong><\/h3>\n<p>JTT es su socio ideal, nos apasiona brindarle pegatinas met\u00e1licas personalizables y de alta calidad de diferentes tipos. Estamos muy orgullosos de servir en todos los aspectos de los negocios y la industria.<\/p>\n\t\t<\/div>\n\t\t\t\t\t<\/div>\n\n\t\n\n\t<div id=\"col-1424093711\" class=\"col medium-4 small-12 large-6 medium-col-first\"  >\n\t\t\t\t<div class=\"col-inner\"  >\n\t\t\t\n\t\t\t\n\n  <div class=\"banner has-hover\" id=\"banner-1404281172\">\n          <div class=\"banner-inner fill\">\n        <div class=\"banner-bg fill\" >\n            <div class=\"bg fill bg-fill\"><\/div>\n                                    \n                    <\/div>\n\t\t\n        <div class=\"banner-layers container\">\n            <div class=\"fill banner-link\"><\/div>            \n   <div id=\"text-box-966436578\" class=\"text-box banner-layer x50 md-x50 lg-x50 y50 md-y50 lg-y50 res-text\">\n                                <div class=\"text-box-content text dark\">\n              \n              <div class=\"text-inner text-center\">\n                  \n              <\/div>\n           <\/div>\n                            \n<style>\n#text-box-966436578 {\n  width: 60%;\n}\n#text-box-966436578 .text-box-content {\n  font-size: 100%;\n}\n@media (min-width:550px) {\n  #text-box-966436578 {\n    width: 60%;\n  }\n}\n<\/style>\n    <\/div>\n \n        <\/div>\n      <\/div>\n\n            \n<style>\n#banner-1404281172 {\n  padding-top: 99.99%;\n}\n#banner-1404281172 .bg.bg-loaded {\n  background-image: url(https:\/\/i0.wp.com\/jttlogos.com\/wp-content\/uploads\/2020\/05\/about-1.jpg?fit=640%2C360&ssl=1);\n}\n@media (min-width:550px) {\n  #banner-1404281172 {\n    padding-top: 99.99%;\n  }\n}\n<\/style>\n  <\/div>\n\n\n\t\t<\/div>\n\t\t\t\t\t<\/div>\n\n\t\n<\/div>\n\t\t<\/div>\n\t\t\t\t\t<\/div>\n\n\t\n<\/div>\n<div class=\"row align-center\"  id=\"row-1158137509\">\n\n\t<div id=\"col-1989845007\" class=\"col medium-11 small-12 large-10\"  >\n\t\t\t\t<div class=\"col-inner\"  >\n\t\t\t\n\t\t\t\n<div class=\"row row-large align-middle\"  id=\"row-1887925306\">\n\n\t<div id=\"col-1697906746\" class=\"col medium-4 small-12 large-6\"  >\n\t\t\t\t<div class=\"col-inner\"  >\n\t\t\t\n\t\t\t\n\n  <div class=\"banner has-hover\" id=\"banner-603391477\">\n          <div class=\"banner-inner fill\">\n        <div class=\"banner-bg fill\" >\n            <div class=\"bg fill bg-fill\"><\/div>\n                                    \n                    <\/div>\n\t\t\n        <div class=\"banner-layers container\">\n            <div class=\"fill banner-link\"><\/div>            \n   <div id=\"text-box-1965149324\" class=\"text-box banner-layer x50 md-x50 lg-x50 y50 md-y50 lg-y50 res-text\">\n                                <div class=\"text-box-content text dark\">\n              \n              <div class=\"text-inner text-center\">\n                  \n              <\/div>\n           <\/div>\n                            \n<style>\n#text-box-1965149324 {\n  width: 60%;\n}\n#text-box-1965149324 .text-box-content {\n  font-size: 100%;\n}\n@media (min-width:550px) {\n  #text-box-1965149324 {\n    width: 60%;\n  }\n}\n<\/style>\n    <\/div>\n \n        <\/div>\n      <\/div>\n\n            \n<style>\n#banner-603391477 {\n  padding-top: 99.99%;\n}\n#banner-603391477 .bg.bg-loaded {\n  background-image: url(https:\/\/i0.wp.com\/jttlogos.com\/wp-content\/uploads\/2020\/05\/about-4.jpg?fit=640%2C426&ssl=1);\n}\n@media (min-width:550px) {\n  #banner-603391477 {\n    padding-top: 99.99%;\n  }\n}\n<\/style>\n  <\/div>\n\n\n\t\t<\/div>\n\t\t\t\t\t<\/div>\n\n\t\n\n\t<div id=\"col-99661631\" class=\"col medium-8 small-12 large-6\"  >\n\t\t\t\t<div class=\"col-inner\"  >\n\t\t\t\n\t\t\t\n<h3><strong>SOLUCIONES DE LOGOTIPO PROFESIONALES<\/strong><\/h3>\n<p>No importa lo complicado que sea el patr\u00f3n o el logo, siempre que te atrevas a pensar, \u00a1todos podemos hacerlo! Si deseas promocionar tu marca o dise\u00f1o, \u00a1estamos para servirte!<\/p>\n\t\t<\/div>\n\t\t\t\t\t<\/div>\n\n\t\n<\/div>\n<div class=\"row row-large align-middle\"  id=\"row-342802272\">\n\n\t<div id=\"col-381829677\" class=\"col medium-8 small-12 large-6\"  >\n\t\t\t\t<div class=\"col-inner\"  >\n\t\t\t\n\t\t\t\n<h3><strong>\u00bfCOMO PODEMOS AYUDARTE?<\/strong><\/h3>\n<p>*Darle respuestas profesionales a cualquier pregunta.<br \/>*Buen servicio postventa<br \/>*Ayudarlo a desarrollarse mejor y ganar m\u00e1s participaci\u00f3n de mercado en su industria<\/p>\n\t\t<\/div>\n\t\t\t\t\t<\/div>\n\n\t\n\n\t<div id=\"col-394714321\" class=\"col medium-4 small-12 large-6 medium-col-first\"  >\n\t\t\t\t<div class=\"col-inner\"  >\n\t\t\t\n\t\t\t\n\n  <div class=\"banner has-hover\" id=\"banner-2068543392\">\n          <div class=\"banner-inner fill\">\n        <div class=\"banner-bg fill\" >\n            <div class=\"bg fill bg-fill\"><\/div>\n                                    \n                    <\/div>\n\t\t\n        <div class=\"banner-layers container\">\n            <div class=\"fill banner-link\"><\/div>            \n   <div id=\"text-box-2131746748\" class=\"text-box banner-layer x50 md-x50 lg-x50 y50 md-y50 lg-y50 res-text\">\n                                <div class=\"text-box-content text dark\">\n              \n              <div class=\"text-inner text-center\">\n                  \n              <\/div>\n           <\/div>\n                            \n<style>\n#text-box-2131746748 {\n  width: 60%;\n}\n#text-box-2131746748 .text-box-content {\n  font-size: 100%;\n}\n@media (min-width:550px) {\n  #text-box-2131746748 {\n    width: 60%;\n  }\n}\n<\/style>\n    <\/div>\n \n        <\/div>\n      <\/div>\n\n            \n<style>\n#banner-2068543392 {\n  padding-top: 99.99%;\n}\n#banner-2068543392 .bg.bg-loaded {\n  background-image: url(https:\/\/i0.wp.com\/jttlogos.com\/wp-content\/uploads\/2020\/05\/about-3.jpg?fit=640%2C426&ssl=1);\n}\n@media (min-width:550px) {\n  #banner-2068543392 {\n    padding-top: 99.99%;\n  }\n}\n<\/style>\n  <\/div>\n\n\n\t\t<\/div>\n\t\t\t\t\t<\/div>\n\n\t\n<\/div>\n\t\t<\/div>\n\t\t\t\t\t<\/div>\n\n\t\n<\/div>\n<div class=\"row align-center\"  id=\"row-705510578\">\n\n\t<div id=\"col-730946415\" class=\"col medium-11 small-12 large-10\"  >\n\t\t\t\t<div class=\"col-inner\"  >\n\t\t\t\n\t\t\t\n<div class=\"row row-large align-middle\"  id=\"row-171727779\">\n\n\t<div id=\"col-2063392675\" class=\"col medium-4 small-12 large-6\"  >\n\t\t\t\t<div class=\"col-inner\"  >\n\t\t\t\n\t\t\t\n\n  <div class=\"banner has-hover\" id=\"banner-1225477313\">\n          <div class=\"banner-inner fill\">\n        <div class=\"banner-bg fill\" >\n            <div class=\"bg fill bg-fill\"><\/div>\n                                    \n                    <\/div>\n\t\t\n        <div class=\"banner-layers container\">\n            <div class=\"fill banner-link\"><\/div>            \n   <div id=\"text-box-919448197\" class=\"text-box banner-layer x50 md-x50 lg-x50 y50 md-y50 lg-y50 res-text\">\n                                <div class=\"text-box-content text dark\">\n              \n              <div class=\"text-inner text-center\">\n                  \n              <\/div>\n           <\/div>\n                            \n<style>\n#text-box-919448197 {\n  width: 60%;\n}\n#text-box-919448197 .text-box-content {\n  font-size: 100%;\n}\n@media (min-width:550px) {\n  #text-box-919448197 {\n    width: 60%;\n  }\n}\n<\/style>\n    <\/div>\n \n        <\/div>\n      <\/div>\n\n            \n<style>\n#banner-1225477313 {\n  padding-top: 99.99%;\n}\n#banner-1225477313 .bg.bg-loaded {\n  background-image: url(https:\/\/i0.wp.com\/jttlogos.com\/wp-content\/uploads\/2020\/05\/16-scaled.jpg?fit=1020%2C680&ssl=1);\n}\n@media (min-width:550px) {\n  #banner-1225477313 {\n    padding-top: 99.99%;\n  }\n}\n<\/style>\n  <\/div>\n\n\n\t\t<\/div>\n\t\t\t\t\t<\/div>\n\n\t\n\n\t<div id=\"col-383105153\" class=\"col medium-8 small-12 large-6\"  >\n\t\t\t\t<div class=\"col-inner\"  >\n\t\t\t\n\t\t\t\n<h3><strong>\u00bfPOR QU\u00c9 ELEGIRNOS?<\/strong><\/h3>\n<p>*Precio m\u00e1s competitivo y alta calidad.<br \/>*Fuerte equipo de I+D y estricto sistema de control de calidad.<br \/>*Entrega oportuna<br \/>*Satisfacci\u00f3n absoluta garantizada: Le ofreceremos el mejor valor por su dinero sin ning\u00fan desperdicio.<\/p>\n\t\t<\/div>\n\t\t\t\t\t<\/div>\n\n\t\n<\/div>\n<div class=\"row row-large align-middle\"  id=\"row-1291957729\">\n\n\t<div id=\"col-2096960502\" class=\"col medium-8 small-12 large-6\"  >\n\t\t\t\t<div class=\"col-inner\"  >\n\t\t\t\n\t\t\t\n<h3><strong>COOPERAR CON NOSOTROS<\/strong><\/h3>\n<p>Nuestra empresa brinda a los clientes un servicio de marca de alta calidad que se basa en la filosof\u00eda de servicio de &quot;supervivencia de la calidad, innovaci\u00f3n para el desarrollo, integridad como base, unidad para la fuerza&quot;. Si tiene el mismo valor fundamental, lo pasaremos muy bien trabajando juntos.<\/p>\n\t\t<\/div>\n\t\t\t\t\t<\/div>\n\n\t\n\n\t<div id=\"col-323284425\" class=\"col medium-4 small-12 large-6 medium-col-first\"  >\n\t\t\t\t<div class=\"col-inner\"  >\n\t\t\t\n\t\t\t\n\n  <div class=\"banner has-hover\" id=\"banner-603478046\">\n          <div class=\"banner-inner fill\">\n        <div class=\"banner-bg fill\" >\n            <div class=\"bg fill bg-fill\"><\/div>\n                                    \n                    <\/div>\n\t\t\n        <div class=\"banner-layers container\">\n            <div class=\"fill banner-link\"><\/div>            \n   <div id=\"text-box-1925025571\" class=\"text-box banner-layer x50 md-x50 lg-x50 y50 md-y50 lg-y50 res-text\">\n                                <div class=\"text-box-content text dark\">\n              \n              <div class=\"text-inner text-center\">\n                  \n              <\/div>\n           <\/div>\n                            \n<style>\n#text-box-1925025571 {\n  width: 60%;\n}\n#text-box-1925025571 .text-box-content {\n  font-size: 100%;\n}\n@media (min-width:550px) {\n  #text-box-1925025571 {\n    width: 60%;\n  }\n}\n<\/style>\n    <\/div>\n \n        <\/div>\n      <\/div>\n\n            \n<style>\n#banner-603478046 {\n  padding-top: 99.99%;\n}\n#banner-603478046 .bg.bg-loaded {\n  background-image: url(https:\/\/i0.wp.com\/jttlogos.com\/wp-content\/uploads\/2020\/05\/about-6.jpg?fit=640%2C426&ssl=1);\n}\n@media (min-width:550px) {\n  #banner-603478046 {\n    padding-top: 99.99%;\n  }\n}\n<\/style>\n  <\/div>\n\n\n\t\t<\/div>\n\t\t\t\t\t<\/div>\n\n\t\n<\/div>\n\t\t<\/div>\n\t\t\t\t\t<\/div>\n\n\t\n<\/div>\n\t\t<\/div>\n\n\t\t\n<style>\n#section_710263101 {\n  padding-top: 80px;\n  padding-bottom: 80px;\n  background-color: rgb(244, 244, 244);\n}\n<\/style>\n\t<\/section>\n\t\n<div class=\"row align-center\"  id=\"row-2017121537\">\n\n\t<div id=\"col-1170978961\" class=\"col small-12 large-12\"  >\n\t\t\t\t<div class=\"col-inner\"  >\n\t\t\t\n\t\t\t\n<div class=\"row\"  id=\"row-985215181\">\n\n\t<div id=\"col-1676756356\" class=\"col small-12 large-12\"  >\n\t\t\t\t<div class=\"col-inner\"  >\n\t\t\t\n\t\t\t\n\t<div class=\"img has-hover x md-x lg-x y md-y lg-y\" id=\"image_1094584543\">\n\t\t\t\t\t\t\t\t<div class=\"img-inner dark\" >\n\t\t\t<img decoding=\"async\" width=\"800\" height=\"800\" src=\"https:\/\/i0.wp.com\/jttlogos.com\/wp-content\/uploads\/2020\/09\/Working-Environment-1.png?fit=800%2C800&amp;ssl=1\" class=\"attachment-large size-large\" alt=\"\" srcset=\"https:\/\/i0.wp.com\/jttlogos.com\/wp-content\/uploads\/2020\/09\/Working-Environment-1.png?w=3000&amp;ssl=1 3000w, https:\/\/i0.wp.com\/jttlogos.com\/wp-content\/uploads\/2020\/09\/Working-Environment-1.png?resize=100%2C100&amp;ssl=1 100w, https:\/\/i0.wp.com\/jttlogos.com\/wp-content\/uploads\/2020\/09\/Working-Environment-1.png?resize=510%2C510&amp;ssl=1 510w, https:\/\/i0.wp.com\/jttlogos.com\/wp-content\/uploads\/2020\/09\/Working-Environment-1.png?resize=300%2C300&amp;ssl=1 300w, https:\/\/i0.wp.com\/jttlogos.com\/wp-content\/uploads\/2020\/09\/Working-Environment-1.png?resize=1024%2C1024&amp;ssl=1 1024w, https:\/\/i0.wp.com\/jttlogos.com\/wp-content\/uploads\/2020\/09\/Working-Environment-1.png?resize=150%2C150&amp;ssl=1 150w, https:\/\/i0.wp.com\/jttlogos.com\/wp-content\/uploads\/2020\/09\/Working-Environment-1.png?resize=768%2C768&amp;ssl=1 768w, https:\/\/i0.wp.com\/jttlogos.com\/wp-content\/uploads\/2020\/09\/Working-Environment-1.png?resize=1536%2C1536&amp;ssl=1 1536w, https:\/\/i0.wp.com\/jttlogos.com\/wp-content\/uploads\/2020\/09\/Working-Environment-1.png?resize=2048%2C2048&amp;ssl=1 2048w\" sizes=\"(max-width: 800px) 100vw, 800px\" title=\"\">\t\t\t\t\t\t\n\t\t\t\t\t<\/div>\n\t\t\t\t\t\t\t\t\n<style>\n#image_1094584543 {\n  width: 100%;\n}\n<\/style>\n\t<\/div>\n\t\n\t\t<\/div>\n\t\t\t\t\t<\/div>\n\n\t\n<\/div>\n\t\t<\/div>\n\t\t\t\t\t<\/div>\n\n\t\n<\/div>","protected":false},"excerpt":{"rendered":"","protected":false},"author":1,"featured_media":2327,"parent":0,"menu_order":0,"comment_status":"closed","ping_status":"closed","template":"","meta":{"footnotes":""},"class_list":["post-103","page","type-page","status-publish","has-post-thumbnail","hentry"],"jetpack-related-posts":[],"jetpack_sharing_enabled":true,"_links":{"self":[{"href":"https:\/\/jttlogos.com\/es\/wp-json\/wp\/v2\/pages\/103","targetHints":{"allow":["GET"]}}],"collection":[{"href":"https:\/\/jttlogos.com\/es\/wp-json\/wp\/v2\/pages"}],"about":[{"href":"https:\/\/jttlogos.com\/es\/wp-json\/wp\/v2\/types\/page"}],"author":[{"embeddable":true,"href":"https:\/\/jttlogos.com\/es\/wp-json\/wp\/v2\/users\/1"}],"replies":[{"embeddable":true,"href":"https:\/\/jttlogos.com\/es\/wp-json\/wp\/v2\/comments?post=103"}],"version-history":[{"count":0,"href":"https:\/\/jttlogos.com\/es\/wp-json\/wp\/v2\/pages\/103\/revisions"}],"wp:featuredmedia":[{"embeddable":true,"href":"https:\/\/jttlogos.com\/es\/wp-json\/wp\/v2\/media\/2327"}],"wp:attachment":[{"href":"https:\/\/jttlogos.com\/es\/wp-json\/wp\/v2\/media?parent=103"}],"curies":[{"name":"wp","href":"https:\/\/api.w.org\/{rel}","templated":true}]}}