{"id":127,"date":"2018-03-06T11:05:29","date_gmt":"2018-03-06T11:05:29","guid":{"rendered":"https:\/\/xml-io.proteusthemes.com\/woondershop-amazon\/?page_id=127"},"modified":"2024-03-30T09:46:46","modified_gmt":"2024-03-30T09:46:46","slug":"delivery-options","status":"publish","type":"page","link":"https:\/\/jttlogos.com\/es\/opciones-de-entrega\/","title":{"rendered":"Opciones de entrega"},"content":{"rendered":"<div class=\"row\"  id=\"row-955382431\">\n\n\t<div id=\"col-1659921145\" class=\"col small-12 large-12\"  >\n\t\t\t\t<div class=\"col-inner\"  >\n\t\t\t\n\t\t\t\n<div class=\"accordion\">\n\t<div id=\"accordion-3077707235\" class=\"accordion-item\">\n\t\t<a id=\"accordion-3077707235-label\" class=\"accordion-title plain\" href=\"#accordion-item-are-your-products-shipped-all-over-the-world?\" aria-expanded=\"false\" aria-controls=\"accordion-3077707235-content\" >\n\t\t\t<button class=\"toggle\" aria-label=\"Palanca\"><i class=\"icon-angle-down\"><\/i><\/button>\n\t\t\t<span>\u00bfSus productos se env\u00edan a todo el mundo?<\/span>\n\t\t<\/a>\n\t\t<div id=\"accordion-3077707235-content\" class=\"accordion-inner\" aria-labelledby=\"accordion-3077707235-label\" >\n\t\t\t\n<p>S\u00ed. Realizamos env\u00edos a todo el mundo.<\/p>\n\t\t<\/div>\n\t<\/div>\n\t\n\t<div id=\"accordion-3803233555\" class=\"accordion-item\">\n\t\t<a id=\"accordion-3803233555-label\" class=\"accordion-title plain\" href=\"#accordion-item-which-express-do-you-use?\" aria-expanded=\"false\" aria-controls=\"accordion-3803233555-content\" >\n\t\t\t<button class=\"toggle\" aria-label=\"Palanca\"><i class=\"icon-angle-down\"><\/i><\/button>\n\t\t\t<span>\u00bfQu\u00e9 expreso usas?<\/span>\n\t\t<\/a>\n\t\t<div id=\"accordion-3803233555-content\" class=\"accordion-inner\" aria-labelledby=\"accordion-3803233555-label\" >\n\t\t\t\n<p>DHL, FEDEX, TNT, UPS, EMS, EUB, etc.<\/p>\n\t\t<\/div>\n\t<\/div>\n\t\n\t<div id=\"accordion-1807261650\" class=\"accordion-item\">\n\t\t<a id=\"accordion-1807261650-label\" class=\"accordion-title plain\" href=\"#accordion-item-how-long-does-delivery-take?\" aria-expanded=\"false\" aria-controls=\"accordion-1807261650-content\" >\n\t\t\t<button class=\"toggle\" aria-label=\"Palanca\"><i class=\"icon-angle-down\"><\/i><\/button>\n\t\t\t<span>\u00bfCu\u00e1nto tiempo tarda la entrega?<\/span>\n\t\t<\/a>\n\t\t<div id=\"accordion-1807261650-content\" class=\"accordion-inner\" aria-labelledby=\"accordion-1807261650-label\" >\n\t\t\t\n<p>Generalmente, tarda entre 3 y 20 d\u00edas h\u00e1biles en llegar a todo el mundo. No m\u00e1s de 30 d\u00edas.<\/p>\n\t\t<\/div>\n\t<\/div>\n\t\n\t<div id=\"accordion-384898571\" class=\"accordion-item\">\n\t\t<a id=\"accordion-384898571-label\" class=\"accordion-title plain\" href=\"#accordion-item-will-my-order-be-delayed?\" aria-expanded=\"false\" aria-controls=\"accordion-384898571-content\" >\n\t\t\t<button class=\"toggle\" aria-label=\"Palanca\"><i class=\"icon-angle-down\"><\/i><\/button>\n\t\t\t<span>\u00bfMi pedido se retrasar\u00e1?<\/span>\n\t\t<\/a>\n\t\t<div id=\"accordion-384898571-content\" class=\"accordion-inner\" aria-labelledby=\"accordion-384898571-label\" >\n\t\t\t\n<p>En general, no habr\u00e1 demora. Pero si creemos que la entrega se retrasar\u00e1, nos pondremos en contacto contigo con antelaci\u00f3n.<\/p>\n\t\t<\/div>\n\t<\/div>\n\t\n\t<div id=\"accordion-1602468888\" class=\"accordion-item\">\n\t\t<a id=\"accordion-1602468888-label\" class=\"accordion-title plain\" href=\"#accordion-item-do-you-ship-products-to-remote-areas?\" aria-expanded=\"false\" aria-controls=\"accordion-1602468888-content\" >\n\t\t\t<button class=\"toggle\" aria-label=\"Palanca\"><i class=\"icon-angle-down\"><\/i><\/button>\n\t\t\t<span>\u00bfEnv\u00edan productos a \u00e1reas remotas?<\/span>\n\t\t<\/a>\n\t\t<div id=\"accordion-1602468888-content\" class=\"accordion-inner\" aria-labelledby=\"accordion-1602468888-label\" >\n\t\t\t\n<p>Si necesita realizar el pedido, comun\u00edquese con nosotros con anticipaci\u00f3n para confirmarlo.<\/p>\n\t\t<\/div>\n\t<\/div>\n\t\n<\/div>\n\t\t<\/div>\n\t\t\t\t\t<\/div>\n\n\t\n\n\t<div id=\"col-636694814\" class=\"col small-12 large-12\"  >\n\t\t\t\t<div class=\"col-inner\"  >\n\t\t\t\n\t\t\t\n\t<div class=\"img has-hover x md-x lg-x y md-y lg-y\" id=\"image_1151831667\">\n\t\t\t\t\t\t\t\t<div class=\"img-inner dark\" >\n\t\t\t<img decoding=\"async\" width=\"990\" height=\"493\" src=\"https:\/\/i0.wp.com\/jttlogos.com\/wp-content\/uploads\/2020\/05\/SHIPPING.jpg?fit=990%2C493&amp;ssl=1\" class=\"attachment-large size-large\" alt=\"\" srcset=\"https:\/\/i0.wp.com\/jttlogos.com\/wp-content\/uploads\/2020\/05\/SHIPPING.jpg?w=990&amp;ssl=1 990w, https:\/\/i0.wp.com\/jttlogos.com\/wp-content\/uploads\/2020\/05\/SHIPPING.jpg?resize=510%2C254&amp;ssl=1 510w, https:\/\/i0.wp.com\/jttlogos.com\/wp-content\/uploads\/2020\/05\/SHIPPING.jpg?resize=300%2C149&amp;ssl=1 300w, https:\/\/i0.wp.com\/jttlogos.com\/wp-content\/uploads\/2020\/05\/SHIPPING.jpg?resize=768%2C382&amp;ssl=1 768w, https:\/\/i0.wp.com\/jttlogos.com\/wp-content\/uploads\/2020\/05\/SHIPPING.jpg?resize=350%2C175&amp;ssl=1 350w, https:\/\/i0.wp.com\/jttlogos.com\/wp-content\/uploads\/2020\/05\/SHIPPING.jpg?resize=800%2C398&amp;ssl=1 800w\" sizes=\"(max-width: 990px) 100vw, 990px\" title=\"\">\t\t\t\t\t\t\n\t\t\t\t\t<\/div>\n\t\t\t\t\t\t\t\t\n<style>\n#image_1151831667 {\n  width: 100%;\n}\n<\/style>\n\t<\/div>\n\t\n\t\t<\/div>\n\t\t\t\t\t<\/div>\n\n\t\n<\/div>","protected":false},"excerpt":{"rendered":"","protected":false},"author":1,"featured_media":0,"parent":0,"menu_order":0,"comment_status":"closed","ping_status":"closed","template":"page-blank-title-center.php","meta":{"footnotes":""},"class_list":["post-127","page","type-page","status-publish","hentry"],"jetpack-related-posts":[],"jetpack_sharing_enabled":true,"_links":{"self":[{"href":"https:\/\/jttlogos.com\/es\/wp-json\/wp\/v2\/pages\/127","targetHints":{"allow":["GET"]}}],"collection":[{"href":"https:\/\/jttlogos.com\/es\/wp-json\/wp\/v2\/pages"}],"about":[{"href":"https:\/\/jttlogos.com\/es\/wp-json\/wp\/v2\/types\/page"}],"author":[{"embeddable":true,"href":"https:\/\/jttlogos.com\/es\/wp-json\/wp\/v2\/users\/1"}],"replies":[{"embeddable":true,"href":"https:\/\/jttlogos.com\/es\/wp-json\/wp\/v2\/comments?post=127"}],"version-history":[{"count":0,"href":"https:\/\/jttlogos.com\/es\/wp-json\/wp\/v2\/pages\/127\/revisions"}],"wp:attachment":[{"href":"https:\/\/jttlogos.com\/es\/wp-json\/wp\/v2\/media?parent=127"}],"curies":[{"name":"wp","href":"https:\/\/api.w.org\/{rel}","templated":true}]}}