{"id":129,"date":"2018-03-06T11:06:12","date_gmt":"2018-03-06T11:06:12","guid":{"rendered":"https:\/\/xml-io.proteusthemes.com\/woondershop-amazon\/?page_id=129"},"modified":"2024-03-30T09:58:17","modified_gmt":"2024-03-30T09:58:17","slug":"returns-policy","status":"publish","type":"page","link":"https:\/\/jttlogos.com\/es\/politica-de-devoluciones\/","title":{"rendered":"Pol\u00edtica de devoluciones"},"content":{"rendered":"<div class=\"row\"  id=\"row-167415955\">\n\n\t<div id=\"col-2099880257\" class=\"col small-12 large-12\"  >\n\t\t\t\t<div class=\"col-inner\"  >\n\t\t\t\n\t\t\t\n<p>Esto depende de la estrategia con la que nos lo devuelvas, suponiendo que sea expreso y seguido, tu descuento se gestionar\u00e1 hasta 3 d\u00edas despu\u00e9s de que lo recuperemos. Un descuento com\u00fan y corriente tardar\u00e1 hasta 21 d\u00edas, es decir, 14 d\u00edas para que usted regrese y nosotros nos encarguemos de hasta 7 d\u00edas para que avance a trav\u00e9s del marco de ahorro de dinero. El descuento retroceder\u00e1 a la estrategia de pago en cuotas que utiliz\u00f3 al presentar su solicitud; una vez que hayamos hecho nuestro granito de arena, recibir\u00e1 un correo electr\u00f3nico confirmando que est\u00e1 dirigido. En caso de que haya esperado m\u00e1s de 14 d\u00edas sin recibir ning\u00fan correo electr\u00f3nico nuestro en ese momento, con\u00e9ctese dirigi\u00e9ndose a la pesta\u00f1a &quot;Cont\u00e1ctenos&quot; en esta p\u00e1gina.<\/p>\n\t\t<\/div>\n\t\t\t\t\t<\/div>\n\n\t\n\n\t<div id=\"col-725073823\" class=\"col small-12 large-12\"  >\n\t\t\t\t<div class=\"col-inner\"  >\n\t\t\t\n\t\t\t\n<div class=\"accordion\">\n\t<div id=\"accordion-3339548332\" class=\"accordion-item\">\n\t\t<a id=\"accordion-3339548332-label\" class=\"accordion-title plain\" href=\"#accordion-item-i-am-an-international-customer.-have-you-received-my-return?\" aria-expanded=\"false\" aria-controls=\"accordion-3339548332-content\" >\n\t\t\t<button class=\"toggle\" aria-label=\"Palanca\"><i class=\"icon-angle-down\"><\/i><\/button>\n\t\t\t<span>Soy un cliente internacional. \u00bfHas recibido mi devoluci\u00f3n?<\/span>\n\t\t<\/a>\n\t\t<div id=\"accordion-3339548332-content\" class=\"accordion-inner\" aria-labelledby=\"accordion-3339548332-label\" >\n\t\t\t\n<p>P\u00f3ngase en contacto con nuestro personal antes de devolver los productos. Una vez que nuestro centro de distribuci\u00f3n reciba su devoluci\u00f3n, le enviaremos un correo electr\u00f3nico. Nos ocuparemos de ello en un plazo de 5 a 10 d\u00edas h\u00e1biles. Si ha devuelto m\u00e1s de un pedido en el mismo paquete, espere hasta 24 horas para que se procesen todos los art\u00edculos devueltos. El tiempo que tarda su paquete en llegar a nosotros var\u00eda dependiendo de d\u00f3nde lo devuelva.<\/p>\n\t\t<\/div>\n\t<\/div>\n\t\n\t<div id=\"accordion-1558997657\" class=\"accordion-item\">\n\t\t<a id=\"accordion-1558997657-label\" class=\"accordion-title plain\" href=\"#accordion-item-what-is-your-international-returns-policy?\" aria-expanded=\"false\" aria-controls=\"accordion-1558997657-content\" >\n\t\t\t<button class=\"toggle\" aria-label=\"Palanca\"><i class=\"icon-angle-down\"><\/i><\/button>\n\t\t\t<span>\u00bfCu\u00e1l es su pol\u00edtica de devoluciones internacionales?<\/span>\n\t\t<\/a>\n\t\t<div id=\"accordion-1558997657-content\" class=\"accordion-inner\" aria-labelledby=\"accordion-1558997657-label\" >\n\t\t\t\n<p>Una vez que nuestro centro de distribuci\u00f3n haya recibido su devoluci\u00f3n, le enviaremos un correo electr\u00f3nico para informarle que se ha emitido su reembolso. Luego, los fondos pueden tardar entre 5 y 10 d\u00edas h\u00e1biles en aparecer en su cuenta. Si ha devuelto m\u00e1s de un pedido en el mismo paquete, espere hasta 24 horas para que se procesen todos los art\u00edculos devueltos. El tiempo que tarda su paquete en llegar a nosotros var\u00eda dependiendo de d\u00f3nde lo devuelva.<\/p>\n\t\t<\/div>\n\t<\/div>\n\t\n\t<div id=\"accordion-3023495103\" class=\"accordion-item\">\n\t\t<a id=\"accordion-3023495103-label\" class=\"accordion-title plain\" href=\"#accordion-item-how-can-i-get-a-new-returns-note?\" aria-expanded=\"false\" aria-controls=\"accordion-3023495103-content\" >\n\t\t\t<button class=\"toggle\" aria-label=\"Palanca\"><i class=\"icon-angle-down\"><\/i><\/button>\n\t\t\t<span>\u00bfC\u00f3mo puedo obtener una nueva nota de devoluci\u00f3n?<\/span>\n\t\t<\/a>\n\t\t<div id=\"accordion-3023495103-content\" class=\"accordion-inner\" aria-labelledby=\"accordion-3023495103-label\" >\n\t\t\t\n<p>Una vez que nuestro centro de distribuci\u00f3n haya recibido su devoluci\u00f3n, le enviaremos un correo electr\u00f3nico para informarle que se ha emitido su reembolso. Luego, los fondos pueden tardar entre 5 y 10 d\u00edas h\u00e1biles en aparecer en su cuenta. Si ha devuelto m\u00e1s de un pedido en el mismo paquete, espere hasta 24 horas para que se procesen todos los art\u00edculos devueltos. El tiempo que tarda su paquete en llegar a nosotros var\u00eda dependiendo de d\u00f3nde lo devuelva.<\/p>\n\t\t<\/div>\n\t<\/div>\n\t\n\t<div id=\"accordion-672802096\" class=\"accordion-item\">\n\t\t<a id=\"accordion-672802096-label\" class=\"accordion-title plain\" href=\"#accordion-item-what-should-i-do-if-my-order-hasn&#039;t-been-delivered-yet?\" aria-expanded=\"false\" aria-controls=\"accordion-672802096-content\" >\n\t\t\t<button class=\"toggle\" aria-label=\"Palanca\"><i class=\"icon-angle-down\"><\/i><\/button>\n\t\t\t<span>\u00bfQu\u00e9 debo hacer si mi pedido a\u00fan no ha sido entregado?<\/span>\n\t\t<\/a>\n\t\t<div id=\"accordion-672802096-content\" class=\"accordion-inner\" aria-labelledby=\"accordion-672802096-label\" >\n\t\t\t\n<p>Una vez que nuestro centro de distribuci\u00f3n haya recibido su devoluci\u00f3n, le enviaremos un correo electr\u00f3nico para informarle que se ha emitido su reembolso. Luego, los fondos pueden tardar entre 5 y 10 d\u00edas h\u00e1biles en aparecer en su cuenta. Si ha devuelto m\u00e1s de un pedido en el mismo paquete, espere hasta 24 horas para que se procesen todos los art\u00edculos devueltos. El tiempo que tarda su paquete en llegar a nosotros var\u00eda dependiendo de d\u00f3nde lo devuelva.<\/p>\n\t\t<\/div>\n\t<\/div>\n\t\n\t<div id=\"accordion-3470143051\" class=\"accordion-item\">\n\t\t<a id=\"accordion-3470143051-label\" class=\"accordion-title plain\" href=\"#accordion-item-i&#039;m-an-international-customer.-how-do-i-return-something-to-you?\" aria-expanded=\"false\" aria-controls=\"accordion-3470143051-content\" >\n\t\t\t<button class=\"toggle\" aria-label=\"Palanca\"><i class=\"icon-angle-down\"><\/i><\/button>\n\t\t\t<span>Soy un cliente internacional. \u00bfC\u00f3mo te devuelvo algo?<\/span>\n\t\t<\/a>\n\t\t<div id=\"accordion-3470143051-content\" class=\"accordion-inner\" aria-labelledby=\"accordion-3470143051-label\" >\n\t\t\t\n<p>Una vez que nuestro centro de distribuci\u00f3n haya recibido su devoluci\u00f3n, le enviaremos un correo electr\u00f3nico para informarle que se ha emitido su reembolso. Luego, los fondos pueden tardar entre 5 y 10 d\u00edas h\u00e1biles en aparecer en su cuenta. Si ha devuelto m\u00e1s de un pedido en el mismo paquete, espere hasta 24 horas para que se procesen todos los art\u00edculos devueltos. El tiempo que tarda su paquete en llegar a nosotros var\u00eda dependiendo de d\u00f3nde lo devuelva.<\/p>\n\t\t<\/div>\n\t<\/div>\n\t\n<\/div>\n\t\t<\/div>\n\t\t\t\t\t<\/div>\n\n\t\n<\/div>","protected":false},"excerpt":{"rendered":"","protected":false},"author":1,"featured_media":0,"parent":0,"menu_order":0,"comment_status":"closed","ping_status":"closed","template":"page-blank-title-center.php","meta":{"footnotes":""},"class_list":["post-129","page","type-page","status-publish","hentry"],"jetpack-related-posts":[],"jetpack_sharing_enabled":true,"_links":{"self":[{"href":"https:\/\/jttlogos.com\/es\/wp-json\/wp\/v2\/pages\/129","targetHints":{"allow":["GET"]}}],"collection":[{"href":"https:\/\/jttlogos.com\/es\/wp-json\/wp\/v2\/pages"}],"about":[{"href":"https:\/\/jttlogos.com\/es\/wp-json\/wp\/v2\/types\/page"}],"author":[{"embeddable":true,"href":"https:\/\/jttlogos.com\/es\/wp-json\/wp\/v2\/users\/1"}],"replies":[{"embeddable":true,"href":"https:\/\/jttlogos.com\/es\/wp-json\/wp\/v2\/comments?post=129"}],"version-history":[{"count":0,"href":"https:\/\/jttlogos.com\/es\/wp-json\/wp\/v2\/pages\/129\/revisions"}],"wp:attachment":[{"href":"https:\/\/jttlogos.com\/es\/wp-json\/wp\/v2\/media?parent=129"}],"curies":[{"name":"wp","href":"https:\/\/api.w.org\/{rel}","templated":true}]}}