{"id":1883,"date":"2020-05-01T13:47:03","date_gmt":"2020-05-01T13:47:03","guid":{"rendered":"https:\/\/jttlogos.com\/?page_id=1883"},"modified":"2024-03-30T09:59:03","modified_gmt":"2024-03-30T09:59:03","slug":"taxes-policy","status":"publish","type":"page","link":"https:\/\/jttlogos.com\/es\/politica-de-impuestos\/","title":{"rendered":"Pol\u00edtica de Impuestos"},"content":{"rendered":"<div class=\"row\"  id=\"row-468228899\">\n\n\t<div id=\"col-574545946\" class=\"col small-12 large-12\"  >\n\t\t\t\t<div class=\"col-inner\"  >\n\t\t\t\n\t\t\t\n<div class=\"accordion\">\n\t<div id=\"accordion-3485993899\" class=\"accordion-item\">\n\t\t<a id=\"accordion-3485993899-label\" class=\"accordion-title plain\" href=\"#accordion-item-do-you-charge-sales-tax?\" aria-expanded=\"false\" aria-controls=\"accordion-3485993899-content\" >\n\t\t\t<button class=\"toggle\" aria-label=\"Palanca\"><i class=\"icon-angle-down\"><\/i><\/button>\n\t\t\t<span>\u00bfDebo pagar impuestos sobre las ventas?<\/span>\n\t\t<\/a>\n\t\t<div id=\"accordion-3485993899-content\" class=\"accordion-inner\" aria-labelledby=\"accordion-3485993899-label\" >\n\t\t\t\n<p>No. No hay impuestos sobre las ventas en el mundo.<\/p>\n\t\t<\/div>\n\t<\/div>\n\t\n\t<div id=\"accordion-892713069\" class=\"accordion-item\">\n\t\t<a id=\"accordion-892713069-label\" class=\"accordion-title plain\" href=\"#accordion-item-do-you-charge-custom-taxes?\" aria-expanded=\"false\" aria-controls=\"accordion-892713069-content\" >\n\t\t\t<button class=\"toggle\" aria-label=\"Palanca\"><i class=\"icon-angle-down\"><\/i><\/button>\n\t\t\t<span>\u00bfCobran impuestos de aduana?<\/span>\n\t\t<\/a>\n\t\t<div id=\"accordion-892713069-content\" class=\"accordion-inner\" aria-labelledby=\"accordion-892713069-label\" >\n\t\t\t\n<p>No. No cobramos ning\u00fan impuesto personalizado. Tenga en cuenta que las aduanas de diferentes pa\u00edses pueden cobrarle impuestos de aduana. Esto est\u00e1 fuera de nuestro control y no pagamos ning\u00fan impuesto personalizado a nuestros clientes.<\/p>\n\t\t<\/div>\n\t<\/div>\n\t\n\t<div id=\"accordion-3265726867\" class=\"accordion-item\">\n\t\t<a id=\"accordion-3265726867-label\" class=\"accordion-title plain\" href=\"#accordion-item-do-you-have-hidden-fees?\" aria-expanded=\"false\" aria-controls=\"accordion-3265726867-content\" >\n\t\t\t<button class=\"toggle\" aria-label=\"Palanca\"><i class=\"icon-angle-down\"><\/i><\/button>\n\t\t\t<span>\u00bfTiene tarifas ocultas?<\/span>\n\t\t<\/a>\n\t\t<div id=\"accordion-3265726867-content\" class=\"accordion-inner\" aria-labelledby=\"accordion-3265726867-label\" >\n\t\t\t\n<p>No. El precio de venta del producto es el monto total que debes pagar.<\/p>\n\t\t<\/div>\n\t<\/div>\n\t\n\t<div id=\"accordion-3407657686\" class=\"accordion-item\">\n\t\t<a id=\"accordion-3407657686-label\" class=\"accordion-title plain\" href=\"#accordion-item-what-should-i-do-if-i-have-a-problem-with-taxes?\" aria-expanded=\"false\" aria-controls=\"accordion-3407657686-content\" >\n\t\t\t<button class=\"toggle\" aria-label=\"Palanca\"><i class=\"icon-angle-down\"><\/i><\/button>\n\t\t\t<span>\u00bfQu\u00e9 debo hacer si tengo un problema con los impuestos?<\/span>\n\t\t<\/a>\n\t\t<div id=\"accordion-3407657686-content\" class=\"accordion-inner\" aria-labelledby=\"accordion-3407657686-label\" >\n\t\t\t\n<p>Por favor cont\u00e1ctenos y haremos nuestro mejor esfuerzo para ayudarlo.<\/p>\n\t\t<\/div>\n\t<\/div>\n\t\n<\/div>\n\t\t<\/div>\n\t\t\t\t\t<\/div>\n\n\t\n<\/div>","protected":false},"excerpt":{"rendered":"","protected":false},"author":1,"featured_media":0,"parent":0,"menu_order":0,"comment_status":"closed","ping_status":"closed","template":"page-blank-title-center.php","meta":{"footnotes":""},"class_list":["post-1883","page","type-page","status-publish","hentry"],"jetpack-related-posts":[],"jetpack_sharing_enabled":true,"_links":{"self":[{"href":"https:\/\/jttlogos.com\/es\/wp-json\/wp\/v2\/pages\/1883","targetHints":{"allow":["GET"]}}],"collection":[{"href":"https:\/\/jttlogos.com\/es\/wp-json\/wp\/v2\/pages"}],"about":[{"href":"https:\/\/jttlogos.com\/es\/wp-json\/wp\/v2\/types\/page"}],"author":[{"embeddable":true,"href":"https:\/\/jttlogos.com\/es\/wp-json\/wp\/v2\/users\/1"}],"replies":[{"embeddable":true,"href":"https:\/\/jttlogos.com\/es\/wp-json\/wp\/v2\/comments?post=1883"}],"version-history":[{"count":0,"href":"https:\/\/jttlogos.com\/es\/wp-json\/wp\/v2\/pages\/1883\/revisions"}],"wp:attachment":[{"href":"https:\/\/jttlogos.com\/es\/wp-json\/wp\/v2\/media?parent=1883"}],"curies":[{"name":"wp","href":"https:\/\/api.w.org\/{rel}","templated":true}]}}