{"id":2169,"date":"2020-05-04T09:59:11","date_gmt":"2020-05-04T09:59:11","guid":{"rendered":"https:\/\/jttlogos.com\/?page_id=2169"},"modified":"2024-03-30T08:34:56","modified_gmt":"2024-03-30T08:34:56","slug":"por-que-elegirnos","status":"publish","type":"page","link":"https:\/\/jttlogos.com\/es\/why-choose-us\/","title":{"rendered":"POR QU\u00c9 ELEGIRNOS"},"content":{"rendered":"<section class=\"section\" id=\"section_181621206\">\n\t\t<div class=\"bg section-bg fill bg-fill  bg-loaded\" >\n\n\t\t\t\n\t\t\t\n\t\t\t\n\n\t\t<\/div>\n\n\t\t\n\n\t\t<div class=\"section-content relative\">\n\t\t\t\n<div class=\"container section-title-container\" ><h3 class=\"section-title section-title-center\"><b><\/b><span class=\"section-title-main\" >Sobre nosotros<\/span><b><\/b><\/h3><\/div>\n<div class=\"row align-middle\"  id=\"row-1489562061\">\n\n\t<div id=\"col-1520504026\" class=\"col medium-6 small-12 large-6\"  >\n\t\t\t\t<div class=\"col-inner\"  >\n\t\t\t\n\t\t\t\n\t<div class=\"img has-hover x md-x lg-x y md-y lg-y\" id=\"image_2129219625\">\n\t\t\t\t\t\t\t\t<div class=\"img-inner dark\" >\n\t\t\t<img loading=\"lazy\" decoding=\"async\" width=\"605\" height=\"454\" src=\"https:\/\/i0.wp.com\/jttlogos.com\/wp-content\/uploads\/2020\/09\/Working-Environment.png?fit=605%2C454&amp;ssl=1\" class=\"attachment-large size-large\" alt=\"\" srcset=\"https:\/\/i0.wp.com\/jttlogos.com\/wp-content\/uploads\/2020\/09\/Working-Environment.png?w=605&amp;ssl=1 605w, https:\/\/i0.wp.com\/jttlogos.com\/wp-content\/uploads\/2020\/09\/Working-Environment.png?resize=510%2C383&amp;ssl=1 510w, https:\/\/i0.wp.com\/jttlogos.com\/wp-content\/uploads\/2020\/09\/Working-Environment.png?resize=300%2C225&amp;ssl=1 300w\" sizes=\"auto, (max-width: 605px) 100vw, 605px\" title=\"\">\t\t\t\t\t\t\n\t\t\t\t\t<\/div>\n\t\t\t\t\t\t\t\t\n<style>\n#image_2129219625 {\n  width: 100%;\n}\n<\/style>\n\t<\/div>\n\t\n\t\t<\/div>\n\t\t\t\t\t<\/div>\n\n\t\n\n\t<div id=\"col-125331667\" class=\"col medium-6 small-12 large-6\"  >\n\t\t\t\t<div class=\"col-inner text-left\"  >\n\t\t\t\n\t\t\t\n<p>Shenzhen JTT Precision Metal Co., Ltd es un fabricante l\u00edder de pegatinas con logotipos met\u00e1licos y se destaca en investigaci\u00f3n, desarrollo y producci\u00f3n. Fundada en 2006, nuestra empresa se ha convertido en una fuerza pionera en tecnolog\u00eda de galvanoplastia, reconocida por su combinaci\u00f3n de innovaci\u00f3n y experiencia. Como actor clave en la industria, ostentamos con orgullo el t\u00edtulo de principal productor de placas de identificaci\u00f3n adhesivas con logotipos met\u00e1licos galvanizados de Shenzhen y fabricante l\u00edder chino de acero inoxidable grabado.<\/p>\n\t\t<\/div>\n\t\t\t\t\t<\/div>\n\n\t\n<\/div>\n<div class=\"container section-title-container\" ><h3 class=\"section-title section-title-center\"><b><\/b><span class=\"section-title-main\" >Por qu\u00e9 elegirnos<\/span><b><\/b><\/h3><\/div>\n<div class=\"row\"  id=\"row-1482103\">\n\n\t<div id=\"col-1209942803\" class=\"col medium-6 small-12 large-6\"  >\n\t\t\t\t<div class=\"col-inner\"  >\n\t\t\t\n\t\t\t\n<div class=\"container section-title-container\" ><h3 class=\"section-title section-title-center\"><b><\/b><span class=\"section-title-main\" >Taller Fotosensible<\/span><b><\/b><\/h3><\/div>\n\t<div class=\"img has-hover x md-x lg-x y md-y lg-y\" id=\"image_934205668\">\n\t\t\t\t\t\t\t\t<div class=\"img-inner dark\" >\n\t\t\t<img loading=\"lazy\" decoding=\"async\" width=\"640\" height=\"426\" src=\"https:\/\/i0.wp.com\/jttlogos.com\/wp-content\/uploads\/2020\/05\/about-5.jpg?fit=640%2C426&amp;ssl=1\" class=\"attachment-large size-large\" alt=\"\" srcset=\"https:\/\/i0.wp.com\/jttlogos.com\/wp-content\/uploads\/2020\/05\/about-5.jpg?w=640&amp;ssl=1 640w, https:\/\/i0.wp.com\/jttlogos.com\/wp-content\/uploads\/2020\/05\/about-5.jpg?resize=510%2C339&amp;ssl=1 510w, https:\/\/i0.wp.com\/jttlogos.com\/wp-content\/uploads\/2020\/05\/about-5.jpg?resize=300%2C200&amp;ssl=1 300w, https:\/\/i0.wp.com\/jttlogos.com\/wp-content\/uploads\/2020\/05\/about-5.jpg?resize=272%2C182&amp;ssl=1 272w\" sizes=\"auto, (max-width: 640px) 100vw, 640px\" title=\"\">\t\t\t\t\t\t\n\t\t\t\t\t<\/div>\n\t\t\t\t\t\t\t\t\n<style>\n#image_934205668 {\n  width: 100%;\n}\n<\/style>\n\t<\/div>\n\t\n\t\t<\/div>\n\t\t\t\t\t<\/div>\n\n\t\n\n\t<div id=\"col-1910390271\" class=\"col medium-6 small-12 large-6\"  >\n\t\t\t\t<div class=\"col-inner\"  >\n\t\t\t\n\t\t\t\n<div class=\"container section-title-container\" ><h3 class=\"section-title section-title-center\"><b><\/b><span class=\"section-title-main\" >Taller de galvanoplastia<\/span><b><\/b><\/h3><\/div>\n\t<div class=\"img has-hover x md-x lg-x y md-y lg-y\" id=\"image_761399259\">\n\t\t\t\t\t\t\t\t<div class=\"img-inner dark\" >\n\t\t\t<img loading=\"lazy\" decoding=\"async\" width=\"640\" height=\"426\" src=\"https:\/\/i0.wp.com\/jttlogos.com\/wp-content\/uploads\/2020\/05\/about-6.jpg?fit=640%2C426&amp;ssl=1\" class=\"attachment-large size-large\" alt=\"\" srcset=\"https:\/\/i0.wp.com\/jttlogos.com\/wp-content\/uploads\/2020\/05\/about-6.jpg?w=640&amp;ssl=1 640w, https:\/\/i0.wp.com\/jttlogos.com\/wp-content\/uploads\/2020\/05\/about-6.jpg?resize=510%2C339&amp;ssl=1 510w, https:\/\/i0.wp.com\/jttlogos.com\/wp-content\/uploads\/2020\/05\/about-6.jpg?resize=300%2C200&amp;ssl=1 300w, https:\/\/i0.wp.com\/jttlogos.com\/wp-content\/uploads\/2020\/05\/about-6.jpg?resize=272%2C182&amp;ssl=1 272w\" sizes=\"auto, (max-width: 640px) 100vw, 640px\" title=\"\">\t\t\t\t\t\t\n\t\t\t\t\t<\/div>\n\t\t\t\t\t\t\t\t\n<style>\n#image_761399259 {\n  width: 100%;\n}\n<\/style>\n\t<\/div>\n\t\n\t\t<\/div>\n\t\t\t\t\t<\/div>\n\n\t\n\n\t<div id=\"col-1363894777\" class=\"col medium-6 small-12 large-6\"  >\n\t\t\t\t<div class=\"col-inner\"  >\n\t\t\t\n\t\t\t\n<div class=\"container section-title-container\" ><h3 class=\"section-title section-title-center\"><b><\/b><span class=\"section-title-main\" >Taller de Estampaci\u00f3n<\/span><b><\/b><\/h3><\/div>\n\t<div class=\"img has-hover x md-x lg-x y md-y lg-y\" id=\"image_362644743\">\n\t\t\t\t\t\t\t\t<div class=\"img-inner dark\" >\n\t\t\t<img loading=\"lazy\" decoding=\"async\" width=\"1020\" height=\"574\" src=\"https:\/\/i0.wp.com\/jttlogos.com\/wp-content\/uploads\/2020\/09\/13.jpg?fit=1020%2C574&amp;ssl=1\" class=\"attachment-large size-large\" alt=\"\" srcset=\"https:\/\/i0.wp.com\/jttlogos.com\/wp-content\/uploads\/2020\/09\/13.jpg?w=1920&amp;ssl=1 1920w, https:\/\/i0.wp.com\/jttlogos.com\/wp-content\/uploads\/2020\/09\/13.jpg?resize=510%2C287&amp;ssl=1 510w, https:\/\/i0.wp.com\/jttlogos.com\/wp-content\/uploads\/2020\/09\/13.jpg?resize=300%2C169&amp;ssl=1 300w, https:\/\/i0.wp.com\/jttlogos.com\/wp-content\/uploads\/2020\/09\/13.jpg?resize=1024%2C576&amp;ssl=1 1024w, https:\/\/i0.wp.com\/jttlogos.com\/wp-content\/uploads\/2020\/09\/13.jpg?resize=768%2C432&amp;ssl=1 768w, https:\/\/i0.wp.com\/jttlogos.com\/wp-content\/uploads\/2020\/09\/13.jpg?resize=1536%2C864&amp;ssl=1 1536w, https:\/\/i0.wp.com\/jttlogos.com\/wp-content\/uploads\/2020\/09\/13.jpg?resize=800%2C450&amp;ssl=1 800w\" sizes=\"auto, (max-width: 1020px) 100vw, 1020px\" title=\"\">\t\t\t\t\t\t\n\t\t\t\t\t<\/div>\n\t\t\t\t\t\t\t\t\n<style>\n#image_362644743 {\n  width: 100%;\n}\n<\/style>\n\t<\/div>\n\t\n\t\t<\/div>\n\t\t\t\t\t<\/div>\n\n\t\n\n\t<div id=\"col-177352011\" class=\"col medium-6 small-12 large-6\"  >\n\t\t\t\t<div class=\"col-inner\"  >\n\t\t\t\n\t\t\t\n<div class=\"container section-title-container\" ><h3 class=\"section-title section-title-center\"><b><\/b><span class=\"section-title-main\" >Taller de embalaje<\/span><b><\/b><\/h3><\/div>\n\t<div class=\"img has-hover x md-x lg-x y md-y lg-y\" id=\"image_694352754\">\n\t\t\t\t\t\t\t\t<div class=\"img-inner image-cover dark\" style=\"padding-top:56.25%;\">\n\t\t\t<img loading=\"lazy\" decoding=\"async\" width=\"280\" height=\"280\" src=\"https:\/\/i0.wp.com\/jttlogos.com\/wp-content\/uploads\/2020\/09\/5-scaled.jpg?resize=280%2C280&amp;ssl=1\" class=\"attachment-thumbnail size-thumbnail\" alt=\"\" srcset=\"https:\/\/i0.wp.com\/jttlogos.com\/wp-content\/uploads\/2020\/09\/5-scaled.jpg?resize=100%2C100&amp;ssl=1 100w, https:\/\/i0.wp.com\/jttlogos.com\/wp-content\/uploads\/2020\/09\/5-scaled.jpg?zoom=2&amp;resize=280%2C280&amp;ssl=1 560w, https:\/\/i0.wp.com\/jttlogos.com\/wp-content\/uploads\/2020\/09\/5-scaled.jpg?zoom=3&amp;resize=280%2C280&amp;ssl=1 840w\" sizes=\"auto, (max-width: 280px) 100vw, 280px\" title=\"\">\t\t\t\t\t\t\n\t\t\t\t\t<\/div>\n\t\t\t\t\t\t\t\t\n<style>\n#image_694352754 {\n  width: 100%;\n}\n<\/style>\n\t<\/div>\n\t\n\t\t<\/div>\n\t\t\t\t\t<\/div>\n\n\t\n<\/div>\n<div class=\"container section-title-container\" ><h3 class=\"section-title section-title-center\"><b><\/b><span class=\"section-title-main\" >Entorno de producci\u00f3n<\/span><b><\/b><\/h3><\/div>\n\t<div class=\"img has-hover x md-x lg-x y md-y lg-y\" id=\"image_1403616007\">\n\t\t\t\t\t\t\t\t<div class=\"img-inner dark\" >\n\t\t\t<img loading=\"lazy\" decoding=\"async\" width=\"1020\" height=\"765\" src=\"https:\/\/i0.wp.com\/jttlogos.com\/wp-content\/uploads\/2020\/09\/metal-logo-sticker-3.jpg?fit=1020%2C765&amp;ssl=1\" class=\"attachment-large size-large\" alt=\"\" srcset=\"https:\/\/i0.wp.com\/jttlogos.com\/wp-content\/uploads\/2020\/09\/metal-logo-sticker-3.jpg?w=2048&amp;ssl=1 2048w, https:\/\/i0.wp.com\/jttlogos.com\/wp-content\/uploads\/2020\/09\/metal-logo-sticker-3.jpg?resize=510%2C383&amp;ssl=1 510w, https:\/\/i0.wp.com\/jttlogos.com\/wp-content\/uploads\/2020\/09\/metal-logo-sticker-3.jpg?resize=300%2C225&amp;ssl=1 300w, https:\/\/i0.wp.com\/jttlogos.com\/wp-content\/uploads\/2020\/09\/metal-logo-sticker-3.jpg?resize=1024%2C768&amp;ssl=1 1024w, https:\/\/i0.wp.com\/jttlogos.com\/wp-content\/uploads\/2020\/09\/metal-logo-sticker-3.jpg?resize=768%2C576&amp;ssl=1 768w, https:\/\/i0.wp.com\/jttlogos.com\/wp-content\/uploads\/2020\/09\/metal-logo-sticker-3.jpg?resize=1536%2C1152&amp;ssl=1 1536w, https:\/\/i0.wp.com\/jttlogos.com\/wp-content\/uploads\/2020\/09\/metal-logo-sticker-3.jpg?resize=800%2C600&amp;ssl=1 800w\" sizes=\"auto, (max-width: 1020px) 100vw, 1020px\" title=\"\">\t\t\t\t\t\t\n\t\t\t\t\t<\/div>\n\t\t\t\t\t\t\t\t\n<style>\n#image_1403616007 {\n  width: 100%;\n}\n<\/style>\n\t<\/div>\n\t\n<div class=\"row\"  id=\"row-248943242\">\n\n\t<div id=\"col-1768881534\" class=\"col medium-6 small-12 large-6\"  >\n\t\t\t\t<div class=\"col-inner\"  >\n\t\t\t\n\t\t\t\n\t<div class=\"img has-hover x md-x lg-x y md-y lg-y\" id=\"image_922578787\">\n\t\t\t\t\t\t\t\t<div class=\"img-inner dark\" >\n\t\t\t<img loading=\"lazy\" decoding=\"async\" width=\"800\" height=\"800\" src=\"https:\/\/i0.wp.com\/jttlogos.com\/wp-content\/uploads\/2020\/05\/zone7.jpg?fit=800%2C800&amp;ssl=1\" class=\"attachment-large size-large\" alt=\"\" srcset=\"https:\/\/i0.wp.com\/jttlogos.com\/wp-content\/uploads\/2020\/05\/zone7.jpg?w=1000&amp;ssl=1 1000w, https:\/\/i0.wp.com\/jttlogos.com\/wp-content\/uploads\/2020\/05\/zone7.jpg?resize=100%2C100&amp;ssl=1 100w, https:\/\/i0.wp.com\/jttlogos.com\/wp-content\/uploads\/2020\/05\/zone7.jpg?resize=510%2C510&amp;ssl=1 510w, https:\/\/i0.wp.com\/jttlogos.com\/wp-content\/uploads\/2020\/05\/zone7.jpg?resize=300%2C300&amp;ssl=1 300w, https:\/\/i0.wp.com\/jttlogos.com\/wp-content\/uploads\/2020\/05\/zone7.jpg?resize=150%2C150&amp;ssl=1 150w, https:\/\/i0.wp.com\/jttlogos.com\/wp-content\/uploads\/2020\/05\/zone7.jpg?resize=768%2C768&amp;ssl=1 768w, https:\/\/i0.wp.com\/jttlogos.com\/wp-content\/uploads\/2020\/05\/zone7.jpg?resize=800%2C800&amp;ssl=1 800w\" sizes=\"auto, (max-width: 800px) 100vw, 800px\" title=\"\">\t\t\t\t\t\t\n\t\t\t\t\t<\/div>\n\t\t\t\t\t\t\t\t\n<style>\n#image_922578787 {\n  width: 100%;\n}\n<\/style>\n\t<\/div>\n\t\n<p><strong>Fabricante de placas de identificaci\u00f3n de metal l\u00edder en la industria<\/strong><br \/>Como el mayor fabricante de placas met\u00e1licas de Shenzhen, aportamos solidez y experiencia incomparables a cada proyecto. Con 14 a\u00f1os de especial atenci\u00f3n en la elaboraci\u00f3n de pegatinas con placas de identificaci\u00f3n con logotipos met\u00e1licos utilizando tecnolog\u00eda de vanguardia, garantizamos una calidad y precisi\u00f3n de primer nivel.<\/p>\n\t\t<\/div>\n\t\t\t\t\t<\/div>\n\n\t\n\n\t<div id=\"col-321128969\" class=\"col medium-6 small-12 large-6\"  >\n\t\t\t\t<div class=\"col-inner\"  >\n\t\t\t\n\t\t\t\n\t<div class=\"img has-hover x md-x lg-x y md-y lg-y\" id=\"image_741967962\">\n\t\t\t\t\t\t\t\t<div class=\"img-inner dark\" >\n\t\t\t<img loading=\"lazy\" decoding=\"async\" width=\"800\" height=\"800\" src=\"https:\/\/i0.wp.com\/jttlogos.com\/wp-content\/uploads\/2020\/05\/zone8.jpg?fit=800%2C800&amp;ssl=1\" class=\"attachment-large size-large\" alt=\"\u00bfQu\u00e9 equipo se requiere para la producci\u00f3n de adhesivos de acero inoxidable?\" srcset=\"https:\/\/i0.wp.com\/jttlogos.com\/wp-content\/uploads\/2020\/05\/zone8.jpg?w=1000&amp;ssl=1 1000w, https:\/\/i0.wp.com\/jttlogos.com\/wp-content\/uploads\/2020\/05\/zone8.jpg?resize=100%2C100&amp;ssl=1 100w, https:\/\/i0.wp.com\/jttlogos.com\/wp-content\/uploads\/2020\/05\/zone8.jpg?resize=510%2C510&amp;ssl=1 510w, https:\/\/i0.wp.com\/jttlogos.com\/wp-content\/uploads\/2020\/05\/zone8.jpg?resize=300%2C300&amp;ssl=1 300w, https:\/\/i0.wp.com\/jttlogos.com\/wp-content\/uploads\/2020\/05\/zone8.jpg?resize=150%2C150&amp;ssl=1 150w, https:\/\/i0.wp.com\/jttlogos.com\/wp-content\/uploads\/2020\/05\/zone8.jpg?resize=768%2C768&amp;ssl=1 768w, https:\/\/i0.wp.com\/jttlogos.com\/wp-content\/uploads\/2020\/05\/zone8.jpg?resize=800%2C800&amp;ssl=1 800w\" sizes=\"auto, (max-width: 800px) 100vw, 800px\" title=\"\">\t\t\t\t\t\t\n\t\t\t\t\t<\/div>\n\t\t\t\t\t\t\t\t\n<style>\n#image_741967962 {\n  width: 100%;\n}\n<\/style>\n\t<\/div>\n\t\n<p><strong>Equipos de \u00faltima generaci\u00f3n y entrega r\u00e1pida<\/strong><br \/>Nuestro compromiso con la excelencia se refleja en nuestro uso de equipos avanzados y las \u00faltimas m\u00e1quinas de grabado. Esto nos permite ofrecer productos de alta calidad r\u00e1pidamente, cumpliendo y superando las expectativas del cliente. Priorizamos la calidad y al mismo tiempo somos conscientes del medio ambiente en nuestras elecciones de materiales.<\/p>\n\t\t<\/div>\n\t\t\t\t\t<\/div>\n\n\t\n\n\t<div id=\"col-1453897149\" class=\"col medium-6 small-12 large-6\"  >\n\t\t\t\t<div class=\"col-inner\"  >\n\t\t\t\n\t\t\t\n\t<div class=\"img has-hover x md-x lg-x y md-y lg-y\" id=\"image_1165434776\">\n\t\t\t\t\t\t\t\t<div class=\"img-inner dark\" >\n\t\t\t<img loading=\"lazy\" decoding=\"async\" width=\"800\" height=\"800\" src=\"https:\/\/i0.wp.com\/jttlogos.com\/wp-content\/uploads\/2020\/05\/zone9.jpg?fit=800%2C800&amp;ssl=1\" class=\"attachment-large size-large\" alt=\"\" srcset=\"https:\/\/i0.wp.com\/jttlogos.com\/wp-content\/uploads\/2020\/05\/zone9.jpg?w=1000&amp;ssl=1 1000w, https:\/\/i0.wp.com\/jttlogos.com\/wp-content\/uploads\/2020\/05\/zone9.jpg?resize=100%2C100&amp;ssl=1 100w, https:\/\/i0.wp.com\/jttlogos.com\/wp-content\/uploads\/2020\/05\/zone9.jpg?resize=510%2C510&amp;ssl=1 510w, https:\/\/i0.wp.com\/jttlogos.com\/wp-content\/uploads\/2020\/05\/zone9.jpg?resize=300%2C300&amp;ssl=1 300w, https:\/\/i0.wp.com\/jttlogos.com\/wp-content\/uploads\/2020\/05\/zone9.jpg?resize=150%2C150&amp;ssl=1 150w, https:\/\/i0.wp.com\/jttlogos.com\/wp-content\/uploads\/2020\/05\/zone9.jpg?resize=768%2C768&amp;ssl=1 768w, https:\/\/i0.wp.com\/jttlogos.com\/wp-content\/uploads\/2020\/05\/zone9.jpg?resize=800%2C800&amp;ssl=1 800w\" sizes=\"auto, (max-width: 800px) 100vw, 800px\" title=\"\">\t\t\t\t\t\t\n\t\t\t\t\t<\/div>\n\t\t\t\t\t\t\t\t\n<style>\n#image_1165434776 {\n  width: 100%;\n}\n<\/style>\n\t<\/div>\n\t\n<p><strong>Equipo de expertos y servicios integrales<\/strong><br \/>Nuestro equipo profesional est\u00e1 listo para brindarle orientaci\u00f3n y apoyo expertos en cada paso. Ya sea que tenga preguntas o necesite ayuda, nuestro experimentado equipo de ingenier\u00eda y nuestro excepcional servicio posventa garantizan que reciba el servicio integral que se merece. As\u00f3ciese con nosotros para elevar su presencia en la industria y capturar una mayor participaci\u00f3n de mercado.<\/p>\n\t\t<\/div>\n\t\t\t\t\t<\/div>\n\n\t\n\n\t<div id=\"col-1915490452\" class=\"col medium-6 small-12 large-6\"  >\n\t\t\t\t<div class=\"col-inner\"  >\n\t\t\t\n\t\t\t\n\t<div class=\"img has-hover x md-x lg-x y md-y lg-y\" id=\"image_1373877128\">\n\t\t\t\t\t\t\t\t<div class=\"img-inner dark\" >\n\t\t\t<img loading=\"lazy\" decoding=\"async\" width=\"800\" height=\"800\" src=\"https:\/\/i0.wp.com\/jttlogos.com\/wp-content\/uploads\/2020\/05\/zone10.jpg?fit=800%2C800&amp;ssl=1\" class=\"attachment-large size-large\" alt=\"Fabricaci\u00f3n de adhesivos met\u00e1licos.\" srcset=\"https:\/\/i0.wp.com\/jttlogos.com\/wp-content\/uploads\/2020\/05\/zone10.jpg?w=1000&amp;ssl=1 1000w, https:\/\/i0.wp.com\/jttlogos.com\/wp-content\/uploads\/2020\/05\/zone10.jpg?resize=100%2C100&amp;ssl=1 100w, https:\/\/i0.wp.com\/jttlogos.com\/wp-content\/uploads\/2020\/05\/zone10.jpg?resize=510%2C510&amp;ssl=1 510w, https:\/\/i0.wp.com\/jttlogos.com\/wp-content\/uploads\/2020\/05\/zone10.jpg?resize=300%2C300&amp;ssl=1 300w, https:\/\/i0.wp.com\/jttlogos.com\/wp-content\/uploads\/2020\/05\/zone10.jpg?resize=150%2C150&amp;ssl=1 150w, https:\/\/i0.wp.com\/jttlogos.com\/wp-content\/uploads\/2020\/05\/zone10.jpg?resize=768%2C768&amp;ssl=1 768w, https:\/\/i0.wp.com\/jttlogos.com\/wp-content\/uploads\/2020\/05\/zone10.jpg?resize=800%2C800&amp;ssl=1 800w\" sizes=\"auto, (max-width: 800px) 100vw, 800px\" title=\"\">\t\t\t\t\t\t\n\t\t\t\t\t<\/div>\n\t\t\t\t\t\t\t\t\n<style>\n#image_1373877128 {\n  width: 100%;\n}\n<\/style>\n\t<\/div>\n\t\n<p><strong>Con la confianza de los l\u00edderes mundiales de la industria<\/strong><br \/>Incluso las 500 empresas m\u00e1s importantes del mundo conf\u00edan en nosotros para sus necesidades de placas de identificaci\u00f3n, un testimonio de nuestra profesionalidad y eficiencia. Nuestra trayectoria de servicio a empresas de renombre dice mucho sobre nuestro compromiso con la excelencia. \u00danase a nosotros, su socio ideal, para desbloquear nuevas posibilidades e impulsar su negocio a mayores alturas.<\/p>\n\t\t<\/div>\n\t\t\t\t\t<\/div>\n\n\t\n<\/div>\n\t\t<\/div>\n\n\t\t\n<style>\n#section_181621206 {\n  padding-top: 30px;\n  padding-bottom: 30px;\n}\n<\/style>\n\t<\/section>","protected":false},"excerpt":{"rendered":"","protected":false},"author":1,"featured_media":0,"parent":0,"menu_order":0,"comment_status":"closed","ping_status":"closed","template":"","meta":{"footnotes":""},"class_list":["post-2169","page","type-page","status-publish","hentry"],"jetpack-related-posts":[],"jetpack_sharing_enabled":true,"_links":{"self":[{"href":"https:\/\/jttlogos.com\/es\/wp-json\/wp\/v2\/pages\/2169","targetHints":{"allow":["GET"]}}],"collection":[{"href":"https:\/\/jttlogos.com\/es\/wp-json\/wp\/v2\/pages"}],"about":[{"href":"https:\/\/jttlogos.com\/es\/wp-json\/wp\/v2\/types\/page"}],"author":[{"embeddable":true,"href":"https:\/\/jttlogos.com\/es\/wp-json\/wp\/v2\/users\/1"}],"replies":[{"embeddable":true,"href":"https:\/\/jttlogos.com\/es\/wp-json\/wp\/v2\/comments?post=2169"}],"version-history":[{"count":0,"href":"https:\/\/jttlogos.com\/es\/wp-json\/wp\/v2\/pages\/2169\/revisions"}],"wp:attachment":[{"href":"https:\/\/jttlogos.com\/es\/wp-json\/wp\/v2\/media?parent=2169"}],"curies":[{"name":"wp","href":"https:\/\/api.w.org\/{rel}","templated":true}]}}