{"id":2179,"date":"2020-05-04T11:53:35","date_gmt":"2020-05-04T11:53:35","guid":{"rendered":"https:\/\/jttlogos.com\/?page_id=2179"},"modified":"2024-03-30T09:52:12","modified_gmt":"2024-03-30T09:52:12","slug":"como-hacer-un-pedido","status":"publish","type":"page","link":"https:\/\/jttlogos.com\/es\/how-to-place-an-order\/","title":{"rendered":"C\u00f3mo hacer un pedido?"},"content":{"rendered":"<div id=\"pl-2179\"  class=\"panel-layout\" >\n<div id=\"pg-2179-0\"  class=\"panel-grid panel-no-style\" >\n<div id=\"pgc-2179-0-0\"  class=\"panel-grid-cell\"  data-weight=\"1\" >\n<div id=\"panel-2179-0-0-0\" class=\"so-panel widget widget_sow-editor panel-first-child panel-last-child\" data-index=\"0\" data-style=\"{&quot;background_image_attachment&quot;:false,&quot;background_display&quot;:&quot;tile&quot;}\" >\n<div class=\"so-widget-sow-editor so-widget-sow-editor-base\">\n<div class=\"siteorigin-widget-tinymce textwidget\">\n<p>1. Env\u00edenos un correo electr\u00f3nico con los detalles de su producto, como dise\u00f1o, tama\u00f1o, cantidad, etc. Si hay una emergencia, tambi\u00e9n puede llamarnos o chatear con nosotros por WhatsApp.<\/p>\n<p>2. Le daremos una cotizaci\u00f3n despu\u00e9s de confirmar los detalles del producto.<\/p>\n<p>3. Si el precio es correcto, podemos comenzar a hacer la muestra, lo que tardar\u00e1 entre 3 y 7 d\u00edas, y luego se la entregaremos en 5 a 7 d\u00edas. Si es necesario, podemos enviarle la foto para Confirmaci\u00f3n antes del env\u00edo. Si hay alg\u00fan problema, lo modificaremos antes del env\u00edo, puede estar seguro.<\/p>\n<p>4. Cuando reciba la muestra, verifique el dise\u00f1o y la calidad. Si todo est\u00e1 bien, podemos comenzar la producci\u00f3n en masa. Haremos PI por usted y podr\u00e1 pagar 30% como dep\u00f3sito.<\/p>\n<p>5. Despu\u00e9s de que terminemos la producci\u00f3n, tomaremos fotos y le enviaremos un video para su confirmaci\u00f3n. Y pago del saldo 70% antes del env\u00edo.<\/p>\n<\/div>\n<\/div>\n<\/div>\n<\/div>\n<\/div>\n<\/div>","protected":false},"excerpt":{"rendered":"<p>1. Please email us your product details, such as design, size, quantity, etc. If there is an emergency, you can also call us or chat with us on WhatsApp. 2. We will give you a quotation after confirming the product details. 3. If the price is right, we can start to make the sample, which [&#8230;]\n","protected":false},"author":1,"featured_media":0,"parent":0,"menu_order":0,"comment_status":"closed","ping_status":"closed","template":"page-blank-title-center.php","meta":{"footnotes":""},"class_list":["post-2179","page","type-page","status-publish","hentry"],"jetpack-related-posts":[],"jetpack_sharing_enabled":true,"_links":{"self":[{"href":"https:\/\/jttlogos.com\/es\/wp-json\/wp\/v2\/pages\/2179","targetHints":{"allow":["GET"]}}],"collection":[{"href":"https:\/\/jttlogos.com\/es\/wp-json\/wp\/v2\/pages"}],"about":[{"href":"https:\/\/jttlogos.com\/es\/wp-json\/wp\/v2\/types\/page"}],"author":[{"embeddable":true,"href":"https:\/\/jttlogos.com\/es\/wp-json\/wp\/v2\/users\/1"}],"replies":[{"embeddable":true,"href":"https:\/\/jttlogos.com\/es\/wp-json\/wp\/v2\/comments?post=2179"}],"version-history":[{"count":0,"href":"https:\/\/jttlogos.com\/es\/wp-json\/wp\/v2\/pages\/2179\/revisions"}],"wp:attachment":[{"href":"https:\/\/jttlogos.com\/es\/wp-json\/wp\/v2\/media?parent=2179"}],"curies":[{"name":"wp","href":"https:\/\/api.w.org\/{rel}","templated":true}]}}