{"id":3,"date":"2020-04-28T14:09:18","date_gmt":"2020-04-28T14:09:18","guid":{"rendered":"https:\/\/jttlogos.com\/?page_id=3"},"modified":"2024-03-30T09:55:22","modified_gmt":"2024-03-30T09:55:22","slug":"politica-de-privacidad","status":"publish","type":"page","link":"https:\/\/jttlogos.com\/es\/privacy-policy\/","title":{"rendered":"pol\u00edtica de privacidad"},"content":{"rendered":"<p>Esta Pol\u00edtica de Privacidad describe c\u00f3mo se recopila, utiliza y comparte su informaci\u00f3n personal cuando nos visita o realiza una compra.&nbsp;<\/p>\r\n\r\n\r\n\r\n<p>INFORMACI\u00d3N PERSONAL QUE RECOPILAMOS<br>Cuando visita el Sitio, recopilamos autom\u00e1ticamente cierta informaci\u00f3n sobre su dispositivo, incluida informaci\u00f3n sobre su navegador web, direcci\u00f3n IP, zona horaria y algunas de las cookies que est\u00e1n instaladas en su dispositivo. Adem\u00e1s, mientras navega por el Sitio, recopilamos informaci\u00f3n sobre las p\u00e1ginas web o productos individuales que ve, qu\u00e9 sitios web o t\u00e9rminos de b\u00fasqueda lo remitieron al Sitio e informaci\u00f3n sobre c\u00f3mo interact\u00faa con el Sitio. Nos referimos a esta informaci\u00f3n recopilada autom\u00e1ticamente como &quot;Informaci\u00f3n del dispositivo&quot;.&nbsp;<\/p>\r\n\r\n\r\n\r\n<p>INFORMACI\u00d3N DEL DISPOSITIVO QUE RECOPILAMOS<br>\u2013 Las \u201ccookies\u201d son archivos de datos que se colocan en su dispositivo o computadora y, a menudo, incluyen un identificador \u00fanico an\u00f3nimo.&nbsp;<br>\u2013 Los \u201carchivos de registro\u201d rastrean las acciones que ocurren en el Sitio y recopilan datos que incluyen su direcci\u00f3n IP, tipo de navegador, proveedor de servicios de Internet, p\u00e1ginas de referencia\/salida y marcas de fecha\/hora.<br>\u2013 Las \u201cbalizas web\u201d, las \u201cetiquetas\u201d y los \u201cp\u00edxeles\u201d son archivos electr\u00f3nicos que se utilizan para registrar informaci\u00f3n sobre c\u00f3mo navega por el Sitio.<\/p>\r\n\r\n\r\n\r\n<p>INFORMACI\u00d3N DEL PEDIDO QUE RECOPILAMOS<br>Adem\u00e1s, cuando realiza una compra o intenta realizar una compra a trav\u00e9s del Sitio, recopilamos cierta informaci\u00f3n suya, incluido su nombre, direcci\u00f3n de facturaci\u00f3n, direcci\u00f3n de env\u00edo, informaci\u00f3n de pago (incluidos n\u00fameros de tarjetas de cr\u00e9dito, direcci\u00f3n de correo electr\u00f3nico y n\u00famero de tel\u00e9fono). a esta informaci\u00f3n como \u201cInformaci\u00f3n del pedido\u201d.&nbsp;<\/p>\r\n\r\n\r\n\r\n<p>Cuando hablamos de \u201cInformaci\u00f3n personal\u201d en esta Pol\u00edtica de privacidad, nos referimos tanto a Informaci\u00f3n del dispositivo como a Informaci\u00f3n del pedido.&nbsp;<\/p>\r\n\r\n\r\n\r\n<p>\u00bfCOMO USAMOS TU INFORMACI\u00d3N PERSONAL?<br>Usamos la Informaci\u00f3n de pedido que recopilamos generalmente para cumplir con cualquier pedido realizado a trav\u00e9s del Sitio (incluido el procesamiento de su informaci\u00f3n de pago, la organizaci\u00f3n del env\u00edo y el suministro de facturas y\/o confirmaciones de pedido). Adem\u00e1s, utilizamos esta informaci\u00f3n de pedido para:<br>- Comunicarse contigo;<br>\u2013 Examinar nuestros pedidos para detectar riesgos potenciales o fraude;<br>\u2013 Cuando est\u00e9 en l\u00ednea con las preferencias que ha compartido con nosotros, proporcionarle informaci\u00f3n o publicidad relacionada con nuestros productos o servicios.<\/p>\r\n\r\n\r\n\r\n<p>\u00bfC\u00d3MO UTILIZAMOS LA INFORMACI\u00d3N DE SU DISPOSITIVO?<br>Usamos la informaci\u00f3n del dispositivo que recopilamos para ayudarnos a detectar posibles riesgos y fraudes (en particular, su direcci\u00f3n IP) y, de manera m\u00e1s general, para mejorar y optimizar nuestro sitio (por ejemplo, generando an\u00e1lisis sobre c\u00f3mo nuestros clientes navegan e interact\u00faan con el Sitio y para evaluar el \u00e9xito de nuestras campa\u00f1as de marketing y publicidad).&nbsp;<\/p>\r\n\r\n\r\n\r\n<p>INFORMACI\u00d3N PERSONAL<br>Solo procesamos sus datos personales con su consentimiento o seg\u00fan sea necesario para cumplir con nuestras obligaciones con usted como cliente, operar nuestro negocio, cumplir con nuestras obligaciones contractuales y legales y proteger la seguridad de nuestros sistemas.<\/p>\r\n\r\n\r\n\r\n<p>COMPARTIR SU INFORMACI\u00d3N PERSONAL<br>Compartimos su Informaci\u00f3n personal con terceros para ayudarnos a usar su Informaci\u00f3n personal, como se describe anteriormente.<br>Tambi\u00e9n utilizamos Google Analytics para ayudarnos a comprender c\u00f3mo nuestros clientes utilizan el Sitio.<br>Finalmente, tambi\u00e9n podemos compartir su Informaci\u00f3n personal para cumplir con las leyes y regulaciones aplicables, para responder a una citaci\u00f3n, orden de registro u otra solicitud legal de informaci\u00f3n que recibamos, o para proteger nuestros derechos de otro modo.<\/p>\r\n\r\n\r\n\r\n<p>PUBLICIDAD CONDUCTUAL<br>Como se describi\u00f3 anteriormente, utilizamos su informaci\u00f3n personal para brindarle anuncios espec\u00edficos o comunicaciones de marketing que creemos que pueden ser de su inter\u00e9s.<\/p>\r\n\r\n\r\n\r\n<p>NO SEGUIR<br>Tenga en cuenta que no modificamos las pr\u00e1cticas de uso y recopilaci\u00f3n de datos de nuestro Sitio cuando vemos una se\u00f1al de No rastrear desde su navegador.<\/p>\r\n\r\n\r\n\r\n<p>TUS DERECHOS<br>Si es residente europeo, tiene derecho a acceder a la informaci\u00f3n personal que tenemos sobre usted y a solicitar que su informaci\u00f3n personal se corrija, actualice o elimine.<br>Adem\u00e1s, si usted es residente europeo, tomamos nota de que estamos procesando su informaci\u00f3n para cumplir con los contratos que podamos tener con usted (por ejemplo, si realiza un pedido a trav\u00e9s del Sitio) o, de otro modo, para perseguir nuestros intereses comerciales leg\u00edtimos enumerados anteriormente. Adem\u00e1s, tenga en cuenta que su informaci\u00f3n se transferir\u00e1 fuera de Europa, incluidos Canad\u00e1 y Estados Unidos.<\/p>\r\n\r\n\r\n\r\n<p>RETENCI\u00d3N DE DATOS<br>Cuando realiza un pedido a trav\u00e9s del Sitio, mantendremos la informaci\u00f3n de su pedido para nuestros registros.<\/p>\r\n\r\n\r\n\r\n<p>CAMBIOS<br>Podemos actualizar esta pol\u00edtica de privacidad de vez en cuando para reflejar, por ejemplo, cambios en nuestras pr\u00e1cticas o por otras razones operativas, legales o regulatorias.<\/p>\r\n\r\n\r\n\r\n<p>MENORES<br>El Sitio no est\u00e1 destinado a personas menores de 13 a\u00f1os.&nbsp;<\/p>\r\n\r\n\r\n\r\n<p>CONT\u00c1CTENOS&nbsp;<br>Para obtener m\u00e1s informaci\u00f3n sobre nuestras pr\u00e1cticas de privacidad, si tiene preguntas o si desea presentar una queja, comun\u00edquese con nosotros.<\/p>","protected":false},"excerpt":{"rendered":"<p>This Privacy Policy describes how your personal information is collected, used, and shared when you visit or make a purchase on us.&nbsp; PERSONAL INFORMATION WE COLLECTWhen you visit the Site, we automatically collect certain information about your device, including information about your web browser, IP address, time zone, and some of the cookies that are [&#8230;]\n","protected":false},"author":1,"featured_media":0,"parent":0,"menu_order":0,"comment_status":"closed","ping_status":"closed","template":"page-blank-title-center.php","meta":{"footnotes":""},"class_list":["post-3","page","type-page","status-publish","hentry"],"jetpack-related-posts":[],"jetpack_sharing_enabled":true,"_links":{"self":[{"href":"https:\/\/jttlogos.com\/es\/wp-json\/wp\/v2\/pages\/3","targetHints":{"allow":["GET"]}}],"collection":[{"href":"https:\/\/jttlogos.com\/es\/wp-json\/wp\/v2\/pages"}],"about":[{"href":"https:\/\/jttlogos.com\/es\/wp-json\/wp\/v2\/types\/page"}],"author":[{"embeddable":true,"href":"https:\/\/jttlogos.com\/es\/wp-json\/wp\/v2\/users\/1"}],"replies":[{"embeddable":true,"href":"https:\/\/jttlogos.com\/es\/wp-json\/wp\/v2\/comments?post=3"}],"version-history":[{"count":0,"href":"https:\/\/jttlogos.com\/es\/wp-json\/wp\/v2\/pages\/3\/revisions"}],"wp:attachment":[{"href":"https:\/\/jttlogos.com\/es\/wp-json\/wp\/v2\/media?parent=3"}],"curies":[{"name":"wp","href":"https:\/\/api.w.org\/{rel}","templated":true}]}}