{"id":3268,"date":"2020-05-18T16:00:56","date_gmt":"2020-05-18T16:00:56","guid":{"rendered":"https:\/\/jttlogos.com\/?page_id=3268"},"modified":"2024-03-30T08:01:36","modified_gmt":"2024-03-30T08:01:36","slug":"video-de-aplicacion-del-producto","status":"publish","type":"page","link":"https:\/\/jttlogos.com\/es\/video-of-product-application\/","title":{"rendered":"V\u00eddeo de aplicaci\u00f3n del producto"},"content":{"rendered":"<section class=\"section\" id=\"section_23051211\">\n\t\t<div class=\"bg section-bg fill bg-fill  bg-loaded\" >\n\n\t\t\t\n\t\t\t\n\t\t\t\n\n\t\t<\/div>\n\n\t\t\n\n\t\t<div class=\"section-content relative\">\n\t\t\t\n<div class=\"container section-title-container\" ><h4 class=\"section-title section-title-normal\"><b><\/b><span class=\"section-title-main\" >La aplicaci\u00f3n de una pegatina con el logotipo de metal en la cer\u00e1mica.<\/span><b><\/b><\/h4><\/div>\n<div class=\"row row-collapse row-full-width align-middle\"  id=\"row-443780244\">\n\n\t<div id=\"col-783608639\" class=\"col medium-6 small-12 large-6\"  >\n\t\t\t\t<div class=\"col-inner\"  >\n\t\t\t\n\t\t\t\n<div class=\"video video-fit mb\" style=\"padding-top:56.25%;\"><p><iframe loading=\"lazy\" title=\"La aplicaci\u00f3n de una pegatina con el logotipo de metal en la cer\u00e1mica.\" width=\"1020\" height=\"574\" src=\"https:\/\/www.youtube.com\/embed\/9fkVxfyT7Ns?feature=oembed\" frameborder=\"0\" allow=\"accelerometer; autoplay; clipboard-write; encrypted-media; gyroscope; picture-in-picture; web-share\" referrerpolicy=\"strict-origin-when-cross-origin\" allowfullscreen><\/iframe><\/p>\n<\/div>\n\t\t<\/div>\n\t\t\t\t\t<\/div>\n\n\t\n\n\t<div id=\"col-182472979\" class=\"col medium-6 small-12 large-6\"  >\n\t\t\t\t<div class=\"col-inner text-left\"  >\n\t\t\t\n\t\t\t\n<p>\u00a1Bienvenido a jttlogos.com, donde presentamos una amplia gama de pegatinas con logotipos met\u00e1licos personalizados! Nuestra colecci\u00f3n presenta una variedad de opciones, que incluyen calcoman\u00edas de metal de n\u00edquel, calcoman\u00edas de n\u00edquel de metal 3D, calcoman\u00edas de metal de acero inoxidable y calcoman\u00edas de placa de aluminio. Estas pegatinas de alta calidad son perfectas para a\u00f1adir un toque de elegancia y singularidad a sus proyectos de marca y dise\u00f1o.<\/p>\n\t\t<\/div>\n\t\t\t\t\t<\/div>\n\n\t\n<\/div>\n<div class=\"container section-title-container\" ><h4 class=\"section-title section-title-normal\"><b><\/b><span class=\"section-title-main\" >La aplicaci\u00f3n de una etiqueta adhesiva con el logotipo de metal en productos de acero inoxidable.<\/span><b><\/b><\/h4><\/div>\n<div class=\"row row-collapse row-full-width align-middle\"  id=\"row-1248079694\">\n\n\t<div id=\"col-1563370237\" class=\"col medium-6 small-12 large-6\"  >\n\t\t\t\t<div class=\"col-inner text-left\"  >\n\t\t\t\n\t\t\t\n<p>Explora nuestras pegatinas con logotipos met\u00e1licos personalizados a trav\u00e9s de nuestra galer\u00eda de v\u00eddeos, donde podr\u00e1s ver estos impresionantes productos de cerca y en acci\u00f3n. Desde el elegante acabado de nuestras calcoman\u00edas de aluminio cepillado personalizadas hasta el atractivo atractivo de nuestras calcoman\u00edas de aluminio personalizadas, nuestra presentaci\u00f3n en video le brindar\u00e1 una visi\u00f3n integral de la artesan\u00eda y la atenci\u00f3n al detalle que se pone en cada calcoman\u00eda.<\/p>\n\t\t<\/div>\n\t\t\t\t\t<\/div>\n\n\t\n\n\t<div id=\"col-737080404\" class=\"col medium-6 small-12 large-6\"  >\n\t\t\t\t<div class=\"col-inner\"  >\n\t\t\t\n\t\t\t\n<div class=\"video video-fit mb\" style=\"padding-top:56.25%;\"><p><iframe loading=\"lazy\" title=\"La aplicaci\u00f3n de una etiqueta adhesiva con el logotipo de metal en productos de acero inoxidable.\" width=\"1020\" height=\"574\" src=\"https:\/\/www.youtube.com\/embed\/ZWEnES34-po?feature=oembed\" frameborder=\"0\" allow=\"accelerometer; autoplay; clipboard-write; encrypted-media; gyroscope; picture-in-picture; web-share\" referrerpolicy=\"strict-origin-when-cross-origin\" allowfullscreen><\/iframe><\/p>\n<\/div>\n\t\t<\/div>\n\t\t\t\t\t<\/div>\n\n\t\n<\/div>\n<div class=\"container section-title-container\" ><h4 class=\"section-title section-title-normal\"><b><\/b><span class=\"section-title-main\" >La aplicaci\u00f3n de una etiqueta adhesiva con el logotipo de metal en productos de vidrio.<\/span><b><\/b><\/h4><\/div>\n<div class=\"row row-collapse row-full-width align-middle\"  id=\"row-1390574489\">\n\n\t<div id=\"col-1039448155\" class=\"col medium-6 small-12 large-6\"  >\n\t\t\t\t<div class=\"col-inner\"  >\n\t\t\t\n\t\t\t\n<div class=\"video video-fit mb\" style=\"padding-top:56.25%;\"><p><iframe loading=\"lazy\" title=\"La aplicaci\u00f3n de una etiqueta adhesiva con el logotipo de metal en productos de vidrio.\" width=\"1020\" height=\"574\" src=\"https:\/\/www.youtube.com\/embed\/hWwQIVk_eyQ?feature=oembed\" frameborder=\"0\" allow=\"accelerometer; autoplay; clipboard-write; encrypted-media; gyroscope; picture-in-picture; web-share\" referrerpolicy=\"strict-origin-when-cross-origin\" allowfullscreen><\/iframe><\/p>\n<\/div>\n\t\t<\/div>\n\t\t\t\t\t<\/div>\n\n\t\n\n\t<div id=\"col-1148340977\" class=\"col medium-6 small-12 large-6\"  >\n\t\t\t\t<div class=\"col-inner text-left\"  >\n\t\t\t\n\t\t\t\n<p>Ya sea que est\u00e9 buscando crear un dise\u00f1o personalizado o realizar un pedido al por mayor, nuestras pegatinas con logotipos met\u00e1licos personalizados est\u00e1n dise\u00f1adas para satisfacer sus necesidades espec\u00edficas. Sin requisitos de pedido m\u00ednimo y opciones de env\u00edo r\u00e1pido, le facilitamos realzar su marca con nuestras pegatinas met\u00e1licas premium.<\/p>\n\t\t<\/div>\n\t\t\t\t\t<\/div>\n\n\t\n<\/div>\n<div class=\"container section-title-container\" ><h4 class=\"section-title section-title-normal\"><b><\/b><span class=\"section-title-main\" >La aplicaci\u00f3n de una pegatina con el logotipo de metal en el cuero.<\/span><b><\/b><\/h4><\/div>\n<div class=\"row row-collapse row-full-width align-middle\"  id=\"row-1277938504\">\n\n\t<div id=\"col-283846840\" class=\"col medium-6 small-12 large-6\"  >\n\t\t\t\t<div class=\"col-inner text-left\"  >\n\t\t\t\n\t\t\t\n<p>Experimente de primera mano el brillo de nuestras pegatinas con logotipos met\u00e1licos personalizados viendo nuestro v\u00eddeo de presentaci\u00f3n. Insp\u00edrate y descubre c\u00f3mo estas pegatinas pueden mejorar tus productos, embalajes y materiales promocionales. Cont\u00e1ctenos hoy para obtener m\u00e1s informaci\u00f3n sobre nuestras pegatinas con logotipos met\u00e1licos personalizados y c\u00f3mo pueden causar una impresi\u00f3n duradera en su negocio.<\/p>\n\t\t<\/div>\n\t\t\t\t\t<\/div>\n\n\t\n\n\t<div id=\"col-1359956844\" class=\"col medium-6 small-12 large-6\"  >\n\t\t\t\t<div class=\"col-inner\"  >\n\t\t\t\n\t\t\t\n<div class=\"video video-fit mb\" style=\"padding-top:56.25%;\"><p><iframe loading=\"lazy\" title=\"La aplicaci\u00f3n de una pegatina con el logotipo de metal en el cuero.\" width=\"1020\" height=\"574\" src=\"https:\/\/www.youtube.com\/embed\/RS-6NDkGT6M?feature=oembed\" frameborder=\"0\" allow=\"accelerometer; autoplay; clipboard-write; encrypted-media; gyroscope; picture-in-picture; web-share\" referrerpolicy=\"strict-origin-when-cross-origin\" allowfullscreen><\/iframe><\/p>\n<\/div>\n\t\t<\/div>\n\t\t\t\t\t<\/div>\n\n\t\n<\/div>\n<div class=\"row align-middle\"  id=\"row-611423954\">\n\n\t<div id=\"col-1034249669\" class=\"col medium-6 small-12 large-6\"  >\n\t\t\t\t<div class=\"col-inner\"  >\n\t\t\t\n\t\t\t\n<div class=\"video video-fit mb\" style=\"padding-top:56.25%;\"><p><iframe loading=\"lazy\" title=\"La aplicaci\u00f3n de una pegatina con el logotipo de metal en una carcasa de pl\u00e1stico para altavoz bluetooth.\" width=\"1020\" height=\"574\" src=\"https:\/\/www.youtube.com\/embed\/iAw2a_8aPUY?feature=oembed\" frameborder=\"0\" allow=\"accelerometer; autoplay; clipboard-write; encrypted-media; gyroscope; picture-in-picture; web-share\" referrerpolicy=\"strict-origin-when-cross-origin\" allowfullscreen><\/iframe><\/p>\n<\/div>\n\t\t<\/div>\n\t\t\t\t\t<\/div>\n\n\t\n\n\t<div id=\"col-1596908738\" class=\"col medium-6 small-12 large-6\"  >\n\t\t\t\t<div class=\"col-inner\"  >\n\t\t\t\n\t\t\t\n<div class=\"video video-fit mb\" style=\"padding-top:56.25%;\"><p><iframe loading=\"lazy\" title=\"La aplicaci\u00f3n de una pegatina con el logotipo de metal en una carcasa de pl\u00e1stico.\" width=\"1020\" height=\"574\" src=\"https:\/\/www.youtube.com\/embed\/NQERkD6A2wo?feature=oembed\" frameborder=\"0\" allow=\"accelerometer; autoplay; clipboard-write; encrypted-media; gyroscope; picture-in-picture; web-share\" referrerpolicy=\"strict-origin-when-cross-origin\" allowfullscreen><\/iframe><\/p>\n<\/div>\n\t\t<\/div>\n\t\t\t\t\t<\/div>\n\n\t\n<\/div>\n<div class=\"row align-middle\"  id=\"row-1018827298\">\n\n\t<div id=\"col-660728486\" class=\"col medium-6 small-12 large-6\"  >\n\t\t\t\t<div class=\"col-inner\"  >\n\t\t\t\n\t\t\t\n<div class=\"video video-fit mb\" style=\"padding-top:56.25%;\"><p><iframe loading=\"lazy\" title=\"La aplicaci\u00f3n de una pegatina con el logotipo de metal sobre material pl\u00e1stico PP.\" width=\"1020\" height=\"574\" src=\"https:\/\/www.youtube.com\/embed\/yPLTcDv8SF8?feature=oembed\" frameborder=\"0\" allow=\"accelerometer; autoplay; clipboard-write; encrypted-media; gyroscope; picture-in-picture; web-share\" referrerpolicy=\"strict-origin-when-cross-origin\" allowfullscreen><\/iframe><\/p>\n<\/div>\n\t\t<\/div>\n\t\t\t\t\t<\/div>\n\n\t\n\n\t<div id=\"col-406966335\" class=\"col medium-6 small-12 large-6\"  >\n\t\t\t\t<div class=\"col-inner\"  >\n\t\t\t\n\t\t\t\n<div class=\"video video-fit mb\" style=\"padding-top:56.25%;\"><p><iframe loading=\"lazy\" title=\"La aplicaci\u00f3n de una pegatina con el logotipo de metal en un producto de aluminio.\" width=\"1020\" height=\"574\" src=\"https:\/\/www.youtube.com\/embed\/FIEnnT8K9RM?feature=oembed\" frameborder=\"0\" allow=\"accelerometer; autoplay; clipboard-write; encrypted-media; gyroscope; picture-in-picture; web-share\" referrerpolicy=\"strict-origin-when-cross-origin\" allowfullscreen><\/iframe><\/p>\n<\/div>\n\t\t<\/div>\n\t\t\t\t\t<\/div>\n\n\t\n<\/div>\n\t\t<\/div>\n\n\t\t\n<style>\n#section_23051211 {\n  padding-top: 0px;\n  padding-bottom: 0px;\n}\n@media (min-width:550px) {\n  #section_23051211 {\n    padding-top: 30px;\n    padding-bottom: 30px;\n  }\n}\n<\/style>\n\t<\/section>","protected":false},"excerpt":{"rendered":"","protected":false},"author":1,"featured_media":0,"parent":0,"menu_order":0,"comment_status":"closed","ping_status":"closed","template":"page-blank-title-center.php","meta":{"footnotes":""},"class_list":["post-3268","page","type-page","status-publish","hentry"],"jetpack-related-posts":[],"jetpack_sharing_enabled":true,"_links":{"self":[{"href":"https:\/\/jttlogos.com\/es\/wp-json\/wp\/v2\/pages\/3268","targetHints":{"allow":["GET"]}}],"collection":[{"href":"https:\/\/jttlogos.com\/es\/wp-json\/wp\/v2\/pages"}],"about":[{"href":"https:\/\/jttlogos.com\/es\/wp-json\/wp\/v2\/types\/page"}],"author":[{"embeddable":true,"href":"https:\/\/jttlogos.com\/es\/wp-json\/wp\/v2\/users\/1"}],"replies":[{"embeddable":true,"href":"https:\/\/jttlogos.com\/es\/wp-json\/wp\/v2\/comments?post=3268"}],"version-history":[{"count":0,"href":"https:\/\/jttlogos.com\/es\/wp-json\/wp\/v2\/pages\/3268\/revisions"}],"wp:attachment":[{"href":"https:\/\/jttlogos.com\/es\/wp-json\/wp\/v2\/media?parent=3268"}],"curies":[{"name":"wp","href":"https:\/\/api.w.org\/{rel}","templated":true}]}}