{"id":61,"date":"2018-02-27T14:09:50","date_gmt":"2018-02-27T14:09:50","guid":{"rendered":"https:\/\/xml-io.proteusthemes.com\/woondershop-amazon\/?page_id=61"},"modified":"2024-03-30T09:38:04","modified_gmt":"2024-03-30T09:38:04","slug":"all-categories","status":"publish","type":"page","link":"https:\/\/jttlogos.com\/es\/todas-las-categorias\/","title":{"rendered":"Departamentos"},"content":{"rendered":"<section class=\"section\" id=\"section_563424035\">\n\t\t<div class=\"bg section-bg fill bg-fill  bg-loaded\" >\n\n\t\t\t\n\t\t\t\n\t\t\t\n\n\t\t<\/div>\n\n\t\t\n\n\t\t<div class=\"section-content relative\">\n\t\t\t\n<div class=\"row\"  id=\"row-1431451352\">\n\n\t<div id=\"col-1439748286\" class=\"col small-12 large-12\"  >\n\t\t\t\t<div class=\"col-inner\"  >\n\t\t\t\n\t\t\t\n<p style=\"text-align: center;\"><strong>Bienvenido a JTT Logos: su destino para pegatinas met\u00e1licas personalizadas<\/strong><\/p>\n<p>En JTT Logos, somos una f\u00e1brica l\u00edder que se especializa en pegatinas met\u00e1licas personalizadas y ofrece una amplia gama de opciones de personalizaci\u00f3n para mejorar sus productos. Explore nuestra colecci\u00f3n de pegatinas de metal de n\u00edquel, pegatinas de metal de acero inoxidable, pegatinas de metal 3D, pegatinas de metal de malla de altavoz, pegatinas de metal de banderas de autom\u00f3viles, pegatinas de metal de palos de golf, pegatinas de metal de perfumes y pegatinas de metal de cajas de tel\u00e9fonos. Nuestros productos est\u00e1n elaborados con precisi\u00f3n y calidad, dise\u00f1ados para mejorar la est\u00e9tica de sus art\u00edculos.<\/p>\n<p>Con un compromiso con la excelencia, brindamos soluciones de calcoman\u00edas personalizadas para clientes de todo el mundo y aceptamos pedidos de cualquier pa\u00eds. Ya sea que est\u00e9 buscando etiquetas met\u00e1licas \u00fanicas, calcoman\u00edas met\u00e1licas personalizadas o calcoman\u00edas met\u00e1licas especializadas, JTT Logos es su fuente de referencia para servicios de personalizaci\u00f3n premium. Eleve su marca con nuestros productos de alta calidad y deje que sus productos brillen con sofisticaci\u00f3n y estilo.<\/p>\n<p>Experimente la diferencia con JTT Logos, donde la personalizaci\u00f3n se combina con la calidad en cada pegatina met\u00e1lica que creamos. Cont\u00e1ctenos hoy para explorar nuestra amplia gama de opciones personalizadas y transformar sus productos con nuestras pegatinas met\u00e1licas personalizadas.<\/p>\n\t\t<\/div>\n\t\t\t\t\t<\/div>\n\n\t\n<\/div>\n\t\t<\/div>\n\n\t\t\n<style>\n#section_563424035 {\n  padding-top: 30px;\n  padding-bottom: 30px;\n}\n<\/style>\n\t<\/section>\n\t\n\t<section class=\"section\" id=\"section_2062342163\">\n\t\t<div class=\"bg section-bg fill bg-fill  bg-loaded\" >\n\n\t\t\t\n\t\t\t\n\t\t\t\n\n\t\t<\/div>\n\n\t\t\n\n\t\t<div class=\"section-content relative\">\n\t\t\t\n<div class=\"row\"  id=\"row-1253865060\">\n\n\t<div id=\"col-99475843\" class=\"col medium-6 small-12 large-6\"  >\n\t\t\t\t<div class=\"col-inner\"  >\n\t\t\t\n\t\t\t\n\n  <div class=\"banner has-hover\" id=\"banner-1446036482\">\n          <div class=\"banner-inner fill\">\n        <div class=\"banner-bg fill\" >\n            <div class=\"bg fill bg-fill\"><\/div>\n                        <div class=\"overlay\"><\/div>            \n                    <\/div>\n\t\t\n        <div class=\"banner-layers container\">\n            <a class=\"fill\" href=\"https:\/\/jttlogos.com\/es\/categoria-de-producto\/pegatina-de-metal-de-niquel\/\" ><div class=\"fill banner-link\"><\/div><\/a>            \n   <div id=\"text-box-1830218742\" class=\"text-box banner-layer x5 md-x10 lg-x10 y50 md-y50 lg-y50 res-text\">\n                                <div class=\"text-box-content text dark\">\n              \n              <div class=\"text-inner text-center\">\n                  \n<h3 class=\"uppercase\">Pegatinas personalizadas de n\u00edquel metal<\/h3>\n<p>Adhesivo met\u00e1lico con logo para electrodom\u00e9sticos, m\u00f3viles, ordenadores, etc.<\/p>\n              <\/div>\n           <\/div>\n                            \n<style>\n#text-box-1830218742 {\n  width: 52%;\n}\n#text-box-1830218742 .text-box-content {\n  font-size: 100%;\n}\n@media (min-width:550px) {\n  #text-box-1830218742 {\n    width: 40%;\n  }\n}\n<\/style>\n    <\/div>\n \n        <\/div>\n      <\/div>\n\n            \n<style>\n#banner-1446036482 {\n  padding-top: 50%;\n}\n#banner-1446036482 .bg.bg-loaded {\n  background-image: url(https:\/\/i0.wp.com\/jttlogos.com\/wp-content\/uploads\/2024\/03\/JTT_Metal_Nickel_Sticker.webp?fit=625%2C300&ssl=1);\n}\n#banner-1446036482 .overlay {\n  background-color: rgba(0, 0, 0, 0.31);\n}\n#banner-1446036482 .bg {\n  background-position: 46% 43%;\n}\n<\/style>\n  <\/div>\n\n\n\t\t<\/div>\n\t\t\t\t\t<\/div>\n\n\t\n\n\t<div id=\"col-1526715822\" class=\"col medium-6 small-12 large-6\"  >\n\t\t\t\t<div class=\"col-inner\"  >\n\t\t\t\n\t\t\t\n\n  <div class=\"banner has-hover\" id=\"banner-386697405\">\n          <div class=\"banner-inner fill\">\n        <div class=\"banner-bg fill\" >\n            <div class=\"bg fill bg-fill\"><\/div>\n                        <div class=\"overlay\"><\/div>            \n                    <\/div>\n\t\t\n        <div class=\"banner-layers container\">\n            <a class=\"fill\" href=\"https:\/\/jttlogos.com\/es\/categoria-de-producto\/stainless-steel-sticker\/\" ><div class=\"fill banner-link\"><\/div><\/a>            \n   <div id=\"text-box-1581185356\" class=\"text-box banner-layer x5 md-x10 lg-x10 y50 md-y50 lg-y50 res-text\">\n                                <div class=\"text-box-content text dark\">\n              \n              <div class=\"text-inner text-center\">\n                  \n<h3 class=\"uppercase\">Etiqueta personalizada de acero inoxidable<\/h3>\n<p>Etiqueta adhesiva de metal de acero inoxidable utilizada para productos electr\u00f3nicos, embalaje de regalo<\/p>\n              <\/div>\n           <\/div>\n                            \n<style>\n#text-box-1581185356 {\n  width: 52%;\n}\n#text-box-1581185356 .text-box-content {\n  font-size: 100%;\n}\n@media (min-width:550px) {\n  #text-box-1581185356 {\n    width: 40%;\n  }\n}\n<\/style>\n    <\/div>\n \n        <\/div>\n      <\/div>\n\n            \n<style>\n#banner-386697405 {\n  padding-top: 50%;\n}\n#banner-386697405 .bg.bg-loaded {\n  background-image: url(https:\/\/i0.wp.com\/jttlogos.com\/wp-content\/uploads\/2024\/03\/Stainless_Steel_Sticker.webp?fit=625%2C300&ssl=1);\n}\n#banner-386697405 .overlay {\n  background-color: rgba(0, 0, 0, 0.31);\n}\n#banner-386697405 .bg {\n  background-position: 51% 57%;\n}\n<\/style>\n  <\/div>\n\n\n\t\t<\/div>\n\t\t\t\t\t<\/div>\n\n\t\n<\/div>\n\t\t<\/div>\n\n\t\t\n<style>\n#section_2062342163 {\n  padding-top: 30px;\n  padding-bottom: 30px;\n}\n<\/style>\n\t<\/section>\n\t\n\t<section class=\"section\" id=\"section_78581841\">\n\t\t<div class=\"bg section-bg fill bg-fill  bg-loaded\" >\n\n\t\t\t\n\t\t\t\n\t\t\t\n\n\t\t<\/div>\n\n\t\t\n\n\t\t<div class=\"section-content relative\">\n\t\t\t\n<div class=\"row\"  id=\"row-1496896837\">\n\n\t<div id=\"col-939162253\" class=\"col medium-4 small-12 large-4\"  >\n\t\t\t\t<div class=\"col-inner\"  >\n\t\t\t\n\t\t\t\n\n  <div class=\"banner has-hover\" id=\"banner-697862548\">\n          <div class=\"banner-inner fill\">\n        <div class=\"banner-bg fill\" >\n            <div class=\"bg fill bg-fill\"><\/div>\n                        <div class=\"overlay\"><\/div>            \n                    <\/div>\n\t\t\n        <div class=\"banner-layers container\">\n            <a class=\"fill\" href=\"https:\/\/jttlogos.com\/es\/categoria-de-producto\/pegatina-metalica-3d\/\" ><div class=\"fill banner-link\"><\/div><\/a>            \n   <div id=\"text-box-678242616\" class=\"text-box banner-layer x5 md-x10 lg-x10 y80 md-y65 lg-y65 res-text\">\n                                <div class=\"text-box-content text dark\">\n              \n              <div class=\"text-inner text-center\">\n                  \n<h3 class=\"uppercase\">Pegatinas met\u00e1licas 3D<\/h3>\n<p>Utilizado para productos electr\u00f3nicos, botellas de vino, maquinaria, etc.<\/p>\n              <\/div>\n           <\/div>\n                            \n<style>\n#text-box-678242616 {\n  width: 75%;\n}\n#text-box-678242616 .text-box-content {\n  font-size: 100%;\n}\n@media (min-width:550px) {\n  #text-box-678242616 {\n    width: 45%;\n  }\n}\n<\/style>\n    <\/div>\n \n        <\/div>\n      <\/div>\n\n            \n<style>\n#banner-697862548 {\n  padding-top: 60%;\n  background-color: rgb(255,255,255);\n}\n#banner-697862548 .bg.bg-loaded {\n  background-image: url(https:\/\/jttlogos.com\/wp-content\/uploads\/2024\/03\/3D_Sticker.webp);\n}\n#banner-697862548 .overlay {\n  background-color: rgba(0, 0, 0, 0.326);\n}\n#banner-697862548 .bg {\n  background-position: 57% 51%;\n}\n<\/style>\n  <\/div>\n\n\n\t\t<\/div>\n\t\t\t\t\t<\/div>\n\n\t\n\n\t<div id=\"col-1645032205\" class=\"col medium-4 small-12 large-4\"  >\n\t\t\t\t<div class=\"col-inner\"  >\n\t\t\t\n\t\t\t\n\n  <div class=\"banner has-hover\" id=\"banner-707728683\">\n          <div class=\"banner-inner fill\">\n        <div class=\"banner-bg fill\" >\n            <div class=\"bg fill bg-fill\"><\/div>\n                        <div class=\"overlay\"><\/div>            \n                    <\/div>\n\t\t\n        <div class=\"banner-layers container\">\n            <a class=\"fill\" href=\"https:\/\/jttlogos.com\/es\/categoria-de-producto\/pegatina-metalica-de-malla-de-altavoz\/\" ><div class=\"fill banner-link\"><\/div><\/a>            \n   <div id=\"text-box-1793769345\" class=\"text-box banner-layer x5 md-x10 lg-x10 y80 md-y65 lg-y65 res-text\">\n                                <div class=\"text-box-content text dark\">\n              \n              <div class=\"text-inner text-center\">\n                  \n<h3 class=\"uppercase\">Pegatinas met\u00e1licas para palos de golf<\/h3>\n<p>Adhesivo de metal utilizado para palos de golf<\/p>\n              <\/div>\n           <\/div>\n                            \n<style>\n#text-box-1793769345 {\n  width: 75%;\n}\n#text-box-1793769345 .text-box-content {\n  font-size: 100%;\n}\n@media (min-width:550px) {\n  #text-box-1793769345 {\n    width: 45%;\n  }\n}\n<\/style>\n    <\/div>\n \n        <\/div>\n      <\/div>\n\n            \n<style>\n#banner-707728683 {\n  padding-top: 60%;\n  background-color: rgb(255,255,255);\n}\n#banner-707728683 .bg.bg-loaded {\n  background-image: url(https:\/\/jttlogos.com\/wp-content\/uploads\/2024\/03\/Golf_Clubs_Metal_Sticker.webp);\n}\n#banner-707728683 .overlay {\n  background-color: rgba(0, 0, 0, 0.326);\n}\n#banner-707728683 .bg {\n  background-position: 57% 51%;\n}\n<\/style>\n  <\/div>\n\n\n\t\t<\/div>\n\t\t\t\t\t<\/div>\n\n\t\n\n\t<div id=\"col-544520862\" class=\"col medium-4 small-12 large-4\"  >\n\t\t\t\t<div class=\"col-inner\"  >\n\t\t\t\n\t\t\t\n\n  <div class=\"banner has-hover\" id=\"banner-139371472\">\n          <div class=\"banner-inner fill\">\n        <div class=\"banner-bg fill\" >\n            <div class=\"bg fill bg-fill\"><\/div>\n                        <div class=\"overlay\"><\/div>            \n                    <\/div>\n\t\t\n        <div class=\"banner-layers container\">\n            <a class=\"fill\" href=\"https:\/\/jttlogos.com\/es\/categoria-de-producto\/etiqueta-engomada-del-metal-de-las-banderas-del-coche\/\" ><div class=\"fill banner-link\"><\/div><\/a>            \n   <div id=\"text-box-249385562\" class=\"text-box banner-layer x5 md-x10 lg-x10 y80 md-y65 lg-y65 res-text\">\n                                <div class=\"text-box-content text dark\">\n              \n              <div class=\"text-inner text-center\">\n                  \n<h3 class=\"uppercase\">Pegatinas met\u00e1licas de malla para altavoz<\/h3>\n<p>Utilizado para tel\u00e9fonos, tabletas, equipos de audio, etc.<\/p>\n              <\/div>\n           <\/div>\n                            \n<style>\n#text-box-249385562 {\n  width: 75%;\n}\n#text-box-249385562 .text-box-content {\n  font-size: 100%;\n}\n@media (min-width:550px) {\n  #text-box-249385562 {\n    width: 45%;\n  }\n}\n<\/style>\n    <\/div>\n \n        <\/div>\n      <\/div>\n\n            \n<style>\n#banner-139371472 {\n  padding-top: 60%;\n  background-color: rgb(255,255,255);\n}\n#banner-139371472 .bg.bg-loaded {\n  background-image: url(https:\/\/jttlogos.com\/wp-content\/uploads\/2024\/03\/Speaker_Mesh.webp);\n}\n#banner-139371472 .overlay {\n  background-color: rgba(0, 0, 0, 0.326);\n}\n#banner-139371472 .bg {\n  background-position: 57% 51%;\n}\n<\/style>\n  <\/div>\n\n\n\t\t<\/div>\n\t\t\t\t\t<\/div>\n\n\t\n\n\t<div id=\"col-1480200260\" class=\"col medium-4 small-12 large-4\"  >\n\t\t\t\t<div class=\"col-inner\"  >\n\t\t\t\n\t\t\t\n\n  <div class=\"banner has-hover\" id=\"banner-1835163715\">\n          <div class=\"banner-inner fill\">\n        <div class=\"banner-bg fill\" >\n            <div class=\"bg fill bg-fill\"><\/div>\n                        <div class=\"overlay\"><\/div>            \n                    <\/div>\n\t\t\n        <div class=\"banner-layers container\">\n            <a class=\"fill\" href=\"https:\/\/jttlogos.com\/es\/categoria-de-producto\/pegatina-de-metal-para-palos-de-golf\/\" ><div class=\"fill banner-link\"><\/div><\/a>            \n   <div id=\"text-box-2119467952\" class=\"text-box banner-layer x5 md-x10 lg-x10 y80 md-y65 lg-y65 res-text\">\n                                <div class=\"text-box-content text dark\">\n              \n              <div class=\"text-inner text-center\">\n                  \n<h3 class=\"uppercase\">Pegatinas met\u00e1licas de perfumes<\/h3>\n<p>Adhesivo para frascos de perfume.<br \/>\ny botellas de cosm\u00e9ticos<\/p>\n              <\/div>\n           <\/div>\n                            \n<style>\n#text-box-2119467952 {\n  width: 75%;\n}\n#text-box-2119467952 .text-box-content {\n  font-size: 100%;\n}\n@media (min-width:550px) {\n  #text-box-2119467952 {\n    width: 45%;\n  }\n}\n<\/style>\n    <\/div>\n \n        <\/div>\n      <\/div>\n\n            \n<style>\n#banner-1835163715 {\n  padding-top: 60%;\n  background-color: rgb(255,255,255);\n}\n#banner-1835163715 .bg.bg-loaded {\n  background-image: url(https:\/\/jttlogos.com\/wp-content\/uploads\/2024\/03\/Perfume_Sticker.webp);\n}\n#banner-1835163715 .overlay {\n  background-color: rgba(0, 0, 0, 0.326);\n}\n#banner-1835163715 .bg {\n  background-position: 57% 51%;\n}\n<\/style>\n  <\/div>\n\n\n\t\t<\/div>\n\t\t\t\t\t<\/div>\n\n\t\n\n\t<div id=\"col-824746483\" class=\"col medium-4 small-12 large-4\"  >\n\t\t\t\t<div class=\"col-inner\"  >\n\t\t\t\n\t\t\t\n\n  <div class=\"banner has-hover\" id=\"banner-1476727011\">\n          <div class=\"banner-inner fill\">\n        <div class=\"banner-bg fill\" >\n            <div class=\"bg fill bg-fill\"><\/div>\n                        <div class=\"overlay\"><\/div>            \n                    <\/div>\n\t\t\n        <div class=\"banner-layers container\">\n            <a class=\"fill\" href=\"https:\/\/jttlogos.com\/es\/categoria-de-producto\/etiqueta-engomada-del-metal-del-perfume\/\" ><div class=\"fill banner-link\"><\/div><\/a>            \n   <div id=\"text-box-353502094\" class=\"text-box banner-layer x5 md-x10 lg-x10 y80 md-y65 lg-y65 res-text\">\n                                <div class=\"text-box-content text dark\">\n              \n              <div class=\"text-inner text-center\">\n                  \n<h3 class=\"uppercase\">Pegatinas de metal con banderas de coche<\/h3>\n<p>Adhesivo de metal utilizado para banderas de coches.<\/p>\n              <\/div>\n           <\/div>\n                            \n<style>\n#text-box-353502094 {\n  width: 75%;\n}\n#text-box-353502094 .text-box-content {\n  font-size: 100%;\n}\n@media (min-width:550px) {\n  #text-box-353502094 {\n    width: 45%;\n  }\n}\n<\/style>\n    <\/div>\n \n        <\/div>\n      <\/div>\n\n            \n<style>\n#banner-1476727011 {\n  padding-top: 60%;\n  background-color: rgb(255,255,255);\n}\n#banner-1476727011 .bg.bg-loaded {\n  background-image: url(https:\/\/jttlogos.com\/wp-content\/uploads\/2024\/03\/Car_Flags_Metal_Sticker.webp);\n}\n#banner-1476727011 .overlay {\n  background-color: rgba(0, 0, 0, 0.326);\n}\n#banner-1476727011 .bg {\n  background-position: 57% 51%;\n}\n<\/style>\n  <\/div>\n\n\n\t\t<\/div>\n\t\t\t\t\t<\/div>\n\n\t\n\n\t<div id=\"col-267788339\" class=\"col medium-4 small-12 large-4\"  >\n\t\t\t\t<div class=\"col-inner\"  >\n\t\t\t\n\t\t\t\n\n  <div class=\"banner has-hover\" id=\"banner-1977930063\">\n          <div class=\"banner-inner fill\">\n        <div class=\"banner-bg fill\" >\n            <div class=\"bg fill bg-fill\"><\/div>\n                        <div class=\"overlay\"><\/div>            \n                    <\/div>\n\t\t\n        <div class=\"banner-layers container\">\n            <a class=\"fill\" href=\"https:\/\/jttlogos.com\/es\/categoria-de-producto\/etiqueta-engomada-del-metal-de-la-caja-del-telefono\/\" ><div class=\"fill banner-link\"><\/div><\/a>            \n   <div id=\"text-box-760357861\" class=\"text-box banner-layer x5 md-x10 lg-x10 y80 md-y65 lg-y65 res-text\">\n                                <div class=\"text-box-content text dark\">\n              \n              <div class=\"text-inner text-center\">\n                  \n<h3 class=\"uppercase\">Pegatinas de metal para caja de tel\u00e9fono<\/h3>\n<p>Adhesivo de metal utilizado para la funda del tel\u00e9fono.<\/p>\n              <\/div>\n           <\/div>\n                            \n<style>\n#text-box-760357861 {\n  width: 75%;\n}\n#text-box-760357861 .text-box-content {\n  font-size: 100%;\n}\n@media (min-width:550px) {\n  #text-box-760357861 {\n    width: 45%;\n  }\n}\n<\/style>\n    <\/div>\n \n        <\/div>\n      <\/div>\n\n            \n<style>\n#banner-1977930063 {\n  padding-top: 60%;\n  background-color: rgb(255,255,255);\n}\n#banner-1977930063 .bg.bg-loaded {\n  background-image: url(https:\/\/jttlogos.com\/wp-content\/uploads\/2024\/03\/Phone_Case_Sticker.webp);\n}\n#banner-1977930063 .overlay {\n  background-color: rgba(0, 0, 0, 0.326);\n}\n#banner-1977930063 .bg {\n  background-position: 57% 51%;\n}\n<\/style>\n  <\/div>\n\n\n\t\t<\/div>\n\t\t\t\t\t<\/div>\n\n\t\n<\/div>\n\t\t<\/div>\n\n\t\t\n<style>\n#section_78581841 {\n  padding-top: 25px;\n  padding-bottom: 25px;\n  margin-bottom: -25px;\n}\n@media (min-width:850px) {\n  #section_78581841 {\n    padding-top: 40px;\n    padding-bottom: 40px;\n  }\n}\n<\/style>\n\t<\/section>","protected":false},"excerpt":{"rendered":"","protected":false},"author":1,"featured_media":2327,"parent":0,"menu_order":0,"comment_status":"closed","ping_status":"closed","template":"","meta":{"footnotes":""},"class_list":["post-61","page","type-page","status-publish","has-post-thumbnail","hentry"],"jetpack-related-posts":[],"jetpack_sharing_enabled":true,"_links":{"self":[{"href":"https:\/\/jttlogos.com\/es\/wp-json\/wp\/v2\/pages\/61","targetHints":{"allow":["GET"]}}],"collection":[{"href":"https:\/\/jttlogos.com\/es\/wp-json\/wp\/v2\/pages"}],"about":[{"href":"https:\/\/jttlogos.com\/es\/wp-json\/wp\/v2\/types\/page"}],"author":[{"embeddable":true,"href":"https:\/\/jttlogos.com\/es\/wp-json\/wp\/v2\/users\/1"}],"replies":[{"embeddable":true,"href":"https:\/\/jttlogos.com\/es\/wp-json\/wp\/v2\/comments?post=61"}],"version-history":[{"count":0,"href":"https:\/\/jttlogos.com\/es\/wp-json\/wp\/v2\/pages\/61\/revisions"}],"wp:featuredmedia":[{"embeddable":true,"href":"https:\/\/jttlogos.com\/es\/wp-json\/wp\/v2\/media\/2327"}],"wp:attachment":[{"href":"https:\/\/jttlogos.com\/es\/wp-json\/wp\/v2\/media?parent=61"}],"curies":[{"name":"wp","href":"https:\/\/api.w.org\/{rel}","templated":true}]}}