{"id":2665,"date":"2020-05-14T03:44:34","date_gmt":"2020-05-14T03:44:34","guid":{"rendered":"https:\/\/jttlogos.com\/?post_type=product&#038;p=2665"},"modified":"2024-03-31T15:05:57","modified_gmt":"2024-03-31T15:05:57","slug":"manufacture-custom-letters-logo-waterproof-adhesive-electroforming-metal-shining-nickel-3m-stickers-for-machine-phone-household-appliances","status":"publish","type":"product","link":"https:\/\/jttlogos.com\/es\/producto\/fabricacion-de-letras-personalizadas-logotipo-adhesivo-impermeable-electroformado-metal-niquel-brillante-pegatinas-de-3m-para-maquina-telefono-electrodomesticos\/","title":{"rendered":"Fabricaci\u00f3n de letras personalizadas, logotipo, adhesivo impermeable, electroformado, metal, n\u00edquel brillante, pegatinas 3M para m\u00e1quina, tel\u00e9fono, electrodom\u00e9sticos"},"content":{"rendered":"<div id=\"pl-2665\" class=\"panel-layout\">\n<div id=\"pg-2665-0\" class=\"panel-grid panel-no-style\" data-style=\"{&quot;background_image_attachment&quot;:false,&quot;background_display&quot;:&quot;tile&quot;,&quot;gutter&quot;:&quot;50px&quot;,&quot;collapse_order&quot;:&quot;right-top&quot;,&quot;cell_alignment&quot;:&quot;center&quot;}\">\n<div id=\"pgc-2665-0-0\" class=\"panel-grid-cell\" data-weight=\"0.5\">\n<div id=\"panel-2665-0-0-0\" class=\"so-panel widget widget_sow-editor panel-first-child panel-last-child\" data-index=\"0\" data-style=\"{&quot;padding&quot;:&quot;0px 0px 30px 0px&quot;,&quot;mobile_padding&quot;:&quot;4px 4px 4px 4px&quot;,&quot;background_image_attachment&quot;:false,&quot;background_display&quot;:&quot;tile&quot;}\">\n<div class=\"panel-widget-style panel-widget-style-for-2665-0-0-0\">\n<div class=\"so-widget-sow-editor so-widget-sow-editor-base\">\n<div class=\"siteorigin-widget-tinymce textwidget\">\n<p><strong>Art\u00edculo:<a href=\"https:\/\/jttlogos.com\/es\/categoria-de-producto\/pegatina-de-metal-de-niquel\/\">Pegatinas de metal y n\u00edquel.<\/a><\/strong><br \/>\n<strong>Material:<\/strong>Metal, 100%n\u00edquel<br \/>\n<strong>T\u00e9cnica:<\/strong>galvanoplastia<br \/>\n<strong>Espesor:<\/strong>0,045-0,12 mm<br \/>\n<strong>Tama\u00f1o\/Color:<\/strong> Personalizado de cualquier tama\u00f1o, forma y color.<br \/>\n<strong>Pegamento:<\/strong> Adhesivo 3M, pegamento termofusible 3M, autoadhesivo de doble cara<br \/>\n<strong>Uso:<\/strong>Tel\u00e9fonos m\u00f3viles, fundas para tel\u00e9fonos m\u00f3viles, electrodom\u00e9sticos, productos electr\u00f3nicos, cajas de regalo, autom\u00f3viles, maquinaria y muchos otros campos.<br \/>\n<strong>Certificaci\u00f3n:<\/strong> SGS, ROHS, MSDS<br \/>\n<strong>El tiempo de entrega:<\/strong> 1 d\u00eda para nuestras muestras existentes como referencia. Entrega r\u00e1pida de 3 a 5 d\u00edas para hacer muestras, el tiempo de producci\u00f3n en masa depende de la cantidad del pedido<br \/>\n<strong>Pago:<\/strong> T\/T 30% como dep\u00f3sito y saldo antes de la entrega<br \/>\n<strong>Embalaje:<\/strong> Bolsa de paquete OPP<br \/>\n<strong>Env\u00edo:<\/strong> Por mar, por aire, por DHL o por UPS u otro expreso<br \/>\n<strong>Plazo de pago: <\/strong>Pago con tarjeta de cr\u00e9dito, Paypal, transferencia bancaria, Western Union, L\/C, T\/T, pedido de garant\u00eda comercial de Alibaba, etc.<br \/>\n<strong>Formato de obra de arte:<\/strong> AI, PDF, CDR, CAD u otros<\/p>\n<\/div>\n<\/div>\n<\/div>\n<\/div>\n<\/div>\n<div id=\"pgc-2665-0-1\" class=\"panel-grid-cell\" data-weight=\"0.5\">\n<div id=\"panel-2665-0-1-0\" class=\"so-panel widget widget_sow-editor panel-first-child panel-last-child\" data-index=\"1\" data-style=\"{&quot;padding&quot;:&quot;0px 0px 30px 0px&quot;,&quot;mobile_padding&quot;:&quot;0px 0px 0px 0px&quot;,&quot;background_image_attachment&quot;:false,&quot;background_display&quot;:&quot;tile&quot;}\">\n<div class=\"panel-widget-style panel-widget-style-for-2665-0-1-0\">\n<div class=\"so-widget-sow-editor so-widget-sow-editor-base\">\n<div class=\"siteorigin-widget-tinymce textwidget\">\n<p><iframe loading=\"lazy\" title=\"Etiqueta autoadhesiva de metal autoadhesiva personalizada impermeable para ordenador port\u00e1til con logotipo de metal y n\u00edquel para coche 3d\" width=\"1020\" height=\"574\" src=\"https:\/\/www.youtube.com\/embed\/UxDT10fRCBg?feature=oembed\" frameborder=\"0\" allow=\"accelerometer; autoplay; clipboard-write; encrypted-media; gyroscope; picture-in-picture; web-share\" referrerpolicy=\"strict-origin-when-cross-origin\" allowfullscreen><\/iframe><\/p>\n<\/div>\n<\/div>\n<\/div>\n<\/div>\n<\/div>\n<\/div>\n<div id=\"pg-2665-1\" class=\"panel-grid panel-has-style\" data-style=\"{&quot;padding&quot;:&quot;0px 0px 30px 0px&quot;,&quot;mobile_padding&quot;:&quot;0px 0px 0px 0px&quot;,&quot;background_image_attachment&quot;:false,&quot;background_display&quot;:&quot;tile&quot;,&quot;gutter&quot;:&quot;50px&quot;,&quot;cell_alignment&quot;:&quot;center&quot;}\">\n<div class=\"panel-row-style panel-row-style-for-2665-1\">\n<div id=\"pgc-2665-1-0\" class=\"panel-grid-cell\" data-weight=\"0.5\">\n<div id=\"panel-2665-1-0-0\" class=\"so-panel widget widget_sow-editor panel-first-child panel-last-child\" data-index=\"2\" data-style=\"{&quot;padding&quot;:&quot;0px 0px 0px 0px&quot;,&quot;background_image_attachment&quot;:false,&quot;background_display&quot;:&quot;tile&quot;}\">\n<div class=\"panel-widget-style panel-widget-style-for-2665-1-0-0\">\n<div class=\"so-widget-sow-editor so-widget-sow-editor-base\">\n<div class=\"siteorigin-widget-tinymce textwidget\">\n<p><img data-recalc-dims=\"1\" decoding=\"async\" class=\"size-full wp-image-1418\" src=\"https:\/\/i0.wp.com\/jttlogos.com\/wp-content\/uploads\/2020\/05\/photobank-4.jpg?resize=600%2C450&#038;ssl=1\" alt=\"marcador de posici\u00f3n\" width=\"600\" height=\"450\" title=\"\"><\/p>\n<\/div>\n<\/div>\n<\/div>\n<\/div>\n<\/div>\n<div id=\"pgc-2665-1-1\" class=\"panel-grid-cell\" data-weight=\"0.5\">\n<div id=\"panel-2665-1-1-0\" class=\"so-panel widget widget_sow-editor panel-first-child panel-last-child\" data-index=\"3\" data-style=\"{&quot;padding&quot;:&quot;0px 0px 0px 0px&quot;,&quot;mobile_padding&quot;:&quot;0px 0px 0px 0px&quot;,&quot;background_image_attachment&quot;:false,&quot;background_display&quot;:&quot;tile&quot;}\">\n<div class=\"panel-widget-style panel-widget-style-for-2665-1-1-0\">\n<div class=\"so-widget-sow-editor so-widget-sow-editor-base\">\n<div class=\"siteorigin-widget-tinymce textwidget\">\n<div class=\"do-entry do-entry-full\">\n<div class=\"do-entry-title\"><strong>Capacidad de suministro: 7<\/strong>00000 pieza\/piezas por d\u00eda<\/div>\n<div><\/div>\n<\/div>\n<div class=\"do-entry do-entry-full\">\n<div class=\"do-entry-title\" data-spm-anchor-id=\"a2700.details.prilinga1e.i2.29725d4bShCavX\"><strong>Empaquetado y entrega<\/strong><\/div>\n<div class=\"do-entry-title\" data-spm-anchor-id=\"a2700.details.prilinga1e.i2.29725d4bShCavX\"><strong>Detalles del empaque: <a href=\"https:\/\/jttlogos.com\/es\/categoria-de-producto\/pegatina-de-metal-de-niquel\/\">Pegatinas met\u00e1licas con logotipo fino de n\u00edquel.<\/a><\/strong> Se empaqueta en una bolsa de paquete OPP gratuita.<\/div>\n<div class=\"do-entry-list\">\n<dl class=\"do-entry-item\">\n<dt class=\"do-entry-item-key\" title=\"Puerto\"><strong>Puerto:<\/strong>Sh\u00e9nzhen<\/dt>\n<\/dl>\n<dl class=\"do-entry-item\">\n<dt class=\"name mk-name\" title=\"Tiempo de espera\">\u00bfTiempo de espera?<i class=\"next-icon next-icon-help next-icon-xs js-leadtimes-tips\"><\/i>:<\/dt>\n<dd class=\"do-entry-item-val\" title=\"Tiempo de espera\" data-spm-anchor-id=\"a2700.details.prilinga1e.i3.29725d4bShCavX\">\n<table class=\"supply-ability-table ui2-table ui2-table-normal ui2-table-zebra ui2-table-hover\">\n<tbody>\n<tr>\n<td>Cantidad (piezas)<\/td>\n<td>1 &#8211; 100<\/td>\n<td>101 &#8211; 50000<\/td>\n<td>50001 &#8211; 100000<\/td>\n<td>&gt;100000<\/td>\n<\/tr>\n<tr>\n<td>Est. Tiempo (d\u00edas)<\/td>\n<td>3<\/td>\n<td>5<\/td>\n<td>10<\/td>\n<td>Ser negociado<\/td>\n<\/tr>\n<\/tbody>\n<\/table>\n<\/dd>\n<\/dl>\n<\/div>\n<\/div>\n<\/div>\n<\/div>\n<\/div>\n<\/div>\n<\/div>\n<\/div>\n<\/div>\n<div id=\"pg-2665-2\" class=\"panel-grid panel-has-style\" data-style=\"{&quot;padding&quot;:&quot;0px 0px 33px 0px&quot;,&quot;mobile_padding&quot;:&quot;0px 0px 13px 0px&quot;,&quot;background_image_attachment&quot;:false,&quot;background_display&quot;:&quot;tile&quot;,&quot;gutter&quot;:&quot;40px&quot;,&quot;cell_alignment&quot;:&quot;flex-start&quot;}\" data-ratio=\"1\" data-ratio-direction=\"right\">\n<div class=\"panel-row-style panel-row-style-for-2665-2\">\n<div id=\"pgc-2665-2-0\" class=\"panel-grid-cell\" data-weight=\"0.5\">\n<div id=\"panel-2665-2-0-0\" class=\"so-panel widget widget_sow-editor panel-first-child\" data-index=\"4\" data-style=\"{&quot;widget_css&quot;:&quot;margin-bottom: -10px;\\n&quot;,&quot;padding&quot;:&quot;0px 0px 0px 0px&quot;,&quot;background_image_attachment&quot;:false,&quot;background_display&quot;:&quot;tile&quot;,&quot;margin&quot;:&quot;0px 0px 0px 0px&quot;}\">\n<div class=\"panel-widget-style panel-widget-style-for-2665-2-0-0\">\n<div class=\"so-widget-sow-editor so-widget-sow-editor-base\">\n<div class=\"siteorigin-widget-tinymce textwidget\">\n<p><img data-recalc-dims=\"1\" decoding=\"async\" class=\"aligncenter size-full wp-image-1417\" src=\"https:\/\/i0.wp.com\/jttlogos.com\/wp-content\/uploads\/2020\/05\/JTT-application-scenarios.jpg?resize=600%2C600&#038;ssl=1\" alt=\"marcador de posici\u00f3n\" width=\"600\" height=\"600\" title=\"\"><\/p>\n<\/div>\n<\/div>\n<\/div>\n<\/div>\n<div id=\"panel-2665-2-0-1\" class=\"so-panel widget widget_sow-editor\" data-index=\"5\" data-style=\"{&quot;padding&quot;:&quot;0px 0px 30px 0px&quot;,&quot;mobile_padding&quot;:&quot;0px 0px 14px 0px&quot;,&quot;background_image_attachment&quot;:false,&quot;background_display&quot;:&quot;tile&quot;}\">\n<div class=\"panel-widget-style panel-widget-style-for-2665-2-0-1\">\n<div class=\"so-widget-sow-editor so-widget-sow-editor-base\">\n<div class=\"siteorigin-widget-tinymce textwidget\">\n<h3 style=\"margin-bottom: 17px;\">Aplicaci\u00f3n de <a href=\"https:\/\/jttlogos.com\/es\/\">Pegatinas met\u00e1licas<\/a><\/h3>\n<p>Negocio principal de JTT: <a href=\"https:\/\/jttlogos.com\/es\/categoria-de-producto\/pegatina-de-metal-de-niquel\/\"><strong>Pegatinas con logotipo de n\u00edquel metal<\/strong><\/a>, <a href=\"https:\/\/jttlogos.com\/es\/categoria-de-producto\/pegatina-de-metal-de-acero-inoxidable\/\"><strong>Pegatinas con logotipo de metal de acero inoxidable<\/strong><\/a>, <a href=\"https:\/\/jttlogos.com\/es\/categoria-de-producto\/pegatina-metalica-3d\/\"><strong>Pegatinas con logotipo de metal electroformado en 3D<\/strong><\/a>, <a href=\"https:\/\/jttlogos.com\/es\/categoria-de-producto\/pegatina-metalica-de-malla-de-altavoz\/\"><strong>Pegatinas met\u00e1licas de malla para altavoz<\/strong><\/a>. Producimos pegatinas met\u00e1licas para tel\u00e9fonos m\u00f3viles, fundas para tel\u00e9fonos m\u00f3viles, electrodom\u00e9sticos, productos electr\u00f3nicos, cajas de regalo, autom\u00f3viles, maquinaria y muchos otros campos.<\/p>\n<\/div>\n<\/div>\n<\/div>\n<\/div>\n<div id=\"panel-2665-2-0-2\" class=\"so-panel widget widget_sow-editor\" data-index=\"6\" data-style=\"{&quot;widget_css&quot;:&quot;margin-bottom: -10px;\\n&quot;,&quot;padding&quot;:&quot;0px 0px 0px 0px&quot;,&quot;background_image_attachment&quot;:false,&quot;background_display&quot;:&quot;tile&quot;,&quot;margin&quot;:&quot;0px 0px 0px 0px&quot;}\">\n<div class=\"panel-widget-style panel-widget-style-for-2665-2-0-2\">\n<div class=\"so-widget-sow-editor so-widget-sow-editor-base\">\n<div class=\"siteorigin-widget-tinymce textwidget\"><img data-recalc-dims=\"1\" decoding=\"async\" class=\"aligncenter size-full wp-image-1417\" src=\"https:\/\/i0.wp.com\/jttlogos.com\/wp-content\/uploads\/2020\/05\/JTT-productive-process.jpg?resize=600%2C600&#038;ssl=1\" alt=\"marcador de posici\u00f3n\" width=\"600\" height=\"600\" title=\"\"><\/div>\n<\/div>\n<\/div>\n<\/div>\n<div id=\"panel-2665-2-0-3\" class=\"so-panel widget widget_sow-editor panel-last-child\" data-index=\"7\" data-style=\"{&quot;padding&quot;:&quot;0px 0px 30px 0px&quot;,&quot;mobile_padding&quot;:&quot;0px 0px 14px 0px&quot;,&quot;background_image_attachment&quot;:false,&quot;background_display&quot;:&quot;tile&quot;}\">\n<div class=\"panel-widget-style panel-widget-style-for-2665-2-0-3\">\n<div class=\"so-widget-sow-editor so-widget-sow-editor-base\">\n<div class=\"siteorigin-widget-tinymce textwidget\">\n<h4><strong>Proceso Productivo: <\/strong>Etiqueta engomada del metal del n\u00edquel<\/h4>\n<p>Hacer pel\u00edcula \u2192? Placa de acero limpia \u2192? Capa de tinta de impresi\u00f3n aislante \u2192? Imagen de exposici\u00f3n \u2192? Galvanoplastia \u2192? Transferir pel\u00edcula y agregar pegamento \u2192? Pel\u00edcula de superposici\u00f3n \u2192? Control de calidad \u2192? Embalaje<\/p>\n<\/div>\n<\/div>\n<\/div>\n<\/div>\n<\/div>\n<div id=\"pgc-2665-2-1\" class=\"panel-grid-cell\" data-weight=\"0.5\">\n<div id=\"panel-2665-2-1-0\" class=\"so-panel widget widget_sow-editor panel-first-child\" data-index=\"8\" data-style=\"{&quot;widget_css&quot;:&quot;margin-bottom: -10px;\\n&quot;,&quot;padding&quot;:&quot;0px 0px 0px 0px&quot;,&quot;background_image_attachment&quot;:false,&quot;background_display&quot;:&quot;tile&quot;,&quot;margin&quot;:&quot;0px 0px 0px 0px&quot;}\">\n<div class=\"panel-widget-style panel-widget-style-for-2665-2-1-0\">\n<div class=\"so-widget-sow-editor so-widget-sow-editor-base\">\n<div class=\"siteorigin-widget-tinymce textwidget\">\n<p><img data-recalc-dims=\"1\" decoding=\"async\" class=\"aligncenter size-full wp-image-1417\" src=\"https:\/\/i0.wp.com\/jttlogos.com\/wp-content\/uploads\/2020\/05\/jtt-company-advantage-1.jpg?resize=600%2C600&#038;ssl=1\" alt=\"marcador de posici\u00f3n\" width=\"600\" height=\"600\" title=\"\"><\/p>\n<\/div>\n<\/div>\n<\/div>\n<\/div>\n<div id=\"panel-2665-2-1-1\" class=\"so-panel widget widget_sow-editor\" data-index=\"9\" data-style=\"{&quot;padding&quot;:&quot;0px 0px 30px 0px&quot;,&quot;mobile_padding&quot;:&quot;0px 0px 14px 0px&quot;,&quot;background_image_attachment&quot;:false,&quot;background_display&quot;:&quot;tile&quot;}\">\n<div class=\"panel-widget-style panel-widget-style-for-2665-2-1-1\">\n<div class=\"so-widget-sow-editor so-widget-sow-editor-base\">\n<div class=\"siteorigin-widget-tinymce textwidget\">\n<h3 style=\"margin-bottom: 17px;\">\u00bfPOR QU\u00c9 ELEGIRNOS?<\/h3>\n<p>1. Precio m\u00e1s competitivo y alta calidad.<br \/>\n2. Fuerte equipo de I+D y estricto sistema de control de calidad.<br \/>\n3.Entrega oportuna<br \/>\n4. Satisfacci\u00f3n absoluta garantizada: le ofreceremos el mejor valor por su dinero sin ning\u00fan desperdicio.<\/p>\n<\/div>\n<\/div>\n<\/div>\n<\/div>\n<div id=\"panel-2665-2-1-2\" class=\"so-panel widget widget_sow-editor\" data-index=\"10\" data-style=\"{&quot;widget_css&quot;:&quot;margin-bottom: -10px;\\n&quot;,&quot;padding&quot;:&quot;0px 0px 0px 0px&quot;,&quot;background_image_attachment&quot;:false,&quot;background_display&quot;:&quot;tile&quot;,&quot;margin&quot;:&quot;0px 0px 0px 0px&quot;}\">\n<div class=\"panel-widget-style panel-widget-style-for-2665-2-1-2\">\n<div class=\"so-widget-sow-editor so-widget-sow-editor-base\">\n<div class=\"siteorigin-widget-tinymce textwidget\">\n<p><img data-recalc-dims=\"1\" decoding=\"async\" class=\"aligncenter size-full wp-image-1417\" src=\"https:\/\/i0.wp.com\/jttlogos.com\/wp-content\/uploads\/2020\/05\/Certification-JTT.jpg?resize=600%2C600&#038;ssl=1\" alt=\"marcador de posici\u00f3n\" width=\"600\" height=\"600\" title=\"\"><\/p>\n<\/div>\n<\/div>\n<\/div>\n<\/div>\n<div id=\"panel-2665-2-1-3\" class=\"so-panel widget widget_sow-editor panel-last-child\" data-index=\"11\" data-style=\"{&quot;padding&quot;:&quot;0px 0px 30px 0px&quot;,&quot;mobile_padding&quot;:&quot;0px 0px 14px 0px&quot;,&quot;background_image_attachment&quot;:false,&quot;background_display&quot;:&quot;tile&quot;}\">\n<div class=\"panel-widget-style panel-widget-style-for-2665-2-1-3\">\n<div class=\"so-widget-sow-editor so-widget-sow-editor-base\">\n<div class=\"siteorigin-widget-tinymce textwidget\">\n<h3><strong>Certificaci\u00f3n SGS, ROHS, MSDS<\/strong><\/h3>\n<\/div>\n<\/div>\n<\/div>\n<\/div>\n<\/div>\n<\/div>\n<\/div>\n<\/div>","protected":false},"excerpt":{"rendered":"<p>JTT es un proveedor y fabricante l\u00edder mundial de adhesivos de metal, adhesivos de n\u00edquel, adhesivos de acero inoxidable, adhesivos de metal 3D y altavoces de malla, especializado en esta industria desde hace m\u00e1s de 14 a\u00f1os.<\/p>\n<p>El precio espec\u00edfico est\u00e1 determinado por el producto.<\/p>","protected":false},"featured_media":2030,"comment_status":"open","ping_status":"closed","template":"","meta":[],"product_brand":[],"product_cat":[48,951],"product_tag":[],"class_list":{"0":"post-2665","1":"product","2":"type-product","3":"status-publish","4":"has-post-thumbnail","6":"product_cat-nickel-metal-sticker","7":"product_cat-recommend-products","9":"first","10":"instock","11":"shipping-taxable","12":"product-type-simple"},"jetpack-related-posts":[],"jetpack_sharing_enabled":true,"_links":{"self":[{"href":"https:\/\/jttlogos.com\/es\/wp-json\/wp\/v2\/product\/2665","targetHints":{"allow":["GET"]}}],"collection":[{"href":"https:\/\/jttlogos.com\/es\/wp-json\/wp\/v2\/product"}],"about":[{"href":"https:\/\/jttlogos.com\/es\/wp-json\/wp\/v2\/types\/product"}],"replies":[{"embeddable":true,"href":"https:\/\/jttlogos.com\/es\/wp-json\/wp\/v2\/comments?post=2665"}],"wp:featuredmedia":[{"embeddable":true,"href":"https:\/\/jttlogos.com\/es\/wp-json\/wp\/v2\/media\/2030"}],"wp:attachment":[{"href":"https:\/\/jttlogos.com\/es\/wp-json\/wp\/v2\/media?parent=2665"}],"wp:term":[{"taxonomy":"product_brand","embeddable":true,"href":"https:\/\/jttlogos.com\/es\/wp-json\/wp\/v2\/product_brand?post=2665"},{"taxonomy":"product_cat","embeddable":true,"href":"https:\/\/jttlogos.com\/es\/wp-json\/wp\/v2\/product_cat?post=2665"},{"taxonomy":"product_tag","embeddable":true,"href":"https:\/\/jttlogos.com\/es\/wp-json\/wp\/v2\/product_tag?post=2665"}],"curies":[{"name":"wp","href":"https:\/\/api.w.org\/{rel}","templated":true}]}}