{"id":2976,"date":"2020-05-17T08:40:27","date_gmt":"2020-05-17T08:40:27","guid":{"rendered":"https:\/\/jttlogos.com\/?post_type=product&#038;p=2976"},"modified":"2026-03-27T08:56:16","modified_gmt":"2026-03-27T08:56:16","slug":"etiqueta-adhesiva-de-metal-con-placa-de-acero-inoxidable-personalizada-con-logotipo-grabado-placa-con-logotipo-de-metal-inoxidable-para-bolso-de-cuero","status":"publish","type":"product","link":"https:\/\/jttlogos.com\/es\/product\/custom-stainless-steel-plate-metal-label-sticker-with-debossed-logo-stainless-metal-logo-plate-for-leather-bag\/","title":{"rendered":"Custom Stainless Steel Plate Metal Label Sticker with Debossed Logo Stainless Metal Logo Plate for Equipment"},"content":{"rendered":"<div id=\"pl-2976\" class=\"panel-layout\">\n<div id=\"pg-2976-0\" class=\"panel-grid panel-no-style\" data-style=\"{&quot;background_image_attachment&quot;:false,&quot;background_display&quot;:&quot;tile&quot;,&quot;gutter&quot;:&quot;50px&quot;,&quot;collapse_order&quot;:&quot;right-top&quot;,&quot;cell_alignment&quot;:&quot;center&quot;}\">\n<div id=\"pgc-2976-0-0\" class=\"panel-grid-cell\" data-weight=\"0.5\">\n<div id=\"panel-2976-0-0-0\" class=\"so-panel widget widget_sow-editor panel-first-child panel-last-child\" data-index=\"0\" data-style=\"{&quot;padding&quot;:&quot;0px 0px 30px 0px&quot;,&quot;mobile_padding&quot;:&quot;4px 4px 4px 4px&quot;,&quot;background_image_attachment&quot;:false,&quot;background_display&quot;:&quot;tile&quot;}\">\n<div class=\"panel-widget-style panel-widget-style-for-2976-0-0-0\">\n<div class=\"so-widget-sow-editor so-widget-sow-editor-base\">\n<div class=\"siteorigin-widget-tinymce textwidget\"><\/div>\n<\/div>\n<\/div>\n<\/div>\n<\/div>\n<\/div>\n<\/div>\n<article>\n<div style=\"display: flex; flex-wrap: wrap; gap: 20px; align-items: center; margin-bottom: 30px;\">\n<div style=\"flex: 1; min-width: 300px;\">\n<p>En el competitivo mundo de las marcas y la fabricaci\u00f3n industrial, <strong>Placas de logotipo de metal personalizadas<\/strong> sirven como la m\u00e1xima firma de calidad. En JTT Logos, nos especializamos en placas de acero inoxidable 304 de alta precisi\u00f3n, dise\u00f1adas meticulosamente mediante t\u00e9cnicas avanzadas de grabado para funcionar como indicadores de marcas prestigiosas y dispositivos de identificaci\u00f3n duraderos.<\/p>\n<p>Nuestro <strong>equipo de etiquetas de identificaci\u00f3n de metal<\/strong> Las soluciones est\u00e1n dise\u00f1adas espec\u00edficamente para soportar los entornos m\u00e1s hostiles. Ya sea que est\u00e9s buscando <strong>placas de identificaci\u00f3n del equipo<\/strong> para maquinaria pesada o etiquetas elegantes para art\u00edculos de cuero de lujo, nuestra construcci\u00f3n de acero inoxidable 304 garantiza una alta resistencia a la corrosi\u00f3n, una fuerte resistencia a la intemperie y una apariencia exquisita que dura d\u00e9cadas.<\/p>\n<p>&nbsp;<\/p>\n<\/div>\n<div style=\"flex: 1; min-width: 300px; text-align: center;\"><img data-recalc-dims=\"1\" loading=\"lazy\" decoding=\"async\" class=\"alignnone wp-image-1418\" src=\"https:\/\/i0.wp.com\/jttlogos.com\/wp-content\/uploads\/2020\/05\/stainless-steel-metal-sticker-16-1.jpg?resize=456%2C456&#038;ssl=1\" alt=\"Etiqueta autoadhesiva de metal de placa de acero inoxidable personalizada\" width=\"456\" height=\"456\" title=\"\"><\/div>\n<\/div>\n<p><!-- Visual Characteristics Highlight --><\/p>\n<div style=\"background-color: #f8f9fa; padding: 20px; border-left: 5px solid #e67e22; margin-bottom: 30px;\">\n<h3 style=\"margin-top: 0; color: #2c3e50;\">Excelencia visual y rendimiento<\/h3>\n<ul style=\"column-count: 2; list-style-type: square; line-height: 1.6;\">\n<li>Patrones grabados con precisi\u00f3n con l\u00edneas claras.<\/li>\n<li>Textura cepillada uniforme para una sensaci\u00f3n premium<\/li>\n<li>Profundidad de grabado adecuada para un grabado distintivo<\/li>\n<li>Color de superficie consistente y superficies inferiores planas.<\/li>\n<li>Opciones de relleno vibrantes y a todo color<\/li>\n<li>Resistencia a largo plazo a la oxidaci\u00f3n y la decoloraci\u00f3n.<\/li>\n<\/ul>\n<\/div>\n<p><!-- Product Specifications Table --><\/p>\n<p><iframe loading=\"lazy\" title=\"Etiqueta engomada del acero inoxidable del metal de la placa de identificaci\u00f3n del metal grabado con la etiqueta autoadhesiva del logotipo de la cinta\" width=\"1020\" height=\"574\" src=\"https:\/\/www.youtube.com\/embed\/SPwG0itY5Jc?feature=oembed\" frameborder=\"0\" allow=\"accelerometer; autoplay; clipboard-write; encrypted-media; gyroscope; picture-in-picture; web-share\" referrerpolicy=\"strict-origin-when-cross-origin\" allowfullscreen><\/iframe><\/p>\n<h2 style=\"color: #2c3e50; border-bottom: 2px solid #e67e22; padding-bottom: 10px;\">Especificaciones t\u00e9cnicas y par\u00e1metros<\/h2>\n<div style=\"overflow-x: auto; margin-bottom: 30px;\">\n<table style=\"width: 100%; border-collapse: collapse; font-family: Arial, sans-serif;\">\n<thead>\n<tr style=\"background-color: #2c3e50; color: white; text-align: left;\">\n<th style=\"padding: 12px; border: 1px solid #ddd;\">Caracter\u00edstica<\/th>\n<th style=\"padding: 12px; border: 1px solid #ddd;\">Detalles de la especificaci\u00f3n<\/th>\n<\/tr>\n<\/thead>\n<tbody>\n<tr>\n<td style=\"padding: 12px; border: 1px solid #ddd; font-weight: bold; background-color: #f2f2f2;\">Nombre del art\u00edculo<\/td>\n<td style=\"padding: 12px; border: 1px solid #ddd;\">Etiqueta adhesiva de metal de acero inoxidable\/placa de identificaci\u00f3n del equipo<\/td>\n<\/tr>\n<tr>\n<td style=\"padding: 12px; border: 1px solid #ddd; font-weight: bold; background-color: #f2f2f2;\">Material<\/td>\n<td style=\"padding: 12px; border: 1px solid #ddd;\">Acero inoxidable 304 de primera calidad.<\/td>\n<\/tr>\n<tr>\n<td style=\"padding: 12px; border: 1px solid #ddd; font-weight: bold; background-color: #f2f2f2;\">T\u00e9cnica<\/td>\n<td style=\"padding: 12px; border: 1px solid #ddd;\">Grabado qu\u00edmico<\/td>\n<\/tr>\n<tr>\n<td style=\"padding: 12px; border: 1px solid #ddd; font-weight: bold; background-color: #f2f2f2;\">Rango de espesor<\/td>\n<td style=\"padding: 12px; border: 1px solid #ddd;\">0,1 mm a 0,5 mm (ultrafino a est\u00e1ndar)<\/td>\n<\/tr>\n<tr>\n<td style=\"padding: 12px; border: 1px solid #ddd; font-weight: bold; background-color: #f2f2f2;\">Tama\u00f1o y color<\/td>\n<td style=\"padding: 12px; border: 1px solid #ddd;\">Personalizado para cualquier forma, dimensi\u00f3n y color Pantone<\/td>\n<\/tr>\n<tr>\n<td style=\"padding: 12px; border: 1px solid #ddd; font-weight: bold; background-color: #f2f2f2;\">Opciones adhesivas<\/td>\n<td style=\"padding: 12px; border: 1px solid #ddd;\">3M Adhesive, 3M Hot-melt Glue, Double-sided self-adhesive<\/td>\n<\/tr>\n<tr>\n<td style=\"padding: 12px; border: 1px solid #ddd; font-weight: bold; background-color: #f2f2f2;\">Certificaciones<\/td>\n<td style=\"padding: 12px; border: 1px solid #ddd;\">Cumple con SGS, ROHS y MSDS<\/td>\n<\/tr>\n<tr>\n<td style=\"padding: 12px; border: 1px solid #ddd; font-weight: bold; background-color: #f2f2f2;\">Capacidad de suministro<\/td>\n<td style=\"padding: 12px; border: 1px solid #ddd;\">700.000 piezas por d\u00eda<\/td>\n<\/tr>\n<tr>\n<td style=\"padding: 12px; border: 1px solid #ddd; font-weight: bold; background-color: #f2f2f2;\">Plazo de ejecuci\u00f3n de producci\u00f3n<\/td>\n<td style=\"padding: 12px; border: 1px solid #ddd;\">Muestra: 5-7 d\u00edas; Producci\u00f3n en masa: 7-15 d\u00edas<\/td>\n<\/tr>\n<\/tbody>\n<\/table>\n<\/div>\n<p><!-- Production Process --><\/p>\n<h2><img data-recalc-dims=\"1\" loading=\"lazy\" decoding=\"async\" class=\"aligncenter wp-image-1417 size-full\" src=\"https:\/\/i0.wp.com\/jttlogos.com\/wp-content\/uploads\/2020\/05\/Certification-JTT.jpg?resize=600%2C600&#038;ssl=1\" alt=\"Official SGS, MSDS, and ROHS reports guaranteeing the material safety and quality of JTT Logos Metal equipment nameplates\" width=\"600\" height=\"600\" title=\"\"><\/h2>\n<h2 style=\"color: #2c3e50; border-bottom: 2px solid #e67e22; padding-bottom: 10px;\">Ingenier\u00eda de precisi\u00f3n: el flujo de trabajo de producci\u00f3n<\/h2>\n<div style=\"display: flex; flex-wrap: wrap; justify-content: space-between; gap: 10px; margin-bottom: 30px; text-align: center;\">\n<div style=\"flex: 1; min-width: 120px; background: #eee; padding: 10px; border-radius: 5px; font-size: 0.9em;\"><strong>1. Creaci\u00f3n de pel\u00edculas<\/strong><br \/>\nIlustraciones a negativo<\/div>\n<div style=\"flex: 1; min-width: 120px; background: #eee; padding: 10px; border-radius: 5px; font-size: 0.9em;\"><strong>2. Preparaci\u00f3n de la superficie<\/strong><br \/>\nLimpieza de placas de acero<\/div>\n<div style=\"flex: 1; min-width: 120px; background: #eee; padding: 10px; border-radius: 5px; font-size: 0.9em;\"><strong>3. Recubrimiento de tinta<\/strong><br \/>\nCapa aislante<\/div>\n<div style=\"flex: 1; min-width: 120px; background: #eee; padding: 10px; border-radius: 5px; font-size: 0.9em;\"><strong>4. Im\u00e1genes<\/strong><br \/>\nExposici\u00f3n y rayos UV<\/div>\n<div style=\"flex: 1; min-width: 120px; background: #eee; padding: 10px; border-radius: 5px; font-size: 0.9em;\"><strong>5. Grabado<\/strong><br \/>\nPrecisi\u00f3n qu\u00edmica<\/div>\n<div style=\"flex: 1; min-width: 120px; background: #eee; padding: 10px; border-radius: 5px; font-size: 0.9em;\"><strong>6. Acabado<\/strong><br \/>\nPegamento y superposici\u00f3n<\/div>\n<div style=\"flex: 1; min-width: 120px; background: #eee; padding: 10px; border-radius: 5px; font-size: 0.9em;\"><strong>7. Control de calidad y embalaje<\/strong><br \/>\nInspecci\u00f3n 100%<\/div>\n<\/div>\n<p><!-- Why Choose Our Stickers - Comparison Card --><\/p>\n<h2><img data-recalc-dims=\"1\" loading=\"lazy\" decoding=\"async\" class=\"aligncenter wp-image-1417 size-full\" src=\"https:\/\/i0.wp.com\/jttlogos.com\/wp-content\/uploads\/2020\/05\/stainless-steel-productive-process.jpg?resize=600%2C600&#038;ssl=1\" alt=\"Step-by-step factory production process for JTT Logos Custom equipment nameplates\" width=\"600\" height=\"600\" title=\"\"><\/h2>\n<h2 style=\"color: #2c3e50; border-bottom: 2px solid #e67e22; padding-bottom: 10px;\">\u00bfPor qu\u00e9 elegir nuestras placas de identificaci\u00f3n de equipos personalizadas?<\/h2>\n<div style=\"display: grid; grid-template-columns: repeat(auto-fit, minmax(300px, 1fr)); gap: 20px; margin-bottom: 30px;\">\n<div style=\"border: 1px solid #e67e22; border-radius: 10px; padding: 20px; background-color: #fffaf5;\">\n<h3 style=\"color: #e67e22; margin-top: 0;\">Durabilidad inigualable<\/h3>\n<p>Nuestro <strong>placas met\u00e1licas para equipos<\/strong> est\u00e1n fabricados exclusivamente con acero inoxidable 304. Esto garantiza que sean 100% resistentes al \u00f3xido y a la corrosi\u00f3n. A diferencia de las etiquetas de aluminio o pl\u00e1stico, nuestras <strong>equipo de placa de identificaci\u00f3n<\/strong> solutions withstand high temperatures and industrial solvents.<\/p>\n<\/div>\n<div style=\"border: 1px solid #2c3e50; border-radius: 10px; padding: 20px; background-color: #f4f6f7;\">\n<h3 style=\"color: #2c3e50; margin-top: 0;\">Luxury Aesthetics<\/h3>\n<p>Desde acabados de espejo hasta texturas mate esmeriladas y cepilladas, brindamos una sensaci\u00f3n met\u00e1lica de primera calidad. Ya sea para <strong>custom equipment nameplates<\/strong> or high-end electronics, the distinct edge contours and debossed lettering offer a professional, high-end look.<\/p>\n<\/div>\n<\/div>\n<p><!-- Application Section --><\/p>\n<h2 style=\"color: #2c3e50; border-bottom: 2px solid #e67e22; padding-bottom: 10px;\">Aplicaciones vers\u00e1tiles: donde la confiabilidad se une al dise\u00f1o<\/h2>\n<p>Seg\u00fan datos de la industria, la demanda de alta calidad <strong>etiquetas de placa de identificaci\u00f3n del equipo<\/strong> has grown by 15% in the industrial sector due to stricter safety and identification regulations. Our products serve diverse fields:<\/p>\n<div style=\"display: flex; flex-wrap: wrap; gap: 15px; margin-bottom: 30px;\">\n<div style=\"flex: 1; background: #f9f9f9; padding: 15px; border-radius: 8px; border: 1px solid #ddd;\"><strong>Industrial Machinery<\/strong><br \/>\nMuy duradero <strong>metal equipment nameplates<\/strong> para paneles operativos que requieren resistencia qu\u00edmica y al desgaste.<\/div>\n<div style=\"flex: 1; background: #f9f9f9; padding: 15px; border-radius: 8px; border: 1px solid #ddd;\"><strong>Traffic &amp; Outdoor Signs<\/strong><br \/>\nWeatherproof 304 stainless steel road and directional signs that withstand long-term UV exposure.<\/div>\n<div style=\"flex: 1; background: #f9f9f9; padding: 15px; border-radius: 8px; border: 1px solid #ddd;\"><strong>Electr\u00f3nica de Consumo<\/strong><br \/>\nExquisitos logotipos y modelos de marcas. <strong>equipment name plate<\/strong> identifiers for premium gadgets and packaging.<\/div>\n<\/div>\n<p><!-- Installation Guide --><\/p>\n<h2><img data-recalc-dims=\"1\" loading=\"lazy\" decoding=\"async\" class=\"aligncenter wp-image-1417 size-full\" src=\"https:\/\/i0.wp.com\/jttlogos.com\/wp-content\/uploads\/2020\/05\/JTT-application-scenarios.jpg?resize=600%2C600&#038;ssl=1\" alt=\"applications of JTT Logos Custom Metal nameplates for equipment\" width=\"600\" height=\"600\" title=\"\"><\/h2>\n<h2 style=\"color: #2c3e50; border-bottom: 2px solid #e67e22; padding-bottom: 10px;\">Gu\u00eda de instalaci\u00f3n profesional<\/h2>\n<div style=\"background-color: #fff; border: 1px solid #ddd; padding: 20px; border-radius: 8px; margin-bottom: 30px;\">\n<ol style=\"line-height: 1.8;\">\n<li><strong>Preparaci\u00f3n de la superficie:<\/strong> Wipe the product surface with a dry cloth. Use industrial alcohol if oil stains are present.<\/li>\n<li><strong>Peladura:<\/strong> Retire con cuidado el papel protector de la parte posterior de la etiqueta met\u00e1lica. Aseg\u00farese de que la pel\u00edcula de la superficie frontal permanezca intacta.<\/li>\n<li><strong>Solicitud:<\/strong> Alinee y fije el <strong>Placa de logotipo de metal personalizada<\/strong> hasta la superficie deseada.<\/li>\n<li><strong>Asegurar:<\/strong> Presione firmemente por toda la superficie utilizando un pa\u00f1o seco para activar el adhesivo.<\/li>\n<li><strong>Paso final:<\/strong> Retire la pel\u00edcula protectora de la superficie en un \u00e1ngulo de 45 grados. Los restos de pegamento en los bordes se eliminar\u00e1n con la pel\u00edcula si se presiona correctamente.<\/li>\n<\/ol>\n<\/div>\n<p><!-- Quality Control \/ Testing Section --><\/p>\n<h2 style=\"color: #2c3e50; border-bottom: 2px solid #e67e22; padding-bottom: 10px;\">Pruebas y control de calidad rigurosos<\/h2>\n<p>Para asegurar nuestra <strong>metal name plates for equipment<\/strong> meet international standards, every batch undergoes six essential tests:<\/p>\n<div style=\"display: grid; grid-template-columns: repeat(auto-fit, minmax(250px, 1fr)); gap: 15px; margin-bottom: 30px;\">\n<div style=\"padding: 15px; border: 1px solid #eee; background: #fcfcfc;\"><strong>1. Prueba de adherencia:<\/strong> Eval\u00faa la calidad de uni\u00f3n de la tinta despu\u00e9s de la coloraci\u00f3n.<\/div>\n<div style=\"padding: 15px; border: 1px solid #eee; background: #fcfcfc;\"><strong>2. Prueba de temperatura alta\/baja:<\/strong> Confirma la estabilidad en ambientes de temperatura alterna y calor h\u00famedo.<\/div>\n<div style=\"padding: 15px; border: 1px solid #eee; background: #fcfcfc;\"><strong>3. Prueba de niebla salina:<\/strong> Simula atm\u00f3sferas duras cargadas de sal para verificar la resistencia a la corrosi\u00f3n.<\/div>\n<div style=\"padding: 15px; border: 1px solid #eee; background: #fcfcfc;\"><strong>4. Prueba de ca\u00edda:<\/strong> Simula los impactos del env\u00edo para garantizar la integridad estructural.<\/div>\n<div style=\"padding: 15px; border: 1px solid #eee; background: #fcfcfc;\"><strong>5. Prueba de flexi\u00f3n:<\/strong> Garantiza que el logotipo permanezca adherido incluso cuando el sustrato est\u00e1 flexionado.<\/div>\n<div style=\"padding: 15px; border: 1px solid #eee; background: #fcfcfc;\"><strong>6. Prueba de cinta:<\/strong> Una evaluaci\u00f3n especializada de la fuerza absoluta del agente adhesivo.<\/div>\n<\/div>\n<p><!-- FAQ Knowledge Points --><\/p>\n<h2 style=\"color: #2c3e50; border-bottom: 2px solid #e67e22; padding-bottom: 10px;\">Preguntas frecuentes (FAQ)<\/h2>\n<div style=\"margin-bottom: 30px;\">\n<div style=\"margin-bottom: 15px; border-bottom: 1px solid #eee; padding-bottom: 10px;\">\n<p style=\"font-weight: bold; color: #e67e22;\">Q: What is the benefit of 304 stainless steel over other materials?<\/p>\n<p>R: El acero inoxidable 304 ofrece el mejor equilibrio entre resistencia a la corrosi\u00f3n, durabilidad y rentabilidad para <strong>placas de identificaci\u00f3n del equipo<\/strong>. No se oxida y mantiene su brillo met\u00e1lico incluso en entornos industriales o al aire libre.<\/p>\n<\/div>\n<div style=\"margin-bottom: 15px; border-bottom: 1px solid #eee; padding-bottom: 10px;\">\n<p style=\"font-weight: bold; color: #e67e22;\">P: \u00bfPueden manejar pedidos mayoristas de gran volumen?<\/p>\n<p>R: \u00a1S\u00ed! JTT Logos tiene una capacidad de suministro de 700.000 piezas por d\u00eda, lo que nos convierte en el socio preferido para la industria industrial a gran escala. <strong>placa de identificaci\u00f3n del equipo<\/strong> fabricaci\u00f3n.<\/p>\n<\/div>\n<div style=\"margin-bottom: 15px; border-bottom: 1px solid #eee; padding-bottom: 10px;\">\n<p style=\"font-weight: bold; color: #e67e22;\">P: \u00bfOfrecen formas y tama\u00f1os personalizados?<\/p>\n<p>A: Absolutely. Our <strong>custom equipment nameplates<\/strong> se puede adaptar a cualquier dise\u00f1o AI, PDF o CAD que proporcione, incluidas formas troqueladas complejas y profundidades de grabado espec\u00edficas.<\/p>\n<\/div>\n<\/div>\n<p><!-- About Us & CTA --><\/p>\n<h2 style=\"color: #2c3e50; border-bottom: 2px solid #e67e22; padding-bottom: 10px;\">About JTT Logos: Your Trusted Metal Label Expert<\/h2>\n<p><img data-recalc-dims=\"1\" loading=\"lazy\" decoding=\"async\" class=\"aligncenter wp-image-1417 size-full\" src=\"https:\/\/i0.wp.com\/jttlogos.com\/wp-content\/uploads\/2020\/05\/jtt-company-advantage-1.jpg?resize=600%2C600&#038;ssl=1\" alt=\"our core advantages of choosing JTT Logos for equipment nameplate tags\" width=\"600\" height=\"600\" title=\"\"><\/p>\n<div style=\"background-color: #2c3e50; color: white; padding: 30px; border-radius: 10px;\">\n<p>con m\u00e1s <strong>16 a\u00f1os de experiencia<\/strong> in the metal label industry, JTT Logos is a premier manufacturer specializing in <strong>Placas de logotipo de metal personalizadas<\/strong>. L\u00edderes globales conf\u00edan en nuestra experiencia, incluidos <strong>Tesla, Samsung, Haier, Gree, Panasonic y Lenovo<\/strong>. JTT main business:\u00a0<a href=\"https:\/\/jttlogos.com\/es\/\"><strong>Pegatinas met\u00e1licas<\/strong><\/a>,\u00a0<a href=\"https:\/\/jttlogos.com\/es\/categoria-de-producto\/pegatina-de-metal-de-niquel\/\"><strong>N\u00edquel\u00a0<\/strong><strong>Pegatinas met\u00e1licas con logotipo<\/strong><\/a><a title=\"Pegatinas met\u00e1licas con logotipo\" href=\"https:\/\/jttlogos.com\/es\/\">,<\/a>\u00a0<a href=\"https:\/\/jttlogos.com\/es\/categoria-de-producto\/pegatina-de-metal-de-acero-inoxidable\/\"><strong>Pegatinas con logotipo de metal de acero inoxidable<\/strong><\/a>,\u00a0<a href=\"https:\/\/jttlogos.com\/es\/categoria-de-producto\/pegatina-metalica-3d\/\"><strong>Pegatinas con logotipo de metal electroformado en 3D<\/strong><\/a>,\u00a0<a href=\"https:\/\/jttlogos.com\/es\/categoria-de-producto\/pegatina-metalica-de-malla-de-altavoz\/\"><strong>Pegatinas met\u00e1licas de malla para altavoz<\/strong><\/a>.<\/p>\n<h3 style=\"color: #e67e22;\">Nuestras 4 garant\u00edas principales:<\/h3>\n<ul style=\"line-height: 1.6;\">\n<li><strong>Calidad Superior:<\/strong> Utilizamos \u00fanicamente acero inoxidable 304 de primera calidad y un riguroso control de calidad.<\/li>\n<li><strong>Precios competitivos:<\/strong> Direct factory manufacturing ensures the best value.<\/li>\n<li><strong>I+D experto:<\/strong> Innovative solutions for complex branding needs.<\/li>\n<li><strong>Entrega oportuna:<\/strong> Ciclos de producci\u00f3n eficientes para cumplir con sus plazos.<\/li>\n<\/ul>\n<div style=\"text-align: center; margin-top: 20px;\">\n<p style=\"font-size: 1.2em; font-weight: bold;\">\u00bfListo para realzar la marca de su equipo?<\/p>\n<p><a style=\"display: inline-block; background-color: #e67e22; color: white; padding: 15px 30px; text-decoration: none; border-radius: 5px; font-weight: bold; margin-top: 10px;\" href=\"https:\/\/jttlogos.com\/es\/contactenos\/\">Request a Custom Quote Today!<\/a><\/p>\n<\/div>\n<\/div>\n<\/article>","protected":false},"excerpt":{"rendered":"<p>JTT es un proveedor y fabricante l\u00edder mundial de adhesivos de metal, adhesivos de n\u00edquel, adhesivos de acero inoxidable, adhesivos de metal 3D y altavoces de malla, especializado en esta industria desde hace m\u00e1s de 14 a\u00f1os.<\/p>\n<p>El precio espec\u00edfico est\u00e1 determinado por el producto.<\/p>","protected":false},"featured_media":2960,"comment_status":"open","ping_status":"closed","template":"","meta":[],"product_brand":[],"product_cat":[52],"product_tag":[],"class_list":{"0":"post-2976","1":"product","2":"type-product","3":"status-publish","4":"has-post-thumbnail","6":"product_cat-stainless-steel-metal-sticker","8":"first","9":"instock","10":"shipping-taxable","11":"product-type-simple"},"jetpack-related-posts":[],"jetpack_sharing_enabled":true,"_links":{"self":[{"href":"https:\/\/jttlogos.com\/es\/wp-json\/wp\/v2\/product\/2976","targetHints":{"allow":["GET"]}}],"collection":[{"href":"https:\/\/jttlogos.com\/es\/wp-json\/wp\/v2\/product"}],"about":[{"href":"https:\/\/jttlogos.com\/es\/wp-json\/wp\/v2\/types\/product"}],"replies":[{"embeddable":true,"href":"https:\/\/jttlogos.com\/es\/wp-json\/wp\/v2\/comments?post=2976"}],"wp:featuredmedia":[{"embeddable":true,"href":"https:\/\/jttlogos.com\/es\/wp-json\/wp\/v2\/media\/2960"}],"wp:attachment":[{"href":"https:\/\/jttlogos.com\/es\/wp-json\/wp\/v2\/media?parent=2976"}],"wp:term":[{"taxonomy":"product_brand","embeddable":true,"href":"https:\/\/jttlogos.com\/es\/wp-json\/wp\/v2\/product_brand?post=2976"},{"taxonomy":"product_cat","embeddable":true,"href":"https:\/\/jttlogos.com\/es\/wp-json\/wp\/v2\/product_cat?post=2976"},{"taxonomy":"product_tag","embeddable":true,"href":"https:\/\/jttlogos.com\/es\/wp-json\/wp\/v2\/product_tag?post=2976"}],"curies":[{"name":"wp","href":"https:\/\/api.w.org\/{rel}","templated":true}]}}