{"id":3236,"date":"2020-05-18T09:01:49","date_gmt":"2020-05-18T09:01:49","guid":{"rendered":"https:\/\/jttlogos.com\/?post_type=product&#038;p=3236"},"modified":"2026-04-18T12:41:41","modified_gmt":"2026-04-18T12:41:41","slug":"custom-self-adhesive-3m-metal-custom-label-nickel-metal-logo-stickers-for-cell-phone-and-makeup-box-weeding-cards-visiting-cards-car-surface","status":"publish","type":"product","link":"https:\/\/jttlogos.com\/es\/producto\/etiqueta-personalizada-autoadhesiva-de-metal-de-3m-pegatinas-con-logotipo-de-metal-de-niquel-para-telefono-movil-y-caja-de-maquillaje-tarjetas-de-deshierbe-tarjetas-de-visita-superficie-del-coche\/","title":{"rendered":"Premium Custom Nickel Metal Logo Stickers | Ultra-Thin 3M Self-Adhesive Decals for Electronics &amp; Luxury Packaging"},"content":{"rendered":"<article style=\"font-family: Arial, sans-serif; line-height: 1.6; color: #333; max-width: 100%px; margin: 0 auto; padding: 20px;\">\n<h2 style=\"color: #004085; font-size: 28px; border-bottom: 2px solid #004085; padding-bottom: 10px; margin-bottom: 20px;\">Pegatinas adhesivas personalizadas con logotipo de n\u00edquel metal 3M para una identidad de marca premium<\/h2>\n<p><!-- Visual Gallery & Video Placeholders based on original structure --><\/p>\n<div style=\"display: flex; flex-wrap: wrap; gap: 15px; margin-bottom: 20px; justify-content: center;\">\n<p><iframe loading=\"lazy\" title=\"Etiquetas adhesivas adhesivas personalizadas de n\u00edquel y metal para productos electr\u00f3nicos que empaquetan cajas de regalo\" width=\"1020\" height=\"574\" src=\"https:\/\/www.youtube.com\/embed\/PUIpqWuShTk?feature=oembed\" frameborder=\"0\" allow=\"accelerometer; autoplay; clipboard-write; encrypted-media; gyroscope; picture-in-picture; web-share\" referrerpolicy=\"strict-origin-when-cross-origin\" allowfullscreen><\/iframe><\/p>\n<p><img data-recalc-dims=\"1\" decoding=\"async\" class=\"alignnone wp-image-1418 size-full\" src=\"https:\/\/i0.wp.com\/jttlogos.com\/wp-content\/uploads\/2020\/05\/Packing-Box-Metal-Sticker-39.jpg?resize=600%2C450&#038;ssl=1\" alt=\"pegatinas personalizadas con logotipo de n\u00edquel metal\" width=\"600\" height=\"450\" title=\"\"><span style=\"background-color: #000000; text-align: center; color: #333333;\">\u00a0<\/span><\/p>\n<\/div>\n<p><!-- Quick Conversion & Trust Area --><\/p>\n<div style=\"background-color: #f4f8fc; border-left: 5px solid #0056b3; padding: 20px; margin-bottom: 30px; border-radius: 0 8px 8px 0;\">\n<p style=\"margin-top: 0; font-size: 16px;\"><strong>Transforme sus envases y productos con etiquetas met\u00e1licas premium.<\/strong><br \/>\nBacked by over 20 years of manufacturing experience, <a href=\"https:\/\/jttlogos.com\/es\/\">JTT precisi\u00f3n Metal Co., Ltd.<\/a> ofrece soluciones de marca de n\u00edquel metal 100% de primer nivel. Nuestras calcoman\u00edas autoadhesivas personalizadas est\u00e1n dise\u00f1adas para realzar tel\u00e9fonos celulares, cajas de maquillaje de lujo, tarjetas de boda premium, tarjetas de visita comerciales y superficies de autom\u00f3viles.<\/p>\n<p style=\"font-size: 14px; color: #555;\"><em>Calidad certificada: SGS | ROHS | MSDS<\/em><\/p>\n<div style=\"margin-top: 15px;\"><a style=\"display: inline-block; background-color: #0056b3; color: #ffffff; padding: 12px 24px; text-decoration: none; font-weight: bold; border-radius: 5px; box-shadow: 0 2px 4px rgba(0,0,0,0.2);\" href=\"https:\/\/jttlogos.com\/es\/contactenos\/\">Solicite una cotizaci\u00f3n personalizada hoy<\/a><br \/>\n<span style=\"display: inline-block; margin-left: 15px; font-size: 14px; color: #666;\">Proporcione su dise\u00f1o AI, PDF o CDR para una evaluaci\u00f3n r\u00e1pida.<\/span><\/div>\n<\/div>\n<h3 style=\"color: #0056b3; font-size: 22px; margin-top: 30px;\">Especificaciones t\u00e9cnicas completas<\/h3>\n<p>Choosing the right metallic branding solutions requires clear, accurate details. Below is the comprehensive technical breakdown of our custom metal labels, ensuring you have all the precise data needed for your design integration.<\/p>\n<p><!-- Inline CSS Beautified Table --><\/p>\n<div style=\"overflow-x: auto;\">\n<table style=\"width: 100%; border-collapse: collapse; font-family: Arial, sans-serif; box-shadow: 0 4px 8px rgba(0,0,0,0.05); margin-bottom: 30px; background-color: #fff;\">\n<thead>\n<tr style=\"background-color: #0056b3; color: #ffffff; text-align: left;\">\n<th style=\"padding: 12px 15px; border: 1px solid #ddd;\">Atributo<\/th>\n<th style=\"padding: 12px 15px; border: 1px solid #ddd;\">Detalles de la especificaci\u00f3n<\/th>\n<\/tr>\n<\/thead>\n<tbody>\n<tr style=\"background-color: #f9f9f9;\">\n<td style=\"padding: 12px 15px; border: 1px solid #ddd; font-weight: bold;\">Nombre del producto<\/td>\n<td style=\"padding: 12px 15px; border: 1px solid #ddd;\">Etiqueta personalizada de metal autoadhesiva 3M \/ <a href=\"https:\/\/jttlogos.com\/es\/categoria-de-producto\/pegatina-de-metal-de-niquel\/\">Pegatinas con logotipo de n\u00edquel metal.<\/a><\/td>\n<\/tr>\n<tr>\n<td style=\"padding: 12px 15px; border: 1px solid #ddd; font-weight: bold;\">Primary Material<\/td>\n<td style=\"padding: 12px 15px; border: 1px solid #ddd;\">Metal Premium, n\u00edquel puro 100%<\/td>\n<\/tr>\n<tr style=\"background-color: #f9f9f9;\">\n<td style=\"padding: 12px 15px; border: 1px solid #ddd; font-weight: bold;\">T\u00e9cnica de fabricaci\u00f3n<\/td>\n<td style=\"padding: 12px 15px; border: 1px solid #ddd;\">Galvanoplastia avanzada<\/td>\n<\/tr>\n<tr>\n<td style=\"padding: 12px 15px; border: 1px solid #ddd; font-weight: bold;\">Espesor del material<\/td>\n<td style=\"padding: 12px 15px; border: 1px solid #ddd;\">0,045 mm \u2013 0,12 mm (perfil ultrafino)<\/td>\n<\/tr>\n<tr style=\"background-color: #f9f9f9;\">\n<td style=\"padding: 12px 15px; border: 1px solid #ddd; font-weight: bold;\">Size &amp; Color Configuration<\/td>\n<td style=\"padding: 12px 15px; border: 1px solid #ddd;\">Totalmente personalizado para cualquier tama\u00f1o solicitado, forma compleja o color de marca espec\u00edfico<\/td>\n<\/tr>\n<tr>\n<td style=\"padding: 12px 15px; border: 1px solid #ddd; font-weight: bold;\">Soluciones adhesivas<\/td>\n<td style=\"padding: 12px 15px; border: 1px solid #ddd;\">Adhesivo est\u00e1ndar 3M, pegamento termofusible 3M, autoadhesivo premium de doble cara<\/td>\n<\/tr>\n<tr style=\"background-color: #f9f9f9;\">\n<td style=\"padding: 12px 15px; border: 1px solid #ddd; font-weight: bold;\">Certificaciones de seguridad<\/td>\n<td style=\"padding: 12px 15px; border: 1px solid #ddd;\">SGS, ROHS, MSDS verificados<\/td>\n<\/tr>\n<tr>\n<td style=\"padding: 12px 15px; border: 1px solid #ddd; font-weight: bold;\">Formatos de ilustraciones aceptados<\/td>\n<td style=\"padding: 12px 15px; border: 1px solid #ddd;\">AI (Adobe Illustrator), PDF, CDR (CorelDRAW), CAD y otros archivos vectoriales de alta resoluci\u00f3n<\/td>\n<\/tr>\n<tr style=\"background-color: #f9f9f9;\">\n<td style=\"padding: 12px 15px; border: 1px solid #ddd; font-weight: bold;\">Packaging Protocol<\/td>\n<td style=\"padding: 12px 15px; border: 1px solid #ddd;\">Bolsa protectora de OPP para evitar rayones en la superficie.<\/td>\n<\/tr>\n<\/tbody>\n<\/table>\n<\/div>\n<h3 style=\"color: #0056b3; font-size: 22px; margin-top: 30px;\">D\u00e9cadas de experiencia en fabricaci\u00f3n y dominio del dominio<\/h3>\n<p>En JTT Precision Metal Co., Ltd., hemos cultivado m\u00e1s de dos d\u00e9cadas de experiencia pr\u00e1ctica en la fabricaci\u00f3n de etiquetas met\u00e1licas de primera calidad. Nuestras instalaciones se especializan en producir pegatinas con el logotipo de metal de n\u00edquel 100% excepcionalmente detalladas utilizando t\u00e9cnicas de galvanoplastia de \u00faltima generaci\u00f3n. Este refinado m\u00e9todo de producci\u00f3n nos permite capturar detalles tipogr\u00e1ficos intrincados, esquinas afiladas y motivos de marca altamente complejos que la impresi\u00f3n est\u00e1ndar simplemente no puede lograr.<\/p>\n<p>El perfil ultrafino de nuestras calcoman\u00edas met\u00e1licas, que van desde tan solo 0,045 mm a 0,12 mm, ofrece una importante ventaja est\u00e9tica. Cuando se aplican, estas etiquetas quedan incre\u00edblemente al ras de la superficie del producto, creando una apariencia integrada y perfecta que se asemeja a una insignia de metal con incrustaciones en lugar de una pegatina en relieve. Debido a que el material es n\u00edquel puro, posee una resistencia inherente al desgaste ambiental, manteniendo su brillo met\u00e1lico brillante durante per\u00edodos prolongados sin decolorarse ni deslustrarse.<\/p>\n<h3 style=\"color: #0056b3; font-size: 22px; margin-top: 30px;\">Garant\u00eda de calidad y cumplimiento autorizados<\/h3>\n<p>As a leading custom metal sticker manufacturer, we place a massive emphasis on product safety, environmental compliance, and consistent quality. All our raw materials and final electroplating outputs are rigorously tested and carry SGS, ROHS, and MSDS certifications. This independent, third-party validation ensures that our custom branding labels are free from hazardous substances, making them perfectly safe for consumer-facing goods, wearable technology, electronics, and global export.<\/p>\n<p>Para mantener estos est\u00e1ndares, nuestra f\u00e1brica implementa rigurosos controles de calidad en m\u00faltiples etapas de producci\u00f3n, desde la inspecci\u00f3n del arte y la verificaci\u00f3n del espesor de la galvanoplastia hasta las pruebas de resistencia de las uniones adhesivas y las inspecciones visuales finales antes de que las etiquetas se sellen de forma segura en bolsas protectoras de OPP.<\/p>\n<p><!-- Inline CSS Beautified Knowledge Point --><\/p>\n<div style=\"background-color: #eaf4fb; border: 1px solid #b6d4fe; border-radius: 8px; padding: 20px; margin: 30px 0; box-shadow: 0 4px 6px rgba(0,0,0,0.05);\">\n<h4 style=\"color: #004085; margin-top: 0; font-size: 18px; display: flex; align-items: center;\"><span style=\"font-size: 24px; margin-right: 10px;\">\ud83d\udca1<\/span><br \/>\nAdhesive Technology Knowledge Point: Choosing the Right Backing<\/h4>\n<p style=\"margin-bottom: 10px; font-size: 15px;\">La longevidad de una calcoman\u00eda met\u00e1lica depende en gran medida de la calidad de su respaldo adhesivo. Ofrecemos tres soluciones de uni\u00f3n principales adaptadas al sustrato de su aplicaci\u00f3n espec\u00edfica:<\/p>\n<ul style=\"font-size: 15px; padding-left: 20px; color: #333;\">\n<li style=\"margin-bottom: 10px;\"><strong>Adhesivo est\u00e1ndar 3M:<\/strong> Reconocido por su poder de sujeci\u00f3n de grado industrial, este respaldo es perfecto para superficies lisas y r\u00edgidas como carcasas de tel\u00e9fonos m\u00f3viles, carcasas de productos electr\u00f3nicos y frascos de vidrio para cosm\u00e9ticos. Proporciona una uni\u00f3n duradera y resistente a la intemperie.<\/li>\n<li style=\"margin-bottom: 10px;\"><strong>Pegamento termofusible 3M:<\/strong> Recomendado espec\u00edficamente para fabricaciones que experimentan fluctuaciones de temperatura o requieren uni\u00f3n a superficies ligeramente texturizadas. Las propiedades de fusi\u00f3n en caliente permiten que el pegamento fluya hacia grietas microsc\u00f3picas, creando un anclaje incre\u00edblemente seguro para la etiqueta de metal.<\/li>\n<li><strong>Double-Sided Self-Adhesive:<\/strong> Una opci\u00f3n muy vers\u00e1til y f\u00e1cil de pelar que se utiliza frecuentemente en l\u00edneas de montaje de producci\u00f3n en masa. Es ideal para aplicaciones de papel plano o cartulina, como invitaciones de boda de lujo y tarjetas de visita premium.<\/li>\n<\/ul>\n<\/div>\n<h3 style=\"color: #0056b3; font-size: 22px; margin-top: 30px;\">Aplicaciones vers\u00e1tiles para m\u00faltiples industrias<\/h3>\n<p>El sorprendente atractivo visual y la naturaleza adaptable de nuestras calcoman\u00edas met\u00e1licas personalizadas de 3M las convierten en la soluci\u00f3n de marca preferida en numerosos sectores. Nuestras capacidades de producci\u00f3n personalizada nos permiten adaptar las pegatinas met\u00e1licas a diversas aplicaciones:<\/p>\n<ul style=\"line-height: 1.8;\">\n<li><strong>Electr\u00f3nica de consumo y tel\u00e9fonos m\u00f3viles:<\/strong> Aplique logotipos de marcas met\u00e1licos brillantes y ultrafinos a tel\u00e9fonos m\u00f3viles, fundas protectoras para tel\u00e9fonos m\u00f3viles, tabletas y equipos de audio sin a\u00f1adir volumen.<\/li>\n<li><strong>Cajas de maquillaje y embalaje de lujo:<\/strong> Elevate the unboxing experience. High-end cosmetic brands utilize our custom metal nameplates to add a tactile, luxurious focal point to makeup boxes, perfume bottles, and gift packaging.<\/li>\n<li><strong>Marca automotriz:<\/strong> Formuladas con propiedades resistentes a la intemperie, nuestras pegatinas met\u00e1licas son excelentes para superficies de autom\u00f3viles, marcas en el interior del tablero y accesorios para autom\u00f3viles del mercado de repuestos.<\/li>\n<li><strong>Household Appliances &amp; Machinery:<\/strong> Lo suficientemente resistente como para soportar la limpieza y manipulaci\u00f3n diaria, proporcionando una insignia met\u00e1lica permanente y profesional para electrodom\u00e9sticos de cocina, herramientas industriales y maquinaria personalizada.<\/li>\n<li><strong>Premium Stationery:<\/strong> Agregue un toque inolvidable y de alta gama a tarjetas de boda personalizadas, invitaciones a eventos VIP y tarjetas de visita ejecutivas. Una pegatina met\u00e1lica personalizada transmite inmediatamente exclusividad y prestigio.<\/li>\n<\/ul>\n<h3 style=\"color: #0056b3; font-size: 22px; margin-top: 30px;\">Transparent Production Timelines and Global Shipping<\/h3>\n<p>Entendemos que el tiempo de comercializaci\u00f3n es fundamental para los lanzamientos de productos y las campa\u00f1as de marketing. JTT Precision Metal Co., Ltd. ha optimizado su flujo de trabajo de fabricaci\u00f3n para proporcionar tiempos de respuesta r\u00e1pidos sin sacrificar la calidad.<\/p>\n<p><strong>Plazos de entrega de muestra:<\/strong> Si necesita evaluar nuestra calidad de inmediato, podemos enviar muestras de f\u00e1brica existentes en solo 1 d\u00eda para su referencia. Para prototipos personalizados que presenten su dise\u00f1o exclusivo, ofrecemos un plazo de entrega r\u00e1pido de 3 a 5 d\u00edas.<\/p>\n<p><strong>Mass Production &amp; Delivery:<\/strong> Los tiempos de producci\u00f3n a gran escala depender\u00e1n de sus requisitos de volumen personalizados espec\u00edficos. Una vez fabricado, ofrecemos opciones flexibles de env\u00edo global, incluso por mar, aire o mediante mensajer\u00eda urgente prioritaria como DHL, UPS y FedEx.<\/p>\n<div style=\"background-color: #fdfdfd; border: 1px dashed #ccc; padding: 20px; border-radius: 8px; margin: 30px 0;\">\n<h4 style=\"color: #333; margin-top: 0; font-size: 18px;\">Opciones de pago seguro y confianza financiera<\/h4>\n<p style=\"margin-bottom: 0;\">Operamos con total transparencia financiera para construir asociaciones B2B a largo plazo. Nuestras estructuras de pago est\u00e1n dise\u00f1adas para brindar seguridad y conveniencia. Aceptamos T\/T (30% como dep\u00f3sito, con el saldo liquidado antes de la entrega), junto con una amplia variedad de pasarelas de pago globales que incluyen pago con tarjeta de cr\u00e9dito, PayPal, transferencia bancaria directa, Western Union, L\/C y pedidos seguros de Alibaba Trade Assurance.<\/p>\n<\/div>\n<h3 style=\"color: #0056b3; font-size: 22px; margin-top: 40px; margin-bottom: 20px;\">Preguntas frecuentes (FAQ)<\/h3>\n<p><!-- Inline CSS Beautified FAQ Section --><\/p>\n<div style=\"margin-bottom: 30px;\">\n<div style=\"border: 1px solid #e0e0e0; border-radius: 6px; margin-bottom: 15px; background-color: #ffffff; overflow: hidden; box-shadow: 0 1px 3px rgba(0,0,0,0.05);\">\n<div style=\"background-color: #f8f9fa; padding: 15px 20px; border-bottom: 1px solid #e0e0e0;\">\n<h4 style=\"margin: 0; color: #333; font-size: 16px;\">What file formats should I submit for my custom metallic logo design?<\/h4>\n<\/div>\n<div style=\"padding: 15px 20px; color: #555;\">\n<p style=\"margin: 0;\">To ensure the highest accuracy during the electroplating and manufacturing process, we require high-resolution vector artwork. The most preferred formats are AI (Adobe Illustrator), PDF, CDR (CorelDRAW), or CAD files. If you have another vector format, our pre-production team can evaluate it to ensure it translates perfectly into a metal decal.<\/p>\n<\/div>\n<\/div>\n<div style=\"border: 1px solid #e0e0e0; border-radius: 6px; margin-bottom: 15px; background-color: #ffffff; overflow: hidden; box-shadow: 0 1px 3px rgba(0,0,0,0.05);\">\n<div style=\"background-color: #f8f9fa; padding: 15px 20px; border-bottom: 1px solid #e0e0e0;\">\n<h4 style=\"margin: 0; color: #333; font-size: 16px;\">\u00bfC\u00f3mo aplico la pegatina met\u00e1lica de 3M a mis productos?<\/h4>\n<\/div>\n<div style=\"padding: 15px 20px; color: #555;\">\n<p style=\"margin: 0;\">The application process is simple and requires no specialized tools. First, ensure the target surface (e.g., cell phone case, makeup box, or car surface) is thoroughly cleaned, dry, and free of oils or dust. Peel the protective backing off the 3M adhesive side of the metal sticker, carefully align it to your desired position, and press down firmly and evenly. Finally, peel away the clear protective top film to reveal the brilliant nickel finish.<\/p>\n<\/div>\n<\/div>\n<div style=\"border: 1px solid #e0e0e0; border-radius: 6px; margin-bottom: 15px; background-color: #ffffff; overflow: hidden; box-shadow: 0 1px 3px rgba(0,0,0,0.05);\">\n<div style=\"background-color: #f8f9fa; padding: 15px 20px; border-bottom: 1px solid #e0e0e0;\">\n<h4 style=\"margin: 0; color: #333; font-size: 16px;\">\u00bfPuedo personalizar la forma y el color de la pegatina con el logotipo de metal?<\/h4>\n<\/div>\n<div style=\"padding: 15px 20px; color: #555;\">\n<p style=\"margin: 0;\">Absolutamente. Como instalaci\u00f3n de fabricaci\u00f3n con experiencia, ofrecemos una amplia personalizaci\u00f3n. Puede elegir cualquier forma, desde letras recortadas individuales hasta logotipos geom\u00e9tricos complejos. Tambi\u00e9n ofrecemos varias opciones de revestimiento de colores para que coincida con la identidad de su marca, extendi\u00e9ndose m\u00e1s all\u00e1 del plateado est\u00e1ndar para incluir tonos met\u00e1licos personalizados solicitados por nuestros clientes.<\/p>\n<\/div>\n<\/div>\n<div style=\"border: 1px solid #e0e0e0; border-radius: 6px; margin-bottom: 15px; background-color: #ffffff; overflow: hidden; box-shadow: 0 1px 3px rgba(0,0,0,0.05);\">\n<div style=\"background-color: #f8f9fa; padding: 15px 20px; border-bottom: 1px solid #e0e0e0;\">\n<h4 style=\"margin: 0; color: #333; font-size: 16px;\">\u00bfC\u00f3mo se calcula el precio de mi pedido personalizado?<\/h4>\n<\/div>\n<div style=\"padding: 15px 20px; color: #555;\">\n<p style=\"margin: 0;\">Debido a que el logotipo de cada marca es \u00fanico, nuestros precios se determinan en funci\u00f3n de su producci\u00f3n personalizada espec\u00edfica. Los factores que influyen en la cotizaci\u00f3n final incluyen el tama\u00f1o total de la calcoman\u00eda, la complejidad del dise\u00f1o, los colores requeridos, el tipo de adhesivo elegido (como 3M hot-melt vs. est\u00e1ndar de doble cara) y el volumen total de su pedido. Le recomendamos que se comunique con su obra de arte a trav\u00e9s de nuestro formulario de solicitud de cotizaci\u00f3n para obtener una cotizaci\u00f3n precisa y competitiva adaptada a sus necesidades exactas.<\/p>\n<\/div>\n<\/div>\n<\/div>\n<div style=\"text-align: center; margin-top: 40px; padding-top: 20px; border-top: 1px solid #eee;\">\n<p style=\"font-size: 18px; font-weight: bold; color: #004085;\">Ready to Enhance Your Brand Identity?<\/p>\n<p style=\"margin-bottom: 20px; color: #666;\">P\u00f3ngase en contacto con nuestro equipo con sus archivos AI o PDF y permita que nuestras dos d\u00e9cadas de experiencia le brinden la soluci\u00f3n de etiquetas met\u00e1licas perfecta para sus productos.<\/p>\n<p><a style=\"display: inline-block; background-color: #28a745; color: #ffffff; padding: 14px 28px; text-decoration: none; font-size: 16px; font-weight: bold; border-radius: 5px; box-shadow: 0 4px 6px rgba(0,0,0,0.15);\" href=\"https:\/\/jttlogos.com\/es\/contactenos\/\">Env\u00ede su solicitud de cotizaci\u00f3n ahora<\/a><\/p>\n<\/div>\n<\/article>","protected":false},"excerpt":{"rendered":"<p>Eleve su marca con pegatinas adhesivas de metal de n\u00edquel 3M personalizadas de primera calidad con el logotipo de JTT Precision Metal Co., Ltd. Con tecnolog\u00eda de galvanoplastia ultrafina, certificaci\u00f3n SGS\/ROHS y formas y colores personalizados, nuestras calcoman\u00edas met\u00e1licas de alta calidad son perfectas para tel\u00e9fonos m\u00f3viles, cajas de maquillaje, tarjetas de boda y superficies de autom\u00f3viles. \u00a1Solicite una cotizaci\u00f3n de volumen personalizada hoy!<\/p>","protected":false},"featured_media":3193,"comment_status":"open","ping_status":"closed","template":"","meta":[],"product_brand":[],"product_cat":[48],"product_tag":[],"class_list":{"0":"post-3236","1":"product","2":"type-product","3":"status-publish","4":"has-post-thumbnail","6":"product_cat-nickel-metal-sticker","8":"first","9":"instock","10":"shipping-taxable","11":"product-type-simple"},"jetpack-related-posts":[],"jetpack_sharing_enabled":true,"_links":{"self":[{"href":"https:\/\/jttlogos.com\/es\/wp-json\/wp\/v2\/product\/3236","targetHints":{"allow":["GET"]}}],"collection":[{"href":"https:\/\/jttlogos.com\/es\/wp-json\/wp\/v2\/product"}],"about":[{"href":"https:\/\/jttlogos.com\/es\/wp-json\/wp\/v2\/types\/product"}],"replies":[{"embeddable":true,"href":"https:\/\/jttlogos.com\/es\/wp-json\/wp\/v2\/comments?post=3236"}],"wp:featuredmedia":[{"embeddable":true,"href":"https:\/\/jttlogos.com\/es\/wp-json\/wp\/v2\/media\/3193"}],"wp:attachment":[{"href":"https:\/\/jttlogos.com\/es\/wp-json\/wp\/v2\/media?parent=3236"}],"wp:term":[{"taxonomy":"product_brand","embeddable":true,"href":"https:\/\/jttlogos.com\/es\/wp-json\/wp\/v2\/product_brand?post=3236"},{"taxonomy":"product_cat","embeddable":true,"href":"https:\/\/jttlogos.com\/es\/wp-json\/wp\/v2\/product_cat?post=3236"},{"taxonomy":"product_tag","embeddable":true,"href":"https:\/\/jttlogos.com\/es\/wp-json\/wp\/v2\/product_tag?post=3236"}],"curies":[{"name":"wp","href":"https:\/\/api.w.org\/{rel}","templated":true}]}}