{"id":5701,"date":"2026-03-05T09:23:45","date_gmt":"2026-03-05T09:23:45","guid":{"rendered":"https:\/\/jttlogos.com\/?post_type=product&#038;p=5701"},"modified":"2026-05-16T05:42:15","modified_gmt":"2026-05-16T05:42:15","slug":"custom-pink-stainless-steel-etched-nameplate-3m-self-adhesive-metal-brand-logo-sticker-for-packaging-and-gift-boxes","status":"publish","type":"product","link":"https:\/\/jttlogos.com\/es\/product\/custom-pink-stainless-steel-etched-nameplate-3m-self-adhesive-metal-brand-logo-sticker-for-packaging-and-gift-boxes\/","title":{"rendered":"Placa de nombre personalizada de acero inoxidable rosa grabado \u2013 Etiqueta adhesiva met\u00e1lica de 3M con logotipo de marca para embalajes y cajas de regalo"},"content":{"rendered":"<p><!-- Interactive Media \/ Visuals Area --><\/p>\n<div style=\"background-color: #fcf4f8; padding: 25px; border-radius: 8px; text-align: center; margin-bottom: 40px; border: 1px solid #f2d5e3;\">\n<p style=\"font-size: 1.1em; color: #555; margin-bottom: 20px;\">Eleva la presencia de tu marca con productos premium <a style=\"color: #d81b60; text-decoration: none; font-weight: bold;\" href=\"https:\/\/jttlogos.com\/es\/categoria-de-producto\/pegatina-de-metal-de-acero-inoxidable\/\">Etiquetas met\u00e1licas de acero inoxidable<\/a>. Respaldado por m\u00e1s de 20 a\u00f1os de experiencia en manufactura en JTT Precision Metal Co., Ltd.<\/p>\n<p><a style=\"display: inline-block; background-color: #d81b60; color: #ffffff; padding: 15px 35px; text-decoration: none; font-size: 1.2em; font-weight: bold; border-radius: 5px; box-shadow: 0 4px 6px rgba(216, 27, 96, 0.3); transition: background-color 0.3s ease;\" href=\"#contact-inquiry\">Sube tu dise\u00f1o &amp; Solicita un presupuesto<\/a><\/p>\n<p style=\"font-size: 0.9em; color: #777; margin-top: 15px;\">Entrega r\u00e1pida | Soporte B2B integral | Calidad certificada<\/p>\n<\/div>\n<section style=\"margin-bottom: 40px;\"><iframe loading=\"lazy\" title=\"\u00a1Deja de usar papel! \ud83d\uded1 La Etiqueta de Metal Personalizada Premium Secreta \u2728#metalstickers  #luxurybranding\" width=\"563\" height=\"1000\" src=\"https:\/\/www.youtube.com\/embed\/Pb2H4_pG0ac?feature=oembed\" frameborder=\"0\" allow=\"accelerometer; autoplay; clipboard-write; encrypted-media; gyroscope; picture-in-picture; web-share\" referrerpolicy=\"strict-origin-when-cross-origin\" allowfullscreen><\/iframe><\/p>\n<h2><img data-recalc-dims=\"1\" loading=\"lazy\" decoding=\"async\" class=\"alignnone wp-image-1418 size-full\" src=\"https:\/\/i0.wp.com\/jttlogos.com\/wp-content\/uploads\/2020\/05\/151.jpg?resize=600%2C450&#038;ssl=1\" alt=\"Etiquetas de logotipo de marca personalizadas\" width=\"600\" height=\"450\" title=\"\"><\/h2>\n<h2 style=\"color: #2c3e50; border-bottom: 2px solid #d81b60; padding-bottom: 10px; margin-bottom: 20px;\">Placas de identificaci\u00f3n de metal inoxidable rosa personalizadas premium<\/h2>\n<p style=\"font-size: 1.05em; margin-bottom: 15px;\">En el mundo altamente competitivo de la presentaci\u00f3n de productos, los detalles importan. Nuestras <strong>Placas de identificaci\u00f3n de metal inoxidable rosa personalizadas<\/strong> y <strong>Logotipos adhesivos grabados<\/strong> se elaboran con meticulosidad para ofrecer una soluci\u00f3n de marca permanente y lujosa para su embalaje y art\u00edculos. Especializados en etiquetas met\u00e1licas personalizadas durante m\u00e1s de dos d\u00e9cadas, <a href=\"https:\/\/jttlogos.com\/es\/\">JTT Precision Metal Co., Ltd. (jttlogos.com)<\/a> ofrece soluciones de fabricaci\u00f3n personalizadas dise\u00f1adas para elevar la identidad de su marca.<\/p>\n<p style=\"font-size: 1.05em; margin-bottom: 15px;\">Ya sea que est\u00e9 equipando cajas de regalo de lujo, electrodom\u00e9sticos para el hogar o maquinaria pesada, nuestras etiquetas de acero inoxidable grabadas ofrecen una durabilidad y un atractivo est\u00e9tico sin igual. El proceso \u00fanico de coloraci\u00f3n rosa crea un contraste visualmente impactante, lo que garantiza que su logotipo corporativo capture la atenci\u00f3n inmediata del consumidor. Respaldadas por opciones de respaldo adhesivo 3M robusto, estas calcoman\u00edas met\u00e1licas autoadhesivas proporcionan un enlace duradero en una multitud de superficies.<\/p>\n<\/section>\n<section style=\"margin-bottom: 40px;\">\n<h2 style=\"color: #2c3e50; border-bottom: 2px solid #d81b60; padding-bottom: 10px; margin-bottom: 20px;\">Especificaciones t\u00e9cnicas integrales<\/h2>\n<p style=\"margin-bottom: 15px;\">La transparencia y la precisi\u00f3n son el n\u00facleo de nuestro proceso de fabricaci\u00f3n. A continuaci\u00f3n, se presentan las especificaciones t\u00e9cnicas verificadas para nuestras etiquetas adhesivas personalizadas con logotipo de acero inoxidable rosa, dise\u00f1adas para una integraci\u00f3n perfecta en su cadena de suministro.<\/p>\n<table style=\"width: 100%; border-collapse: collapse; margin: 20px 0; font-size: 1em; box-shadow: 0 2px 8px rgba(0,0,0,0.05);\">\n<thead>\n<tr>\n<th style=\"background-color: #d81b60; color: #ffffff; padding: 15px; text-align: left; border: 1px solid #c2185b; width: 30%;\">Especificaciones<\/th>\n<th style=\"background-color: #d81b60; color: #ffffff; padding: 15px; text-align: left; border: 1px solid #c2185b; width: 70%;\">Detalle<\/th>\n<\/tr>\n<\/thead>\n<tbody>\n<tr style=\"background-color: #fafafa;\">\n<td style=\"padding: 12px 15px; border: 1px solid #e0e0e0; font-weight: bold; color: #333;\">Producto<\/td>\n<td style=\"padding: 12px 15px; border: 1px solid #e0e0e0;\"><a style=\"color: #d81b60; text-decoration: none;\" href=\"https:\/\/jttlogos.com\/es\/categoria-de-producto\/pegatina-de-metal-de-acero-inoxidable\/\">Etiquetas met\u00e1licas de acero inoxidable<\/a> Etiquetas adhesivas con logotipo de marca personalizado<\/td>\n<\/tr>\n<tr>\n<td style=\"padding: 12px 15px; border: 1px solid #e0e0e0; font-weight: bold; color: #333;\">Base del material<\/td>\n<td style=\"padding: 12px 15px; border: 1px solid #e0e0e0;\">Acero Inoxidable de Alta Calidad<\/td>\n<\/tr>\n<tr style=\"background-color: #fafafa;\">\n<td style=\"padding: 12px 15px; border: 1px solid #e0e0e0; font-weight: bold; color: #333;\">T\u00e9cnica de Fabricaci\u00f3n<\/td>\n<td style=\"padding: 12px 15px; border: 1px solid #e0e0e0;\">Grabado qu\u00edmico \/ Infusi\u00f3n de color<\/td>\n<\/tr>\n<tr>\n<td style=\"padding: 12px 15px; border: 1px solid #e0e0e0; font-weight: bold; color: #333;\">Espesor disponible<\/td>\n<td style=\"padding: 12px 15px; border: 1px solid #e0e0e0;\">0.1mm \u2013 0.5mm (Perfiles ultra-delgados a robustos)<\/td>\n<\/tr>\n<tr style=\"background-color: #fafafa;\">\n<td style=\"padding: 12px 15px; border: 1px solid #e0e0e0; font-weight: bold; color: #333;\">Tama\u00f1o y Color<\/td>\n<td style=\"padding: 12px 15px; border: 1px solid #e0e0e0;\">100% Personalizado (Cualquier tama\u00f1o, forma y acabado rosa \u00fanico personalizado)<\/td>\n<\/tr>\n<tr>\n<td style=\"padding: 12px 15px; border: 1px solid #e0e0e0; font-weight: bold; color: #333;\">Respaldo Adhesivo (Pegamento)<\/td>\n<td style=\"padding: 12px 15px; border: 1px solid #e0e0e0;\">Adhesivo est\u00e1ndar 3M, pegamento de fusi\u00f3n caliente 3M, Adhesivo autoadhesivo doble cara<\/td>\n<\/tr>\n<tr style=\"background-color: #fafafa;\">\n<td style=\"padding: 12px 15px; border: 1px solid #e0e0e0; font-weight: bold; color: #333;\">Certificaciones de la industria<\/td>\n<td style=\"padding: 12px 15px; border: 1px solid #e0e0e0;\">Cumple con SGS, ROHS y MSDS<\/td>\n<\/tr>\n<tr>\n<td style=\"padding: 12px 15px; border: 1px solid #e0e0e0; font-weight: bold; color: #333;\">Formatos de arte aceptados<\/td>\n<td style=\"padding: 12px 15px; border: 1px solid #e0e0e0;\">Se requieren archivos vectoriales: AI, PDF, CDR, CAD o similares<\/td>\n<\/tr>\n<\/tbody>\n<\/table>\n<\/section>\n<section style=\"margin-bottom: 40px;\">\n<h2 style=\"color: #2c3e50; border-bottom: 2px solid #d81b60; padding-bottom: 10px; margin-bottom: 20px;\">Proceso Avanzado de Fabricaci\u00f3n y Grabado<\/h2>\n<p style=\"margin-bottom: 15px;\">Con m\u00e1s de dos d\u00e9cadas inmersos en la industria de fabricaci\u00f3n de etiquetas de metal, nuestra f\u00e1brica emplea un flujo de producci\u00f3n altamente controlado y estricto. No solo imprimimos logotipos; los grabamos permanentemente en acero inoxidable de alta calidad para crear una textura f\u00edsica duradera.<\/p>\n<p>&nbsp;<\/p>\n<ul style=\"list-style-type: none; padding-left: 0;\">\n<li style=\"margin-bottom: 15px; padding-left: 25px; position: relative;\"><span style=\"position: absolute; left: 0; color: #d81b60; font-weight: bold;\">1.<\/span><strong>Validaci\u00f3n de obra de arte digital:<\/strong> Nuestros especialistas en producci\u00f3n revisan cuidadosamente sus archivos AI, PDF o CDR enviados para garantizar que las l\u00edneas vectoriales est\u00e9n perfectamente optimizadas para el proceso de grabado.<\/li>\n<li><\/li>\n<li style=\"margin-bottom: 15px; padding-left: 25px; position: relative;\"><span style=\"position: absolute; left: 0; color: #d81b60; font-weight: bold;\">2.<\/span><strong>Grabado qu\u00edmico de precisi\u00f3n:<\/strong> Utilizando soluciones qu\u00edmicas controladas, la superficie de acero inoxidable se disuelve selectivamente para crear recessos profundos y precisos que forman su logotipo corporativo exacto o tipograf\u00eda de marca.<\/li>\n<li><\/li>\n<li style=\"margin-bottom: 15px; padding-left: 25px; position: relative;\"><span style=\"position: absolute; left: 0; color: #d81b60; font-weight: bold;\">3.<\/span><strong>Tratamiento de superficie rosa personalizado:<\/strong> Las placas de metal grabadas se someten a un riguroso proceso de coloraci\u00f3n de superficie, logrando una est\u00e9tica rosa resistente y vibrante que resiste el desvanecimiento, la peladura y el desgaste ambiental.<\/li>\n<li><\/li>\n<li style=\"margin-bottom: 15px; padding-left: 25px; position: relative;\"><span style=\"position: absolute; left: 0; color: #d81b60; font-weight: bold;\">4.<\/span><strong>Aplicaci\u00f3n de adhesivo:<\/strong> Dependiendo de su aplicaci\u00f3n requerida, laminamos el lado posterior con agentes de uni\u00f3n premium, incluyendo pegamento de fusi\u00f3n caliente 3M o cintas autoadhesivas de doble cara de alta resistencia.<\/li>\n<\/ul>\n<\/section>\n<section style=\"margin-bottom: 40px;\">\n<h2 style=\"color: #2c3e50; border-bottom: 2px solid #d81b60; padding-bottom: 10px; margin-bottom: 20px;\">Escenarios de Aplicaci\u00f3n Vers\u00e1tiles<\/h2>\n<p style=\"margin-bottom: 15px;\">Nuestras placas de identificaci\u00f3n de metal inoxidable rosa personalizadas son confiadas por marcas de todo el mundo en diversos sectores. El perfil elegante de 0,1 mm a 0,5 mm garantiza que la etiqueta se integre perfectamente en el dise\u00f1o de su producto sin agregar volumen innecesario.<\/p>\n<div style=\"display: flex; flex-wrap: wrap; gap: 20px;\">\n<div style=\"flex: 1 1 45%; background-color: #f9f9f9; padding: 20px; border-left: 4px solid #d81b60; border-radius: 4px;\">\n<h3 style=\"color: #d81b60; margin-top: 0; font-size: 1.1em;\">Cajas de embalaje y regalo<\/h3>\n<p style=\"margin-bottom: 0; font-size: 0.95em;\">Transforme cajas de cart\u00f3n est\u00e1ndar o r\u00edgidas en packaging de lujo. Un decal de metal grabado rosa personalizado a\u00f1ade un valor premium t\u00e1ctil a los cosm\u00e9ticos, perfumes y regalos de boutique de alta gama.<\/p>\n<\/div>\n<div style=\"flex: 1 1 45%; background-color: #f9f9f9; padding: 20px; border-left: 4px solid #d81b60; border-radius: 4px;\">\n<h3 style=\"color: #d81b60; margin-top: 0; font-size: 1.1em;\">Electrodom\u00e9sticos<\/h3>\n<p style=\"margin-bottom: 0; font-size: 0.95em;\">El acero inoxidable ofrece una excelente resistencia a la humedad y el calor, lo que hace que estas placas de identificaci\u00f3n grabadas sean ideales para refrigeradores, lavadoras y electrodom\u00e9sticos de cocina premium.<\/p>\n<\/div>\n<div style=\"flex: 1 1 45%; background-color: #f9f9f9; padding: 20px; border-left: 4px solid #d81b60; border-radius: 4px;\">\n<h3 style=\"color: #d81b60; margin-top: 0; font-size: 1.1em;\">Productos electr\u00f3nicos<\/h3>\n<p style=\"margin-bottom: 0; font-size: 0.95em;\">Adhiera insignias de marca a port\u00e1tiles, equipos de audio y dispositivos inteligentes. El adhesivo 3M fuerte garantiza que el logotipo permanezca firmemente sujeto a pesar del manejo diario.<\/p>\n<\/div>\n<div style=\"flex: 1 1 45%; background-color: #f9f9f9; padding: 20px; border-left: 4px solid #d81b60; border-radius: 4px;\">\n<h3 style=\"color: #d81b60; margin-top: 0; font-size: 1.1em;\">Maquinaria industrial<\/h3>\n<p style=\"margin-bottom: 0; font-size: 0.95em;\">Utilice placas de acero inoxidable m\u00e1s gruesas (0,5 mm) para etiquetas de identificaci\u00f3n de maquinaria duradera, proporcionando una visibilidad vital de la marca en equipos de fabricaci\u00f3n pesados.<\/p>\n<\/div>\n<\/div>\n<\/section>\n<section style=\"margin-bottom: 40px;\">\n<h2 style=\"color: #2c3e50; border-bottom: 2px solid #d81b60; padding-bottom: 10px; margin-bottom: 20px;\">Gu\u00eda de instalaci\u00f3n y aplicaci\u00f3n<\/h2>\n<p style=\"margin-bottom: 15px;\">Para lograr la m\u00e1xima resistencia de uni\u00f3n con nuestros adhesivos 3M y autoadhesivos de doble cara, es fundamental una preparaci\u00f3n adecuada de la superficie. Siga estos sencillos pasos para una aplicaci\u00f3n permanente:<\/p>\n<ol style=\"line-height: 1.8; margin-bottom: 20px;\">\n<li><strong>Preparaci\u00f3n de la superficie:<\/strong> Aseg\u00farese de que la superficie objetivo (caja de embalaje, aparato o maquinaria) est\u00e9 completamente limpia, seca y libre de polvo, aceites o aerosoles de silicona. Se recomienda un pa\u00f1o con alcohol.<\/li>\n<li><strong>Pele la parte posterior:<\/strong> Retire cuidadosamente el papel protector del lado reverso de la placa de identificaci\u00f3n de acero inoxidable, teniendo cuidado de no tocar el adhesivo 3M expuesto.<\/li>\n<li><strong>Alineaci\u00f3n:<\/strong> Coloque el adhesivo de la insignia de la marca met\u00e1lica precisamente sobre el \u00e1rea objetivo. Debido a la alta adherencia del adhesivo, puede ser dif\u00edcil reposicionar una vez que se ha hecho contacto.<\/li>\n<li><strong>Aplica presi\u00f3n:<\/strong> Presione firmemente sobre toda la superficie de la placa de identificaci\u00f3n, movi\u00e9ndose desde el centro hacia afuera, para eliminar las bolsas de aire y activar el adhesivo sensible a la presi\u00f3n. El tiempo de curado completo suele ser de 24 horas.<\/li>\n<\/ol>\n<\/section>\n<p><!-- Knowledge Base Section --><\/p>\n<section style=\"margin-bottom: 40px;\">\n<div style=\"background-color: #f8f9fa; border: 1px solid #e9ecef; border-left: 6px solid #d81b60; padding: 25px; border-radius: 6px; box-shadow: inset 0 0 10px rgba(0,0,0,0.02);\">\n<h2 style=\"color: #2c3e50; margin-top: 0; margin-bottom: 15px; font-size: 1.4em;\">Conocimiento experto: \u00bfPor qu\u00e9 elegir acero inoxidable grabado?<\/h2>\n<p style=\"margin-bottom: 10px;\">Al buscar soluciones de etiquetado B2B, los compradores a menudo comparan la impresi\u00f3n con la grabaci\u00f3n. <strong>Grabado qu\u00edmico<\/strong> modifica f\u00edsicamente el sustrato de acero inoxidable. A diferencia de la impresi\u00f3n superficial, que puede rayarse o decolorarse bajo la luz UV, las etiquetas de logotipos de marca grabados ofrecen legibilidad de por vida. Las \u00e1reas rehundidas creadas por el proceso de grabado se pueden rellenar con esmaltes o pinturas rosadas especializadas, creando un efecto visual din\u00e1mico y multidimensional.<\/p>\n<p style=\"margin-bottom: 0;\">Adem\u00e1s, <strong>Acero inoxidable<\/strong> se selecciona por su superior resistencia a la corrosi\u00f3n y su resistencia a la tracci\u00f3n. Al ofrecer espesores que van desde un flexible 0,1 mm hasta un r\u00edgido 0,5 mm, estas etiquetas pueden adaptarse a superficies ligeramente curvas (como botellas o productos electr\u00f3nicos cil\u00edndricos) manteniendo la integridad estructural.<\/p>\n<\/div>\n<\/section>\n<section style=\"margin-bottom: 40px;\">\n<h2 style=\"color: #2c3e50; border-bottom: 2px solid #d81b60; padding-bottom: 10px; margin-bottom: 20px;\">Se\u00f1ales de confianza y capacidades B2B globales<\/h2>\n<p style=\"margin-bottom: 15px;\">Colaborando con JTT Precision Metal Co., Ltd. garantiza que est\u00e1s tratando directamente con un fabricante autorizado. Priorizamos la seguridad del producto, el cumplimiento ambiental y el comercio global seguro.<\/p>\n<ul style=\"list-style-type: disc; padding-left: 20px; line-height: 1.8;\">\n<li><strong>lo que garantiza la seguridad ambiental y evita la fricci\u00f3n de importaci\u00f3n.,\u00bfC\u00f3mo aplico la etiqueta adhesiva de metal ultrafina con el logotipo a mi producto?,La aplicaci\u00f3n es simple y no requiere herramientas especializadas. Retire con cuidado el revestimiento antiadherente de la parte posterior<\/strong> Todos nuestros materiales y formulaciones adhesivas cumplen estrictamente con <strong>SGS, ROHS y MSDS<\/strong> los est\u00e1ndares, lo que garantiza que sean seguros para el embalaje de consumo global y ambientalmente responsables.<\/li>\n<li><strong>Estricto control de calidad:<\/strong> Cada lote de etiquetas met\u00e1licas personalizadas se somete a inspecciones rigurosas antes del env\u00edo. Nos comprometemos a entregar productos libres de defectos desde nuestra f\u00e1brica hasta su almac\u00e9n.<\/li>\n<li><strong>Pasarelas de Pago Seguras:<\/strong> Aceptamos procesos de adquisiciones B2B con t\u00e9rminos de pago altamente flexibles y seguros, que incluyen: Pago con tarjeta de cr\u00e9dito, PayPal, Transferencia bancaria (T\/T), Western Union, L\/C y pedidos con garant\u00eda comercial de Alibaba. Los t\u00e9rminos est\u00e1ndar son 30% T\/T como dep\u00f3sito, con el saldo liquidado antes de la entrega.<\/li>\n<li><strong>Env\u00edo global confiable:<\/strong> Los pedidos se empaquetan profesionalmente en bolsas de paquete OPP protectoras para evitar rayones durante el tr\u00e1nsito. Coordinamos la log\u00edstica por mar, por aire o a trav\u00e9s de servicios de mensajer\u00eda expr\u00e9s como DHL y UPS, asegurando que su cadena de suministro permanezca ininterrumpida.<\/li>\n<\/ul>\n<\/section>\n<p><!-- B2B Interactive Workflow Area --><\/p>\n<div id=\"contact-inquiry\" style=\"background-color: #343a40; color: #ffffff; padding: 30px; border-radius: 8px; margin-bottom: 40px; text-align: center;\">\n<h3 style=\"color: #ffffff; margin-top: 0; font-size: 1.5em; margin-bottom: 15px;\">\u00bfListo para comenzar tu pedido personalizado?<\/h3>\n<p style=\"font-size: 1.05em; margin-bottom: 20px; color: #ced4da;\">Ofrecemos creaci\u00f3n r\u00e1pida de prototipos. Obt\u00e9n una muestra de referencia existente enviada en solo <strong>1 d\u00eda<\/strong>, o un prototipo personalizado hecho seg\u00fan tus especificaciones exactas en <strong>5-7 d\u00edas<\/strong>. Los tiempos de entrega para la producci\u00f3n en masa son altamente eficientes y adaptados al volumen de su proyecto.<\/p>\n<div style=\"background-color: rgba(255,255,255,0.1); padding: 15px; border-radius: 6px; display: inline-block; text-align: left; margin-bottom: 25px;\">\n<p><strong style=\"color: #d81b60; font-size: 1.1em;\">Formatos de arte requeridos:<\/strong><\/p>\n<p style=\"margin: 5px 0 0 0;\">Por favor, prepare sus dise\u00f1os de marca en formato vectorial: <strong>formatos AI, PDF, CDR o CAD<\/strong>.<\/p>\n<\/div>\n<p><a style=\"display: inline-block; background-color: #d81b60; color: #ffffff; padding: 12px 30px; text-decoration: none; font-size: 1.1em; font-weight: bold; border-radius: 4px; border: 2px solid #d81b60; transition: all 0.3s ease;\" href=\"https:\/\/jttlogos.com\/es\/contactenos\/\">Contactar al equipo de ventas<\/a><\/p>\n<\/div>\n<p><!-- FAQ Section --><\/p>\n<section style=\"margin-bottom: 40px;\">\n<h2 style=\"color: #2c3e50; border-bottom: 2px solid #d81b60; padding-bottom: 10px; margin-bottom: 20px;\">Preguntas frecuentes (FAQ)<\/h2>\n<div style=\"margin-bottom: 15px; padding-bottom: 15px; border-bottom: 1px solid #eeeeee;\">\n<h3 style=\"margin: 0 0 10px 0; font-size: 1.1em; color: #333333;\">P: \u00bfCu\u00e1nto tiempo lleva fabricar una placa de nombre de metal grabada personalizada?<\/h3>\n<p style=\"margin: 0; color: #555555;\"><strong>R:<\/strong> Para dise\u00f1os personalizados, nuestro proceso de creaci\u00f3n de muestras toma solo 5-7 d\u00edas. El plazo de entrega para la producci\u00f3n en masa depende estrictamente de la cantidad de su pedido espec\u00edfico y de la complejidad de la forma personalizada y los acabados de color. Tambi\u00e9n enviamos muestras existentes en 1 d\u00eda para referencia.<\/p>\n<\/div>\n<div style=\"margin-bottom: 15px; padding-bottom: 15px; border-bottom: 1px solid #eeeeee;\">\n<h3 style=\"margin: 0 0 10px 0; font-size: 1.1em; color: #333333;\">P: \u00bfPuedo personalizar el tama\u00f1o y la forma exactos de la etiqueta de acero inoxidable?<\/h3>\n<p style=\"margin: 0; color: #555555;\"><strong>R:<\/strong> Absolutamente. Ofrecemos personalizaci\u00f3n de 100% para tama\u00f1o, forma y color. Ya sea que necesite un contorno cortado con precisi\u00f3n para una caja de regalo cosm\u00e9tica o una placa rectangular grande para maquinaria industrial, adaptamos todas las especificaciones.<\/p>\n<\/div>\n<div style=\"margin-bottom: 15px; padding-bottom: 15px; border-bottom: 1px solid #eeeeee;\">\n<h3 style=\"margin: 0 0 10px 0; font-size: 1.1em; color: #333333;\">P: \u00bfQu\u00e9 adhesivo es mejor para mi embalaje?<\/h3>\n<p style=\"margin: 0; color: #555555;\"><strong>R:<\/strong> Depende del material de la superficie. Nuestro adhesivo est\u00e1ndar 3M funciona brillantemente para cajas de embalaje y electr\u00f3nica lisas y r\u00edgidas. Si necesita unir superficies porosas o con texturas muy pronunciadas, podemos recomendar nuestro pegamento de fusi\u00f3n en caliente 3M u opciones de adhesivo doble autoadhesivo de alta resistencia. Consulte a nuestro equipo con los detalles de su solicitud para obtener la mejor recomendaci\u00f3n.<\/p>\n<\/div>\n<div style=\"margin-bottom: 15px; padding-bottom: 15px; border-bottom: 1px solid #eeeeee;\">\n<h3 style=\"margin: 0 0 10px 0; font-size: 1.1em; color: #333333;\">P: \u00bfSus productos de etiquetas de metal est\u00e1n certificados ambientalmente?<\/h3>\n<p style=\"margin: 0; color: #555555;\"><strong>R:<\/strong> S\u00ed, nuestro material de acero inoxidable y los adhesivos de uni\u00f3n est\u00e1n totalmente certificados con documentaci\u00f3n SGS, ROHS y MSDS, lo que garantiza que cumplan con rigurosos est\u00e1ndares internacionales de seguridad y cumplimiento ambiental.<\/p>\n<\/div>\n<\/section>","protected":false},"excerpt":{"rendered":"<p>Eleva tu marca con placas de nombre de metal inoxidable rosa personalizadas y etiquetas con logotipo grabado para embalaje. Certificadas SGS\/ROHS, respaldo adhesivo 3M y m\u00e1s de 20 a\u00f1os de experiencia en fabricaci\u00f3n. \u00a1Solicita un presupuesto hoy!<\/p>","protected":false},"featured_media":5316,"comment_status":"open","ping_status":"closed","template":"","meta":[],"product_brand":[],"product_cat":[52],"product_tag":[],"class_list":{"0":"post-5701","1":"product","2":"type-product","3":"status-publish","4":"has-post-thumbnail","6":"product_cat-stainless-steel-metal-sticker","8":"first","9":"instock","10":"shipping-taxable","11":"product-type-simple"},"jetpack-related-posts":[],"jetpack_sharing_enabled":true,"_links":{"self":[{"href":"https:\/\/jttlogos.com\/es\/wp-json\/wp\/v2\/product\/5701","targetHints":{"allow":["GET"]}}],"collection":[{"href":"https:\/\/jttlogos.com\/es\/wp-json\/wp\/v2\/product"}],"about":[{"href":"https:\/\/jttlogos.com\/es\/wp-json\/wp\/v2\/types\/product"}],"replies":[{"embeddable":true,"href":"https:\/\/jttlogos.com\/es\/wp-json\/wp\/v2\/comments?post=5701"}],"wp:featuredmedia":[{"embeddable":true,"href":"https:\/\/jttlogos.com\/es\/wp-json\/wp\/v2\/media\/5316"}],"wp:attachment":[{"href":"https:\/\/jttlogos.com\/es\/wp-json\/wp\/v2\/media?parent=5701"}],"wp:term":[{"taxonomy":"product_brand","embeddable":true,"href":"https:\/\/jttlogos.com\/es\/wp-json\/wp\/v2\/product_brand?post=5701"},{"taxonomy":"product_cat","embeddable":true,"href":"https:\/\/jttlogos.com\/es\/wp-json\/wp\/v2\/product_cat?post=5701"},{"taxonomy":"product_tag","embeddable":true,"href":"https:\/\/jttlogos.com\/es\/wp-json\/wp\/v2\/product_tag?post=5701"}],"curies":[{"name":"P\u00e1gina web","href":"https:\/\/api.w.org\/{rel}","templated":true}]}}