{"id":103,"date":"2018-03-06T09:12:47","date_gmt":"2018-03-06T09:12:47","guid":{"rendered":"https:\/\/xml-io.proteusthemes.com\/woondershop-amazon\/?page_id=103"},"modified":"2024-03-30T01:43:12","modified_gmt":"2024-03-30T01:43:12","slug":"about-us","status":"publish","type":"page","link":"https:\/\/jttlogos.com\/fr\/a-propos-de-nous\/","title":{"rendered":"About Us"},"content":{"rendered":"<div id=\"page-header-1956329507\" class=\"page-header-wrapper\">\n  <div class=\"page-title dark featured-title\">\n\n        <div class=\"page-title-bg\">\n      <div class=\"title-bg fill bg-fill\"\n        data-parallax-container=\".page-title\"\n        data-parallax-background\n data-parallax=\"-\">\n      <\/div>\n      <div class=\"title-overlay fill\"><\/div>\n    <\/div>\n    \n    <div class=\"page-title-inner container align-center text-center flex-row-col medium-flex-wrap\" >\n              <div class=\"title-wrapper flex-col\">\n          <h1 class=\"entry-title mb-0\">\n            Logos Auout JTT          <\/h1>\n        <\/div>\n                <div class=\"page-title-sub op-7 flex-col\">\n          <p class=\"lead\">Autocollants de logo m\u00e9tallique personnalis\u00e9s professionnels<\/p>\n        <\/div>\n                    <div class=\"title-content flex-col\">\n        <ul class=\"nav sm-touch-scroll nav-line nav-uppercase text-center nav-center\"><li class=\"nav-single-page hidden\"><\/li><\/ul>      <\/div>\n    <\/div>\n\n     \n<style>\n#page-header-1956329507 .page-title-inner {\n  min-height: 300px;\n}\n#page-header-1956329507 .title-bg {\n  background-image: url(https:\/\/jttlogos.com\/wp-content\/uploads\/2023\/12\/\u4e2d\u7684\u4f4d\u56fe-\u8c03\u6574-\u5355\u9762540x360mm.jpg);\n  background-position: 54% 80%;\n}\n#page-header-1956329507 .title-overlay {\n  background-color: rgba(0, 0, 0, 0.5);\n}\n<\/style>\n  <\/div>\n    <\/div>\n  \n\t<section class=\"section\" id=\"section_650566667\">\n\t\t<div class=\"bg section-bg fill bg-fill  bg-loaded\" >\n\n\t\t\t\n\t\t\t\n\t\t\t\n\n\t\t<\/div>\n\n\t\t\n\n\t\t<div class=\"section-content relative\">\n\t\t\t\n<div class=\"row\"  id=\"row-792448163\">\n\n\t<div id=\"col-477217069\" class=\"col small-12 large-12\"  >\n\t\t\t\t<div class=\"col-inner\" style=\"background-color:rgb(255,255,255);\" >\n\t\t\t\n\t\t\t\n<div class=\"text-center\"><div class=\"is-divider divider clearfix\" style=\"margin-top:10px;margin-bottom:10px;background-color:rgba(0, 0, 0, 0.16);\"><\/div><\/div>\n<div class=\"row row-full-width align-center\"  id=\"row-536573946\">\n\n\t<div id=\"col-1542629956\" class=\"col medium-9 small-10 large-10\"  >\n\t\t\t\t<div class=\"col-inner text-center\"  >\n\t\t\t\n\t\t\t\n<h2>\u00c9levez votre marque avec des autocollants de logo en m\u00e9tal personnalis\u00e9s de Jttlogos <\/h2>\n<p>Jttlogos est l&#039;un des principaux fabricants d&#039;autocollants de logos m\u00e9talliques personnalis\u00e9s, avec plus de 14 ans d&#039;expertise dans la fourniture de solutions innovantes et de haute qualit\u00e9 pour les besoins de marque. Nos prix comp\u00e9titifs, notre solide \u00e9quipe de R&amp;D et notre engagement envers la satisfaction du client font de nous le partenaire id\u00e9al pour accro\u00eetre la pr\u00e9sence de votre marque.<\/p>\n<a class=\"button secondary\"  style=\"border-radius:4px;\">\n    <span>Notre histoire<\/span>\n  <\/a>\n\n\t\t<\/div>\n\t\t\t\t\n<style>\n#col-1542629956 > .col-inner {\n  margin: 20px 0px 20px 0px;\n}\n<\/style>\n\t<\/div>\n\n\t\n<\/div>\n\t\t<\/div>\n\t\t\t\t\n<style>\n#col-477217069 > .col-inner {\n  padding: 50px 0px 0px 0px;\n  margin: -70px 0px 0px 0px;\n}\n<\/style>\n\t<\/div>\n\n\t\n<\/div>\n\t\t<\/div>\n\n\t\t\n<style>\n#section_650566667 {\n  padding-top: 30px;\n  padding-bottom: 30px;\n}\n<\/style>\n\t<\/section>\n\t\n\t<section class=\"section\" id=\"section_1101624533\">\n\t\t<div class=\"bg section-bg fill bg-fill  bg-loaded\" >\n\n\t\t\t\n\t\t\t\n\t\t\t\n\n\t\t<\/div>\n\n\t\t\n\n\t\t<div class=\"section-content relative\">\n\t\t\t\n<div class=\"row align-center\"  id=\"row-1514687036\">\n\n\t<div id=\"col-1221039192\" class=\"col medium-11 small-12 large-10\"  >\n\t\t\t\t<div class=\"col-inner\"  >\n\t\t\t\n\t\t\t\n<h2>Leaders dans les autocollants avec logo en m\u00e9tal personnalis\u00e9 <\/h2>\n<p>Avec une pr\u00e9cision et une expertise in\u00e9gal\u00e9es, JTT Precision Metal Co., Ltd. \u00e9tablit la norme en mati\u00e8re de fabrication d&#039;autocollants de logo en m\u00e9tal sur mesure pour vos besoins de marque.<\/p>\n\t\t<\/div>\n\t\t\t\t\t<\/div>\n\n\t\n\n<style>\n#row-1514687036 > .col > .col-inner {\n  padding: 50px 0px 20px 0px;\n}\n@media (min-width:550px) {\n  #row-1514687036 > .col > .col-inner {\n    padding: 100px 0px 50px 0px;\n  }\n}\n<\/style>\n<\/div>\n<div class=\"row align-center\"  id=\"row-1358794729\">\n\n\t<div id=\"col-1448340599\" class=\"col medium-11 small-12 large-10\"  >\n\t\t\t\t<div class=\"col-inner\"  >\n\t\t\t\n\t\t\t\n<div class=\"row row-large align-middle\"  id=\"row-164374197\">\n\n\t<div id=\"col-1724225792\" class=\"col medium-4 small-12 large-6\"  >\n\t\t\t\t<div class=\"col-inner\"  >\n\t\t\t\n\t\t\t\n\n  <div class=\"banner has-hover\" id=\"banner-1745566921\">\n          <div class=\"banner-inner fill\">\n        <div class=\"banner-bg fill\" >\n            <div class=\"bg fill bg-fill\"><\/div>\n                                    \n                    <\/div>\n\t\t\n        <div class=\"banner-layers container\">\n            <div class=\"fill banner-link\"><\/div>            \n   <div id=\"text-box-882103590\" class=\"text-box banner-layer x50 md-x50 lg-x50 y50 md-y50 lg-y50 res-text\">\n                                <div class=\"text-box-content text dark\">\n              \n              <div class=\"text-inner text-center\">\n                  \n              <\/div>\n           <\/div>\n                            \n<style>\n#text-box-882103590 {\n  width: 60%;\n}\n#text-box-882103590 .text-box-content {\n  font-size: 100%;\n}\n@media (min-width:550px) {\n  #text-box-882103590 {\n    width: 60%;\n  }\n}\n<\/style>\n    <\/div>\n \n        <\/div>\n      <\/div>\n\n            \n<style>\n#banner-1745566921 {\n  padding-top: 99.99%;\n}\n#banner-1745566921 .bg.bg-loaded {\n  background-image: url(https:\/\/i0.wp.com\/jttlogos.com\/wp-content\/uploads\/2020\/05\/about-2.jpg?fit=640%2C360&ssl=1);\n}\n@media (min-width:550px) {\n  #banner-1745566921 {\n    padding-top: 99.99%;\n  }\n}\n<\/style>\n  <\/div>\n\n\n\t\t<\/div>\n\t\t\t\t\t<\/div>\n\n\t\n\n\t<div id=\"col-858845061\" class=\"col medium-8 small-12 large-6\"  >\n\t\t\t\t<div class=\"col-inner\"  >\n\t\t\t\n\t\t\t\n<h3><strong>QUI NOUS SOMMES?<\/strong><\/h3>\n<p><a href=\"https:\/\/jttlogos.com\/fr\/\" data-abc=\"true\">JTT<\/a>\u00a0est un fabricant de produits personnalis\u00e9s\u00a0<a href=\"https:\/\/jttlogos.com\/fr\/categorie-de-produit\/metal-nickel-sticker\/\" data-abc=\"true\">Autocollants avec logo en m\u00e9tal nickel\u00e9<\/a>,\u00a0<a href=\"https:\/\/jttlogos.com\/fr\/categorie-de-produit\/stainless-steel-sticker\/\" data-abc=\"true\">Stainless Steel Metal Logo Stickers<\/a>,\u00a0<a href=\"https:\/\/jttlogos.com\/fr\/categorie-de-produit\/3d-sticker\/\" data-abc=\"true\">Autocollants avec logo en m\u00e9tal 3D<\/a>, sp\u00e9cialis\u00e9 dans cette industrie depuis 14 ans.<\/p>\n\t\t<\/div>\n\t\t\t\t\t<\/div>\n\n\t\n<\/div>\n<div class=\"row row-large align-middle\"  id=\"row-1700968004\">\n\n\t<div id=\"col-1430491886\" class=\"col medium-8 small-12 large-6\"  >\n\t\t\t\t<div class=\"col-inner\"  >\n\t\t\t\n\t\t\t\n<h3><strong>HAUTE QUALIT\u00c9 ET PERSONNALISABLE<\/strong><\/h3>\n<p>JTT est votre partenaire id\u00e9al, nous sommes passionn\u00e9s par l&#039;id\u00e9e de vous fournir des autocollants m\u00e9talliques de haute qualit\u00e9 et personnalisables de diff\u00e9rents types. Nous sommes tr\u00e8s fiers de servir tous les aspects des affaires et de l\u2019industrie.<\/p>\n\t\t<\/div>\n\t\t\t\t\t<\/div>\n\n\t\n\n\t<div id=\"col-928491457\" class=\"col medium-4 small-12 large-6 medium-col-first\"  >\n\t\t\t\t<div class=\"col-inner\"  >\n\t\t\t\n\t\t\t\n\n  <div class=\"banner has-hover\" id=\"banner-193570841\">\n          <div class=\"banner-inner fill\">\n        <div class=\"banner-bg fill\" >\n            <div class=\"bg fill bg-fill\"><\/div>\n                                    \n                    <\/div>\n\t\t\n        <div class=\"banner-layers container\">\n            <div class=\"fill banner-link\"><\/div>            \n   <div id=\"text-box-1156150540\" class=\"text-box banner-layer x50 md-x50 lg-x50 y50 md-y50 lg-y50 res-text\">\n                                <div class=\"text-box-content text dark\">\n              \n              <div class=\"text-inner text-center\">\n                  \n              <\/div>\n           <\/div>\n                            \n<style>\n#text-box-1156150540 {\n  width: 60%;\n}\n#text-box-1156150540 .text-box-content {\n  font-size: 100%;\n}\n@media (min-width:550px) {\n  #text-box-1156150540 {\n    width: 60%;\n  }\n}\n<\/style>\n    <\/div>\n \n        <\/div>\n      <\/div>\n\n            \n<style>\n#banner-193570841 {\n  padding-top: 99.99%;\n}\n#banner-193570841 .bg.bg-loaded {\n  background-image: url(https:\/\/i0.wp.com\/jttlogos.com\/wp-content\/uploads\/2020\/05\/about-1.jpg?fit=640%2C360&ssl=1);\n}\n@media (min-width:550px) {\n  #banner-193570841 {\n    padding-top: 99.99%;\n  }\n}\n<\/style>\n  <\/div>\n\n\n\t\t<\/div>\n\t\t\t\t\t<\/div>\n\n\t\n<\/div>\n\t\t<\/div>\n\t\t\t\t\t<\/div>\n\n\t\n<\/div>\n<div class=\"row align-center\"  id=\"row-752116565\">\n\n\t<div id=\"col-194447000\" class=\"col medium-11 small-12 large-10\"  >\n\t\t\t\t<div class=\"col-inner\"  >\n\t\t\t\n\t\t\t\n<div class=\"row row-large align-middle\"  id=\"row-260532272\">\n\n\t<div id=\"col-1794281881\" class=\"col medium-4 small-12 large-6\"  >\n\t\t\t\t<div class=\"col-inner\"  >\n\t\t\t\n\t\t\t\n\n  <div class=\"banner has-hover\" id=\"banner-1207730195\">\n          <div class=\"banner-inner fill\">\n        <div class=\"banner-bg fill\" >\n            <div class=\"bg fill bg-fill\"><\/div>\n                                    \n                    <\/div>\n\t\t\n        <div class=\"banner-layers container\">\n            <div class=\"fill banner-link\"><\/div>            \n   <div id=\"text-box-1983295508\" class=\"text-box banner-layer x50 md-x50 lg-x50 y50 md-y50 lg-y50 res-text\">\n                                <div class=\"text-box-content text dark\">\n              \n              <div class=\"text-inner text-center\">\n                  \n              <\/div>\n           <\/div>\n                            \n<style>\n#text-box-1983295508 {\n  width: 60%;\n}\n#text-box-1983295508 .text-box-content {\n  font-size: 100%;\n}\n@media (min-width:550px) {\n  #text-box-1983295508 {\n    width: 60%;\n  }\n}\n<\/style>\n    <\/div>\n \n        <\/div>\n      <\/div>\n\n            \n<style>\n#banner-1207730195 {\n  padding-top: 99.99%;\n}\n#banner-1207730195 .bg.bg-loaded {\n  background-image: url(https:\/\/i0.wp.com\/jttlogos.com\/wp-content\/uploads\/2020\/05\/about-4.jpg?fit=640%2C426&ssl=1);\n}\n@media (min-width:550px) {\n  #banner-1207730195 {\n    padding-top: 99.99%;\n  }\n}\n<\/style>\n  <\/div>\n\n\n\t\t<\/div>\n\t\t\t\t\t<\/div>\n\n\t\n\n\t<div id=\"col-1138072753\" class=\"col medium-8 small-12 large-6\"  >\n\t\t\t\t<div class=\"col-inner\"  >\n\t\t\t\n\t\t\t\n<h3><strong>SOLUTIONS DE LOGO PROFESSIONNELLES<\/strong><\/h3>\n<p>Peu importe la complexit\u00e9 du motif ou du logo, tant que vous osez r\u00e9fl\u00e9chir, nous pouvons tous le faire ! Si vous souhaitez promouvoir votre marque ou votre design, nous sommes l\u00e0 pour vous servir !<\/p>\n\t\t<\/div>\n\t\t\t\t\t<\/div>\n\n\t\n<\/div>\n<div class=\"row row-large align-middle\"  id=\"row-1002321391\">\n\n\t<div id=\"col-1369064054\" class=\"col medium-8 small-12 large-6\"  >\n\t\t\t\t<div class=\"col-inner\"  >\n\t\t\t\n\t\t\t\n<h3><strong>COMMENT POUVONS-NOUS VOUS AIDER?<\/strong><\/h3>\n<p>*Vous donner des r\u00e9ponses professionnelles \u00e0 toutes vos questions<br \/>*Bon service apr\u00e8s-vente<br \/>* Vous aider \u00e0 mieux vous d\u00e9velopper et \u00e0 gagner plus de parts de march\u00e9 dans votre secteur<\/p>\n\t\t<\/div>\n\t\t\t\t\t<\/div>\n\n\t\n\n\t<div id=\"col-1489605530\" class=\"col medium-4 small-12 large-6 medium-col-first\"  >\n\t\t\t\t<div class=\"col-inner\"  >\n\t\t\t\n\t\t\t\n\n  <div class=\"banner has-hover\" id=\"banner-1213340912\">\n          <div class=\"banner-inner fill\">\n        <div class=\"banner-bg fill\" >\n            <div class=\"bg fill bg-fill\"><\/div>\n                                    \n                    <\/div>\n\t\t\n        <div class=\"banner-layers container\">\n            <div class=\"fill banner-link\"><\/div>            \n   <div id=\"text-box-922474711\" class=\"text-box banner-layer x50 md-x50 lg-x50 y50 md-y50 lg-y50 res-text\">\n                                <div class=\"text-box-content text dark\">\n              \n              <div class=\"text-inner text-center\">\n                  \n              <\/div>\n           <\/div>\n                            \n<style>\n#text-box-922474711 {\n  width: 60%;\n}\n#text-box-922474711 .text-box-content {\n  font-size: 100%;\n}\n@media (min-width:550px) {\n  #text-box-922474711 {\n    width: 60%;\n  }\n}\n<\/style>\n    <\/div>\n \n        <\/div>\n      <\/div>\n\n            \n<style>\n#banner-1213340912 {\n  padding-top: 99.99%;\n}\n#banner-1213340912 .bg.bg-loaded {\n  background-image: url(https:\/\/i0.wp.com\/jttlogos.com\/wp-content\/uploads\/2020\/05\/about-3.jpg?fit=640%2C426&ssl=1);\n}\n@media (min-width:550px) {\n  #banner-1213340912 {\n    padding-top: 99.99%;\n  }\n}\n<\/style>\n  <\/div>\n\n\n\t\t<\/div>\n\t\t\t\t\t<\/div>\n\n\t\n<\/div>\n\t\t<\/div>\n\t\t\t\t\t<\/div>\n\n\t\n<\/div>\n<div class=\"row align-center\"  id=\"row-896028620\">\n\n\t<div id=\"col-554584772\" class=\"col medium-11 small-12 large-10\"  >\n\t\t\t\t<div class=\"col-inner\"  >\n\t\t\t\n\t\t\t\n<div class=\"row row-large align-middle\"  id=\"row-1783499958\">\n\n\t<div id=\"col-361892488\" class=\"col medium-4 small-12 large-6\"  >\n\t\t\t\t<div class=\"col-inner\"  >\n\t\t\t\n\t\t\t\n\n  <div class=\"banner has-hover\" id=\"banner-1313325822\">\n          <div class=\"banner-inner fill\">\n        <div class=\"banner-bg fill\" >\n            <div class=\"bg fill bg-fill\"><\/div>\n                                    \n                    <\/div>\n\t\t\n        <div class=\"banner-layers container\">\n            <div class=\"fill banner-link\"><\/div>            \n   <div id=\"text-box-679978253\" class=\"text-box banner-layer x50 md-x50 lg-x50 y50 md-y50 lg-y50 res-text\">\n                                <div class=\"text-box-content text dark\">\n              \n              <div class=\"text-inner text-center\">\n                  \n              <\/div>\n           <\/div>\n                            \n<style>\n#text-box-679978253 {\n  width: 60%;\n}\n#text-box-679978253 .text-box-content {\n  font-size: 100%;\n}\n@media (min-width:550px) {\n  #text-box-679978253 {\n    width: 60%;\n  }\n}\n<\/style>\n    <\/div>\n \n        <\/div>\n      <\/div>\n\n            \n<style>\n#banner-1313325822 {\n  padding-top: 99.99%;\n}\n#banner-1313325822 .bg.bg-loaded {\n  background-image: url(https:\/\/i0.wp.com\/jttlogos.com\/wp-content\/uploads\/2020\/05\/16-scaled.jpg?fit=1020%2C680&ssl=1);\n}\n@media (min-width:550px) {\n  #banner-1313325822 {\n    padding-top: 99.99%;\n  }\n}\n<\/style>\n  <\/div>\n\n\n\t\t<\/div>\n\t\t\t\t\t<\/div>\n\n\t\n\n\t<div id=\"col-160325580\" class=\"col medium-8 small-12 large-6\"  >\n\t\t\t\t<div class=\"col-inner\"  >\n\t\t\t\n\t\t\t\n<h3><strong>WHY CHOOSE US?<\/strong><\/h3>\n<p>*Prix le plus comp\u00e9titif et haute qualit\u00e9<br \/>* Forte \u00e9quipe de R&amp;D et syst\u00e8me de contr\u00f4le qualit\u00e9 strict<br \/>*Livraison \u00e0 temps<br \/>*Satisfaction absolue garantie : Nous vous offrirons le meilleur rapport qualit\u00e9\/prix sans aucun gaspillage<\/p>\n\t\t<\/div>\n\t\t\t\t\t<\/div>\n\n\t\n<\/div>\n<div class=\"row row-large align-middle\"  id=\"row-1228736158\">\n\n\t<div id=\"col-604502584\" class=\"col medium-8 small-12 large-6\"  >\n\t\t\t\t<div class=\"col-inner\"  >\n\t\t\t\n\t\t\t\n<h3><strong>COOP\u00c9RER AVEC NOUS<\/strong><\/h3>\n<p>Notre soci\u00e9t\u00e9 fournit \u00e0 ses clients un service de marque de qualit\u00e9 sup\u00e9rieure bas\u00e9 sur la philosophie de service de \u00ab\u00a0survie de la qualit\u00e9, innovation pour le d\u00e9veloppement, int\u00e9grit\u00e9 comme fondement, unit\u00e9 pour la force\u00a0\u00bb. Si vous partagez les m\u00eames valeurs fondamentales, nous passerons de bons moments \u00e0 travailler ensemble.<\/p>\n\t\t<\/div>\n\t\t\t\t\t<\/div>\n\n\t\n\n\t<div id=\"col-1465519275\" class=\"col medium-4 small-12 large-6 medium-col-first\"  >\n\t\t\t\t<div class=\"col-inner\"  >\n\t\t\t\n\t\t\t\n\n  <div class=\"banner has-hover\" id=\"banner-1778699950\">\n          <div class=\"banner-inner fill\">\n        <div class=\"banner-bg fill\" >\n            <div class=\"bg fill bg-fill\"><\/div>\n                                    \n                    <\/div>\n\t\t\n        <div class=\"banner-layers container\">\n            <div class=\"fill banner-link\"><\/div>            \n   <div id=\"text-box-403494271\" class=\"text-box banner-layer x50 md-x50 lg-x50 y50 md-y50 lg-y50 res-text\">\n                                <div class=\"text-box-content text dark\">\n              \n              <div class=\"text-inner text-center\">\n                  \n              <\/div>\n           <\/div>\n                            \n<style>\n#text-box-403494271 {\n  width: 60%;\n}\n#text-box-403494271 .text-box-content {\n  font-size: 100%;\n}\n@media (min-width:550px) {\n  #text-box-403494271 {\n    width: 60%;\n  }\n}\n<\/style>\n    <\/div>\n \n        <\/div>\n      <\/div>\n\n            \n<style>\n#banner-1778699950 {\n  padding-top: 99.99%;\n}\n#banner-1778699950 .bg.bg-loaded {\n  background-image: url(https:\/\/i0.wp.com\/jttlogos.com\/wp-content\/uploads\/2020\/05\/about-6.jpg?fit=640%2C426&ssl=1);\n}\n@media (min-width:550px) {\n  #banner-1778699950 {\n    padding-top: 99.99%;\n  }\n}\n<\/style>\n  <\/div>\n\n\n\t\t<\/div>\n\t\t\t\t\t<\/div>\n\n\t\n<\/div>\n\t\t<\/div>\n\t\t\t\t\t<\/div>\n\n\t\n<\/div>\n\t\t<\/div>\n\n\t\t\n<style>\n#section_1101624533 {\n  padding-top: 80px;\n  padding-bottom: 80px;\n  background-color: rgb(244, 244, 244);\n}\n<\/style>\n\t<\/section>\n\t\n<div class=\"row align-center\"  id=\"row-1381587271\">\n\n\t<div id=\"col-345753635\" class=\"col small-12 large-12\"  >\n\t\t\t\t<div class=\"col-inner\"  >\n\t\t\t\n\t\t\t\n<div class=\"row\"  id=\"row-1174813926\">\n\n\t<div id=\"col-1876737072\" class=\"col small-12 large-12\"  >\n\t\t\t\t<div class=\"col-inner\"  >\n\t\t\t\n\t\t\t\n\t<div class=\"img has-hover x md-x lg-x y md-y lg-y\" id=\"image_2026736038\">\n\t\t\t\t\t\t\t\t<div class=\"img-inner dark\" >\n\t\t\t<img decoding=\"async\" width=\"800\" height=\"800\" src=\"https:\/\/i0.wp.com\/jttlogos.com\/wp-content\/uploads\/2020\/09\/Working-Environment-1.png?fit=800%2C800&amp;ssl=1\" class=\"attachment-large size-large\" alt=\"\" srcset=\"https:\/\/i0.wp.com\/jttlogos.com\/wp-content\/uploads\/2020\/09\/Working-Environment-1.png?w=3000&amp;ssl=1 3000w, https:\/\/i0.wp.com\/jttlogos.com\/wp-content\/uploads\/2020\/09\/Working-Environment-1.png?resize=100%2C100&amp;ssl=1 100w, https:\/\/i0.wp.com\/jttlogos.com\/wp-content\/uploads\/2020\/09\/Working-Environment-1.png?resize=510%2C510&amp;ssl=1 510w, https:\/\/i0.wp.com\/jttlogos.com\/wp-content\/uploads\/2020\/09\/Working-Environment-1.png?resize=300%2C300&amp;ssl=1 300w, https:\/\/i0.wp.com\/jttlogos.com\/wp-content\/uploads\/2020\/09\/Working-Environment-1.png?resize=1024%2C1024&amp;ssl=1 1024w, https:\/\/i0.wp.com\/jttlogos.com\/wp-content\/uploads\/2020\/09\/Working-Environment-1.png?resize=150%2C150&amp;ssl=1 150w, https:\/\/i0.wp.com\/jttlogos.com\/wp-content\/uploads\/2020\/09\/Working-Environment-1.png?resize=768%2C768&amp;ssl=1 768w, https:\/\/i0.wp.com\/jttlogos.com\/wp-content\/uploads\/2020\/09\/Working-Environment-1.png?resize=1536%2C1536&amp;ssl=1 1536w, https:\/\/i0.wp.com\/jttlogos.com\/wp-content\/uploads\/2020\/09\/Working-Environment-1.png?resize=2048%2C2048&amp;ssl=1 2048w\" sizes=\"(max-width: 800px) 100vw, 800px\" title=\"\">\t\t\t\t\t\t\n\t\t\t\t\t<\/div>\n\t\t\t\t\t\t\t\t\n<style>\n#image_2026736038 {\n  width: 100%;\n}\n<\/style>\n\t<\/div>\n\t\n\t\t<\/div>\n\t\t\t\t\t<\/div>\n\n\t\n<\/div>\n\t\t<\/div>\n\t\t\t\t\t<\/div>\n\n\t\n<\/div>","protected":false},"excerpt":{"rendered":"","protected":false},"author":1,"featured_media":2327,"parent":0,"menu_order":0,"comment_status":"closed","ping_status":"closed","template":"","meta":{"footnotes":""},"class_list":["post-103","page","type-page","status-publish","has-post-thumbnail","hentry"],"jetpack-related-posts":[],"jetpack_sharing_enabled":true,"_links":{"self":[{"href":"https:\/\/jttlogos.com\/fr\/wp-json\/wp\/v2\/pages\/103","targetHints":{"allow":["GET"]}}],"collection":[{"href":"https:\/\/jttlogos.com\/fr\/wp-json\/wp\/v2\/pages"}],"about":[{"href":"https:\/\/jttlogos.com\/fr\/wp-json\/wp\/v2\/types\/page"}],"author":[{"embeddable":true,"href":"https:\/\/jttlogos.com\/fr\/wp-json\/wp\/v2\/users\/1"}],"replies":[{"embeddable":true,"href":"https:\/\/jttlogos.com\/fr\/wp-json\/wp\/v2\/comments?post=103"}],"version-history":[{"count":0,"href":"https:\/\/jttlogos.com\/fr\/wp-json\/wp\/v2\/pages\/103\/revisions"}],"wp:featuredmedia":[{"embeddable":true,"href":"https:\/\/jttlogos.com\/fr\/wp-json\/wp\/v2\/media\/2327"}],"wp:attachment":[{"href":"https:\/\/jttlogos.com\/fr\/wp-json\/wp\/v2\/media?parent=103"}],"curies":[{"name":"wp","href":"https:\/\/api.w.org\/{rel}","templated":true}]}}