{"id":129,"date":"2018-03-06T11:06:12","date_gmt":"2018-03-06T11:06:12","guid":{"rendered":"https:\/\/xml-io.proteusthemes.com\/woondershop-amazon\/?page_id=129"},"modified":"2024-03-30T09:58:17","modified_gmt":"2024-03-30T09:58:17","slug":"returns-policy","status":"publish","type":"page","link":"https:\/\/jttlogos.com\/fr\/politique-de-retour\/","title":{"rendered":"Returns Policy"},"content":{"rendered":"<div class=\"row\"  id=\"row-763940074\">\n\n\t<div id=\"col-389010228\" class=\"col small-12 large-12\"  >\n\t\t\t\t<div class=\"col-inner\"  >\n\t\t\t\n\t\t\t\n<p>Cela d\u00e9pend de la strat\u00e9gie avec laquelle vous nous le renvoyez, en supposant qu&#039;elle soit expresse et suivie, votre remise sera trait\u00e9e dans les 3 jours suivant sa r\u00e9ception. Une remise ordinaire prendra jusqu&#039;\u00e0 21 jours, soit 14 jours lors de votre retour et nous la traiterons avec jusqu&#039;\u00e0 7 jours pour qu&#039;elle avance dans le cadre des \u00e9conomies d&#039;argent. La remise reviendra \u00e0 la strat\u00e9gie de versement que vous avez utilis\u00e9e lors de votre demande. Une fois que nous aurons fait notre part, vous recevrez un e-mail confirmant qu&#039;elle est en cours. Dans le cas o\u00f9 vous avez attendu plus de 14 jours sans aucun e-mail de notre part, veuillez vous connecter en vous rendant sur l&#039;onglet \u00ab\u00a0Contactez-nous\u00a0\u00bb sur cette page.<\/p>\n\t\t<\/div>\n\t\t\t\t\t<\/div>\n\n\t\n\n\t<div id=\"col-377446657\" class=\"col small-12 large-12\"  >\n\t\t\t\t<div class=\"col-inner\"  >\n\t\t\t\n\t\t\t\n<div class=\"accordion\">\n\t<div id=\"accordion-3455471340\" class=\"accordion-item\">\n\t\t<a id=\"accordion-3455471340-label\" class=\"accordion-title plain\" href=\"#accordion-item-i-am-an-international-customer.-have-you-received-my-return?\" aria-expanded=\"false\" aria-controls=\"accordion-3455471340-content\" >\n\t\t\t<button class=\"toggle\" aria-label=\"Basculer\"><i class=\"icon-angle-down\"><\/i><\/button>\n\t\t\t<span>Je suis un client international. Avez-vous re\u00e7u mon retour ?<\/span>\n\t\t<\/a>\n\t\t<div id=\"accordion-3455471340-content\" class=\"accordion-inner\" aria-labelledby=\"accordion-3455471340-label\" >\n\t\t\t\n<p>Veuillez contacter notre personnel avant de retourner les produits. Une fois que notre centre de distribution aura re\u00e7u votre retour, nous vous enverrons un e-mail. Nous le traiterons dans un d\u00e9lai de 5 \u00e0 10 jours ouvrables. Si vous avez retourn\u00e9 plusieurs commandes dans le m\u00eame colis, veuillez pr\u00e9voir jusqu&#039;\u00e0 24 heures pour que tous les articles retourn\u00e9s soient trait\u00e9s. Le temps n\u00e9cessaire pour que votre colis nous parvienne varie en fonction de l&#039;endroit d&#039;o\u00f9 vous le retournez.<\/p>\n\t\t<\/div>\n\t<\/div>\n\t\n\t<div id=\"accordion-913652897\" class=\"accordion-item\">\n\t\t<a id=\"accordion-913652897-label\" class=\"accordion-title plain\" href=\"#accordion-item-what-is-your-international-returns-policy?\" aria-expanded=\"false\" aria-controls=\"accordion-913652897-content\" >\n\t\t\t<button class=\"toggle\" aria-label=\"Basculer\"><i class=\"icon-angle-down\"><\/i><\/button>\n\t\t\t<span>Quelle est votre politique de retours internationaux\u00a0?<\/span>\n\t\t<\/a>\n\t\t<div id=\"accordion-913652897-content\" class=\"accordion-inner\" aria-labelledby=\"accordion-913652897-label\" >\n\t\t\t\n<p>Une fois que notre centre de distribution aura re\u00e7u votre retour, nous vous enverrons un e-mail pour vous informer que votre remboursement a \u00e9t\u00e9 \u00e9mis. Cela peut ensuite prendre 5 \u00e0 10 jours ouvrables pour que les fonds apparaissent sur votre compte. Si vous avez retourn\u00e9 plusieurs commandes dans le m\u00eame colis, veuillez pr\u00e9voir jusqu&#039;\u00e0 24 heures pour que tous les articles retourn\u00e9s soient trait\u00e9s. Le temps n\u00e9cessaire pour que votre colis nous parvienne varie en fonction de l&#039;endroit d&#039;o\u00f9 vous le retournez.<\/p>\n\t\t<\/div>\n\t<\/div>\n\t\n\t<div id=\"accordion-1654034722\" class=\"accordion-item\">\n\t\t<a id=\"accordion-1654034722-label\" class=\"accordion-title plain\" href=\"#accordion-item-how-can-i-get-a-new-returns-note?\" aria-expanded=\"false\" aria-controls=\"accordion-1654034722-content\" >\n\t\t\t<button class=\"toggle\" aria-label=\"Basculer\"><i class=\"icon-angle-down\"><\/i><\/button>\n\t\t\t<span>Comment puis-je obtenir un nouveau bon de retour ?<\/span>\n\t\t<\/a>\n\t\t<div id=\"accordion-1654034722-content\" class=\"accordion-inner\" aria-labelledby=\"accordion-1654034722-label\" >\n\t\t\t\n<p>Une fois que notre centre de distribution aura re\u00e7u votre retour, nous vous enverrons un e-mail pour vous informer que votre remboursement a \u00e9t\u00e9 \u00e9mis. Cela peut ensuite prendre 5 \u00e0 10 jours ouvrables pour que les fonds apparaissent sur votre compte. Si vous avez retourn\u00e9 plusieurs commandes dans le m\u00eame colis, veuillez pr\u00e9voir jusqu&#039;\u00e0 24 heures pour que tous les articles retourn\u00e9s soient trait\u00e9s. Le temps n\u00e9cessaire pour que votre colis nous parvienne varie en fonction de l&#039;endroit d&#039;o\u00f9 vous le retournez.<\/p>\n\t\t<\/div>\n\t<\/div>\n\t\n\t<div id=\"accordion-1862476660\" class=\"accordion-item\">\n\t\t<a id=\"accordion-1862476660-label\" class=\"accordion-title plain\" href=\"#accordion-item-what-should-i-do-if-my-order-hasn&#039;t-been-delivered-yet?\" aria-expanded=\"false\" aria-controls=\"accordion-1862476660-content\" >\n\t\t\t<button class=\"toggle\" aria-label=\"Basculer\"><i class=\"icon-angle-down\"><\/i><\/button>\n\t\t\t<span>Que dois-je faire si ma commande n&#039;a pas encore \u00e9t\u00e9 livr\u00e9e ?<\/span>\n\t\t<\/a>\n\t\t<div id=\"accordion-1862476660-content\" class=\"accordion-inner\" aria-labelledby=\"accordion-1862476660-label\" >\n\t\t\t\n<p>Une fois que notre centre de distribution aura re\u00e7u votre retour, nous vous enverrons un e-mail pour vous informer que votre remboursement a \u00e9t\u00e9 \u00e9mis. Cela peut ensuite prendre 5 \u00e0 10 jours ouvrables pour que les fonds apparaissent sur votre compte. Si vous avez retourn\u00e9 plusieurs commandes dans le m\u00eame colis, veuillez pr\u00e9voir jusqu&#039;\u00e0 24 heures pour que tous les articles retourn\u00e9s soient trait\u00e9s. Le temps n\u00e9cessaire pour que votre colis nous parvienne varie en fonction de l&#039;endroit d&#039;o\u00f9 vous le retournez.<\/p>\n\t\t<\/div>\n\t<\/div>\n\t\n\t<div id=\"accordion-718985282\" class=\"accordion-item\">\n\t\t<a id=\"accordion-718985282-label\" class=\"accordion-title plain\" href=\"#accordion-item-i&#039;m-an-international-customer.-how-do-i-return-something-to-you?\" aria-expanded=\"false\" aria-controls=\"accordion-718985282-content\" >\n\t\t\t<button class=\"toggle\" aria-label=\"Basculer\"><i class=\"icon-angle-down\"><\/i><\/button>\n\t\t\t<span>Je suis un client international. Comment puis-je vous rendre quelque chose ?<\/span>\n\t\t<\/a>\n\t\t<div id=\"accordion-718985282-content\" class=\"accordion-inner\" aria-labelledby=\"accordion-718985282-label\" >\n\t\t\t\n<p>Une fois que notre centre de distribution aura re\u00e7u votre retour, nous vous enverrons un e-mail pour vous informer que votre remboursement a \u00e9t\u00e9 \u00e9mis. Cela peut ensuite prendre 5 \u00e0 10 jours ouvrables pour que les fonds apparaissent sur votre compte. Si vous avez retourn\u00e9 plusieurs commandes dans le m\u00eame colis, veuillez pr\u00e9voir jusqu&#039;\u00e0 24 heures pour que tous les articles retourn\u00e9s soient trait\u00e9s. Le temps n\u00e9cessaire pour que votre colis nous parvienne varie en fonction de l&#039;endroit d&#039;o\u00f9 vous le retournez.<\/p>\n\t\t<\/div>\n\t<\/div>\n\t\n<\/div>\n\t\t<\/div>\n\t\t\t\t\t<\/div>\n\n\t\n<\/div>","protected":false},"excerpt":{"rendered":"","protected":false},"author":1,"featured_media":0,"parent":0,"menu_order":0,"comment_status":"closed","ping_status":"closed","template":"page-blank-title-center.php","meta":{"footnotes":""},"class_list":["post-129","page","type-page","status-publish","hentry"],"jetpack-related-posts":[],"jetpack_sharing_enabled":true,"_links":{"self":[{"href":"https:\/\/jttlogos.com\/fr\/wp-json\/wp\/v2\/pages\/129","targetHints":{"allow":["GET"]}}],"collection":[{"href":"https:\/\/jttlogos.com\/fr\/wp-json\/wp\/v2\/pages"}],"about":[{"href":"https:\/\/jttlogos.com\/fr\/wp-json\/wp\/v2\/types\/page"}],"author":[{"embeddable":true,"href":"https:\/\/jttlogos.com\/fr\/wp-json\/wp\/v2\/users\/1"}],"replies":[{"embeddable":true,"href":"https:\/\/jttlogos.com\/fr\/wp-json\/wp\/v2\/comments?post=129"}],"version-history":[{"count":0,"href":"https:\/\/jttlogos.com\/fr\/wp-json\/wp\/v2\/pages\/129\/revisions"}],"wp:attachment":[{"href":"https:\/\/jttlogos.com\/fr\/wp-json\/wp\/v2\/media?parent=129"}],"curies":[{"name":"wp","href":"https:\/\/api.w.org\/{rel}","templated":true}]}}