{"id":1883,"date":"2020-05-01T13:47:03","date_gmt":"2020-05-01T13:47:03","guid":{"rendered":"https:\/\/jttlogos.com\/?page_id=1883"},"modified":"2024-03-30T09:59:03","modified_gmt":"2024-03-30T09:59:03","slug":"taxes-policy","status":"publish","type":"page","link":"https:\/\/jttlogos.com\/fr\/politique-fiscale\/","title":{"rendered":"Taxes Policy"},"content":{"rendered":"<div class=\"row\"  id=\"row-885934125\">\n\n\t<div id=\"col-1369877823\" class=\"col small-12 large-12\"  >\n\t\t\t\t<div class=\"col-inner\"  >\n\t\t\t\n\t\t\t\n<div class=\"accordion\">\n\t<div id=\"accordion-4294604828\" class=\"accordion-item\">\n\t\t<a id=\"accordion-4294604828-label\" class=\"accordion-title plain\" href=\"#accordion-item-do-you-charge-sales-tax?\" aria-expanded=\"false\" aria-controls=\"accordion-4294604828-content\" >\n\t\t\t<button class=\"toggle\" aria-label=\"Basculer\"><i class=\"icon-angle-down\"><\/i><\/button>\n\t\t\t<span>Facturez-vous la taxe de vente ?<\/span>\n\t\t<\/a>\n\t\t<div id=\"accordion-4294604828-content\" class=\"accordion-inner\" aria-labelledby=\"accordion-4294604828-label\" >\n\t\t\t\n<p>Non. Il n\u2019y a pas de taxe de vente dans le monde.<\/p>\n\t\t<\/div>\n\t<\/div>\n\t\n\t<div id=\"accordion-266008996\" class=\"accordion-item\">\n\t\t<a id=\"accordion-266008996-label\" class=\"accordion-title plain\" href=\"#accordion-item-do-you-charge-custom-taxes?\" aria-expanded=\"false\" aria-controls=\"accordion-266008996-content\" >\n\t\t\t<button class=\"toggle\" aria-label=\"Basculer\"><i class=\"icon-angle-down\"><\/i><\/button>\n\t\t\t<span>Facturez-vous des taxes douani\u00e8res\u00a0?<\/span>\n\t\t<\/a>\n\t\t<div id=\"accordion-266008996-content\" class=\"accordion-inner\" aria-labelledby=\"accordion-266008996-label\" >\n\t\t\t\n<p>Non, nous ne facturons aucune taxe de douane. Veuillez noter que les douanes de diff\u00e9rents pays peuvent vous facturer des taxes douani\u00e8res. Ceci est hors de notre contr\u00f4le et nous ne payons aucune taxe douani\u00e8re pour nos clients.<\/p>\n\t\t<\/div>\n\t<\/div>\n\t\n\t<div id=\"accordion-1840939314\" class=\"accordion-item\">\n\t\t<a id=\"accordion-1840939314-label\" class=\"accordion-title plain\" href=\"#accordion-item-do-you-have-hidden-fees?\" aria-expanded=\"false\" aria-controls=\"accordion-1840939314-content\" >\n\t\t\t<button class=\"toggle\" aria-label=\"Basculer\"><i class=\"icon-angle-down\"><\/i><\/button>\n\t\t\t<span>Avez-vous des frais cach\u00e9s ?<\/span>\n\t\t<\/a>\n\t\t<div id=\"accordion-1840939314-content\" class=\"accordion-inner\" aria-labelledby=\"accordion-1840939314-label\" >\n\t\t\t\n<p>Non. Le prix de vente du produit correspond au montant total que vous devez payer.<\/p>\n\t\t<\/div>\n\t<\/div>\n\t\n\t<div id=\"accordion-2997372069\" class=\"accordion-item\">\n\t\t<a id=\"accordion-2997372069-label\" class=\"accordion-title plain\" href=\"#accordion-item-what-should-i-do-if-i-have-a-problem-with-taxes?\" aria-expanded=\"false\" aria-controls=\"accordion-2997372069-content\" >\n\t\t\t<button class=\"toggle\" aria-label=\"Basculer\"><i class=\"icon-angle-down\"><\/i><\/button>\n\t\t\t<span>Que dois-je faire si j&#039;ai un probl\u00e8me avec les taxes ?<\/span>\n\t\t<\/a>\n\t\t<div id=\"accordion-2997372069-content\" class=\"accordion-inner\" aria-labelledby=\"accordion-2997372069-label\" >\n\t\t\t\n<p>Veuillez nous contacter et nous ferons de notre mieux pour vous aider.<\/p>\n\t\t<\/div>\n\t<\/div>\n\t\n<\/div>\n\t\t<\/div>\n\t\t\t\t\t<\/div>\n\n\t\n<\/div>","protected":false},"excerpt":{"rendered":"","protected":false},"author":1,"featured_media":0,"parent":0,"menu_order":0,"comment_status":"closed","ping_status":"closed","template":"page-blank-title-center.php","meta":{"footnotes":""},"class_list":["post-1883","page","type-page","status-publish","hentry"],"jetpack-related-posts":[],"jetpack_sharing_enabled":true,"_links":{"self":[{"href":"https:\/\/jttlogos.com\/fr\/wp-json\/wp\/v2\/pages\/1883","targetHints":{"allow":["GET"]}}],"collection":[{"href":"https:\/\/jttlogos.com\/fr\/wp-json\/wp\/v2\/pages"}],"about":[{"href":"https:\/\/jttlogos.com\/fr\/wp-json\/wp\/v2\/types\/page"}],"author":[{"embeddable":true,"href":"https:\/\/jttlogos.com\/fr\/wp-json\/wp\/v2\/users\/1"}],"replies":[{"embeddable":true,"href":"https:\/\/jttlogos.com\/fr\/wp-json\/wp\/v2\/comments?post=1883"}],"version-history":[{"count":0,"href":"https:\/\/jttlogos.com\/fr\/wp-json\/wp\/v2\/pages\/1883\/revisions"}],"wp:attachment":[{"href":"https:\/\/jttlogos.com\/fr\/wp-json\/wp\/v2\/media?parent=1883"}],"curies":[{"name":"wp","href":"https:\/\/api.w.org\/{rel}","templated":true}]}}