{"id":1892,"date":"2020-05-01T13:54:14","date_gmt":"2020-05-01T13:54:14","guid":{"rendered":"https:\/\/jttlogos.com\/?page_id=1892"},"modified":"2024-03-30T09:50:23","modified_gmt":"2024-03-30T09:50:23","slug":"about-payment-custom-metal-logo-stickers","status":"publish","type":"page","link":"https:\/\/jttlogos.com\/fr\/a-propos-du-paiement-autocollants-avec-logo-en-metal-personnalise\/","title":{"rendered":"About Payment"},"content":{"rendered":"<div class=\"row\"  id=\"row-1222229014\">\n\n\t<div id=\"col-1134152157\" class=\"col small-12 large-12\"  >\n\t\t\t\t<div class=\"col-inner\"  >\n\t\t\t\n\t\t\t\n<div class=\"accordion\">\n\t<div id=\"accordion-1112847079\" class=\"accordion-item\">\n\t\t<a id=\"accordion-1112847079-label\" class=\"accordion-title plain\" href=\"#accordion-item-how-do-i-pay-for-my-order?\" aria-expanded=\"false\" aria-controls=\"accordion-1112847079-content\" >\n\t\t\t<button class=\"toggle\" aria-label=\"Basculer\"><i class=\"icon-angle-down\"><\/i><\/button>\n\t\t\t<span>How do I pay for my order?<\/span>\n\t\t<\/a>\n\t\t<div id=\"accordion-1112847079-content\" class=\"accordion-inner\" aria-labelledby=\"accordion-1112847079-label\" >\n\t\t\t\n<p>Credit card payment, Paypal, Bank transfer, Western union, Alibaba trade assurance order, L\/C, T\/T, etc<\/p>\n\t\t<\/div>\n\t<\/div>\n\t\n\t<div id=\"accordion-371016031\" class=\"accordion-item\">\n\t\t<a id=\"accordion-371016031-label\" class=\"accordion-title plain\" href=\"#accordion-item-what-currency-can-i-use?\" aria-expanded=\"false\" aria-controls=\"accordion-371016031-content\" >\n\t\t\t<button class=\"toggle\" aria-label=\"Basculer\"><i class=\"icon-angle-down\"><\/i><\/button>\n\t\t\t<span>Quelle devise puis-je utiliser ?<\/span>\n\t\t<\/a>\n\t\t<div id=\"accordion-371016031-content\" class=\"accordion-inner\" aria-labelledby=\"accordion-371016031-label\" >\n\t\t\t\n<p>Dollars am\u00e9ricain<\/p>\n\t\t<\/div>\n\t<\/div>\n\t\n\t<div id=\"accordion-1459213337\" class=\"accordion-item\">\n\t\t<a id=\"accordion-1459213337-label\" class=\"accordion-title plain\" href=\"#accordion-item-what-payment-methods-do-you-accept?\" aria-expanded=\"false\" aria-controls=\"accordion-1459213337-content\" >\n\t\t\t<button class=\"toggle\" aria-label=\"Basculer\"><i class=\"icon-angle-down\"><\/i><\/button>\n\t\t\t<span>Quels modes de paiement acceptez-vous?<\/span>\n\t\t<\/a>\n\t\t<div id=\"accordion-1459213337-content\" class=\"accordion-inner\" aria-labelledby=\"accordion-1459213337-label\" >\n\t\t\t\n<p>Paiement par carte de cr\u00e9dit, Paypal, virement bancaire, Western union, commande d&#039;assurance commerciale Alibaba, L\/C, T\/T, etc.<\/p>\n\t\t<\/div>\n\t<\/div>\n\t\n\t<div id=\"accordion-2847648564\" class=\"accordion-item\">\n\t\t<a id=\"accordion-2847648564-label\" class=\"accordion-title plain\" href=\"#accordion-item-what-if-my-payment-fails?\" aria-expanded=\"false\" aria-controls=\"accordion-2847648564-content\" >\n\t\t\t<button class=\"toggle\" aria-label=\"Basculer\"><i class=\"icon-angle-down\"><\/i><\/button>\n\t\t\t<span>Que faire si mon paiement \u00e9choue ?<\/span>\n\t\t<\/a>\n\t\t<div id=\"accordion-2847648564-content\" class=\"accordion-inner\" aria-labelledby=\"accordion-2847648564-label\" >\n\t\t\t\n<p>Nous vous aiderons \u00e0 r\u00e9cup\u00e9rer l&#039;argent sur votre compte.<\/p>\n\t\t<\/div>\n\t<\/div>\n\t\n<\/div>\n\t\t<\/div>\n\t\t\t\t\t<\/div>\n\n\t\n<\/div>","protected":false},"excerpt":{"rendered":"","protected":false},"author":1,"featured_media":1933,"parent":0,"menu_order":0,"comment_status":"closed","ping_status":"closed","template":"page-blank-title-center.php","meta":{"footnotes":""},"class_list":["post-1892","page","type-page","status-publish","has-post-thumbnail","hentry"],"jetpack-related-posts":[],"jetpack_sharing_enabled":true,"_links":{"self":[{"href":"https:\/\/jttlogos.com\/fr\/wp-json\/wp\/v2\/pages\/1892","targetHints":{"allow":["GET"]}}],"collection":[{"href":"https:\/\/jttlogos.com\/fr\/wp-json\/wp\/v2\/pages"}],"about":[{"href":"https:\/\/jttlogos.com\/fr\/wp-json\/wp\/v2\/types\/page"}],"author":[{"embeddable":true,"href":"https:\/\/jttlogos.com\/fr\/wp-json\/wp\/v2\/users\/1"}],"replies":[{"embeddable":true,"href":"https:\/\/jttlogos.com\/fr\/wp-json\/wp\/v2\/comments?post=1892"}],"version-history":[{"count":0,"href":"https:\/\/jttlogos.com\/fr\/wp-json\/wp\/v2\/pages\/1892\/revisions"}],"wp:featuredmedia":[{"embeddable":true,"href":"https:\/\/jttlogos.com\/fr\/wp-json\/wp\/v2\/media\/1933"}],"wp:attachment":[{"href":"https:\/\/jttlogos.com\/fr\/wp-json\/wp\/v2\/media?parent=1892"}],"curies":[{"name":"wp","href":"https:\/\/api.w.org\/{rel}","templated":true}]}}