{"id":2176,"date":"2020-05-04T11:49:26","date_gmt":"2020-05-04T11:49:26","guid":{"rendered":"https:\/\/jttlogos.com\/?page_id=2176"},"modified":"2024-03-30T09:53:35","modified_gmt":"2024-03-30T09:53:35","slug":"how-to-buy-samples","status":"publish","type":"page","link":"https:\/\/jttlogos.com\/fr\/comment-acheter-des-echantillons\/","title":{"rendered":"How to buy samples?"},"content":{"rendered":"<div id=\"pl-2176\" class=\"panel-layout\">\n<div id=\"pg-2176-0\" class=\"panel-grid panel-no-style\">\n<div id=\"pgc-2176-0-0\" class=\"panel-grid-cell\" data-weight=\"1\">\n<div id=\"panel-2176-0-0-0\" class=\"so-panel widget widget_sow-editor panel-first-child panel-last-child\" data-index=\"0\" data-style=\"{&quot;background_image_attachment&quot;:false,&quot;background_display&quot;:&quot;tile&quot;}\">\n<div class=\"so-widget-sow-editor so-widget-sow-editor-base\">\n<div class=\"siteorigin-widget-tinymce textwidget\">\n<p>If the customer wants a similar sample to see the quality and test, it is free.<\/p>\n<p>Cependant, le client doit payer des frais de messagerie d&#039;environ 15 \u00e0 20 USD. Si le client dispose d&#039;un compte de messagerie tel que DHL, le compte du client peut \u00eatre utilis\u00e9 directement, mais il peut \u00eatre plus \u00e9lev\u00e9 que notre prix (15-20 USD), mais ce sera plus rapide. Si nous envoyons l&#039;\u00e9chantillon, il faudra environ 5 \u00e0 7 jours pour vous parvenir.<\/p>\n<p>Pls\u00a0contact us for more details.<\/p>\n<p>Email: <a href=\"mailto:shirlyn@jttlogo.net\" data-abc=\"true\">shirlyn@jttlogo.net<\/a><br \/>WhatsApp: +86 13244758861<\/p>\n<p>\u00a0<\/p>\n<\/div>\n<\/div>\n<\/div>\n<\/div>\n<\/div>\n<\/div>","protected":false},"excerpt":{"rendered":"<p>Si le client souhaite un \u00e9chantillon similaire pour voir la qualit\u00e9 et le tester, c&#039;est gratuit. Cependant, le client doit payer des frais de messagerie d&#039;environ 15 \u00e0 20 USD. Si le client dispose d&#039;un compte de messagerie tel que DHL, le compte du client peut \u00eatre utilis\u00e9 directement, mais il peut \u00eatre sup\u00e9rieur \u00e0 notre prix (15-20 USD), mais [\u2026]","protected":false},"author":1,"featured_media":0,"parent":0,"menu_order":0,"comment_status":"closed","ping_status":"closed","template":"page-blank-title-center.php","meta":{"footnotes":""},"class_list":["post-2176","page","type-page","status-publish","hentry"],"jetpack-related-posts":[],"jetpack_sharing_enabled":true,"_links":{"self":[{"href":"https:\/\/jttlogos.com\/fr\/wp-json\/wp\/v2\/pages\/2176","targetHints":{"allow":["GET"]}}],"collection":[{"href":"https:\/\/jttlogos.com\/fr\/wp-json\/wp\/v2\/pages"}],"about":[{"href":"https:\/\/jttlogos.com\/fr\/wp-json\/wp\/v2\/types\/page"}],"author":[{"embeddable":true,"href":"https:\/\/jttlogos.com\/fr\/wp-json\/wp\/v2\/users\/1"}],"replies":[{"embeddable":true,"href":"https:\/\/jttlogos.com\/fr\/wp-json\/wp\/v2\/comments?post=2176"}],"version-history":[{"count":0,"href":"https:\/\/jttlogos.com\/fr\/wp-json\/wp\/v2\/pages\/2176\/revisions"}],"wp:attachment":[{"href":"https:\/\/jttlogos.com\/fr\/wp-json\/wp\/v2\/media?parent=2176"}],"curies":[{"name":"wp","href":"https:\/\/api.w.org\/{rel}","templated":true}]}}