{"id":2179,"date":"2020-05-04T11:53:35","date_gmt":"2020-05-04T11:53:35","guid":{"rendered":"https:\/\/jttlogos.com\/?page_id=2179"},"modified":"2024-03-30T09:52:12","modified_gmt":"2024-03-30T09:52:12","slug":"comment-passer-une-commande","status":"publish","type":"page","link":"https:\/\/jttlogos.com\/fr\/how-to-place-an-order\/","title":{"rendered":"How to place an order?"},"content":{"rendered":"<div id=\"pl-2179\"  class=\"panel-layout\" >\n<div id=\"pg-2179-0\"  class=\"panel-grid panel-no-style\" >\n<div id=\"pgc-2179-0-0\"  class=\"panel-grid-cell\"  data-weight=\"1\" >\n<div id=\"panel-2179-0-0-0\" class=\"so-panel widget widget_sow-editor panel-first-child panel-last-child\" data-index=\"0\" data-style=\"{&quot;background_image_attachment&quot;:false,&quot;background_display&quot;:&quot;tile&quot;}\" >\n<div class=\"so-widget-sow-editor so-widget-sow-editor-base\">\n<div class=\"siteorigin-widget-tinymce textwidget\">\n<p>1. Veuillez nous envoyer par e-mail les d\u00e9tails de votre produit, tels que le design, la taille, la quantit\u00e9, etc. En cas d&#039;urgence, vous pouvez \u00e9galement nous appeler ou discuter avec nous sur WhatsApp.<\/p>\n<p>2. Nous vous ferons un devis apr\u00e8s avoir confirm\u00e9 les d\u00e9tails du produit.<\/p>\n<p>3. Si le prix est correct, nous pouvons commencer \u00e0 faire l&#039;\u00e9chantillon, ce qui prendra environ 3 \u00e0 7 jours, puis il vous sera livr\u00e9 dans 5 \u00e0 7 jours. Si n\u00e9cessaire, nous pouvons vous envoyer la photo pour confirmation avant exp\u00e9dition. S&#039;il y a des probl\u00e8mes, nous le modifierons avant l&#039;exp\u00e9dition, vous pouvez \u00eatre assur\u00e9.<\/p>\n<p>4. Lorsque vous recevez l&#039;\u00e9chantillon, veuillez v\u00e9rifier la conception et la qualit\u00e9. Si tout va bien, nous pouvons commencer la production de masse. Nous cr\u00e9erons PI pour vous et vous pourrez payer 30% comme d\u00e9p\u00f4t.<\/p>\n<p>5. Une fois la production termin\u00e9e, nous prendrons des photos et vous enverrons une vid\u00e9o pour votre confirmation. Et paiement du solde 70% avant exp\u00e9dition.<\/p>\n<\/div>\n<\/div>\n<\/div>\n<\/div>\n<\/div>\n<\/div>","protected":false},"excerpt":{"rendered":"<p>1. Please email us your product details, such as design, size, quantity, etc. If there is an emergency, you can also call us or chat with us on WhatsApp. 2. We will give you a quotation after confirming the product details. 3. If the price is right, we can start to make the sample, which [&#8230;]\n","protected":false},"author":1,"featured_media":0,"parent":0,"menu_order":0,"comment_status":"closed","ping_status":"closed","template":"page-blank-title-center.php","meta":{"footnotes":""},"class_list":["post-2179","page","type-page","status-publish","hentry"],"jetpack-related-posts":[],"jetpack_sharing_enabled":true,"_links":{"self":[{"href":"https:\/\/jttlogos.com\/fr\/wp-json\/wp\/v2\/pages\/2179","targetHints":{"allow":["GET"]}}],"collection":[{"href":"https:\/\/jttlogos.com\/fr\/wp-json\/wp\/v2\/pages"}],"about":[{"href":"https:\/\/jttlogos.com\/fr\/wp-json\/wp\/v2\/types\/page"}],"author":[{"embeddable":true,"href":"https:\/\/jttlogos.com\/fr\/wp-json\/wp\/v2\/users\/1"}],"replies":[{"embeddable":true,"href":"https:\/\/jttlogos.com\/fr\/wp-json\/wp\/v2\/comments?post=2179"}],"version-history":[{"count":0,"href":"https:\/\/jttlogos.com\/fr\/wp-json\/wp\/v2\/pages\/2179\/revisions"}],"wp:attachment":[{"href":"https:\/\/jttlogos.com\/fr\/wp-json\/wp\/v2\/media?parent=2179"}],"curies":[{"name":"wp","href":"https:\/\/api.w.org\/{rel}","templated":true}]}}