{"id":3,"date":"2020-04-28T14:09:18","date_gmt":"2020-04-28T14:09:18","guid":{"rendered":"https:\/\/jttlogos.com\/?page_id=3"},"modified":"2024-03-30T09:55:22","modified_gmt":"2024-03-30T09:55:22","slug":"privacy-policy","status":"publish","type":"page","link":"https:\/\/jttlogos.com\/fr\/politique-de-confidentialite\/","title":{"rendered":"Privacy Policy"},"content":{"rendered":"<p>Cette politique de confidentialit\u00e9 d\u00e9crit comment vos informations personnelles sont collect\u00e9es, utilis\u00e9es et partag\u00e9es lorsque vous nous visitez ou effectuez un achat sur nous.&nbsp;<\/p>\r\n\r\n\r\n\r\n<p>INFORMATIONS PERSONNELLES QUE NOUS COLLECTONS<br>Lorsque vous visitez le Site, nous collectons automatiquement certaines informations sur votre appareil, notamment des informations sur votre navigateur Web, votre adresse IP, votre fuseau horaire et certains des cookies install\u00e9s sur votre appareil. De plus, lorsque vous parcourez le Site, nous collectons des informations sur les pages Web ou les produits individuels que vous consultez, les sites Web ou les termes de recherche qui vous ont renvoy\u00e9 vers le Site, ainsi que des informations sur la mani\u00e8re dont vous interagissez avec le Site. Nous appelons ces informations collect\u00e9es automatiquement \u00ab\u00a0Informations sur l&#039;appareil\u00a0\u00bb.&nbsp;<\/p>\r\n\r\n\r\n\r\n<p>INFORMATIONS SUR L&#039;APPAREIL QUE NOUS COLLECTONS<br>\u2013 Les \u00ab cookies \u00bb sont des fichiers de donn\u00e9es plac\u00e9s sur votre appareil ou ordinateur et incluent souvent un identifiant unique anonyme.&nbsp;<br>\u2013 Les \u00ab\u00a0fichiers journaux\u00a0\u00bb suivent les actions qui se produisent sur le site et collectent des donn\u00e9es, notamment votre adresse IP, votre type de navigateur, votre fournisseur de services Internet, les pages de renvoi\/sortie et les horodatages.<br>\u2013 Les \u00ab balises Web \u00bb, les \u00ab tags \u00bb et les \u00ab pixels \u00bb sont des fichiers \u00e9lectroniques utilis\u00e9s pour enregistrer des informations sur la fa\u00e7on dont vous naviguez sur le Site.<\/p>\r\n\r\n\r\n\r\n<p>INFORMATIONS DE COMMANDE QUE NOUS COLLECTONS<br>De plus, lorsque vous effectuez un achat ou tentez d&#039;effectuer un achat via le Site, nous collectons certaines informations vous concernant, notamment votre nom, votre adresse de facturation, votre adresse de livraison, vos informations de paiement (y compris les num\u00e9ros de carte de cr\u00e9dit, votre adresse e-mail et votre num\u00e9ro de t\u00e9l\u00e9phone. Nous vous r\u00e9f\u00e9rons \u00e0 ces informations en tant que \u00ab\u00a0Informations sur la commande\u00a0\u00bb.&nbsp;<\/p>\r\n\r\n\r\n\r\n<p>Lorsque nous parlons de \u00ab\u00a0Informations personnelles\u00a0\u00bb dans la pr\u00e9sente Politique de confidentialit\u00e9, nous parlons \u00e0 la fois d&#039;informations sur l&#039;appareil et d&#039;informations sur la commande.&nbsp;<\/p>\r\n\r\n\r\n\r\n<p>COMMENT UTILISONS-NOUS VOS INFORMATIONS PERSONNELLES\u00a0?<br>Nous utilisons les informations de commande que nous collectons g\u00e9n\u00e9ralement pour ex\u00e9cuter toute commande pass\u00e9e via le site (y compris le traitement de vos informations de paiement, l&#039;organisation de l&#039;exp\u00e9dition et la fourniture de factures et\/ou de confirmations de commande). De plus, nous utilisons ces informations de commande pour\u00a0:<br>- Communiquer avec toi;<br>\u2013 Filtrer nos commandes pour d\u00e9celer tout risque ou fraude potentiel\u00a0;<br>\u2013 Lorsque cela correspond aux pr\u00e9f\u00e9rences que vous avez partag\u00e9es avec nous, vous fournir des informations ou de la publicit\u00e9 relatives \u00e0 nos produits ou services.<\/p>\r\n\r\n\r\n\r\n<p>COMMENT UTILISONS-NOUS LES INFORMATIONS DE VOTRE APPAREIL\u00a0?<br>Nous utilisons les informations sur les appareils que nous collectons pour nous aider \u00e0 d\u00e9tecter les risques et fraudes potentiels (en particulier votre adresse IP), et plus g\u00e9n\u00e9ralement pour am\u00e9liorer et optimiser notre site (par exemple, en g\u00e9n\u00e9rant des analyses sur la fa\u00e7on dont nos clients naviguent et interagissent avec le Site et pour \u00e9valuer le succ\u00e8s de nos campagnes de marketing et de publicit\u00e9).&nbsp;<\/p>\r\n\r\n\r\n\r\n<p>DONN\u00c9ES PERSONNELLES<br>Nous traitons vos donn\u00e9es personnelles uniquement avec votre consentement ou dans la mesure n\u00e9cessaire pour remplir nos obligations envers vous en tant que client, pour exploiter notre entreprise, remplir nos obligations contractuelles et l\u00e9gales et pour prot\u00e9ger la s\u00e9curit\u00e9 de nos syst\u00e8mes.<\/p>\r\n\r\n\r\n\r\n<p>PARTAGE DE VOS INFORMATIONS PERSONNELLES<br>Nous partageons vos informations personnelles avec des tiers pour nous aider \u00e0 utiliser vos informations personnelles, comme d\u00e9crit ci-dessus.<br>Nous utilisons \u00e9galement Google Analytics pour nous aider \u00e0 comprendre comment nos clients utilisent le Site.<br>Enfin, nous pouvons \u00e9galement partager vos informations personnelles pour nous conformer aux lois et r\u00e9glementations applicables, pour r\u00e9pondre \u00e0 une assignation \u00e0 compara\u00eetre, \u00e0 un mandat de perquisition ou \u00e0 toute autre demande l\u00e9gale d&#039;informations que nous recevons, ou pour prot\u00e9ger nos droits de toute autre mani\u00e8re.<\/p>\r\n\r\n\r\n\r\n<p>PUBLICIT\u00c9 COMPORTEMENTALE<br>Comme d\u00e9crit ci-dessus, nous utilisons vos informations personnelles pour vous proposer des publicit\u00e9s cibl\u00e9es ou des communications marketing qui, selon nous, pourraient vous int\u00e9resser.<\/p>\r\n\r\n\r\n\r\n<p>NE PAS SUIVRE<br>Veuillez noter que nous ne modifions pas les pratiques de collecte et d&#039;utilisation des donn\u00e9es de notre site lorsque nous voyons un signal Do Not Track provenant de votre navigateur.<\/p>\r\n\r\n\r\n\r\n<p>TES DROITS<br>Si vous \u00eates un r\u00e9sident europ\u00e9en, vous avez le droit d&#039;acc\u00e9der aux informations personnelles que nous d\u00e9tenons \u00e0 votre sujet et de demander que vos informations personnelles soient corrig\u00e9es, mises \u00e0 jour ou supprim\u00e9es.<br>De plus, si vous \u00eates un r\u00e9sident europ\u00e9en, nous notons que nous traitons vos informations afin de remplir les contrats que nous pourrions avoir avec vous (par exemple si vous passez une commande via le Site), ou pour poursuivre nos int\u00e9r\u00eats commerciaux l\u00e9gitimes \u00e9num\u00e9r\u00e9s ci-dessus. De plus, veuillez noter que vos informations seront transf\u00e9r\u00e9es hors d\u2019Europe, notamment au Canada et aux \u00c9tats-Unis.<\/p>\r\n\r\n\r\n\r\n<p>LA CONSERVATION DES DONN\u00c9ES<br>Lorsque vous passez une commande via le Site, nous conserverons vos informations de commande pour nos dossiers.<\/p>\r\n\r\n\r\n\r\n<p>CHANGEMENTS<br>Nous pouvons mettre \u00e0 jour cette politique de confidentialit\u00e9 de temps \u00e0 autre afin de refl\u00e9ter, par exemple, des changements dans nos pratiques ou pour d&#039;autres raisons op\u00e9rationnelles, juridiques ou r\u00e9glementaires.<\/p>\r\n\r\n\r\n\r\n<p>MINEURS<br>Le Site n&#039;est pas destin\u00e9 aux personnes de moins de 13 ans.&nbsp;<\/p>\r\n\r\n\r\n\r\n<p>CONTACTEZ-NOUS&nbsp;<br>Pour plus d&#039;informations sur nos pratiques de confidentialit\u00e9, si vous avez des questions ou si vous souhaitez d\u00e9poser une plainte, veuillez nous contacter.<\/p>","protected":false},"excerpt":{"rendered":"<p>Cette politique de confidentialit\u00e9 d\u00e9crit comment vos informations personnelles sont collect\u00e9es, utilis\u00e9es et partag\u00e9es lorsque vous nous visitez ou effectuez un achat sur nous. INFORMATIONS PERSONNELLES QUE NOUS COLLECTONSLorsque vous visitez le site, nous collectons automatiquement certaines informations sur votre appareil, notamment des informations sur votre navigateur Web, votre adresse IP, votre fuseau horaire et certains des cookies qui sont [\u2026]","protected":false},"author":1,"featured_media":0,"parent":0,"menu_order":0,"comment_status":"closed","ping_status":"closed","template":"page-blank-title-center.php","meta":{"footnotes":""},"class_list":["post-3","page","type-page","status-publish","hentry"],"jetpack-related-posts":[],"jetpack_sharing_enabled":true,"_links":{"self":[{"href":"https:\/\/jttlogos.com\/fr\/wp-json\/wp\/v2\/pages\/3","targetHints":{"allow":["GET"]}}],"collection":[{"href":"https:\/\/jttlogos.com\/fr\/wp-json\/wp\/v2\/pages"}],"about":[{"href":"https:\/\/jttlogos.com\/fr\/wp-json\/wp\/v2\/types\/page"}],"author":[{"embeddable":true,"href":"https:\/\/jttlogos.com\/fr\/wp-json\/wp\/v2\/users\/1"}],"replies":[{"embeddable":true,"href":"https:\/\/jttlogos.com\/fr\/wp-json\/wp\/v2\/comments?post=3"}],"version-history":[{"count":0,"href":"https:\/\/jttlogos.com\/fr\/wp-json\/wp\/v2\/pages\/3\/revisions"}],"wp:attachment":[{"href":"https:\/\/jttlogos.com\/fr\/wp-json\/wp\/v2\/media?parent=3"}],"curies":[{"name":"wp","href":"https:\/\/api.w.org\/{rel}","templated":true}]}}