{"id":3268,"date":"2020-05-18T16:00:56","date_gmt":"2020-05-18T16:00:56","guid":{"rendered":"https:\/\/jttlogos.com\/?page_id=3268"},"modified":"2024-03-30T08:01:36","modified_gmt":"2024-03-30T08:01:36","slug":"video-dapplication-du-produit","status":"publish","type":"page","link":"https:\/\/jttlogos.com\/fr\/video-of-product-application\/","title":{"rendered":"Video of Product Application"},"content":{"rendered":"<section class=\"section\" id=\"section_1891226977\">\n\t\t<div class=\"bg section-bg fill bg-fill  bg-loaded\" >\n\n\t\t\t\n\t\t\t\n\t\t\t\n\n\t\t<\/div>\n\n\t\t\n\n\t\t<div class=\"section-content relative\">\n\t\t\t\n<div class=\"container section-title-container\" ><h4 class=\"section-title section-title-normal\"><b><\/b><span class=\"section-title-main\" >L&#039;application d&#039;un autocollant de logo en m\u00e9tal sur la c\u00e9ramique<\/span><b><\/b><\/h4><\/div>\n<div class=\"row row-collapse row-full-width align-middle\"  id=\"row-1708231145\">\n\n\t<div id=\"col-981430915\" class=\"col medium-6 small-12 large-6\"  >\n\t\t\t\t<div class=\"col-inner\"  >\n\t\t\t\n\t\t\t\n<div class=\"video video-fit mb\" style=\"padding-top:56.25%;\"><p><iframe loading=\"lazy\" title=\"L&#039;application d&#039;un autocollant de logo en m\u00e9tal sur la c\u00e9ramique\" width=\"1020\" height=\"574\" src=\"https:\/\/www.youtube.com\/embed\/9fkVxfyT7Ns?feature=oembed\" frameborder=\"0\" allow=\"accelerometer; autoplay; clipboard-write; encrypted-media; gyroscope; picture-in-picture; web-share\" referrerpolicy=\"strict-origin-when-cross-origin\" allowfullscreen><\/iframe><\/p>\n<\/div>\n\t\t<\/div>\n\t\t\t\t\t<\/div>\n\n\t\n\n\t<div id=\"col-1578122742\" class=\"col medium-6 small-12 large-6\"  >\n\t\t\t\t<div class=\"col-inner text-left\"  >\n\t\t\t\n\t\t\t\n<p>Bienvenue sur jttlogos.com, o\u00f9 nous pr\u00e9sentons une gamme diversifi\u00e9e d&#039;autocollants de logo m\u00e9tallique personnalis\u00e9s\u00a0! Notre collection comprend une vari\u00e9t\u00e9 d&#039;options, notamment des autocollants en m\u00e9tal nickel, des autocollants 3D en m\u00e9tal nickel, des autocollants m\u00e9talliques en acier inoxydable et des autocollants en plaque d&#039;aluminium. Ces autocollants de haute qualit\u00e9 sont parfaits pour ajouter une touche d&#039;\u00e9l\u00e9gance et d&#039;unicit\u00e9 \u00e0 vos projets de branding et de design.<\/p>\n\t\t<\/div>\n\t\t\t\t\t<\/div>\n\n\t\n<\/div>\n<div class=\"container section-title-container\" ><h4 class=\"section-title section-title-normal\"><b><\/b><span class=\"section-title-main\" >L&#039;application d&#039;un autocollant de logo en m\u00e9tal sur les produits en acier inoxydable<\/span><b><\/b><\/h4><\/div>\n<div class=\"row row-collapse row-full-width align-middle\"  id=\"row-911695859\">\n\n\t<div id=\"col-856564557\" class=\"col medium-6 small-12 large-6\"  >\n\t\t\t\t<div class=\"col-inner text-left\"  >\n\t\t\t\n\t\t\t\n<p>Explorez nos autocollants avec logo m\u00e9tallique personnalis\u00e9s \u00e0 travers notre galerie vid\u00e9o, o\u00f9 vous pourrez voir ces superbes produits de pr\u00e8s et en action. De la finition \u00e9l\u00e9gante de nos autocollants personnalis\u00e9s en aluminium bross\u00e9 \u00e0 l&#039;attrait accrocheur de nos autocollants personnalis\u00e9s, notre pr\u00e9sentation vid\u00e9o vous donnera un aper\u00e7u complet du savoir-faire et de l&#039;attention port\u00e9e aux d\u00e9tails qui entrent dans chaque autocollant.<\/p>\n\t\t<\/div>\n\t\t\t\t\t<\/div>\n\n\t\n\n\t<div id=\"col-1146966726\" class=\"col medium-6 small-12 large-6\"  >\n\t\t\t\t<div class=\"col-inner\"  >\n\t\t\t\n\t\t\t\n<div class=\"video video-fit mb\" style=\"padding-top:56.25%;\"><p><iframe loading=\"lazy\" title=\"L&#039;application d&#039;un autocollant de logo en m\u00e9tal sur les produits en acier inoxydable\" width=\"1020\" height=\"574\" src=\"https:\/\/www.youtube.com\/embed\/ZWEnES34-po?feature=oembed\" frameborder=\"0\" allow=\"accelerometer; autoplay; clipboard-write; encrypted-media; gyroscope; picture-in-picture; web-share\" referrerpolicy=\"strict-origin-when-cross-origin\" allowfullscreen><\/iframe><\/p>\n<\/div>\n\t\t<\/div>\n\t\t\t\t\t<\/div>\n\n\t\n<\/div>\n<div class=\"container section-title-container\" ><h4 class=\"section-title section-title-normal\"><b><\/b><span class=\"section-title-main\" >L&#039;application d&#039;un autocollant de logo en m\u00e9tal sur les produits en verre<\/span><b><\/b><\/h4><\/div>\n<div class=\"row row-collapse row-full-width align-middle\"  id=\"row-457740430\">\n\n\t<div id=\"col-283892888\" class=\"col medium-6 small-12 large-6\"  >\n\t\t\t\t<div class=\"col-inner\"  >\n\t\t\t\n\t\t\t\n<div class=\"video video-fit mb\" style=\"padding-top:56.25%;\"><p><iframe loading=\"lazy\" title=\"L&#039;application d&#039;un autocollant de logo en m\u00e9tal sur les produits en verre\" width=\"1020\" height=\"574\" src=\"https:\/\/www.youtube.com\/embed\/hWwQIVk_eyQ?feature=oembed\" frameborder=\"0\" allow=\"accelerometer; autoplay; clipboard-write; encrypted-media; gyroscope; picture-in-picture; web-share\" referrerpolicy=\"strict-origin-when-cross-origin\" allowfullscreen><\/iframe><\/p>\n<\/div>\n\t\t<\/div>\n\t\t\t\t\t<\/div>\n\n\t\n\n\t<div id=\"col-2070197180\" class=\"col medium-6 small-12 large-6\"  >\n\t\t\t\t<div class=\"col-inner text-left\"  >\n\t\t\t\n\t\t\t\n<p>Que vous cherchiez \u00e0 cr\u00e9er un design personnalis\u00e9 ou \u00e0 commander en gros, nos autocollants avec logo m\u00e9tallique personnalis\u00e9s sont con\u00e7us pour r\u00e9pondre \u00e0 vos besoins sp\u00e9cifiques. Sans minimum de commande et avec des options d&#039;exp\u00e9dition rapides, nous vous aidons \u00e0 rehausser facilement votre marque avec nos autocollants m\u00e9talliques haut de gamme.<\/p>\n\t\t<\/div>\n\t\t\t\t\t<\/div>\n\n\t\n<\/div>\n<div class=\"container section-title-container\" ><h4 class=\"section-title section-title-normal\"><b><\/b><span class=\"section-title-main\" >L&#039;application d&#039;un autocollant de logo en m\u00e9tal sur le cuir<\/span><b><\/b><\/h4><\/div>\n<div class=\"row row-collapse row-full-width align-middle\"  id=\"row-654102182\">\n\n\t<div id=\"col-1098392032\" class=\"col medium-6 small-12 large-6\"  >\n\t\t\t\t<div class=\"col-inner text-left\"  >\n\t\t\t\n\t\t\t\n<p>D\u00e9couvrez l\u2019\u00e9clat de nos autocollants avec logo m\u00e9tallique personnalis\u00e9 en regardant notre vitrine vid\u00e9o. Laissez-vous inspirer et d\u00e9couvrez comment ces autocollants peuvent mettre en valeur vos produits, emballages et mat\u00e9riels promotionnels. Contactez-nous d\u00e8s aujourd&#039;hui pour en savoir plus sur nos autocollants de logo m\u00e9tallique personnalis\u00e9s et sur la mani\u00e8re dont ils peuvent faire une impression durable pour votre entreprise.<\/p>\n\t\t<\/div>\n\t\t\t\t\t<\/div>\n\n\t\n\n\t<div id=\"col-1602211043\" class=\"col medium-6 small-12 large-6\"  >\n\t\t\t\t<div class=\"col-inner\"  >\n\t\t\t\n\t\t\t\n<div class=\"video video-fit mb\" style=\"padding-top:56.25%;\"><p><iframe loading=\"lazy\" title=\"L&#039;application d&#039;un autocollant de logo en m\u00e9tal sur le cuir\" width=\"1020\" height=\"574\" src=\"https:\/\/www.youtube.com\/embed\/RS-6NDkGT6M?feature=oembed\" frameborder=\"0\" allow=\"accelerometer; autoplay; clipboard-write; encrypted-media; gyroscope; picture-in-picture; web-share\" referrerpolicy=\"strict-origin-when-cross-origin\" allowfullscreen><\/iframe><\/p>\n<\/div>\n\t\t<\/div>\n\t\t\t\t\t<\/div>\n\n\t\n<\/div>\n<div class=\"row align-middle\"  id=\"row-615180724\">\n\n\t<div id=\"col-113438922\" class=\"col medium-6 small-12 large-6\"  >\n\t\t\t\t<div class=\"col-inner\"  >\n\t\t\t\n\t\t\t\n<div class=\"video video-fit mb\" style=\"padding-top:56.25%;\"><p><iframe loading=\"lazy\" title=\"L&#039;application d&#039;un autocollant de logo en m\u00e9tal sur un bo\u00eetier en plastique pour haut-parleur Bluetooth\" width=\"1020\" height=\"574\" src=\"https:\/\/www.youtube.com\/embed\/iAw2a_8aPUY?feature=oembed\" frameborder=\"0\" allow=\"accelerometer; autoplay; clipboard-write; encrypted-media; gyroscope; picture-in-picture; web-share\" referrerpolicy=\"strict-origin-when-cross-origin\" allowfullscreen><\/iframe><\/p>\n<\/div>\n\t\t<\/div>\n\t\t\t\t\t<\/div>\n\n\t\n\n\t<div id=\"col-1310803196\" class=\"col medium-6 small-12 large-6\"  >\n\t\t\t\t<div class=\"col-inner\"  >\n\t\t\t\n\t\t\t\n<div class=\"video video-fit mb\" style=\"padding-top:56.25%;\"><p><iframe loading=\"lazy\" title=\"L&#039;application d&#039;un autocollant de logo en m\u00e9tal sur un bo\u00eetier en plastique\" width=\"1020\" height=\"574\" src=\"https:\/\/www.youtube.com\/embed\/NQERkD6A2wo?feature=oembed\" frameborder=\"0\" allow=\"accelerometer; autoplay; clipboard-write; encrypted-media; gyroscope; picture-in-picture; web-share\" referrerpolicy=\"strict-origin-when-cross-origin\" allowfullscreen><\/iframe><\/p>\n<\/div>\n\t\t<\/div>\n\t\t\t\t\t<\/div>\n\n\t\n<\/div>\n<div class=\"row align-middle\"  id=\"row-713873685\">\n\n\t<div id=\"col-1974546503\" class=\"col medium-6 small-12 large-6\"  >\n\t\t\t\t<div class=\"col-inner\"  >\n\t\t\t\n\t\t\t\n<div class=\"video video-fit mb\" style=\"padding-top:56.25%;\"><p><iframe loading=\"lazy\" title=\"L&#039;application d&#039;un autocollant de logo en m\u00e9tal sur une mati\u00e8re plastique PP\" width=\"1020\" height=\"574\" src=\"https:\/\/www.youtube.com\/embed\/yPLTcDv8SF8?feature=oembed\" frameborder=\"0\" allow=\"accelerometer; autoplay; clipboard-write; encrypted-media; gyroscope; picture-in-picture; web-share\" referrerpolicy=\"strict-origin-when-cross-origin\" allowfullscreen><\/iframe><\/p>\n<\/div>\n\t\t<\/div>\n\t\t\t\t\t<\/div>\n\n\t\n\n\t<div id=\"col-1045437404\" class=\"col medium-6 small-12 large-6\"  >\n\t\t\t\t<div class=\"col-inner\"  >\n\t\t\t\n\t\t\t\n<div class=\"video video-fit mb\" style=\"padding-top:56.25%;\"><p><iframe loading=\"lazy\" title=\"L&#039;application d&#039;un autocollant de logo en m\u00e9tal sur un produit en aluminium\" width=\"1020\" height=\"574\" src=\"https:\/\/www.youtube.com\/embed\/FIEnnT8K9RM?feature=oembed\" frameborder=\"0\" allow=\"accelerometer; autoplay; clipboard-write; encrypted-media; gyroscope; picture-in-picture; web-share\" referrerpolicy=\"strict-origin-when-cross-origin\" allowfullscreen><\/iframe><\/p>\n<\/div>\n\t\t<\/div>\n\t\t\t\t\t<\/div>\n\n\t\n<\/div>\n\t\t<\/div>\n\n\t\t\n<style>\n#section_1891226977 {\n  padding-top: 0px;\n  padding-bottom: 0px;\n}\n@media (min-width:550px) {\n  #section_1891226977 {\n    padding-top: 30px;\n    padding-bottom: 30px;\n  }\n}\n<\/style>\n\t<\/section>","protected":false},"excerpt":{"rendered":"","protected":false},"author":1,"featured_media":0,"parent":0,"menu_order":0,"comment_status":"closed","ping_status":"closed","template":"page-blank-title-center.php","meta":{"footnotes":""},"class_list":["post-3268","page","type-page","status-publish","hentry"],"jetpack-related-posts":[],"jetpack_sharing_enabled":true,"_links":{"self":[{"href":"https:\/\/jttlogos.com\/fr\/wp-json\/wp\/v2\/pages\/3268","targetHints":{"allow":["GET"]}}],"collection":[{"href":"https:\/\/jttlogos.com\/fr\/wp-json\/wp\/v2\/pages"}],"about":[{"href":"https:\/\/jttlogos.com\/fr\/wp-json\/wp\/v2\/types\/page"}],"author":[{"embeddable":true,"href":"https:\/\/jttlogos.com\/fr\/wp-json\/wp\/v2\/users\/1"}],"replies":[{"embeddable":true,"href":"https:\/\/jttlogos.com\/fr\/wp-json\/wp\/v2\/comments?post=3268"}],"version-history":[{"count":0,"href":"https:\/\/jttlogos.com\/fr\/wp-json\/wp\/v2\/pages\/3268\/revisions"}],"wp:attachment":[{"href":"https:\/\/jttlogos.com\/fr\/wp-json\/wp\/v2\/media?parent=3268"}],"curies":[{"name":"wp","href":"https:\/\/api.w.org\/{rel}","templated":true}]}}