{"id":61,"date":"2018-02-27T14:09:50","date_gmt":"2018-02-27T14:09:50","guid":{"rendered":"https:\/\/xml-io.proteusthemes.com\/woondershop-amazon\/?page_id=61"},"modified":"2024-03-30T09:38:04","modified_gmt":"2024-03-30T09:38:04","slug":"all-categories","status":"publish","type":"page","link":"https:\/\/jttlogos.com\/fr\/toutes-categories\/","title":{"rendered":"Departments"},"content":{"rendered":"<section class=\"section\" id=\"section_1248768684\">\n\t\t<div class=\"bg section-bg fill bg-fill  bg-loaded\" >\n\n\t\t\t\n\t\t\t\n\t\t\t\n\n\t\t<\/div>\n\n\t\t\n\n\t\t<div class=\"section-content relative\">\n\t\t\t\n<div class=\"row\"  id=\"row-1172319804\">\n\n\t<div id=\"col-1234730230\" class=\"col small-12 large-12\"  >\n\t\t\t\t<div class=\"col-inner\"  >\n\t\t\t\n\t\t\t\n<p style=\"text-align: center;\"><strong>Bienvenue chez JTT Logos \u2013 Votre destination pour les autocollants m\u00e9talliques personnalis\u00e9s<\/strong><\/p>\n<p>Chez JTT Logos, nous sommes une usine leader sp\u00e9cialis\u00e9e dans les autocollants m\u00e9talliques personnalis\u00e9s, offrant une gamme diversifi\u00e9e d&#039;options de personnalisation pour rehausser vos produits. Explorez notre collection d&#039;autocollants en m\u00e9tal nickel, d&#039;autocollants en m\u00e9tal en acier inoxydable, d&#039;autocollants en m\u00e9tal 3D, d&#039;autocollants en m\u00e9tal pour maille de haut-parleur, d&#039;autocollants en m\u00e9tal pour drapeaux de voiture, d&#039;autocollants en m\u00e9tal pour clubs de golf, d&#039;autocollants en m\u00e9tal pour parfum et d&#039;autocollants en m\u00e9tal pour coque de t\u00e9l\u00e9phone. Nos produits sont fabriqu\u00e9s avec pr\u00e9cision et qualit\u00e9, con\u00e7us pour am\u00e9liorer l\u2019esth\u00e9tique de vos articles.<\/p>\n<p>Avec un engagement envers l&#039;excellence, nous fournissons des solutions d&#039;autocollants personnalis\u00e9s \u00e0 nos clients du monde entier, acceptant les commandes de n&#039;importe quel pays. Que vous recherchiez des \u00e9tiquettes m\u00e9talliques uniques, des autocollants m\u00e9talliques personnalis\u00e9s ou des d\u00e9calcomanies m\u00e9talliques sp\u00e9cialis\u00e9es, JTT Logos est votre source incontournable de services de personnalisation haut de gamme. \u00c9levez votre marque avec nos produits de haute qualit\u00e9 et laissez vos produits briller avec sophistication et style.<\/p>\n<p>D\u00e9couvrez la diff\u00e9rence avec JTT Logos \u2013 o\u00f9 la personnalisation rencontre la qualit\u00e9 dans chaque autocollant m\u00e9tallique que nous cr\u00e9ons. Contactez-nous d\u00e8s aujourd&#039;hui pour explorer notre large gamme d&#039;options personnalis\u00e9es et transformer vos produits avec nos autocollants m\u00e9talliques personnalis\u00e9s.<\/p>\n\t\t<\/div>\n\t\t\t\t\t<\/div>\n\n\t\n<\/div>\n\t\t<\/div>\n\n\t\t\n<style>\n#section_1248768684 {\n  padding-top: 30px;\n  padding-bottom: 30px;\n}\n<\/style>\n\t<\/section>\n\t\n\t<section class=\"section\" id=\"section_1961110402\">\n\t\t<div class=\"bg section-bg fill bg-fill  bg-loaded\" >\n\n\t\t\t\n\t\t\t\n\t\t\t\n\n\t\t<\/div>\n\n\t\t\n\n\t\t<div class=\"section-content relative\">\n\t\t\t\n<div class=\"row\"  id=\"row-149539752\">\n\n\t<div id=\"col-360041941\" class=\"col medium-6 small-12 large-6\"  >\n\t\t\t\t<div class=\"col-inner\"  >\n\t\t\t\n\t\t\t\n\n  <div class=\"banner has-hover\" id=\"banner-633562718\">\n          <div class=\"banner-inner fill\">\n        <div class=\"banner-bg fill\" >\n            <div class=\"bg fill bg-fill\"><\/div>\n                        <div class=\"overlay\"><\/div>            \n                    <\/div>\n\t\t\n        <div class=\"banner-layers container\">\n            <a class=\"fill\" href=\"https:\/\/jttlogos.com\/fr\/categorie-de-produit\/autocollant-en-metal-nickel\/\" ><div class=\"fill banner-link\"><\/div><\/a>            \n   <div id=\"text-box-718086667\" class=\"text-box banner-layer x5 md-x10 lg-x10 y50 md-y50 lg-y50 res-text\">\n                                <div class=\"text-box-content text dark\">\n              \n              <div class=\"text-inner text-center\">\n                  \n<h3 class=\"uppercase\">Autocollants personnalis\u00e9s en m\u00e9tal nickel<\/h3>\n<p>Metal logo Sticker for home appliances, mobile, computers, etc<\/p>\n              <\/div>\n           <\/div>\n                            \n<style>\n#text-box-718086667 {\n  width: 52%;\n}\n#text-box-718086667 .text-box-content {\n  font-size: 100%;\n}\n@media (min-width:550px) {\n  #text-box-718086667 {\n    width: 40%;\n  }\n}\n<\/style>\n    <\/div>\n \n        <\/div>\n      <\/div>\n\n            \n<style>\n#banner-633562718 {\n  padding-top: 50%;\n}\n#banner-633562718 .bg.bg-loaded {\n  background-image: url(https:\/\/i0.wp.com\/jttlogos.com\/wp-content\/uploads\/2024\/03\/JTT_Metal_Nickel_Sticker.webp?fit=625%2C300&ssl=1);\n}\n#banner-633562718 .overlay {\n  background-color: rgba(0, 0, 0, 0.31);\n}\n#banner-633562718 .bg {\n  background-position: 46% 43%;\n}\n<\/style>\n  <\/div>\n\n\n\t\t<\/div>\n\t\t\t\t\t<\/div>\n\n\t\n\n\t<div id=\"col-1371055681\" class=\"col medium-6 small-12 large-6\"  >\n\t\t\t\t<div class=\"col-inner\"  >\n\t\t\t\n\t\t\t\n\n  <div class=\"banner has-hover\" id=\"banner-2030164023\">\n          <div class=\"banner-inner fill\">\n        <div class=\"banner-bg fill\" >\n            <div class=\"bg fill bg-fill\"><\/div>\n                        <div class=\"overlay\"><\/div>            \n                    <\/div>\n\t\t\n        <div class=\"banner-layers container\">\n            <a class=\"fill\" href=\"https:\/\/jttlogos.com\/fr\/categorie-de-produit\/stainless-steel-sticker\/\" ><div class=\"fill banner-link\"><\/div><\/a>            \n   <div id=\"text-box-1321550690\" class=\"text-box banner-layer x5 md-x10 lg-x10 y50 md-y50 lg-y50 res-text\">\n                                <div class=\"text-box-content text dark\">\n              \n              <div class=\"text-inner text-center\">\n                  \n<h3 class=\"uppercase\">Autocollant personnalis\u00e9 en acier inoxydable<\/h3>\n<p>Autocollant m\u00e9tallique en acier inoxydable utilis\u00e9 pour les produits \u00e9lectroniques, emballage cadeau<\/p>\n              <\/div>\n           <\/div>\n                            \n<style>\n#text-box-1321550690 {\n  width: 52%;\n}\n#text-box-1321550690 .text-box-content {\n  font-size: 100%;\n}\n@media (min-width:550px) {\n  #text-box-1321550690 {\n    width: 40%;\n  }\n}\n<\/style>\n    <\/div>\n \n        <\/div>\n      <\/div>\n\n            \n<style>\n#banner-2030164023 {\n  padding-top: 50%;\n}\n#banner-2030164023 .bg.bg-loaded {\n  background-image: url(https:\/\/i0.wp.com\/jttlogos.com\/wp-content\/uploads\/2024\/03\/Stainless_Steel_Sticker.webp?fit=625%2C300&ssl=1);\n}\n#banner-2030164023 .overlay {\n  background-color: rgba(0, 0, 0, 0.31);\n}\n#banner-2030164023 .bg {\n  background-position: 51% 57%;\n}\n<\/style>\n  <\/div>\n\n\n\t\t<\/div>\n\t\t\t\t\t<\/div>\n\n\t\n<\/div>\n\t\t<\/div>\n\n\t\t\n<style>\n#section_1961110402 {\n  padding-top: 30px;\n  padding-bottom: 30px;\n}\n<\/style>\n\t<\/section>\n\t\n\t<section class=\"section\" id=\"section_659644414\">\n\t\t<div class=\"bg section-bg fill bg-fill  bg-loaded\" >\n\n\t\t\t\n\t\t\t\n\t\t\t\n\n\t\t<\/div>\n\n\t\t\n\n\t\t<div class=\"section-content relative\">\n\t\t\t\n<div class=\"row\"  id=\"row-1705207551\">\n\n\t<div id=\"col-792700231\" class=\"col medium-4 small-12 large-4\"  >\n\t\t\t\t<div class=\"col-inner\"  >\n\t\t\t\n\t\t\t\n\n  <div class=\"banner has-hover\" id=\"banner-901357992\">\n          <div class=\"banner-inner fill\">\n        <div class=\"banner-bg fill\" >\n            <div class=\"bg fill bg-fill\"><\/div>\n                        <div class=\"overlay\"><\/div>            \n                    <\/div>\n\t\t\n        <div class=\"banner-layers container\">\n            <a class=\"fill\" href=\"https:\/\/jttlogos.com\/fr\/categorie-de-produit\/autocollant-en-metal-3d\/\" ><div class=\"fill banner-link\"><\/div><\/a>            \n   <div id=\"text-box-35820185\" class=\"text-box banner-layer x5 md-x10 lg-x10 y80 md-y65 lg-y65 res-text\">\n                                <div class=\"text-box-content text dark\">\n              \n              <div class=\"text-inner text-center\">\n                  \n<h3 class=\"uppercase\">3D Metal Stickers<\/h3>\n<p>Used for electronic products, wine bottle, machinery etc<\/p>\n              <\/div>\n           <\/div>\n                            \n<style>\n#text-box-35820185 {\n  width: 75%;\n}\n#text-box-35820185 .text-box-content {\n  font-size: 100%;\n}\n@media (min-width:550px) {\n  #text-box-35820185 {\n    width: 45%;\n  }\n}\n<\/style>\n    <\/div>\n \n        <\/div>\n      <\/div>\n\n            \n<style>\n#banner-901357992 {\n  padding-top: 60%;\n  background-color: rgb(255,255,255);\n}\n#banner-901357992 .bg.bg-loaded {\n  background-image: url(https:\/\/jttlogos.com\/wp-content\/uploads\/2024\/03\/3D_Sticker.webp);\n}\n#banner-901357992 .overlay {\n  background-color: rgba(0, 0, 0, 0.326);\n}\n#banner-901357992 .bg {\n  background-position: 57% 51%;\n}\n<\/style>\n  <\/div>\n\n\n\t\t<\/div>\n\t\t\t\t\t<\/div>\n\n\t\n\n\t<div id=\"col-159927990\" class=\"col medium-4 small-12 large-4\"  >\n\t\t\t\t<div class=\"col-inner\"  >\n\t\t\t\n\t\t\t\n\n  <div class=\"banner has-hover\" id=\"banner-357565312\">\n          <div class=\"banner-inner fill\">\n        <div class=\"banner-bg fill\" >\n            <div class=\"bg fill bg-fill\"><\/div>\n                        <div class=\"overlay\"><\/div>            \n                    <\/div>\n\t\t\n        <div class=\"banner-layers container\">\n            <a class=\"fill\" href=\"https:\/\/jttlogos.com\/fr\/categorie-de-produit\/autocollant-en-metal-de-maille-de-haut-parleur\/\" ><div class=\"fill banner-link\"><\/div><\/a>            \n   <div id=\"text-box-1045506270\" class=\"text-box banner-layer x5 md-x10 lg-x10 y80 md-y65 lg-y65 res-text\">\n                                <div class=\"text-box-content text dark\">\n              \n              <div class=\"text-inner text-center\">\n                  \n<h3 class=\"uppercase\">Golf Clubs Metal Stickers<\/h3>\n<p>Metal Sticker Used for Golf Clubs<\/p>\n              <\/div>\n           <\/div>\n                            \n<style>\n#text-box-1045506270 {\n  width: 75%;\n}\n#text-box-1045506270 .text-box-content {\n  font-size: 100%;\n}\n@media (min-width:550px) {\n  #text-box-1045506270 {\n    width: 45%;\n  }\n}\n<\/style>\n    <\/div>\n \n        <\/div>\n      <\/div>\n\n            \n<style>\n#banner-357565312 {\n  padding-top: 60%;\n  background-color: rgb(255,255,255);\n}\n#banner-357565312 .bg.bg-loaded {\n  background-image: url(https:\/\/jttlogos.com\/wp-content\/uploads\/2024\/03\/Golf_Clubs_Metal_Sticker.webp);\n}\n#banner-357565312 .overlay {\n  background-color: rgba(0, 0, 0, 0.326);\n}\n#banner-357565312 .bg {\n  background-position: 57% 51%;\n}\n<\/style>\n  <\/div>\n\n\n\t\t<\/div>\n\t\t\t\t\t<\/div>\n\n\t\n\n\t<div id=\"col-1817911820\" class=\"col medium-4 small-12 large-4\"  >\n\t\t\t\t<div class=\"col-inner\"  >\n\t\t\t\n\t\t\t\n\n  <div class=\"banner has-hover\" id=\"banner-1451488033\">\n          <div class=\"banner-inner fill\">\n        <div class=\"banner-bg fill\" >\n            <div class=\"bg fill bg-fill\"><\/div>\n                        <div class=\"overlay\"><\/div>            \n                    <\/div>\n\t\t\n        <div class=\"banner-layers container\">\n            <a class=\"fill\" href=\"https:\/\/jttlogos.com\/fr\/categorie-de-produit\/autocollant-en-metal-drapeaux-de-voiture\/\" ><div class=\"fill banner-link\"><\/div><\/a>            \n   <div id=\"text-box-1824244759\" class=\"text-box banner-layer x5 md-x10 lg-x10 y80 md-y65 lg-y65 res-text\">\n                                <div class=\"text-box-content text dark\">\n              \n              <div class=\"text-inner text-center\">\n                  \n<h3 class=\"uppercase\">Speaker Mesh Metal Stickers<\/h3>\n<p>Used for phones, tablet computers, audio equipment, etc<\/p>\n              <\/div>\n           <\/div>\n                            \n<style>\n#text-box-1824244759 {\n  width: 75%;\n}\n#text-box-1824244759 .text-box-content {\n  font-size: 100%;\n}\n@media (min-width:550px) {\n  #text-box-1824244759 {\n    width: 45%;\n  }\n}\n<\/style>\n    <\/div>\n \n        <\/div>\n      <\/div>\n\n            \n<style>\n#banner-1451488033 {\n  padding-top: 60%;\n  background-color: rgb(255,255,255);\n}\n#banner-1451488033 .bg.bg-loaded {\n  background-image: url(https:\/\/jttlogos.com\/wp-content\/uploads\/2024\/03\/Speaker_Mesh.webp);\n}\n#banner-1451488033 .overlay {\n  background-color: rgba(0, 0, 0, 0.326);\n}\n#banner-1451488033 .bg {\n  background-position: 57% 51%;\n}\n<\/style>\n  <\/div>\n\n\n\t\t<\/div>\n\t\t\t\t\t<\/div>\n\n\t\n\n\t<div id=\"col-1193304977\" class=\"col medium-4 small-12 large-4\"  >\n\t\t\t\t<div class=\"col-inner\"  >\n\t\t\t\n\t\t\t\n\n  <div class=\"banner has-hover\" id=\"banner-1353548679\">\n          <div class=\"banner-inner fill\">\n        <div class=\"banner-bg fill\" >\n            <div class=\"bg fill bg-fill\"><\/div>\n                        <div class=\"overlay\"><\/div>            \n                    <\/div>\n\t\t\n        <div class=\"banner-layers container\">\n            <a class=\"fill\" href=\"https:\/\/jttlogos.com\/fr\/categorie-de-produit\/autocollant-en-metal-pour-clubs-de-golf\/\" ><div class=\"fill banner-link\"><\/div><\/a>            \n   <div id=\"text-box-1680416264\" class=\"text-box banner-layer x5 md-x10 lg-x10 y80 md-y65 lg-y65 res-text\">\n                                <div class=\"text-box-content text dark\">\n              \n              <div class=\"text-inner text-center\">\n                  \n<h3 class=\"uppercase\">Perfume Metal Stickers<\/h3>\n<p>Sticker for perfume bottles<br \/>\n&amp; flacons cosm\u00e9tiques<\/p>\n              <\/div>\n           <\/div>\n                            \n<style>\n#text-box-1680416264 {\n  width: 75%;\n}\n#text-box-1680416264 .text-box-content {\n  font-size: 100%;\n}\n@media (min-width:550px) {\n  #text-box-1680416264 {\n    width: 45%;\n  }\n}\n<\/style>\n    <\/div>\n \n        <\/div>\n      <\/div>\n\n            \n<style>\n#banner-1353548679 {\n  padding-top: 60%;\n  background-color: rgb(255,255,255);\n}\n#banner-1353548679 .bg.bg-loaded {\n  background-image: url(https:\/\/jttlogos.com\/wp-content\/uploads\/2024\/03\/Perfume_Sticker.webp);\n}\n#banner-1353548679 .overlay {\n  background-color: rgba(0, 0, 0, 0.326);\n}\n#banner-1353548679 .bg {\n  background-position: 57% 51%;\n}\n<\/style>\n  <\/div>\n\n\n\t\t<\/div>\n\t\t\t\t\t<\/div>\n\n\t\n\n\t<div id=\"col-103764428\" class=\"col medium-4 small-12 large-4\"  >\n\t\t\t\t<div class=\"col-inner\"  >\n\t\t\t\n\t\t\t\n\n  <div class=\"banner has-hover\" id=\"banner-1475523766\">\n          <div class=\"banner-inner fill\">\n        <div class=\"banner-bg fill\" >\n            <div class=\"bg fill bg-fill\"><\/div>\n                        <div class=\"overlay\"><\/div>            \n                    <\/div>\n\t\t\n        <div class=\"banner-layers container\">\n            <a class=\"fill\" href=\"https:\/\/jttlogos.com\/fr\/categorie-de-produit\/autocollant-en-metal-de-parfum\/\" ><div class=\"fill banner-link\"><\/div><\/a>            \n   <div id=\"text-box-1485340162\" class=\"text-box banner-layer x5 md-x10 lg-x10 y80 md-y65 lg-y65 res-text\">\n                                <div class=\"text-box-content text dark\">\n              \n              <div class=\"text-inner text-center\">\n                  \n<h3 class=\"uppercase\">Car Flags Metal Stickers<\/h3>\n<p>Metal Sticker used for Car Flags<\/p>\n              <\/div>\n           <\/div>\n                            \n<style>\n#text-box-1485340162 {\n  width: 75%;\n}\n#text-box-1485340162 .text-box-content {\n  font-size: 100%;\n}\n@media (min-width:550px) {\n  #text-box-1485340162 {\n    width: 45%;\n  }\n}\n<\/style>\n    <\/div>\n \n        <\/div>\n      <\/div>\n\n            \n<style>\n#banner-1475523766 {\n  padding-top: 60%;\n  background-color: rgb(255,255,255);\n}\n#banner-1475523766 .bg.bg-loaded {\n  background-image: url(https:\/\/jttlogos.com\/wp-content\/uploads\/2024\/03\/Car_Flags_Metal_Sticker.webp);\n}\n#banner-1475523766 .overlay {\n  background-color: rgba(0, 0, 0, 0.326);\n}\n#banner-1475523766 .bg {\n  background-position: 57% 51%;\n}\n<\/style>\n  <\/div>\n\n\n\t\t<\/div>\n\t\t\t\t\t<\/div>\n\n\t\n\n\t<div id=\"col-68448770\" class=\"col medium-4 small-12 large-4\"  >\n\t\t\t\t<div class=\"col-inner\"  >\n\t\t\t\n\t\t\t\n\n  <div class=\"banner has-hover\" id=\"banner-523852879\">\n          <div class=\"banner-inner fill\">\n        <div class=\"banner-bg fill\" >\n            <div class=\"bg fill bg-fill\"><\/div>\n                        <div class=\"overlay\"><\/div>            \n                    <\/div>\n\t\t\n        <div class=\"banner-layers container\">\n            <a class=\"fill\" href=\"https:\/\/jttlogos.com\/fr\/categorie-de-produit\/autocollant-en-metal-pour-coque-de-telephone\/\" ><div class=\"fill banner-link\"><\/div><\/a>            \n   <div id=\"text-box-1977230572\" class=\"text-box banner-layer x5 md-x10 lg-x10 y80 md-y65 lg-y65 res-text\">\n                                <div class=\"text-box-content text dark\">\n              \n              <div class=\"text-inner text-center\">\n                  \n<h3 class=\"uppercase\">Phone Case Metal Stickers<\/h3>\n<p>Metal Sticker used for Phone Case<\/p>\n              <\/div>\n           <\/div>\n                            \n<style>\n#text-box-1977230572 {\n  width: 75%;\n}\n#text-box-1977230572 .text-box-content {\n  font-size: 100%;\n}\n@media (min-width:550px) {\n  #text-box-1977230572 {\n    width: 45%;\n  }\n}\n<\/style>\n    <\/div>\n \n        <\/div>\n      <\/div>\n\n            \n<style>\n#banner-523852879 {\n  padding-top: 60%;\n  background-color: rgb(255,255,255);\n}\n#banner-523852879 .bg.bg-loaded {\n  background-image: url(https:\/\/jttlogos.com\/wp-content\/uploads\/2024\/03\/Phone_Case_Sticker.webp);\n}\n#banner-523852879 .overlay {\n  background-color: rgba(0, 0, 0, 0.326);\n}\n#banner-523852879 .bg {\n  background-position: 57% 51%;\n}\n<\/style>\n  <\/div>\n\n\n\t\t<\/div>\n\t\t\t\t\t<\/div>\n\n\t\n<\/div>\n\t\t<\/div>\n\n\t\t\n<style>\n#section_659644414 {\n  padding-top: 25px;\n  padding-bottom: 25px;\n  margin-bottom: -25px;\n}\n@media (min-width:850px) {\n  #section_659644414 {\n    padding-top: 40px;\n    padding-bottom: 40px;\n  }\n}\n<\/style>\n\t<\/section>","protected":false},"excerpt":{"rendered":"","protected":false},"author":1,"featured_media":2327,"parent":0,"menu_order":0,"comment_status":"closed","ping_status":"closed","template":"","meta":{"footnotes":""},"class_list":["post-61","page","type-page","status-publish","has-post-thumbnail","hentry"],"jetpack-related-posts":[],"jetpack_sharing_enabled":true,"_links":{"self":[{"href":"https:\/\/jttlogos.com\/fr\/wp-json\/wp\/v2\/pages\/61","targetHints":{"allow":["GET"]}}],"collection":[{"href":"https:\/\/jttlogos.com\/fr\/wp-json\/wp\/v2\/pages"}],"about":[{"href":"https:\/\/jttlogos.com\/fr\/wp-json\/wp\/v2\/types\/page"}],"author":[{"embeddable":true,"href":"https:\/\/jttlogos.com\/fr\/wp-json\/wp\/v2\/users\/1"}],"replies":[{"embeddable":true,"href":"https:\/\/jttlogos.com\/fr\/wp-json\/wp\/v2\/comments?post=61"}],"version-history":[{"count":0,"href":"https:\/\/jttlogos.com\/fr\/wp-json\/wp\/v2\/pages\/61\/revisions"}],"wp:featuredmedia":[{"embeddable":true,"href":"https:\/\/jttlogos.com\/fr\/wp-json\/wp\/v2\/media\/2327"}],"wp:attachment":[{"href":"https:\/\/jttlogos.com\/fr\/wp-json\/wp\/v2\/media?parent=61"}],"curies":[{"name":"wp","href":"https:\/\/api.w.org\/{rel}","templated":true}]}}