{"id":2401,"date":"2020-05-11T02:58:49","date_gmt":"2020-05-11T02:58:49","guid":{"rendered":"https:\/\/jttlogos.com\/?post_type=product&#038;p=2401"},"modified":"2026-04-14T03:00:26","modified_gmt":"2026-04-14T03:00:26","slug":"chine-usine-en-gros-electroforme-metal-logo-nickel-autocollant-pour-ordinateur-portable-affichage-telephone-mobile-refrigerateur-tv-voiture-guitare","status":"publish","type":"product","link":"https:\/\/jttlogos.com\/fr\/product\/china-factory-wholesale-electroform-metal-logo-nickel-sticker-for-laptop-notebook-display-mobile-telephone-fridge-tv-car-guitar\/","title":{"rendered":"Custom 3D Electroplate Metal Nickel Logo Stickers for Electronics &amp; Auto | Wholesale"},"content":{"rendered":"<article style=\"font-family: Arial, sans-serif; line-height: 1.6; color: #333; max-width: 100%; margin: 0 auto; padding: 20px;\"><!-- Hero \/ Intro Section --><\/p>\n<div style=\"display: flex; flex-wrap: wrap; gap: 20px; margin-bottom: 40px; padding-bottom: 20px; border-bottom: 1px solid #eaeaea;\">\n<div style=\"flex: 2; min-width: 300px;\">\n<h2>Premium Custom Electroplated Metal Nickel Logo Stickers<\/h2>\n<p style=\"font-size: 16px;\">\u00c9levez l\u2019identit\u00e9 visuelle de votre marque avec des produits haut de gamme con\u00e7us sur mesure <strong>Autocollants en nickel avec LOGO en m\u00e9tal galvanis\u00e9<\/strong>. Manufactured by <strong>JTT Precision Metal Co., Ltd. (jttlogos.com)<\/strong>, nous apportons plus de 20 ans d'exp\u00e9rience en fabrication sp\u00e9cialis\u00e9e pour fournir des autocollants m\u00e9talliques ultra-fins, durables et tr\u00e8s d\u00e9taill\u00e9s. Que vous marquiez des ordinateurs portables, des t\u00e9l\u00e9phones mobiles, des appareils \u00e9lectrom\u00e9nagers ou des pi\u00e8ces automobiles, nos \u00e9tiquettes en nickel 100% offrent une finition m\u00e9tallique 3D haut de gamme.<\/p>\n<div style=\"display: flex; gap: 10px; margin: 20px 0;\"><span style=\"background: #e6f2ff; color: #004080; padding: 5px 12px; border-radius: 4px; font-weight: bold; font-size: 14px;\">Certifi\u00e9 SGS<\/span><br \/>\n<span style=\"background: #e6f2ff; color: #004080; padding: 5px 12px; border-radius: 4px; font-weight: bold; font-size: 14px;\">Conforme ROHS<\/span><br \/>\n<span style=\"background: #e6f2ff; color: #004080; padding: 5px 12px; border-radius: 4px; font-weight: bold; font-size: 14px;\">MSDS Verified<\/span><\/div>\n<p><!-- Conversion CTA --><\/p>\n<div style=\"margin-top: 30px; padding: 20px; background-color: #f9f9f9; border-left: 4px solid #0055a4; border-radius: 4px;\">\n<p style=\"margin-top: 0; font-weight: bold; font-size: 18px;\">Pr\u00eat \u00e0 rehausser l'emballage de vos produits\u00a0?<\/p>\n<p style=\"font-size: 14px; color: #555;\">Obtenez les prix de gros, discutez du MOQ ou demandez des \u00e9chantillons existants (exp\u00e9di\u00e9s en seulement 1 jour).<\/p>\n<p><a style=\"display: inline-block; background-color: #ff6600; color: #ffffff; padding: 12px 24px; text-decoration: none; font-weight: bold; border-radius: 4px; margin-right: 15px; transition: background 0.3s;\" href=\"#contact\">Request a Custom B2B Quote (RFQ)<\/a><\/p>\n<\/div>\n<p><img data-recalc-dims=\"1\" loading=\"lazy\" decoding=\"async\" class=\"alignnone wp-image-1418\" src=\"https:\/\/i0.wp.com\/jttlogos.com\/wp-content\/uploads\/2020\/05\/Two-different-color-metal-sticker-2.jpg?resize=534%2C534&#038;ssl=1\" alt=\"Autocollants logo en m\u00e9tal nickel\" width=\"534\" height=\"534\" title=\"\"><\/p>\n<p><iframe loading=\"lazy\" title=\"Autocollant en nickel avec LOGO en m\u00e9tal, pour ordinateur portable, affichage de t\u00e9l\u00e9phone portable, r\u00e9frig\u00e9rateur, TV, voiture, guitare\" width=\"1020\" height=\"574\" src=\"https:\/\/www.youtube.com\/embed\/It5nbg-Ftkg?feature=oembed\" frameborder=\"0\" allow=\"accelerometer; autoplay; clipboard-write; encrypted-media; gyroscope; picture-in-picture; web-share\" referrerpolicy=\"strict-origin-when-cross-origin\" allowfullscreen><\/iframe><\/p>\n<\/div>\n<\/div>\n<p><!-- Technical Specifications Table --><\/p>\n<h2 style=\"color: #004080; border-bottom: 2px solid #004080; padding-bottom: 5px;\">Sp\u00e9cifications compl\u00e8tes du produit<\/h2>\n<p>En tant qu'usine chinoise leader et fournisseur en gros mondial, nous garantissons que chaque d\u00e9tail technique r\u00e9pond aux normes strictes d'approvisionnement B2B. Passez en revue nos capacit\u00e9s de fabrication pr\u00e9cises ci-dessous.<\/p>\n<table style=\"width: 100%; border-collapse: collapse; margin-top: 20px; margin-bottom: 40px; box-shadow: 0 2px 5px rgba(0,0,0,0.05);\">\n<tbody>\n<tr style=\"background-color: #f2f7fc;\">\n<td style=\"padding: 12px 15px; border: 1px solid #ddd; font-weight: bold; width: 25%; color: #333;\">Cat\u00e9gorie d'article<\/td>\n<td style=\"padding: 12px 15px; border: 1px solid #ddd; width: 75%; color: #555;\"><a style=\"color: #0055a4; text-decoration: none;\" href=\"https:\/\/jttlogos.com\/fr\/categorie-de-produit\/autocollant-en-metal-nickel\/\">Autocollant en m\u00e9tal nickel\u00e9<\/a> \/ Autocollants Logo M\u00e9tal 3D<\/td>\n<\/tr>\n<tr>\n<td style=\"padding: 12px 15px; border: 1px solid #ddd; font-weight: bold; color: #333;\">Mati\u00e8re premi\u00e8re<\/td>\n<td style=\"padding: 12px 15px; border: 1px solid #ddd; color: #555;\">Nickel massif 100% (garantit une r\u00e9sistance \u00e0 la rouille et un lustre haut de gamme)<\/td>\n<\/tr>\n<tr style=\"background-color: #f2f7fc;\">\n<td style=\"padding: 12px 15px; border: 1px solid #ddd; font-weight: bold; color: #333;\">Technique de fabrication<\/td>\n<td style=\"padding: 12px 15px; border: 1px solid #ddd; color: #555;\">Galvanoplastie de pr\u00e9cision<\/td>\n<\/tr>\n<tr>\n<td style=\"padding: 12px 15px; border: 1px solid #ddd; font-weight: bold; color: #333;\">Thickness Profile<\/td>\n<td style=\"padding: 12px 15px; border: 1px solid #ddd; color: #555;\">0,045 mm \u2013 0,12 mm (profil ultra-fin pour une int\u00e9gration transparente)<\/td>\n<\/tr>\n<tr style=\"background-color: #f2f7fc;\">\n<td style=\"padding: 12px 15px; border: 1px solid #ddd; font-weight: bold; color: #333;\">Options de personnalisation<\/td>\n<td style=\"padding: 12px 15px; border: 1px solid #ddd; color: #555;\">100% Customizable: Any bespoke size, die-cut shape, or Pantone color match available<\/td>\n<\/tr>\n<tr>\n<td style=\"padding: 12px 15px; border: 1px solid #ddd; font-weight: bold; color: #333;\">Support adh\u00e9sif<\/td>\n<td style=\"padding: 12px 15px; border: 1px solid #ddd; color: #555;\">Adh\u00e9sif 3M authentique, colle thermofusible 3M, autocollant double face de qualit\u00e9 sup\u00e9rieure.<\/td>\n<\/tr>\n<tr style=\"background-color: #f2f7fc;\">\n<td style=\"padding: 12px 15px; border: 1px solid #ddd; font-weight: bold; color: #333;\">Formats de fichiers pris en charge<\/td>\n<td style=\"padding: 12px 15px; border: 1px solid #ddd; color: #555;\">Illustrations vectorielles pr\u00e9f\u00e9r\u00e9es\u00a0: AI, PDF, CDR, CAO ou \u00e9quivalents haute r\u00e9solution<\/td>\n<\/tr>\n<\/tbody>\n<\/table>\n<p><!-- E-E-A-T: Company Experience and Trust --><\/p>\n<div style=\"background-color: #ffffff; border: 1px solid #e0e0e0; padding: 30px; border-radius: 8px; margin-bottom: 40px; box-shadow: 0 4px 15px rgba(0,0,0,0.03);\">\n<h2 style=\"color: #004080; margin-top: 0;\">Pourquoi s'associer \u00e0 JTT Precision Metal Co., Ltd. ?<\/h2>\n<p>Avec plus de deux d\u00e9cennies d'exp\u00e9rience dans la fabrication, JTT Precision Metal Co., Ltd. est un partenaire B2B de confiance pour les marques mondiales. Nous ne fournissons pas seulement des autocollants ; nous fournissons des solutions compl\u00e8tes de marquage en m\u00e9tal. Notre flux de travail en usine est optimis\u00e9 \u00e0 la fois pour la pr\u00e9cision et l'\u00e9chelle, garantissant que que vous commandiez 500 pi\u00e8ces ou 50\u00a0000 pi\u00e8ces, la coh\u00e9rence est garantie.<\/p>\n<h3 style=\"color: #333; font-size: 18px;\">Confiance et autorit\u00e9 v\u00e9rifiables<\/h3>\n<ul style=\"list-style-type: none; padding-left: 0;\">\n<li style=\"margin-bottom: 10px; padding-left: 25px; position: relative;\"><span style=\"position: absolute; left: 0; color: #28a745; font-weight: bold;\">\u2713<\/span> <strong>Qualit\u00e9 certifi\u00e9e\u00a0:<\/strong> Tous les mat\u00e9riaux passent les tests stricts SGS, ROHS et MSDS, garantissant qu'ils sont s\u00fbrs, conformes \u00e0 l'environnement et pr\u00eats pour les march\u00e9s de d\u00e9tail internationaux.<\/li>\n<li style=\"margin-bottom: 10px; padding-left: 25px; position: relative;\"><span style=\"position: absolute; left: 0; color: #28a745; font-weight: bold;\">\u2713<\/span> <strong>Des d\u00e9cennies d'expertise\u00a0:<\/strong> Plus de 20 ans de sp\u00e9cialisation exclusivement dans les autocollants de logo en m\u00e9tal en acier inoxydable, les autocollants de logo en m\u00e9tal 3D et les autocollants en nickel \u00e9lectrolytique.<\/li>\n<li style=\"margin-bottom: 10px; padding-left: 25px; position: relative;\"><span style=\"position: absolute; left: 0; color: #28a745; font-weight: bold;\">\u2713<\/span> <strong>Protection et garanties de l'acheteur\u00a0:<\/strong> Nous restons fid\u00e8les \u00e0 notre production. Nous proposons des passerelles de paiement s\u00e9curis\u00e9es (y compris Alibaba Trade Assurance et L\/C) et une politique de remplacement claire pour tout d\u00e9faut de fabrication document\u00e9 qui s'\u00e9carte du prototype approuv\u00e9.<\/li>\n<\/ul>\n<\/div>\n<p><!-- Application Scenarios --><\/p>\n<h2 style=\"color: #004080; border-bottom: 2px solid #004080; padding-bottom: 5px;\">Applications industrielles polyvalentes<\/h2>\n<p>Nos autocollants avec logo en m\u00e9tal personnalis\u00e9s sont con\u00e7us pour adh\u00e9rer solidement \u00e0 une grande vari\u00e9t\u00e9 de surfaces, offrant une touche de marque haut de gamme \u00e0 plusieurs cat\u00e9gories de produits. L'adh\u00e9sif 3M sup\u00e9rieur garantit une application durable sur des surfaces lisses, incurv\u00e9es ou textur\u00e9es.<\/p>\n<div style=\"display: grid; grid-template-columns: repeat(auto-fit, minmax(300px, 1fr)); gap: 20px; margin-bottom: 40px;\">\n<div style=\"background: #f9f9f9; padding: 20px; border-radius: 6px; border-top: 4px solid #0055a4;\">\n<h3 style=\"margin-top: 0; color: #333; font-size: 18px;\">Electronique grand public<\/h3>\n<p style=\"font-size: 14px; color: #666;\">Parfaitement adapt\u00e9 pour <strong>ordinateurs portables, \u00e9crans, t\u00e9l\u00e9phones mobiles et \u00e9tuis pour t\u00e9l\u00e9phones mobiles<\/strong>. The ultra-thin 0.045-0.12mm profile ensures the sticker sits flush against device housings, preventing snagging while providing a luxury tactile feel.<\/p>\n<\/div>\n<div style=\"background: #f9f9f9; padding: 20px; border-radius: 6px; border-top: 4px solid #0055a4;\">\n<h3 style=\"margin-top: 0; color: #333; font-size: 18px;\">Home Appliances &amp; AV<\/h3>\n<p style=\"font-size: 14px; color: #666;\">Am\u00e9liorer la valeur per\u00e7ue de <strong>r\u00e9frig\u00e9rateurs, t\u00e9l\u00e9viseurs, \u00e9quipements audio et appareils \u00e9lectrom\u00e9nagers<\/strong>. Our 100% nickel labels are resistant to typical household cleaning agents and minor temperature fluctuations, maintaining their brilliant shine.<\/p>\n<\/div>\n<div style=\"background: #f9f9f9; padding: 20px; border-radius: 6px; border-top: 4px solid #0055a4;\">\n<h3 style=\"margin-top: 0; color: #333; font-size: 18px;\">Automobile et machines<\/h3>\n<p style=\"font-size: 14px; color: #666;\">Con\u00e7u pour la durabilit\u00e9. Utilisez nos autocollants m\u00e9talliques pour <strong>int\u00e9rieurs de voitures, embl\u00e8mes ext\u00e9rieurs, marquage de motos et machinerie lourde<\/strong>. The robust 3M hot-melt glue ensures the badge stays exactly where you put it, even under vibration.<\/p>\n<\/div>\n<div style=\"background: #f9f9f9; padding: 20px; border-radius: 6px; border-top: 4px solid #0055a4;\">\n<h3 style=\"margin-top: 0; color: #333; font-size: 18px;\">Emballages et instruments de luxe<\/h3>\n<p style=\"font-size: 14px; color: #666;\">Transformez du carton ou du bois ordinaire en pr\u00e9sentations haut de gamme. Id\u00e9al pour <strong>emballer des coffrets cadeaux, des contenants de cosm\u00e9tiques et des instruments de musique comme des guitares<\/strong>. Une \u00e9tiquette de marque en m\u00e9tal brillant rehausse instantan\u00e9ment les exp\u00e9riences de d\u00e9ballage.<\/p>\n<\/div>\n<\/div>\n<p><!-- Knowledge Box --><\/p>\n<div style=\"background: linear-gradient(135deg, #004080 0%, #002244 100%); color: #ffffff; padding: 30px; border-radius: 8px; margin-bottom: 40px;\">\n<h2 style=\"color: #ffffff; margin-top: 0; border-bottom: 1px solid rgba(255,255,255,0.2); padding-bottom: 10px;\">Aper\u00e7u de l'industrie\u00a0: l'avantage de la galvanoplastie<\/h2>\n<p style=\"font-size: 15px; line-height: 1.8;\"><strong>Qu'est-ce qu'un autocollant en nickel m\u00e9tallique galvanis\u00e9\u00a0?<\/strong><br \/>\nContrairement aux plaques traditionnelles en m\u00e9tal estamp\u00e9 ou moul\u00e9, <strong>Galvanoplastie <\/strong>consiste \u00e0 accumuler des couches de nickel solide 100% atome par atome dans un bain de galvanoplastie. Ce processus de fabrication permet d'obtenir des d\u00e9tails incroyablement fins et pr\u00e9cis, des bords nets et un lettrage autonome sans avoir besoin d'un substrat de fond.<\/p>\n<p style=\"font-size: 15px; line-height: 1.8; margin-bottom: 0;\"><strong>Pourquoi sp\u00e9cifier une \u00e9paisseur de 0,045 \u00e0 0,12\u00a0mm\u00a0?<\/strong><br \/>\nCette jauge sp\u00e9cifique est le point id\u00e9al pour les applications B2B. Il est suffisamment \u00e9pais pour fournir un effet de relief 3D distinct et haut de gamme, mais suffisamment fin pour fl\u00e9chir l\u00e9g\u00e8rement sur les surfaces incurv\u00e9es (comme les corps de guitare ou les couvercles incurv\u00e9s d'ordinateurs portables) sans se d\u00e9coller.<\/p>\n<\/div>\n<p><!-- Logistics and Order Flow --><\/p>\n<h2 style=\"color: #004080; border-bottom: 2px solid #004080; padding-bottom: 5px;\">Commandes en gros et logistique rationalis\u00e9es<\/h2>\n<p>Nous comprenons que les acheteurs B2B exigent de la fiabilit\u00e9, une communication transparente et une ex\u00e9cution rapide. Notre flux de commande est con\u00e7u pour \u00e9liminer les frictions de votre processus d\u2019approvisionnement.<\/p>\n<div style=\"display: flex; flex-wrap: wrap; gap: 20px; margin-top: 20px; margin-bottom: 40px;\">\n<div style=\"flex: 1; min-width: 280px; padding: 20px; border: 1px solid #ddd; border-radius: 8px;\">\n<h3 style=\"color: #0055a4; margin-top: 0;\">1. \u00c9chantillonnage et d\u00e9lais<\/h3>\n<ul style=\"color: #444; padding-left: 20px;\">\n<li><strong>\u00c9chantillons existants\u00a0:<\/strong> Exp\u00e9di\u00e9 en seulement <strong>1 jour<\/strong> pour r\u00e9f\u00e9rence de qualit\u00e9.<\/li>\n<li><strong>Prototype personnalis\u00e9\u00a0:<\/strong> D\u00e9lai d'ex\u00e9cution rapide <strong>3-5 jours<\/strong> pour cr\u00e9er un \u00e9chantillon personnalis\u00e9 bas\u00e9 sur votre \u0153uvre d\u2019art.<\/li>\n<li><strong>Production de masse\u00a0:<\/strong> Time depends on order volume, but our large-scale factory ensures rapid fulfillment.<\/li>\n<\/ul>\n<\/div>\n<div style=\"flex: 1; min-width: 280px; padding: 20px; border: 1px solid #ddd; border-radius: 8px;\">\n<h3 style=\"color: #0055a4; margin-top: 0;\">2. Conditions de paiement s\u00e9curis\u00e9<\/h3>\n<p style=\"color: #444; font-size: 14px;\">We require a standard T\/T 30% deposit to commence production, with the balance due before delivery. To support global buyers, we accept multiple secure gateways:<\/p>\n<p style=\"color: #444; font-weight: bold; font-size: 14px;\">Carte de cr\u00e9dit, PayPal, virement bancaire (T\/T), Western Union, L\/C et commandes d'assurance commerciale Alibaba.<\/p>\n<\/div>\n<div style=\"flex: 1; min-width: 280px; padding: 20px; border: 1px solid #ddd; border-radius: 8px;\">\n<h3 style=\"color: #0055a4; margin-top: 0;\">3. Emballage et exp\u00e9dition<\/h3>\n<ul style=\"color: #444; padding-left: 20px;\">\n<li><strong>Emballage s\u00fbr\u00a0:<\/strong> Sacs d'emballage OPP standardis\u00e9s pour \u00e9viter les rayures pendant le transport. Emballage personnalis\u00e9 disponible.<\/li>\n<li><strong>Logistique mondiale\u00a0:<\/strong> Options d'exp\u00e9dition flexibles, notamment par voie maritime, a\u00e9rienne ou par courrier express (DHL, UPS, FedEx), adapt\u00e9es \u00e0 votre calendrier et \u00e0 votre budget.<\/li>\n<\/ul>\n<\/div>\n<\/div>\n<p><!-- Process Gallery Placeholders --><\/p>\n<div style=\"background-color: #f4f7f6; padding: 30px; border-radius: 8px; border-left: 5px solid #28a745; margin-bottom: 40px;\">\n<h2 style=\"color: #333; margin-top: 0;\">Foire aux questions (approvisionnement B2B)<\/h2>\n<h3 style=\"color: #0055a4; font-size: 16px; margin-bottom: 5px;\">Quelle est la quantit\u00e9 minimum de commande (MOQ)\u00a0?<\/h3>\n<p style=\"margin-top: 0; color: #555; font-size: 14px;\">En tant qu'usine directe, nous proposons des MOQ flexibles pour soutenir \u00e0 la fois les marques \u00e9mergentes et les entreprises \u00e0 grande \u00e9chelle. Veuillez soumettre une demande de prix avec votre conception pour recevoir des d\u00e9tails sp\u00e9cifiques sur le MOQ et les niveaux de remise sur volume.<\/p>\n<h3 style=\"color: #0055a4; font-size: 16px; margin-bottom: 5px;\">Quelle est la force de l'adh\u00e9sif utilis\u00e9 sur les \u00e9tiquettes m\u00e9talliques ?<\/h3>\n<p style=\"margin-top: 0; color: #555; font-size: 14px;\">We utilize genuine 3M adhesives (including 3M hot-melt and double-sided self-adhesive tapes). These industrial-grade glues provide exceptional bonding strength on plastics, metals, glass, and painted surfaces, ensuring your logo remains permanently attached.<\/p>\n<h3 style=\"color: #0055a4; font-size: 16px; margin-bottom: 5px;\">Pouvez-vous cr\u00e9er des lettres individuelles s\u00e9par\u00e9es sans arri\u00e8re-plan ?<\/h3>\n<p style=\"margin-top: 0; color: #555; font-size: 14px;\">Oui. Le <strong>Galvanoplastie <\/strong>Cette technique est parfaite pour cr\u00e9er des lettres divis\u00e9es ou autonomes. Un film de transfert transparent est appliqu\u00e9 sur le dessus pendant la production, vous permettant d'appliquer les lettres s\u00e9par\u00e9es parfaitement align\u00e9es en une seule \u00e9tape simple.<\/p>\n<h3 style=\"color: #0055a4; font-size: 16px; margin-bottom: 5px;\">Que se passe-t-il si les produits arrivent d\u00e9fectueux ?<\/h3>\n<p style=\"margin-top: 0; color: #555; font-size: 14px;\">Nous op\u00e9rons selon des protocoles stricts de contr\u00f4le de qualit\u00e9. Dans les rares cas de d\u00e9fauts de fabrication ne correspondant pas au prototype approuv\u00e9 sous 3 \u00e0 5 jours, nous proposons une politique de remplacement simple. Votre investissement est davantage prot\u00e9g\u00e9 si vous utilisez Alibaba Trade Assurance ou des lettres de cr\u00e9dit (L\/C).<\/p>\n<\/div>\n<p><!-- Final CTA --><\/p>\n<div style=\"text-align: center; padding: 40px 20px; background-color: #004080; border-radius: 8px; color: #fff;\">\n<h2 style=\"color: #fff; margin-top: 0;\">Commencez votre projet de branding m\u00e9tallique personnalis\u00e9 d\u00e8s aujourd\u2019hui<\/h2>\n<p style=\"font-size: 16px; margin-bottom: 25px;\">Envoyez-nous vos fichiers d'illustrations AI, PDF ou CDR, et notre \u00e9quipe vous fournira un devis et un calendrier de production rapides.<\/p>\n<p><a style=\"display: inline-block; background-color: #ff6600; color: #ffffff; padding: 15px 30px; text-decoration: none; font-size: 18px; font-weight: bold; border-radius: 5px; box-shadow: 0 4px 6px rgba(0,0,0,0.2); transition: transform 0.2s;\" href=\"https:\/\/jttlogos.com\/fr\/contactez-nous\/\">Send Inquiry \/ Upload Artwork<\/a><\/p>\n<\/div>\n<\/article>","protected":false},"excerpt":{"rendered":"<p>Wholesale custom electroform metal LOGO nickel stickers by JTT Precision Metal. 20+ years experience, SGS certified, ultra-thin 3D finish with 3M adhesive. Request a B2B quote today!<\/p>","protected":false},"featured_media":2405,"comment_status":"open","ping_status":"closed","template":"","meta":[],"product_brand":[],"product_cat":[48],"product_tag":[],"class_list":{"0":"post-2401","1":"product","2":"type-product","3":"status-publish","4":"has-post-thumbnail","6":"product_cat-nickel-metal-sticker","8":"first","9":"instock","10":"shipping-taxable","11":"product-type-simple"},"jetpack-related-posts":[],"jetpack_sharing_enabled":true,"_links":{"self":[{"href":"https:\/\/jttlogos.com\/fr\/wp-json\/wp\/v2\/product\/2401","targetHints":{"allow":["GET"]}}],"collection":[{"href":"https:\/\/jttlogos.com\/fr\/wp-json\/wp\/v2\/product"}],"about":[{"href":"https:\/\/jttlogos.com\/fr\/wp-json\/wp\/v2\/types\/product"}],"replies":[{"embeddable":true,"href":"https:\/\/jttlogos.com\/fr\/wp-json\/wp\/v2\/comments?post=2401"}],"wp:featuredmedia":[{"embeddable":true,"href":"https:\/\/jttlogos.com\/fr\/wp-json\/wp\/v2\/media\/2405"}],"wp:attachment":[{"href":"https:\/\/jttlogos.com\/fr\/wp-json\/wp\/v2\/media?parent=2401"}],"wp:term":[{"taxonomy":"product_brand","embeddable":true,"href":"https:\/\/jttlogos.com\/fr\/wp-json\/wp\/v2\/product_brand?post=2401"},{"taxonomy":"product_cat","embeddable":true,"href":"https:\/\/jttlogos.com\/fr\/wp-json\/wp\/v2\/product_cat?post=2401"},{"taxonomy":"product_tag","embeddable":true,"href":"https:\/\/jttlogos.com\/fr\/wp-json\/wp\/v2\/product_tag?post=2401"}],"curies":[{"name":"wp","href":"https:\/\/api.w.org\/{rel}","templated":true}]}}