{"id":2450,"date":"2020-05-11T09:31:38","date_gmt":"2020-05-11T09:31:38","guid":{"rendered":"https:\/\/jttlogos.com\/?post_type=product&#038;p=2450"},"modified":"2026-04-21T01:39:20","modified_gmt":"2026-04-21T01:39:20","slug":"petites-etiquettes-metalliques-personnalisees-autocollant-detiquette-en-nickel-pour-machine-ordinateur-portable-appareil-menager-etui-de-telephone-meubles-en-cuir-bouteilles-de-parfum-boites-d3","status":"publish","type":"product","link":"https:\/\/jttlogos.com\/fr\/product\/custom-small-metal-labels-nickel-label-sticker-for-machine-laptop-house-appliance-phone-case-leather-furniture-perfume-bottle-packing-boxes\/","title":{"rendered":"\u00c9tiquettes de marque en m\u00e9tal 3D personnalis\u00e9es et petits autocollants avec logo en nickel pour ordinateurs portables, bouteilles de parfum et articles en cuir"},"content":{"rendered":"<article style=\"font-family: 'Segoe UI', Tahoma, Geneva, Verdana, sans-serif; color: #333; line-height: 1.6; max-width: 100%px; margin: 0 auto; padding: 20px;\"><!-- Above-the-fold CTA & Trust Badges --><\/p>\n<div style=\"background: linear-gradient(135deg, #f8f9fa 0%, #e9ecef 100%); padding: 40px; border-radius: 8px; text-align: center; margin-bottom: 40px; box-shadow: 0 4px 15px rgba(0,0,0,0.05);\">\n<h2 style=\"font-size: 28px; color: #1a1a1a; margin-top: 0; margin-bottom: 20px;\">Petites \u00e9tiquettes m\u00e9talliques personnalis\u00e9es de qualit\u00e9 sup\u00e9rieure et autocollants en nickel<\/h2>\n<p style=\"font-size: 18px; color: #555; max-width: 800px; margin: 0 auto 30px auto;\">Am\u00e9liorez l'emballage de vos produits, vos ordinateurs portables, vos appareils \u00e9lectrom\u00e9nagers et vos accessoires personnalis\u00e9s avec une marque m\u00e9tallique haut de gamme. Soutenu par plus de 20 ans d\u2019excellence en fabrication chez JTT Precision Metal Co., Ltd.<\/p>\n<div style=\"margin-bottom: 30px;\"><a style=\"display: inline-block; background-color: #0056b3; color: #ffffff; padding: 15px 35px; text-decoration: none; font-size: 18px; font-weight: bold; border-radius: 5px; box-shadow: 0 4px 6px rgba(0, 86, 179, 0.3); transition: background-color 0.3s ease;\" href=\"https:\/\/jttlogos.com\/fr\/contactez-nous\/\">Demandez un devis personnalis\u00e9 et un \u00e9chantillon d\u00e8s aujourd'hui<\/a><\/div>\n<p><!-- Trust Badges --><\/p>\n<div style=\"display: flex; justify-content: center; gap: 20px; flex-wrap: wrap;\"><span style=\"display: inline-flex; align-items: center; background: #fff; padding: 8px 15px; border-radius: 20px; font-size: 14px; font-weight: 600; color: #2c3e50; border: 1px solid #dee2e6;\"><span style=\"color: #27ae60; margin-right: 8px;\">\u2714<\/span> Certifi\u00e9 SGS<\/span><br \/>\n<span style=\"display: inline-flex; align-items: center; background: #fff; padding: 8px 15px; border-radius: 20px; font-size: 14px; font-weight: 600; color: #2c3e50; border: 1px solid #dee2e6;\"><span style=\"color: #27ae60; margin-right: 8px;\">\u2714<\/span> Conforme ROHS<\/span><br \/>\n<span style=\"display: inline-flex; align-items: center; background: #fff; padding: 8px 15px; border-radius: 20px; font-size: 14px; font-weight: 600; color: #2c3e50; border: 1px solid #dee2e6;\"><span style=\"color: #27ae60; margin-right: 8px;\">\u2714<\/span> MSDS Verified<\/span><br \/>\n<span style=\"display: inline-flex; align-items: center; background: #fff; padding: 8px 15px; border-radius: 20px; font-size: 14px; font-weight: 600; color: #2c3e50; border: 1px solid #dee2e6;\"><span style=\"color: #27ae60; margin-right: 8px;\">\u2714<\/span> Protection s\u00e9curis\u00e9e des donn\u00e9es<\/span><\/div>\n<\/div>\n<p><!-- Product Intro --><\/p>\n<h2 style=\"color: #0056b3; border-bottom: 2px solid #e9ecef; padding-bottom: 10px;\">\u00c9levez votre marque avec des autocollants de logo en m\u00e9tal personnalis\u00e9s<\/h2>\n<p>Dans le march\u00e9 hautement concurrentiel d\u2019aujourd\u2019hui, la repr\u00e9sentation visuelle de votre marque en dit long sur la qualit\u00e9 de vos produits. <strong>Petites \u00e9tiquettes m\u00e9talliques personnalis\u00e9es<\/strong> et<a href=\"https:\/\/jttlogos.com\/fr\/categorie-de-produit\/autocollant-en-metal-nickel\/\"> <strong>nickel label stickers<\/strong><\/a> sont la solution ultime pour les entreprises qui cherchent \u00e0 ajouter une touche de luxe, de durabilit\u00e9 et de professionnalisme \u00e0 leurs marchandises. Que vous produisiez des produits \u00e9lectroniques haut de gamme, des cosm\u00e9tiques de luxe ou de la maroquinerie haut de gamme, un logo m\u00e9tallique m\u00e9ticuleusement con\u00e7u cr\u00e9e une impression imm\u00e9diate de valeur.<\/p>\n<p>\u00c0 <a href=\"https:\/\/jttlogos.com\/fr\/\">JTT Precision Metal Co., Ltd. (jttlogos.com)<\/a>, nous avons pass\u00e9 plus de 20 ans \u00e0 perfectionner l\u2019art de la fabrication d\u2019\u00e9tiquettes m\u00e9talliques. Nous sommes sp\u00e9cialis\u00e9s dans la production d'autocollants de logos m\u00e9talliques 3D personnalis\u00e9s, d'\u00e9tiquettes m\u00e9talliques en acier inoxydable et de badges adh\u00e9sifs en nickel ultra-fins qui s'int\u00e8grent parfaitement \u00e0 la conception de vos produits. Nos processus de fabrication utilisent des techniques de superposition de pr\u00e9cision et de gravure chimique de pointe pour produire des logos impeccables et tr\u00e8s d\u00e9taill\u00e9s que l'impression standard ne peut tout simplement pas r\u00e9aliser.<\/p>\n<p><!-- Visual Presentation --><\/p>\n<div style=\"display: grid; grid-template-columns: repeat(auto-fit, minmax(300px, 1fr)); gap: 20px; margin: 30px 0;\">\n<div style=\"border: 1px solid #eee; border-radius: 8px; overflow: hidden; box-shadow: 0 2px 8px rgba(0,0,0,0.05);\">\n<p><iframe loading=\"lazy\" title=\"Autocollant logo en Nickel, autocollant m\u00e9tallique color\u00e9 avec colle forte 3M, autocollants m\u00e9talliques brillants pour parfum\" width=\"1020\" height=\"574\" src=\"https:\/\/www.youtube.com\/embed\/0UHi0WdqVMw?feature=oembed\" frameborder=\"0\" allow=\"accelerometer; autoplay; clipboard-write; encrypted-media; gyroscope; picture-in-picture; web-share\" referrerpolicy=\"strict-origin-when-cross-origin\" allowfullscreen><\/iframe><\/p>\n<\/div>\n<\/div>\n<p><!-- Product Specifications --><\/p>\n<h2><img data-recalc-dims=\"1\" decoding=\"async\" class=\"alignnone wp-image-1418 size-full\" src=\"https:\/\/i0.wp.com\/jttlogos.com\/wp-content\/uploads\/2020\/05\/Perfume-metal-sticker-4.jpg?resize=600%2C450&#038;ssl=1\" alt=\"Autocollant de logo en m\u00e9tal dor\u00e9 de luxe sur une bouteille de parfum en verre\" width=\"600\" height=\"450\" title=\"\"><\/h2>\n<h2 style=\"color: #0056b3; border-bottom: 2px solid #e9ecef; padding-bottom: 10px; margin-top: 40px;\">Sp\u00e9cifications compl\u00e8tes du produit<\/h2>\n<p>Understanding the technical specifications of your custom branding tags ensures that your final product aligns perfectly with your application requirements. Below is a detailed breakdown of the capabilities and materials available for your custom adhesive metal badges.<\/p>\n<table style=\"width: 100%; border-collapse: collapse; margin: 25px 0; font-family: 'Segoe UI', sans-serif; box-shadow: 0 0 20px rgba(0, 0, 0, 0.05);\">\n<thead>\n<tr style=\"background-color: #0056b3; color: #ffffff; text-align: left;\">\n<th style=\"padding: 15px; border: 1px solid #dee2e6;\">Sp\u00e9cification<\/th>\n<th style=\"padding: 15px; border: 1px solid #dee2e6;\">Details &amp; Options<\/th>\n<\/tr>\n<\/thead>\n<tbody>\n<tr style=\"background-color: #ffffff;\">\n<td style=\"padding: 15px; border: 1px solid #dee2e6; font-weight: bold; color: #333;\">Mat\u00e9riaux primaires<\/td>\n<td style=\"padding: 15px; border: 1px solid #dee2e6; color: #555;\">Nickel pur, m\u00e9tal,<\/td>\n<\/tr>\n<tr style=\"background-color: #f8f9fa;\">\n<td style=\"padding: 15px; border: 1px solid #dee2e6; font-weight: bold; color: #333;\">\u00c9paisseurs disponibles<\/td>\n<td style=\"padding: 15px; border: 1px solid #dee2e6; color: #555;\">Profils ultra-fins de 0,045 mm \u00e0 0,12 mm<\/td>\n<\/tr>\n<tr style=\"background-color: #ffffff;\">\n<td style=\"padding: 15px; border: 1px solid #dee2e6; font-weight: bold; color: #333;\">Finitions de surface<\/td>\n<td style=\"padding: 15px; border: 1px solid #dee2e6; color: #555;\">High-Gloss Polished, Matte, Brushed (Hairline), Sandblasted, CD Texture, PVD Color Coating (Gold, Rose Gold, Black, Chrome, Gunmetal).<\/td>\n<\/tr>\n<tr style=\"background-color: #f8f9fa;\">\n<td style=\"padding: 15px; border: 1px solid #dee2e6; font-weight: bold; color: #333;\">Support adh\u00e9sif<\/td>\n<td style=\"padding: 15px; border: 1px solid #dee2e6; color: #555;\">3M adhesive, 3M hot-melt glue, double-sided self-adhesive<\/td>\n<\/tr>\n<tr style=\"background-color: #ffffff;\">\n<td style=\"padding: 15px; border: 1px solid #dee2e6; font-weight: bold; color: #333;\">Formats d'illustration pris en charge<\/td>\n<td style=\"padding: 15px; border: 1px solid #dee2e6; color: #555;\">Fichiers vectoriels pr\u00e9f\u00e9r\u00e9s\u00a0: fichiers AI, EPS, CDR, PDF ou CAO haute r\u00e9solution pour les conceptions 3D.<\/td>\n<\/tr>\n<tr style=\"background-color: #f8f9fa;\">\n<td style=\"padding: 15px; border: 1px solid #dee2e6; font-weight: bold; color: #333;\">Certifications<\/td>\n<td style=\"padding: 15px; border: 1px solid #dee2e6; color: #555;\">SGS, ROHS, MSDS \u2013 Garantir la s\u00e9curit\u00e9 environnementale et la conformit\u00e9 pour la distribution mondiale.<\/td>\n<\/tr>\n<\/tbody>\n<\/table>\n<p><!-- Applications Section --><\/p>\n<h2 style=\"color: #0056b3; border-bottom: 2px solid #e9ecef; padding-bottom: 10px; margin-top: 40px;\">Versatile Applications for Custom Metal Decals<\/h2>\n<p>La polyvalence de notre <strong>\u00e9tiquettes de marque m\u00e9talliques personnalis\u00e9es<\/strong> en fait le choix pr\u00e9f\u00e9r\u00e9 dans une multitude d\u2019industries. Gr\u00e2ce aux adh\u00e9sifs avanc\u00e9s et aux propri\u00e9t\u00e9s flexibles des mat\u00e9riaux (en particulier avec les plaques de nickel ultra fines), ces autocollants peuvent s'adapter \u00e0 diff\u00e9rentes formes et textures.<\/p>\n<div style=\"display: flex; flex-wrap: wrap; gap: 20px; margin-top: 20px;\">\n<div style=\"flex: 1 1 calc(50% - 20px); background: #fff; border-left: 4px solid #0056b3; padding: 15px; box-shadow: 0 2px 5px rgba(0,0,0,0.05);\">\n<h3 style=\"margin-top: 0; color: #333; font-size: 18px;\">Ordinateurs portables, ordinateurs et appareils \u00e9lectroniques<\/h3>\n<p style=\"color: #666; font-size: 14px; margin-bottom: 0;\">Dans le domaine de l\u2019\u00e9lectronique grand public, un \u00e9l\u00e9gant autocollant en m\u00e9tal pour ordinateur portable signifie une qualit\u00e9 de fabrication haut de gamme. Nos autocollants m\u00e9talliques fins peuvent r\u00e9sister \u00e0 la chaleur g\u00e9n\u00e9r\u00e9e par les machines et les appareils, r\u00e9sistant au pelage et conservant une brillance brillante pendant des ann\u00e9es d'utilisation quotidienne intensive.<\/p>\n<\/div>\n<div style=\"flex: 1 1 calc(50% - 20px); background: #fff; border-left: 4px solid #0056b3; padding: 15px; box-shadow: 0 2px 5px rgba(0,0,0,0.05);\">\n<h3 style=\"margin-top: 0; color: #333; font-size: 18px;\">Appareils \u00e9lectrom\u00e9nagers et machines industrielles<\/h3>\n<p style=\"color: #666; font-size: 14px; margin-bottom: 0;\">Les appareils \u00e9lectrom\u00e9nagers comme les r\u00e9frig\u00e9rateurs, les cafeti\u00e8res et les machines \u00e0 laver n\u00e9cessitent une image de marque solide. Les autocollants avec logo en m\u00e9tal en acier inoxydable offrent une excellente r\u00e9sistance \u00e0 la corrosion, garantissant que l'exposition \u00e0 l'humidit\u00e9 et aux produits chimiques de nettoyage ne d\u00e9gradera pas l'image de votre marque.<\/p>\n<\/div>\n<div style=\"flex: 1 1 calc(50% - 20px); background: #fff; border-left: 4px solid #0056b3; padding: 15px; box-shadow: 0 2px 5px rgba(0,0,0,0.05);\">\n<h3 style=\"margin-top: 0; color: #333; font-size: 18px;\">\u00c9tuis de t\u00e9l\u00e9phone et accessoires mobiles<\/h3>\n<p style=\"color: #666; font-size: 14px; margin-bottom: 0;\">L'ajout d'un autocollant de logo m\u00e9tallique 3D personnalis\u00e9 \u00e0 une coque de t\u00e9l\u00e9phone la fait passer d'une coque de protection standard \u00e0 une d\u00e9claration de mode. Les adh\u00e9sifs 3M \u00e0 haute adh\u00e9rence garantissent que le badge reste fermement attach\u00e9 malgr\u00e9 la friction constante lorsqu'il est tir\u00e9 dans et hors des poches.<\/p>\n<\/div>\n<div style=\"flex: 1 1 calc(50% - 20px); background: #fff; border-left: 4px solid #0056b3; padding: 15px; box-shadow: 0 2px 5px rgba(0,0,0,0.05);\">\n<h3 style=\"margin-top: 0; color: #333; font-size: 18px;\">Meubles en cuir et int\u00e9rieurs automobiles<\/h3>\n<p style=\"color: #666; font-size: 14px; margin-bottom: 0;\">L\u2019application d\u2019une marque sur des meubles en cuir n\u00e9cessite un collage sp\u00e9cialis\u00e9. Gr\u00e2ce \u00e0 un support adh\u00e9sif thermofusible, nos \u00e9tiquettes m\u00e9talliques peuvent \u00eatre solidement appos\u00e9es sur des canap\u00e9s, des chaises ou des tissus d'ameublement en cuir sans endommager le mat\u00e9riau, cr\u00e9ant ainsi une marque de luxe indubitable.<\/p>\n<\/div>\n<div style=\"flex: 1 1 calc(50% - 20px); background: #fff; border-left: 4px solid #0056b3; padding: 15px; box-shadow: 0 2px 5px rgba(0,0,0,0.05);\">\n<h3 style=\"margin-top: 0; color: #333; font-size: 18px;\">Flacons de parfum et emballages de cosm\u00e9tiques<\/h3>\n<p style=\"color: #666; font-size: 14px; margin-bottom: 0;\">Glass surfaces present unique challenges for adhesion. Our specialized curved-surface nickel stickers integrate flawlessly onto round perfume bottles. The metallic glint catches retail lighting, significantly enhancing shelf appeal and brand prestige.<\/p>\n<\/div>\n<div style=\"flex: 1 1 calc(50% - 20px); background: #fff; border-left: 4px solid #0056b3; padding: 15px; box-shadow: 0 2px 5px rgba(0,0,0,0.05);\">\n<h3 style=\"margin-top: 0; color: #333; font-size: 18px;\">Premium Packing Boxes<\/h3>\n<p style=\"color: #666; font-size: 14px; margin-bottom: 0;\">First impressions matter. Placing a high-quality metal sticker on luxury gift boxes, cigar humidors, or limited-edition packaging instantly communicates exclusivity and high value to the consumer before they even open the product.<\/p>\n<\/div>\n<\/div>\n<p><!-- Knowledge Point Box --><\/p>\n<div style=\"background-color: #f4f8fc; border-left: 5px solid #0056b3; padding: 25px; margin: 40px 0; border-radius: 0 8px 8px 0; box-shadow: 0 2px 10px rgba(0,0,0,0.03);\">\n<h3 style=\"color: #0056b3; margin-top: 0; display: flex; align-items: center; font-size: 20px;\"><span style=\"font-size: 24px; margin-right: 10px;\">\ud83d\udca1<\/span> Technical Knowledge: Selecting the Right Adhesive<\/h3>\n<p style=\"margin-bottom: 15px; color: #444;\">Le succ\u00e8s d\u2019un autocollant m\u00e9tallique d\u00e9pend en grande partie du support adh\u00e9sif utilis\u00e9. Chez JTT Precision Metal, nous personnalisons la couche adh\u00e9sive en fonction de votre application sp\u00e9cifique pour garantir une long\u00e9vit\u00e9 et une liaison optimale :<\/p>\n<ul style=\"color: #444; margin-bottom: 0; padding-left: 20px; line-height: 1.8;\">\n<li><strong>Adh\u00e9sif 3M\u00a0:<\/strong> Souvent consid\u00e9r\u00e9e comme la r\u00e9f\u00e9rence en mati\u00e8re de plaques signal\u00e9tiques s\u00e9rigraphi\u00e9es et m\u00e9talliques. Il pr\u00e9sente une adh\u00e9rence initiale exceptionnellement \u00e9lev\u00e9e et un pouvoir de tenue \u00e0 long terme, ce qui le rend parfait pour les plastiques textur\u00e9s, les peintures poudr\u00e9es et les surfaces l\u00e9g\u00e8rement incurv\u00e9es.<\/li>\n<li><strong>autocollant double face :<\/strong> Ce sont des adh\u00e9sifs acryliques hautes performances, id\u00e9aux pour les surfaces lisses et plates comme le verre (flacons de parfum), les appareils \u00e9lectroniques plats et les bo\u00eetes d'emballage rigides. Ils offrent une excellente r\u00e9sistance aux produits chimiques agressifs et aux variations de temp\u00e9rature.<\/li>\n<li><strong>Adh\u00e9sif thermofusible\u00a0:<\/strong> La solution id\u00e9ale pour les supports poreux ou flexibles tels que les meubles en cuir, les toiles et les textiles lourds. L'\u00e9tiquette est appliqu\u00e9e par pressage \u00e0 chaud pr\u00e9cis, cr\u00e9ant un lien permanent avec les fibres du tissu.<\/li>\n<\/ul>\n<\/div>\n<p><!-- Quality & Trust Section --><\/p>\n<h2 style=\"color: #0056b3; border-bottom: 2px solid #e9ecef; padding-bottom: 10px; margin-top: 40px;\">Qualit\u00e9, s\u00e9curit\u00e9 et confiance sans compromis<\/h2>\n<p>Choisir un partenaire de fabrication pour les actifs de votre marque n\u00e9cessite une immense confiance. JTT Precision Metal Co., Ltd. a \u00e9tabli une solide r\u00e9putation dans l'industrie en adh\u00e9rant strictement aux normes internationales de qualit\u00e9 et de s\u00e9curit\u00e9. Nos installations de production utilisent des points de contr\u00f4le de qualit\u00e9 rigoureux, garantissant que chaque petite \u00e9tiquette m\u00e9tallique personnalis\u00e9e qui quitte notre sol est impeccable.<\/p>\n<p><strong>Certifications et conformit\u00e9\u00a0:<\/strong> Nos mat\u00e9riaux et adh\u00e9sifs sont minutieusement test\u00e9s et tiennent <strong>Certifications SGS, ROHS et MSDS<\/strong>. This means our products are free from hazardous substances, safe for consumer handling, and fully compliant with international export regulations.<\/p>\n<p><strong>S\u00e9curit\u00e9 des donn\u00e9es et protection IP\u00a0:<\/strong> Nous comprenons que vos logos et designs sont une propri\u00e9t\u00e9 intellectuelle exclusive. Nous utilisons des protocoles stricts de s\u00e9curit\u00e9 des donn\u00e9es et des accords de non-divulgation (NDA) sur demande. Vos illustrations personnalis\u00e9es, fichiers vectoriels et conceptions 3D sont stock\u00e9s en toute s\u00e9curit\u00e9 et ne sont jamais partag\u00e9s ou r\u00e9utilis\u00e9s sans autorisation explicite.<\/p>\n<p><strong>Customer Assurance Policy:<\/strong> Nous sommes fiers de l\u2019excellence de la fabrication. Dans les rares cas de divergences de commande ou de r\u00e9clamations pour d\u00e9fauts, le probl\u00e8me est m\u00e9ticuleusement examin\u00e9 par notre \u00e9quipe d'assurance qualit\u00e9 d\u00e9di\u00e9e afin de d\u00e9terminer la r\u00e9solution appropri\u00e9e. Nous travaillons en \u00e9troite collaboration avec nos clients pour garantir une enti\u00e8re satisfaction du savoir-faire final.<\/p>\n<p><!-- Ordering Process --><\/p>\n<h2 style=\"color: #0056b3; border-bottom: 2px solid #e9ecef; padding-bottom: 10px; margin-top: 40px;\">Processus de demande et de production rationalis\u00e9<\/h2>\n<p>Nous exploitons un mod\u00e8le efficace bas\u00e9 sur les enqu\u00eates B2B, con\u00e7u pour commercialiser rapidement vos produits sans sacrifier la qualit\u00e9.<\/p>\n<ol style=\"line-height: 1.8; color: #444; margin-bottom: 30px;\">\n<li><strong>Soumettez votre conception\u00a0:<\/strong> Envoyez-nous votre logo (format AI, PDF ou CDR de pr\u00e9f\u00e9rence) ainsi que les d\u00e9tails concernant l'application pr\u00e9vue (par exemple, ordinateur portable, flacon de parfum, cuir).<\/li>\n<li><strong>Consultation et devis\u00a0:<\/strong> Nos sp\u00e9cialistes en conception \u00e9valueront votre \u0153uvre d\u2019art, recommanderont l\u2019\u00e9paisseur, la finition et l\u2019adh\u00e9sif id\u00e9aux, et vous fourniront un devis transparent et complet.<\/li>\n<li><strong>\u00c9chantillonnage rapide\u00a0:<\/strong> Nous g\u00e9n\u00e9rons des prototypes physiques ou des \u00e9preuves num\u00e9riques haute r\u00e9solution pour votre approbation, garantissant que la couleur, la texture et l'\u00e9chelle r\u00e9pondent \u00e0 vos sp\u00e9cifications pr\u00e9cises.<\/li>\n<li><strong>Production de masse\u00a0:<\/strong> Apr\u00e8s approbation de l'\u00e9chantillon, nous lan\u00e7ons une production de masse rapide en utilisant nos lignes de fabrication avanc\u00e9es.<\/li>\n<li><strong>Exp\u00e9dition s\u00e9curis\u00e9e\u00a0:<\/strong> Les produits sont soigneusement emball\u00e9s pour \u00e9viter les rayures et exp\u00e9di\u00e9s dans le monde entier par des partenaires logistiques fiables. Nous prenons en charge des conditions de paiement flexibles, notamment T\/T, PayPal et les virements bancaires s\u00e9curis\u00e9s.<\/li>\n<\/ol>\n<p><!-- FAQs Box --><\/p>\n<h2 style=\"color: #0056b3; border-bottom: 2px solid #e9ecef; padding-bottom: 10px; margin-top: 40px;\">Foire aux questions (FAQ)<\/h2>\n<div style=\"border: 1px solid #e2e8f0; border-radius: 8px; margin-bottom: 15px; background-color: #fff; overflow: hidden; box-shadow: 0 2px 4px rgba(0,0,0,0.02);\">\n<h3 style=\"margin: 0; padding: 15px 20px; background-color: #f8fafc; font-size: 16px; color: #1e293b; border-bottom: 1px solid #e2e8f0;\">What makes nickel label stickers different from stainless steel?<\/h3>\n<div style=\"padding: 15px 20px; color: #475569; font-size: 15px;\">Les autocollants en nickel peuvent \u00eatre fabriqu\u00e9s pour \u00eatre ultra-fins (jusqu'\u00e0 0,045 mm), ce qui leur permet de se plier et de s'adapter parfaitement aux surfaces incurv\u00e9es comme les bouteilles rondes et les coques de t\u00e9l\u00e9phone profil\u00e9es. L'acier inoxydable offre une rigidit\u00e9 incroyable et une durabilit\u00e9 sup\u00e9rieure, ce qui le rend id\u00e9al pour les surfaces planes, les machines lourdes et les appareils ext\u00e9rieurs.<\/div>\n<\/div>\n<div style=\"border: 1px solid #e2e8f0; border-radius: 8px; margin-bottom: 15px; background-color: #fff; overflow: hidden; box-shadow: 0 2px 4px rgba(0,0,0,0.02);\">\n<h3 style=\"margin: 0; padding: 15px 20px; background-color: #f8fafc; font-size: 16px; color: #1e293b; border-bottom: 1px solid #e2e8f0;\">Comment appliquer l'autocollant m\u00e9tallique personnalis\u00e9 sur mon produit ?<\/h3>\n<div style=\"padding: 15px 20px; color: #475569; font-size: 15px;\">L'application est incroyablement simple. Nettoyez soigneusement la surface cible pour \u00e9liminer toute poussi\u00e8re ou huile. D\u00e9collez la pellicule antiadh\u00e9sive au dos de l'\u00e9tiquette m\u00e9tallique, alignez-la soigneusement et appuyez-la fermement sur la surface. Pour les \u00e9tiquettes comportant un film de transfert protecteur sur le devant, d\u00e9collez simplement le film avant une fois l'\u00e9tiquette fermement fix\u00e9e pour r\u00e9v\u00e9ler la finition m\u00e9tallique impeccable.<\/div>\n<\/div>\n<div style=\"border: 1px solid #e2e8f0; border-radius: 8px; margin-bottom: 15px; background-color: #fff; overflow: hidden; box-shadow: 0 2px 4px rgba(0,0,0,0.02);\">\n<h3 style=\"margin: 0; padding: 15px 20px; background-color: #f8fafc; font-size: 16px; color: #1e293b; border-bottom: 1px solid #e2e8f0;\">Can you match my specific brand colors?<\/h3>\n<div style=\"padding: 15px 20px; color: #475569; font-size: 15px;\">Oui! Gr\u00e2ce \u00e0 des techniques avanc\u00e9es de rev\u00eatement PVD, de peinture et d'impression, nous pouvons produire des \u00e9tiquettes m\u00e9talliques dans des couleurs classiques or, argent, or rose, bronze ou personnalis\u00e9es Pantone pour s'aligner parfaitement sur l'identit\u00e9 de votre marque.<\/div>\n<\/div>\n<div style=\"border: 1px solid #e2e8f0; border-radius: 8px; margin-bottom: 15px; background-color: #fff; overflow: hidden; box-shadow: 0 2px 4px rgba(0,0,0,0.02);\">\n<h3 style=\"margin: 0; padding: 15px 20px; background-color: #f8fafc; font-size: 16px; color: #1e293b; border-bottom: 1px solid #e2e8f0;\">Combien de temps dure le processus de production ?<\/h3>\n<div style=\"padding: 15px 20px; color: #475569; font-size: 15px;\">Gr\u00e2ce \u00e0 nos capacit\u00e9s de fabrication rationalis\u00e9es, un \u00e9chantillonnage rapide ne prend g\u00e9n\u00e9ralement que quelques jours une fois l\u2019illustration approuv\u00e9e. Les d\u00e9lais de production en s\u00e9rie varient en fonction du volume et de la complexit\u00e9 des commandes, mais nos plus de 20 ans d'exp\u00e9rience nous permettent de maintenir des d\u00e9lais de livraison tr\u00e8s comp\u00e9titifs.<\/div>\n<\/div>\n<p><!-- Bottom Conversion CTA --><\/p>\n<div id=\"inquiry-form\" style=\"background-color: #1a1a1a; color: #ffffff; padding: 40px; border-radius: 8px; text-align: center; margin-top: 50px;\">\n<h2 style=\"color: #ffffff; margin-top: 0; margin-bottom: 15px; font-size: 26px;\">Pr\u00eat \u00e0 mettre \u00e0 niveau l'emballage de votre produit\u00a0?<\/h2>\n<p style=\"color: #cccccc; margin-bottom: 30px; font-size: 16px; max-width: 700px; margin-left: auto; margin-right: auto;\">Ne laissez pas une image de marque m\u00e9diocre diminuer la valeur per\u00e7ue de vos produits. Associez-vous \u00e0 JTT Precision Metal Co., Ltd. pour des autocollants de logo en m\u00e9tal personnalis\u00e9s de premier plan.<\/p>\n<p><a style=\"display: inline-block; background-color: #28a745; color: #ffffff; padding: 15px 40px; text-decoration: none; font-size: 18px; font-weight: bold; border-radius: 50px; transition: background-color 0.3s ease; box-shadow: 0 4px 10px rgba(40, 167, 69, 0.4);\" href=\"mailto:fiona@jttlogo.net\">\u2709 Contactez-nous pour un devis et un \u00e9chantillon<\/a><\/p>\n<p style=\"margin-top: 20px; font-size: 12px; color: #888;\">Notre \u00e9quipe d\u00e9di\u00e9e r\u00e9pondra rapidement \u00e0 votre demande avec des conseils d\u2019experts et des d\u00e9tails sur les prix.<\/p>\n<\/div>\n<\/article>\n<p><!-- SEO Description: Elevate your brand with custom small metal labels and nickel stickers. Perfect for laptops, appliances & packaging. SGS-certified, 20+ years expertise. Request a quote! --><\/p>","protected":false},"excerpt":{"rendered":"<p>\u00c9levez votre marque avec de petites \u00e9tiquettes m\u00e9talliques personnalis\u00e9es et des autocollants en nickel. Parfait pour les ordinateurs portables, les appareils \u00e9lectrom\u00e9nagers et les emballages. Certifi\u00e9 SGS, plus de 20 ans d'expertise. Demandez un devis !<\/p>","protected":false},"featured_media":2455,"comment_status":"open","ping_status":"closed","template":"","meta":[],"product_brand":[],"product_cat":[48],"product_tag":[],"class_list":{"0":"post-2450","1":"product","2":"type-product","3":"status-publish","4":"has-post-thumbnail","6":"product_cat-nickel-metal-sticker","8":"first","9":"instock","10":"shipping-taxable","11":"product-type-simple"},"jetpack-related-posts":[],"jetpack_sharing_enabled":true,"_links":{"self":[{"href":"https:\/\/jttlogos.com\/fr\/wp-json\/wp\/v2\/product\/2450","targetHints":{"allow":["GET"]}}],"collection":[{"href":"https:\/\/jttlogos.com\/fr\/wp-json\/wp\/v2\/product"}],"about":[{"href":"https:\/\/jttlogos.com\/fr\/wp-json\/wp\/v2\/types\/product"}],"replies":[{"embeddable":true,"href":"https:\/\/jttlogos.com\/fr\/wp-json\/wp\/v2\/comments?post=2450"}],"wp:featuredmedia":[{"embeddable":true,"href":"https:\/\/jttlogos.com\/fr\/wp-json\/wp\/v2\/media\/2455"}],"wp:attachment":[{"href":"https:\/\/jttlogos.com\/fr\/wp-json\/wp\/v2\/media?parent=2450"}],"wp:term":[{"taxonomy":"product_brand","embeddable":true,"href":"https:\/\/jttlogos.com\/fr\/wp-json\/wp\/v2\/product_brand?post=2450"},{"taxonomy":"product_cat","embeddable":true,"href":"https:\/\/jttlogos.com\/fr\/wp-json\/wp\/v2\/product_cat?post=2450"},{"taxonomy":"product_tag","embeddable":true,"href":"https:\/\/jttlogos.com\/fr\/wp-json\/wp\/v2\/product_tag?post=2450"}],"curies":[{"name":"wp","href":"https:\/\/api.w.org\/{rel}","templated":true}]}}