{"id":2812,"date":"2020-05-16T03:10:04","date_gmt":"2020-05-16T03:10:04","guid":{"rendered":"https:\/\/jttlogos.com\/?post_type=product&#038;p=2812"},"modified":"2026-04-18T11:54:02","modified_gmt":"2026-04-18T11:54:02","slug":"custom-metal-name-plate-label-waterproof-nickel-stickers-with-strong-3m-adhesive-glue-for-watch-dail","status":"publish","type":"product","link":"https:\/\/jttlogos.com\/fr\/produit\/etiquette-de-plaque-signaletique-en-metal-personnalisee-autocollants-en-nickel-impermeables-avec-colle-adhesive-forte-3m-pour-montre-dail\/","title":{"rendered":"Custom Waterproof Metal Name Plate Label | Ultra-Thin Nickel Logo Sticker with 3M Adhesive for Watch Dials"},"content":{"rendered":"<article style=\"font-family: Arial, Helvetica, sans-serif; line-height: 1.6; color: #333; max-width: 100%px; margin: 0 auto; padding: 20px;\">\n<p style=\"text-align: center; font-size: 1.1em; margin-bottom: 30px;\"><strong>Cat\u00e9gorie d'article\u00a0:<\/strong> <a style=\"color: #0056b3; text-decoration: none; font-weight: bold;\" href=\"https:\/\/jttlogos.com\/fr\/categorie-de-produit\/autocollant-en-metal-nickel\/\">Autocollant en m\u00e9tal nickel\u00e9<\/a><\/p>\n<p><!-- RFQ CTA Above the Fold --><\/p>\n<div style=\"background-color: #f4f7f6; border: 2px solid #e2e8f0; border-radius: 8px; padding: 25px; text-align: center; margin-bottom: 40px; box-shadow: 0 4px 6px rgba(0,0,0,0.05);\">\n<h2 style=\"color: #2c3e50; margin-top: 0; font-size: 1.8em;\">Vous recherchez des solutions de logos m\u00e9talliques personnalis\u00e9s haut de gamme\u00a0?<\/h2>\n<p style=\"font-size: 1.1em; color: #555; margin-bottom: 20px;\">Associez-vous \u00e0 JTT Precision Metal Co., Ltd. Avec plus de 20 ans d\u2019excellence en fabrication, nous fournissons des devis sur mesure pour vos besoins uniques en mati\u00e8re de marque.<\/p>\n<p><a style=\"display: inline-block; background-color: #d9534f; color: #ffffff; padding: 15px 35px; font-size: 1.2em; font-weight: bold; text-decoration: none; border-radius: 5px; text-transform: uppercase; letter-spacing: 1px; box-shadow: 0 4px 6px rgba(217, 83, 79, 0.3);\" href=\"https:\/\/jttlogos.com\/fr\/contactez-nous\/\">Demandez un devis personnalis\u00e9 maintenant<\/a><\/p>\n<p style=\"margin-top: 15px; font-size: 0.9em; color: #7f8c8d;\">R\u00e9ponse rapide | Exp\u00e9dition mondiale | Options de paiement s\u00e9curis\u00e9<\/p>\n<\/div>\n<p><!-- Introduction Section --><\/p>\n<h2 style=\"color: #0056b3; border-bottom: 2px solid #0056b3; padding-bottom: 8px; margin-top: 40px;\">\u00c9levez votre marque avec des \u00e9tiquettes de plaque signal\u00e9tique en m\u00e9tal personnalis\u00e9es<\/h2>\n<p>Bienvenue \u00e0 <strong>JTT Precision Metal Co., Ltd (jttlogos.com)<\/strong>, votre partenaire de fabrication mondial de confiance sp\u00e9cialis\u00e9 dans les autocollants m\u00e9talliques en nickel 100% personnalis\u00e9s. Depuis plus de 20 ans, nous nous consacrons au perfectionnement de l'art de la production de logos en m\u00e9tal, en proposant des solutions de branding de haute qualit\u00e9 et enti\u00e8rement personnalisables qui permettent \u00e0 vos produits de se d\u00e9marquer. Notre prime <strong>\u00c9tiquette de plaque signal\u00e9tique en m\u00e9tal personnalis\u00e9e, autocollants en nickel imperm\u00e9ables avec colle adh\u00e9sive forte 3M<\/strong> sont sp\u00e9cialement con\u00e7us pour les applications haut de gamme, notamment les cadrans de montres d\u00e9licats, les emballages de luxe, les appareils \u00e9lectrom\u00e9nagers et les appareils \u00e9lectroniques avanc\u00e9s.<\/p>\n<p>Dans le march\u00e9 hautement concurrentiel d\u2019aujourd\u2019hui, la repr\u00e9sentation visuelle de votre marque est primordiale. Une \u00e9tiquette imprim\u00e9e standard ne peut tout simplement pas \u00e9galer l\u2019\u00e9clat sophistiqu\u00e9 et tridimensionnel d\u2019un autocollant m\u00e9tallique personnalis\u00e9. En utilisant une technique de galvanoplastie avanc\u00e9e, nous cr\u00e9ons des autocollants en nickel ultra-fins, tr\u00e8s durables et imperm\u00e9ables qui s'int\u00e8grent parfaitement \u00e0 la surface de votre produit. Que vous ayez besoin d'\u00e9tiquettes en nickel personnalis\u00e9es pour une nouvelle gamme d'\u00e9tuis de t\u00e9l\u00e9phones portables ou d'\u00e9tiquettes m\u00e9talliques industrielles pour des machines lourdes, notre expertise approfondie dans le domaine garantit que vos sp\u00e9cifications sont respect\u00e9es avec une pr\u00e9cision absolue.<\/p>\n<p><iframe loading=\"lazy\" title=\"Autocollants imperm\u00e9ables en nickel d&#039;\u00e9tiquette de plaque signal\u00e9tique en m\u00e9tal faite sur commande avec la colle adh\u00e9sive forte de 3M\" width=\"1020\" height=\"574\" src=\"https:\/\/www.youtube.com\/embed\/WVgrsOXEqHs?feature=oembed\" frameborder=\"0\" allow=\"accelerometer; autoplay; clipboard-write; encrypted-media; gyroscope; picture-in-picture; web-share\" referrerpolicy=\"strict-origin-when-cross-origin\" allowfullscreen><\/iframe><\/p>\n<p><!-- Product Specifications Table --><\/p>\n<h2><img data-recalc-dims=\"1\" decoding=\"async\" class=\"alignnone wp-image-1418 size-full\" src=\"https:\/\/i0.wp.com\/jttlogos.com\/wp-content\/uploads\/2020\/05\/nickel-metal-sticker-5.jpg?resize=600%2C450&#038;ssl=1\" alt=\"\u00c9tiquettes de plaque signal\u00e9tique en m\u00e9tal dor\u00e9 personnalis\u00e9es\" width=\"600\" height=\"450\" title=\"\"><\/h2>\n<h2 style=\"color: #0056b3; border-bottom: 2px solid #0056b3; padding-bottom: 8px; margin-top: 40px;\">Sp\u00e9cifications techniques compl\u00e8tes<\/h2>\n<p>Understanding the exact specifications of your customized metal tags is critical for procurement and product development. Below is a detailed breakdown of the technical attributes and materials used in our custom metal nameplates.<\/p>\n<table style=\"width: 100%; border-collapse: collapse; margin: 25px 0; font-size: 1em; box-shadow: 0 2px 10px rgba(0,0,0,0.1); background-color: #ffffff;\">\n<thead>\n<tr style=\"background-color: #0056b3; color: #ffffff; text-align: left;\">\n<th style=\"padding: 15px; border: 1px solid #dddddd;\">Caract\u00e9ristique de sp\u00e9cification<\/th>\n<th style=\"padding: 15px; border: 1px solid #dddddd;\">Description d\u00e9taill\u00e9e<\/th>\n<\/tr>\n<\/thead>\n<tbody>\n<tr style=\"background-color: #f9f9f9;\">\n<td style=\"padding: 15px; border: 1px solid #dddddd; font-weight: bold;\">Mat\u00e9riel<\/td>\n<td style=\"padding: 15px; border: 1px solid #dddddd;\">M\u00e9tal de haute qualit\u00e9, nickel 100%<\/td>\n<\/tr>\n<tr>\n<td style=\"padding: 15px; border: 1px solid #dddddd; font-weight: bold;\">Technique de fabrication<\/td>\n<td style=\"padding: 15px; border: 1px solid #dddddd;\">Galvanoplastie avanc\u00e9e<\/td>\n<\/tr>\n<tr style=\"background-color: #f9f9f9;\">\n<td style=\"padding: 15px; border: 1px solid #dddddd; font-weight: bold;\">Plage d'\u00e9paisseur<\/td>\n<td style=\"padding: 15px; border: 1px solid #dddddd;\">0.045mm to 0.12mm (Ultra-thin profile)<\/td>\n<\/tr>\n<tr>\n<td style=\"padding: 15px; border: 1px solid #dddddd; font-weight: bold;\">Options de taille et de couleur<\/td>\n<td style=\"padding: 15px; border: 1px solid #dddddd;\">100% Adapt\u00e9 \u00e0 toutes les tailles, formes uniques et exigences de couleur<\/td>\n<\/tr>\n<tr style=\"background-color: #f9f9f9;\">\n<td style=\"padding: 15px; border: 1px solid #dddddd; font-weight: bold;\">Types d'adh\u00e9sifs\/colles<\/td>\n<td style=\"padding: 15px; border: 1px solid #dddddd;\">Adh\u00e9sif 3M puissant, colle thermofusible 3M, autocollant double face Premium<\/td>\n<\/tr>\n<tr>\n<td style=\"padding: 15px; border: 1px solid #dddddd; font-weight: bold;\">Applications principales<\/td>\n<td style=\"padding: 15px; border: 1px solid #dddddd;\">Cadrans de montre, t\u00e9l\u00e9phones mobiles, \u00e9tuis de t\u00e9l\u00e9phones portables, appareils \u00e9lectrom\u00e9nagers, produits \u00e9lectroniques, emballages de coffrets cadeaux, automobiles, machines et divers autres domaines industriels.<\/td>\n<\/tr>\n<tr style=\"background-color: #f9f9f9;\">\n<td style=\"padding: 15px; border: 1px solid #dddddd; font-weight: bold;\">Certifications mondiales<\/td>\n<td style=\"padding: 15px; border: 1px solid #dddddd;\">SGS, ROHS, MSDS (Assurer la conformit\u00e9 environnementale et de s\u00e9curit\u00e9)<\/td>\n<\/tr>\n<tr>\n<td style=\"padding: 15px; border: 1px solid #dddddd; font-weight: bold;\">Formats d'illustration pris en charge<\/td>\n<td style=\"padding: 15px; border: 1px solid #dddddd;\">AI, PDF, CDR, CAD ou autres formats vectoriels professionnels<\/td>\n<\/tr>\n<\/tbody>\n<\/table>\n<p><!-- Knowledge Point Section --><\/p>\n<div style=\"background-color: #eef7ff; border-left: 6px solid #0056b3; padding: 20px; margin: 30px 0; border-radius: 4px;\">\n<h3 style=\"margin-top: 0; color: #0056b3; font-size: 1.4em;\">Expert Knowledge Point: The Advantage of the Electroplating Technique<\/h3>\n<p style=\"margin-bottom: 0;\">Nos d\u00e9calcomanies m\u00e9talliques personnalis\u00e9es sont produites \u00e0 l'aide d'un mat\u00e9riau hautement raffin\u00e9 <strong>galvanoplastie<\/strong> processus. Cette m\u00e9thode nous permet de construire des couches de nickel pur 100% jusqu'\u00e0 une \u00e9paisseur pr\u00e9cise allant de <strong>0,045 mm \u00e0 0,12 mm<\/strong>. Because the electroplating process allows for atomic-level material deposition, the resulting metal nameplates exhibit incredible detail, capturing even the most intricate lines of your custom artwork formats (such as AI, PDF, CDR, or CAD). This makes the technique uniquely suited for small, high-detail applications like <strong>autocollants pour cadran de montre<\/strong>, o\u00f9 l'encombrement ruinerait l'esth\u00e9tique, et o\u00f9 la pr\u00e9cision est absolument obligatoire.<\/p>\n<\/div>\n<p><!-- E-E-A-T and Quality Section --><\/p>\n<h2 style=\"color: #0056b3; border-bottom: 2px solid #0056b3; padding-bottom: 8px; margin-top: 40px;\">Qualit\u00e9 des produits et certifications sans compromis<\/h2>\n<p>Lorsque vous recherchez des \u00e9tiquettes industrielles et des \u00e9tiquettes de marque m\u00e9talliques pour votre ligne de production, la confiance et l'autorit\u00e9 dans le processus de fabrication ne sont pas n\u00e9gociables. Chez JTT Precision Metal Co., Ltd., nous soutenons nos plus de 20 ann\u00e9es d'exp\u00e9rience pratique dans la fabrication avec des certifications mondiales reconnues. Nos autocollants m\u00e9talliques personnalis\u00e9s sont strictement test\u00e9s et v\u00e9rifi\u00e9s pour r\u00e9pondre <strong>SGS, ROHS et MSDS<\/strong> normes.<\/p>\n<p>Ces certifications t\u00e9moignent de nos protocoles rigoureux de contr\u00f4le de qualit\u00e9. La conformit\u00e9 ROHS garantit que nos autocollants m\u00e9talliques en nickel sont exempts de substances dangereuses, ce qui les rend parfaitement s\u00fbrs pour une int\u00e9gration dans les produits \u00e9lectroniques grand public, les t\u00e9l\u00e9phones mobiles et les appareils \u00e9lectrom\u00e9nagers. Parall\u00e8lement, la documentation MSDS (Material Safety Data Sheet) offre une transparence totale concernant la s\u00e9curit\u00e9 et la manipulation de nos mat\u00e9riaux, donnant aux \u00e9quipes d'approvisionnement la confiance dont elles ont besoin lors de l'importation de nos \u00e9tiquettes autocollantes m\u00e9talliques personnalis\u00e9es dans le monde entier.<\/p>\n<p>De plus, nos \u00e9tiquettes de logo en m\u00e9tal sont intrins\u00e8quement <strong>\u00e9tanche<\/strong>. The robust nature of 100% metal nickel, combined with our advanced finishing processes, means that your customized branding will not fade, rust, or degrade when exposed to moisture. This weather-resistant characteristic makes them equally suitable for indoor electronics and outdoor automotive applications.<\/p>\n<p><!-- Deep Dive into Adhesive Quality --><\/p>\n<h2 style=\"color: #0056b3; border-bottom: 2px solid #0056b3; padding-bottom: 8px; margin-top: 40px;\">Adh\u00e9rence exceptionnelle\u00a0: colle adh\u00e9sive 3M forte<\/h2>\n<p>Un autocollant m\u00e9tallique personnalis\u00e9 de haute qualit\u00e9 n\u2019est aussi bon que l\u2019adh\u00e9sif qui le lie au produit. Nous comprenons que nos clients B2B appliquent ces plaques signal\u00e9tiques m\u00e9talliques personnalis\u00e9es sur une grande vari\u00e9t\u00e9 de surfaces : du verre lisse et du plastique sur les \u00e9tuis de t\u00e9l\u00e9phones portables au m\u00e9tal textur\u00e9 sur les machines et aux substrats d\u00e9licats sur les cadrans de montres.<\/p>\n<p>Pour garantir une liaison permanente et s\u00fbre, nous utilisons des adh\u00e9sifs de pointe. En fonction des exigences sp\u00e9cifiques de votre application, vos autocollants m\u00e9talliques en nickel personnalis\u00e9s peuvent \u00eatre soutenus par\u00a0:<\/p>\n<ul style=\"list-style-type: square; padding-left: 20px; line-height: 1.8;\">\n<li><strong>Adh\u00e9sif 3M puissant\u00a0:<\/strong> La r\u00e9f\u00e9rence en mati\u00e8re de collage industriel, offrant une r\u00e9sistance exceptionnelle au cisaillement et aux facteurs environnementaux.<\/li>\n<li><strong>Colle thermofusible 3M\u00a0:<\/strong> Id\u00e9al pour les applications n\u00e9cessitant une liaison rapide, activ\u00e9e par la chaleur, qui reste r\u00e9siliente dans des conditions de temp\u00e9rature variables.<\/li>\n<li><strong>Autocollant double face :<\/strong> Une option polyvalente et facile \u00e0 appliquer qui permet une application rapide par pelage et collage sur les cha\u00eenes d'assemblage, r\u00e9duisant ainsi consid\u00e9rablement votre temps de production.<\/li>\n<\/ul>\n<p><!-- Versatile Applications --><\/p>\n<h2 style=\"color: #0056b3; border-bottom: 2px solid #0056b3; padding-bottom: 8px; margin-top: 40px;\">Sc\u00e9narios d'utilisation \u00e0 l'\u00e9chelle de l'industrie<\/h2>\n<p>Le profil ultra fin (0,045-0,12 mm) et la finition m\u00e9tallique visuellement \u00e9poustouflante de nos autocollants en nickel imperm\u00e9ables les rendent hautement adaptables dans de nombreux secteurs. Nos solutions personnalis\u00e9es sont fr\u00e9quemment d\u00e9ploy\u00e9es dans les secteurs suivants :<\/p>\n<ul style=\"list-style-type: disc; padding-left: 20px; line-height: 1.8;\">\n<li><strong>Watch Dials and Timepieces:<\/strong> The meticulous detail achieved through electroplating allows luxury watch manufacturers to apply microscopic, precisely cut metal logos directly onto watch dials without interfering with the hands of the timepiece.<\/li>\n<li><strong>Consumer Electronics &amp; Mobile Phones:<\/strong> Enhance the perceived value of laptops, mobile phones, and mobile phone cases with sleek, flush-mounted custom metallic decals.<\/li>\n<li><strong>Appareils \u00e9lectrom\u00e9nagers\u00a0:<\/strong> Refrigerators, coffee makers, and washing machines benefit from durable, waterproof metal labels that withstand daily cleaning and moisture.<\/li>\n<li><strong>Automobile et machines\u00a0:<\/strong> Whether it\u2019s a dashboard badge or a heavy machinery branding plate, our weather-resistant metal nameplates endure harsh operational environments.<\/li>\n<li><strong>Luxury Packaging &amp; Gift Boxes:<\/strong> Am\u00e9liorez l'exp\u00e9rience de d\u00e9ballage en ornant les coffrets cadeaux d'emballage haut de gamme avec des autocollants r\u00e9fl\u00e9chissants avec logo en m\u00e9tal 3D haut de gamme.<\/li>\n<\/ul>\n<p><!-- Logistics, Ordering, and B2B Policies --><\/p>\n<h2 style=\"color: #0056b3; border-bottom: 2px solid #0056b3; padding-bottom: 8px; margin-top: 40px;\">Streamlined Order Process and Logistics for B2B Procurement<\/h2>\n<p>Avec plus de deux d\u00e9cennies d\u2019exp\u00e9rience dans le commerce international, nous avons optimis\u00e9 notre cha\u00eene d\u2019approvisionnement et nos processus d\u2019ex\u00e9cution des commandes pour soutenir les entreprises de toutes tailles. Nous accordons la priorit\u00e9 \u00e0 une communication claire, au prototypage rapide et aux transactions s\u00e9curis\u00e9es pour garantir un parcours d'achat fluide.<\/p>\n<h3 style=\"color: #333; margin-top: 25px;\">Production and Delivery Time<\/h3>\n<p>We know that time-to-market is critical for your product launches. Our production schedule is designed for maximum efficiency:<\/p>\n<ul style=\"list-style-type: circle; padding-left: 20px; line-height: 1.8;\">\n<li><strong>\u00c9chantillons existants\u00a0:<\/strong> We can dispatch our existing metal nickel sticker samples within <strong>1 jour<\/strong> for your immediate quality reference and evaluation.<\/li>\n<li><strong>\u00c9chantillon de fabrication personnalis\u00e9e\u00a0:<\/strong> Fast delivery of newly customized prototype samples takes only <strong>3-5 jours<\/strong> apr\u00e8s approbation des illustrations.<\/li>\n<li><strong>Production de masse\u00a0:<\/strong> Le temps total de production en s\u00e9rie d\u00e9pend de la quantit\u00e9 sp\u00e9cifique de votre commande, mais nos vastes installations garantissent des d\u00e9lais d'ex\u00e9cution rapides.<\/li>\n<\/ul>\n<h3 style=\"color: #333; margin-top: 25px;\">Options et conditions de paiement s\u00e9curis\u00e9<\/h3>\n<p>Pour faciliter le commerce mondial et renforcer la fiabilit\u00e9, nous proposons une suite compl\u00e8te de m\u00e9thodes de paiement s\u00e9curis\u00e9es. Notre d\u00e9lai de paiement standard est <strong>T\/T 30% comme d\u00e9p\u00f4t et le solde avant la livraison<\/strong>. Cette structure nous permet d'effectuer des inspections de qualit\u00e9 rigoureuses avant exp\u00e9dition avant la finalisation de la transaction finale. Les m\u00e9thodes de paiement prises en charge incluent\u00a0:<\/p>\n<p style=\"background-color: #f8f9fa; padding: 15px; border-radius: 5px; border: 1px solid #e9ecef;\">Paiement par carte de cr\u00e9dit, PayPal, virement bancaire, Western Union, L\/C (lettre de cr\u00e9dit), T\/T (virement t\u00e9l\u00e9graphique) et commandes d'assurance commerciale Alibaba.<\/p>\n<h3 style=\"color: #333; margin-top: 25px;\">Packing and Shipment Methods<\/h3>\n<p>Every batch of custom metal name plate labels is carefully packed in protective <strong>Sacs d'emballage OPP<\/strong> to prevent any scratching or bending during transit. Depending on your urgency and location, we coordinate flexible shipment options: <strong>Par mer, par avion, par DHL, par UPS ou par d'autres services de messagerie express<\/strong>. Our logistics team works diligently to find the most efficient and cost-effective shipping route for your facility.<\/p>\n<p><!-- FAQ Section --><\/p>\n<h2 style=\"color: #0056b3; border-bottom: 2px solid #0056b3; padding-bottom: 8px; margin-top: 40px;\">Foire aux questions (FAQ)<\/h2>\n<div style=\"margin-top: 20px;\">\n<details style=\"margin-bottom: 15px; border: 1px solid #ccd1d9; border-radius: 6px; padding: 15px; background-color: #ffffff; cursor: pointer;\" open=\"open\">\n<summary style=\"font-weight: bold; font-size: 1.1em; color: #2c3e50; outline: none;\">Quels formats d'illustration acceptez-vous pour les autocollants de logo en m\u00e9tal personnalis\u00e9s\u00a0?<\/summary>\n<p style=\"margin-top: 10px; margin-bottom: 0; color: #555;\">We accept professional vector graphic files to ensure the highest precision during the electroplating process. Preferred formats include AI (Adobe Illustrator), PDF, CDR (CorelDRAW), CAD, or other standard vector formats.<\/p>\n<\/details>\n<details style=\"margin-bottom: 15px; border: 1px solid #ccd1d9; border-radius: 6px; padding: 15px; background-color: #ffffff; cursor: pointer;\" open=\"open\">\n<summary style=\"font-weight: bold; font-size: 1.1em; color: #2c3e50; outline: none;\">Are these nickel metal stickers fully waterproof?<\/summary>\n<p style=\"margin-top: 10px; margin-bottom: 0; color: #555;\">Oui, nos autocollants m\u00e9talliques personnalis\u00e9s sont fabriqu\u00e9s en nickel m\u00e9tallique 100% et utilisent une colle adh\u00e9sive 3M puissante. Les propri\u00e9t\u00e9s inh\u00e9rentes du m\u00e9tal et de l\u2019adh\u00e9sif de qualit\u00e9 industrielle rendent l\u2019autocollant final appliqu\u00e9 tr\u00e8s imperm\u00e9able et r\u00e9sistant aux intemp\u00e9ries.<\/p>\n<\/details>\n<details style=\"margin-bottom: 15px; border: 1px solid #ccd1d9; border-radius: 6px; padding: 15px; background-color: #ffffff; cursor: pointer;\" open=\"open\">\n<summary style=\"font-weight: bold; font-size: 1.1em; color: #2c3e50; outline: none;\">How do I apply the double-sided self-adhesive metal labels?<\/summary>\n<p style=\"margin-top: 10px; margin-bottom: 0; color: #555;\">La demande est simple. Tout d\u2019abord, assurez-vous que la surface cible (par exemple, le cadran d\u2019une montre, le bo\u00eetier d\u2019un t\u00e9l\u00e9phone portable ou une machine) est propre, s\u00e8che et exempte d\u2019huile. D\u00e9collez le film protecteur, alignez avec pr\u00e9cision l'autocollant m\u00e9tallique personnalis\u00e9 et appliquez une pression ferme et uniforme. L'adh\u00e9sif 3M \u00e9tablit rapidement une liaison solide et permanente.<\/p>\n<\/details>\n<details style=\"margin-bottom: 15px; border: 1px solid #ccd1d9; border-radius: 6px; padding: 15px; background-color: #ffffff; cursor: pointer;\" open=\"open\">\n<summary style=\"font-weight: bold; font-size: 1.1em; color: #2c3e50; outline: none;\">Quelle est votre garantie de qualit\u00e9 et votre politique de retour\u00a0?<\/summary>\n<p style=\"margin-top: 10px; margin-bottom: 0; color: #555;\">As a professional B2B manufacturer, we implement strict quality assurance protocols at every stage of production. We require a 30% deposit to begin, and the balance is only paid before delivery\u2014after our comprehensive pre-shipment inspection confirms the custom metal nameplates meet your approved prototype specifications and strict SGS\/ROHS standards.<\/p>\n<\/details>\n<\/div>\n<p><!-- Final Call to Action --><\/p>\n<div style=\"margin-top: 50px; padding: 30px; background-color: #2c3e50; color: #ffffff; border-radius: 8px; text-align: center;\">\n<h2 style=\"color: #ffffff; margin-top: 0;\">Ready to Transform Your Product\u2019s Visual Identity?<\/h2>\n<p style=\"font-size: 1.1em; margin-bottom: 25px;\">Contactez JTT Precision Metal Co., Ltd. d\u00e8s aujourd'hui pour discuter des exigences de votre projet, soumettre vos illustrations et recevoir un devis d'approvisionnement personnalis\u00e9.<\/p>\n<p><a style=\"display: inline-block; background-color: #f1c40f; color: #2c3e50; padding: 15px 40px; font-size: 1.2em; font-weight: bold; text-decoration: none; border-radius: 5px; text-transform: uppercase;\" href=\"mailto:fiona@jttlogo.net\">Contactez-nous pour un devis<\/a><\/p>\n<\/div>\n<\/article>","protected":false},"excerpt":{"rendered":"<p>\u00c9tiquettes de plaque signal\u00e9tique en m\u00e9tal personnalis\u00e9es de qualit\u00e9 sup\u00e9rieure et autocollants en nickel imperm\u00e9ables par JTT Precision Metal Co., Ltd. Dot\u00e9s de nickel \u00e9lectrolytique 100% (0,045-0,12 mm), d'un adh\u00e9sif 3M puissant et de certifications SGS\/ROHS. Id\u00e9al pour les cadrans de montres, l'\u00e9lectronique et les applications automobiles. Contactez-nous d\u00e8s aujourd'hui pour des tailles, des formes et des devis B2B personnalis\u00e9s\u00a0!<\/p>","protected":false},"featured_media":2688,"comment_status":"open","ping_status":"closed","template":"","meta":[],"product_brand":[],"product_cat":[48],"product_tag":[],"class_list":{"0":"post-2812","1":"product","2":"type-product","3":"status-publish","4":"has-post-thumbnail","6":"product_cat-nickel-metal-sticker","8":"first","9":"instock","10":"shipping-taxable","11":"product-type-simple"},"jetpack-related-posts":[],"jetpack_sharing_enabled":true,"_links":{"self":[{"href":"https:\/\/jttlogos.com\/fr\/wp-json\/wp\/v2\/product\/2812","targetHints":{"allow":["GET"]}}],"collection":[{"href":"https:\/\/jttlogos.com\/fr\/wp-json\/wp\/v2\/product"}],"about":[{"href":"https:\/\/jttlogos.com\/fr\/wp-json\/wp\/v2\/types\/product"}],"replies":[{"embeddable":true,"href":"https:\/\/jttlogos.com\/fr\/wp-json\/wp\/v2\/comments?post=2812"}],"wp:featuredmedia":[{"embeddable":true,"href":"https:\/\/jttlogos.com\/fr\/wp-json\/wp\/v2\/media\/2688"}],"wp:attachment":[{"href":"https:\/\/jttlogos.com\/fr\/wp-json\/wp\/v2\/media?parent=2812"}],"wp:term":[{"taxonomy":"product_brand","embeddable":true,"href":"https:\/\/jttlogos.com\/fr\/wp-json\/wp\/v2\/product_brand?post=2812"},{"taxonomy":"product_cat","embeddable":true,"href":"https:\/\/jttlogos.com\/fr\/wp-json\/wp\/v2\/product_cat?post=2812"},{"taxonomy":"product_tag","embeddable":true,"href":"https:\/\/jttlogos.com\/fr\/wp-json\/wp\/v2\/product_tag?post=2812"}],"curies":[{"name":"wp","href":"https:\/\/api.w.org\/{rel}","templated":true}]}}