{"id":2871,"date":"2020-05-16T08:56:28","date_gmt":"2020-05-16T08:56:28","guid":{"rendered":"https:\/\/jttlogos.com\/?post_type=product&#038;p=2871"},"modified":"2026-04-20T01:24:45","modified_gmt":"2026-04-20T01:24:45","slug":"custom-sticker-decal-silver-nickel-sticker-with-factory-price-electroform-metal-nickel-stickers-automobiles-leather-wood-glass-household-appliances","status":"publish","type":"product","link":"https:\/\/jttlogos.com\/fr\/produit\/autocollant-personnalise-autocollant-argent-nickel-autocollant-avec-prix-usine-electroforme-metal-nickel-autocollants-automobiles-cuir-bois-verre-appareils-menagers\/","title":{"rendered":"Autocollants avec logo en m\u00e9tal nickel argent\u00e9 personnalis\u00e9s de qualit\u00e9 sup\u00e9rieure \u2013 Autocollants adh\u00e9sifs 3M ultra-fins pour automobiles, appareils \u00e9lectrom\u00e9nagers, cuir et verre"},"content":{"rendered":"<article style=\"font-family: Arial, sans-serif; line-height: 1.6; color: #333; max-width: 100%px; margin: 0 auto; padding: 20px;\"><!-- Introduction and Brand Trust --><\/p>\n<section>Bienvenue \u00e0 <strong>JTT Pr\u00e9cision Metal Co., Ltd<\/strong> (<a style=\"color: #0056b3; text-decoration: none;\" href=\"https:\/\/jttlogos.com\/fr\/\">jttlogos.com<\/a>). Avec plus de 20 ans d'exp\u00e9rience dans la fabrication, nous nous sp\u00e9cialisons dans la fabrication de produits personnalis\u00e9s de haute qualit\u00e9. <a style=\"color: #0056b3; text-decoration: none;\" href=\"https:\/\/jttlogos.com\/fr\/categorie-de-produit\/autocollant-en-metal-nickel\/\">Autocollants en m\u00e9tal nickel<\/a>, autocollants de logo en m\u00e9tal en acier inoxydable et autocollants de logo en m\u00e9tal 3D. Notre mission est de fournir des solutions de marquage m\u00e9tallique sur mesure qui rehaussent la pr\u00e9sence de votre marque gr\u00e2ce \u00e0 des conceptions de logos professionnelles, une fabrication de pr\u00e9cision et un service client exceptionnel.<\/p>\n<p>Si vous cherchez \u00e0 am\u00e9liorer la valeur per\u00e7ue de vos produits, notre <strong>autocollant personnalis\u00e9 autocollant argent nickel autocollants<\/strong> offrent une esth\u00e9tique haut de gamme et sophistiqu\u00e9e. Qu'il s'agisse de produits \u00e9lectroniques haut de gamme, d'emballages de luxe ou de machines industrielles, une finition m\u00e9tallique est synonyme de durabilit\u00e9, de qualit\u00e9 et de prestige. Soutenus par une expertise approfondie du secteur et des capacit\u00e9s de fabrication robustes, nous fournissons des autocollants avec logo en m\u00e9tal de qualit\u00e9 sup\u00e9rieure qui r\u00e9pondent aux exigences rigoureuses de divers secteurs, de l'automobile aux appareils \u00e9lectrom\u00e9nagers.<\/p>\n<div style=\"text-align: center; margin: 30px 0;\"><a style=\"background-color: #d32f2f; color: #fff; padding: 15px 35px; text-decoration: none; font-size: 18px; font-weight: bold; border-radius: 4px; display: inline-block; box-shadow: 0 4px 6px rgba(0,0,0,0.1);\" href=\"https:\/\/jttlogos.com\/fr\/contactez-nous\/\">Demandez votre devis d'autocollants m\u00e9talliques personnalis\u00e9s<\/a><\/div>\n<\/section>\n<p><!-- Visual \/ Product Display Section --><\/p>\n<section style=\"margin: 40px 0;\">\n<h2 style=\"color: #2c3e50; border-bottom: 2px solid #ecf0f1; padding-bottom: 10px;\">Esth\u00e9tique visuelle et savoir-faire de fabrication haut de gamme<\/h2>\n<p>Nos autocollants personnalis\u00e9s en nickel argent\u00e9 sont con\u00e7us pour offrir un impact visuel saisissant. Gr\u00e2ce \u00e0 des techniques avanc\u00e9es de galvanoplastie, nous obtenons une finition impeccable et r\u00e9fl\u00e9chissante qui attire le regard et renforce l\u2019autorit\u00e9 de la marque. La construction en m\u00e9tal nickel 100% garantit un badge robuste et durable qui r\u00e9siste \u00e0 la d\u00e9coloration et \u00e0 l'usure au fil du temps. En incorporant des d\u00e9tails pr\u00e9cis, des bords nets et des options de couleurs polyvalentes, notre processus de fabrication garantit que votre logo est repr\u00e9sent\u00e9 avec une fid\u00e9lit\u00e9 absolue.<\/p>\n<p><!-- Placeholder for original images --><\/p>\n<div style=\"display: flex; gap: 20px; flex-wrap: wrap; justify-content: center; margin: 20px 0;\">\n<div style=\"flex: 1; min-width: 300px; border: 1px solid #ddd; padding: 10px; border-radius: 8px; text-align: center;\">\n<p><iframe loading=\"lazy\" title=\"\u00c9tiquette de galvanoplastie personnalis\u00e9e, plaque signal\u00e9tique en nickel, logo de marque, autocollant en m\u00e9tal\" width=\"1020\" height=\"574\" src=\"https:\/\/www.youtube.com\/embed\/TthoTTX9quo?feature=oembed\" frameborder=\"0\" allow=\"accelerometer; autoplay; clipboard-write; encrypted-media; gyroscope; picture-in-picture; web-share\" referrerpolicy=\"strict-origin-when-cross-origin\" allowfullscreen><\/iframe><\/p>\n<\/div>\n<div style=\"flex: 1; min-width: 300px; border: 1px solid #ddd; padding: 10px; border-radius: 8px; text-align: center;\"><span style=\"display: block; background: #f4f4f4; padding: 60px 20px; color: #888; border-radius: 4px;\"><img data-recalc-dims=\"1\" decoding=\"async\" class=\"alignnone wp-image-1418 size-full\" src=\"https:\/\/i0.wp.com\/jttlogos.com\/wp-content\/uploads\/2020\/05\/nickel-metal-sticker-39-1.jpg?resize=600%2C450&#038;ssl=1\" alt=\"Autocollant en nickel argent\u00e9 d&#039;automobile\" width=\"600\" height=\"450\" title=\"\"><\/span><\/div>\n<\/div>\n<\/section>\n<p><!-- Technical Specifications --><\/p>\n<section style=\"margin: 40px 0;\">\n<h2 style=\"color: #2c3e50; border-bottom: 2px solid #ecf0f1; padding-bottom: 10px;\">Sp\u00e9cifications techniques compl\u00e8tes<\/h2>\n<p>Nous croyons en une transparence totale en ce qui concerne les mat\u00e9riaux et les sp\u00e9cifications de nos solutions de marquage m\u00e9tallique sur mesure. Le tableau ci-dessous pr\u00e9sente les param\u00e8tres pr\u00e9cis qui font de nos autocollants en argent nickel le choix pr\u00e9f\u00e9r\u00e9 des marques exigeantes du monde entier. Des adh\u00e9sifs 3M robustes con\u00e7us pour une liaison solide aux certifications environnementales strictes, chaque d\u00e9tail est m\u00e9ticuleusement g\u00e9r\u00e9.<\/p>\n<table style=\"width: 100%; border-collapse: collapse; margin: 20px 0; font-size: 16px; box-shadow: 0 2px 10px rgba(0,0,0,0.05); background-color: #fff;\">\n<thead>\n<tr style=\"background-color: #2c3e50; color: #fff;\">\n<th style=\"padding: 15px; border: 1px solid #ddd; text-align: left;\">Param\u00e8tre de sp\u00e9cification<\/th>\n<th style=\"padding: 15px; border: 1px solid #ddd; text-align: left;\">Details<\/th>\n<\/tr>\n<\/thead>\n<tbody>\n<tr style=\"background-color: #f9f9f9;\">\n<td style=\"padding: 15px; border: 1px solid #ddd; font-weight: bold;\">Article du produit<\/td>\n<td style=\"padding: 15px; border: 1px solid #ddd;\">Autocollant en nickel m\u00e9tallique \/ Autocollant personnalis\u00e9<\/td>\n<\/tr>\n<tr>\n<td style=\"padding: 15px; border: 1px solid #ddd; font-weight: bold;\">Mat\u00e9riau de base<\/td>\n<td style=\"padding: 15px; border: 1px solid #ddd;\">M\u00e9tal, nickel 100%<\/td>\n<\/tr>\n<tr style=\"background-color: #f9f9f9;\">\n<td style=\"padding: 15px; border: 1px solid #ddd; font-weight: bold;\">Technique de fabrication<\/td>\n<td style=\"padding: 15px; border: 1px solid #ddd;\">Galvanoplastie avanc\u00e9e<\/td>\n<\/tr>\n<tr>\n<td style=\"padding: 15px; border: 1px solid #ddd; font-weight: bold;\">\u00c9paisseur du mat\u00e9riau<\/td>\n<td style=\"padding: 15px; border: 1px solid #ddd;\">0.045mm \u2013 0.12mm (Ultra-thin, seamless integration)<\/td>\n<\/tr>\n<tr style=\"background-color: #f9f9f9;\">\n<td style=\"padding: 15px; border: 1px solid #ddd; font-weight: bold;\">Taille et couleur<\/td>\n<td style=\"padding: 15px; border: 1px solid #ddd;\">Enti\u00e8rement personnalis\u00e9 (n'importe quelle taille, forme ou correspondance de couleur disponible)<\/td>\n<\/tr>\n<tr>\n<td style=\"padding: 15px; border: 1px solid #ddd; font-weight: bold;\">Solutions adh\u00e9sives (Colle)<\/td>\n<td style=\"padding: 15px; border: 1px solid #ddd;\">3M adhesive, 3M hot-melt glue, Double-sided self-adhesive<\/td>\n<\/tr>\n<tr style=\"background-color: #f9f9f9;\">\n<td style=\"padding: 15px; border: 1px solid #ddd; font-weight: bold;\">Certifications de l'industrie<\/td>\n<td style=\"padding: 15px; border: 1px solid #ddd;\">Conforme SGS, ROHS, MSDS<\/td>\n<\/tr>\n<tr>\n<td style=\"padding: 15px; border: 1px solid #ddd; font-weight: bold;\">Conception d'emballage<\/td>\n<td style=\"padding: 15px; border: 1px solid #ddd;\">Sac de protection OPP<\/td>\n<\/tr>\n<tr style=\"background-color: #f9f9f9;\">\n<td style=\"padding: 15px; border: 1px solid #ddd; font-weight: bold;\">Formats d'illustration pris en charge<\/td>\n<td style=\"padding: 15px; border: 1px solid #ddd;\">AI, PDF, CDR, CAO ou autres formats vectoriels<\/td>\n<\/tr>\n<\/tbody>\n<\/table>\n<\/section>\n<p><!-- Manufacturing Process --><\/p>\n<section style=\"margin: 40px 0;\">\n<h2 style=\"color: #2c3e50; border-bottom: 2px solid #ecf0f1; padding-bottom: 10px;\">Technologie avanc\u00e9e de galvanoplastie<\/h2>\n<p>Chez JTT Precision Metal Co., Ltd, notre usine de production utilise des processus de galvanoplastie de pointe pour cr\u00e9er des \u00e9tiquettes m\u00e9talliques personnalis\u00e9es qui se d\u00e9marquent. Contrairement aux m\u00e9thodes d'impression de base, la galvanoplastie d\u00e9pose une couche de nickel pur 100%, ce qui donne un logo tridimensionnel hautement textur\u00e9 qui respire le luxe.<\/p>\n<p>Le profil ultra fin de nos autocollants, allant pr\u00e9cis\u00e9ment de <strong>0,045 mm \u00e0 0,12 mm<\/strong>- permet \u00e0 l'autocollant m\u00e9tallique de reposer presque \u00e0 plat contre la surface d'application. Cela cr\u00e9e une apparence int\u00e9gr\u00e9e et homog\u00e8ne qui imite l\u2019estampage ou l\u2019incrustation m\u00e9tallique traditionnelle, mais avec l\u2019extr\u00eame commodit\u00e9 d\u2019un support auto-adh\u00e9sif. En contr\u00f4lant la dur\u00e9e du placage et la composition chimique, nos techniciens qualifi\u00e9s garantissent une finition de surface brillante, une excellente r\u00e9sistance \u00e0 l'oxydation et une long\u00e9vit\u00e9 sup\u00e9rieure.<\/p>\n<\/section>\n<p><!-- Applications (Knowledge Points) --><\/p>\n<section style=\"margin: 40px 0;\">\n<h2 style=\"color: #2c3e50; border-bottom: 2px solid #ecf0f1; padding-bottom: 10px;\">Applications industrielles polyvalentes<\/h2>\n<p>Nos autocollants personnalis\u00e9s en nickel argent\u00e9 sont con\u00e7us pour adh\u00e9rer fortement \u00e0 une large gamme de substrats, ce qui les rend incroyablement polyvalents. Que votre produit utilise des surfaces poreuses ou non poreuses, nos formulations adh\u00e9sives sp\u00e9cialis\u00e9es garantissent une liaison s\u00e9curis\u00e9e.<\/p>\n<div style=\"background-color: #f4f7f6; border-left: 5px solid #2980b9; padding: 20px; margin: 25px 0; border-radius: 0 8px 8px 0; box-shadow: 0 2px 5px rgba(0,0,0,0.05);\">\n<h3 style=\"margin-top: 0; color: #2980b9;\">Substrats optimaux et cas d'utilisation\u00a0:<\/h3>\n<ul style=\"line-height: 1.8; list-style-type: square; margin-bottom: 0;\">\n<li><strong>Automobiles et v\u00e9hicules\u00a0:<\/strong> R\u00e9sistants aux facteurs de stress environnementaux, ces autocollants m\u00e9talliques servent de parfaits badges de marque int\u00e9rieurs et ext\u00e9rieurs, d'embl\u00e8mes de volant et de logos de tableau de bord.<\/li>\n<li><strong>Appareils \u00e9lectrom\u00e9nagers\u00a0:<\/strong> Les r\u00e9frig\u00e9rateurs, les machines \u00e0 laver et les fours b\u00e9n\u00e9ficient d'un autocollant en nickel r\u00e9sistant \u00e0 la chaleur et \u00e0 l'humidit\u00e9 qui conserve son \u00e9clat malgr\u00e9 une utilisation quotidienne.<\/li>\n<li><strong>Produits \u00e9lectroniques\u00a0:<\/strong> Les t\u00e9l\u00e9phones portables, les \u00e9tuis de t\u00e9l\u00e9phones portables, les ordinateurs portables et les \u00e9quipements audio b\u00e9n\u00e9ficient d'une touche high-tech et haut de gamme gr\u00e2ce \u00e0 nos \u00e9tiquettes ultra fines en nickel argent\u00e9.<\/li>\n<li><strong>Maroquinerie :<\/strong> Avec la bonne colle thermofusible 3M ou un autocollant double face, nos autocollants m\u00e9talliques adh\u00e8rent solidement aux sacs, portefeuilles et tissus d'ameublement en cuir.<\/li>\n<li><strong>Surfaces en bois et en verre\u00a0:<\/strong> Perfect for bespoke furniture, luxury wine bottles, cosmetic jars, and premium wooden gift boxes.<\/li>\n<li><strong>Emballages et coffrets cadeaux\u00a0:<\/strong> Am\u00e9liorez l'exp\u00e9rience de d\u00e9ballage avec un logo m\u00e9tallique personnalis\u00e9 sur un emballage de luxe.<\/li>\n<\/ul>\n<\/div>\n<\/section>\n<p><!-- Certifications and Trust Signals (E-E-A-T) --><\/p>\n<section style=\"margin: 40px 0;\">\n<h2 style=\"color: #2c3e50; border-bottom: 2px solid #ecf0f1; padding-bottom: 10px;\">Qualit\u00e9 et certifications sans compromis<\/h2>\n<p>La confiance est le fondement de notre entreprise. Avec plus de deux d\u00e9cennies d\u2019exp\u00e9rience en usine, nous avons mis en \u0153uvre un syst\u00e8me rigoureux de contr\u00f4le qualit\u00e9 (CQ). Chaque lot d\u2019\u00e9tiquettes m\u00e9talliques sur mesure est soumis \u00e0 des inspections strictes avant exp\u00e9dition.<\/p>\n<p>De plus, nos mat\u00e9riaux et adh\u00e9sifs sont strictement conformes aux normes internationales de s\u00e9curit\u00e9 et d\u2019environnement. Nos autocollants m\u00e9talliques personnalis\u00e9s sont soutenus par des certifications compl\u00e8tes, notamment\u00a0:<\/p>\n<ul style=\"line-height: 1.8;\">\n<li><strong>Certification SGS\u00a0:<\/strong> Garantir que nos processus de fabrication et nos mat\u00e9riaux r\u00e9pondent aux normes de qualit\u00e9 et d\u2019int\u00e9grit\u00e9 mondialement reconnues.<\/li>\n<li><strong>ROHS Compliance:<\/strong> Garantir que nos badges de logo de produits \u00e9lectroniques sont exempts de substances dangereuses, ce qui les rend sans danger pour l'\u00e9lectronique grand public.<\/li>\n<li><strong>MSDS (fiche de donn\u00e9es de s\u00e9curit\u00e9)\u00a0:<\/strong> Fournir une transparence totale concernant les propri\u00e9t\u00e9s de s\u00e9curit\u00e9 et de manipulation de nos mat\u00e9riaux en nickel 100% et de nos adh\u00e9sifs 3M.<\/li>\n<\/ul>\n<\/section>\n<p><!-- Ordering, Shipping, and Payment --><\/p>\n<section style=\"margin: 40px 0; background-color: #fff; padding: 25px; border: 1px solid #e1e8ed; border-radius: 8px;\">\n<h2 style=\"color: #2c3e50; border-bottom: 2px solid #ecf0f1; padding-bottom: 10px;\">Commande efficace, paiements s\u00e9curis\u00e9s et exp\u00e9dition mondiale<\/h2>\n<h3 style=\"color: #34495e;\">1. Soumettre votre \u0153uvre<\/h3>\n<p>Pour garantir la plus haute fid\u00e9lit\u00e9 de votre forme et de votre logo personnalis\u00e9s, nous acceptons les formats vectoriels standard de l\u2019industrie. Veuillez fournir vos cr\u00e9ations dans <strong>IA, PDF, CDR ou CAO<\/strong> formats. Si vous avez des exigences sp\u00e9cifiques en mati\u00e8re de correspondance de couleurs, notre \u00e9quipe est pr\u00eate \u00e0 y r\u00e9pondre.<\/p>\n<h3 style=\"color: #34495e;\">2. D\u00e9lais d\u2019ex\u00e9cution rapides<\/h3>\n<p>Nous respectons les d\u00e9lais de votre projet. Pour nos mod\u00e8les de r\u00e9f\u00e9rence existants, nous proposons un service rapide <strong>Livraison d'\u00e9chantillon en 1 jour<\/strong>. Pour des d\u00e9calcomanies m\u00e9talliques enti\u00e8rement personnalis\u00e9es, notre d\u00e9lai de production d'\u00e9chantillons est rapide <strong>3-5 jours<\/strong>. Les d\u00e9lais de production en s\u00e9rie sont tr\u00e8s efficaces et seront planifi\u00e9s en fonction des exigences sp\u00e9cifiques de votre volume de commande.<\/p>\n<h3 style=\"color: #34495e;\">3. Conditions de paiement flexibles et s\u00e9curis\u00e9es<\/h3>\n<p>Nous proposons une vari\u00e9t\u00e9 de canaux de paiement s\u00e9curis\u00e9s et v\u00e9rifi\u00e9s pour garantir la tranquillit\u00e9 d'esprit de nos clients internationaux. Notre structure de d\u00e9p\u00f4t standard est <strong>T\/T 30% comme d\u00e9p\u00f4t<\/strong>, le solde \u00e9tant r\u00e9gl\u00e9 avant la livraison. Les modes de paiement accept\u00e9s incluent\u00a0:<\/p>\n<ul style=\"line-height: 1.8;\">\n<li>Paiement par carte de cr\u00e9dit<\/li>\n<li>Paypal<\/li>\n<li>Virement bancaire (T\/T)<\/li>\n<li>Western union<\/li>\n<li>Lettre de cr\u00e9dit (L\/C)<\/li>\n<li>Alibaba Trade Assurance Order (offrant une solide protection des acheteurs)<\/li>\n<\/ul>\n<h3 style=\"color: #34495e;\">4. Options d'exp\u00e9dition mondiales<\/h3>\n<p>En fonction de votre urgence et de votre localisation, nous coordonnons une logistique fiable. Nous exp\u00e9dions par voie a\u00e9rienne, maritime ou via des services de messagerie acc\u00e9l\u00e9r\u00e9s, notamment <strong>DHL, UPS<\/strong>, et d'autres grands transporteurs express. Tous les articles sont solidement emball\u00e9s dans des sacs de protection OPP pour \u00e9viter les rayures pendant le transport.<\/p>\n<div id=\"inquiry\" style=\"text-align: center; margin: 35px 0;\"><a style=\"background-color: #27ae60; color: #fff; padding: 15px 40px; text-decoration: none; font-size: 18px; font-weight: bold; border-radius: 4px; display: inline-block; box-shadow: 0 4px 6px rgba(0,0,0,0.1);\" href=\"mailto:fiona@jttlogo.net\">Contactez notre usine pour un devis direct<\/a><\/div>\n<\/section>\n<p><!-- FAQs (Interactive & Scannable) --><\/p>\n<section style=\"margin: 40px 0;\">\n<h2 style=\"color: #2c3e50; border-bottom: 2px solid #ecf0f1; padding-bottom: 10px;\">Foire aux questions (FAQ)<\/h2>\n<p>Pour vous aider dans votre d\u00e9cision d'achat, nous avons compil\u00e9 les r\u00e9ponses \u00e0 certaines des demandes les plus courantes concernant nos autocollants personnalis\u00e9s en nickel argent\u00e9.<\/p>\n<details style=\"margin-bottom: 15px; border: 1px solid #dcdde1; padding: 15px; border-radius: 6px; background-color: #fafbfc; cursor: pointer;\" open=\"open\">\n<summary style=\"font-weight: bold; font-size: 16px; color: #2c3e50; outline: none;\">Quelles options d'adh\u00e9sif sont disponibles pour les autocollants de logo en m\u00e9tal\u00a0?<\/summary>\n<p style=\"margin-top: 15px; color: #555; line-height: 1.6;\">Nous utilisons des adh\u00e9sifs haut de gamme adapt\u00e9s aux besoins de votre application. Nos options standard incluent un adh\u00e9sif 3M authentique, une colle thermofusible 3M et un autocollant double face sp\u00e9cialis\u00e9. Ceux-ci garantissent une liaison permanente sur des mat\u00e9riaux allant du verre lisse et des appareils \u00e9lectroniques au cuir et au bois textur\u00e9s.<\/p>\n<\/details>\n<details style=\"margin-bottom: 15px; border: 1px solid #dcdde1; padding: 15px; border-radius: 6px; background-color: #fafbfc; cursor: pointer;\" open=\"open\">\n<summary style=\"font-weight: bold; font-size: 16px; color: #2c3e50; outline: none;\">Puis-je personnaliser la forme et la couleur du sticker en nickel ?<\/summary>\n<p style=\"margin-top: 15px; color: #555; line-height: 1.6;\">Absolument. Parce que nous g\u00e9rons le processus de fabrication en interne, vous pouvez demander n\u2019importe quelle taille, forme et couleur personnalis\u00e9es. Que vous ayez besoin d'une finition nickel argent\u00e9 poli classique ou d'une couleur sp\u00e9cifique correspondant \u00e0 l'identit\u00e9 de votre marque, notre usine peut vous le fournir.<\/p>\n<\/details>\n<details style=\"margin-bottom: 15px; border: 1px solid #dcdde1; padding: 15px; border-radius: 6px; background-color: #fafbfc; cursor: pointer;\" open=\"open\">\n<summary style=\"font-weight: bold; font-size: 16px; color: #2c3e50; outline: none;\">Ces autocollants m\u00e9talliques sont-ils adapt\u00e9s \u00e0 une utilisation automobile en ext\u00e9rieur ?<\/summary>\n<p style=\"margin-top: 15px; color: #555; line-height: 1.6;\">Yes. Our 100% metal nickel material, combined with our advanced electroplating technique, provides exceptional resistance to the elements. When paired with our industrial-grade 3M adhesive backing, these decals are perfect for automobiles, machinery, and other exterior applications.<\/p>\n<\/details>\n<details style=\"margin-bottom: 15px; border: 1px solid #dcdde1; padding: 15px; border-radius: 6px; background-color: #fafbfc; cursor: pointer;\" open=\"open\">\n<summary style=\"font-weight: bold; font-size: 16px; color: #2c3e50; outline: none;\">Quelle est l'\u00e9paisseur typique des \u00e9tiquettes m\u00e9talliques personnalis\u00e9es ?<\/summary>\n<p style=\"margin-top: 15px; color: #555; line-height: 1.6;\">Nos \u00e9tiquettes en nickel argent\u00e9 sont fabriqu\u00e9es avec un profil ultra fin allant de 0,045 mm \u00e0 0,12 mm. Cette finesse pr\u00e9cise permet au badge de se plier l\u00e9g\u00e8rement pour les surfaces incurv\u00e9es (comme les \u00e9tuis de t\u00e9l\u00e9phones portables ou les bouteilles) tout en conservant un aspect haut de gamme et affleurant contre le produit.<\/p>\n<\/details>\n<details style=\"margin-bottom: 15px; border: 1px solid #dcdde1; padding: 15px; border-radius: 6px; background-color: #fafbfc; cursor: pointer;\" open=\"open\">\n<summary style=\"font-weight: bold; font-size: 16px; color: #2c3e50; outline: none;\">Comment puis-je m'assurer que ma transaction et ma commande sont s\u00e9curis\u00e9es\u00a0?<\/summary>\n<p style=\"margin-top: 15px; color: #555; line-height: 1.6;\">Nous avons plus de 20 ans d\u2019histoire commerciale r\u00e9put\u00e9e. De plus, nous prenons en charge des passerelles de paiement hautement s\u00e9curis\u00e9es, notamment PayPal, les lettres de cr\u00e9dit (L\/C) et les commandes Alibaba Trade Assurance. Tous les produits sont soutenus par des certifications v\u00e9rifiables SGS, ROHS et MSDS.<\/p>\n<\/details>\n<\/section>\n<\/article>","protected":false},"excerpt":{"rendered":"<p>Am\u00e9liorez votre marque avec des autocollants personnalis\u00e9s de qualit\u00e9 sup\u00e9rieure en nickel argent\u00e9. Parfait pour les automobiles, les appareils \u00e9lectrom\u00e9nagers, le verre et le cuir. Soutenu par plus de 20 ans d\u2019expertise en usine, d\u2019exp\u00e9dition mondiale s\u00e9curis\u00e9e et de certifications SGS.<\/p>","protected":false},"featured_media":2864,"comment_status":"open","ping_status":"closed","template":"","meta":[],"product_brand":[],"product_cat":[48],"product_tag":[],"class_list":{"0":"post-2871","1":"product","2":"type-product","3":"status-publish","4":"has-post-thumbnail","6":"product_cat-nickel-metal-sticker","8":"first","9":"instock","10":"shipping-taxable","11":"product-type-simple"},"jetpack-related-posts":[],"jetpack_sharing_enabled":true,"_links":{"self":[{"href":"https:\/\/jttlogos.com\/fr\/wp-json\/wp\/v2\/product\/2871","targetHints":{"allow":["GET"]}}],"collection":[{"href":"https:\/\/jttlogos.com\/fr\/wp-json\/wp\/v2\/product"}],"about":[{"href":"https:\/\/jttlogos.com\/fr\/wp-json\/wp\/v2\/types\/product"}],"replies":[{"embeddable":true,"href":"https:\/\/jttlogos.com\/fr\/wp-json\/wp\/v2\/comments?post=2871"}],"wp:featuredmedia":[{"embeddable":true,"href":"https:\/\/jttlogos.com\/fr\/wp-json\/wp\/v2\/media\/2864"}],"wp:attachment":[{"href":"https:\/\/jttlogos.com\/fr\/wp-json\/wp\/v2\/media?parent=2871"}],"wp:term":[{"taxonomy":"product_brand","embeddable":true,"href":"https:\/\/jttlogos.com\/fr\/wp-json\/wp\/v2\/product_brand?post=2871"},{"taxonomy":"product_cat","embeddable":true,"href":"https:\/\/jttlogos.com\/fr\/wp-json\/wp\/v2\/product_cat?post=2871"},{"taxonomy":"product_tag","embeddable":true,"href":"https:\/\/jttlogos.com\/fr\/wp-json\/wp\/v2\/product_tag?post=2871"}],"curies":[{"name":"wp","href":"https:\/\/api.w.org\/{rel}","templated":true}]}}