{"id":2976,"date":"2020-05-17T08:40:27","date_gmt":"2020-05-17T08:40:27","guid":{"rendered":"https:\/\/jttlogos.com\/?post_type=product&#038;p=2976"},"modified":"2026-03-27T08:56:16","modified_gmt":"2026-03-27T08:56:16","slug":"autocollant-personnalise-detiquette-en-metal-de-plaque-dacier-inoxydable-avec-le-logo-en-creux-plaque-de-logo-en-metal-inoxydable-pour-le-sac-en-cuir","status":"publish","type":"product","link":"https:\/\/jttlogos.com\/fr\/product\/custom-stainless-steel-plate-metal-label-sticker-with-debossed-logo-stainless-metal-logo-plate-for-leather-bag\/","title":{"rendered":"Custom Stainless Steel Plate Metal Label Sticker with Debossed Logo Stainless Metal Logo Plate for Equipment"},"content":{"rendered":"<div id=\"pl-2976\" class=\"panel-layout\">\n<div id=\"pg-2976-0\" class=\"panel-grid panel-no-style\" data-style=\"{&quot;background_image_attachment&quot;:false,&quot;background_display&quot;:&quot;tile&quot;,&quot;gutter&quot;:&quot;50px&quot;,&quot;collapse_order&quot;:&quot;right-top&quot;,&quot;cell_alignment&quot;:&quot;center&quot;}\">\n<div id=\"pgc-2976-0-0\" class=\"panel-grid-cell\" data-weight=\"0.5\">\n<div id=\"panel-2976-0-0-0\" class=\"so-panel widget widget_sow-editor panel-first-child panel-last-child\" data-index=\"0\" data-style=\"{&quot;padding&quot;:&quot;0px 0px 30px 0px&quot;,&quot;mobile_padding&quot;:&quot;4px 4px 4px 4px&quot;,&quot;background_image_attachment&quot;:false,&quot;background_display&quot;:&quot;tile&quot;}\">\n<div class=\"panel-widget-style panel-widget-style-for-2976-0-0-0\">\n<div class=\"so-widget-sow-editor so-widget-sow-editor-base\">\n<div class=\"siteorigin-widget-tinymce textwidget\"><\/div>\n<\/div>\n<\/div>\n<\/div>\n<\/div>\n<\/div>\n<\/div>\n<article>\n<div style=\"display: flex; flex-wrap: wrap; gap: 20px; align-items: center; margin-bottom: 30px;\">\n<div style=\"flex: 1; min-width: 300px;\">\n<p>Dans le monde comp\u00e9titif du branding et de la fabrication industrielle, <strong>Plaques de logo en m\u00e9tal personnalis\u00e9es<\/strong> constitue la signature ultime de la qualit\u00e9. Chez JTT Logos, nous sommes sp\u00e9cialis\u00e9s dans les plaques en acier inoxydable 304 de haute pr\u00e9cision, m\u00e9ticuleusement con\u00e7ues gr\u00e2ce \u00e0 des techniques de gravure avanc\u00e9es pour fonctionner \u00e0 la fois comme indicateurs de marque prestigieux et comme dispositifs d'identification durables.<\/p>\n<p>Notre <strong>\u00e9quipement d'\u00e9tiquettes d'identification en m\u00e9tal<\/strong> les solutions sont sp\u00e9cialement con\u00e7ues pour r\u00e9sister aux environnements les plus difficiles. Que vous recherchiez <strong>plaques signal\u00e9tiques des \u00e9quipements<\/strong> pour les machines lourdes ou les \u00e9tiquettes \u00e9l\u00e9gantes pour la maroquinerie de luxe, notre construction en acier inoxydable 304 garantit une r\u00e9sistance \u00e9lev\u00e9e \u00e0 la corrosion, une forte r\u00e9sistance aux intemp\u00e9ries et une apparence exquise qui dure des d\u00e9cennies.<\/p>\n<p>&nbsp;<\/p>\n<\/div>\n<div style=\"flex: 1; min-width: 300px; text-align: center;\"><img data-recalc-dims=\"1\" loading=\"lazy\" decoding=\"async\" class=\"alignnone wp-image-1418\" src=\"https:\/\/i0.wp.com\/jttlogos.com\/wp-content\/uploads\/2020\/05\/stainless-steel-metal-sticker-16-1.jpg?resize=456%2C456&#038;ssl=1\" alt=\"Autocollant d&#039;\u00e9tiquette m\u00e9tallique en plaque d&#039;acier inoxydable personnalis\u00e9\" width=\"456\" height=\"456\" title=\"\"><\/div>\n<\/div>\n<p><!-- Visual Characteristics Highlight --><\/p>\n<div style=\"background-color: #f8f9fa; padding: 20px; border-left: 5px solid #e67e22; margin-bottom: 30px;\">\n<h3 style=\"margin-top: 0; color: #2c3e50;\">Excellence visuelle et performance<\/h3>\n<ul style=\"column-count: 2; list-style-type: square; line-height: 1.6;\">\n<li>Motifs grav\u00e9s avec pr\u00e9cision avec des lignes claires<\/li>\n<li>Texture bross\u00e9e uniforme pour une sensation haut de gamme<\/li>\n<li>Profondeur de gravure appropri\u00e9e pour un gaufrage distinct<\/li>\n<li>Couleur de surface constante et surfaces \u00e0 fond plat<\/li>\n<li>Options de remplissage aux couleurs vives<\/li>\n<li>R\u00e9sistance \u00e0 long terme \u00e0 l\u2019oxydation et \u00e0 la d\u00e9coloration<\/li>\n<\/ul>\n<\/div>\n<p><!-- Product Specifications Table --><\/p>\n<p><iframe loading=\"lazy\" title=\"Etching metal nameplate metal stainless steel sticker with self-adhensive tape logo label\" width=\"1020\" height=\"574\" src=\"https:\/\/www.youtube.com\/embed\/SPwG0itY5Jc?feature=oembed\" frameborder=\"0\" allow=\"accelerometer; autoplay; clipboard-write; encrypted-media; gyroscope; picture-in-picture; web-share\" referrerpolicy=\"strict-origin-when-cross-origin\" allowfullscreen><\/iframe><\/p>\n<h2 style=\"color: #2c3e50; border-bottom: 2px solid #e67e22; padding-bottom: 10px;\">Sp\u00e9cifications et param\u00e8tres techniques<\/h2>\n<div style=\"overflow-x: auto; margin-bottom: 30px;\">\n<table style=\"width: 100%; border-collapse: collapse; font-family: Arial, sans-serif;\">\n<thead>\n<tr style=\"background-color: #2c3e50; color: white; text-align: left;\">\n<th style=\"padding: 12px; border: 1px solid #ddd;\">Fonctionnalit\u00e9<\/th>\n<th style=\"padding: 12px; border: 1px solid #ddd;\">D\u00e9tails des sp\u00e9cifications<\/th>\n<\/tr>\n<\/thead>\n<tbody>\n<tr>\n<td style=\"padding: 12px; border: 1px solid #ddd; font-weight: bold; background-color: #f2f2f2;\">Nom de l'article<\/td>\n<td style=\"padding: 12px; border: 1px solid #ddd;\">Stainless Steel Metal Sticker \/ Equipment Nameplate<\/td>\n<\/tr>\n<tr>\n<td style=\"padding: 12px; border: 1px solid #ddd; font-weight: bold; background-color: #f2f2f2;\">Mat\u00e9riel<\/td>\n<td style=\"padding: 12px; border: 1px solid #ddd;\">Acier inoxydable 304 de qualit\u00e9 sup\u00e9rieure.<\/td>\n<\/tr>\n<tr>\n<td style=\"padding: 12px; border: 1px solid #ddd; font-weight: bold; background-color: #f2f2f2;\">Technique<\/td>\n<td style=\"padding: 12px; border: 1px solid #ddd;\">Gravure chimique<\/td>\n<\/tr>\n<tr>\n<td style=\"padding: 12px; border: 1px solid #ddd; font-weight: bold; background-color: #f2f2f2;\">Plage d'\u00e9paisseur<\/td>\n<td style=\"padding: 12px; border: 1px solid #ddd;\">0,1 mm \u00e0 0,5 mm (ultra-fin \u00e0 standard)<\/td>\n<\/tr>\n<tr>\n<td style=\"padding: 12px; border: 1px solid #ddd; font-weight: bold; background-color: #f2f2f2;\">Taille et couleur<\/td>\n<td style=\"padding: 12px; border: 1px solid #ddd;\">Adapt\u00e9 \u00e0 toutes les formes, dimensions et couleurs Pantone<\/td>\n<\/tr>\n<tr>\n<td style=\"padding: 12px; border: 1px solid #ddd; font-weight: bold; background-color: #f2f2f2;\">Options d'adh\u00e9sif<\/td>\n<td style=\"padding: 12px; border: 1px solid #ddd;\">3M Adhesive, 3M Hot-melt Glue, Double-sided self-adhesive<\/td>\n<\/tr>\n<tr>\n<td style=\"padding: 12px; border: 1px solid #ddd; font-weight: bold; background-color: #f2f2f2;\">Certifications<\/td>\n<td style=\"padding: 12px; border: 1px solid #ddd;\">Conforme SGS, ROHS, MSDS<\/td>\n<\/tr>\n<tr>\n<td style=\"padding: 12px; border: 1px solid #ddd; font-weight: bold; background-color: #f2f2f2;\">Capacit\u00e9 d'approvisionnement<\/td>\n<td style=\"padding: 12px; border: 1px solid #ddd;\">700 000 pi\u00e8ces par jour<\/td>\n<\/tr>\n<tr>\n<td style=\"padding: 12px; border: 1px solid #ddd; font-weight: bold; background-color: #f2f2f2;\">D\u00e9lai de production<\/td>\n<td style=\"padding: 12px; border: 1px solid #ddd;\">\u00c9chantillon : 5-7 jours\u00a0; Production de masse\u00a0: 7-15 jours<\/td>\n<\/tr>\n<\/tbody>\n<\/table>\n<\/div>\n<p><!-- Production Process --><\/p>\n<h2><img data-recalc-dims=\"1\" loading=\"lazy\" decoding=\"async\" class=\"aligncenter wp-image-1417 size-full\" src=\"https:\/\/i0.wp.com\/jttlogos.com\/wp-content\/uploads\/2020\/05\/Certification-JTT.jpg?resize=600%2C600&#038;ssl=1\" alt=\"Official SGS, MSDS, and ROHS reports guaranteeing the material safety and quality of JTT Logos Metal equipment nameplates\" width=\"600\" height=\"600\" title=\"\"><\/h2>\n<h2 style=\"color: #2c3e50; border-bottom: 2px solid #e67e22; padding-bottom: 10px;\">Ing\u00e9nierie de pr\u00e9cision\u00a0: le flux de production<\/h2>\n<div style=\"display: flex; flex-wrap: wrap; justify-content: space-between; gap: 10px; margin-bottom: 30px; text-align: center;\">\n<div style=\"flex: 1; min-width: 120px; background: #eee; padding: 10px; border-radius: 5px; font-size: 0.9em;\"><strong>1. Cr\u00e9ation de films<\/strong><br \/>\nIllustration au n\u00e9gatif<\/div>\n<div style=\"flex: 1; min-width: 120px; background: #eee; padding: 10px; border-radius: 5px; font-size: 0.9em;\"><strong>2. Pr\u00e9paration des surfaces<\/strong><br \/>\nNettoyage des plaques d'acier<\/div>\n<div style=\"flex: 1; min-width: 120px; background: #eee; padding: 10px; border-radius: 5px; font-size: 0.9em;\"><strong>3. Rev\u00eatement d'encre<\/strong><br \/>\nCouche isolante<\/div>\n<div style=\"flex: 1; min-width: 120px; background: #eee; padding: 10px; border-radius: 5px; font-size: 0.9em;\"><strong>4. Imagerie<\/strong><br \/>\nExposure &amp; UV<\/div>\n<div style=\"flex: 1; min-width: 120px; background: #eee; padding: 10px; border-radius: 5px; font-size: 0.9em;\"><strong>5. Gravure<\/strong><br \/>\nPr\u00e9cision chimique<\/div>\n<div style=\"flex: 1; min-width: 120px; background: #eee; padding: 10px; border-radius: 5px; font-size: 0.9em;\"><strong>6. Finition<\/strong><br \/>\nColle et superposition<\/div>\n<div style=\"flex: 1; min-width: 120px; background: #eee; padding: 10px; border-radius: 5px; font-size: 0.9em;\"><strong>7. CQ et emballage<\/strong><br \/>\n100%Inspection<\/div>\n<\/div>\n<p><!-- Why Choose Our Stickers - Comparison Card --><\/p>\n<h2><img data-recalc-dims=\"1\" loading=\"lazy\" decoding=\"async\" class=\"aligncenter wp-image-1417 size-full\" src=\"https:\/\/i0.wp.com\/jttlogos.com\/wp-content\/uploads\/2020\/05\/stainless-steel-productive-process.jpg?resize=600%2C600&#038;ssl=1\" alt=\"Step-by-step factory production process for JTT Logos Custom equipment nameplates\" width=\"600\" height=\"600\" title=\"\"><\/h2>\n<h2 style=\"color: #2c3e50; border-bottom: 2px solid #e67e22; padding-bottom: 10px;\">Pourquoi choisir nos plaques signal\u00e9tiques d'\u00e9quipement personnalis\u00e9es\u00a0?<\/h2>\n<div style=\"display: grid; grid-template-columns: repeat(auto-fit, minmax(300px, 1fr)); gap: 20px; margin-bottom: 30px;\">\n<div style=\"border: 1px solid #e67e22; border-radius: 10px; padding: 20px; background-color: #fffaf5;\">\n<h3 style=\"color: #e67e22; margin-top: 0;\">Durabilit\u00e9 in\u00e9gal\u00e9e<\/h3>\n<p>Notre <strong>metal nameplates for equipment<\/strong> sont fabriqu\u00e9s exclusivement en acier inoxydable 304. Cela garantit qu'ils sont 100% antirouille et r\u00e9sistants \u00e0 la corrosion. Contrairement aux \u00e9tiquettes en aluminium ou en plastique, nos <strong>\u00e9quipement de plaque signal\u00e9tique<\/strong> les solutions r\u00e9sistent aux temp\u00e9ratures \u00e9lev\u00e9es et aux solvants industriels.<\/p>\n<\/div>\n<div style=\"border: 1px solid #2c3e50; border-radius: 10px; padding: 20px; background-color: #f4f6f7;\">\n<h3 style=\"color: #2c3e50; margin-top: 0;\">Esth\u00e9tique de luxe<\/h3>\n<p>Des finitions miroir aux textures givr\u00e9es mates et bross\u00e9es, nous offrons une sensation m\u00e9tallique haut de gamme. Que ce soit pour <strong>plaques signal\u00e9tiques d'\u00e9quipement personnalis\u00e9es<\/strong> ou l'\u00e9lectronique haut de gamme, les contours distincts des bords et le lettrage en creux offrent un look professionnel et haut de gamme.<\/p>\n<\/div>\n<\/div>\n<p><!-- Application Section --><\/p>\n<h2 style=\"color: #2c3e50; border-bottom: 2px solid #e67e22; padding-bottom: 10px;\">Applications polyvalentes\u00a0: o\u00f9 la fiabilit\u00e9 rencontre le design<\/h2>\n<p>Selon les donn\u00e9es de l'industrie, la demande de produits de haute qualit\u00e9 <strong>\u00e9tiquettes de plaque signal\u00e9tique d'\u00e9quipement<\/strong> a augment\u00e9 de 15% dans le secteur industriel en raison de r\u00e9glementations plus strictes en mati\u00e8re de s\u00e9curit\u00e9 et d'identification. Nos produits servent des domaines divers :<\/p>\n<div style=\"display: flex; flex-wrap: wrap; gap: 15px; margin-bottom: 30px;\">\n<div style=\"flex: 1; background: #f9f9f9; padding: 15px; border-radius: 8px; border: 1px solid #ddd;\"><strong>Machines industrielles<\/strong><br \/>\nTr\u00e8s r\u00e9sistant <strong>plaques signal\u00e9tiques d'\u00e9quipement en m\u00e9tal<\/strong> pour les panneaux de commande qui n\u00e9cessitent une r\u00e9sistance aux produits chimiques et \u00e0 l\u2019usure.<\/div>\n<div style=\"flex: 1; background: #f9f9f9; padding: 15px; border-radius: 8px; border: 1px solid #ddd;\"><strong>Panneaux de signalisation et ext\u00e9rieurs<\/strong><br \/>\nPanneaux routiers et directionnels en acier inoxydable 304 r\u00e9sistant aux intemp\u00e9ries qui r\u00e9sistent \u00e0 une exposition prolong\u00e9e aux UV.<\/div>\n<div style=\"flex: 1; background: #f9f9f9; padding: 15px; border-radius: 8px; border: 1px solid #ddd;\"><strong>Electronique grand public<\/strong><br \/>\nLogos et mod\u00e8les de marque exquis <strong>plaque signal\u00e9tique de l'\u00e9quipement<\/strong> identifiants pour les gadgets et emballages haut de gamme.<\/div>\n<\/div>\n<p><!-- Installation Guide --><\/p>\n<h2><img data-recalc-dims=\"1\" loading=\"lazy\" decoding=\"async\" class=\"aligncenter wp-image-1417 size-full\" src=\"https:\/\/i0.wp.com\/jttlogos.com\/wp-content\/uploads\/2020\/05\/JTT-application-scenarios.jpg?resize=600%2C600&#038;ssl=1\" alt=\"applications of JTT Logos Custom Metal nameplates for equipment\" width=\"600\" height=\"600\" title=\"\"><\/h2>\n<h2 style=\"color: #2c3e50; border-bottom: 2px solid #e67e22; padding-bottom: 10px;\">Guide d'installation professionnel<\/h2>\n<div style=\"background-color: #fff; border: 1px solid #ddd; padding: 20px; border-radius: 8px; margin-bottom: 30px;\">\n<ol style=\"line-height: 1.8;\">\n<li><strong>Pr\u00e9paration des surfaces\u00a0:<\/strong> Essuyez la surface du produit avec un chiffon sec. Utilisez de l'alcool industriel si des taches d'huile sont pr\u00e9sentes.<\/li>\n<li><strong>Peeling:<\/strong> Retirez d\u00e9licatement le papier antiadh\u00e9sif du dos de l'autocollant m\u00e9tallique. Assurez-vous que le film de la surface avant reste intact.<\/li>\n<li><strong>Application:<\/strong> Alignez et fixez le <strong>Plaque de logo en m\u00e9tal personnalis\u00e9e<\/strong> \u00e0 la surface d\u00e9sir\u00e9e.<\/li>\n<li><strong>S\u00e9curisation\u00a0:<\/strong> Appuyez fermement sur toute la surface \u00e0 l'aide d'un chiffon sec pour activer l'adh\u00e9sif.<\/li>\n<li><strong>Derni\u00e8re \u00e9tape\u00a0:<\/strong> D\u00e9collez le film de surface protecteur \u00e0 un angle de 45 degr\u00e9s. Les r\u00e9sidus de colle sur les bords seront enlev\u00e9s avec le film s'ils sont press\u00e9s correctement.<\/li>\n<\/ol>\n<\/div>\n<p><!-- Quality Control \/ Testing Section --><\/p>\n<h2 style=\"color: #2c3e50; border-bottom: 2px solid #e67e22; padding-bottom: 10px;\">Assurance qualit\u00e9 et tests rigoureux<\/h2>\n<p>Pour assurer notre <strong>plaques signal\u00e9tiques en m\u00e9tal pour \u00e9quipement<\/strong> meet international standards, every batch undergoes six essential tests:<\/p>\n<div style=\"display: grid; grid-template-columns: repeat(auto-fit, minmax(250px, 1fr)); gap: 15px; margin-bottom: 30px;\">\n<div style=\"padding: 15px; border: 1px solid #eee; background: #fcfcfc;\"><strong>1. Adhesion Test:<\/strong> \u00c9value la qualit\u00e9 de liaison de l\u2019encre apr\u00e8s coloration.<\/div>\n<div style=\"padding: 15px; border: 1px solid #eee; background: #fcfcfc;\"><strong>2. High\/Low Temp Test:<\/strong> Confirms stability in alternating temperature and damp heat environments.<\/div>\n<div style=\"padding: 15px; border: 1px solid #eee; background: #fcfcfc;\"><strong>3. Salt Spray Test:<\/strong> Simulates harsh salt-laden atmospheres to verify corrosion resistance.<\/div>\n<div style=\"padding: 15px; border: 1px solid #eee; background: #fcfcfc;\"><strong>4. Test de chute\u00a0:<\/strong> Simulates shipping shocks to ensure structural integrity.<\/div>\n<div style=\"padding: 15px; border: 1px solid #eee; background: #fcfcfc;\"><strong>5. Essai de flexion\u00a0:<\/strong> Garantit que le logo reste attach\u00e9 m\u00eame lorsque le substrat est pli\u00e9.<\/div>\n<div style=\"padding: 15px; border: 1px solid #eee; background: #fcfcfc;\"><strong>6. Test de bande\u00a0:<\/strong> Une \u00e9valuation sp\u00e9cialis\u00e9e de la force absolue de l\u2019agent de liaison.<\/div>\n<\/div>\n<p><!-- FAQ Knowledge Points --><\/p>\n<h2 style=\"color: #2c3e50; border-bottom: 2px solid #e67e22; padding-bottom: 10px;\">Foire aux questions (FAQ)<\/h2>\n<div style=\"margin-bottom: 30px;\">\n<div style=\"margin-bottom: 15px; border-bottom: 1px solid #eee; padding-bottom: 10px;\">\n<p style=\"font-weight: bold; color: #e67e22;\">Q : Quel est l'avantage de l'acier inoxydable 304 par rapport aux autres mat\u00e9riaux ?<\/p>\n<p>R\u00a0:\u00a0L'acier inoxydable 304 offre le meilleur \u00e9quilibre entre r\u00e9sistance \u00e0 la corrosion, durabilit\u00e9 et rentabilit\u00e9 pour <strong>plaques signal\u00e9tiques des \u00e9quipements<\/strong>. Il ne rouille pas et conserve son \u00e9clat m\u00e9tallique m\u00eame en ext\u00e9rieur ou en milieu industriel.<\/p>\n<\/div>\n<div style=\"margin-bottom: 15px; border-bottom: 1px solid #eee; padding-bottom: 10px;\">\n<p style=\"font-weight: bold; color: #e67e22;\">Q\u00a0: Pouvez-vous g\u00e9rer des commandes en gros \u00e0 volume \u00e9lev\u00e9\u00a0?<\/p>\n<p>A: Yes! JTT Logos has a supply ability of 700,000 pieces per day, making us the preferred partner for large-scale industrial <strong>plaque signal\u00e9tique de l'\u00e9quipement<\/strong> fabrication.<\/p>\n<\/div>\n<div style=\"margin-bottom: 15px; border-bottom: 1px solid #eee; padding-bottom: 10px;\">\n<p style=\"font-weight: bold; color: #e67e22;\">Q : Proposez-vous des formes et des tailles personnalis\u00e9es ?<\/p>\n<p>R : Absolument. Notre <strong>plaques signal\u00e9tiques d'\u00e9quipement personnalis\u00e9es<\/strong> can be tailored to any AI, PDF, or CAD design you provide, including complex die-cut shapes and specific etching depths.<\/p>\n<\/div>\n<\/div>\n<p><!-- About Us & CTA --><\/p>\n<h2 style=\"color: #2c3e50; border-bottom: 2px solid #e67e22; padding-bottom: 10px;\">\u00c0 propos de JTT Logos\u00a0: votre expert en \u00e9tiquettes m\u00e9talliques de confiance<\/h2>\n<p><img data-recalc-dims=\"1\" loading=\"lazy\" decoding=\"async\" class=\"aligncenter wp-image-1417 size-full\" src=\"https:\/\/i0.wp.com\/jttlogos.com\/wp-content\/uploads\/2020\/05\/jtt-company-advantage-1.jpg?resize=600%2C600&#038;ssl=1\" alt=\"our core advantages of choosing JTT Logos for equipment nameplate tags\" width=\"600\" height=\"600\" title=\"\"><\/p>\n<div style=\"background-color: #2c3e50; color: white; padding: 30px; border-radius: 10px;\">\n<p>Avec plus <strong>16 ans d'exp\u00e9rience<\/strong> in the metal label industry, JTT Logos is a premier manufacturer specializing in <strong>Plaques de logo en m\u00e9tal personnalis\u00e9es<\/strong>. Our expertise is trusted by global leaders including <strong>Tesla, Samsung, Haier, Gree, Panasonic, and Lenovo<\/strong>. Activit\u00e9 principale de JTT\u00a0:\u00a0<a href=\"https:\/\/jttlogos.com\/fr\/\"><strong>Metal Stickers<\/strong><\/a>,\u00a0<a href=\"https:\/\/jttlogos.com\/fr\/categorie-de-produit\/autocollant-en-metal-nickel\/\"><strong>Nickel\u00a0<\/strong><strong>Metal Logo Stickers<\/strong><\/a><a title=\"Metal Logo Stickers\" href=\"https:\/\/jttlogos.com\/fr\/\">,<\/a>\u00a0<a href=\"https:\/\/jttlogos.com\/fr\/categorie-de-produit\/autocollant-en-metal-en-acier-inoxydable\/\"><strong>Stainless Steel Metal Logo Stickers<\/strong><\/a>,\u00a0<a href=\"https:\/\/jttlogos.com\/fr\/categorie-de-produit\/autocollant-en-metal-3d\/\"><strong>3D Electroforming Metal Logo Stickers<\/strong><\/a>,\u00a0<a href=\"https:\/\/jttlogos.com\/fr\/categorie-de-produit\/autocollant-en-metal-de-maille-de-haut-parleur\/\"><strong>Speaker Mesh Metal Stickers<\/strong><\/a>.<\/p>\n<h3 style=\"color: #e67e22;\">Nos 4 garanties fondamentales\u00a0:<\/h3>\n<ul style=\"line-height: 1.6;\">\n<li><strong>Qualit\u00e9 sup\u00e9rieure\u00a0:<\/strong> We use only premium 304 stainless steel and rigorous QC.<\/li>\n<li><strong>Competitive Pricing:<\/strong> La fabrication directe en usine garantit le meilleur rapport qualit\u00e9-prix.<\/li>\n<li><strong>R&amp;D experte\u00a0:<\/strong> Des solutions innovantes pour des besoins de marque complexes.<\/li>\n<li><strong>Livraison dans les d\u00e9lais\u00a0:<\/strong> Des cycles de production efficaces pour respecter vos d\u00e9lais.<\/li>\n<\/ul>\n<div style=\"text-align: center; margin-top: 20px;\">\n<p style=\"font-size: 1.2em; font-weight: bold;\">Ready to elevate your equipment branding?<\/p>\n<p><a style=\"display: inline-block; background-color: #e67e22; color: white; padding: 15px 30px; text-decoration: none; border-radius: 5px; font-weight: bold; margin-top: 10px;\" href=\"https:\/\/jttlogos.com\/fr\/contactez-nous\/\">Demandez un devis personnalis\u00e9 d\u00e8s aujourd'hui\u00a0!<\/a><\/p>\n<\/div>\n<\/div>\n<\/article>","protected":false},"excerpt":{"rendered":"<p>JTT is a leading global supplier and manufacturer of Metal Sticker, Nickel Sticker, Stainless Steel Sticker, 3D Metal Sticker, Mesh Speaker, specialized in this industry over 14 years.<\/p>\n<p>The specific price is determined by the product.<\/p>","protected":false},"featured_media":2960,"comment_status":"open","ping_status":"closed","template":"","meta":[],"product_brand":[],"product_cat":[52],"product_tag":[],"class_list":{"0":"post-2976","1":"product","2":"type-product","3":"status-publish","4":"has-post-thumbnail","6":"product_cat-stainless-steel-metal-sticker","8":"first","9":"instock","10":"shipping-taxable","11":"product-type-simple"},"jetpack-related-posts":[],"jetpack_sharing_enabled":true,"_links":{"self":[{"href":"https:\/\/jttlogos.com\/fr\/wp-json\/wp\/v2\/product\/2976","targetHints":{"allow":["GET"]}}],"collection":[{"href":"https:\/\/jttlogos.com\/fr\/wp-json\/wp\/v2\/product"}],"about":[{"href":"https:\/\/jttlogos.com\/fr\/wp-json\/wp\/v2\/types\/product"}],"replies":[{"embeddable":true,"href":"https:\/\/jttlogos.com\/fr\/wp-json\/wp\/v2\/comments?post=2976"}],"wp:featuredmedia":[{"embeddable":true,"href":"https:\/\/jttlogos.com\/fr\/wp-json\/wp\/v2\/media\/2960"}],"wp:attachment":[{"href":"https:\/\/jttlogos.com\/fr\/wp-json\/wp\/v2\/media?parent=2976"}],"wp:term":[{"taxonomy":"product_brand","embeddable":true,"href":"https:\/\/jttlogos.com\/fr\/wp-json\/wp\/v2\/product_brand?post=2976"},{"taxonomy":"product_cat","embeddable":true,"href":"https:\/\/jttlogos.com\/fr\/wp-json\/wp\/v2\/product_cat?post=2976"},{"taxonomy":"product_tag","embeddable":true,"href":"https:\/\/jttlogos.com\/fr\/wp-json\/wp\/v2\/product_tag?post=2976"}],"curies":[{"name":"wp","href":"https:\/\/api.w.org\/{rel}","templated":true}]}}