{"id":4026,"date":"2020-06-12T09:40:55","date_gmt":"2020-06-12T09:40:55","guid":{"rendered":"https:\/\/jttlogos.com\/?post_type=product&#038;p=4026"},"modified":"2026-04-08T03:49:08","modified_gmt":"2026-04-08T03:49:08","slug":"customized-metal-logo-self-adhesive-sticker-logo-metal-stainless-steel-stickers-label-logo-for-gift-box","status":"publish","type":"product","link":"https:\/\/jttlogos.com\/fr\/produit\/logo-en-metal-personnalise-autocollant-auto-adhesif-logo-en-metal-autocollants-en-acier-inoxydable-logo-detiquette-pour-boite-cadeau\/","title":{"rendered":"Plaques signal\u00e9tiques personnalis\u00e9es avec logo grav\u00e9 en m\u00e9tal dor\u00e9 pour coffrets cadeaux"},"content":{"rendered":"<div id=\"pl-4026\" class=\"panel-layout\">\n<div id=\"pg-4026-0\" class=\"panel-grid panel-no-style\" data-style=\"{&quot;background_image_attachment&quot;:false,&quot;background_display&quot;:&quot;tile&quot;,&quot;gutter&quot;:&quot;50px&quot;,&quot;collapse_order&quot;:&quot;right-top&quot;,&quot;cell_alignment&quot;:&quot;center&quot;}\">\n<div id=\"pgc-4026-0-0\" class=\"panel-grid-cell\" data-weight=\"0.5\">\n<div id=\"panel-4026-0-0-0\" class=\"so-panel widget widget_sow-editor panel-first-child panel-last-child\" data-index=\"0\" data-style=\"{&quot;padding&quot;:&quot;0px 0px 30px 0px&quot;,&quot;mobile_padding&quot;:&quot;4px 4px 4px 4px&quot;,&quot;background_image_attachment&quot;:false,&quot;background_display&quot;:&quot;tile&quot;}\">\n<div class=\"panel-widget-style panel-widget-style-for-4026-0-0-0\">\n<div class=\"so-widget-sow-editor so-widget-sow-editor-base\">\n<div class=\"siteorigin-widget-tinymce textwidget\"><\/div>\n<\/div>\n<\/div>\n<\/div>\n<\/div>\n<\/div>\n<\/div>\n<article style=\"font-family: 'Segoe UI', Tahoma, Geneva, Verdana, sans-serif; line-height: 1.6; color: #333; max-width: 1000px; margin: 0 auto; padding: 20px;\">Dans le monde de l'identification industrielle et du branding haut de gamme, <strong>plaques signal\u00e9tiques grav\u00e9es<\/strong> servir de r\u00e9f\u00e9rence en mati\u00e8re de durabilit\u00e9 et d\u2019attrait esth\u00e9tique. Chez JTT Logos, notre <strong>plaques signal\u00e9tiques grav\u00e9es sur mesure<\/strong> sont fabriqu\u00e9s en acier inoxydable 304 de qualit\u00e9 sup\u00e9rieure, offrant une combinaison in\u00e9gal\u00e9e de r\u00e9sistance et de sophistication. Que vous recherchiez <strong>plaques signal\u00e9tiques en m\u00e9tal grav\u00e9es<\/strong> pour les machines lourdes ou <strong>porte-noms en m\u00e9tal grav\u00e9<\/strong> pour les emballages de luxe, nos proc\u00e9d\u00e9s de gravure et de gravure garantissent une finition permanente et de haute pr\u00e9cision.<\/p>\n<p><iframe loading=\"lazy\" title=\"Autocollants m\u00e9talliques en acier inoxydable grav\u00e9s sur mesure, pour \u00e9quipements t\u00e9l\u00e9phoniques, produits \u00e9lectroniques, machines\" width=\"1020\" height=\"574\" src=\"https:\/\/www.youtube.com\/embed\/l4EzMpYzns0?feature=oembed\" frameborder=\"0\" allow=\"accelerometer; autoplay; clipboard-write; encrypted-media; gyroscope; picture-in-picture; web-share\" referrerpolicy=\"strict-origin-when-cross-origin\" allowfullscreen><\/iframe><\/p>\n<div style=\"background-color: #f8f9fa; border-left: 5px solid #e67e22; padding: 15px; margin: 20px 0;\">\n<p><strong>Principales caract\u00e9ristiques:<\/strong> Notre acier inoxydable 304 <strong>plaques m\u00e9talliques \u00e0 graver<\/strong> sont tr\u00e8s r\u00e9sistants \u00e0 la corrosion et offrent une forte r\u00e9sistance aux intemp\u00e9ries, ce qui les rend id\u00e9aux pour les environnements int\u00e9rieurs et ext\u00e9rieurs. Avec des lignes claires, une profondeur de gravure appropri\u00e9e et une texture bross\u00e9e uniforme, ces <strong>plaques signal\u00e9tiques en m\u00e9tal grav\u00e9<\/strong> offrent une longue dur\u00e9e de vie et une installation facile sur n\u2019importe quelle surface.<\/p>\n<\/div>\n<p><img data-recalc-dims=\"1\" decoding=\"async\" class=\"alignnone wp-image-1418 size-full\" src=\"https:\/\/i0.wp.com\/jttlogos.com\/wp-content\/uploads\/2020\/06\/stainless-steel-metal-sticker-45.jpg?resize=600%2C450&#038;ssl=1\" alt=\"Plaques signal\u00e9tiques grav\u00e9es en acier inoxydable de haute qualit\u00e9\" width=\"600\" height=\"450\" title=\"\"><\/p>\n<p><!-- Section 2: Product Specifications --><\/p>\n<h2 style=\"color: #2c3e50; border-bottom: 2px solid #e67e22; padding-bottom: 10px;\">Sp\u00e9cifications et param\u00e8tres techniques<\/h2>\n<div style=\"overflow-x: auto;\">\n<table style=\"width: 100%; border-collapse: collapse; margin: 20px 0; background-color: #fff; box-shadow: 0 2px 5px rgba(0,0,0,0.1);\">\n<thead>\n<tr style=\"background-color: #2c3e50; color: #ffffff; text-align: left;\">\n<th style=\"padding: 12px; border: 1px solid #ddd;\">Fonctionnalit\u00e9<\/th>\n<th style=\"padding: 12px; border: 1px solid #ddd;\">D\u00e9tails des sp\u00e9cifications<\/th>\n<\/tr>\n<\/thead>\n<tbody>\n<tr>\n<td style=\"padding: 10px; border: 1px solid #ddd; font-weight: bold;\">Article<\/td>\n<td style=\"padding: 10px; border: 1px solid #ddd;\"><a href=\"https:\/\/jttlogos.com\/fr\/categorie-de-produit\/autocollant-en-metal-en-acier-inoxydable\/\">Stainless Steel Metal Sticker<\/a> \/ Plaques signal\u00e9tiques grav\u00e9es<\/td>\n<\/tr>\n<tr style=\"background-color: #f2f2f2;\">\n<td style=\"padding: 10px; border: 1px solid #ddd; font-weight: bold;\">Mat\u00e9riau de base<\/td>\n<td style=\"padding: 10px; border: 1px solid #ddd;\">Acier inoxydable 304 de qualit\u00e9 sup\u00e9rieure.<\/td>\n<\/tr>\n<tr>\n<td style=\"padding: 10px; border: 1px solid #ddd; font-weight: bold;\">Technique<\/td>\n<td style=\"padding: 10px; border: 1px solid #ddd;\">Gravure chimique \/ Gravure de pr\u00e9cision<\/td>\n<\/tr>\n<tr style=\"background-color: #f2f2f2;\">\n<td style=\"padding: 10px; border: 1px solid #ddd; font-weight: bold;\">\u00c9paisseur<\/td>\n<td style=\"padding: 10px; border: 1px solid #ddd;\">0,1 mm \u00e0 0,5 mm (standard)<\/td>\n<\/tr>\n<tr>\n<td style=\"padding: 10px; border: 1px solid #ddd; font-weight: bold;\">Taille\/Couleur<\/td>\n<td style=\"padding: 10px; border: 1px solid #ddd;\">Enti\u00e8rement personnalis\u00e9 (Miroir, Bross\u00e9, Mat, etc.)<\/td>\n<\/tr>\n<tr style=\"background-color: #f2f2f2;\">\n<td style=\"padding: 10px; border: 1px solid #ddd; font-weight: bold;\">Type d'adh\u00e9sif<\/td>\n<td style=\"padding: 10px; border: 1px solid #ddd;\">Adh\u00e9sif 3M, thermofusible 3M ou autocollant double face<\/td>\n<\/tr>\n<tr>\n<td style=\"padding: 10px; border: 1px solid #ddd; font-weight: bold;\">Certifications<\/td>\n<td style=\"padding: 10px; border: 1px solid #ddd;\">Conforme SGS, ROHS, MSDS<\/td>\n<\/tr>\n<tr style=\"background-color: #f2f2f2;\">\n<td style=\"padding: 10px; border: 1px solid #ddd; font-weight: bold;\">Capacit\u00e9 d'approvisionnement<\/td>\n<td style=\"padding: 10px; border: 1px solid #ddd;\">700 000 pi\u00e8ces par jour<\/td>\n<\/tr>\n<\/tbody>\n<\/table>\n<\/div>\n<p><!-- Section 3: Production Process --><\/p>\n<h2>Plus d'informations :<\/h2>\n<p>D\u00e9lai de livraison\u00a0:\u00a01 jour pour nos \u00e9chantillons existants pour r\u00e9f\u00e9rence. Livraison rapide 5 \u00e0 7 jours pour la fabrication d'un \u00e9chantillon, le temps de production en s\u00e9rie d\u00e9pend de la quantit\u00e9 command\u00e9e<br \/>\nPaiement : T\/T 30% comme d\u00e9p\u00f4t et solde avant la livraison<br \/>\nEmballage: sac d'emballage OPP<br \/>\nExp\u00e9dition\u00a0: Par mer, par avion, par DHL ou par UPS ou autre express<br \/>\nConditions de paiement\u00a0: paiement par carte de cr\u00e9dit, Paypal, virement bancaire, Western Union, L\/C, T\/T, commande d'assurance commerciale Alibaba, etc.<br \/>\nArtwork format: AI, PDF, CDR, CAD or others<br \/>\nD\u00e9tails d'emballage et de livraison : l'autocollant m\u00e9tallique en acier inoxydable est emball\u00e9 dans un sac d'emballage OPP gratuit.<\/p>\n<p><img data-recalc-dims=\"1\" decoding=\"async\" class=\"aligncenter wp-image-1417 size-full\" src=\"https:\/\/i0.wp.com\/jttlogos.com\/wp-content\/uploads\/2020\/05\/Certification-JTT.jpg?resize=600%2C600&#038;ssl=1\" alt=\"Certification SGS, MSDS des plaques m\u00e9talliques grav\u00e9es sur mesure avec logos JTT\" width=\"600\" height=\"600\" title=\"\"><\/p>\n<h2 style=\"color: #2c3e50; border-bottom: 2px solid #e67e22; padding-bottom: 10px;\">Notre flux de travail de fabrication de pr\u00e9cision<\/h2>\n<p>La cr\u00e9ation de produits de haute qualit\u00e9 <strong>gravure de plaque signal\u00e9tique en m\u00e9tal<\/strong> n\u00e9cessite un processus m\u00e9ticuleux en plusieurs \u00e9tapes pour garantir que chaque <strong>plaque signal\u00e9tique grav\u00e9e<\/strong> r\u00e9pond \u00e0 nos normes rigoureuses de clart\u00e9 et de durabilit\u00e9.<\/p>\n<div style=\"display: flex; flex-wrap: wrap; justify-content: space-around; background: #fdfefe; padding: 20px; border: 1px solid #eee; border-radius: 10px;\">\n<div style=\"text-align: center; margin: 10px; flex: 1; min-width: 120px;\">\n<div style=\"background: #e67e22; color: white; border-radius: 50%; width: 40px; height: 40px; line-height: 40px; margin: 0 auto 10px;\">1<\/div>\n<p style=\"font-size: 0.9em; font-weight: bold;\">Faire un film<\/p>\n<\/div>\n<div style=\"text-align: center; margin: 10px; flex: 1; min-width: 120px;\">\n<div style=\"background: #e67e22; color: white; border-radius: 50%; width: 40px; height: 40px; line-height: 40px; margin: 0 auto 10px;\">2<\/div>\n<p style=\"font-size: 0.9em; font-weight: bold;\">Plaque d'acier propre<\/p>\n<\/div>\n<div style=\"text-align: center; margin: 10px; flex: 1; min-width: 120px;\">\n<div style=\"background: #e67e22; color: white; border-radius: 50%; width: 40px; height: 40px; line-height: 40px; margin: 0 auto 10px;\">3<\/div>\n<p style=\"font-size: 0.9em; font-weight: bold;\">Encre d'impression de couche<\/p>\n<\/div>\n<div style=\"text-align: center; margin: 10px; flex: 1; min-width: 120px;\">\n<div style=\"background: #e67e22; color: white; border-radius: 50%; width: 40px; height: 40px; line-height: 40px; margin: 0 auto 10px;\">4<\/div>\n<p style=\"font-size: 0.9em; font-weight: bold;\">Imagerie d'exposition<\/p>\n<\/div>\n<div style=\"text-align: center; margin: 10px; flex: 1; min-width: 120px;\">\n<div style=\"background: #e67e22; color: white; border-radius: 50%; width: 40px; height: 40px; line-height: 40px; margin: 0 auto 10px;\">5<\/div>\n<p style=\"font-size: 0.9em; font-weight: bold;\">Etching<\/p>\n<\/div>\n<div style=\"text-align: center; margin: 10px; flex: 1; min-width: 120px;\">\n<div style=\"background: #e67e22; color: white; border-radius: 50%; width: 40px; height: 40px; line-height: 40px; margin: 0 auto 10px;\">6<\/div>\n<p style=\"font-size: 0.9em; font-weight: bold;\">QC &amp; Packing<\/p>\n<\/div>\n<\/div>\n<p><!-- Section 4: Why Choose Us --><\/p>\n<h2><img data-recalc-dims=\"1\" decoding=\"async\" class=\"aligncenter wp-image-1417 size-full\" src=\"https:\/\/i0.wp.com\/jttlogos.com\/wp-content\/uploads\/2020\/05\/stainless-steel-productive-process.jpg?resize=600%2C600&#038;ssl=1\" alt=\"Processus de production de logos JTT d&#039;\u00e9tiquettes m\u00e9talliques grav\u00e9es\" width=\"600\" height=\"600\" title=\"\"><\/h2>\n<h2 style=\"color: #2c3e50; border-bottom: 2px solid #e67e22; padding-bottom: 10px;\">Pourquoi choisir nos plaques signal\u00e9tiques grav\u00e9es en acier inoxydable ?<\/h2>\n<div style=\"display: grid; grid-template-columns: repeat(auto-fit, minmax(300px, 1fr)); gap: 20px; margin: 20px 0;\">\n<div style=\"padding: 20px; border: 1px solid #ddd; border-top: 4px solid #e67e22; border-radius: 5px; background: #fff;\">\n<h3 style=\"margin-top: 0; color: #e67e22;\">Durabilit\u00e9 extr\u00eame<\/h3>\n<p>Notre acier inoxydable 304 est <strong>corrosion and oxidation resistant<\/strong>. Ces <strong>engraved metal plates<\/strong> ne rouillera pas, garantissant un aspect haut de gamme pendant des d\u00e9cennies, m\u00eame dans des environnements difficiles.<\/p>\n<\/div>\n<div style=\"padding: 20px; border: 1px solid #ddd; border-top: 4px solid #e67e22; border-radius: 5px; background: #fff;\">\n<h3 style=\"margin-top: 0; color: #e67e22;\">Finitions polyvalentes<\/h3>\n<p>From mirror-like gloss to industrial brushed textures, our <strong>\u00e9tiquettes m\u00e9talliques grav\u00e9es sur mesure<\/strong> can be finished in frosted, matte, or colored effects to match your brand\u2019s identity.<\/p>\n<\/div>\n<div style=\"padding: 20px; border: 1px solid #ddd; border-top: 4px solid #e67e22; border-radius: 5px; background: #fff;\">\n<h3 style=\"margin-top: 0; color: #e67e22;\">Sensation tactile sup\u00e9rieure<\/h3>\n<p>Avec un <strong>strong solemn and professional feel<\/strong>, notre <strong>plaques signal\u00e9tiques grav\u00e9es<\/strong> pr\u00e9sentent des contours de bord distincts et une riche sensation concave-convexe textur\u00e9e qui crie la qualit\u00e9.<\/p>\n<\/div>\n<\/div>\n<p><!-- Section 5: Installation Guide --><\/p>\n<h2 style=\"color: #2c3e50; border-bottom: 2px solid #e67e22; padding-bottom: 10px;\">Guide d'installation\u00a0: Comment appliquer vos plaques signal\u00e9tiques en m\u00e9tal<\/h2>\n<p>Installation de votre <strong>plaque signal\u00e9tique grav\u00e9e sur mesure<\/strong> est un processus simple. Suivez ces \u00e9tapes pour une liaison permanente\u00a0:<\/p>\n<ol style=\"background: #f9f9f9; padding: 20px 40px; border-radius: 8px;\">\n<li style=\"margin-bottom: 10px;\"><strong>Pr\u00e9paration des surfaces\u00a0:<\/strong> Essuyez la poussi\u00e8re de la surface du produit avec un chiffon sec. Utilisez de l'alcool industriel si des taches d'huile sont pr\u00e9sentes.<\/li>\n<li style=\"margin-bottom: 10px;\"><strong>Support pelable\u00a0:<\/strong> D\u00e9collez soigneusement le papier antiadh\u00e9sif \u00e0 l'arri\u00e8re du <strong>\u00e9tiquettes en m\u00e9tal grav\u00e9es<\/strong> (ne retirez pas encore le film protecteur de surface).<\/li>\n<li style=\"margin-bottom: 10px;\"><strong>Alignement:<\/strong> Collez l'autocollant exactement sur la surface souhait\u00e9e du produit.<\/li>\n<li style=\"margin-bottom: 10px;\"><strong>Appuyez fermement\u00a0:<\/strong> Lissez-le et appuyez fermement avec un chiffon sec pour garantir l'activation de l'adh\u00e9sif 3M.<\/li>\n<li style=\"margin-bottom: 10px;\"><strong>Retirer le film\u00a0:<\/strong> D\u00e9collez le film protecteur de surface \u00e0 un angle de 45 degr\u00e9s.<\/li>\n<li style=\"margin-bottom: 10px;\"><strong>Finition:<\/strong> L'installation de votre <strong>porte-noms en m\u00e9tal grav\u00e9<\/strong> est maintenant termin\u00e9 !<\/li>\n<\/ol>\n<p><img data-recalc-dims=\"1\" decoding=\"async\" class=\"aligncenter wp-image-1417 size-full\" src=\"https:\/\/i0.wp.com\/jttlogos.com\/wp-content\/uploads\/2020\/05\/JTT-application-scenarios.jpg?resize=600%2C600&#038;ssl=1\" alt=\"Applications de gravure de plaques signal\u00e9tiques en m\u00e9tal\" width=\"600\" height=\"600\" title=\"\"><\/p>\n<p><!-- Section 6: Applications --><\/p>\n<h2 style=\"color: #2c3e50; border-bottom: 2px solid #e67e22; padding-bottom: 10px;\">Applications larges pour les plaques m\u00e9talliques grav\u00e9es sur mesure<\/h2>\n<p>Notre <strong>plaques signal\u00e9tiques en m\u00e9tal grav\u00e9<\/strong> sont utilis\u00e9s dans de nombreuses industries gr\u00e2ce \u00e0 leur haute r\u00e9sistance et leur finition haut de gamme :<\/p>\n<ul style=\"list-style-type: none; padding: 0;\">\n<li style=\"padding: 10px; background: #f2f2f2; margin-bottom: 5px; border-radius: 4px;\"><strong>Traffic Signs:<\/strong> Panneaux routiers et directionnels n\u00e9cessitant une exposition ext\u00e9rieure \u00e0 long terme.<\/li>\n<li style=\"padding: 10px; background: #fff; margin-bottom: 5px; border-radius: 4px; border: 1px solid #eee;\"><strong>Machinerie:<\/strong> <strong>Etiquettes m\u00e9talliques grav\u00e9es sur mesure<\/strong> for industrial equipment and operation panels.<\/li>\n<li style=\"padding: 10px; background: #f2f2f2; margin-bottom: 5px; border-radius: 4px;\"><strong>\u00c9lectronique:<\/strong> Premium brand LOGOs for laptops, refrigerators, and high-end audio gear.<\/li>\n<li style=\"padding: 10px; background: #fff; margin-bottom: 5px; border-radius: 4px; border: 1px solid #eee;\"><strong>Commercial:<\/strong> Plaques de porte d'entreprise luxueuses et signalisation commerciale professionnelle.<\/li>\n<\/ul>\n<p><!-- Section 7: Quality Assurance --><\/p>\n<h2 style=\"color: #2c3e50; border-bottom: 2px solid #e67e22; padding-bottom: 10px;\">Tests de qualit\u00e9 de pointe<\/h2>\n<div style=\"background-color: #fff; border: 1px solid #ddd; padding: 20px; border-radius: 8px;\">\n<h3 style=\"color: #2c3e50;\">Our 6-Step Quality Control:<\/h3>\n<p>Avant tout <strong>gravure de plaques signal\u00e9tiques<\/strong> Parviennent \u00e0 nos clients, ils subissent une batterie de tests chez JTT Logos :<\/p>\n<div style=\"display: grid; grid-template-columns: 1fr 1fr; gap: 15px;\">\n<div style=\"background: #fdf2e9; padding: 10px; border-radius: 5px;\"><strong>1. Adhesion Test:<\/strong> Assure la permanence de l\u2019encre et de la peinture.<\/div>\n<div style=\"background: #fdf2e9; padding: 10px; border-radius: 5px;\"><strong>2. High\/Low Temp Test:<\/strong> Simule des conditions m\u00e9t\u00e9orologiques extr\u00eames.<\/div>\n<div style=\"background: #fdf2e9; padding: 10px; border-radius: 5px;\"><strong>3. Salt Spray Test:<\/strong> Garantit la r\u00e9sistance \u00e0 la corrosion de l\u2019acier inoxydable 304.<\/div>\n<div style=\"background: #fdf2e9; padding: 10px; border-radius: 5px;\"><strong>4. Test de chute\u00a0:<\/strong> Simule les impacts du transport et de la manutention.<\/div>\n<div style=\"background: #fdf2e9; padding: 10px; border-radius: 5px;\"><strong>5. Essai de flexion\u00a0:<\/strong> Garantit que le logo reste appos\u00e9 sur les surfaces courbes.<\/div>\n<div style=\"background: #fdf2e9; padding: 10px; border-radius: 5px;\"><strong>6. Test de bande\u00a0:<\/strong> \u00c9valuation rigoureuse de la force de liaison adh\u00e9sive.<\/div>\n<\/div>\n<\/div>\n<p><!-- Section 8: About Us & CTA --><\/p>\n<h2 style=\"color: #2c3e50; border-bottom: 2px solid #e67e22; padding-bottom: 10px;\">Partenaire avec JTT Logos\u00a0:\u00a016+ ans d\u2019expertise<\/h2>\n<p>JTT Logos est une premi\u00e8re <strong>gravure de plaque signal\u00e9tique<\/strong> sp\u00e9cialiste avec plus de 16 ans d'exp\u00e9rience dans la cr\u00e9ation <strong>\u00e9tiquettes grav\u00e9es personnalis\u00e9es<\/strong> pour les g\u00e9ants mondiaux. Notre engagement envers la qualit\u00e9 nous a valu la confiance de marques de classe mondiale comme <strong>Tesla, Samsung, Panasonic, Haier et Lenovo<\/strong>.<\/p>\n<div style=\"background: #2c3e50; color: white; padding: 25px; border-radius: 10px; margin: 30px 0;\">\n<h3 style=\"color: #e67e22; margin-top: 0;\">Nos 4 garanties fondamentales\u00a0:<\/h3>\n<ul style=\"margin: 0; padding: 0; list-style-position: inside;\">\n<li><strong>Prix \u200b\u200ble plus comp\u00e9titif\u00a0:<\/strong> Tarifs de gros directs en usine sur tous <strong>plaques signal\u00e9tiques grav\u00e9es<\/strong>.<\/li>\n<li><strong>Une R&amp;D forte\u00a0:<\/strong> Technologie de gravure avanc\u00e9e pour les applications complexes <strong>plaques nominatives grav\u00e9es<\/strong>.<\/li>\n<li><strong>Livraison dans les d\u00e9lais\u00a0:<\/strong> \u00c9chantillonnage rapide de 5 \u00e0 7 jours et capacit\u00e9 quotidienne massive de 700\u00a0000.<\/li>\n<li><strong>Satisfaction garantie\u00a0:<\/strong> Nous offrons \u00e0 chaque fois le meilleur rapport qualit\u00e9-prix pour votre investissement.<\/li>\n<\/ul>\n<div style=\"margin-top: 20px; text-align: center;\">\n<p style=\"font-size: 1.1em; font-weight: bold;\">Pr\u00eat \u00e0 rehausser l\u2019image de votre produit avec des \u00e9tiquettes m\u00e9talliques grav\u00e9es personnalis\u00e9es\u00a0?<\/p>\n<p><a style=\"display: inline-block; background-color: #e67e22; color: white; padding: 12px 25px; text-decoration: none; border-radius: 5px; font-weight: bold; transition: background 0.3s;\" href=\"https:\/\/jttlogos.com\/fr\/contactez-nous\/\">Contactez-nous pour un devis personnalis\u00e9 d\u00e8s aujourd'hui\u00a0!<\/a><\/p>\n<\/div>\n<\/div>\n<p><!-- FAQ Section --><\/p>\n<h3><img data-recalc-dims=\"1\" decoding=\"async\" class=\"aligncenter wp-image-1417\" src=\"https:\/\/i0.wp.com\/jttlogos.com\/wp-content\/uploads\/2020\/05\/jtt-company-advantage-1.jpg?resize=521%2C521&#038;ssl=1\" alt=\"4 avantages des porte-noms en m\u00e9tal grav\u00e9 JTT Logos\" width=\"521\" height=\"521\" title=\"\"><\/h3>\n<h3 style=\"color: #2c3e50; margin-top: 40px;\">Foire aux questions (FAQ)<\/h3>\n<div style=\"border-top: 1px solid #ddd; padding: 10px 0;\">\n<p><strong>Q : Puis-je personnaliser la forme de ma plaque signal\u00e9tique grav\u00e9e ?<\/strong><br \/>\nR : Oui ! Nous pouvons produire <strong>plaques de m\u00e9tal grav\u00e9es sur mesure<\/strong> dans n'importe quelle forme, taille ou \u00e9paisseur (0,1 mm-0,5 mm) en fonction de votre illustration AI ou PDF.<\/p>\n<\/div>\n<div style=\"border-top: 1px solid #ddd; padding: 10px 0;\">\n<p><strong>Q : L\u2019acier inoxydable 304 est-il adapt\u00e9 \u00e0 une utilisation en ext\u00e9rieur ?<\/strong><br \/>\nR : Absolument. L'acier inoxydable 304 est la norme de l'industrie pour <strong>plaques signal\u00e9tiques en m\u00e9tal grav\u00e9<\/strong> destin\u00e9 aux environnements ext\u00e9rieurs en raison de son excellente r\u00e9sistance \u00e0 la rouille et aux intemp\u00e9ries.<\/p>\n<\/div>\n<div style=\"border-top: 1px solid #ddd; padding: 10px 0;\">\n<p><strong>Q\u00a0: Quel est le d\u00e9lai d\u2019ex\u00e9cution pour les commandes group\u00e9es\u00a0?<\/strong><br \/>\nR\u00a0: Nous proposons un \u00e9chantillonnage rapide de 5 \u00e0 7 jours et notre capacit\u00e9 d'approvisionnement massive garantit une livraison rapide, m\u00eame pour les plus grands. <strong>plaques signal\u00e9tiques grav\u00e9es<\/strong> ordres.<\/p>\n<\/div>\n<\/article>","protected":false},"excerpt":{"rendered":"<p>JTT is a leading global supplier and manufacturer of Metal Stickers, Nickel Metal Stickers, Stainless Steel Metal Stickers, 3D Metal Stickers, Mesh Speaker Metal Stickers, specialized in this industry over 14 years.<\/p>\n<p>The specific price is determined by the product.<\/p>","protected":false},"featured_media":3890,"comment_status":"open","ping_status":"closed","template":"","meta":[],"product_brand":[],"product_cat":[52],"product_tag":[],"class_list":{"0":"post-4026","1":"product","2":"type-product","3":"status-publish","4":"has-post-thumbnail","6":"product_cat-stainless-steel-metal-sticker","8":"first","9":"instock","10":"shipping-taxable","11":"product-type-simple"},"jetpack-related-posts":[],"jetpack_sharing_enabled":true,"_links":{"self":[{"href":"https:\/\/jttlogos.com\/fr\/wp-json\/wp\/v2\/product\/4026","targetHints":{"allow":["GET"]}}],"collection":[{"href":"https:\/\/jttlogos.com\/fr\/wp-json\/wp\/v2\/product"}],"about":[{"href":"https:\/\/jttlogos.com\/fr\/wp-json\/wp\/v2\/types\/product"}],"replies":[{"embeddable":true,"href":"https:\/\/jttlogos.com\/fr\/wp-json\/wp\/v2\/comments?post=4026"}],"wp:featuredmedia":[{"embeddable":true,"href":"https:\/\/jttlogos.com\/fr\/wp-json\/wp\/v2\/media\/3890"}],"wp:attachment":[{"href":"https:\/\/jttlogos.com\/fr\/wp-json\/wp\/v2\/media?parent=4026"}],"wp:term":[{"taxonomy":"product_brand","embeddable":true,"href":"https:\/\/jttlogos.com\/fr\/wp-json\/wp\/v2\/product_brand?post=4026"},{"taxonomy":"product_cat","embeddable":true,"href":"https:\/\/jttlogos.com\/fr\/wp-json\/wp\/v2\/product_cat?post=4026"},{"taxonomy":"product_tag","embeddable":true,"href":"https:\/\/jttlogos.com\/fr\/wp-json\/wp\/v2\/product_tag?post=4026"}],"curies":[{"name":"wp","href":"https:\/\/api.w.org\/{rel}","templated":true}]}}