{"id":4167,"date":"2020-07-02T06:50:07","date_gmt":"2020-07-02T06:50:07","guid":{"rendered":"https:\/\/jttlogos.com\/?post_type=product&#038;p=4167"},"modified":"2026-04-22T03:42:07","modified_gmt":"2026-04-22T03:42:07","slug":"echantillon-gratuit-logo-personnalise-auto-adhesif-nickel-metal-autocollants-etiquette-nickel-logo-autocollant-pour-bouteille-de-parfum","status":"publish","type":"product","link":"https:\/\/jttlogos.com\/fr\/product\/free-sample-customized-logo-self-adhesive-nickel-metal-stickers-label-nickel-logo-sticker-for-perfume-bottle\/","title":{"rendered":"Autocollants personnalis\u00e9s de logo en m\u00e9tal nickel 3D | \u00c9tiquette de marque autocollante haut de gamme pour flacons de parfum (\u00e9chantillon gratuit)"},"content":{"rendered":"<article style=\"font-family: Arial, sans-serif; line-height: 1.6; color: #333; max-width: 100%px; margin: 0 auto; padding: 20px;\">\n<p style=\"font-size: 1.1em; margin-bottom: 20px;\">Dans le monde hautement concurrentiel du commerce de d\u00e9tail et des produits de luxe, l\u2019identit\u00e9 visuelle de votre marque est primordiale. Pr\u00e9sentation de notre prime <strong>\u00c9chantillon gratuit d'\u00e9tiquettes autocollantes en m\u00e9tal nickel avec logo personnalis\u00e9<\/strong>, expertly crafted specifically for perfume bottles, cosmetics, electronic devices, and luxury packaging. Manufactured by <strong>JTT Pr\u00e9cision Metal Co., Ltd.<\/strong> (<a style=\"color: #0056b3; text-decoration: none;\" href=\"https:\/\/jttlogos.com\/fr\/\">jttlogos.com<\/a>), ces autocollants m\u00e9talliques haut de gamme offrent un effet 3D sophistiqu\u00e9 qui \u00e9l\u00e8ve instantan\u00e9ment la valeur per\u00e7ue de votre produit. Avec plus de 20 ans d'exp\u00e9rience en fabrication d\u00e9di\u00e9e dans l'industrie du marquage des m\u00e9taux, nous proposons des solutions d'\u00e9tiquetage sur mesure et de haute qualit\u00e9, adapt\u00e9es \u00e0 vos exigences exactes en mati\u00e8re de conception.<\/p>\n<div style=\"background-color: #f4f7f6; border: 1px solid #dcdcdc; border-radius: 8px; padding: 20px; text-align: center; margin: 30px 0;\">\n<h2 style=\"margin-top: 0; color: #2c3e50; font-size: 1.5em;\">Pr\u00eat \u00e0 rehausser l'emballage de votre marque\u00a0?<\/h2>\n<p style=\"margin-bottom: 15px; font-size: 1.05em;\">Demandez votre gratuit\u00a0<strong>\u00c9chantillon existant<\/strong> aujourd'hui et d\u00e9couvrez notre qualit\u00e9 sup\u00e9rieure. Contactez nos sp\u00e9cialistes en fabrication pour un devis d\u00e9taill\u00e9 sur votre conception personnalis\u00e9e.<\/p>\n<p><a style=\"display: inline-block; background-color: #0056b3; color: #ffffff; padding: 12px 25px; text-decoration: none; font-weight: bold; border-radius: 4px; font-size: 1.1em;\" href=\"https:\/\/jttlogos.com\/fr\/contactez-nous\/\">Demander un devis et un \u00e9chantillon gratuit<\/a><\/p>\n<\/div>\n<p><iframe loading=\"lazy\" title=\"Autocollant d&#039;\u00e9tiquette en m\u00e9tal 3d de voiture de Nickel en m\u00e9tal auto-adh\u00e9sif fait sur commande imperm\u00e9able \u00e0 l&#039;eau autocollant d&#039;ordinateur portable de Logo en m\u00e9tal\" width=\"1020\" height=\"574\" src=\"https:\/\/www.youtube.com\/embed\/UxDT10fRCBg?feature=oembed\" frameborder=\"0\" allow=\"accelerometer; autoplay; clipboard-write; encrypted-media; gyroscope; picture-in-picture; web-share\" referrerpolicy=\"strict-origin-when-cross-origin\" allowfullscreen><\/iframe><\/p>\n<p><img data-recalc-dims=\"1\" decoding=\"async\" class=\"alignnone wp-image-1418 size-full\" src=\"https:\/\/i0.wp.com\/jttlogos.com\/wp-content\/uploads\/2020\/05\/49.jpg?resize=600%2C450&#038;ssl=1\" alt=\"customized metal logo self-adhesive sticker\" width=\"600\" height=\"450\" title=\"\"><\/p>\n<h2 style=\"color: #2c3e50; border-bottom: 2px solid #0056b3; padding-bottom: 8px; margin-top: 40px;\">Sp\u00e9cifications d\u00e9taill\u00e9es du produit<\/h2>\n<p>Nos autocollants personnalis\u00e9s avec logo en m\u00e9tal nickel sont fabriqu\u00e9s \u00e0 l'aide de techniques avanc\u00e9es pour garantir une finition impeccable, une durabilit\u00e9 exceptionnelle et une application facile. Vous trouverez ci-dessous les principales sp\u00e9cifications techniques de nos \u00e9tiquettes m\u00e9talliques haut de gamme\u00a0:<\/p>\n<table style=\"width: 100%; border-collapse: collapse; margin: 20px 0; font-size: 0.95em; box-shadow: 0 2px 5px rgba(0,0,0,0.1);\">\n<thead>\n<tr style=\"background-color: #0056b3; color: #ffffff; text-align: left;\">\n<th style=\"padding: 12px 15px; border: 1px solid #ddd;\">Sp\u00e9cification<\/th>\n<th style=\"padding: 12px 15px; border: 1px solid #ddd;\">Details<\/th>\n<\/tr>\n<\/thead>\n<tbody>\n<tr style=\"background-color: #f9f9f9;\">\n<td style=\"padding: 12px 15px; border: 1px solid #ddd; font-weight: bold;\">Nom du produit<\/td>\n<td style=\"padding: 12px 15px; border: 1px solid #ddd;\"><a style=\"color: #0056b3; text-decoration: none;\" href=\"https:\/\/jttlogos.com\/fr\/categorie-de-produit\/autocollant-en-metal-nickel\/\">Nickel Metal Stickers<\/a> \/ Autocollants avec logo personnalis\u00e9<\/td>\n<\/tr>\n<tr>\n<td style=\"padding: 12px 15px; border: 1px solid #ddd; font-weight: bold;\">Mat\u00e9riel<\/td>\n<td style=\"padding: 12px 15px; border: 1px solid #ddd;\">M\u00e9tal, nickel 100%<\/td>\n<\/tr>\n<tr style=\"background-color: #f9f9f9;\">\n<td style=\"padding: 12px 15px; border: 1px solid #ddd; font-weight: bold;\">Technique<\/td>\n<td style=\"padding: 12px 15px; border: 1px solid #ddd;\">Galvanoplastie<\/td>\n<\/tr>\n<tr>\n<td style=\"padding: 12px 15px; border: 1px solid #ddd; font-weight: bold;\">\u00c9paisseur<\/td>\n<td style=\"padding: 12px 15px; border: 1px solid #ddd;\">0,045 \u2013 0,12 mm (ultra fin et parfaitement conforme)<\/td>\n<\/tr>\n<tr style=\"background-color: #f9f9f9;\">\n<td style=\"padding: 12px 15px; border: 1px solid #ddd; font-weight: bold;\">Taille et couleur<\/td>\n<td style=\"padding: 12px 15px; border: 1px solid #ddd;\">Enti\u00e8rement personnalis\u00e9 pour toutes les tailles, formes et couleurs afin de correspondre aux directives de la marque<\/td>\n<\/tr>\n<tr>\n<td style=\"padding: 12px 15px; border: 1px solid #ddd; font-weight: bold;\">Solutions adh\u00e9sives<\/td>\n<td style=\"padding: 12px 15px; border: 1px solid #ddd;\">Adh\u00e9sif 3M, colle thermofusible 3M, autocollant double face premium<\/td>\n<\/tr>\n<tr style=\"background-color: #f9f9f9;\">\n<td style=\"padding: 12px 15px; border: 1px solid #ddd; font-weight: bold;\">Utilisation principale<\/td>\n<td style=\"padding: 12px 15px; border: 1px solid #ddd;\">Perfume bottles, mobile phones, cases, household appliances, electronic products, packaging gift boxes, automobiles, machinery<\/td>\n<\/tr>\n<tr>\n<td style=\"padding: 12px 15px; border: 1px solid #ddd; font-weight: bold;\">Certifications<\/td>\n<td style=\"padding: 12px 15px; border: 1px solid #ddd;\">SGS, ROHS, MSDS (Assurer la s\u00e9curit\u00e9 et la conformit\u00e9 environnementale)<\/td>\n<\/tr>\n<\/tbody>\n<\/table>\n<h2 style=\"color: #2c3e50; border-bottom: 2px solid #0056b3; padding-bottom: 8px; margin-top: 40px;\">Savoir-faire expert et excellence des mat\u00e9riaux<\/h2>\n<p>Chez JTT Precision Metal Co., Ltd., nous utilisons un mat\u00e9riau hautement raffin\u00e9 <strong>galvanoplastie<\/strong> technique pour cr\u00e9er nos \u00e9tiquettes m\u00e9talliques personnalis\u00e9es. Contrairement aux autocollants standards en papier ou en vinyle, nos autocollants en nickel m\u00e9tal 100% offrent une finition 3D brillante, r\u00e9fl\u00e9chissante et tactile. Le processus de galvanoplastie garantit que l'\u00e9clat m\u00e9tallique est \u00e9clatant, uniforme et tr\u00e8s r\u00e9sistant \u00e0 la d\u00e9coloration, au ternissement ou \u00e0 l'usure au fil du temps.<\/p>\n<p>L'\u00e9paisseur de nos autocollants m\u00e9talliques personnalis\u00e9s varie strictement entre <strong>0,045 mm et 0,12 mm<\/strong>. Ce profil ultra fin est intentionnellement con\u00e7u. Il offre la sensation rigide et premium du m\u00e9tal solide tout en restant incroyablement flexible. Cette flexibilit\u00e9 est cruciale pour appliquer les \u00e9tiquettes sur les surfaces en verre incurv\u00e9es des flacons de parfum ou sur les contours \u00e9l\u00e9gants des appareils \u00e9lectroniques modernes, garantissant que l'autocollant affleure sans que les bords ne se soul\u00e8vent ou ne se d\u00e9collent.<\/p>\n<h3 style=\"color: #34495e; margin-top: 30px;\">Performance adh\u00e9sive de qualit\u00e9 industrielle<\/h3>\n<p>Une \u00e9tiquette m\u00e9tallique haut de gamme n\u2019est aussi bonne que l\u2019adh\u00e9sif qui la lie. Nous \u00e9quipons nos autocollants avec logo en nickel d'options de support de premier ordre, y compris les meilleures de l'industrie. <strong>Adh\u00e9sif 3M, colle thermofusible 3M et autocollant double face robuste<\/strong> layers. These adhesives are selected for their high tack and long-lasting bond strength. Whether the sticker is applied to smooth glass, textured plastics, coated metals, or premium cardboard packaging gift boxes, the adhesive provides a secure, permanent hold that withstands temperature fluctuations and daily handling.<\/p>\n<div style=\"background-color: #e8f4fd; border-left: 6px solid #0056b3; padding: 20px; margin: 30px 0; border-radius: 0 8px 8px 0;\">\n<h4 style=\"margin-top: 0; color: #0056b3; font-size: 1.2em;\">Point de connaissance\u00a0: pr\u00e9paration des illustrations pour la fabrication<\/h4>\n<p style=\"margin-bottom: 0;\">Pour obtenir les bords les plus nets et la repr\u00e9sentation la plus pr\u00e9cise du logo de votre marque, nous avons besoin d\u2019illustrations vectorielles. Les formats acceptables incluent <strong>AI (Adobe Illustrator), PDF, CDR (CorelDRAW), CAO ou autres fichiers vectoriels<\/strong>. Les fichiers vectoriels permettent \u00e0 nos \u00e9quipements de fabrication de cartographier les moules de galvanoplastie avec une pr\u00e9cision microscopique, garantissant que m\u00eame les d\u00e9tails les plus fins de votre typographie et de l'ic\u00f4ne de votre marque sont fid\u00e8lement reproduits en nickel massif.<\/p>\n<\/div>\n<h2 style=\"color: #2c3e50; border-bottom: 2px solid #0056b3; padding-bottom: 8px; margin-top: 40px;\">Versatile Applications for Custom Metal Decals<\/h2>\n<p>Bien que nos autocollants autocollants en nickel m\u00e9tallique soient incroyablement populaires pour les flacons de parfum, leur application s'\u00e9tend bien au-del\u00e0 de l'industrie cosm\u00e9tique. La combinaison d\u2019une esth\u00e9tique luxueuse et d\u2019une durabilit\u00e9 robuste en fait la solution de marque id\u00e9ale dans plusieurs secteurs\u00a0:<\/p>\n<ul style=\"list-style-type: square; margin-left: 20px; margin-bottom: 20px;\">\n<li style=\"margin-bottom: 10px;\"><strong>Flacons de parfum et emballages cosm\u00e9tiques\u00a0:<\/strong> Glass and acrylic bottles benefit immensely from a 3D metallic logo, providing a tactile, high-end experience for the consumer. The metallic finish catches the light, making retail displays stand out.<\/li>\n<li style=\"margin-bottom: 10px;\"><strong>T\u00e9l\u00e9phones mobiles et \u00e9tuis pour t\u00e9l\u00e9phones\u00a0:<\/strong> Ajoutez une touche de signature \u00e0 l'\u00e9lectronique grand public. Le profil ultra fin (0,045-0,12 mm) garantit que le logo n'ajoute pas de volume inutile aux appareils \u00e9l\u00e9gants.<\/li>\n<li style=\"margin-bottom: 10px;\"><strong>Appareils \u00e9lectrom\u00e9nagers\u00a0:<\/strong> Refrigerators, coffee makers, and washing machines require branding that can withstand cleaning agents and daily wear. Our nickel tags offer superior resilience.<\/li>\n<li style=\"margin-bottom: 10px;\"><strong>Produits \u00e9lectroniques et \u00e9quipements audio\u00a0:<\/strong> Les ordinateurs portables, les \u00e9couteurs et les haut-parleurs sont souvent marqu\u00e9s d'autocollants de transfert m\u00e9talliques personnalis\u00e9s pour communiquer la sophistication technologique.<\/li>\n<li style=\"margin-bottom: 10px;\"><strong>Automobiles et machines\u00a0:<\/strong> Utilis\u00e9 pour les accents int\u00e9rieurs du tableau de bord, les logos du volant ou la marque sur mesure sur les panneaux de machines personnalis\u00e9s.<\/li>\n<li style=\"margin-bottom: 10px;\"><strong>Emballage des coffrets cadeaux\u00a0:<\/strong> Transformez une bo\u00eete de pr\u00e9sentation standard en carton ou en bois en un souvenir de luxe en appliquant un autocollant de marque en m\u00e9tal personnalis\u00e9 directement sur le couvercle.<\/li>\n<\/ul>\n<h2 style=\"color: #2c3e50; border-bottom: 2px solid #0056b3; padding-bottom: 8px; margin-top: 40px;\">Plus de 20 ans d'exp\u00e9rience en fabrication et d'autorit\u00e9 industrielle<\/h2>\n<p>Confier votre identit\u00e9 de marque \u00e0 un fabricant n\u00e9cessite d\u2019avoir confiance en ses capacit\u00e9s. <strong>JTT Pr\u00e9cision Metal Co., Ltd.<\/strong> est \u00e0 l'avant-garde de l'industrie des autocollants m\u00e9talliques personnalis\u00e9s depuis plus de deux d\u00e9cennies. Notre vaste histoire de fabrication de 20 ans signifie que nous avons optimis\u00e9 nos processus de galvanoplastie, affin\u00e9 nos protocoles de correspondance des couleurs et perfectionn\u00e9 nos syst\u00e8mes de contr\u00f4le qualit\u00e9.<\/p>\n<p>We do not just promise quality; we validate it through authoritative third-party certifications. Our customized logo stickers are fully compliant with global standards, holding <strong>Certifications SGS, ROHS et MSDS<\/strong>. Cela garantit que les mat\u00e9riaux utilis\u00e9s dans vos \u00e9tiquettes m\u00e9talliques sont exempts de substances dangereuses, sans danger pour le consommateur et respectueux de l'environnement. Lorsque vous faites \u00e9quipe avec nous, vous choisissez un fabricant ayant fait ses preuves dans la fourniture de solutions de marque haut de gamme \u00e0 des clients mondiaux.<\/p>\n<h2 style=\"color: #2c3e50; border-bottom: 2px solid #0056b3; padding-bottom: 8px; margin-top: 40px;\">Secure Ordering, Transparent Payments &amp; Fast Delivery<\/h2>\n<p>We understand that supply chain efficiency is critical for our clients. We have structured our inquiry, production, and shipping workflows to be as seamless and transparent as possible.<\/p>\n<h3 style=\"color: #34495e; margin-top: 20px;\">D\u00e9lais et production<\/h3>\n<p>Pour vous aider \u00e0 \u00e9valuer notre qualit\u00e9, nous proposons un d\u00e9lai d\u2019ex\u00e9cution rapide sur les \u00e9chantillons existants. Nous pouvons exp\u00e9dier <strong>existing samples in just 1 day<\/strong> pour votre r\u00e9f\u00e9rence. Lorsque vous \u00eates pr\u00eat \u00e0 prototyper votre conception unique, notre processus de livraison rapide garantit la cr\u00e9ation d'\u00e9chantillons personnalis\u00e9s dans les d\u00e9lais suivants. <strong>3 \u00e0 5 jours<\/strong>. Les d\u00e9lais de production en s\u00e9rie sont optimis\u00e9s pour plus d'efficacit\u00e9 et d\u00e9pendent directement de l'ampleur de votre quantit\u00e9 de commande, vous garantissant ainsi de recevoir vos autocollants d'emballage exactement au moment o\u00f9 vous en avez besoin.<\/p>\n<h3 style=\"color: #34495e; margin-top: 20px;\">Options de paiement s\u00e9curis\u00e9<\/h3>\n<p>Building trustworthiness with our global clientele is a priority. We offer a comprehensive suite of secure payment terms to accommodate your procurement processes. We accept <strong>Paiements par carte de cr\u00e9dit, PayPal, virements bancaires, Western Union, L\/C et T\/T<\/strong> (T\/T 30% as deposit, with the balance cleared before delivery). Furthermore, we fully support <strong>Commandes Alibaba Trade Assurance<\/strong>, vous offrant une plateforme de transactions structur\u00e9e, s\u00e9curis\u00e9e et surveill\u00e9e.<\/p>\n<h3 style=\"color: #34495e; margin-top: 20px;\">Packaging &amp; Global Shipment<\/h3>\n<p>Chaque autocollant m\u00e9tallique personnalis\u00e9 est m\u00e9ticuleusement inspect\u00e9 avant d'\u00eatre solidement emball\u00e9 dans un emballage de protection. <strong>Sacs d'emballage OPP<\/strong> pour \u00e9viter les rayures ou les dommages pendant le transport. Nous exploitons un r\u00e9seau logistique mondial robuste, offrant des m\u00e9thodes d'exp\u00e9dition flexibles adapt\u00e9es \u00e0 votre urgence et \u00e0 votre budget. Nous exp\u00e9dions via <strong>courriers maritimes, a\u00e9riens ou express acc\u00e9l\u00e9r\u00e9s tels que DHL, UPS ou d'autres transporteurs de confiance<\/strong>, ensuring your custom metallic labels arrive safely at your facility, regardless of your location worldwide.<\/p>\n<h2 style=\"color: #2c3e50; border-bottom: 2px solid #0056b3; padding-bottom: 8px; margin-top: 40px;\">Foire aux questions (FAQ)<\/h2>\n<div style=\"margin-bottom: 15px; border: 1px solid #e1e1e1; padding: 15px; border-radius: 5px; background-color: #fff;\">\n<h4 style=\"margin: 0 0 10px 0; color: #333; font-size: 1.1em;\">1. Puis-je obtenir un \u00e9chantillon gratuit de l'autocollant en nickel m\u00e9tallique avant de passer une commande group\u00e9e\u00a0?<\/h4>\n<p style=\"margin: 0; color: #555;\">Oui, nous fournissons gratuitement des \u00e9chantillons existants (exp\u00e9di\u00e9s sous 1 jour) afin que vous puissiez \u00e9valuer le mat\u00e9riau, l'\u00e9paisseur et la qualit\u00e9 de l'adh\u00e9sif 3M. Si vous avez besoin d'un \u00e9chantillon personnalis\u00e9 de votre logo sp\u00e9cifique, le d\u00e9lai de production est g\u00e9n\u00e9ralement de 3 \u00e0 5 jours.<\/p>\n<\/div>\n<div style=\"margin-bottom: 15px; border: 1px solid #e1e1e1; padding: 15px; border-radius: 5px; background-color: #fff;\">\n<h4 style=\"margin: 0 0 10px 0; color: #333; font-size: 1.1em;\">2. Sur quelles surfaces ces autocollants avec logo m\u00e9tallique personnalis\u00e9 peuvent-ils adh\u00e9rer\u00a0?<\/h4>\n<p style=\"margin: 0; color: #555;\">Gr\u00e2ce \u00e0 la colle thermofusible 3M de qualit\u00e9 sup\u00e9rieure et \u00e0 l'autocollant double face, nos autocollants en nickel 100% adh\u00e8rent parfaitement au verre (comme les flacons de parfum), au plastique, au m\u00e9tal, au bois et aux emballages cadeaux en papier de haute qualit\u00e9.<\/p>\n<\/div>\n<div style=\"margin-bottom: 15px; border: 1px solid #e1e1e1; padding: 15px; border-radius: 5px; background-color: #fff;\">\n<h4 style=\"margin: 0 0 10px 0; color: #333; font-size: 1.1em;\">3. Are your manufacturing materials environmentally safe?<\/h4>\n<p style=\"margin: 0; color: #555;\">Absolument. Nos processus de production et nos produits finaux sont soutenus par les certifications SGS, ROHS et MSDS, garantissant le respect de r\u00e9glementations strictes en mati\u00e8re d'environnement et de s\u00e9curit\u00e9.<\/p>\n<\/div>\n<div style=\"margin-bottom: 15px; border: 1px solid #e1e1e1; padding: 15px; border-radius: 5px; background-color: #fff;\">\n<h4 style=\"margin: 0 0 10px 0; color: #333; font-size: 1.1em;\">4. L'autocollant m\u00e9tallique se pliera-t-il pour s'adapter \u00e0 un flacon de parfum incurv\u00e9 ?<\/h4>\n<p style=\"margin: 0; color: #555;\">Oui. Les autocollants sont fabriqu\u00e9s selon une sp\u00e9cification ultra fine de 0,045 \u00e0 0,12 mm. Cette \u00e9paisseur sp\u00e9cifique permet au nickel solide de rester suffisamment flexible pour s'enrouler parfaitement autour des courbes douces sans se soulever.<\/p>\n<\/div>\n<div style=\"text-align: center; margin-top: 50px; padding: 30px; background-color: #2c3e50; color: #ffffff; border-radius: 8px;\">\n<h3 style=\"margin-top: 0; font-size: 1.6em; color: #fff;\">Commencez votre projet de marque personnalis\u00e9e d\u00e8s aujourd'hui<\/h3>\n<p style=\"font-size: 1.1em; margin-bottom: 25px;\">Associez-vous \u00e0 JTT Precision Metal Co., Ltd. pour transformer votre logo en un superbe chef-d'\u0153uvre m\u00e9tallique 3D. Envoyez-nous vos fichiers AI, PDF, CDR ou CAO, et notre \u00e9quipe de fabrication donnera vie \u00e0 votre vision.<\/p>\n<p><a style=\"display: inline-block; background-color: #f39c12; color: #ffffff; padding: 15px 30px; text-decoration: none; font-weight: bold; border-radius: 4px; font-size: 1.2em; text-transform: uppercase; letter-spacing: 1px;\" href=\"https:\/\/jttlogos.com\/fr\/contactez-nous\/\">Contact Us for a Custom Quote<\/a><\/p>\n<\/div>\n<\/article>\n<p><!-- SEO Meta Description\n<meta name=\"description\" content=\"Elevate your brand with premium custom self-adhesive nickel metal logo stickers for perfume bottles. Manufactured by JTT Precision Metal with 20+ years expertise, 3M adhesive, & fast delivery. Request a free sample today!\">\n--><\/p>","protected":false},"excerpt":{"rendered":"<p>Elevate your brand with premium custom self-adhesive nickel metal logo stickers for perfume bottles. Manufactured by JTT Precision Metal with 20+ years expertise, 3M adhesive, &amp; fast delivery. Request a free sample today!<\/p>","protected":false},"featured_media":2027,"comment_status":"open","ping_status":"closed","template":"","meta":[],"product_brand":[],"product_cat":[48],"product_tag":[],"class_list":{"0":"post-4167","1":"product","2":"type-product","3":"status-publish","4":"has-post-thumbnail","6":"product_cat-nickel-metal-sticker","8":"first","9":"instock","10":"shipping-taxable","11":"product-type-simple"},"jetpack-related-posts":[],"jetpack_sharing_enabled":true,"_links":{"self":[{"href":"https:\/\/jttlogos.com\/fr\/wp-json\/wp\/v2\/product\/4167","targetHints":{"allow":["GET"]}}],"collection":[{"href":"https:\/\/jttlogos.com\/fr\/wp-json\/wp\/v2\/product"}],"about":[{"href":"https:\/\/jttlogos.com\/fr\/wp-json\/wp\/v2\/types\/product"}],"replies":[{"embeddable":true,"href":"https:\/\/jttlogos.com\/fr\/wp-json\/wp\/v2\/comments?post=4167"}],"wp:featuredmedia":[{"embeddable":true,"href":"https:\/\/jttlogos.com\/fr\/wp-json\/wp\/v2\/media\/2027"}],"wp:attachment":[{"href":"https:\/\/jttlogos.com\/fr\/wp-json\/wp\/v2\/media?parent=4167"}],"wp:term":[{"taxonomy":"product_brand","embeddable":true,"href":"https:\/\/jttlogos.com\/fr\/wp-json\/wp\/v2\/product_brand?post=4167"},{"taxonomy":"product_cat","embeddable":true,"href":"https:\/\/jttlogos.com\/fr\/wp-json\/wp\/v2\/product_cat?post=4167"},{"taxonomy":"product_tag","embeddable":true,"href":"https:\/\/jttlogos.com\/fr\/wp-json\/wp\/v2\/product_tag?post=4167"}],"curies":[{"name":"wp","href":"https:\/\/api.w.org\/{rel}","templated":true}]}}