{"id":4170,"date":"2020-07-02T07:13:30","date_gmt":"2020-07-02T07:13:30","guid":{"rendered":"https:\/\/jttlogos.com\/?post_type=product&#038;p=4170"},"modified":"2026-04-14T13:54:27","modified_gmt":"2026-04-14T13:54:27","slug":"autocollant-personnalise-en-metal-avec-logo-en-relief-autocollant-dore-estampage-a-chaud-logo-en-metal-autocollants-nicekl-pour-boite-cadeau","status":"publish","type":"product","link":"https:\/\/jttlogos.com\/fr\/product\/custom-adhesive-metal-embossed-logo-gold-sticker-hot-stamping-metal-logo-nicekl-stickers-for-gift-box\/","title":{"rendered":"Autocollants de logo en relief en m\u00e9tal adh\u00e9sif personnalis\u00e9 | D\u00e9calcomanies 3D en nickel plaqu\u00e9 or pour emballages et coffrets cadeaux"},"content":{"rendered":"<article style=\"font-family: 'Segoe UI', Tahoma, Geneva, Verdana, sans-serif; color: #333333; line-height: 1.6; max-width: 100%; margin: 0 auto; padding: 20px;\">\n<section style=\"display: flex; flex-wrap: wrap; margin-bottom: 40px; background-color: #ffffff; border: 1px solid #e0e0e0; border-radius: 8px; overflow: hidden; box-shadow: 0 4px 6px rgba(0,0,0,0.05);\">\n<div style=\"flex: 1 1 400px; padding: 30px;\">\n<h2 style=\"font-size: 28px; color: #1a1a1a; margin-top: 0; margin-bottom: 15px; line-height: 1.3;\">Autocollant personnalis\u00e9 en or avec Logo en relief en m\u00e9tal et autocollants en Nickel m\u00e9tallique d'estampage \u00e0 chaud pour bo\u00eetes cadeaux<\/h2>\n<p style=\"font-size: 16px; color: #555555; margin-bottom: 20px;\">Am\u00e9liorez l'exp\u00e9rience de d\u00e9ballage de votre marque avec Premium <strong>autocollants en m\u00e9tal \u00e9lectroform\u00e9<\/strong>. JTT Precision Metal Co., Ltd. propose des solutions de marquage m\u00e9tallique en nickel 100% ultra-minces, tr\u00e8s durables et con\u00e7ues avec pr\u00e9cision, con\u00e7ues pour les coffrets cadeaux de luxe, les produits \u00e9lectroniques et les appareils \u00e9lectrom\u00e9nagers.<\/p>\n<p><!-- Trust Indicators --><\/p>\n<ul style=\"list-style-type: none; padding-left: 0; margin-bottom: 25px; display: flex; gap: 15px; flex-wrap: wrap;\">\n<li style=\"background-color: #f0fdf4; border: 1px solid #bbf7d0; color: #166534; padding: 6px 12px; border-radius: 4px; font-size: 13px; font-weight: 600;\">\u2713 Certifi\u00e9 SGS<\/li>\n<li style=\"background-color: #f0fdf4; border: 1px solid #bbf7d0; color: #166534; padding: 6px 12px; border-radius: 4px; font-size: 13px; font-weight: 600;\">\u2713 Conforme ROHS<\/li>\n<li style=\"background-color: #f0fdf4; border: 1px solid #bbf7d0; color: #166534; padding: 6px 12px; border-radius: 4px; font-size: 13px; font-weight: 600;\">\u2713 MSDS Approved<\/li>\n<\/ul>\n<p><!-- Conversion Actions \/ CTAs --><\/p>\n<div style=\"display: flex; gap: 15px; flex-wrap: wrap;\"><a style=\"display: inline-block; padding: 14px 28px; background-color: #d4af37; color: #ffffff; text-decoration: none; border-radius: 4px; font-weight: bold; text-align: center; transition: background-color 0.3s; box-shadow: 0 2px 4px rgba(212, 175, 55, 0.4);\" href=\"mailto:fiona@jttlogo.net\">Request a Custom Quote<\/a><br \/>\n<a style=\"display: inline-block; padding: 14px 28px; background-color: #ffffff; color: #333333; text-decoration: none; border: 2px solid #d4af37; border-radius: 4px; font-weight: bold; text-align: center; transition: all 0.3s;\" href=\"https:\/\/wa.me\/8613244758861\" target=\"_blank\" rel=\"noopener\">Demander des \u00e9chantillons existants<\/a><\/div>\n<p style=\"font-size: 12px; color: #888; margin-top: 10px;\">* Paiement s\u00e9curis\u00e9 et NDA disponibles. Envoi rapide d'\u00e9chantillons en 1 jour.<\/p>\n<\/div>\n<\/section>\n<p><!-- MANUFACTURING AUTHORITY SECTION --><\/p>\n<section style=\"margin-bottom: 40px;\">\n<h2 style=\"font-size: 24px; color: #2c3e50; border-bottom: 2px solid #d4af37; padding-bottom: 8px; margin-bottom: 20px;\">Excellence manufacturi\u00e8re et expertise en production<\/h2>\n<p style=\"margin-bottom: 15px;\">Depuis plus de 20 ans, <strong>JTT Precision Metal Co., Ltd.<a style=\"color: #d4af37; text-decoration: none;\" href=\"https:\/\/jttlogos.com\/fr\/\">jttlogos.com<\/a>)<\/strong> a \u00e9t\u00e9 un fabricant de confiance direct en usine, sp\u00e9cialis\u00e9 dans <a style=\"color: #d4af37; text-decoration: none;\" href=\"https:\/\/jttlogos.com\/fr\/categorie-de-produit\/autocollant-en-metal-nickel\/\">Nickel Metal Stickers<\/a>, autocollants de logo en m\u00e9tal en acier inoxydable et autocollants de logo en m\u00e9tal 3D. Notre exp\u00e9rience pratique en mati\u00e8re de production garantit que chaque autocollant dor\u00e9 avec logo adh\u00e9sif en m\u00e9tal gaufr\u00e9 personnalis\u00e9 r\u00e9pond aux normes de qualit\u00e9 internationales strictes.<\/p>\n<p>En utilisant des techniques avanc\u00e9es de galvanoplastie, nous cr\u00e9ons des \u00e9tiquettes m\u00e9talliques d\u00e9coup\u00e9es incroyablement pr\u00e9cises. Que vous ayez besoin d'\u00e9tiquettes d'emballage en m\u00e9tal sur mesure pour le lancement d'un produit en boutique ou d'\u00e9tiquettes m\u00e9talliques adh\u00e9sives permanentes 3M en grand volume pour les appareils \u00e9lectrom\u00e9nagers, notre usine est \u00e9quip\u00e9e pour g\u00e9rer des formes g\u00e9om\u00e9triques complexes, des microtextes et des profils ultra-fins sans compromettre l'int\u00e9grit\u00e9 structurelle.<\/p>\n<p><iframe loading=\"lazy\" title=\"Autocollant d&#039;\u00e9tiquette en m\u00e9tal 3d de voiture de Nickel en m\u00e9tal auto-adh\u00e9sif fait sur commande imperm\u00e9able \u00e0 l&#039;eau autocollant d&#039;ordinateur portable de Logo en m\u00e9tal\" width=\"1020\" height=\"574\" src=\"https:\/\/www.youtube.com\/embed\/UxDT10fRCBg?feature=oembed\" frameborder=\"0\" allow=\"accelerometer; autoplay; clipboard-write; encrypted-media; gyroscope; picture-in-picture; web-share\" referrerpolicy=\"strict-origin-when-cross-origin\" allowfullscreen><\/iframe><\/p>\n<\/section>\n<p><!-- TECHNICAL DATA & EXPERTISE --><\/p>\n<section style=\"margin-bottom: 40px;\">\n<h2 style=\"font-size: 24px; color: #2c3e50; border-bottom: 2px solid #d4af37; padding-bottom: 8px; margin-bottom: 20px;\">Sp\u00e9cifications techniques compl\u00e8tes<\/h2>\n<div style=\"background-color: #f8f9fa; padding: 20px; border-left: 5px solid #d4af37; margin-bottom: 25px; border-radius: 0 4px 4px 0;\">\n<p style=\"margin: 0; font-size: 15px;\"><strong>Point culminant de l'expertise\u00a0:<\/strong> Contrairement aux \u00e9tiquettes imprim\u00e9es standards, nos autocollants m\u00e9talliques personnalis\u00e9s 3D sont dot\u00e9s d'une technique de galvanoplastie raffin\u00e9e, produisant une composition de nickel pur 100%. Cela garantit une excellente r\u00e9sistance \u00e0 la corrosion et un \u00e9clat m\u00e9tallique authentique que la feuille de marquage \u00e0 chaud ne peut \u00e0 elle seule reproduire.<\/p>\n<\/div>\n<div style=\"overflow-x: auto;\">\n<table style=\"width: 100%; border-collapse: collapse; min-width: 600px; font-size: 15px; border: 1px solid #e0e0e0; box-shadow: 0 1px 3px rgba(0,0,0,0.05);\">\n<thead>\n<tr style=\"background-color: #2c3e50; color: #ffffff; text-align: left;\">\n<th style=\"padding: 12px 15px; border: 1px solid #e0e0e0;\">Param\u00e8tre de sp\u00e9cification<\/th>\n<th style=\"padding: 12px 15px; border: 1px solid #e0e0e0;\">D\u00e9tail \/ Valeur<\/th>\n<\/tr>\n<\/thead>\n<tbody>\n<tr style=\"background-color: #ffffff;\">\n<td style=\"padding: 12px 15px; border: 1px solid #e0e0e0; font-weight: bold;\">Mat\u00e9riau de base<\/td>\n<td style=\"padding: 12px 15px; border: 1px solid #e0e0e0;\">100% Nickel pur m\u00e9tal<\/td>\n<\/tr>\n<tr style=\"background-color: #fbfbfb;\">\n<td style=\"padding: 12px 15px; border: 1px solid #e0e0e0; font-weight: bold;\">Technique de fabrication<\/td>\n<td style=\"padding: 12px 15px; border: 1px solid #e0e0e0;\">Galvanoplastie de pr\u00e9cision<\/td>\n<\/tr>\n<tr style=\"background-color: #ffffff;\">\n<td style=\"padding: 12px 15px; border: 1px solid #e0e0e0; font-weight: bold;\">Plage d'\u00e9paisseur<\/td>\n<td style=\"padding: 12px 15px; border: 1px solid #e0e0e0;\">0,045 mm \u2013 0,12 mm (profil ultra-fin)<\/td>\n<\/tr>\n<tr style=\"background-color: #fbfbfb;\">\n<td style=\"padding: 12px 15px; border: 1px solid #e0e0e0; font-weight: bold;\">Tol\u00e9rance dimensionnelle<\/td>\n<td style=\"padding: 12px 15px; border: 1px solid #e0e0e0;\">\u00b10,05 mm pour un ajustement pr\u00e9cis sur les \u00e9videments du produit<\/td>\n<\/tr>\n<tr style=\"background-color: #ffffff;\">\n<td style=\"padding: 12px 15px; border: 1px solid #e0e0e0; font-weight: bold;\">Taille et forme<\/td>\n<td style=\"padding: 12px 15px; border: 1px solid #e0e0e0;\">Enti\u00e8rement personnalis\u00e9 \u2014 D\u00e9coup\u00e9 selon vos besoins sp\u00e9cifiques en mati\u00e8re d'illustration<\/td>\n<\/tr>\n<tr style=\"background-color: #fbfbfb;\">\n<td style=\"padding: 12px 15px; border: 1px solid #e0e0e0; font-weight: bold;\">Finitions de couleur<\/td>\n<td style=\"padding: 12px 15px; border: 1px solid #e0e0e0;\">Or, argent, or rose, noir, chrome, correspondance Pantone personnalis\u00e9e via rev\u00eatement PVD<\/td>\n<\/tr>\n<tr style=\"background-color: #ffffff;\">\n<td style=\"padding: 12px 15px; border: 1px solid #e0e0e0; font-weight: bold;\">Solutions adh\u00e9sives<\/td>\n<td style=\"padding: 12px 15px; border: 1px solid #e0e0e0;\">Adh\u00e9sif 3M (par exemple, 3M 467MP\/468MP), colle thermofusible 3M, autocollant double face \u00e0 haute adh\u00e9rence<\/td>\n<\/tr>\n<tr style=\"background-color: #fbfbfb;\">\n<td style=\"padding: 12px 15px; border: 1px solid #e0e0e0; font-weight: bold;\">Temp\u00e9rature de fonctionnement<\/td>\n<td style=\"padding: 12px 15px; border: 1px solid #e0e0e0;\">-40\u00b0C \u00e0 +85\u00b0C (Maintient la force d'adh\u00e9sion sous contrainte thermique)<\/td>\n<\/tr>\n<tr style=\"background-color: #ffffff;\">\n<td style=\"padding: 12px 15px; border: 1px solid #e0e0e0; font-weight: bold;\">Certifications<\/td>\n<td style=\"padding: 12px 15px; border: 1px solid #e0e0e0;\">SGS, ROHS, MSDS (mat\u00e9riaux respectueux de l'environnement)<\/td>\n<\/tr>\n<\/tbody>\n<\/table>\n<\/div>\n<\/section>\n<p><!-- PRODUCT PERFORMANCE & QUALITY ASSURANCE --><\/p>\n<section style=\"margin-bottom: 40px;\">\n<h2><img data-recalc-dims=\"1\" decoding=\"async\" class=\"alignnone wp-image-1418\" src=\"https:\/\/i0.wp.com\/jttlogos.com\/wp-content\/uploads\/2020\/05\/95.jpg?resize=483%2C483&#038;ssl=1\" alt=\"Autocollants de logo en relief en m\u00e9tal adh\u00e9sif personnalis\u00e9\" width=\"483\" height=\"483\" title=\"\"><\/h2>\n<h2 style=\"font-size: 24px; color: #2c3e50; border-bottom: 2px solid #d4af37; padding-bottom: 8px; margin-bottom: 20px;\">Force d'adh\u00e9rence et durabilit\u00e9 in\u00e9gal\u00e9es<\/h2>\n<p style=\"margin-bottom: 15px;\">La long\u00e9vit\u00e9 des plaques logo personnalis\u00e9es par galvanoplastie d\u00e9pend fortement du support adh\u00e9sif. Nous nous approvisionnons en produits authentiques <strong>Adh\u00e9sifs 3M<\/strong> connus pour leur extr\u00eame r\u00e9sistance au cisaillement et aux produits chimiques. En fonction de votre support (qu'il s'agisse d'une coque de t\u00e9l\u00e9phone portable textur\u00e9e, d'une surface en verre lisse ou d'un emballage cadeau en carton poreux), nous adaptons le type d'adh\u00e9sif :<\/p>\n<ul style=\"margin-bottom: 20px; line-height: 1.8;\">\n<li><strong>Autocollant double face (3M 467MP\/468MP)\u00a0:<\/strong> Id\u00e9al pour les plastiques lisses, les m\u00e9taux et le verre. Fournit une application propre et sans r\u00e9sidus avec une excellente r\u00e9sistance aux UV et \u00e0 l\u2019humidit\u00e9.<\/li>\n<li><strong>Colle thermofusible 3M\u00a0:<\/strong> Sp\u00e9cifiquement recommand\u00e9 pour le marquage m\u00e9tallique du tissu, du cuir v\u00e9ritable ou des coffrets cadeaux de luxe sp\u00e9cialis\u00e9s o\u00f9 l'application de chaleur garantit une liaison permanente et transparente.<\/li>\n<\/ul>\n<p>Once applied, these waterproof metal transfer stickers offer superior resistance against daily wear and tear, hand oils, and mild cleaning solvents.<\/p>\n<\/section>\n<p><!-- TRANSACTIONAL TRUST: PRICING, MOQs, AND POLICIES --><\/p>\n<section id=\"trust-policies\" style=\"margin-bottom: 40px; background-color: #ffffff; border: 1px solid #e0e0e0; border-radius: 8px; padding: 25px; box-shadow: 0 4px 6px rgba(0,0,0,0.05);\">\n<h2 style=\"font-size: 24px; color: #2c3e50; border-bottom: 2px solid #d4af37; padding-bottom: 8px; margin-bottom: 20px;\">Conseils de tarification B2B, MOQ et politiques<\/h2>\n<div style=\"display: grid; grid-template-columns: repeat(auto-fit, minmax(300px, 1fr)); gap: 20px;\">\n<div style=\"background-color: #f9f9f9; padding: 15px; border-radius: 6px;\">\n<h3 style=\"font-size: 18px; color: #1a1a1a; margin-top: 0;\">Transparence des prix et MOQ<\/h3>\n<p style=\"font-size: 14px; margin-bottom: 10px;\">\u00c9tant donn\u00e9 que chaque logo m\u00e9tallique estamp\u00e9 \u00e0 chaud est con\u00e7u sur mesure, les prix sont \u00e9chelonn\u00e9s en fonction de la taille, de la complexit\u00e9 des couleurs et du volume.<\/p>\n<ul style=\"font-size: 14px; padding-left: 20px; margin-bottom: 0;\">\n<li><strong>Prix \u200b\u200bestim\u00e9\u00a0:<\/strong>\u00a0 D\u00e9pend de la taille et de l'\u00e9paisseur de l'autocollant m\u00e9tallique<\/li>\n<li><strong>Minimum Order Quantity (MOQ):<\/strong> Nous proposons un MOQ flexible \u00e0 partir de seulement 500 pi\u00e8ces pour les conceptions standard afin de prendre en charge \u00e0 la fois les marques de boutique et les grandes entreprises.<\/li>\n<\/ul>\n<\/div>\n<div style=\"background-color: #f9f9f9; padding: 15px; border-radius: 6px;\">\n<h3 style=\"font-size: 18px; color: #1a1a1a; margin-top: 0;\">M\u00e9thodes de paiement s\u00e9curis\u00e9es<\/h3>\n<p style=\"font-size: 14px; margin-bottom: 10px;\">We offer comprehensive and secure payment options to protect your transaction:<\/p>\n<ul style=\"font-size: 14px; padding-left: 20px; margin-bottom: 0;\">\n<li>Commande d'assurance commerciale d'Alibaba<\/li>\n<li>T\/T (d\u00e9p\u00f4t 30%, solde avant livraison)<\/li>\n<li>L\/C (Lettres de cr\u00e9dit pour les commandes group\u00e9es)<\/li>\n<li>Carte de cr\u00e9dit, PayPal, Western Union, virement bancaire<\/li>\n<\/ul>\n<\/div>\n<div style=\"background-color: #f9f9f9; padding: 15px; border-radius: 6px;\">\n<h3 style=\"font-size: 18px; color: #1a1a1a; margin-top: 0;\">Politique de livraison et d'\u00e9chantillon<\/h3>\n<ul style=\"font-size: 14px; padding-left: 20px; margin-bottom: 0;\">\n<li><strong>Free Existing Samples:<\/strong> Exp\u00e9di\u00e9 en 1 jour pour r\u00e9f\u00e9rence de qualit\u00e9 (l'acheteur couvre l'exp\u00e9dition).<\/li>\n<li><strong>\u00c9chantillons personnalis\u00e9s\u00a0:<\/strong> Quick 3-5 days turnaround for custom prototyping.<\/li>\n<li><strong>Production de masse\u00a0:<\/strong> D\u00e9pend de la quantit\u00e9 command\u00e9e (g\u00e9n\u00e9ralement 7 \u00e0 12 jours ouvrables).<\/li>\n<li><strong>Exp\u00e9dition:<\/strong> Livraison mondiale via DHL, UPS, Air Freight ou Sea Cargo dans un emballage de protection OPP.<\/li>\n<\/ul>\n<\/div>\n<\/div>\n<\/section>\n<p><!-- WIDE RANGE OF APPLICATIONS --><\/p>\n<section style=\"margin-bottom: 40px;\">\n<h2 style=\"font-size: 24px; color: #2c3e50; border-bottom: 2px solid #d4af37; padding-bottom: 8px; margin-bottom: 20px;\">Applications industrielles polyvalentes<\/h2>\n<p style=\"margin-bottom: 15px;\">Le profil ultra-mince de 0,045 \u00e0 0,12 mm de nos autocollants de marque en m\u00e9tal fin leur permet de s'appuyer contre les surfaces, offrant un aspect int\u00e9gr\u00e9 sans qu'il soit n\u00e9cessaire de modifier l'outillage du produit. Nos autocollants en nickel personnalis\u00e9s de haute qualit\u00e9 sont tr\u00e8s recherch\u00e9s dans plusieurs secteurs\u00a0:<\/p>\n<ul style=\"display: grid; grid-template-columns: repeat(auto-fit, minmax(250px, 1fr)); gap: 15px; list-style: none; padding: 0;\">\n<li style=\"background: #fdfdfd; border: 1px solid #eaeaea; padding: 15px; border-radius: 6px;\">\ud83d\udcf1 <strong>Mobile et \u00e9lectronique\u00a0:<\/strong> T\u00e9l\u00e9phones portables, \u00e9tuis de t\u00e9l\u00e9phone, ordinateurs portables et autocollants personnalis\u00e9s avec logo en acier inoxydable pour \u00e9quipements audio.<\/li>\n<li style=\"background: #fdfdfd; border: 1px solid #eaeaea; padding: 15px; border-radius: 6px;\">\ud83c\udf81 <strong>Emballage de luxe\u00a0:<\/strong> Coffrets cosm\u00e9tiques haut de gamme, emballages de bijoux, bouteilles de vin et coffrets cadeaux sur mesure.<\/li>\n<li style=\"background: #fdfdfd; border: 1px solid #eaeaea; padding: 15px; border-radius: 6px;\">\ud83c\udfe0 <strong>Appareils \u00e9lectrom\u00e9nagers\u00a0:<\/strong> R\u00e9frig\u00e9rateurs, cafeti\u00e8res et hubs de maison intelligente n\u00e9cessitant des \u00e9tiquettes m\u00e9talliques r\u00e9sistantes \u00e0 la chaleur.<\/li>\n<li style=\"background: #fdfdfd; border: 1px solid #eaeaea; padding: 15px; border-radius: 6px;\">\ud83d\ude97 <strong>Automobile et machines\u00a0:<\/strong> Insignes int\u00e9rieurs de voiture, autocollants de tableau de bord et plaques d'identification de machines durables.<\/li>\n<\/ul>\n<\/section>\n<p><!-- ORDERING PROCESS & ARTWORK --><\/p>\n<section style=\"margin-bottom: 40px;\">\n<h2 style=\"font-size: 24px; color: #2c3e50; border-bottom: 2px solid #d4af37; padding-bottom: 8px; margin-bottom: 20px;\">Processus rationalis\u00e9 de personnalisation et de cr\u00e9ation d'illustrations<\/h2>\n<p style=\"margin-bottom: 15px;\">Nous simplifions les achats B2B. Pour lancer la production, soumettez simplement votre illustration vectorielle. Notre \u00e9quipe de production examine chaque fichier pour garantir que les moindres d\u00e9tails peuvent \u00eatre galvanis\u00e9s avec succ\u00e8s.<\/p>\n<div style=\"background-color: #f4f6f8; padding: 20px; border-radius: 8px;\">\n<p style=\"margin-top: 0; font-weight: bold; color: #2c3e50;\">Formats d'\u0153uvres d'art accept\u00e9s\u00a0:<\/p>\n<p style=\"margin-bottom: 15px;\">AI (Adobe Illustrator), PDF, CDR (CorelDRAW), CAO ou autres formats vectoriels haute r\u00e9solution.<\/p>\n<p style=\"margin-top: 0; font-weight: bold; color: #2c3e50;\">Promesse de contr\u00f4le de qualit\u00e9 et politique de retour\u00a0:<\/p>\n<p style=\"margin-bottom: 0;\">Toutes les pi\u00e8ces sont soumises \u00e0 un processus de contr\u00f4le qualit\u00e9 rigoureux en 3 \u00e9tapes (pr\u00e9-production, en ligne et pr\u00e9-exp\u00e9dition) conform\u00e9ment aux normes SGS. Dans les rares cas de d\u00e9faut de fabrication, notre politique de garantie compl\u00e8te garantit le remplacement ou le remboursement. Contactez votre responsable de compte d\u00e9di\u00e9 pour conna\u00eetre toutes les conditions de garantie.<\/p>\n<\/div>\n<\/section>\n<p><!-- FREQUENTLY ASKED QUESTIONS --><\/p>\n<section style=\"margin-bottom: 40px;\">\n<h2 style=\"font-size: 24px; color: #2c3e50; border-bottom: 2px solid #d4af37; padding-bottom: 8px; margin-bottom: 20px;\">Foire aux questions (FAQ)<\/h2>\n<details style=\"margin-bottom: 15px; background-color: #ffffff; border: 1px solid #ddd; border-radius: 4px; overflow: hidden;\" open=\"open\">\n<summary style=\"padding: 15px; background-color: #f9f9f9; font-weight: bold; cursor: pointer; user-select: none;\">Ces autocollants en m\u00e9tal nickel sont-ils faciles \u00e0 appliquer ?<\/summary>\n<div style=\"padding: 15px; border-top: 1px solid #ddd; font-size: 15px; color: #555;\">Oui. Ils sont pr\u00e9-appliqu\u00e9s sur une bande de transfert transparente. Il vous suffit de nettoyer la surface cible, de d\u00e9coller le support, d'appuyer fermement sur l'autocollant et de d\u00e9coller lentement le film protecteur sup\u00e9rieur, ne laissant derri\u00e8re vous que l'autocollant dor\u00e9 avec logo adh\u00e9sif en m\u00e9tal gaufr\u00e9 personnalis\u00e9.<\/div>\n<\/details>\n<details style=\"margin-bottom: 15px; background-color: #ffffff; border: 1px solid #ddd; border-radius: 4px; overflow: hidden;\" open=\"open\">\n<summary style=\"padding: 15px; background-color: #f9f9f9; font-weight: bold; cursor: pointer; user-select: none;\">La galvanoplastie de l\u2019or va-t-elle s\u2019estomper avec le temps ?<\/summary>\n<div style=\"padding: 15px; border-top: 1px solid #ddd; font-size: 15px; color: #555;\">Non, nous utilisons un proc\u00e9d\u00e9 de galvanoplastie de qualit\u00e9 sup\u00e9rieure sur du nickel pur 100%. Cela garantit une excellente r\u00e9sistance \u00e0 l\u2019oxydation et \u00e0 la corrosion. La finition vibrante en or, argent ou or rose conservera son \u00e9clat m\u00eame avec une manipulation r\u00e9guli\u00e8re, surpassant les autocollants imprim\u00e9s ou d\u00e9jou\u00e9s standard.<\/div>\n<\/details>\n<details style=\"margin-bottom: 15px; background-color: #ffffff; border: 1px solid #ddd; border-radius: 4px; overflow: hidden;\" open=\"open\">\n<summary style=\"padding: 15px; background-color: #f9f9f9; font-weight: bold; cursor: pointer; user-select: none;\">Puis-je commander des formes personnalis\u00e9es qui ne sont ni des carr\u00e9s ni des cercles ?<\/summary>\n<div style=\"padding: 15px; border-top: 1px solid #ddd; font-size: 15px; color: #555;\">Absolutely. Because these are die-cut metallic labels, the Electroplating technique allows us to isolate independent letters or intricate brand logos without needing a solid background shape.<\/div>\n<\/details>\n<\/section>\n<p><!-- BOTTOM CTA SECTION --><\/p>\n<section style=\"text-align: center; padding: 40px 20px; background-color: #2c3e50; color: #ffffff; border-radius: 8px;\">\n<h3 style=\"font-size: 22px; margin-top: 0; margin-bottom: 15px;\">Pr\u00eat \u00e0 rehausser l'emballage de vos produits\u00a0?<\/h3>\n<p style=\"font-size: 16px; margin-bottom: 25px; color: #dcdcdc;\">Get in touch today to discuss your project specifications. Send your artwork for a free design proof and quotation within 24 hours.<\/p>\n<p style=\"font-size: 16px; margin-bottom: 25px; color: #dcdcdc;\"><a style=\"display: inline-block; padding: 15px 30px; background-color: transparent; color: #ffffff; text-decoration: none; border: 2px solid #ffffff; border-radius: 4px; font-weight: bold; font-size: 16px; margin: 0 10px; transition: background-color 0.3s;\" href=\"https:\/\/jttlogos.com\/fr\/contactez-nous\/\">Contacter l'\u00e9quipe commerciale<\/a><\/p>\n<\/section>\n<\/article>","protected":false},"excerpt":{"rendered":"<p>\u00c9levez votre marque avec des autocollants dor\u00e9s avec logo adh\u00e9sif en m\u00e9tal gaufr\u00e9 personnalis\u00e9. Nous proposons des autocollants 3D en nickel 100% ultra fins et durables avec un adh\u00e9sif 3M de qualit\u00e9 sup\u00e9rieure pour les coffrets cadeaux et les appareils \u00e9lectroniques. \u00c9chantillonnage rapide et certifi\u00e9 SGS. Demandez un devis d\u00e8s aujourd'hui\u00a0!<\/p>","protected":false},"featured_media":2054,"comment_status":"open","ping_status":"closed","template":"","meta":[],"product_brand":[],"product_cat":[48],"product_tag":[],"class_list":{"0":"post-4170","1":"product","2":"type-product","3":"status-publish","4":"has-post-thumbnail","6":"product_cat-nickel-metal-sticker","8":"first","9":"instock","10":"shipping-taxable","11":"product-type-simple"},"jetpack-related-posts":[],"jetpack_sharing_enabled":true,"_links":{"self":[{"href":"https:\/\/jttlogos.com\/fr\/wp-json\/wp\/v2\/product\/4170","targetHints":{"allow":["GET"]}}],"collection":[{"href":"https:\/\/jttlogos.com\/fr\/wp-json\/wp\/v2\/product"}],"about":[{"href":"https:\/\/jttlogos.com\/fr\/wp-json\/wp\/v2\/types\/product"}],"replies":[{"embeddable":true,"href":"https:\/\/jttlogos.com\/fr\/wp-json\/wp\/v2\/comments?post=4170"}],"wp:featuredmedia":[{"embeddable":true,"href":"https:\/\/jttlogos.com\/fr\/wp-json\/wp\/v2\/media\/2054"}],"wp:attachment":[{"href":"https:\/\/jttlogos.com\/fr\/wp-json\/wp\/v2\/media?parent=4170"}],"wp:term":[{"taxonomy":"product_brand","embeddable":true,"href":"https:\/\/jttlogos.com\/fr\/wp-json\/wp\/v2\/product_brand?post=4170"},{"taxonomy":"product_cat","embeddable":true,"href":"https:\/\/jttlogos.com\/fr\/wp-json\/wp\/v2\/product_cat?post=4170"},{"taxonomy":"product_tag","embeddable":true,"href":"https:\/\/jttlogos.com\/fr\/wp-json\/wp\/v2\/product_tag?post=4170"}],"curies":[{"name":"wp","href":"https:\/\/api.w.org\/{rel}","templated":true}]}}