{"id":103,"date":"2018-03-06T09:12:47","date_gmt":"2018-03-06T09:12:47","guid":{"rendered":"https:\/\/xml-io.proteusthemes.com\/woondershop-amazon\/?page_id=103"},"modified":"2026-04-14T00:57:56","modified_gmt":"2026-04-14T00:57:56","slug":"chi-siamo","status":"publish","type":"page","link":"https:\/\/jttlogos.com\/it\/about-us\/","title":{"rendered":"Chi siamo"},"content":{"rendered":"<div id=\"page-header-245546759\" class=\"page-header-wrapper\">\n  <div class=\"page-title dark featured-title\">\n\n        <div class=\"page-title-bg\">\n      <div class=\"title-bg fill bg-fill\"\n        data-parallax-container=\".page-title\"\n        data-parallax-background\n data-parallax=\"-\">\n      <\/div>\n      <div class=\"title-overlay fill\"><\/div>\n    <\/div>\n    \n    <div class=\"page-title-inner container align-center text-center flex-row-col medium-flex-wrap\" >\n              <div class=\"title-wrapper flex-col\">\n          <h1 class=\"entry-title mb-0\">\n            Loghi JTT          <\/h1>\n        <\/div>\n                <div class=\"page-title-sub op-7 flex-col\">\n          <p class=\"lead\">Adesivi con logo metallico personalizzato professionale<\/p>\n        <\/div>\n                    <div class=\"title-content flex-col\">\n        <ul class=\"nav sm-touch-scroll nav-line nav-uppercase text-center nav-center\"><li class=\"nav-single-page hidden\"><\/li><\/ul>      <\/div>\n    <\/div>\n\n     \n<style>\n#page-header-245546759 .page-title-inner {\n  min-height: 300px;\n}\n#page-header-245546759 .title-bg {\n  background-image: url(https:\/\/jttlogos.com\/wp-content\/uploads\/2023\/12\/\u4e2d\u7684\u4f4d\u56fe-\u8c03\u6574-\u5355\u9762540x360mm.jpg);\n  background-position: 54% 80%;\n}\n#page-header-245546759 .title-overlay {\n  background-color: rgba(0, 0, 0, 0.5);\n}\n<\/style>\n  <\/div>\n    <\/div>\n  \n\t<section class=\"section\" id=\"section_650685512\">\n\t\t<div class=\"bg section-bg fill bg-fill  bg-loaded\" >\n\n\t\t\t\n\t\t\t\n\t\t\t\n\n\t\t<\/div>\n\n\t\t\n\n\t\t<div class=\"section-content relative\">\n\t\t\t\n<div class=\"row\"  id=\"row-1463983604\">\n\n\t<div id=\"col-1174935431\" class=\"col small-12 large-12\"  >\n\t\t\t\t<div class=\"col-inner\" style=\"background-color:rgb(255,255,255);\" >\n\t\t\t\n\t\t\t\n<div class=\"text-center\"><div class=\"is-divider divider clearfix\" style=\"margin-top:10px;margin-bottom:10px;background-color:rgba(0, 0, 0, 0.16);\"><\/div><\/div>\n<div class=\"row row-full-width align-center\"  id=\"row-540471634\">\n\n\t<div id=\"col-61816058\" class=\"col medium-9 small-10 large-10\"  >\n\t\t\t\t<div class=\"col-inner text-center\"  >\n\t\t\t\n\t\t\t\n<h2>Migliora il tuo marchio con gli adesivi personalizzati con logo in metallo di Jttlogos<\/h2>\n<p>Jttlogos is a leading manufacturer of customized metal logo stickers, with 20 years of expertise in providing high-quality and innovative solutions for branding needs. Our competitive pricing, strong R&amp;D team, and commitment to customer satisfaction make us the ideal partner for elevating your brand presence.<\/p>\n<a class=\"button secondary\"  style=\"border-radius:4px;\">\n    <span>La nostra storia<\/span>\n  <\/a>\n\n\t\t<\/div>\n\t\t\t\t\n<style>\n#col-61816058 > .col-inner {\n  margin: 20px 0px 20px 0px;\n}\n<\/style>\n\t<\/div>\n\n\t\n<\/div>\n\t\t<\/div>\n\t\t\t\t\n<style>\n#col-1174935431 > .col-inner {\n  padding: 50px 0px 0px 0px;\n  margin: -70px 0px 0px 0px;\n}\n<\/style>\n\t<\/div>\n\n\t\n<\/div>\n\t\t<\/div>\n\n\t\t\n<style>\n#section_650685512 {\n  padding-top: 30px;\n  padding-bottom: 30px;\n}\n<\/style>\n\t<\/section>\n\t\n\t<section class=\"section\" id=\"section_1386304300\">\n\t\t<div class=\"bg section-bg fill bg-fill  bg-loaded\" >\n\n\t\t\t\n\t\t\t\n\t\t\t\n\n\t\t<\/div>\n\n\t\t\n\n\t\t<div class=\"section-content relative\">\n\t\t\t\n<div class=\"row align-center\"  id=\"row-1146786535\">\n\n\t<div id=\"col-705681810\" class=\"col medium-11 small-12 large-10\"  >\n\t\t\t\t<div class=\"col-inner\"  >\n\t\t\t\n\t\t\t\n<h2>Leader negli adesivi personalizzati con logo in metallo <\/h2>\n<p>Con precisione e competenza senza rivali, JTT Precision Metal Co., Ltd. stabilisce lo standard nella realizzazione di adesivi con logo in metallo su misura per le tue esigenze di branding.<\/p>\n\t\t<\/div>\n\t\t\t\t\t<\/div>\n\n\t\n\n<style>\n#row-1146786535 > .col > .col-inner {\n  padding: 50px 0px 20px 0px;\n}\n@media (min-width:550px) {\n  #row-1146786535 > .col > .col-inner {\n    padding: 100px 0px 50px 0px;\n  }\n}\n<\/style>\n<\/div>\n<div class=\"row align-center\"  id=\"row-440647200\">\n\n\t<div id=\"col-1373147878\" class=\"col medium-11 small-12 large-10\"  >\n\t\t\t\t<div class=\"col-inner\"  >\n\t\t\t\n\t\t\t\n<div class=\"row row-large align-middle\"  id=\"row-451239975\">\n\n\t<div id=\"col-1905171086\" class=\"col medium-4 small-12 large-6\"  >\n\t\t\t\t<div class=\"col-inner\"  >\n\t\t\t\n\t\t\t\n\n  <div class=\"banner has-hover\" id=\"banner-1253618474\">\n          <div class=\"banner-inner fill\">\n        <div class=\"banner-bg fill\" >\n            <div class=\"bg fill bg-fill\"><\/div>\n                                    \n                    <\/div>\n\t\t\n        <div class=\"banner-layers container\">\n            <div class=\"fill banner-link\"><\/div>            \n   <div id=\"text-box-1599868084\" class=\"text-box banner-layer x50 md-x50 lg-x50 y50 md-y50 lg-y50 res-text\">\n                                <div class=\"text-box-content text dark\">\n              \n              <div class=\"text-inner text-center\">\n                  \n              <\/div>\n           <\/div>\n                            \n<style>\n#text-box-1599868084 {\n  width: 60%;\n}\n#text-box-1599868084 .text-box-content {\n  font-size: 100%;\n}\n@media (min-width:550px) {\n  #text-box-1599868084 {\n    width: 60%;\n  }\n}\n<\/style>\n    <\/div>\n \n        <\/div>\n      <\/div>\n\n            \n<style>\n#banner-1253618474 {\n  padding-top: 99.99%;\n}\n#banner-1253618474 .bg.bg-loaded {\n  background-image: url(https:\/\/i0.wp.com\/jttlogos.com\/wp-content\/uploads\/2020\/05\/about-2.jpg?fit=640%2C360&ssl=1);\n}\n@media (min-width:550px) {\n  #banner-1253618474 {\n    padding-top: 99.99%;\n  }\n}\n<\/style>\n  <\/div>\n\n\n\t\t<\/div>\n\t\t\t\t\t<\/div>\n\n\t\n\n\t<div id=\"col-1293412566\" class=\"col medium-8 small-12 large-6\"  >\n\t\t\t\t<div class=\"col-inner\"  >\n\t\t\t\n\t\t\t\n<h3><strong>CHI SIAMO?<\/strong><\/h3>\n<p><a href=\"https:\/\/jttlogos.com\/it\/\" data-abc=\"true\">JTT<\/a>\u00a0\u00e8 un produttore di prodotti personalizzati\u00a0<a href=\"https:\/\/jttlogos.com\/it\/categoria-di-prodotto\/metal-nickel-sticker\/\" data-abc=\"true\">Adesivi con logo in metallo nichel<\/a>,\u00a0<a href=\"https:\/\/jttlogos.com\/it\/categoria-di-prodotto\/stainless-steel-sticker\/\" data-abc=\"true\">Adesivi con logo in metallo in acciaio inossidabile<\/a>,\u00a0<a href=\"https:\/\/jttlogos.com\/it\/categoria-di-prodotto\/3d-sticker\/\" data-abc=\"true\">Adesivi con logo in metallo 3D<\/a>, specializzata in questo settore da oltre 14 anni.<\/p>\n\t\t<\/div>\n\t\t\t\t\t<\/div>\n\n\t\n<\/div>\n<div class=\"row row-large align-middle\"  id=\"row-774705353\">\n\n\t<div id=\"col-1402449735\" class=\"col medium-8 small-12 large-6\"  >\n\t\t\t\t<div class=\"col-inner\"  >\n\t\t\t\n\t\t\t\n<h3><strong>ALTA QUALIT\u00c0 E PERSONALIZZABILE<\/strong><\/h3>\n<p>JTT \u00e8 il tuo partner ideale, siamo appassionati nel fornirti adesivi metallici di alta qualit\u00e0 e personalizzabili di diversi tipi. Siamo molto orgogliosi di servire tutti gli aspetti del business e dell\u2019industria.<\/p>\n\t\t<\/div>\n\t\t\t\t\t<\/div>\n\n\t\n\n\t<div id=\"col-1545209570\" class=\"col medium-4 small-12 large-6 medium-col-first\"  >\n\t\t\t\t<div class=\"col-inner\"  >\n\t\t\t\n\t\t\t\n\n  <div class=\"banner has-hover\" id=\"banner-1877340322\">\n          <div class=\"banner-inner fill\">\n        <div class=\"banner-bg fill\" >\n            <div class=\"bg fill bg-fill\"><\/div>\n                                    \n                    <\/div>\n\t\t\n        <div class=\"banner-layers container\">\n            <div class=\"fill banner-link\"><\/div>            \n   <div id=\"text-box-25150075\" class=\"text-box banner-layer x50 md-x50 lg-x50 y50 md-y50 lg-y50 res-text\">\n                                <div class=\"text-box-content text dark\">\n              \n              <div class=\"text-inner text-center\">\n                  \n              <\/div>\n           <\/div>\n                            \n<style>\n#text-box-25150075 {\n  width: 60%;\n}\n#text-box-25150075 .text-box-content {\n  font-size: 100%;\n}\n@media (min-width:550px) {\n  #text-box-25150075 {\n    width: 60%;\n  }\n}\n<\/style>\n    <\/div>\n \n        <\/div>\n      <\/div>\n\n            \n<style>\n#banner-1877340322 {\n  padding-top: 99.99%;\n}\n#banner-1877340322 .bg.bg-loaded {\n  background-image: url(https:\/\/i0.wp.com\/jttlogos.com\/wp-content\/uploads\/2020\/05\/about-1.jpg?fit=640%2C360&ssl=1);\n}\n@media (min-width:550px) {\n  #banner-1877340322 {\n    padding-top: 99.99%;\n  }\n}\n<\/style>\n  <\/div>\n\n\n\t\t<\/div>\n\t\t\t\t\t<\/div>\n\n\t\n<\/div>\n\t\t<\/div>\n\t\t\t\t\t<\/div>\n\n\t\n<\/div>\n<div class=\"row align-center\"  id=\"row-911122956\">\n\n\t<div id=\"col-1788530425\" class=\"col medium-11 small-12 large-10\"  >\n\t\t\t\t<div class=\"col-inner\"  >\n\t\t\t\n\t\t\t\n<div class=\"row row-large align-middle\"  id=\"row-1403910097\">\n\n\t<div id=\"col-493935789\" class=\"col medium-4 small-12 large-6\"  >\n\t\t\t\t<div class=\"col-inner\"  >\n\t\t\t\n\t\t\t\n\n  <div class=\"banner has-hover\" id=\"banner-414831563\">\n          <div class=\"banner-inner fill\">\n        <div class=\"banner-bg fill\" >\n            <div class=\"bg fill bg-fill\"><\/div>\n                                    \n                    <\/div>\n\t\t\n        <div class=\"banner-layers container\">\n            <div class=\"fill banner-link\"><\/div>            \n   <div id=\"text-box-926015266\" class=\"text-box banner-layer x50 md-x50 lg-x50 y50 md-y50 lg-y50 res-text\">\n                                <div class=\"text-box-content text dark\">\n              \n              <div class=\"text-inner text-center\">\n                  \n              <\/div>\n           <\/div>\n                            \n<style>\n#text-box-926015266 {\n  width: 60%;\n}\n#text-box-926015266 .text-box-content {\n  font-size: 100%;\n}\n@media (min-width:550px) {\n  #text-box-926015266 {\n    width: 60%;\n  }\n}\n<\/style>\n    <\/div>\n \n        <\/div>\n      <\/div>\n\n            \n<style>\n#banner-414831563 {\n  padding-top: 99.99%;\n}\n#banner-414831563 .bg.bg-loaded {\n  background-image: url(https:\/\/i0.wp.com\/jttlogos.com\/wp-content\/uploads\/2020\/05\/about-4.jpg?fit=640%2C426&ssl=1);\n}\n@media (min-width:550px) {\n  #banner-414831563 {\n    padding-top: 99.99%;\n  }\n}\n<\/style>\n  <\/div>\n\n\n\t\t<\/div>\n\t\t\t\t\t<\/div>\n\n\t\n\n\t<div id=\"col-178762990\" class=\"col medium-8 small-12 large-6\"  >\n\t\t\t\t<div class=\"col-inner\"  >\n\t\t\t\n\t\t\t\n<h3><strong>SOLUZIONI PER LOGO PROFESSIONALI<\/strong><\/h3>\n<p>Non importa quanto sia complicato il modello o il logo, purch\u00e9 tu abbia il coraggio di pensare, possiamo farcela tutti! Se vuoi promuovere il tuo marchio o design, siamo qui per servirti!<\/p>\n\t\t<\/div>\n\t\t\t\t\t<\/div>\n\n\t\n<\/div>\n<div class=\"row row-large align-middle\"  id=\"row-390650685\">\n\n\t<div id=\"col-1607003384\" class=\"col medium-8 small-12 large-6\"  >\n\t\t\t\t<div class=\"col-inner\"  >\n\t\t\t\n\t\t\t\n<h3><strong>COME POSSIAMO AIUTARTI?<\/strong><\/h3>\n<p>* Fornire risposte professionali a qualsiasi domanda<br \/>*Buon servizio post-vendita<br \/>*Aiutarti a svilupparti meglio e a conquistare pi\u00f9 quote di mercato nel tuo settore<\/p>\n\t\t<\/div>\n\t\t\t\t\t<\/div>\n\n\t\n\n\t<div id=\"col-129759878\" class=\"col medium-4 small-12 large-6 medium-col-first\"  >\n\t\t\t\t<div class=\"col-inner\"  >\n\t\t\t\n\t\t\t\n\n  <div class=\"banner has-hover\" id=\"banner-2099746442\">\n          <div class=\"banner-inner fill\">\n        <div class=\"banner-bg fill\" >\n            <div class=\"bg fill bg-fill\"><\/div>\n                                    \n                    <\/div>\n\t\t\n        <div class=\"banner-layers container\">\n            <div class=\"fill banner-link\"><\/div>            \n   <div id=\"text-box-63045740\" class=\"text-box banner-layer x50 md-x50 lg-x50 y50 md-y50 lg-y50 res-text\">\n                                <div class=\"text-box-content text dark\">\n              \n              <div class=\"text-inner text-center\">\n                  \n              <\/div>\n           <\/div>\n                            \n<style>\n#text-box-63045740 {\n  width: 60%;\n}\n#text-box-63045740 .text-box-content {\n  font-size: 100%;\n}\n@media (min-width:550px) {\n  #text-box-63045740 {\n    width: 60%;\n  }\n}\n<\/style>\n    <\/div>\n \n        <\/div>\n      <\/div>\n\n            \n<style>\n#banner-2099746442 {\n  padding-top: 99.99%;\n}\n#banner-2099746442 .bg.bg-loaded {\n  background-image: url(https:\/\/i0.wp.com\/jttlogos.com\/wp-content\/uploads\/2020\/05\/about-3.jpg?fit=640%2C426&ssl=1);\n}\n@media (min-width:550px) {\n  #banner-2099746442 {\n    padding-top: 99.99%;\n  }\n}\n<\/style>\n  <\/div>\n\n\n\t\t<\/div>\n\t\t\t\t\t<\/div>\n\n\t\n<\/div>\n\t\t<\/div>\n\t\t\t\t\t<\/div>\n\n\t\n<\/div>\n<div class=\"row align-center\"  id=\"row-664949568\">\n\n\t<div id=\"col-1292702236\" class=\"col medium-11 small-12 large-10\"  >\n\t\t\t\t<div class=\"col-inner\"  >\n\t\t\t\n\t\t\t\n<div class=\"row row-large align-middle\"  id=\"row-752925544\">\n\n\t<div id=\"col-1249802400\" class=\"col medium-4 small-12 large-6\"  >\n\t\t\t\t<div class=\"col-inner\"  >\n\t\t\t\n\t\t\t\n\n  <div class=\"banner has-hover\" id=\"banner-840564367\">\n          <div class=\"banner-inner fill\">\n        <div class=\"banner-bg fill\" >\n            <div class=\"bg fill bg-fill\"><\/div>\n                                    \n                    <\/div>\n\t\t\n        <div class=\"banner-layers container\">\n            <div class=\"fill banner-link\"><\/div>            \n   <div id=\"text-box-505255065\" class=\"text-box banner-layer x50 md-x50 lg-x50 y50 md-y50 lg-y50 res-text\">\n                                <div class=\"text-box-content text dark\">\n              \n              <div class=\"text-inner text-center\">\n                  \n              <\/div>\n           <\/div>\n                            \n<style>\n#text-box-505255065 {\n  width: 60%;\n}\n#text-box-505255065 .text-box-content {\n  font-size: 100%;\n}\n@media (min-width:550px) {\n  #text-box-505255065 {\n    width: 60%;\n  }\n}\n<\/style>\n    <\/div>\n \n        <\/div>\n      <\/div>\n\n            \n<style>\n#banner-840564367 {\n  padding-top: 99.99%;\n}\n#banner-840564367 .bg.bg-loaded {\n  background-image: url(https:\/\/i0.wp.com\/jttlogos.com\/wp-content\/uploads\/2020\/05\/16-scaled.jpg?fit=1020%2C680&ssl=1);\n}\n@media (min-width:550px) {\n  #banner-840564367 {\n    padding-top: 99.99%;\n  }\n}\n<\/style>\n  <\/div>\n\n\n\t\t<\/div>\n\t\t\t\t\t<\/div>\n\n\t\n\n\t<div id=\"col-641664133\" class=\"col medium-8 small-12 large-6\"  >\n\t\t\t\t<div class=\"col-inner\"  >\n\t\t\t\n\t\t\t\n<h3><strong>PERCH\u00c9 SCEGLIERE NOI?<\/strong><\/h3>\n<p>*Prezzo pi\u00f9 competitivo e alta qualit\u00e0<br \/>*Forte team di ricerca e sviluppo e rigoroso sistema di controllo qualit\u00e0<br \/>*Consegna tempestiva<br \/>*Soddisfazione assoluta garantita: ti offriremo il miglior rapporto qualit\u00e0-prezzo senza sprechi<\/p>\n\t\t<\/div>\n\t\t\t\t\t<\/div>\n\n\t\n<\/div>\n<div class=\"row row-large align-middle\"  id=\"row-830950545\">\n\n\t<div id=\"col-1526354493\" class=\"col medium-8 small-12 large-6\"  >\n\t\t\t\t<div class=\"col-inner\"  >\n\t\t\t\n\t\t\t\n<h3><strong>COLLABORA CON NOI<\/strong><\/h3>\n<p>La nostra azienda fornisce ai clienti un servizio di marca di alta qualit\u00e0 basato sulla filosofia di servizio di &quot;sopravvivenza della qualit\u00e0, innovazione per lo sviluppo, integrit\u00e0 come fondamento, unit\u00e0 per forza&quot;. Se avete gli stessi valori fondamentali, ci divertiremo molto a lavorare insieme.<\/p>\n\t\t<\/div>\n\t\t\t\t\t<\/div>\n\n\t\n\n\t<div id=\"col-412761067\" class=\"col medium-4 small-12 large-6 medium-col-first\"  >\n\t\t\t\t<div class=\"col-inner\"  >\n\t\t\t\n\t\t\t\n\n  <div class=\"banner has-hover\" id=\"banner-1005826027\">\n          <div class=\"banner-inner fill\">\n        <div class=\"banner-bg fill\" >\n            <div class=\"bg fill bg-fill\"><\/div>\n                                    \n                    <\/div>\n\t\t\n        <div class=\"banner-layers container\">\n            <div class=\"fill banner-link\"><\/div>            \n   <div id=\"text-box-763168485\" class=\"text-box banner-layer x50 md-x50 lg-x50 y50 md-y50 lg-y50 res-text\">\n                                <div class=\"text-box-content text dark\">\n              \n              <div class=\"text-inner text-center\">\n                  \n              <\/div>\n           <\/div>\n                            \n<style>\n#text-box-763168485 {\n  width: 60%;\n}\n#text-box-763168485 .text-box-content {\n  font-size: 100%;\n}\n@media (min-width:550px) {\n  #text-box-763168485 {\n    width: 60%;\n  }\n}\n<\/style>\n    <\/div>\n \n        <\/div>\n      <\/div>\n\n            \n<style>\n#banner-1005826027 {\n  padding-top: 99.99%;\n}\n#banner-1005826027 .bg.bg-loaded {\n  background-image: url(https:\/\/i0.wp.com\/jttlogos.com\/wp-content\/uploads\/2020\/05\/about-6.jpg?fit=640%2C426&ssl=1);\n}\n@media (min-width:550px) {\n  #banner-1005826027 {\n    padding-top: 99.99%;\n  }\n}\n<\/style>\n  <\/div>\n\n\n\t\t<\/div>\n\t\t\t\t\t<\/div>\n\n\t\n<\/div>\n\t\t<\/div>\n\t\t\t\t\t<\/div>\n\n\t\n<\/div>\n\t\t<\/div>\n\n\t\t\n<style>\n#section_1386304300 {\n  padding-top: 80px;\n  padding-bottom: 80px;\n  background-color: rgb(244, 244, 244);\n}\n<\/style>\n\t<\/section>\n\t\n<div class=\"row align-center\"  id=\"row-2009257055\">\n\n\t<div id=\"col-360394617\" class=\"col small-12 large-12\"  >\n\t\t\t\t<div class=\"col-inner\"  >\n\t\t\t\n\t\t\t\n<div class=\"row\"  id=\"row-1016662057\">\n\n\t<div id=\"col-156057357\" class=\"col small-12 large-12\"  >\n\t\t\t\t<div class=\"col-inner\"  >\n\t\t\t\n\t\t\t\n\t<div class=\"img has-hover x md-x lg-x y md-y lg-y\" id=\"image_1763506524\">\n\t\t\t\t\t\t\t\t<div class=\"img-inner dark\" >\n\t\t\t<img loading=\"lazy\" decoding=\"async\" width=\"800\" height=\"800\" src=\"https:\/\/i0.wp.com\/jttlogos.com\/wp-content\/uploads\/2020\/09\/Working-Environment-1.png?fit=800%2C800&amp;ssl=1\" class=\"attachment-large size-large\" alt=\"\" srcset=\"https:\/\/i0.wp.com\/jttlogos.com\/wp-content\/uploads\/2020\/09\/Working-Environment-1.png?w=3000&amp;ssl=1 3000w, https:\/\/i0.wp.com\/jttlogos.com\/wp-content\/uploads\/2020\/09\/Working-Environment-1.png?resize=100%2C100&amp;ssl=1 100w, https:\/\/i0.wp.com\/jttlogos.com\/wp-content\/uploads\/2020\/09\/Working-Environment-1.png?resize=510%2C510&amp;ssl=1 510w, https:\/\/i0.wp.com\/jttlogos.com\/wp-content\/uploads\/2020\/09\/Working-Environment-1.png?resize=300%2C300&amp;ssl=1 300w, https:\/\/i0.wp.com\/jttlogos.com\/wp-content\/uploads\/2020\/09\/Working-Environment-1.png?resize=1024%2C1024&amp;ssl=1 1024w, https:\/\/i0.wp.com\/jttlogos.com\/wp-content\/uploads\/2020\/09\/Working-Environment-1.png?resize=150%2C150&amp;ssl=1 150w, https:\/\/i0.wp.com\/jttlogos.com\/wp-content\/uploads\/2020\/09\/Working-Environment-1.png?resize=768%2C768&amp;ssl=1 768w, https:\/\/i0.wp.com\/jttlogos.com\/wp-content\/uploads\/2020\/09\/Working-Environment-1.png?resize=1536%2C1536&amp;ssl=1 1536w, https:\/\/i0.wp.com\/jttlogos.com\/wp-content\/uploads\/2020\/09\/Working-Environment-1.png?resize=2048%2C2048&amp;ssl=1 2048w\" sizes=\"auto, (max-width: 800px) 100vw, 800px\" title=\"\">\t\t\t\t\t\t\n\t\t\t\t\t<\/div>\n\t\t\t\t\t\t\t\t\n<style>\n#image_1763506524 {\n  width: 100%;\n}\n<\/style>\n\t<\/div>\n\t\n\t\t<\/div>\n\t\t\t\t\t<\/div>\n\n\t\n<\/div>\n\t\t<\/div>\n\t\t\t\t\t<\/div>\n\n\t\n<\/div>","protected":false},"excerpt":{"rendered":"","protected":false},"author":1,"featured_media":2327,"parent":0,"menu_order":0,"comment_status":"closed","ping_status":"closed","template":"","meta":{"footnotes":""},"class_list":["post-103","page","type-page","status-publish","has-post-thumbnail","hentry"],"jetpack-related-posts":[],"jetpack_sharing_enabled":true,"_links":{"self":[{"href":"https:\/\/jttlogos.com\/it\/wp-json\/wp\/v2\/pages\/103","targetHints":{"allow":["GET"]}}],"collection":[{"href":"https:\/\/jttlogos.com\/it\/wp-json\/wp\/v2\/pages"}],"about":[{"href":"https:\/\/jttlogos.com\/it\/wp-json\/wp\/v2\/types\/page"}],"author":[{"embeddable":true,"href":"https:\/\/jttlogos.com\/it\/wp-json\/wp\/v2\/users\/1"}],"replies":[{"embeddable":true,"href":"https:\/\/jttlogos.com\/it\/wp-json\/wp\/v2\/comments?post=103"}],"version-history":[{"count":0,"href":"https:\/\/jttlogos.com\/it\/wp-json\/wp\/v2\/pages\/103\/revisions"}],"wp:featuredmedia":[{"embeddable":true,"href":"https:\/\/jttlogos.com\/it\/wp-json\/wp\/v2\/media\/2327"}],"wp:attachment":[{"href":"https:\/\/jttlogos.com\/it\/wp-json\/wp\/v2\/media?parent=103"}],"curies":[{"name":"wp","href":"https:\/\/api.w.org\/{rel}","templated":true}]}}