{"id":129,"date":"2018-03-06T11:06:12","date_gmt":"2018-03-06T11:06:12","guid":{"rendered":"https:\/\/xml-io.proteusthemes.com\/woondershop-amazon\/?page_id=129"},"modified":"2024-03-30T09:58:17","modified_gmt":"2024-03-30T09:58:17","slug":"termini-di-restituzione","status":"publish","type":"page","link":"https:\/\/jttlogos.com\/it\/returns-policy\/","title":{"rendered":"Termini di restituzione"},"content":{"rendered":"<div class=\"row\"  id=\"row-1262804807\">\n\n\t<div id=\"col-1259928515\" class=\"col small-12 large-12\"  >\n\t\t\t\t<div class=\"col-inner\"  >\n\t\t\t\n\t\t\t\n<p>Ci\u00f2 dipende dalla strategia con cui ce lo restituisci, supponendo che venga espresso e seguito, il tuo sconto verr\u00e0 gestito entro un massimo di 3 giorni dal ricevimento del prodotto. Uno sconto ordinario richieder\u00e0 fino a 21 giorni, ovvero 14 giorni per il tuo reso e noi che ci occuperemo di un massimo di 7 giorni per avanzare attraverso il quadro di risparmio di denaro. Lo sconto annuller\u00e0 la strategia di rata che hai utilizzato durante l&#039;inserimento della tua richiesta, una volta che avremo fatto la nostra parte riceverai un&#039;e-mail che ti confermer\u00e0 che \u00e8 stata effettuata. Nel caso in cui tu abbia resistito per pi\u00f9 di 14 giorni senza ricevere alcuna email da parte nostra, ti preghiamo di connetterti andando alla scheda &quot;Contattaci&quot; in questa pagina.<\/p>\n\t\t<\/div>\n\t\t\t\t\t<\/div>\n\n\t\n\n\t<div id=\"col-513939939\" class=\"col small-12 large-12\"  >\n\t\t\t\t<div class=\"col-inner\"  >\n\t\t\t\n\t\t\t\n<div class=\"accordion\">\n\t<div id=\"accordion-3680387155\" class=\"accordion-item\">\n\t\t<a id=\"accordion-3680387155-label\" class=\"accordion-title plain\" href=\"#accordion-item-i-am-an-international-customer.-have-you-received-my-return?\" aria-expanded=\"false\" aria-controls=\"accordion-3680387155-content\" >\n\t\t\t<button class=\"toggle\" aria-label=\"Attiva\/Disattiva\"><i class=\"icon-angle-down\"><\/i><\/button>\n\t\t\t<span>Sono un cliente internazionale. Hai ricevuto il mio reso?<\/span>\n\t\t<\/a>\n\t\t<div id=\"accordion-3680387155-content\" class=\"accordion-inner\" aria-labelledby=\"accordion-3680387155-label\" >\n\t\t\t\n<p>Si prega di contattare il nostro staff prima di restituire i prodotti. Una volta che il nostro centro di distribuzione avr\u00e0 ricevuto il tuo reso, ti invieremo un&#039;e-mail. Ci occuperemo della questione entro 5-10 giorni lavorativi. Se hai restituito pi\u00f9 di un ordine nello stesso pacco, attendi fino a 24 ore per l&#039;elaborazione di tutti gli articoli restituiti. Il tempo necessario affinch\u00e9 il tuo pacco ci raggiunga varia a seconda del luogo da cui lo stai restituendo.<\/p>\n\t\t<\/div>\n\t<\/div>\n\t\n\t<div id=\"accordion-2342773587\" class=\"accordion-item\">\n\t\t<a id=\"accordion-2342773587-label\" class=\"accordion-title plain\" href=\"#accordion-item-what-is-your-international-returns-policy?\" aria-expanded=\"false\" aria-controls=\"accordion-2342773587-content\" >\n\t\t\t<button class=\"toggle\" aria-label=\"Attiva\/Disattiva\"><i class=\"icon-angle-down\"><\/i><\/button>\n\t\t\t<span>Qual \u00e8 la vostra politica di restituzione internazionale?<\/span>\n\t\t<\/a>\n\t\t<div id=\"accordion-2342773587-content\" class=\"accordion-inner\" aria-labelledby=\"accordion-2342773587-label\" >\n\t\t\t\n<p>Una volta che il nostro centro di distribuzione avr\u00e0 ricevuto il tuo reso, ti invieremo un&#039;e-mail per informarti che il rimborso \u00e8 stato emesso. Potrebbero essere necessari 5-10 giorni lavorativi affinch\u00e9 i fondi vengano visualizzati sul tuo conto. Se hai restituito pi\u00f9 di un ordine nello stesso pacco, attendi fino a 24 ore per l&#039;elaborazione di tutti gli articoli restituiti. Il tempo necessario affinch\u00e9 il tuo pacco ci raggiunga varia a seconda del luogo da cui lo stai restituendo.<\/p>\n\t\t<\/div>\n\t<\/div>\n\t\n\t<div id=\"accordion-340270472\" class=\"accordion-item\">\n\t\t<a id=\"accordion-340270472-label\" class=\"accordion-title plain\" href=\"#accordion-item-how-can-i-get-a-new-returns-note?\" aria-expanded=\"false\" aria-controls=\"accordion-340270472-content\" >\n\t\t\t<button class=\"toggle\" aria-label=\"Attiva\/Disattiva\"><i class=\"icon-angle-down\"><\/i><\/button>\n\t\t\t<span>Come posso ottenere una nuova nota di reso?<\/span>\n\t\t<\/a>\n\t\t<div id=\"accordion-340270472-content\" class=\"accordion-inner\" aria-labelledby=\"accordion-340270472-label\" >\n\t\t\t\n<p>Una volta che il nostro centro di distribuzione avr\u00e0 ricevuto il tuo reso, ti invieremo un&#039;e-mail per informarti che il rimborso \u00e8 stato emesso. Potrebbero essere necessari 5-10 giorni lavorativi affinch\u00e9 i fondi vengano visualizzati sul tuo conto. Se hai restituito pi\u00f9 di un ordine nello stesso pacco, attendi fino a 24 ore per l&#039;elaborazione di tutti gli articoli restituiti. Il tempo necessario affinch\u00e9 il tuo pacco ci raggiunga varia a seconda del luogo da cui lo stai restituendo.<\/p>\n\t\t<\/div>\n\t<\/div>\n\t\n\t<div id=\"accordion-2363671811\" class=\"accordion-item\">\n\t\t<a id=\"accordion-2363671811-label\" class=\"accordion-title plain\" href=\"#accordion-item-what-should-i-do-if-my-order-hasn&#039;t-been-delivered-yet?\" aria-expanded=\"false\" aria-controls=\"accordion-2363671811-content\" >\n\t\t\t<button class=\"toggle\" aria-label=\"Attiva\/Disattiva\"><i class=\"icon-angle-down\"><\/i><\/button>\n\t\t\t<span>Cosa devo fare se il mio ordine non \u00e8 stato ancora consegnato?<\/span>\n\t\t<\/a>\n\t\t<div id=\"accordion-2363671811-content\" class=\"accordion-inner\" aria-labelledby=\"accordion-2363671811-label\" >\n\t\t\t\n<p>Una volta che il nostro centro di distribuzione avr\u00e0 ricevuto il tuo reso, ti invieremo un&#039;e-mail per informarti che il rimborso \u00e8 stato emesso. Potrebbero essere necessari 5-10 giorni lavorativi affinch\u00e9 i fondi vengano visualizzati sul tuo conto. Se hai restituito pi\u00f9 di un ordine nello stesso pacco, attendi fino a 24 ore per l&#039;elaborazione di tutti gli articoli restituiti. Il tempo necessario affinch\u00e9 il tuo pacco ci raggiunga varia a seconda del luogo da cui lo stai restituendo.<\/p>\n\t\t<\/div>\n\t<\/div>\n\t\n\t<div id=\"accordion-3885140343\" class=\"accordion-item\">\n\t\t<a id=\"accordion-3885140343-label\" class=\"accordion-title plain\" href=\"#accordion-item-i&#039;m-an-international-customer.-how-do-i-return-something-to-you?\" aria-expanded=\"false\" aria-controls=\"accordion-3885140343-content\" >\n\t\t\t<button class=\"toggle\" aria-label=\"Attiva\/Disattiva\"><i class=\"icon-angle-down\"><\/i><\/button>\n\t\t\t<span>Sono un cliente internazionale. Come posso restituirti qualcosa?<\/span>\n\t\t<\/a>\n\t\t<div id=\"accordion-3885140343-content\" class=\"accordion-inner\" aria-labelledby=\"accordion-3885140343-label\" >\n\t\t\t\n<p>Una volta che il nostro centro di distribuzione avr\u00e0 ricevuto il tuo reso, ti invieremo un&#039;e-mail per informarti che il rimborso \u00e8 stato emesso. Potrebbero essere necessari 5-10 giorni lavorativi affinch\u00e9 i fondi vengano visualizzati sul tuo conto. Se hai restituito pi\u00f9 di un ordine nello stesso pacco, attendi fino a 24 ore per l&#039;elaborazione di tutti gli articoli restituiti. Il tempo necessario affinch\u00e9 il tuo pacco ci raggiunga varia a seconda del luogo da cui lo stai restituendo.<\/p>\n\t\t<\/div>\n\t<\/div>\n\t\n<\/div>\n\t\t<\/div>\n\t\t\t\t\t<\/div>\n\n\t\n<\/div>","protected":false},"excerpt":{"rendered":"","protected":false},"author":1,"featured_media":0,"parent":0,"menu_order":0,"comment_status":"closed","ping_status":"closed","template":"page-blank-title-center.php","meta":{"footnotes":""},"class_list":["post-129","page","type-page","status-publish","hentry"],"jetpack-related-posts":[],"jetpack_sharing_enabled":true,"_links":{"self":[{"href":"https:\/\/jttlogos.com\/it\/wp-json\/wp\/v2\/pages\/129","targetHints":{"allow":["GET"]}}],"collection":[{"href":"https:\/\/jttlogos.com\/it\/wp-json\/wp\/v2\/pages"}],"about":[{"href":"https:\/\/jttlogos.com\/it\/wp-json\/wp\/v2\/types\/page"}],"author":[{"embeddable":true,"href":"https:\/\/jttlogos.com\/it\/wp-json\/wp\/v2\/users\/1"}],"replies":[{"embeddable":true,"href":"https:\/\/jttlogos.com\/it\/wp-json\/wp\/v2\/comments?post=129"}],"version-history":[{"count":0,"href":"https:\/\/jttlogos.com\/it\/wp-json\/wp\/v2\/pages\/129\/revisions"}],"wp:attachment":[{"href":"https:\/\/jttlogos.com\/it\/wp-json\/wp\/v2\/media?parent=129"}],"curies":[{"name":"wp","href":"https:\/\/api.w.org\/{rel}","templated":true}]}}