{"id":2176,"date":"2020-05-04T11:49:26","date_gmt":"2020-05-04T11:49:26","guid":{"rendered":"https:\/\/jttlogos.com\/?page_id=2176"},"modified":"2024-03-30T09:53:35","modified_gmt":"2024-03-30T09:53:35","slug":"come-acquistare-i-campioni","status":"publish","type":"page","link":"https:\/\/jttlogos.com\/it\/how-to-buy-samples\/","title":{"rendered":"Come acquistare i campioni?"},"content":{"rendered":"<div id=\"pl-2176\" class=\"panel-layout\">\n<div id=\"pg-2176-0\" class=\"panel-grid panel-no-style\">\n<div id=\"pgc-2176-0-0\" class=\"panel-grid-cell\" data-weight=\"1\">\n<div id=\"panel-2176-0-0-0\" class=\"so-panel widget widget_sow-editor panel-first-child panel-last-child\" data-index=\"0\" data-style=\"{&quot;background_image_attachment&quot;:false,&quot;background_display&quot;:&quot;tile&quot;}\">\n<div class=\"so-widget-sow-editor so-widget-sow-editor-base\">\n<div class=\"siteorigin-widget-tinymce textwidget\">\n<p>Se il cliente desidera un campione simile per vedere la qualit\u00e0 e testarlo, \u00e8 gratuito.<\/p>\n<p>Tuttavia, il cliente deve pagare una tariffa del corriere di circa 15-20 USD. Se il cliente ha un conto tramite corriere come DHL, il conto del cliente pu\u00f2 essere utilizzato direttamente, ma potrebbe essere superiore al nostro prezzo (15-20 USD), ma sar\u00e0 pi\u00f9 veloce. Se inviamo il campione, ci vorranno circa 5-7 giorni per arrivare a te.<\/p>\n<p>Vi preghiamo di contattarci per maggiori dettagli.<\/p>\n<p>E-mail: <a href=\"mailto:shirlyn@jttlogo.net\" data-abc=\"true\">shirlyn@jttlogo.net<\/a><br \/>WhatsApp: +86 13244758861<\/p>\n<p>\u00a0<\/p>\n<\/div>\n<\/div>\n<\/div>\n<\/div>\n<\/div>\n<\/div>","protected":false},"excerpt":{"rendered":"<p>If the customer wants a similar sample to see the quality and test, it is free. However, the customer needs to pay a courier fee of about 15-20usd. If the customer has a courier account such as DHL, the customer&#8217;s account can be used directly, but it may be higher than our price (15-20usd), but [&#8230;]\n","protected":false},"author":1,"featured_media":0,"parent":0,"menu_order":0,"comment_status":"closed","ping_status":"closed","template":"page-blank-title-center.php","meta":{"footnotes":""},"class_list":["post-2176","page","type-page","status-publish","hentry"],"jetpack-related-posts":[],"jetpack_sharing_enabled":true,"_links":{"self":[{"href":"https:\/\/jttlogos.com\/it\/wp-json\/wp\/v2\/pages\/2176","targetHints":{"allow":["GET"]}}],"collection":[{"href":"https:\/\/jttlogos.com\/it\/wp-json\/wp\/v2\/pages"}],"about":[{"href":"https:\/\/jttlogos.com\/it\/wp-json\/wp\/v2\/types\/page"}],"author":[{"embeddable":true,"href":"https:\/\/jttlogos.com\/it\/wp-json\/wp\/v2\/users\/1"}],"replies":[{"embeddable":true,"href":"https:\/\/jttlogos.com\/it\/wp-json\/wp\/v2\/comments?post=2176"}],"version-history":[{"count":0,"href":"https:\/\/jttlogos.com\/it\/wp-json\/wp\/v2\/pages\/2176\/revisions"}],"wp:attachment":[{"href":"https:\/\/jttlogos.com\/it\/wp-json\/wp\/v2\/media?parent=2176"}],"curies":[{"name":"wp","href":"https:\/\/api.w.org\/{rel}","templated":true}]}}