{"id":2179,"date":"2020-05-04T11:53:35","date_gmt":"2020-05-04T11:53:35","guid":{"rendered":"https:\/\/jttlogos.com\/?page_id=2179"},"modified":"2024-03-30T09:52:12","modified_gmt":"2024-03-30T09:52:12","slug":"come-effettuare-un-ordine","status":"publish","type":"page","link":"https:\/\/jttlogos.com\/it\/how-to-place-an-order\/","title":{"rendered":"Come effettuare un ordine?"},"content":{"rendered":"<div id=\"pl-2179\"  class=\"panel-layout\" >\n<div id=\"pg-2179-0\"  class=\"panel-grid panel-no-style\" >\n<div id=\"pgc-2179-0-0\"  class=\"panel-grid-cell\"  data-weight=\"1\" >\n<div id=\"panel-2179-0-0-0\" class=\"so-panel widget widget_sow-editor panel-first-child panel-last-child\" data-index=\"0\" data-style=\"{&quot;background_image_attachment&quot;:false,&quot;background_display&quot;:&quot;tile&quot;}\" >\n<div class=\"so-widget-sow-editor so-widget-sow-editor-base\">\n<div class=\"siteorigin-widget-tinymce textwidget\">\n<p>1. Inviaci un&#039;e-mail con i dettagli del prodotto, come design, dimensioni, quantit\u00e0, ecc. In caso di emergenza, puoi anche chiamarci o chattare con noi su WhatsApp.<\/p>\n<p>2. Ti forniremo un preventivo dopo aver confermato i dettagli del prodotto.<\/p>\n<p>3. Se il prezzo \u00e8 giusto, possiamo iniziare a realizzare il campione, che richieder\u00e0 circa 3-7 giorni, quindi ti verr\u00e0 consegnato in 5-7 giorni. Se necessario, possiamo inviarti la foto per conferma prima della spedizione. In caso di problemi, lo modificheremo prima della spedizione, puoi stare tranquillo.<\/p>\n<p>4. Quando ricevi il campione, controlla il design e la qualit\u00e0. Se tutto va bene, possiamo iniziare la produzione di massa. Creeremo PI per te e potrai pagare 30% come deposito.<\/p>\n<p>5. Una volta terminata la produzione, scattaremo delle foto e ti invieremo un video per la conferma. E pagamento del saldo 70% prima della spedizione.<\/p>\n<\/div>\n<\/div>\n<\/div>\n<\/div>\n<\/div>\n<\/div>","protected":false},"excerpt":{"rendered":"<p>1. Please email us your product details, such as design, size, quantity, etc. If there is an emergency, you can also call us or chat with us on WhatsApp. 2. We will give you a quotation after confirming the product details. 3. If the price is right, we can start to make the sample, which [&#8230;]\n","protected":false},"author":1,"featured_media":0,"parent":0,"menu_order":0,"comment_status":"closed","ping_status":"closed","template":"page-blank-title-center.php","meta":{"footnotes":""},"class_list":["post-2179","page","type-page","status-publish","hentry"],"jetpack-related-posts":[],"jetpack_sharing_enabled":true,"_links":{"self":[{"href":"https:\/\/jttlogos.com\/it\/wp-json\/wp\/v2\/pages\/2179","targetHints":{"allow":["GET"]}}],"collection":[{"href":"https:\/\/jttlogos.com\/it\/wp-json\/wp\/v2\/pages"}],"about":[{"href":"https:\/\/jttlogos.com\/it\/wp-json\/wp\/v2\/types\/page"}],"author":[{"embeddable":true,"href":"https:\/\/jttlogos.com\/it\/wp-json\/wp\/v2\/users\/1"}],"replies":[{"embeddable":true,"href":"https:\/\/jttlogos.com\/it\/wp-json\/wp\/v2\/comments?post=2179"}],"version-history":[{"count":0,"href":"https:\/\/jttlogos.com\/it\/wp-json\/wp\/v2\/pages\/2179\/revisions"}],"wp:attachment":[{"href":"https:\/\/jttlogos.com\/it\/wp-json\/wp\/v2\/media?parent=2179"}],"curies":[{"name":"wp","href":"https:\/\/api.w.org\/{rel}","templated":true}]}}