{"id":3232,"date":"2020-05-18T08:35:25","date_gmt":"2020-05-18T08:35:25","guid":{"rendered":"https:\/\/jttlogos.com\/?post_type=product&#038;p=3232"},"modified":"2026-04-16T01:02:31","modified_gmt":"2026-04-16T01:02:31","slug":"custom-electroplated-thin-small-metal-letters-nickel-sticker-for-your-own-logo-electrical-label-for-automobiles-leather-wood-glass","status":"publish","type":"product","link":"https:\/\/jttlogos.com\/it\/prodotto\/adesivo-in-nichel-con-piccole-lettere-metalliche-sottili-elettrolitiche-personalizzato-per-il-tuo-logo-etichetta-elettrica-per-automobili-pelle-legno-vetro\/","title":{"rendered":"Adesivi personalizzati con logo in metallo nichel elettrolitico e sottili lettere in metallo 3D"},"content":{"rendered":"<article style=\"font-family: Arial, sans-serif; line-height: 1.6; color: #333; max-width: 100%; margin: 0 auto; padding: 20px;\">\n<section style=\"margin-bottom: 30px;\">\n<h2 style=\"color: #0056b3; font-size: 28px; border-bottom: 2px solid #0056b3; padding-bottom: 10px; margin-bottom: 20px;\">Adesivo personalizzato in nichel con piccole lettere metalliche sottili elettrolitiche per il tuo logo<\/h2>\n<p style=\"font-size: 16px; margin-bottom: 15px;\">Migliora l'identit\u00e0 visiva del tuo marchio con il nostro premio <strong>Adesivo personalizzato in nichel con piccole lettere metalliche sottili elettrolitiche<\/strong>. A <strong>JTT Precision Metal Co., Ltd (<a style=\"color: #0056b3; text-decoration: none;\" href=\"https:\/\/jttlogos.com\/it\/\">jttlogos.com<\/a>)<\/strong>, portiamo sul tavolo oltre 20 anni di esperienza nella produzione dedicata, specializzati in soluzioni di branding in metallo su misura. Se hai bisogno di dettagli complessi <a style=\"color: #0056b3; text-decoration: underline;\" href=\"https:\/\/jttlogos.com\/it\/categoria-di-prodotto\/adesivo-in-metallo-nichelato\/\">Adesivi in metallo nichel<\/a>, robusti adesivi con logo in metallo in acciaio inossidabile o straordinari adesivi con logo in metallo 3D, la nostra vasta esperienza nella fabbricazione garantisce che la tua identit\u00e0 aziendale sia rappresentata con assoluta precisione ed eleganza.<\/p>\n<p style=\"font-size: 16px; margin-bottom: 15px;\">Progettati per fungere da etichetta elettrica di fascia alta o da emblema decorativo, questi adesivi trasferibili in metallo ultrasottili si integrano perfettamente in varie superfici del prodotto. Dagli eleganti dispositivi elettronici ed elettrodomestici alla pelle testurizzata, al legno naturale e al vetro liscio, le nostre etichette autoadesive in metallo offrono un aspetto impeccabile e integrato. Sfruttiamo tecniche di galvanica all'avanguardia per realizzare decalcomanie in nichel 100% che non sono solo visivamente sbalorditive ma anche altamente durevoli e resistenti all'usura ambientale.<\/p>\n<\/section>\n<p><!-- First Call to Action --><\/p>\n<div style=\"background: linear-gradient(135deg, #0056b3, #004494); color: #ffffff; padding: 25px; border-radius: 8px; text-align: center; margin: 30px 0; box-shadow: 0 4px 6px rgba(0,0,0,0.1);\">\n<h3 style=\"margin: 0 0 10px 0; font-size: 24px; color: #ffffff;\">Pronto ad aggiornare il packaging del tuo marchio?<\/h3>\n<p style=\"margin: 0 0 15px 0; font-size: 16px;\">Contatta oggi stesso i nostri specialisti di produzione per richiedere un campione di pre-produzione e ottenere un preventivo personalizzato basato sulla tua opera d'arte unica.<\/p>\n<p style=\"margin: 0; font-size: 18px; font-weight: bold;\"><a href=\"https:\/\/jttlogos.com\/it\/contattaci\/\">Invia i tuoi file AI, PDF o CAD per iniziare!<\/a><\/p>\n<\/div>\n<p><!-- Technical Specifications Table --><\/p>\n<section style=\"margin-bottom: 40px;\"><iframe loading=\"lazy\" title=\"Ticker adesivi personalizzati in metallo nichel per confezioni regalo di prodotti elettronici\" width=\"1020\" height=\"574\" src=\"https:\/\/www.youtube.com\/embed\/PUIpqWuShTk?feature=oembed\" frameborder=\"0\" allow=\"accelerometer; autoplay; clipboard-write; encrypted-media; gyroscope; picture-in-picture; web-share\" referrerpolicy=\"strict-origin-when-cross-origin\" allowfullscreen><\/iframe><\/p>\n<h2><img data-recalc-dims=\"1\" decoding=\"async\" class=\"alignnone wp-image-1418 size-full\" src=\"https:\/\/i0.wp.com\/jttlogos.com\/wp-content\/uploads\/2020\/05\/Packing-Box-Metal-Sticker-51.jpg?resize=600%2C450&#038;ssl=1\" alt=\"Adesivo in nichel con lettere metalliche sottili e piccole, elettrolitico personalizzato\" width=\"600\" height=\"450\" title=\"\"><\/h2>\n<h2 style=\"color: #0056b3; font-size: 24px; margin-bottom: 20px;\">Specifiche complete del prodotto<\/h2>\n<p style=\"font-size: 16px; margin-bottom: 15px;\">Trasparenza e precisione tecnica sono i cardini della nostra operativit\u00e0. Di seguito \u00e8 riportata un'analisi dettagliata delle specifiche per le nostre targhe personalizzate elettrolitiche di marca, garantendoti di disporre di tutti i dati necessari per prendere una decisione informata sull'approvvigionamento.<\/p>\n<table style=\"width: 100%; border-collapse: collapse; margin-bottom: 20px; font-size: 15px; box-shadow: 0 2px 5px rgba(0,0,0,0.05);\">\n<tbody>\n<tr style=\"background-color: #f8f9fa; border-bottom: 1px solid #e9ecef;\">\n<td style=\"padding: 15px; font-weight: bold; width: 30%; border: 1px solid #dee2e6;\">Articolo del prodotto<\/td>\n<td style=\"padding: 15px; border: 1px solid #dee2e6;\"><a style=\"color: #0056b3; text-decoration: none;\" href=\"https:\/\/jttlogos.com\/it\/categoria-di-prodotto\/adesivo-in-metallo-nichelato\/\">Adesivo in metallo nichelato<\/a> \/Decalcomanie personalizzate con logo in metallo<\/td>\n<\/tr>\n<tr style=\"background-color: #ffffff; border-bottom: 1px solid #e9ecef;\">\n<td style=\"padding: 15px; font-weight: bold; border: 1px solid #dee2e6;\">Materiale principale<\/td>\n<td style=\"padding: 15px; border: 1px solid #dee2e6;\">Metallo premium, nichel puro 100%<\/td>\n<\/tr>\n<tr style=\"background-color: #f8f9fa; border-bottom: 1px solid #e9ecef;\">\n<td style=\"padding: 15px; font-weight: bold; border: 1px solid #dee2e6;\">Tecnica di fabbricazione<\/td>\n<td style=\"padding: 15px; border: 1px solid #dee2e6;\">Galvanotecnica avanzata<\/td>\n<\/tr>\n<tr style=\"background-color: #ffffff; border-bottom: 1px solid #e9ecef;\">\n<td style=\"padding: 15px; font-weight: bold; border: 1px solid #dee2e6;\">Intervallo di spessore<\/td>\n<td style=\"padding: 15px; border: 1px solid #dee2e6;\">Profilo ultrasottile: 0,045 mm \u2013 0,12 mm<\/td>\n<\/tr>\n<tr style=\"background-color: #f8f9fa; border-bottom: 1px solid #e9ecef;\">\n<td style=\"padding: 15px; font-weight: bold; border: 1px solid #dee2e6;\">Dimensioni e colore<\/td>\n<td style=\"padding: 15px; border: 1px solid #dee2e6;\">Completamente personalizzato per qualsiasi dimensione, forma complessa e colore pantone\/metallico<\/td>\n<\/tr>\n<tr style=\"background-color: #ffffff; border-bottom: 1px solid #e9ecef;\">\n<td style=\"padding: 15px; font-weight: bold; border: 1px solid #dee2e6;\">Opzioni adesive (colla)<\/td>\n<td style=\"padding: 15px; border: 1px solid #dee2e6;\">Adesivo 3M, colla hot-melt 3M, autoadesivo biadesivo premium<\/td>\n<\/tr>\n<tr style=\"background-color: #f8f9fa; border-bottom: 1px solid #e9ecef;\">\n<td style=\"padding: 15px; font-weight: bold; border: 1px solid #dee2e6;\">Certificazioni di settore<\/td>\n<td style=\"padding: 15px; border: 1px solid #dee2e6;\">SGS, ROHS, MSDS (garantendo la conformit\u00e0 ambientale e di sicurezza)<\/td>\n<\/tr>\n<tr style=\"background-color: #ffffff; border-bottom: 1px solid #e9ecef;\">\n<td style=\"padding: 15px; font-weight: bold; border: 1px solid #dee2e6;\">Formati di grafica accettati<\/td>\n<td style=\"padding: 15px; border: 1px solid #dee2e6;\">Preferibili file vettoriali: AI, PDF, CDR, CAD o altri formati scalabili<\/td>\n<\/tr>\n<tr style=\"background-color: #f8f9fa; border-bottom: 1px solid #e9ecef;\">\n<td style=\"padding: 15px; font-weight: bold; border: 1px solid #dee2e6;\">Protezione dell'imballaggio<\/td>\n<td style=\"padding: 15px; border: 1px solid #dee2e6;\">Fissato singolarmente in sacchetti protettivi OPP per evitare graffi<\/td>\n<\/tr>\n<\/tbody>\n<\/table>\n<\/section>\n<p><!-- Deep Dive into Features & Applications --><\/p>\n<section style=\"margin-bottom: 40px;\">\n<h2 style=\"color: #0056b3; font-size: 24px; margin-bottom: 20px;\">Qualit\u00e0 senza pari e applicazioni versatili<\/h2>\n<h3 style=\"color: #333; font-size: 20px; margin-top: 20px; margin-bottom: 10px;\">Il potere della tecnica galvanica<\/h3>\n<p style=\"font-size: 16px; margin-bottom: 15px;\">Il segreto dietro l'aspetto sorprendente delle nostre decalcomanie con logo in metallo personalizzato risiede nel nostro raffinato processo di galvanica. Manipolando il nichel 100% a livello molecolare, creiamo scritte metalliche su misura che vantano uno spessore incredibilmente preciso che va da soli 0,045 mm fino a 0,12 mm. Questo profilo ultrasottile fa s\u00ec che, una volta applicato, il distintivo in nichel galvanico appaia quasi perfettamente integrato nella superficie del tuo prodotto, imitando l'aspetto dello stampaggio diretto del metallo o della serigrafia di fascia alta, ma con una lussuosa lucentezza metallica 3D.<\/p>\n<h3 style=\"color: #333; font-size: 20px; margin-top: 20px; margin-bottom: 10px;\">Adesione superiore per superfici diverse<\/h3>\n<p style=\"font-size: 16px; margin-bottom: 15px;\">Un adesivo in metallo di alta qualit\u00e0 \u00e8 valido quanto il suo adesivo. Utilizziamo autentico <strong>Adesivo 3M, colla hot melt 3M e robusto biadesivo<\/strong> supporti per garantire un'applicazione di lunga durata. Che i tuoi prodotti presentino superfici lisce e non porose o esterni strutturati, i nostri adesivi sono formulati per aderire in modo sicuro. Ci\u00f2 rende i nostri adesivi a trasferimento metallico sottile altamente efficaci per applicazioni su materiali difficili come:<\/p>\n<ul style=\"font-size: 16px; margin-bottom: 20px; padding-left: 20px; list-style-type: square;\">\n<li style=\"margin-bottom: 8px;\"><strong>Automobili e macchinari:<\/strong> Resiste alle variazioni di temperatura e alle vibrazioni.<\/li>\n<li style=\"margin-bottom: 8px;\"><strong>Pelle vera e sintetica:<\/strong> Ideale per borse di lusso, portafogli e interni automobilistici di alta qualit\u00e0.<\/li>\n<li style=\"margin-bottom: 8px;\"><strong>Legno naturale:<\/strong> Perfetto per mobili su misura, umidificatori personalizzati e confezioni regalo di lusso.<\/li>\n<li style=\"margin-bottom: 8px;\"><strong>Vetro e acrilico:<\/strong> Creazione di un sofisticato effetto logo fluttuante per packaging ed espositori di cosmetici.<\/li>\n<\/ul>\n<h3 style=\"color: #333; font-size: 20px; margin-top: 20px; margin-bottom: 10px;\">Ampio utilizzo nel settore<\/h3>\n<p style=\"font-size: 16px; margin-bottom: 15px;\">La nostra base di clienti abbraccia diversi settori globali. Le varianti delle etichette elettriche sono ampiamente utilizzate nei telefoni cellulari, nelle custodie dei telefoni cellulari, negli elettrodomestici e in vari prodotti elettronici. Le propriet\u00e0 anticorrosive dei nostri adesivi in \u200b\u200bnichel garantiscono che non si appannino se esposti alla manipolazione quotidiana, rendendoli la scelta definitiva per il branding dell'elettronica di consumo.<\/p>\n<\/section>\n<p><!-- Knowledge Point Box --><\/p>\n<div style=\"background-color: #f0f8ff; border-left: 6px solid #0056b3; padding: 20px; margin: 30px 0; border-radius: 0 8px 8px 0;\">\n<h3 style=\"margin-top: 0; color: #0056b3; font-size: 20px;\">\ud83d\udca1 Conoscenza del settore: perch\u00e9 scegliere il nichel 100% per gli adesivi con logo in metallo?<\/h3>\n<p style=\"margin-bottom: 0; font-size: 15px; color: #444;\">Il nichel \u00e8 molto apprezzato nella realizzazione di marchi personalizzati grazie alla sua eccezionale malleabilit\u00e0 e resistenza alla corrosione. Durante il processo di galvanica, gli ioni di nichel vengono depositati su uno stampo conduttivo, consentendo livelli microscopici di dettaglio che il tradizionale stampaggio dei metalli semplicemente non pu\u00f2 raggiungere. Ci\u00f2 si traduce in bordi ultra nitidi, superfici perfettamente lisce e la capacit\u00e0 di replicare lettere metalliche incredibilmente complesse, sottili e piccole senza perdita di fedelt\u00e0. Inoltre, il nichel puro \u00e8 altamente compatibile con i successivi processi di colorazione, consentendo di ottenere finiture brillanti in oro, argento, cromo o anche Pantone personalizzate.<\/p>\n<\/div>\n<p><!-- E-E-A-T and Trust Assurances Section --><\/p>\n<section style=\"margin-bottom: 40px;\">\n<h2 style=\"color: #0056b3; font-size: 24px; margin-bottom: 20px;\">JTT Precision Metal Co., Ltd: due decenni di eccellenza nella produzione<\/h2>\n<p style=\"font-size: 16px; margin-bottom: 15px;\">La fiducia nella produzione deriva da una comprovata esperienza. Con oltre 20 anni nel settore, JTT Precision Metal Co., Ltd ha imparato l'arte di produrre soluzioni di etichettatura metallica di fascia alta. I nostri impianti di produzione seguono rigorosi protocolli di controllo qualit\u00e0 dall'ispezione iniziale delle materie prime alla fase di confezionamento finale.<\/p>\n<p style=\"font-size: 16px; margin-bottom: 15px;\"><strong>Certificazioni autorevoli:<\/strong> Siamo orgogliosi di gestire una struttura conforme e rispettosa dell'ambiente. I nostri prodotti sono validi <strong>Certificazioni SGS, ROHS e MSDS<\/strong>. Ci\u00f2 significa che le nostre piccole lettere metalliche sottili elettroplaccate personalizzate non contengono sostanze pericolose, garantendo che siano perfettamente sicure per l'elettronica di consumo, le applicazioni a contatto con la pelle (come le custodie dei telefoni cellulari) e l'esportazione globale.<\/p>\n<p style=\"font-size: 16px; margin-bottom: 15px;\"><strong>Transazioni sicure e trasparenti:<\/strong> Comprendiamo l'importanza della sicurezza finanziaria nelle transazioni B2B. Per garantire la massima tranquillit\u00e0 ai nostri clienti globali, offriamo un'ampia gamma di termini di pagamento altamente sicuri. Sia che tu preferisca <strong>Ordini di Alibaba Trade Assurance, pagamento con carta di credito, Paypal, bonifico bancario, Western Union, L\/C o T\/T standard (30% come deposito e saldo prima della consegna)<\/strong>, soddisfiamo perfettamente le vostre esigenze di approvvigionamento.<\/p>\n<\/section>\n<p><!-- Order Process & Shipping --><\/p>\n<section style=\"margin-bottom: 40px;\">\n<h2 style=\"color: #0056b3; font-size: 24px; margin-bottom: 20px;\">Flusso di produzione efficiente e spedizione globale<\/h2>\n<p style=\"font-size: 16px; margin-bottom: 15px;\">Abbiamo ottimizzato il nostro flusso di lavoro per supportare sia la prototipazione rapida che la produzione di massa su larga scala. Una volta inviata la grafica vettoriale (AI, PDF, CDR o CAD), il nostro team tecnico esaminer\u00e0 il progetto per verificarne la fattibilit\u00e0.<\/p>\n<ul style=\"font-size: 16px; margin-bottom: 20px; padding-left: 20px; list-style-type: disc;\">\n<li style=\"margin-bottom: 10px;\"><strong>Campionamento rapido:<\/strong> Possiamo spedire i nostri campioni di riferimento esistenti in appena <strong>1 giorno<\/strong>. Se hai bisogno di un campione personalizzato modellato esattamente sul design del tuo logo, il nostro processo di consegna veloce garantisce che sia pronto <strong>3-5 giorni<\/strong>.<\/li>\n<li style=\"margin-bottom: 10px;\"><strong>Produzione di massa:<\/strong> Le tempistiche di produzione sono altamente efficienti, con tempi di consegna esatti che dipendono dalla quantit\u00e0 specifica dell'ordine e dalla complessit\u00e0 del progetto. Accettiamo con orgoglio volumi di ordini flessibili per supportare aziende di tutte le dimensioni.<\/li>\n<li style=\"margin-bottom: 10px;\"><strong>Imballaggio professionale:<\/strong> Ogni adesivo in nichel metallico viene accuratamente posizionato in un sacchetto protettivo OPP, proteggendo la superficie metallica lucida da polvere e attrito durante il trasporto.<\/li>\n<li style=\"margin-bottom: 10px;\"><strong>Logistica globale:<\/strong> Collaboriamo con fornitori logistici di alto livello. A seconda dell'urgenza e del budget, le spedizioni possono essere indirizzate <strong>via mare, via aerea, tramite DHL, tramite UPS o altri servizi di corriere espresso<\/strong>.<\/li>\n<\/ul>\n<\/section>\n<p><!-- Second Call to Action --><\/p>\n<div style=\"background-color: #fdfaf6; border: 2px dashed #d4a373; padding: 25px; border-radius: 8px; text-align: center; margin: 30px 0;\">\n<h3 style=\"margin: 0 0 10px 0; font-size: 22px; color: #333;\"><a href=\"https:\/\/wa.me\/8613510608415\" target=\"_blank\" rel=\"noopener\">Hai bisogno di assistenza con la tua opera d'arte?<\/a><\/h3>\n<p style=\"margin: 0 0 15px 0; font-size: 16px; color: #555;\">Il nostro team di produzione esperto pu\u00f2 aiutarti a verificare se i tuoi file AI, PDF o CAD sono perfettamente ottimizzati per il processo di produzione galvanica.<\/p>\n<p style=\"margin: 0; font-size: 16px; font-weight: bold; color: #0056b3;\">Contatta Alibaba, PayPal o Richiesta diretta per avviare la conversazione!<\/p>\n<\/div>\n<p><!-- Frequently Asked Questions (FAQ) --><\/p>\n<section style=\"margin-bottom: 40px;\">\n<h2 style=\"color: #0056b3; font-size: 24px; margin-bottom: 20px;\">Domande frequenti (FAQ)<\/h2>\n<div style=\"border: 1px solid #e1e1e1; margin-bottom: 15px; padding: 18px; border-radius: 6px; background-color: #fcfcfc; box-shadow: 0 1px 3px rgba(0,0,0,0.04);\">\n<h3 style=\"margin-top: 0; margin-bottom: 8px; font-size: 18px; color: #222;\">1. Quali superfici sono adatte per le etichette metalliche adesive 3M?<\/h3>\n<p style=\"margin: 0; font-size: 15px; color: #555;\">I nostri adesivi in \u200b\u200bmetallo utilizzano adesivo 3M di alta qualit\u00e0, colla a caldo 3M o autoadesivo biadesivo, il che li rende incredibilmente versatili. Aderiscono fortemente a superfici lisce e semistrutturate, tra cui telefoni cellulari, elettrodomestici, involucri di prodotti elettronici, pelle di lusso, legno, vetro e cruscotti di automobili.<\/p>\n<\/div>\n<div style=\"border: 1px solid #e1e1e1; margin-bottom: 15px; padding: 18px; border-radius: 6px; background-color: #fcfcfc; box-shadow: 0 1px 3px rgba(0,0,0,0.04);\">\n<h3 style=\"margin-top: 0; margin-bottom: 8px; font-size: 18px; color: #222;\">2. Quanto tempo ci vuole per produrre un campione personalizzato del mio logo?<\/h3>\n<p style=\"margin: 0; font-size: 15px; color: #555;\">Se desideri valutare prima la nostra qualit\u00e0, possiamo inviare i campioni esistenti entro 1 giorno. Per un campione personalizzato con il tuo design specifico, i tempi di consegna rapidi sono in genere di 3-5 giorni. Il tempo di produzione di massa dipende dalla quantit\u00e0 complessiva dell'ordine.<\/p>\n<\/div>\n<div style=\"border: 1px solid #e1e1e1; margin-bottom: 15px; padding: 18px; border-radius: 6px; background-color: #fcfcfc; box-shadow: 0 1px 3px rgba(0,0,0,0.04);\">\n<h3 style=\"margin-top: 0; margin-bottom: 8px; font-size: 18px; color: #222;\">3. Quali formati di grafica accettate per le targhe di marca elettrolitiche personalizzate?<\/h3>\n<p style=\"margin: 0; font-size: 15px; color: #555;\">Per garantire la massima precisione durante il processo di galvanica, abbiamo bisogno di grafica vettoriale. Invia i tuoi progetti nei formati AI, PDF, CDR o CAD. Se disponi di un altro formato vettoriale, il nostro team di prestampa solitamente \u00e8 in grado di adattarlo.<\/p>\n<\/div>\n<div style=\"border: 1px solid #e1e1e1; margin-bottom: 15px; padding: 18px; border-radius: 6px; background-color: #fcfcfc; box-shadow: 0 1px 3px rgba(0,0,0,0.04);\">\n<h3 style=\"margin-top: 0; margin-bottom: 8px; font-size: 18px; color: #222;\">4. I vostri adesivi in \u200b\u200bmetallo nichel sono conformi all'ambiente?<\/h3>\n<p style=\"margin: 0; font-size: 15px; color: #555;\">S\u00ec, assolutamente. Tutti i nostri adesivi e adesivi in \u200b\u200bnichel sono dotati di rigorose certificazioni SGS, ROHS e MSDS, a conferma che soddisfano rigorosi standard internazionali di sicurezza ambientale e sanitaria.<\/p>\n<\/div>\n<div style=\"border: 1px solid #e1e1e1; margin-bottom: 15px; padding: 18px; border-radius: 6px; background-color: #fcfcfc; box-shadow: 0 1px 3px rgba(0,0,0,0.04);\">\n<h3 style=\"margin-top: 0; margin-bottom: 8px; font-size: 18px; color: #222;\">5. Quali sono i termini di pagamento per avviare un ordine di produzione di massa?<\/h3>\n<p style=\"margin: 0; font-size: 15px; color: #555;\">Per gli ordini standard, accettiamo T\/T con un deposito 30% in anticipo e il saldo residuo pagato prima della consegna. Supportiamo inoltre pi\u00f9 canali sicuri tra cui Alibaba Trade Assurance, carta di credito, PayPal, Western Union e L\/C per soddisfare le vostre politiche di acquisto aziendali.<\/p>\n<\/div>\n<\/section>\n<\/article>","protected":false},"excerpt":{"rendered":"<p>Scopri le piccole lettere in metallo sottile elettrolitico personalizzato e gli adesivi in \u200b\u200bnichel di alta qualit\u00e0 presso JTT Precision Metal. 100% nichel puro, ultrasottile (0,045-0,12 mm) e rinforzato con un forte adesivo 3M. Ideale per il branding di dispositivi elettronici, automobili, pelle, legno e vetro. Certificazione SGS e ROHS con oltre 20 anni di esperienza nella produzione. Richiedi un preventivo personalizzato oggi!<\/p>","protected":false},"featured_media":3212,"comment_status":"open","ping_status":"closed","template":"","meta":[],"product_brand":[],"product_cat":[48],"product_tag":[],"class_list":{"0":"post-3232","1":"product","2":"type-product","3":"status-publish","4":"has-post-thumbnail","6":"product_cat-nickel-metal-sticker","8":"first","9":"instock","10":"shipping-taxable","11":"product-type-simple"},"jetpack-related-posts":[],"jetpack_sharing_enabled":true,"_links":{"self":[{"href":"https:\/\/jttlogos.com\/it\/wp-json\/wp\/v2\/product\/3232","targetHints":{"allow":["GET"]}}],"collection":[{"href":"https:\/\/jttlogos.com\/it\/wp-json\/wp\/v2\/product"}],"about":[{"href":"https:\/\/jttlogos.com\/it\/wp-json\/wp\/v2\/types\/product"}],"replies":[{"embeddable":true,"href":"https:\/\/jttlogos.com\/it\/wp-json\/wp\/v2\/comments?post=3232"}],"wp:featuredmedia":[{"embeddable":true,"href":"https:\/\/jttlogos.com\/it\/wp-json\/wp\/v2\/media\/3212"}],"wp:attachment":[{"href":"https:\/\/jttlogos.com\/it\/wp-json\/wp\/v2\/media?parent=3232"}],"wp:term":[{"taxonomy":"product_brand","embeddable":true,"href":"https:\/\/jttlogos.com\/it\/wp-json\/wp\/v2\/product_brand?post=3232"},{"taxonomy":"product_cat","embeddable":true,"href":"https:\/\/jttlogos.com\/it\/wp-json\/wp\/v2\/product_cat?post=3232"},{"taxonomy":"product_tag","embeddable":true,"href":"https:\/\/jttlogos.com\/it\/wp-json\/wp\/v2\/product_tag?post=3232"}],"curies":[{"name":"wp","href":"https:\/\/api.w.org\/{rel}","templated":true}]}}