{"id":4132,"date":"2020-06-30T07:05:23","date_gmt":"2020-06-30T07:05:23","guid":{"rendered":"https:\/\/jttlogos.com\/?post_type=product&#038;p=4132"},"modified":"2026-04-18T09:19:32","modified_gmt":"2026-04-18T09:19:32","slug":"custom-electroforming-nickel-sticker-embossed-logo-stickers-glossy-metal-label-sticker-for-phone-case","status":"publish","type":"product","link":"https:\/\/jttlogos.com\/it\/prodotto\/adesivo-personalizzato-in-nichel-per-elettroformatura-adesivi-con-logo-in-rilievo-etichetta-adesiva-in-metallo-lucido-per-custodia-del-telefono\/","title":{"rendered":"Adesivi personalizzati con logo in rilievo in metallo nichel Etichetta di marca 3D lucida con adesivo 3M per custodie per telefoni ed elettronica"},"content":{"rendered":"<article style=\"font-family: 'Segoe UI', Roboto, Helvetica, Arial, sans-serif; line-height: 1.6; color: #333; max-width: 100%; margin: 0 auto; padding: 20px;\"><!-- Original Visuals Retained Here --><\/p>\n<div style=\"text-align: center; margin-bottom: 30px; padding: 20px; background-color: #f9f9f9; border: 1px dashed #ccc; border-radius: 8px;\">\n<p><iframe loading=\"lazy\" title=\"Etichetta personalizzata con targhetta in metallo, adesivi in nichel con forte adesivo con colla adesiva 3M per macchina\" width=\"1020\" height=\"765\" src=\"https:\/\/www.youtube.com\/embed\/I6YmF8QiPag?feature=oembed\" frameborder=\"0\" allow=\"accelerometer; autoplay; clipboard-write; encrypted-media; gyroscope; picture-in-picture; web-share\" referrerpolicy=\"strict-origin-when-cross-origin\" allowfullscreen><\/iframe><\/p>\n<\/div>\n<p><!-- Introduction & E-E-A-T Foundation --><\/p>\n<h2 style=\"color: #2c3e50; border-bottom: 2px solid #3498db; padding-bottom: 8px; margin-top: 0;\">Adesivo personalizzato premium in nichel Adesivi con logo in rilievo ed etichette in metallo lucido<\/h2>\n<p style=\"font-size: 1.05rem;\">Elevate your brand\u2019s visual identity with our top-tier <strong>adesivi personalizzati con logo in metallo nichel<\/strong>. Progettati specificamente per sofisticate applicazioni di branding, questi <strong>etichette adesive in metallo lucido per custodie per telefoni<\/strong>, l'elettronica e l'imballaggio premium offrono un'estetica senza pari. A <a style=\"color: #3498db; text-decoration: none; font-weight: bold;\" href=\"https:\/\/jttlogos.com\/it\/\">JTT Precision Metal Co., Ltd.<\/a>, portiamo in ogni progetto oltre 20 anni di esperienza pratica nella produzione nel settore degli adesivi metallici. Che tu stia cercando adesivi con logo in metallo 3D, etichette metalliche su misura o badge in metallo autoadesivi, il nostro impianto di produzione specializzato offre soluzioni realizzate con precisione che fanno risaltare il tuo logo.<\/p>\n<p style=\"font-size: 1.05rem;\">La nostra vasta esperienza garantisce che ogni <strong>adesivo di trasferimento in metallo<\/strong> \u00e8 realizzato secondo specifiche esatte. Utilizziamo una tecnica di galvanica avanzata per creare etichette in nichel 100% ultrasottili e altamente resistenti. Questi adesivi in \u200b\u200bmetallo in rilievo forniscono un lussuoso effetto 3D in rilievo pur mantenendo un profilo sottile di soli 0,045-0,12 mm, rendendoli ideali per un'integrazione perfetta su telefoni cellulari, elettrodomestici e componenti automobilistici.<\/p>\n<p><!-- Call to Action Banner --><\/p>\n<div style=\"background: linear-gradient(135deg, #1e3c72 0%, #2a5298 100%); color: #ffffff; padding: 30px; border-radius: 10px; text-align: center; margin: 30px 0; box-shadow: 0 4px 15px rgba(0,0,0,0.1);\">\n<h3 style=\"margin-top: 0; font-size: 1.5rem; color: #ffffff;\">Ready to Upgrade Your Product Branding?<\/h3>\n<p style=\"font-size: 1.1rem; margin-bottom: 20px;\">Ottieni un preventivo personalizzato completo in base alla tua grafica specifica, alla scelta dei materiali e al volume dell'ordine.<\/p>\n<p><a style=\"display: inline-block; background-color: #ff9900; color: #ffffff; padding: 12px 30px; font-weight: bold; text-decoration: none; border-radius: 5px; text-transform: uppercase; letter-spacing: 1px;\" href=\"https:\/\/jttlogos.com\/it\/contattaci\/\">Richiedi un preventivo personalizzato oggi stesso<\/a><\/p>\n<\/div>\n<p><!-- Technical Specifications Table --><\/p>\n<h2 style=\"color: #2c3e50; border-bottom: 2px solid #3498db; padding-bottom: 8px; margin-top: 40px;\">Specifiche di produzione dettagliate<\/h2>\n<p>Siamo orgogliosi della trasparenza tecnica. Il nostro completo <strong>Adesivo 3D in nichel<\/strong> i parametri di produzione consentono la massima personalizzazione, garantendo che il logo del tuo marchio si allinei perfettamente con la superficie e i requisiti di design del tuo prodotto.<\/p>\n<div style=\"overflow-x: auto; margin-top: 20px;\">\n<table style=\"width: 100%; border-collapse: collapse; font-size: 0.95rem; box-shadow: 0 2px 10px rgba(0,0,0,0.05); background-color: #ffffff;\">\n<thead>\n<tr>\n<th style=\"background-color: #34495e; color: #ffffff; padding: 15px; text-align: left; border: 1px solid #2c3e50; width: 25%;\">Specifica<\/th>\n<th style=\"background-color: #34495e; color: #ffffff; padding: 15px; text-align: left; border: 1px solid #2c3e50;\">Dettagli e funzionalit\u00e0<\/th>\n<\/tr>\n<\/thead>\n<tbody>\n<tr>\n<td style=\"padding: 12px 15px; border: 1px solid #e0e0e0; font-weight: bold; background-color: #f8fcfd;\">Articolo del prodotto<\/td>\n<td style=\"padding: 12px 15px; border: 1px solid #e0e0e0;\"><a style=\"color: #3498db; text-decoration: none;\" href=\"https:\/\/jttlogos.com\/it\/categoria-di-prodotto\/adesivo-in-metallo-nichelato\/\">Adesivi in metallo nichel<\/a> \/ Etichette in metallo lucido<\/td>\n<\/tr>\n<tr>\n<td style=\"padding: 12px 15px; border: 1px solid #e0e0e0; font-weight: bold;\">Materiale principale<\/td>\n<td style=\"padding: 12px 15px; border: 1px solid #e0e0e0;\">Metallo premium, nichel 100% per lucentezza e durata superiori<\/td>\n<\/tr>\n<tr>\n<td style=\"padding: 12px 15px; border: 1px solid #e0e0e0; font-weight: bold; background-color: #f8fcfd;\">Tecnica di produzione<\/td>\n<td style=\"padding: 12px 15px; border: 1px solid #e0e0e0;\">Galvanotecnica avanzata<\/td>\n<\/tr>\n<tr>\n<td style=\"padding: 12px 15px; border: 1px solid #e0e0e0; font-weight: bold;\">Profile Thickness<\/td>\n<td style=\"padding: 12px 15px; border: 1px solid #e0e0e0;\">0,045 mm \u2013 0,12 mm (da ultrasottile a perfetta integrazione)<\/td>\n<\/tr>\n<tr>\n<td style=\"padding: 12px 15px; border: 1px solid #e0e0e0; font-weight: bold; background-color: #f8fcfd;\">Dimensioni e colore<\/td>\n<td style=\"padding: 12px 15px; border: 1px solid #e0e0e0;\">Completamente personalizzato per qualsiasi dimensione, forma personalizzata e corrispondenza dei colori specifica del marchio<\/td>\n<\/tr>\n<tr>\n<td style=\"padding: 12px 15px; border: 1px solid #e0e0e0; font-weight: bold;\">Soluzioni adesive<\/td>\n<td style=\"padding: 12px 15px; border: 1px solid #e0e0e0;\">Adesivo standard 3M, colla hot-melt 3M, autoadesivo biadesivo premium<\/td>\n<\/tr>\n<tr>\n<td style=\"padding: 12px 15px; border: 1px solid #e0e0e0; font-weight: bold; background-color: #f8fcfd;\">Utilizzo primario<\/td>\n<td style=\"padding: 12px 15px; border: 1px solid #e0e0e0;\">Mobile phones, mobile phone cases, household appliances, electronic products, packaging gift boxes, automobiles, machinery, and more<\/td>\n<\/tr>\n<tr>\n<td style=\"padding: 12px 15px; border: 1px solid #e0e0e0; font-weight: bold;\">Certificazioni di settore<\/td>\n<td style=\"padding: 12px 15px; border: 1px solid #e0e0e0;\">SGS, ROHS, MSDS (materiali sicuri e rispettosi dell'ambiente)<\/td>\n<\/tr>\n<tr>\n<td style=\"padding: 12px 15px; border: 1px solid #e0e0e0; font-weight: bold; background-color: #f8fcfd;\">Formati delle opere d'arte<\/td>\n<td style=\"padding: 12px 15px; border: 1px solid #e0e0e0;\">File vettoriali richiesti: AI, PDF, CDR, CAD o formati simili ad alta risoluzione<\/td>\n<\/tr>\n<\/tbody>\n<\/table>\n<\/div>\n<p><!-- Adhesion & Technical Details (Expertise) --><\/p>\n<h2 style=\"color: #2c3e50; border-bottom: 2px solid #3498db; padding-bottom: 8px; margin-top: 40px;\">Adesione e resilienza ambientale senza pari<\/h2>\n<p>Una qualit\u00e0 elevata <strong>decalcomania personalizzata con logo in metallo<\/strong> \u00e8 buono quanto il supporto adesivo che utilizza. Forniamo adesivi 3M autentici per garantire che il tuo <strong>decalcomanie metalliche in rilievo<\/strong> rimanere saldamente in posizione per tutta la vita del prodotto. A seconda del substrato, \u00e8 possibile scegliere tra:<\/p>\n<ul style=\"list-style-type: square; padding-left: 20px; line-height: 1.8;\">\n<li><strong>Adesivo 3M standard:<\/strong> Ideale per superfici lisce e dure come custodie per telefoni in policarbonato, vetro e plastica lucida. Fornisce un incollaggio istantaneo e ad alta aderenza.<\/li>\n<li><strong>3M Hot-Melt Glue:<\/strong> Specificamente formulato per superfici strutturate, custodie in pelle per telefoni o tessuti dove gli adesivi tradizionali potrebbero avere difficolt\u00e0. Offre una penetrazione profonda nei pori superficiali per una presa sicura.<\/li>\n<li><strong>Autoadesivo biadesivo:<\/strong> Un'opzione altamente versatile e facile da staccare, adatta per linee di applicazione di massa, badge per macchinari e assemblaggio automatizzato.<\/li>\n<\/ul>\n<p>Oltre alla forte adesione, la nostra composizione di nichel 100% fornisce resistenza intrinseca all'usura quotidiana. La tecnica di galvanica crea una superficie brillante e resistente ai graffi che mantiene la sua lucentezza metallica lucida anche dopo un'esposizione prolungata alla manipolazione, alla luce UV e a condizioni ambientali variabili.<\/p>\n<p><!-- Applications & Use Cases --><\/p>\n<h2 style=\"color: #2c3e50; border-bottom: 2px solid #3498db; padding-bottom: 8px; margin-top: 40px;\">Applicazioni industriali versatili per etichette metalliche<\/h2>\n<p>Nostro <strong>adesivi transfer metallici personalizzati<\/strong> godono della fiducia di marchi globali in diversi settori. Il design ultrasottile (0,045-0,12 mm) fa s\u00ec che il logo sembri incorporato nativamente nel prodotto anzich\u00e9 semplicemente incollato.<\/p>\n<div style=\"display: flex; flex-wrap: wrap; gap: 20px; margin-top: 20px;\">\n<div style=\"flex: 1 1 calc(50% - 20px); background: #f8f9fa; border: 1px solid #e9ecef; border-radius: 8px; padding: 20px; box-sizing: border-box;\">\n<h3 style=\"color: #e67e22; margin-top: 0;\">\ud83d\udcf1 Telefoni cellulari e custodie<\/h3>\n<p style=\"margin-bottom: 0;\">Crea un'estetica premium per <strong>loghi in metallo della custodia del telefono<\/strong>. Il profilo sottile assicura che il dispositivo scivoli facilmente nelle tasche senza che il logo si impigli, mentre la finitura lucida aggiunge lusso.<\/p>\n<\/div>\n<div style=\"flex: 1 1 calc(50% - 20px); background: #f8f9fa; border: 1px solid #e9ecef; border-radius: 8px; padding: 20px; box-sizing: border-box;\">\n<h3 style=\"color: #e67e22; margin-top: 0;\">\ud83d\udcbb Prodotti elettronici<\/h3>\n<p style=\"margin-bottom: 0;\">Dai laptop alle apparecchiature audio, il nostro <strong>electronic product metal tags<\/strong> offrono una resistenza al calore superiore e aderiscono fortemente sia all'alluminio che alla plastica ABS.<\/p>\n<\/div>\n<div style=\"flex: 1 1 calc(50% - 20px); background: #f8f9fa; border: 1px solid #e9ecef; border-radius: 8px; padding: 20px; box-sizing: border-box;\">\n<h3 style=\"color: #e67e22; margin-top: 0;\">\ud83c\udf81 Packaging &amp; Gift Boxes<\/h3>\n<p style=\"margin-bottom: 0;\">Trasforma scatole di cartone o rigide standard in esperienze di vendita al dettaglio di fascia alta. <strong>Loghi di packaging personalizzati<\/strong> aumentare significativamente il valore percepito dei tuoi beni di lusso.<\/p>\n<\/div>\n<div style=\"flex: 1 1 calc(50% - 20px); background: #f8f9fa; border: 1px solid #e9ecef; border-radius: 8px; padding: 20px; box-sizing: border-box;\">\n<h3 style=\"color: #e67e22; margin-top: 0;\">\ud83d\ude97 Automotive e macchinari<\/h3>\n<p style=\"margin-bottom: 0;\">Costruite per resistere ad ambienti difficili, le nostre targhette con logo in metallo vengono utilizzate per badge interni automobilistici, branding sul cruscotto e identificazione di macchinari pesanti.<\/p>\n<\/div>\n<\/div>\n<p><!-- Trust & Quality Control Workflow --><\/p>\n<h2 style=\"color: #2c3e50; border-bottom: 2px solid #3498db; padding-bottom: 8px; margin-top: 40px;\">Rigorosa garanzia di qualit\u00e0 e flusso di lavoro degli ordini<\/h2>\n<p>Oltre due decenni di attivit\u00e0 nel settore ci hanno permesso di perfezionare il nostro processo produttivo. Manteniamo un rigoroso controllo di qualit\u00e0 in ogni fase, dalla revisione della grafica alla spedizione finale. Perch\u00e9 questi sono personalizzati <strong>distintivi metallici autoadesivi<\/strong>, ogni lotto viene sottoposto a ispezioni visive, test di trazione dell'adesivo e convalide delle finiture per garantire la conformit\u00e0 alle nostre certificazioni SGS, ROHS e MSDS.<\/p>\n<ul style=\"list-style-type: disc; padding-left: 20px; line-height: 1.8;\">\n<li><strong>Campionamento rapido:<\/strong> Possiamo fornire campioni esistenti come riferimento in soli <strong>1 giorno<\/strong>. Per i prototipi personalizzati con la tua grafica specifica, \u00e8 necessaria solo la produzione di campioni con consegna rapida <strong>3-5 giorni<\/strong>.<\/li>\n<li><strong>Produzione di massa:<\/strong> I tempi di consegna per la produzione di massa sono adattati alla quantit\u00e0 dell'ordine, garantendo un'efficienza scalabile senza compromettere i dettagli meticolosi della vostra <strong>targhette logo in metallo<\/strong>.<\/li>\n<li><strong>Imballaggio sicuro:<\/strong> Ogni ordine viene accuratamente imballato in sacchetti protettivi OPP per evitare attriti, ossidazioni o graffi durante il trasporto.<\/li>\n<\/ul>\n<p><!-- Shipping and Payment Details --><\/p>\n<h2 style=\"color: #2c3e50; border-bottom: 2px solid #3498db; padding-bottom: 8px; margin-top: 40px;\">Spedizioni globali e pagamenti flessibili e sicuri<\/h2>\n<p>Siamo un fornitore globale B2B di <strong>produzione di etichette adesive in nichel<\/strong>, impegnata a rendere il tuo processo di acquisto il pi\u00f9 agevole e sicuro possibile. Offriamo ampie opzioni logistiche e di pagamento per accogliere clienti aziendali internazionali.<\/p>\n<div style=\"background-color: #eef2f5; padding: 20px; border-radius: 8px; border-left: 4px solid #2ecc71; margin-bottom: 30px;\">\n<h3 style=\"margin-top: 0; color: #2c3e50; font-size: 1.2rem;\">Logistica e logistica<\/h3>\n<p><strong>Metodi di spedizione:<\/strong> Collaboriamo con le principali reti logistiche. La tua merce pu\u00f2 essere spedita via mare, via aerea o tramite corrieri espressi prioritari compresi <strong>DHL, UPS e FedEx<\/strong> per una rapida portata globale.<\/p>\n<p style=\"margin-bottom: 0;\"><strong>Termini di pagamento:<\/strong> I termini standard sono <strong>T\/T 30% come deposito<\/strong> per avviare la produzione, con il saldo residuo dovuto prima della consegna. Accettiamo un'ampia gamma di metodi di pagamento sicuri, tra cui: <em>Pagamento con carta di credito, PayPal, bonifico bancario, Western Union, L\/C, T\/T e ordini Alibaba Trade Assurance.<\/em><\/p>\n<\/div>\n<p><!-- CSS-Beautified Knowledge Point --><\/p>\n<div style=\"border: 1px solid #ffcc00; background-color: #fffdf5; padding: 25px; border-radius: 8px; margin: 40px 0; box-shadow: 0 4px 6px rgba(0,0,0,0.05);\">\n<h3 style=\"color: #b8860b; margin-top: 0; display: flex; align-items: center; font-size: 1.3rem;\"><span style=\"font-size: 1.8rem; margin-right: 10px;\">\ud83d\udca1<\/span> Punto informativo: massimizzare la durata dei tuoi adesivi in \u200b\u200bmetallo<\/h3>\n<p>Per garantire il tuo <strong>adesivi personalizzati in metallo nichelato<\/strong> ottenere la massima adesione, la preparazione della superficie \u00e8 fondamentale. Assicurati sempre che la superficie di applicazione (che si tratti della custodia del cellulare o di una confezione regalo) sia completamente priva di polvere, oli o umidit\u00e0. Utilizzare una salvietta imbevuta di alcol per pulire l'area prima dell'applicazione. Una volta applicato, esercitare una pressione decisa e uniforme su tutta la superficie del <strong>etichetta in metallo lucido<\/strong> per circa 10-15 secondi. Per gli adesivi 3M standard, la forza di adesione ottimale viene generalmente raggiunta dopo 24 ore a temperatura ambiente. Una corretta applicazione previene il sollevamento dei bordi e garantisce un aspetto permanente e professionale della finitura di fabbrica.<\/p>\n<\/div>\n<p><!-- Interactive FAQ Section --><\/p>\n<h2 style=\"color: #2c3e50; border-bottom: 2px solid #3498db; padding-bottom: 8px; margin-top: 40px;\">Domande frequenti (FAQ)<\/h2>\n<p>Trova risposte rapide sul nostro <strong>premium phone case metal branding<\/strong> soluzioni e processo di ordinazione di seguito.<\/p>\n<div style=\"margin-top: 20px;\">\n<details style=\"margin-bottom: 12px; border: 1px solid #dcdde1; border-radius: 6px; background-color: #ffffff;\" open=\"open\">\n<summary style=\"padding: 16px; font-weight: bold; font-size: 1.05rem; background-color: #f5f6fa; cursor: pointer; outline: none; border-radius: 6px;\">Quanto tempo ci vuole per produrre campioni di logo in metallo personalizzati?<\/summary>\n<div style=\"padding: 16px; border-top: 1px solid #dcdde1; color: #444;\">We offer rapid prototyping. If you need our existing samples for quality reference, we can dispatch them in 1 day. For custom samples featuring your unique artwork and specifications, the production time is typically a fast 3-5 days.<\/div>\n<\/details>\n<details style=\"margin-bottom: 12px; border: 1px solid #dcdde1; border-radius: 6px; background-color: #ffffff;\" open=\"open\">\n<summary style=\"padding: 16px; font-weight: bold; font-size: 1.05rem; background-color: #f5f6fa; cursor: pointer; outline: none; border-radius: 6px;\">Quali formati di file accettate per i progetti di logo personalizzati?<\/summary>\n<div style=\"padding: 16px; border-top: 1px solid #dcdde1; color: #444;\">Per ottenere la massima precisione nel nostro processo di galvanica, abbiamo bisogno di grafica vettoriale. Fornisci i tuoi file in formato AI, PDF, CDR, CAD o formati vettoriali simili. I file ad alta risoluzione garantiscono bordi nitidi e puliti sulle tue etichette metalliche personalizzate.<\/div>\n<\/details>\n<details style=\"margin-bottom: 12px; border: 1px solid #dcdde1; border-radius: 6px; background-color: #ffffff;\" open=\"open\">\n<summary style=\"padding: 16px; font-weight: bold; font-size: 1.05rem; background-color: #f5f6fa; cursor: pointer; outline: none; border-radius: 6px;\">I tuoi adesivi a trasferimento metallico sono sicuri per l'ambiente?<\/summary>\n<div style=\"padding: 16px; border-top: 1px solid #dcdde1; color: #444;\">S\u00cc. Il nostro processo di produzione e le risultanti etichette in nichel 100% sono dotati di rigorose certificazioni SGS, ROHS e MSDS. Ci\u00f2 garantisce che i nostri prodotti siano privi di sostanze pericolose e soddisfino gli standard internazionali di conformit\u00e0 ambientale e di sicurezza.<\/div>\n<\/details>\n<details style=\"margin-bottom: 12px; border: 1px solid #dcdde1; border-radius: 6px; background-color: #ffffff;\" open=\"open\">\n<summary style=\"padding: 16px; font-weight: bold; font-size: 1.05rem; background-color: #f5f6fa; cursor: pointer; outline: none; border-radius: 6px;\">Posso scegliere il colore e lo spessore del mio adesivo?<\/summary>\n<div style=\"padding: 16px; border-top: 1px solid #dcdde1; color: #444;\">Assolutamente. Siamo specializzati in soluzioni altamente personalizzate. Puoi dettare la dimensione, la forma e il colore esatti. Inoltre, lo spessore pu\u00f2 essere regolato tra 0,045 mm e 0,12 mm a seconda che sia necessaria un'integrazione a filo o un effetto in rilievo 3D pi\u00f9 pronunciato.<\/div>\n<\/details>\n<\/div>\n<p><!-- Final CTA Area --><\/p>\n<div id=\"quote\" style=\"margin-top: 50px; padding: 40px; background-color: #f4f7f6; border-top: 4px solid #3498db; text-align: center; border-radius: 0 0 8px 8px;\">\n<h2 style=\"margin-top: 0; color: #2c3e50;\">Collabora oggi stesso con esperti del settore<\/h2>\n<p style=\"max-width: 700px; margin: 0 auto 20px auto; color: #555; font-size: 1.1rem;\">Pronto a valorizzare il tuo imballaggio o i tuoi dispositivi elettronici con etichette metalliche lucide di alta qualit\u00e0? Il nostro team di JTT Precision Metal \u00e8 pronto a rivedere i tuoi file CAD\/AI e fornire un preventivo competitivo basato sul volume. Contattaci per richiedere documenti di certificazione, guide alle specifiche digitali o i tuoi campioni iniziali.<\/p>\n<p><a style=\"display: inline-block; background-color: #3498db; color: #ffffff; padding: 15px 40px; font-size: 1.1rem; font-weight: bold; text-decoration: none; border-radius: 30px; transition: background-color 0.3s ease;\" href=\"https:\/\/jttlogos.com\/it\/contattaci\/\">Contattaci per il tuo preventivo personalizzato<\/a><\/p>\n<p style=\"margin-top: 15px; font-size: 0.9rem; color: #777;\">Pagamento sicuro tramite Alibaba Trade Assurance, PayPal e altro ancora.<\/p>\n<\/div>\n<\/article>\n<p><!-- SEO Description Below the Article (as requested) --><\/p>\n<div style=\"margin-top: 30px; padding: 15px; background: #eee; font-family: sans-serif; font-size: 14px; color: #333; border-left: 4px solid #888;\"><strong>Descrizione SEO:<\/strong><\/div>","protected":false},"excerpt":{"rendered":"<p>Adesivi premium personalizzati con logo in metallo nichel ed etichette lucide in rilievo per custodie del telefono. Nichel 100%, robusta adesione 3M e design su misura, SGS\/MSDS\/ROHS. Richiedi un preventivo a JTT Logos!<\/p>","protected":false},"featured_media":2703,"comment_status":"open","ping_status":"closed","template":"","meta":[],"product_brand":[],"product_cat":[48],"product_tag":[],"class_list":{"0":"post-4132","1":"product","2":"type-product","3":"status-publish","4":"has-post-thumbnail","6":"product_cat-nickel-metal-sticker","8":"first","9":"instock","10":"shipping-taxable","11":"product-type-simple"},"jetpack-related-posts":[],"jetpack_sharing_enabled":true,"_links":{"self":[{"href":"https:\/\/jttlogos.com\/it\/wp-json\/wp\/v2\/product\/4132","targetHints":{"allow":["GET"]}}],"collection":[{"href":"https:\/\/jttlogos.com\/it\/wp-json\/wp\/v2\/product"}],"about":[{"href":"https:\/\/jttlogos.com\/it\/wp-json\/wp\/v2\/types\/product"}],"replies":[{"embeddable":true,"href":"https:\/\/jttlogos.com\/it\/wp-json\/wp\/v2\/comments?post=4132"}],"wp:featuredmedia":[{"embeddable":true,"href":"https:\/\/jttlogos.com\/it\/wp-json\/wp\/v2\/media\/2703"}],"wp:attachment":[{"href":"https:\/\/jttlogos.com\/it\/wp-json\/wp\/v2\/media?parent=4132"}],"wp:term":[{"taxonomy":"product_brand","embeddable":true,"href":"https:\/\/jttlogos.com\/it\/wp-json\/wp\/v2\/product_brand?post=4132"},{"taxonomy":"product_cat","embeddable":true,"href":"https:\/\/jttlogos.com\/it\/wp-json\/wp\/v2\/product_cat?post=4132"},{"taxonomy":"product_tag","embeddable":true,"href":"https:\/\/jttlogos.com\/it\/wp-json\/wp\/v2\/product_tag?post=4132"}],"curies":[{"name":"wp","href":"https:\/\/api.w.org\/{rel}","templated":true}]}}